{"id":9372,"date":"2025-07-03T14:18:32","date_gmt":"2025-07-03T13:18:32","guid":{"rendered":"https:\/\/lda.be\/?post_type=product&#038;p=9372"},"modified":"2025-07-03T14:21:43","modified_gmt":"2025-07-03T13:21:43","slug":"p5600-surge-protector","status":"publish","type":"product","link":"https:\/\/lda.be\/en\/product\/p5600-surge-protector\/","title":{"rendered":"P5600 &#8211; surge protector"},"content":{"rendered":"<p>La s\u00e9rie Canfield P5600 est une gamme de connecteurs compacts pour \u00e9lectrovannes con\u00e7us conform\u00e9ment \u00e0 la norme EN175301-803 (anciennement DIN 43650). Ces micro-connecteurs de protection conviennent parfaitement aux applications industrielles exigeantes o\u00f9 se produisent des vibrations, des pics de tension ou de l&#8217;humidit\u00e9. Les connecteurs sont enti\u00e8rement moul\u00e9s, \u00e9quip\u00e9s d&#8217;une d\u00e9charge de traction et disponibles dans diff\u00e9rentes formes de bo\u00eetiers, y compris ISO et MINI, avec des versions PG9, PG11 ou pour conduits.<\/p>\n<p>La s\u00e9rie P5600 est disponible avec une suppression de tension interne et une indication par LED en option. Selon le type choisi, le connecteur contient une diode, une diode Zener, un MOV, un transorb ou un r\u00e9seau RC. Cela permet d&#8217;att\u00e9nuer efficacement les pointes de tension inductives et d&#8217;offrir une protection suppl\u00e9mentaire aux bobines, aux commutateurs et aux alimentations. La diode \u00e9lectroluminescente indique clairement que la vanne est sous tension.<\/p>\n<p>Avec une capacit\u00e9 de courant maximale de 10 A et une plage de tension allant jusqu&#8217;\u00e0 240 V CA ou 120 V CC, le P5600 s&#8217;adapte parfaitement \u00e0 une vari\u00e9t\u00e9 d&#8217;applications telles que la pneumatique, l&#8217;hydraulique, l&#8217;automatisation des processus et la technologie mobile. Le connecteur est livr\u00e9 avec une vis, une rondelle et un joint pour un montage direct.<\/p>\n<p>Vous voulez savoir quelle version correspond \u00e0 votre application ? Demandez d\u00e8s aujourd&#8217;hui un devis \u00e0 LDA Belgium et choisissez la bonne combinaison pour votre vanne et votre alimentation.<\/p>\n","protected":false},"excerpt":{"rendered":"<p>La s\u00e9rie Canfield P5600 est une gamme de connecteurs compacts pour \u00e9lectrovannes con\u00e7us conform\u00e9ment \u00e0 la norme EN175301-803 (anciennement DIN 43650). Ces micro-connecteurs de protection conviennent parfaitement aux applications industrielles exigeantes o\u00f9 se produisent des vibrations, des pics de tension ou de l&#8217;humidit\u00e9. Les connecteurs sont enti\u00e8rement moul\u00e9s, \u00e9quip\u00e9s d&#8217;une d\u00e9charge de traction et disponibles [&hellip;]<\/p>\n","protected":false},"featured_media":9366,"comment_status":"closed","ping_status":"closed","template":"","meta":[],"product_brand":[1610],"product_cat":[720,721,1606],"product_tag":[],"class_list":{"0":"post-9372","1":"product","2":"type-product","3":"status-publish","4":"has-post-thumbnail","6":"product_brand-canfield","7":"product_cat-connectors-and-cables","8":"product_cat-connectors-connectors-en-cables","9":"product_cat-industrial-connectors-type-a-b-c-and-micro","11":"first","12":"instock","13":"shipping-taxable","14":"product-type-simple"},"yoast_head":"<!-- This site is optimized with the Yoast SEO plugin v27.3 - https:\/\/yoast.com\/product\/yoast-seo-wordpress\/ -->\n<title>P5600 - surge protector - LDA Belgium<\/title>\n<meta name=\"description\" content=\"Canfield P5600 DIN\/ISO and MINI solenoid valve connector with MOV, LED, diode or transorb, IP65, up to 240 V, max. 10 A. LDA Belgium\" \/>\n<meta name=\"robots\" content=\"index, follow, max-snippet:-1, max-image-preview:large, max-video-preview:-1\" \/>\n<link rel=\"canonical\" href=\"https:\/\/lda.be\/en\/product\/p5600-surge-protector\/\" \/>\n<meta property=\"og:locale\" content=\"en_US\" \/>\n<meta property=\"og:type\" content=\"article\" \/>\n<meta property=\"og:title\" content=\"P5600 - surge protector - LDA Belgium\" \/>\n<meta property=\"og:description\" content=\"Canfield P5600 DIN\/ISO and MINI solenoid valve connector with MOV, LED, diode or transorb, IP65, up to 240 V, max. 10 A. LDA Belgium\" \/>\n<meta property=\"og:url\" content=\"https:\/\/lda.be\/en\/product\/p5600-surge-protector\/\" \/>\n<meta property=\"og:site_name\" content=\"LDA Belgium\" \/>\n<meta property=\"article:modified_time\" content=\"2025-07-03T13:21:43+00:00\" \/>\n<meta property=\"og:image\" content=\"https:\/\/lda.be\/wp-content\/uploads\/2025\/07\/p65000-supp.webp\" \/>\n\t<meta property=\"og:image:width\" content=\"800\" \/>\n\t<meta property=\"og:image:height\" content=\"800\" \/>\n\t<meta property=\"og:image:type\" content=\"image\/webp\" \/>\n<meta name=\"twitter:card\" content=\"summary_large_image\" \/>\n<meta name=\"twitter:label1\" content=\"Est. reading time\" \/>\n\t<meta name=\"twitter:data1\" content=\"2 minutes\" \/>\n<script type=\"application\/ld+json\" class=\"yoast-schema-graph\">{\"@context\":\"https:\\\/\\\/schema.org\",\"@graph\":[{\"@type\":\"WebPage\",\"@id\":\"https:\\\/\\\/lda.be\\\/en\\\/product\\\/p5600-surge-protector\\\/\",\"url\":\"https:\\\/\\\/lda.be\\\/en\\\/product\\\/p5600-surge-protector\\\/\",\"name\":\"P5600 - surge protector - LDA Belgium\",\"isPartOf\":{\"@id\":\"https:\\\/\\\/lda.be\\\/en\\\/#website\"},\"primaryImageOfPage\":{\"@id\":\"https:\\\/\\\/lda.be\\\/en\\\/product\\\/p5600-surge-protector\\\/#primaryimage\"},\"image\":{\"@id\":\"https:\\\/\\\/lda.be\\\/en\\\/product\\\/p5600-surge-protector\\\/#primaryimage\"},\"thumbnailUrl\":\"https:\\\/\\\/lda.be\\\/wp-content\\\/uploads\\\/2025\\\/07\\\/p65000-supp.webp\",\"datePublished\":\"2025-07-03T13:18:32+00:00\",\"dateModified\":\"2025-07-03T13:21:43+00:00\",\"description\":\"Canfield P5600 DIN\\\/ISO and MINI solenoid valve connector with MOV, LED, diode or transorb, IP65, up to 240 V, max. 10 A. LDA Belgium\",\"breadcrumb\":{\"@id\":\"https:\\\/\\\/lda.be\\\/en\\\/product\\\/p5600-surge-protector\\\/#breadcrumb\"},\"inLanguage\":\"en-US\",\"potentialAction\":[{\"@type\":\"ReadAction\",\"target\":[\"https:\\\/\\\/lda.be\\\/en\\\/product\\\/p5600-surge-protector\\\/\"]}]},{\"@type\":\"ImageObject\",\"inLanguage\":\"en-US\",\"@id\":\"https:\\\/\\\/lda.be\\\/en\\\/product\\\/p5600-surge-protector\\\/#primaryimage\",\"url\":\"https:\\\/\\\/lda.be\\\/wp-content\\\/uploads\\\/2025\\\/07\\\/p65000-supp.webp\",\"contentUrl\":\"https:\\\/\\\/lda.be\\\/wp-content\\\/uploads\\\/2025\\\/07\\\/p65000-supp.webp\",\"width\":800,\"height\":800,\"caption\":\"Canfield p6500\"},{\"@type\":\"BreadcrumbList\",\"@id\":\"https:\\\/\\\/lda.be\\\/en\\\/product\\\/p5600-surge-protector\\\/#breadcrumb\",\"itemListElement\":[{\"@type\":\"ListItem\",\"position\":1,\"name\":\"Home\",\"item\":\"https:\\\/\\\/lda.be\\\/en\\\/\"},{\"@type\":\"ListItem\",\"position\":2,\"name\":\"Products\",\"item\":\"https:\\\/\\\/lda.be\\\/en\\\/products\\\/\"},{\"@type\":\"ListItem\",\"position\":3,\"name\":\"P5600 &#8211; surge protector\"}]},{\"@type\":\"WebSite\",\"@id\":\"https:\\\/\\\/lda.be\\\/en\\\/#website\",\"url\":\"https:\\\/\\\/lda.be\\\/en\\\/\",\"name\":\"LDA Belgium\",\"description\":\"Solutions For Life\",\"publisher\":{\"@id\":\"https:\\\/\\\/lda.be\\\/en\\\/#organization\"},\"potentialAction\":[{\"@type\":\"SearchAction\",\"target\":{\"@type\":\"EntryPoint\",\"urlTemplate\":\"https:\\\/\\\/lda.be\\\/en\\\/?s={search_term_string}\"},\"query-input\":{\"@type\":\"PropertyValueSpecification\",\"valueRequired\":true,\"valueName\":\"search_term_string\"}}],\"inLanguage\":\"en-US\"},{\"@type\":\"Organization\",\"@id\":\"https:\\\/\\\/lda.be\\\/en\\\/#organization\",\"name\":\"LDA Belgium\",\"url\":\"https:\\\/\\\/lda.be\\\/en\\\/\",\"logo\":{\"@type\":\"ImageObject\",\"inLanguage\":\"en-US\",\"@id\":\"https:\\\/\\\/lda.be\\\/en\\\/#\\\/schema\\\/logo\\\/image\\\/\",\"url\":\"https:\\\/\\\/lda.be\\\/wp-content\\\/uploads\\\/2022\\\/07\\\/Logo-LDA.webp\",\"contentUrl\":\"https:\\\/\\\/lda.be\\\/wp-content\\\/uploads\\\/2022\\\/07\\\/Logo-LDA.webp\",\"width\":311,\"height\":101,\"caption\":\"LDA Belgium\"},\"image\":{\"@id\":\"https:\\\/\\\/lda.be\\\/en\\\/#\\\/schema\\\/logo\\\/image\\\/\"},\"sameAs\":[\"https:\\\/\\\/www.linkedin.com\\\/company\\\/lda-belgium-nv\"]}]}<\/script>\n<!-- \/ Yoast SEO plugin. -->","yoast_head_json":{"title":"P5600 - surge protector - LDA Belgium","description":"Canfield P5600 DIN\/ISO and MINI solenoid valve connector with MOV, LED, diode or transorb, IP65, up to 240 V, max. 10 A. LDA Belgium","robots":{"index":"index","follow":"follow","max-snippet":"max-snippet:-1","max-image-preview":"max-image-preview:large","max-video-preview":"max-video-preview:-1"},"canonical":"https:\/\/lda.be\/en\/product\/p5600-surge-protector\/","og_locale":"en_US","og_type":"article","og_title":"P5600 - surge protector - LDA Belgium","og_description":"Canfield P5600 DIN\/ISO and MINI solenoid valve connector with MOV, LED, diode or transorb, IP65, up to 240 V, max. 10 A. LDA Belgium","og_url":"https:\/\/lda.be\/en\/product\/p5600-surge-protector\/","og_site_name":"LDA Belgium","article_modified_time":"2025-07-03T13:21:43+00:00","og_image":[{"width":800,"height":800,"url":"https:\/\/lda.be\/wp-content\/uploads\/2025\/07\/p65000-supp.webp","type":"image\/webp"}],"twitter_card":"summary_large_image","twitter_misc":{"Est. reading time":"2 minutes"},"schema":{"@context":"https:\/\/schema.org","@graph":[{"@type":"WebPage","@id":"https:\/\/lda.be\/en\/product\/p5600-surge-protector\/","url":"https:\/\/lda.be\/en\/product\/p5600-surge-protector\/","name":"P5600 - surge protector - LDA Belgium","isPartOf":{"@id":"https:\/\/lda.be\/en\/#website"},"primaryImageOfPage":{"@id":"https:\/\/lda.be\/en\/product\/p5600-surge-protector\/#primaryimage"},"image":{"@id":"https:\/\/lda.be\/en\/product\/p5600-surge-protector\/#primaryimage"},"thumbnailUrl":"https:\/\/lda.be\/wp-content\/uploads\/2025\/07\/p65000-supp.webp","datePublished":"2025-07-03T13:18:32+00:00","dateModified":"2025-07-03T13:21:43+00:00","description":"Canfield P5600 DIN\/ISO and MINI solenoid valve connector with MOV, LED, diode or transorb, IP65, up to 240 V, max. 10 A. LDA Belgium","breadcrumb":{"@id":"https:\/\/lda.be\/en\/product\/p5600-surge-protector\/#breadcrumb"},"inLanguage":"en-US","potentialAction":[{"@type":"ReadAction","target":["https:\/\/lda.be\/en\/product\/p5600-surge-protector\/"]}]},{"@type":"ImageObject","inLanguage":"en-US","@id":"https:\/\/lda.be\/en\/product\/p5600-surge-protector\/#primaryimage","url":"https:\/\/lda.be\/wp-content\/uploads\/2025\/07\/p65000-supp.webp","contentUrl":"https:\/\/lda.be\/wp-content\/uploads\/2025\/07\/p65000-supp.webp","width":800,"height":800,"caption":"Canfield p6500"},{"@type":"BreadcrumbList","@id":"https:\/\/lda.be\/en\/product\/p5600-surge-protector\/#breadcrumb","itemListElement":[{"@type":"ListItem","position":1,"name":"Home","item":"https:\/\/lda.be\/en\/"},{"@type":"ListItem","position":2,"name":"Products","item":"https:\/\/lda.be\/en\/products\/"},{"@type":"ListItem","position":3,"name":"P5600 &#8211; surge protector"}]},{"@type":"WebSite","@id":"https:\/\/lda.be\/en\/#website","url":"https:\/\/lda.be\/en\/","name":"LDA Belgium","description":"Solutions For Life","publisher":{"@id":"https:\/\/lda.be\/en\/#organization"},"potentialAction":[{"@type":"SearchAction","target":{"@type":"EntryPoint","urlTemplate":"https:\/\/lda.be\/en\/?s={search_term_string}"},"query-input":{"@type":"PropertyValueSpecification","valueRequired":true,"valueName":"search_term_string"}}],"inLanguage":"en-US"},{"@type":"Organization","@id":"https:\/\/lda.be\/en\/#organization","name":"LDA Belgium","url":"https:\/\/lda.be\/en\/","logo":{"@type":"ImageObject","inLanguage":"en-US","@id":"https:\/\/lda.be\/en\/#\/schema\/logo\/image\/","url":"https:\/\/lda.be\/wp-content\/uploads\/2022\/07\/Logo-LDA.webp","contentUrl":"https:\/\/lda.be\/wp-content\/uploads\/2022\/07\/Logo-LDA.webp","width":311,"height":101,"caption":"LDA Belgium"},"image":{"@id":"https:\/\/lda.be\/en\/#\/schema\/logo\/image\/"},"sameAs":["https:\/\/www.linkedin.com\/company\/lda-belgium-nv"]}]}},"_links":{"self":[{"href":"https:\/\/lda.be\/en\/wp-json\/wp\/v2\/product\/9372","targetHints":{"allow":["GET"]}}],"collection":[{"href":"https:\/\/lda.be\/en\/wp-json\/wp\/v2\/product"}],"about":[{"href":"https:\/\/lda.be\/en\/wp-json\/wp\/v2\/types\/product"}],"replies":[{"embeddable":true,"href":"https:\/\/lda.be\/en\/wp-json\/wp\/v2\/comments?post=9372"}],"wp:featuredmedia":[{"embeddable":true,"href":"https:\/\/lda.be\/en\/wp-json\/wp\/v2\/media\/9366"}],"wp:attachment":[{"href":"https:\/\/lda.be\/en\/wp-json\/wp\/v2\/media?parent=9372"}],"wp:term":[{"taxonomy":"product_brand","embeddable":true,"href":"https:\/\/lda.be\/en\/wp-json\/wp\/v2\/product_brand?post=9372"},{"taxonomy":"product_cat","embeddable":true,"href":"https:\/\/lda.be\/en\/wp-json\/wp\/v2\/product_cat?post=9372"},{"taxonomy":"product_tag","embeddable":true,"href":"https:\/\/lda.be\/en\/wp-json\/wp\/v2\/product_tag?post=9372"}],"curies":[{"name":"wp","href":"https:\/\/api.w.org\/{rel}","templated":true}]}}