{"id":14871,"date":"2026-01-06T14:28:49","date_gmt":"2026-01-06T13:28:49","guid":{"rendered":"https:\/\/lda.be\/lda-participe-au-salon-indumation\/"},"modified":"2026-01-19T11:28:54","modified_gmt":"2026-01-19T10:28:54","slug":"lda-participe-au-salon-indumation","status":"publish","type":"page","link":"https:\/\/lda.be\/fr\/lda-participe-au-salon-indumation\/","title":{"rendered":"LDA participe au salon Indumation"},"content":{"rendered":"\t\t<div data-elementor-type=\"wp-page\" data-elementor-id=\"14871\" class=\"elementor elementor-14871 elementor-14840\" data-elementor-post-type=\"page\">\n\t\t\t\t<div class=\"elementor-element elementor-element-2ead9fe e-con-full e-flex e-con e-parent\" data-id=\"2ead9fe\" data-element_type=\"container\" data-e-type=\"container\" data-settings=\"{&quot;background_background&quot;:&quot;classic&quot;}\">\n\t\t\t\t<div class=\"elementor-element elementor-element-d92c116 elementor-widget elementor-widget-heading\" data-id=\"d92c116\" data-element_type=\"widget\" data-e-type=\"widget\" data-widget_type=\"heading.default\">\n\t\t\t\t<div class=\"elementor-widget-container\">\n\t\t\t\t\t<h1 class=\"elementor-heading-title elementor-size-default\">Visitez LDA \u00e0 Indumation 2026<\/h1>\t\t\t\t<\/div>\n\t\t\t\t<\/div>\n\t\t\t\t<\/div>\n\t\t<div class=\"elementor-element elementor-element-df67065 e-flex e-con-boxed e-con e-parent\" data-id=\"df67065\" data-element_type=\"container\" data-e-type=\"container\">\n\t\t\t\t\t<div class=\"e-con-inner\">\n\t\t<div class=\"elementor-element elementor-element-3d96b31 e-con-full e-flex e-con e-child\" data-id=\"3d96b31\" data-element_type=\"container\" data-e-type=\"container\">\n\t\t<div class=\"elementor-element elementor-element-f7e74c2 e-con-full e-flex e-con e-child\" data-id=\"f7e74c2\" data-element_type=\"container\" data-e-type=\"container\">\n\t\t\t\t<div class=\"elementor-element elementor-element-47cdd91 elementor-widget elementor-widget-text-editor\" data-id=\"47cdd91\" data-element_type=\"widget\" data-e-type=\"widget\" data-widget_type=\"text-editor.default\">\n\t\t\t\t<div class=\"elementor-widget-container\">\n\t\t\t\t\t\t\t\t\t<h3 data-start=\"118\" data-end=\"149\">LDA Belgium chez Indumation<\/h3><p data-start=\"151\" data-end=\"505\">LDA Belgium sera pr\u00e9sent cette ann\u00e9e en tant qu&#8217;exposant au salon Indumation. Venez nous rendre visite au stand <strong>511B dans le hall 5<\/strong> pour prendre un verre ou manger un morceau, mais aussi pour d\u00e9couvrir nos produits. Vous souhaitez vous rendre gratuitement au salon avec nous ? Inscrivez-vous via le lien ci-dessous. \u00c0 bient\u00f4t !    <\/p><h3 data-start=\"507\" data-end=\"531\">Qu&#8217;est-ce que l&#8217;indumation ?<\/h3><p data-start=\"533\" data-end=\"906\">Indumation est le plus grand salon d\u00e9di\u00e9 \u00e0 l&#8217;automatisation industrielle au Benelux. Il se tiendra les <strong>4, 5 et 6<\/strong> <strong>f\u00e9vrier <\/strong>2026. Ce salon rassemble des professionnels de l&#8217;industrie, de la technologie et de la production autour de th\u00e8mes tels que l&#8217;automatisation, la num\u00e9risation, la construction m\u00e9canique et l&#8217;Industrie 4.0. Indumation est le lieu id\u00e9al pour d\u00e9couvrir des innovations, partager des connaissances et nouer de nouvelles collaborations dans un cadre professionnel solide. <\/p>\t\t\t\t\t\t\t\t<\/div>\n\t\t\t\t<\/div>\n\t\t\t\t<\/div>\n\t\t<div class=\"elementor-element elementor-element-9981b05 e-con-full e-flex e-con e-child\" data-id=\"9981b05\" data-element_type=\"container\" data-e-type=\"container\">\n\t\t\t\t<div class=\"elementor-element elementor-element-d1639c1 elementor-widget elementor-widget-image\" data-id=\"d1639c1\" data-element_type=\"widget\" data-e-type=\"widget\" data-widget_type=\"image.default\">\n\t\t\t\t<div class=\"elementor-widget-container\">\n\t\t\t\t\t\t\t\t\t\t\t\t\t\t\t<img fetchpriority=\"high\" decoding=\"async\" width=\"1280\" height=\"720\" src=\"https:\/\/lda.be\/wp-content\/uploads\/2026\/01\/indumation-in-kortrijk-expo.png\" class=\"attachment-full size-full wp-image-14844\" alt=\"indumation in kortrijk expo\" srcset=\"https:\/\/lda.be\/wp-content\/uploads\/2026\/01\/indumation-in-kortrijk-expo.png 1280w, https:\/\/lda.be\/wp-content\/uploads\/2026\/01\/indumation-in-kortrijk-expo-300x169.png 300w, https:\/\/lda.be\/wp-content\/uploads\/2026\/01\/indumation-in-kortrijk-expo-1024x576.png 1024w, https:\/\/lda.be\/wp-content\/uploads\/2026\/01\/indumation-in-kortrijk-expo-768x432.png 768w, https:\/\/lda.be\/wp-content\/uploads\/2026\/01\/indumation-in-kortrijk-expo-625x351.png 625w, https:\/\/lda.be\/wp-content\/uploads\/2026\/01\/indumation-in-kortrijk-expo-64x36.png 64w\" sizes=\"(max-width: 1280px) 100vw, 1280px\" \/>\t\t\t\t\t\t\t\t\t\t\t\t\t\t\t<\/div>\n\t\t\t\t<\/div>\n\t\t\t\t<\/div>\n\t\t\t\t<\/div>\n\t\t<div class=\"elementor-element elementor-element-5d20854 e-con-full e-flex e-con e-child\" data-id=\"5d20854\" data-element_type=\"container\" data-e-type=\"container\">\n\t\t<div class=\"elementor-element elementor-element-1a8bcc4 e-con-full e-flex e-con e-child\" data-id=\"1a8bcc4\" data-element_type=\"container\" data-e-type=\"container\">\n\t\t\t\t<div class=\"elementor-element elementor-element-3d7e200 elementor-widget elementor-widget-image\" data-id=\"3d7e200\" data-element_type=\"widget\" data-e-type=\"widget\" data-widget_type=\"image.default\">\n\t\t\t\t<div class=\"elementor-widget-container\">\n\t\t\t\t\t\t\t\t\t\t\t\t\t\t\t<img decoding=\"async\" width=\"1280\" height=\"1280\" src=\"https:\/\/lda.be\/wp-content\/uploads\/2026\/01\/Ingang-1.webp\" class=\"attachment-full size-full wp-image-14853\" alt=\"vloerplan indumation\" srcset=\"https:\/\/lda.be\/wp-content\/uploads\/2026\/01\/Ingang-1.webp 1280w, https:\/\/lda.be\/wp-content\/uploads\/2026\/01\/Ingang-1-300x300.webp 300w, https:\/\/lda.be\/wp-content\/uploads\/2026\/01\/Ingang-1-1024x1024.webp 1024w, https:\/\/lda.be\/wp-content\/uploads\/2026\/01\/Ingang-1-150x150.webp 150w, https:\/\/lda.be\/wp-content\/uploads\/2026\/01\/Ingang-1-768x768.webp 768w, https:\/\/lda.be\/wp-content\/uploads\/2026\/01\/Ingang-1-100x100.webp 100w, https:\/\/lda.be\/wp-content\/uploads\/2026\/01\/Ingang-1-64x64.webp 64w\" sizes=\"(max-width: 1280px) 100vw, 1280px\" \/>\t\t\t\t\t\t\t\t\t\t\t\t\t\t\t<\/div>\n\t\t\t\t<\/div>\n\t\t\t\t<\/div>\n\t\t<div class=\"elementor-element elementor-element-f515f44 e-con-full e-flex e-con e-child\" data-id=\"f515f44\" data-element_type=\"container\" data-e-type=\"container\">\n\t\t\t\t<div class=\"elementor-element elementor-element-cd499f1 elementor-widget elementor-widget-text-editor\" data-id=\"cd499f1\" data-element_type=\"widget\" data-e-type=\"widget\" data-widget_type=\"text-editor.default\">\n\t\t\t\t<div class=\"elementor-widget-container\">\n\t\t\t\t\t\t\t\t\t<h3 data-start=\"118\" data-end=\"158\">Pour qui Indumation est-il important ?<\/h3><p data-start=\"160\" data-end=\"498\">Indumation s&#8217;adresse principalement aux PDG, aux ing\u00e9nieurs, aux responsables des achats et \u00e0 ceux travaillant dans la R&amp;D. Le salon offre des informations pertinentes \u00e0 tous ceux qui souhaitent optimiser leurs processus et se pr\u00e9parer pour l&#8217;industrie de demain. <\/p><h3>Secteurs dans lesquels les visiteurs d&#8217;INDUMATION sont actifs.<\/h3><ul><li>Ing\u00e9nierie et automatisation \/ int\u00e9grateurs<\/li><li>Installations \u00e9lectrotechniques Haute \/ Basse tension<\/li><li>Alimentation et boissons<\/li><li>Automobile<\/li><li>Production et distribution de mat\u00e9riaux de construction<\/li><li>Logistique, stockage, manutention et transport de marchandises<\/li><li>Construction m\u00e9canique \u2014 Haute technologie<\/li><li>Syst\u00e8mes et m\u00e9catronique<br>Industrie de l&#8217;emballage<\/li><li>Agro-industrie \/ Agriculture \/ Exploitation mini\u00e8re<\/li><li>\u00c9nergie, eau, production nucl\u00e9aire, stockage<\/li><li>Industrie p\u00e9troli\u00e8re \/ Industrie chimique<\/li><\/ul><p data-start=\"952\" data-end=\"1216\"> <\/p>\t\t\t\t\t\t\t\t<\/div>\n\t\t\t\t<\/div>\n\t\t\t\t<\/div>\n\t\t\t\t<\/div>\n\t\t\t\t\t<\/div>\n\t\t\t\t<\/div>\n\t\t<div class=\"elementor-element elementor-element-ed55187 e-flex e-con-boxed e-con e-parent\" data-id=\"ed55187\" data-element_type=\"container\" data-e-type=\"container\">\n\t\t\t\t\t<div class=\"e-con-inner\">\n\t\t\t\t<div class=\"elementor-element elementor-element-d1ac011 elementor-widget elementor-widget-text-editor\" data-id=\"d1ac011\" data-element_type=\"widget\" data-e-type=\"widget\" data-widget_type=\"text-editor.default\">\n\t\t\t\t<div class=\"elementor-widget-container\">\n\t\t\t\t\t\t\t\t\t<h3 data-start=\"500\" data-end=\"538\">Que peut-on faire \u00e0 Indumation ?<\/h3><p data-start=\"540\" data-end=\"904\">Au salon Indumation, vous d\u00e9couvrirez les derni\u00e8res technologies et solutions en mati\u00e8re d&#8217;automatisation industrielle. Les visiteurs peuvent assister \u00e0 des d\u00e9monstrations en direct, discuter directement avec des experts et comparer des applications concr\u00e8tes. En outre, des pr\u00e9sentations inspirantes et des opportunit\u00e9s de r\u00e9seautage ax\u00e9es sur les d\u00e9fis actuels de l&#8217;industrie sont propos\u00e9es. Visitez le <a href=\"https:\/\/www.indumation.be\/nl\/event-classes\/events\/\" target=\"_blank\" rel=\"noopener\">site web d&#8217;Indumation <\/a>pour plus d&#8217;informations.   <\/p><h3 data-start=\"906\" data-end=\"950\">Acc\u00e8s gratuit \u00e0 Indumation avec LDA Belgium<\/h3><p data-start=\"952\" data-end=\"1216\">Bonne nouvelle ! Vous pouvez visiter Indumation gratuitement gr\u00e2ce \u00e0 LDA Belgium. Inscrivez-vous en cliquant sur le bouton ci-dessous. Que vous offre ce code ? L&#8217;entr\u00e9e gratuite pour tous les jours du salon, ainsi que pour toutes les classes d&#8217;experts et tous les \u00e9v\u00e9nements organis\u00e9s dans le cadre du salon. Une connexion Wi-Fi gratuite est disponible, ainsi que des espaces de restauration. Le salon est accessible aux personnes en fauteuil roulant !      <\/p><p data-start=\"952\" data-end=\"1216\"> <\/p>\t\t\t\t\t\t\t\t<\/div>\n\t\t\t\t<\/div>\n\t\t\t\t\t<\/div>\n\t\t\t\t<\/div>\n\t\t<div class=\"elementor-element elementor-element-45d02f8 e-flex e-con-boxed e-con e-parent\" data-id=\"45d02f8\" data-element_type=\"container\" data-e-type=\"container\">\n\t\t\t\t\t<div class=\"e-con-inner\">\n\t\t\t\t<div class=\"elementor-element elementor-element-ba9ff19 elementor-widget elementor-widget-button\" data-id=\"ba9ff19\" data-element_type=\"widget\" data-e-type=\"widget\" data-widget_type=\"button.default\">\n\t\t\t\t<div class=\"elementor-widget-container\">\n\t\t\t\t\t\t\t\t\t<div class=\"elementor-button-wrapper\">\n\t\t\t\t\t<a class=\"elementor-button elementor-button-link elementor-size-sm\" href=\"https:\/\/ldabelgium.short.gy\/website-invite\" target=\"_blank\">\n\t\t\t\t\t\t<span class=\"elementor-button-content-wrapper\">\n\t\t\t\t\t\t\t\t\t<span class=\"elementor-button-text\">Inscrivez-vous ici<\/span>\n\t\t\t\t\t<\/span>\n\t\t\t\t\t<\/a>\n\t\t\t\t<\/div>\n\t\t\t\t\t\t\t\t<\/div>\n\t\t\t\t<\/div>\n\t\t\t\t\t<\/div>\n\t\t\t\t<\/div>\n\t\t<div class=\"elementor-element elementor-element-964ba2e e-flex e-con-boxed e-con e-parent\" data-id=\"964ba2e\" data-element_type=\"container\" data-e-type=\"container\">\n\t\t\t\t\t<div class=\"e-con-inner\">\n\t\t\t\t<div class=\"elementor-element elementor-element-2cfd003 elementor-widget elementor-widget-text-editor\" data-id=\"2cfd003\" data-element_type=\"widget\" data-e-type=\"widget\" data-widget_type=\"text-editor.default\">\n\t\t\t\t<div class=\"elementor-widget-container\">\n\t\t\t\t\t\t\t\t\t<h3>Informations pratiques<\/h3><p><strong>Parking<\/strong><br>Pour plus d&#8217;informations, consultez le site web de Kortrijk Xpo :<a href=\"http:\/\/www.kortrijkxpo.com\/praktisch\/bereikbaarheid\/\" target=\"_blank\" rel=\"noopener\"> itin\u00e9raire<\/a> &#8211; <a href=\"http:\/\/www.kortrijkxpo.com\/praktisch\/parkeren\/\" target=\"_blank\" rel=\"noopener\">parkings<\/a><\/p><p>Ticket de stationnement : 9,00 \u20ac \/ 24 h (parking P2 &gt; P7)<\/p><p>Kortrijk Xpo g\u00e8re, en collaboration avec Kinepolis, les parkings P2 \u00e0 P7, situ\u00e9s \u00e0 proximit\u00e9 des entr\u00e9es Xpo Sud et Xpo Nord. Il n&#8217;est pas n\u00e9cessaire de prendre un ticket \u00e0 l&#8217;entr\u00e9e des parkings. \u00c0 la sortie, vous pouvez simplement payer avec votre carte bancaire ou votre carte de cr\u00e9dit \u00e0 la barri\u00e8re.  <\/p><p>Attention : m\u00eame les dimanches et jours f\u00e9ri\u00e9s, le stationnement dans les rues autour de Kortrijk Xpo est payant. Le tarif est m\u00eame plus \u00e9lev\u00e9 que dans les parkings de Kortrijk Xpo. Les parkings recommand\u00e9s sont les parkings P2, P6 et P7.  <\/p><p><strong>Pour les v\u00e9hicules \u00e9lectriques <\/strong>: des bornes de recharge pour voitures \u00e9lectriques sont disponibles sur les parkings 4 et 6 \u00e0 Xpo Nord, \u00e0 l&#8217;entr\u00e9e du Meeting Center et sur le parking 3 \u00e0 l&#8217;entr\u00e9e Xpo Sud. Une station de recharge rapide Tesla est situ\u00e9e \u00e0 la sortie et est \u00e9galement accessible \u00e0 toutes les voitures \u00e9lectriques. <\/p>\t\t\t\t\t\t\t\t<\/div>\n\t\t\t\t<\/div>\n\t\t\t\t<div class=\"elementor-element elementor-element-e47500a elementor-widget elementor-widget-spacer\" data-id=\"e47500a\" data-element_type=\"widget\" data-e-type=\"widget\" data-widget_type=\"spacer.default\">\n\t\t\t\t<div class=\"elementor-widget-container\">\n\t\t\t\t\t\t\t<div class=\"elementor-spacer\">\n\t\t\t<div class=\"elementor-spacer-inner\"><\/div>\n\t\t<\/div>\n\t\t\t\t\t\t<\/div>\n\t\t\t\t<\/div>\n\t\t\t\t\t<\/div>\n\t\t\t\t<\/div>\n\t\t<div class=\"elementor-element elementor-element-6bbb5d4 e-flex e-con-boxed e-con e-parent\" data-id=\"6bbb5d4\" data-element_type=\"container\" data-e-type=\"container\">\n\t\t\t\t\t<div class=\"e-con-inner\">\n\t\t<div class=\"elementor-element elementor-element-2da1840 e-con-full e-flex e-con e-child\" data-id=\"2da1840\" data-element_type=\"container\" data-e-type=\"container\" data-settings=\"{&quot;background_background&quot;:&quot;classic&quot;}\">\n\t\t\t\t<div class=\"elementor-element elementor-element-6756bfd elementor-widget elementor-widget-text-editor\" data-id=\"6756bfd\" data-element_type=\"widget\" data-e-type=\"widget\" data-widget_type=\"text-editor.default\">\n\t\t\t\t<div class=\"elementor-widget-container\">\n\t\t\t\t\t\t\t\t\t<p>Mercredi 4 f\u00e9vrier 26<\/p><p>10:00 &#8211; 18:00<\/p>\t\t\t\t\t\t\t\t<\/div>\n\t\t\t\t<\/div>\n\t\t\t\t<\/div>\n\t\t<div class=\"elementor-element elementor-element-793323f e-con-full e-flex e-con e-child\" data-id=\"793323f\" data-element_type=\"container\" data-e-type=\"container\" data-settings=\"{&quot;background_background&quot;:&quot;classic&quot;}\">\n\t\t\t\t<div class=\"elementor-element elementor-element-1fbd3a0 elementor-widget elementor-widget-text-editor\" data-id=\"1fbd3a0\" data-element_type=\"widget\" data-e-type=\"widget\" data-widget_type=\"text-editor.default\">\n\t\t\t\t<div class=\"elementor-widget-container\">\n\t\t\t\t\t\t\t\t\t<p>Jeudi 5 f\u00e9vrier 2026<br>10h00 &#8211; 22h00<br><br><\/p>\t\t\t\t\t\t\t\t<\/div>\n\t\t\t\t<\/div>\n\t\t\t\t<\/div>\n\t\t<div class=\"elementor-element elementor-element-3883e4d e-con-full e-flex e-con e-child\" data-id=\"3883e4d\" data-element_type=\"container\" data-e-type=\"container\" data-settings=\"{&quot;background_background&quot;:&quot;classic&quot;}\">\n\t\t\t\t<div class=\"elementor-element elementor-element-d277917 elementor-widget elementor-widget-text-editor\" data-id=\"d277917\" data-element_type=\"widget\" data-e-type=\"widget\" data-widget_type=\"text-editor.default\">\n\t\t\t\t<div class=\"elementor-widget-container\">\n\t\t\t\t\t\t\t\t\t<p>Vendredi 6 f\u00e9vrier 2026<br>10h00 &#8211; 16h00<\/p>\t\t\t\t\t\t\t\t<\/div>\n\t\t\t\t<\/div>\n\t\t\t\t<\/div>\n\t\t\t\t\t<\/div>\n\t\t\t\t<\/div>\n\t\t\t\t<\/div>\n\t\t","protected":false},"excerpt":{"rendered":"<p>Visitez LDA \u00e0 Indumation 2026 LDA Belgium chez Indumation LDA Belgium sera pr\u00e9sent cette ann\u00e9e en tant qu&#8217;exposant au salon Indumation. Venez nous rendre visite au stand 511B dans le hall 5 pour prendre un verre ou manger un morceau, mais aussi pour d\u00e9couvrir nos produits. Vous souhaitez vous rendre gratuitement au salon avec nous [&hellip;]<\/p>\n","protected":false},"author":5,"featured_media":0,"parent":0,"menu_order":0,"comment_status":"closed","ping_status":"closed","template":"","meta":{"footnotes":""},"class_list":["post-14871","page","type-page","status-publish","hentry"],"yoast_head":"<!-- This site is optimized with the Yoast SEO plugin v27.5 - https:\/\/yoast.com\/product\/yoast-seo-wordpress\/ -->\n<title>LDA participe au salon Indumation - LDA Belgique<\/title>\n<meta name=\"description\" content=\"Venez nous rendre visite \u00e0 Indumation 2026 ! LDA, votre fournisseur de composants et de robotique, sera pr\u00e9sent au salon Indumation \u00e0 Kortrijk Expo. Pour plus d&#039;informations, cliquez ici.\" \/>\n<meta name=\"robots\" content=\"index, follow, max-snippet:-1, max-image-preview:large, max-video-preview:-1\" \/>\n<link rel=\"canonical\" href=\"https:\/\/lda.be\/fr\/lda-participe-au-salon-indumation\/\" \/>\n<meta property=\"og:locale\" content=\"fr_FR\" \/>\n<meta property=\"og:type\" content=\"article\" \/>\n<meta property=\"og:title\" content=\"LDA participe au salon Indumation - LDA Belgique\" \/>\n<meta property=\"og:description\" content=\"Venez nous rendre visite \u00e0 Indumation 2026 ! LDA, votre fournisseur de composants et de robotique, sera pr\u00e9sent au salon Indumation \u00e0 Kortrijk Expo. Pour plus d&#039;informations, cliquez ici.\" \/>\n<meta property=\"og:url\" content=\"https:\/\/lda.be\/fr\/lda-participe-au-salon-indumation\/\" \/>\n<meta property=\"og:site_name\" content=\"LDA Belgique\" \/>\n<meta property=\"article:modified_time\" content=\"2026-01-19T10:28:54+00:00\" \/>\n<meta property=\"og:image\" content=\"https:\/\/lda.be\/wp-content\/uploads\/2026\/01\/indumation-in-kortrijk-expo.png\" \/>\n\t<meta property=\"og:image:width\" content=\"1280\" \/>\n\t<meta property=\"og:image:height\" content=\"720\" \/>\n\t<meta property=\"og:image:type\" content=\"image\/png\" \/>\n<meta name=\"twitter:card\" content=\"summary_large_image\" \/>\n<meta name=\"twitter:label1\" content=\"Dur\u00e9e de lecture estim\u00e9e\" \/>\n\t<meta name=\"twitter:data1\" content=\"4 minutes\" \/>\n<script type=\"application\/ld+json\" class=\"yoast-schema-graph\">{\"@context\":\"https:\\\/\\\/schema.org\",\"@graph\":[{\"@type\":\"WebPage\",\"@id\":\"https:\\\/\\\/lda.be\\\/fr\\\/lda-participe-au-salon-indumation\\\/\",\"url\":\"https:\\\/\\\/lda.be\\\/fr\\\/lda-participe-au-salon-indumation\\\/\",\"name\":\"LDA participe au salon Indumation - LDA Belgique\",\"isPartOf\":{\"@id\":\"https:\\\/\\\/lda.be\\\/fr\\\/#website\"},\"primaryImageOfPage\":{\"@id\":\"https:\\\/\\\/lda.be\\\/fr\\\/lda-participe-au-salon-indumation\\\/#primaryimage\"},\"image\":{\"@id\":\"https:\\\/\\\/lda.be\\\/fr\\\/lda-participe-au-salon-indumation\\\/#primaryimage\"},\"thumbnailUrl\":\"https:\\\/\\\/lda.be\\\/wp-content\\\/uploads\\\/2026\\\/01\\\/indumation-in-kortrijk-expo.png\",\"datePublished\":\"2026-01-06T13:28:49+00:00\",\"dateModified\":\"2026-01-19T10:28:54+00:00\",\"description\":\"Venez nous rendre visite \u00e0 Indumation 2026 ! LDA, votre fournisseur de composants et de robotique, sera pr\u00e9sent au salon Indumation \u00e0 Kortrijk Expo. Pour plus d'informations, cliquez ici.\",\"breadcrumb\":{\"@id\":\"https:\\\/\\\/lda.be\\\/fr\\\/lda-participe-au-salon-indumation\\\/#breadcrumb\"},\"inLanguage\":\"fr-FR\",\"potentialAction\":[{\"@type\":\"ReadAction\",\"target\":[\"https:\\\/\\\/lda.be\\\/fr\\\/lda-participe-au-salon-indumation\\\/\"]}]},{\"@type\":\"ImageObject\",\"inLanguage\":\"fr-FR\",\"@id\":\"https:\\\/\\\/lda.be\\\/fr\\\/lda-participe-au-salon-indumation\\\/#primaryimage\",\"url\":\"https:\\\/\\\/lda.be\\\/wp-content\\\/uploads\\\/2026\\\/01\\\/indumation-in-kortrijk-expo.png\",\"contentUrl\":\"https:\\\/\\\/lda.be\\\/wp-content\\\/uploads\\\/2026\\\/01\\\/indumation-in-kortrijk-expo.png\"},{\"@type\":\"BreadcrumbList\",\"@id\":\"https:\\\/\\\/lda.be\\\/fr\\\/lda-participe-au-salon-indumation\\\/#breadcrumb\",\"itemListElement\":[{\"@type\":\"ListItem\",\"position\":1,\"name\":\"Accueil\",\"item\":\"https:\\\/\\\/lda.be\\\/fr\\\/\"},{\"@type\":\"ListItem\",\"position\":2,\"name\":\"LDA participe au salon Indumation\"}]},{\"@type\":\"WebSite\",\"@id\":\"https:\\\/\\\/lda.be\\\/fr\\\/#website\",\"url\":\"https:\\\/\\\/lda.be\\\/fr\\\/\",\"name\":\"LDA Belgium\",\"description\":\"Solutions For Life\",\"publisher\":{\"@id\":\"https:\\\/\\\/lda.be\\\/fr\\\/#organization\"},\"potentialAction\":[{\"@type\":\"SearchAction\",\"target\":{\"@type\":\"EntryPoint\",\"urlTemplate\":\"https:\\\/\\\/lda.be\\\/fr\\\/?s={search_term_string}\"},\"query-input\":{\"@type\":\"PropertyValueSpecification\",\"valueRequired\":true,\"valueName\":\"search_term_string\"}}],\"inLanguage\":\"fr-FR\"},{\"@type\":\"Organization\",\"@id\":\"https:\\\/\\\/lda.be\\\/fr\\\/#organization\",\"name\":\"LDA Belgium\",\"url\":\"https:\\\/\\\/lda.be\\\/fr\\\/\",\"logo\":{\"@type\":\"ImageObject\",\"inLanguage\":\"fr-FR\",\"@id\":\"https:\\\/\\\/lda.be\\\/fr\\\/#\\\/schema\\\/logo\\\/image\\\/\",\"url\":\"https:\\\/\\\/lda.be\\\/wp-content\\\/uploads\\\/2022\\\/07\\\/Logo-LDA.webp\",\"contentUrl\":\"https:\\\/\\\/lda.be\\\/wp-content\\\/uploads\\\/2022\\\/07\\\/Logo-LDA.webp\",\"width\":311,\"height\":101,\"caption\":\"LDA Belgium\"},\"image\":{\"@id\":\"https:\\\/\\\/lda.be\\\/fr\\\/#\\\/schema\\\/logo\\\/image\\\/\"},\"sameAs\":[\"https:\\\/\\\/www.linkedin.com\\\/company\\\/lda-belgium-nv\"]}]}<\/script>\n<!-- \/ Yoast SEO plugin. -->","yoast_head_json":{"title":"LDA participe au salon Indumation - LDA Belgique","description":"Venez nous rendre visite \u00e0 Indumation 2026 ! LDA, votre fournisseur de composants et de robotique, sera pr\u00e9sent au salon Indumation \u00e0 Kortrijk Expo. Pour plus d'informations, cliquez ici.","robots":{"index":"index","follow":"follow","max-snippet":"max-snippet:-1","max-image-preview":"max-image-preview:large","max-video-preview":"max-video-preview:-1"},"canonical":"https:\/\/lda.be\/fr\/lda-participe-au-salon-indumation\/","og_locale":"fr_FR","og_type":"article","og_title":"LDA participe au salon Indumation - LDA Belgique","og_description":"Venez nous rendre visite \u00e0 Indumation 2026 ! LDA, votre fournisseur de composants et de robotique, sera pr\u00e9sent au salon Indumation \u00e0 Kortrijk Expo. Pour plus d'informations, cliquez ici.","og_url":"https:\/\/lda.be\/fr\/lda-participe-au-salon-indumation\/","og_site_name":"LDA Belgique","article_modified_time":"2026-01-19T10:28:54+00:00","og_image":[{"width":1280,"height":720,"url":"https:\/\/lda.be\/wp-content\/uploads\/2026\/01\/indumation-in-kortrijk-expo.png","type":"image\/png"}],"twitter_card":"summary_large_image","twitter_misc":{"Dur\u00e9e de lecture estim\u00e9e":"4 minutes"},"schema":{"@context":"https:\/\/schema.org","@graph":[{"@type":"WebPage","@id":"https:\/\/lda.be\/fr\/lda-participe-au-salon-indumation\/","url":"https:\/\/lda.be\/fr\/lda-participe-au-salon-indumation\/","name":"LDA participe au salon Indumation - LDA Belgique","isPartOf":{"@id":"https:\/\/lda.be\/fr\/#website"},"primaryImageOfPage":{"@id":"https:\/\/lda.be\/fr\/lda-participe-au-salon-indumation\/#primaryimage"},"image":{"@id":"https:\/\/lda.be\/fr\/lda-participe-au-salon-indumation\/#primaryimage"},"thumbnailUrl":"https:\/\/lda.be\/wp-content\/uploads\/2026\/01\/indumation-in-kortrijk-expo.png","datePublished":"2026-01-06T13:28:49+00:00","dateModified":"2026-01-19T10:28:54+00:00","description":"Venez nous rendre visite \u00e0 Indumation 2026 ! LDA, votre fournisseur de composants et de robotique, sera pr\u00e9sent au salon Indumation \u00e0 Kortrijk Expo. Pour plus d'informations, cliquez ici.","breadcrumb":{"@id":"https:\/\/lda.be\/fr\/lda-participe-au-salon-indumation\/#breadcrumb"},"inLanguage":"fr-FR","potentialAction":[{"@type":"ReadAction","target":["https:\/\/lda.be\/fr\/lda-participe-au-salon-indumation\/"]}]},{"@type":"ImageObject","inLanguage":"fr-FR","@id":"https:\/\/lda.be\/fr\/lda-participe-au-salon-indumation\/#primaryimage","url":"https:\/\/lda.be\/wp-content\/uploads\/2026\/01\/indumation-in-kortrijk-expo.png","contentUrl":"https:\/\/lda.be\/wp-content\/uploads\/2026\/01\/indumation-in-kortrijk-expo.png"},{"@type":"BreadcrumbList","@id":"https:\/\/lda.be\/fr\/lda-participe-au-salon-indumation\/#breadcrumb","itemListElement":[{"@type":"ListItem","position":1,"name":"Accueil","item":"https:\/\/lda.be\/fr\/"},{"@type":"ListItem","position":2,"name":"LDA participe au salon Indumation"}]},{"@type":"WebSite","@id":"https:\/\/lda.be\/fr\/#website","url":"https:\/\/lda.be\/fr\/","name":"LDA Belgium","description":"Solutions For Life","publisher":{"@id":"https:\/\/lda.be\/fr\/#organization"},"potentialAction":[{"@type":"SearchAction","target":{"@type":"EntryPoint","urlTemplate":"https:\/\/lda.be\/fr\/?s={search_term_string}"},"query-input":{"@type":"PropertyValueSpecification","valueRequired":true,"valueName":"search_term_string"}}],"inLanguage":"fr-FR"},{"@type":"Organization","@id":"https:\/\/lda.be\/fr\/#organization","name":"LDA Belgium","url":"https:\/\/lda.be\/fr\/","logo":{"@type":"ImageObject","inLanguage":"fr-FR","@id":"https:\/\/lda.be\/fr\/#\/schema\/logo\/image\/","url":"https:\/\/lda.be\/wp-content\/uploads\/2022\/07\/Logo-LDA.webp","contentUrl":"https:\/\/lda.be\/wp-content\/uploads\/2022\/07\/Logo-LDA.webp","width":311,"height":101,"caption":"LDA Belgium"},"image":{"@id":"https:\/\/lda.be\/fr\/#\/schema\/logo\/image\/"},"sameAs":["https:\/\/www.linkedin.com\/company\/lda-belgium-nv"]}]}},"_links":{"self":[{"href":"https:\/\/lda.be\/fr\/wp-json\/wp\/v2\/pages\/14871","targetHints":{"allow":["GET"]}}],"collection":[{"href":"https:\/\/lda.be\/fr\/wp-json\/wp\/v2\/pages"}],"about":[{"href":"https:\/\/lda.be\/fr\/wp-json\/wp\/v2\/types\/page"}],"author":[{"embeddable":true,"href":"https:\/\/lda.be\/fr\/wp-json\/wp\/v2\/users\/5"}],"replies":[{"embeddable":true,"href":"https:\/\/lda.be\/fr\/wp-json\/wp\/v2\/comments?post=14871"}],"version-history":[{"count":7,"href":"https:\/\/lda.be\/fr\/wp-json\/wp\/v2\/pages\/14871\/revisions"}],"predecessor-version":[{"id":15003,"href":"https:\/\/lda.be\/fr\/wp-json\/wp\/v2\/pages\/14871\/revisions\/15003"}],"wp:attachment":[{"href":"https:\/\/lda.be\/fr\/wp-json\/wp\/v2\/media?parent=14871"}],"curies":[{"name":"wp","href":"https:\/\/api.w.org\/{rel}","templated":true}]}}