{"id":17037,"date":"2026-05-11T14:38:29","date_gmt":"2026-05-11T13:38:29","guid":{"rendered":"https:\/\/lda.be\/optez-pour-une-maintenance-industrielle-intelligente\/"},"modified":"2026-05-11T15:10:09","modified_gmt":"2026-05-11T14:10:09","slug":"optez-pour-une-maintenance-industrielle-intelligente","status":"publish","type":"page","link":"https:\/\/lda.be\/fr\/optez-pour-une-maintenance-industrielle-intelligente\/","title":{"rendered":"Optez pour une maintenance industrielle intelligente"},"content":{"rendered":"\t\t<div data-elementor-type=\"wp-page\" data-elementor-id=\"17037\" class=\"elementor elementor-17037 elementor-16990\" data-elementor-post-type=\"page\">\n\t\t\t\t<div class=\"elementor-element elementor-element-04bd1ec e-flex e-con-boxed e-con e-parent\" data-id=\"04bd1ec\" data-element_type=\"container\" data-e-type=\"container\">\n\t\t\t\t\t<div class=\"e-con-inner\">\n\t\t<div class=\"elementor-element elementor-element-7e6232b e-con-full e-flex e-con e-child\" data-id=\"7e6232b\" data-element_type=\"container\" data-e-type=\"container\">\n\t\t\t\t<div class=\"elementor-element elementor-element-69837c1 elementor-widget-divider--view-line elementor-widget elementor-widget-divider\" data-id=\"69837c1\" data-element_type=\"widget\" data-e-type=\"widget\" data-widget_type=\"divider.default\">\n\t\t\t\t<div class=\"elementor-widget-container\">\n\t\t\t\t\t\t\t<div class=\"elementor-divider\">\n\t\t\t<span class=\"elementor-divider-separator\">\n\t\t\t\t\t\t<\/span>\n\t\t<\/div>\n\t\t\t\t\t\t<\/div>\n\t\t\t\t<\/div>\n\t\t\t\t<div class=\"elementor-element elementor-element-ed46e60 elementor-widget elementor-widget-heading\" data-id=\"ed46e60\" data-element_type=\"widget\" data-e-type=\"widget\" data-widget_type=\"heading.default\">\n\t\t\t\t<div class=\"elementor-widget-container\">\n\t\t\t\t\t<h1 class=\"elementor-heading-title elementor-size-default\">Maintenance estivale et modernisation des machines industrielles<\/h1>\t\t\t\t<\/div>\n\t\t\t\t<\/div>\n\t\t\t\t<div class=\"elementor-element elementor-element-d052017 elementor-widget elementor-widget-text-editor\" data-id=\"d052017\" data-element_type=\"widget\" data-e-type=\"widget\" data-widget_type=\"text-editor.default\">\n\t\t\t\t<div class=\"elementor-widget-container\">\n\t\t\t\t\t\t\t\t\t<h3>Pr\u00e9parez vos travaux d&#8217;entretien \u00e0 l&#8217;avance en vue de la pause estivale<\/h3>\t\t\t\t\t\t\t\t<\/div>\n\t\t\t\t<\/div>\n\t\t\t\t<div class=\"elementor-element elementor-element-458a3f2 elementor-widget elementor-widget-text-editor\" data-id=\"458a3f2\" data-element_type=\"widget\" data-e-type=\"widget\" data-widget_type=\"text-editor.default\">\n\t\t\t\t<div class=\"elementor-widget-container\">\n\t\t\t\t\t\t\t\t\t<p>Pendant la p\u00e9riode estivale, de nombreuses entreprises de production planifient leurs op\u00e9rations annuelles de maintenance, leurs r\u00e9visions et leurs arr\u00eats techniques. C&#8217;est le moment id\u00e9al pour inspecter minutieusement les machines, remplacer les pi\u00e8ces d&#8217;usure et moderniser les installations <\/p><p>En organisant intelligemment la maintenance et en investissant dans la bonne approche, vous augmentez la disponibilit\u00e9, la fiabilit\u00e9 et la rapidit\u00e9 de votre outil de production, tout en am\u00e9liorant la qualit\u00e9 de vos produits. La s\u00e9curit\u00e9, la conformit\u00e9, la flexibilit\u00e9 et l&#8217;innovation en b\u00e9n\u00e9ficient \u00e9galement directement. Nous aidons les organisations \u00e0 franchir ce cap : passer d&#8217;une maintenance consid\u00e9r\u00e9e comme une n\u00e9cessit\u00e9 \u00e0 une maintenance consid\u00e9r\u00e9e comme un avantage strat\u00e9gique.  <\/p><p>Chez LDA Belgium, nous aidons les entreprises \u00e0 pr\u00e9parer leurs travaux de maintenance de mani\u00e8re efficace et planifi\u00e9e : de l&#8217;inventaire des pi\u00e8ces et outils n\u00e9cessaires \u00e0 la coordination du planning et des livraisons. Vous \u00e9vitez ainsi les arr\u00eats impr\u00e9vus, les longs d\u00e9lais de livraison et les pertes de production inutiles.  <\/p>\t\t\t\t\t\t\t\t<\/div>\n\t\t\t\t<\/div>\n\t\t\t\t<div class=\"elementor-element elementor-element-eeddefe elementor-widget elementor-widget-heading\" data-id=\"eeddefe\" data-element_type=\"widget\" data-e-type=\"widget\" data-widget_type=\"heading.default\">\n\t\t\t\t<div class=\"elementor-widget-container\">\n\t\t\t\t\t<h2 class=\"elementor-heading-title elementor-size-default\">La maintenance comme avantage strat\u00e9gique<\/h2>\t\t\t\t<\/div>\n\t\t\t\t<\/div>\n\t\t\t\t<div class=\"elementor-element elementor-element-55368d6 elementor-widget elementor-widget-text-editor\" data-id=\"55368d6\" data-element_type=\"widget\" data-e-type=\"widget\" data-widget_type=\"text-editor.default\">\n\t\t\t\t<div class=\"elementor-widget-container\">\n\t\t\t\t\t\t\t\t\t<p id=\"block-61790c49-e40b-4620-9977-3aaf3855b825\">De nos jours, une politique de maintenance bien organis\u00e9e ne se limite plus \u00e0 la simple r\u00e9solution des pannes. Les entreprises qui investissent \u00e0 temps dans la maintenance pr\u00e9ventive, les r\u00e9visions et la modernisation cr\u00e9ent un environnement de production plus fiable, plus efficace et mieux pr\u00e9par\u00e9 pour l&#8217;avenir.<br>En assurant un suivi syst\u00e9matique des machines et des installations, vous am\u00e9liorez non seulement la disponibilit\u00e9 de votre parc de production, mais aussi la qualit\u00e9 et la continuit\u00e9 de votre production. <\/p><p>Une maintenance intelligente permet de r\u00e9duire les arr\u00eats impr\u00e9vus et d&#8217;am\u00e9liorer la fiabilit\u00e9 des machines. Elle contribue \u00e0 une qualit\u00e9 de production plus stable et prolonge la dur\u00e9e de vie des installations. De plus, une approche de maintenance bien pens\u00e9e offre la possibilit\u00e9 d&#8217;optimiser techniquement les installations obsol\u00e8tes gr\u00e2ce \u00e0 la modernisation. En modernisant les machines existantes et en rempla\u00e7ant \u00e0 temps les pi\u00e8ces sensibles \u00e0 l&#8217;usure, les entreprises peuvent continuer \u00e0 r\u00e9pondre aux nouvelles exigences de production sans devoir imm\u00e9diatement r\u00e9aliser d&#8217;importants investissements dans des installations enti\u00e8rement neuves.   <\/p>\t\t\t\t\t\t\t\t<\/div>\n\t\t\t\t<\/div>\n\t\t\t\t<div class=\"elementor-element elementor-element-8b93ae1 elementor-widget elementor-widget-button\" data-id=\"8b93ae1\" data-element_type=\"widget\" data-e-type=\"widget\" data-widget_type=\"button.default\">\n\t\t\t\t<div class=\"elementor-widget-container\">\n\t\t\t\t\t\t\t\t\t<div class=\"elementor-button-wrapper\">\n\t\t\t\t\t<a class=\"elementor-button elementor-button-link elementor-size-sm\" href=\"https:\/\/ldabelgium.short.gy\/1osvZJ\">\n\t\t\t\t\t\t<span class=\"elementor-button-content-wrapper\">\n\t\t\t\t\t\t\t\t\t<span class=\"elementor-button-text\">Pensez \u00e0 l'avenir<\/span>\n\t\t\t\t\t<\/span>\n\t\t\t\t\t<\/a>\n\t\t\t\t<\/div>\n\t\t\t\t\t\t\t\t<\/div>\n\t\t\t\t<\/div>\n\t\t\t\t<div class=\"elementor-element elementor-element-fd5c2cc elementor-widget elementor-widget-image\" data-id=\"fd5c2cc\" data-element_type=\"widget\" data-e-type=\"widget\" data-widget_type=\"image.default\">\n\t\t\t\t<div class=\"elementor-widget-container\">\n\t\t\t\t\t\t\t\t\t\t\t\t\t\t\t<img fetchpriority=\"high\" decoding=\"async\" width=\"1536\" height=\"685\" src=\"https:\/\/lda.be\/wp-content\/uploads\/2026\/05\/slim-onderhoud-benefits-FR-1536x685.webp\" class=\"attachment-1536x1536 size-1536x1536 wp-image-17016\" alt=\"slim onderhoud benefits FR\" srcset=\"https:\/\/lda.be\/wp-content\/uploads\/2026\/05\/slim-onderhoud-benefits-FR-1536x685.webp 1536w, https:\/\/lda.be\/wp-content\/uploads\/2026\/05\/slim-onderhoud-benefits-FR-300x134.webp 300w, https:\/\/lda.be\/wp-content\/uploads\/2026\/05\/slim-onderhoud-benefits-FR-1024x457.webp 1024w, https:\/\/lda.be\/wp-content\/uploads\/2026\/05\/slim-onderhoud-benefits-FR-768x342.webp 768w, https:\/\/lda.be\/wp-content\/uploads\/2026\/05\/slim-onderhoud-benefits-FR-2048x913.webp 2048w, https:\/\/lda.be\/wp-content\/uploads\/2026\/05\/slim-onderhoud-benefits-FR-1440x642.webp 1440w, https:\/\/lda.be\/wp-content\/uploads\/2026\/05\/slim-onderhoud-benefits-FR-64x29.webp 64w\" sizes=\"(max-width: 1536px) 100vw, 1536px\" \/>\t\t\t\t\t\t\t\t\t\t\t\t\t\t\t<\/div>\n\t\t\t\t<\/div>\n\t\t\t\t<\/div>\n\t\t\t\t\t<\/div>\n\t\t\t\t<\/div>\n\t\t<div class=\"elementor-element elementor-element-fcc4e02 e-flex e-con-boxed e-con e-parent\" data-id=\"fcc4e02\" data-element_type=\"container\" data-e-type=\"container\">\n\t\t\t\t\t<div class=\"e-con-inner\">\n\t\t<div class=\"elementor-element elementor-element-d3e750b e-con-full e-flex e-con e-child\" data-id=\"d3e750b\" data-element_type=\"container\" data-e-type=\"container\">\n\t\t\t\t<div class=\"elementor-element elementor-element-1ec42eb elementor-widget elementor-widget-heading\" data-id=\"1ec42eb\" data-element_type=\"widget\" data-e-type=\"widget\" data-widget_type=\"heading.default\">\n\t\t\t\t<div class=\"elementor-widget-container\">\n\t\t\t\t\t<h2 class=\"elementor-heading-title elementor-size-default\">Commandez les composants \u00e0 temps<\/h2>\t\t\t\t<\/div>\n\t\t\t\t<\/div>\n\t\t\t\t<div class=\"elementor-element elementor-element-a17c370 elementor-widget elementor-widget-text-editor\" data-id=\"a17c370\" data-element_type=\"widget\" data-e-type=\"widget\" data-widget_type=\"text-editor.default\">\n\t\t\t\t<div class=\"elementor-widget-container\">\n\t\t\t\t\t\t\t\t\t<p>De nos jours, les d\u00e9lais de livraison de nombreuses pi\u00e8ces industrielles sont plus longs. C&#8217;est pourquoi il est important de commander \u00e0 temps les pi\u00e8ces d&#8217;usure et les composants critiques. LDA ne peut malheureusement pas garder tous les produits en stock ; d\u00e8s que nous recevons votre demande, nous passons donc commande aupr\u00e8s de nos fournisseurs dans les plus brefs d\u00e9lais et assurons un suivi actif de la livraison. Vous r\u00e9duisez ainsi le risque d&#8217;une maintenance stressante n\u00e9cessitant des solutions de derni\u00e8re minute.  <\/p><p>Chaque environnement de production a des besoins diff\u00e9rents. C&#8217;est pourquoi LDA Belgium propose des solutions enti\u00e8rement sur mesure pour vos arr\u00eats de maintenance ou vos arr\u00eats techniques. Nos sp\u00e9cialistes produits comprennent vos besoins et ceux de vos machines. En collaborant avec vous, LDA peut vous proposer des composants qui r\u00e9pondent mieux \u00e0 vos souhaits et exigences sp\u00e9cifiques, parfaitement adapt\u00e9s \u00e0 votre situation et \u00e0 votre application. Collaborez avec nous d\u00e8s aujourd&#8217;hui !    <\/p>\t\t\t\t\t\t\t\t<\/div>\n\t\t\t\t<\/div>\n\t\t\t\t<div class=\"elementor-element elementor-element-613bf72 elementor-widget elementor-widget-button\" data-id=\"613bf72\" data-element_type=\"widget\" data-e-type=\"widget\" data-widget_type=\"button.default\">\n\t\t\t\t<div class=\"elementor-widget-container\">\n\t\t\t\t\t\t\t\t\t<div class=\"elementor-button-wrapper\">\n\t\t\t\t\t<a class=\"elementor-button elementor-button-link elementor-size-sm\" href=\"https:\/\/ldabelgium.short.gy\/1osvZJ\">\n\t\t\t\t\t\t<span class=\"elementor-button-content-wrapper\">\n\t\t\t\t\t\t\t\t\t<span class=\"elementor-button-text\">Commandez d\u00e8s aujourd'hui<\/span>\n\t\t\t\t\t<\/span>\n\t\t\t\t\t<\/a>\n\t\t\t\t<\/div>\n\t\t\t\t\t\t\t\t<\/div>\n\t\t\t\t<\/div>\n\t\t\t\t<\/div>\n\t\t<div class=\"elementor-element elementor-element-b327d59 e-con-full e-flex e-con e-child\" data-id=\"b327d59\" data-element_type=\"container\" data-e-type=\"container\">\n\t\t\t\t<div class=\"elementor-element elementor-element-8faf616 elementor-widget elementor-widget-image\" data-id=\"8faf616\" data-element_type=\"widget\" data-e-type=\"widget\" data-widget_type=\"image.default\">\n\t\t\t\t<div class=\"elementor-widget-container\">\n\t\t\t\t\t\t\t\t\t\t\t\t\t\t\t<img decoding=\"async\" width=\"720\" height=\"900\" src=\"https:\/\/lda.be\/wp-content\/uploads\/2026\/05\/Stock001-final.webp\" class=\"attachment-large size-large wp-image-17007\" alt=\"\" srcset=\"https:\/\/lda.be\/wp-content\/uploads\/2026\/05\/Stock001-final.webp 720w, https:\/\/lda.be\/wp-content\/uploads\/2026\/05\/Stock001-final-240x300.webp 240w, https:\/\/lda.be\/wp-content\/uploads\/2026\/05\/Stock001-final-64x80.webp 64w\" sizes=\"(max-width: 720px) 100vw, 720px\" \/>\t\t\t\t\t\t\t\t\t\t\t\t\t\t\t<\/div>\n\t\t\t\t<\/div>\n\t\t\t\t<\/div>\n\t\t\t\t\t<\/div>\n\t\t\t\t<\/div>\n\t\t\t\t<\/div>\n\t\t","protected":false},"excerpt":{"rendered":"<p>Maintenance estivale et modernisation des machines industrielles Pr\u00e9parez vos travaux d&#8217;entretien \u00e0 l&#8217;avance en vue de la pause estivale Pendant la p\u00e9riode estivale, de nombreuses entreprises de production planifient leurs op\u00e9rations annuelles de maintenance, leurs r\u00e9visions et leurs arr\u00eats techniques. C&#8217;est le moment id\u00e9al pour inspecter minutieusement les machines, remplacer les pi\u00e8ces d&#8217;usure et moderniser [&hellip;]<\/p>\n","protected":false},"author":5,"featured_media":0,"parent":0,"menu_order":0,"comment_status":"closed","ping_status":"closed","template":"","meta":{"footnotes":""},"class_list":["post-17037","page","type-page","status-publish","hentry"],"yoast_head":"<!-- This site is optimized with the Yoast SEO plugin v27.5 - https:\/\/yoast.com\/product\/yoast-seo-wordpress\/ -->\n<title>Optez pour une maintenance industrielle intelligente - LDA Belgique<\/title>\n<meta name=\"description\" content=\"Donnez un nouvel \u00e9lan \u00e0 vos processus de maintenance gr\u00e2ce \u00e0 des solutions industrielles intelligentes. Am\u00e9liorez l&#039;efficacit\u00e9 de vos machines pendant la maintenance\" \/>\n<meta name=\"robots\" content=\"index, follow, max-snippet:-1, max-image-preview:large, max-video-preview:-1\" \/>\n<link rel=\"canonical\" href=\"https:\/\/lda.be\/fr\/optez-pour-une-maintenance-industrielle-intelligente\/\" \/>\n<meta property=\"og:locale\" content=\"fr_FR\" \/>\n<meta property=\"og:type\" content=\"article\" \/>\n<meta property=\"og:title\" content=\"Optez pour une maintenance industrielle intelligente - LDA Belgique\" \/>\n<meta property=\"og:description\" content=\"Donnez un nouvel \u00e9lan \u00e0 vos processus de maintenance gr\u00e2ce \u00e0 des solutions industrielles intelligentes. Am\u00e9liorez l&#039;efficacit\u00e9 de vos machines pendant la maintenance\" \/>\n<meta property=\"og:url\" content=\"https:\/\/lda.be\/fr\/optez-pour-une-maintenance-industrielle-intelligente\/\" \/>\n<meta property=\"og:site_name\" content=\"LDA Belgique\" \/>\n<meta property=\"article:modified_time\" content=\"2026-05-11T14:10:09+00:00\" \/>\n<meta property=\"og:image\" content=\"https:\/\/lda.be\/wp-content\/uploads\/2026\/05\/slim-onderhoud-benefits-FR-scaled.webp\" \/>\n\t<meta property=\"og:image:width\" content=\"2560\" \/>\n\t<meta property=\"og:image:height\" content=\"1141\" \/>\n\t<meta property=\"og:image:type\" content=\"image\/webp\" \/>\n<meta name=\"twitter:card\" content=\"summary_large_image\" \/>\n<meta name=\"twitter:label1\" content=\"Dur\u00e9e de lecture estim\u00e9e\" \/>\n\t<meta name=\"twitter:data1\" content=\"3 minutes\" \/>\n<script type=\"application\/ld+json\" class=\"yoast-schema-graph\">{\"@context\":\"https:\\\/\\\/schema.org\",\"@graph\":[{\"@type\":\"WebPage\",\"@id\":\"https:\\\/\\\/lda.be\\\/fr\\\/optez-pour-une-maintenance-industrielle-intelligente\\\/\",\"url\":\"https:\\\/\\\/lda.be\\\/fr\\\/optez-pour-une-maintenance-industrielle-intelligente\\\/\",\"name\":\"Optez pour une maintenance industrielle intelligente - LDA Belgique\",\"isPartOf\":{\"@id\":\"https:\\\/\\\/lda.be\\\/fr\\\/#website\"},\"primaryImageOfPage\":{\"@id\":\"https:\\\/\\\/lda.be\\\/fr\\\/optez-pour-une-maintenance-industrielle-intelligente\\\/#primaryimage\"},\"image\":{\"@id\":\"https:\\\/\\\/lda.be\\\/fr\\\/optez-pour-une-maintenance-industrielle-intelligente\\\/#primaryimage\"},\"thumbnailUrl\":\"https:\\\/\\\/lda.be\\\/wp-content\\\/uploads\\\/2026\\\/05\\\/slim-onderhoud-benefits-FR-1536x685.webp\",\"datePublished\":\"2026-05-11T13:38:29+00:00\",\"dateModified\":\"2026-05-11T14:10:09+00:00\",\"description\":\"Donnez un nouvel \u00e9lan \u00e0 vos processus de maintenance gr\u00e2ce \u00e0 des solutions industrielles intelligentes. Am\u00e9liorez l'efficacit\u00e9 de vos machines pendant la maintenance\",\"breadcrumb\":{\"@id\":\"https:\\\/\\\/lda.be\\\/fr\\\/optez-pour-une-maintenance-industrielle-intelligente\\\/#breadcrumb\"},\"inLanguage\":\"fr-FR\",\"potentialAction\":[{\"@type\":\"ReadAction\",\"target\":[\"https:\\\/\\\/lda.be\\\/fr\\\/optez-pour-une-maintenance-industrielle-intelligente\\\/\"]}]},{\"@type\":\"ImageObject\",\"inLanguage\":\"fr-FR\",\"@id\":\"https:\\\/\\\/lda.be\\\/fr\\\/optez-pour-une-maintenance-industrielle-intelligente\\\/#primaryimage\",\"url\":\"https:\\\/\\\/lda.be\\\/wp-content\\\/uploads\\\/2026\\\/05\\\/slim-onderhoud-benefits-FR-1536x685.webp\",\"contentUrl\":\"https:\\\/\\\/lda.be\\\/wp-content\\\/uploads\\\/2026\\\/05\\\/slim-onderhoud-benefits-FR-1536x685.webp\"},{\"@type\":\"BreadcrumbList\",\"@id\":\"https:\\\/\\\/lda.be\\\/fr\\\/optez-pour-une-maintenance-industrielle-intelligente\\\/#breadcrumb\",\"itemListElement\":[{\"@type\":\"ListItem\",\"position\":1,\"name\":\"Accueil\",\"item\":\"https:\\\/\\\/lda.be\\\/fr\\\/\"},{\"@type\":\"ListItem\",\"position\":2,\"name\":\"Optez pour une maintenance industrielle intelligente\"}]},{\"@type\":\"WebSite\",\"@id\":\"https:\\\/\\\/lda.be\\\/fr\\\/#website\",\"url\":\"https:\\\/\\\/lda.be\\\/fr\\\/\",\"name\":\"LDA Belgium\",\"description\":\"Solutions For Life\",\"publisher\":{\"@id\":\"https:\\\/\\\/lda.be\\\/fr\\\/#organization\"},\"potentialAction\":[{\"@type\":\"SearchAction\",\"target\":{\"@type\":\"EntryPoint\",\"urlTemplate\":\"https:\\\/\\\/lda.be\\\/fr\\\/?s={search_term_string}\"},\"query-input\":{\"@type\":\"PropertyValueSpecification\",\"valueRequired\":true,\"valueName\":\"search_term_string\"}}],\"inLanguage\":\"fr-FR\"},{\"@type\":\"Organization\",\"@id\":\"https:\\\/\\\/lda.be\\\/fr\\\/#organization\",\"name\":\"LDA Belgium\",\"url\":\"https:\\\/\\\/lda.be\\\/fr\\\/\",\"logo\":{\"@type\":\"ImageObject\",\"inLanguage\":\"fr-FR\",\"@id\":\"https:\\\/\\\/lda.be\\\/fr\\\/#\\\/schema\\\/logo\\\/image\\\/\",\"url\":\"https:\\\/\\\/lda.be\\\/wp-content\\\/uploads\\\/2022\\\/07\\\/Logo-LDA.webp\",\"contentUrl\":\"https:\\\/\\\/lda.be\\\/wp-content\\\/uploads\\\/2022\\\/07\\\/Logo-LDA.webp\",\"width\":311,\"height\":101,\"caption\":\"LDA Belgium\"},\"image\":{\"@id\":\"https:\\\/\\\/lda.be\\\/fr\\\/#\\\/schema\\\/logo\\\/image\\\/\"},\"sameAs\":[\"https:\\\/\\\/www.linkedin.com\\\/company\\\/lda-belgium-nv\"]}]}<\/script>\n<!-- \/ Yoast SEO plugin. -->","yoast_head_json":{"title":"Optez pour une maintenance industrielle intelligente - LDA Belgique","description":"Donnez un nouvel \u00e9lan \u00e0 vos processus de maintenance gr\u00e2ce \u00e0 des solutions industrielles intelligentes. Am\u00e9liorez l'efficacit\u00e9 de vos machines pendant la maintenance","robots":{"index":"index","follow":"follow","max-snippet":"max-snippet:-1","max-image-preview":"max-image-preview:large","max-video-preview":"max-video-preview:-1"},"canonical":"https:\/\/lda.be\/fr\/optez-pour-une-maintenance-industrielle-intelligente\/","og_locale":"fr_FR","og_type":"article","og_title":"Optez pour une maintenance industrielle intelligente - LDA Belgique","og_description":"Donnez un nouvel \u00e9lan \u00e0 vos processus de maintenance gr\u00e2ce \u00e0 des solutions industrielles intelligentes. Am\u00e9liorez l'efficacit\u00e9 de vos machines pendant la maintenance","og_url":"https:\/\/lda.be\/fr\/optez-pour-une-maintenance-industrielle-intelligente\/","og_site_name":"LDA Belgique","article_modified_time":"2026-05-11T14:10:09+00:00","og_image":[{"width":2560,"height":1141,"url":"https:\/\/lda.be\/wp-content\/uploads\/2026\/05\/slim-onderhoud-benefits-FR-scaled.webp","type":"image\/webp"}],"twitter_card":"summary_large_image","twitter_misc":{"Dur\u00e9e de lecture estim\u00e9e":"3 minutes"},"schema":{"@context":"https:\/\/schema.org","@graph":[{"@type":"WebPage","@id":"https:\/\/lda.be\/fr\/optez-pour-une-maintenance-industrielle-intelligente\/","url":"https:\/\/lda.be\/fr\/optez-pour-une-maintenance-industrielle-intelligente\/","name":"Optez pour une maintenance industrielle intelligente - LDA Belgique","isPartOf":{"@id":"https:\/\/lda.be\/fr\/#website"},"primaryImageOfPage":{"@id":"https:\/\/lda.be\/fr\/optez-pour-une-maintenance-industrielle-intelligente\/#primaryimage"},"image":{"@id":"https:\/\/lda.be\/fr\/optez-pour-une-maintenance-industrielle-intelligente\/#primaryimage"},"thumbnailUrl":"https:\/\/lda.be\/wp-content\/uploads\/2026\/05\/slim-onderhoud-benefits-FR-1536x685.webp","datePublished":"2026-05-11T13:38:29+00:00","dateModified":"2026-05-11T14:10:09+00:00","description":"Donnez un nouvel \u00e9lan \u00e0 vos processus de maintenance gr\u00e2ce \u00e0 des solutions industrielles intelligentes. Am\u00e9liorez l'efficacit\u00e9 de vos machines pendant la maintenance","breadcrumb":{"@id":"https:\/\/lda.be\/fr\/optez-pour-une-maintenance-industrielle-intelligente\/#breadcrumb"},"inLanguage":"fr-FR","potentialAction":[{"@type":"ReadAction","target":["https:\/\/lda.be\/fr\/optez-pour-une-maintenance-industrielle-intelligente\/"]}]},{"@type":"ImageObject","inLanguage":"fr-FR","@id":"https:\/\/lda.be\/fr\/optez-pour-une-maintenance-industrielle-intelligente\/#primaryimage","url":"https:\/\/lda.be\/wp-content\/uploads\/2026\/05\/slim-onderhoud-benefits-FR-1536x685.webp","contentUrl":"https:\/\/lda.be\/wp-content\/uploads\/2026\/05\/slim-onderhoud-benefits-FR-1536x685.webp"},{"@type":"BreadcrumbList","@id":"https:\/\/lda.be\/fr\/optez-pour-une-maintenance-industrielle-intelligente\/#breadcrumb","itemListElement":[{"@type":"ListItem","position":1,"name":"Accueil","item":"https:\/\/lda.be\/fr\/"},{"@type":"ListItem","position":2,"name":"Optez pour une maintenance industrielle intelligente"}]},{"@type":"WebSite","@id":"https:\/\/lda.be\/fr\/#website","url":"https:\/\/lda.be\/fr\/","name":"LDA Belgium","description":"Solutions For Life","publisher":{"@id":"https:\/\/lda.be\/fr\/#organization"},"potentialAction":[{"@type":"SearchAction","target":{"@type":"EntryPoint","urlTemplate":"https:\/\/lda.be\/fr\/?s={search_term_string}"},"query-input":{"@type":"PropertyValueSpecification","valueRequired":true,"valueName":"search_term_string"}}],"inLanguage":"fr-FR"},{"@type":"Organization","@id":"https:\/\/lda.be\/fr\/#organization","name":"LDA Belgium","url":"https:\/\/lda.be\/fr\/","logo":{"@type":"ImageObject","inLanguage":"fr-FR","@id":"https:\/\/lda.be\/fr\/#\/schema\/logo\/image\/","url":"https:\/\/lda.be\/wp-content\/uploads\/2022\/07\/Logo-LDA.webp","contentUrl":"https:\/\/lda.be\/wp-content\/uploads\/2022\/07\/Logo-LDA.webp","width":311,"height":101,"caption":"LDA Belgium"},"image":{"@id":"https:\/\/lda.be\/fr\/#\/schema\/logo\/image\/"},"sameAs":["https:\/\/www.linkedin.com\/company\/lda-belgium-nv"]}]}},"_links":{"self":[{"href":"https:\/\/lda.be\/fr\/wp-json\/wp\/v2\/pages\/17037","targetHints":{"allow":["GET"]}}],"collection":[{"href":"https:\/\/lda.be\/fr\/wp-json\/wp\/v2\/pages"}],"about":[{"href":"https:\/\/lda.be\/fr\/wp-json\/wp\/v2\/types\/page"}],"author":[{"embeddable":true,"href":"https:\/\/lda.be\/fr\/wp-json\/wp\/v2\/users\/5"}],"replies":[{"embeddable":true,"href":"https:\/\/lda.be\/fr\/wp-json\/wp\/v2\/comments?post=17037"}],"version-history":[{"count":4,"href":"https:\/\/lda.be\/fr\/wp-json\/wp\/v2\/pages\/17037\/revisions"}],"predecessor-version":[{"id":17041,"href":"https:\/\/lda.be\/fr\/wp-json\/wp\/v2\/pages\/17037\/revisions\/17041"}],"wp:attachment":[{"href":"https:\/\/lda.be\/fr\/wp-json\/wp\/v2\/media?parent=17037"}],"curies":[{"name":"wp","href":"https:\/\/api.w.org\/{rel}","templated":true}]}}