{"id":3553,"date":"2025-01-16T12:13:06","date_gmt":"2025-01-16T11:13:06","guid":{"rendered":"https:\/\/lda.be\/?page_id=3553"},"modified":"2025-06-10T10:02:18","modified_gmt":"2025-06-10T09:02:18","slug":"email-disclaimer","status":"publish","type":"page","link":"https:\/\/lda.be\/fr\/email-disclaimer\/","title":{"rendered":"Email Disclaimer"},"content":{"rendered":"\t\t<div data-elementor-type=\"wp-page\" data-elementor-id=\"3553\" class=\"elementor elementor-3553 elementor-3537\" data-elementor-post-type=\"page\">\n\t\t\t\t<div class=\"elementor-element elementor-element-11b2bb08 e-flex e-con-boxed e-con e-parent\" data-id=\"11b2bb08\" data-element_type=\"container\" data-e-type=\"container\">\n\t\t\t\t\t<div class=\"e-con-inner\">\n\t\t\t\t<div class=\"elementor-element elementor-element-4529102a elementor-widget elementor-widget-text-editor\" data-id=\"4529102a\" data-element_type=\"widget\" data-e-type=\"widget\" data-widget_type=\"text-editor.default\">\n\t\t\t\t<div class=\"elementor-widget-container\">\n\t\t\t\t\t\t\t\t\t<h1>E-mail disclaimers Nederlands &#8211; Fran\u00e7ais &#8211; English<\/h1><h2><strong>NEDERLANDS &#8211; E-MAIL DISCLAIMER:<\/strong><\/h2><p>Deze e-mail en eventuele bijlagen daarvan kunnen informatie bevatten die vertrouwelijk en \/ of beschermd zijn door intellectuele eigendomsrechten en is uitsluitend bedoeld voor de hierboven genoemde ontvanger (s).<\/p><p>Elk gebruik van de hierin vermelde informatie (inclusief, maar niet beperkt tot, geheel of gedeeltelijk reproduceren, communiceren of verspreiden in welke vorm dan ook) door andere dan de aangewezen ontvanger (s) is verboden.<\/p><p>Als u deze e-mail per ongeluk heeft ontvangen, gelieve dan de afzender telefonisch of per e-mail te informeren en de e-mail en zijn bijlagen van te verwijderen.<\/p><p>Dank u wel voor uw medewerking.<\/p><p>De meningen en \/ of adviezen die in deze e-mail worden gepresenteerd, zijn niet noodzakelijkerwijs die van de organisatie maar uitsluitend die van de auteur.<\/p><p>Ten slotte dient de ontvanger deze e-mail en eventuele bijlagen op de aanwezigheid van virussen te controleren.<\/p><p>LDA zal redelijke maatregelen nemen om deze e-mail en zijn bijlagen te beschermen tegen computervirussen, wormen, Trojaanse paarden en andere bedreigingen. LDA garandeert echter niet dat de e-mail vrij is van dergelijke schadelijke programma&#8217;s en wijst elke verantwoordelijkheid of aansprakelijkheid af met betrekking tot verlies of schade van welke aard dan ook als gevolg van schadelijke programma&#8217;s ontvangen door deze e-mails en hun bijlagen.<\/p><h2><strong>FRAN\u00c7AIS &#8211; E-MAIL DISCLAIMER:<\/strong><\/h2><p>Le pr\u00e9sent courriel ainsi que ses annexes \u00e9ventuelles peuvent contenir des informations confidentielles et\/ou prot\u00e9g\u00e9es par des droits de propri\u00e9t\u00e9 intellectuelle, et sont destin\u00e9s \u00e0 l&#8217;usage exclusif du (des) destinataire(s) susmentionn\u00e9(s).<\/p><p>Toute utilisation (notamment mais non exclusivement pour la reproduction, la communication ou la distribution totale ou partielle sous quelque forme que ce soit) de leur contenu par des personnes autres que le(s) destinataire(s) d\u00e9sign\u00e9(s) est interdite.<\/p><p>Si vous avez re\u00e7u ce courriel par erreur, veuillez en informer l&#8217;exp\u00e9diteur soit par t\u00e9l\u00e9phone soit par courriel, et supprimer de tout ordinateur les donn\u00e9es y aff\u00e9rentes.<\/p><p>Merci de votre collaboration.<\/p><p>Veuillez noter que tous les points de vue ou opinions pr\u00e9sent\u00e9s dans ce courriel sont uniquement ceux de l&#8217;auteur et ne repr\u00e9sentent pas n\u00e9cessairement ceux de l&#8217;organisation.<\/p><p>Enfin, le destinataire doit v\u00e9rifier la pr\u00e9sence de virus dans ce courriel et ses annexes.<\/p><p>LDA prendra des mesures raisonnables pour prot\u00e9ger ce courriel ainsi que ses annexes contre les virus informatiques, vers, chevaux de Troie et autres menaces. Toutefois, LDA ne garantit pas que le courriel est exempt de tels programmes nuisibles et d\u00e9cline toute responsabilit\u00e9 en cas de perte ou de dommages de quelque nature que ce soit dus \u00e0 ces programmes nuisibles.<\/p><h2><strong>\u00a0ENGLISH &#8211; E-MAIL DISCLAIMER:<\/strong><\/h2><p>This e-mail and any attachments thereto may contain information which is confidential and\/or protected by intellectual property rights and are intended for the sole use of the recipient(s) named above.<\/p><p>Any use of the information contained herein (including, but not limited to, total or partial reproduction, communication or distribution in any form) by persons other than the designated recipient(s) is prohibited.<\/p><p>If you have received this e-mail in error, please notify the sender either by telephone or by e-mail and delete the material and their attachments from any computer.<\/p><p>Thank you for your cooperation.<\/p><p>Please note that any views or opinions presented in this email are solely those of the author and do not necessarily represent those of the organization.<\/p><p>Finally, the recipient should check this email and any attachments for the presence of viruses.<\/p><p>LDA will take reasonable measures to protect this e-mail and any attachments against computer viruses, worms, Trojan horses and other threats. However, LDA does not warrant that the e-mail is free from such harmful programs and disclaims any responsibility for or liability related to loss or damage of whatever nature due to harmful programs received from this e-mail and any attachments.<\/p>\t\t\t\t\t\t\t\t<\/div>\n\t\t\t\t<\/div>\n\t\t\t\t\t<\/div>\n\t\t\t\t<\/div>\n\t\t\t\t<\/div>\n\t\t","protected":false},"excerpt":{"rendered":"<p>E-mail disclaimers Nederlands &#8211; Fran\u00e7ais &#8211; English NEDERLANDS &#8211; E-MAIL DISCLAIMER: Deze e-mail en eventuele bijlagen daarvan kunnen informatie bevatten die vertrouwelijk en \/ of beschermd zijn door intellectuele eigendomsrechten en is uitsluitend bedoeld voor de hierboven genoemde ontvanger (s). Elk gebruik van de hierin vermelde informatie (inclusief, maar niet beperkt tot, geheel of gedeeltelijk [&hellip;]<\/p>\n","protected":false},"author":4,"featured_media":2090,"parent":0,"menu_order":0,"comment_status":"closed","ping_status":"closed","template":"","meta":{"footnotes":""},"class_list":["post-3553","page","type-page","status-publish","has-post-thumbnail","hentry"],"yoast_head":"<!-- This site is optimized with the Yoast SEO plugin v27.3 - https:\/\/yoast.com\/product\/yoast-seo-wordpress\/ -->\n<title>Email Disclaimer - LDA Belgique<\/title>\n<meta name=\"description\" content=\"LDA, sp\u00e9cialiste en composants industriels, offre qualit\u00e9 et innovation. D\u00e9couvrez nos produits pour vos projets.\" \/>\n<meta name=\"robots\" content=\"index, follow, max-snippet:-1, max-image-preview:large, max-video-preview:-1\" \/>\n<link rel=\"canonical\" href=\"https:\/\/lda.be\/fr\/email-disclaimer\/\" \/>\n<meta property=\"og:locale\" content=\"fr_FR\" \/>\n<meta property=\"og:type\" content=\"article\" \/>\n<meta property=\"og:title\" content=\"Email Disclaimer - LDA Belgique\" \/>\n<meta property=\"og:description\" content=\"LDA, sp\u00e9cialiste en composants industriels, offre qualit\u00e9 et innovation. D\u00e9couvrez nos produits pour vos projets.\" \/>\n<meta property=\"og:url\" content=\"https:\/\/lda.be\/fr\/email-disclaimer\/\" \/>\n<meta property=\"og:site_name\" content=\"LDA Belgique\" \/>\n<meta property=\"article:modified_time\" content=\"2025-06-10T09:02:18+00:00\" \/>\n<meta property=\"og:image\" content=\"https:\/\/lda.be\/wp-content\/uploads\/2024\/12\/OpenGrap-image-LDA.webp\" \/>\n\t<meta property=\"og:image:width\" content=\"895\" \/>\n\t<meta property=\"og:image:height\" content=\"659\" \/>\n\t<meta property=\"og:image:type\" content=\"image\/webp\" \/>\n<meta name=\"twitter:card\" content=\"summary_large_image\" \/>\n<meta name=\"twitter:label1\" content=\"Dur\u00e9e de lecture estim\u00e9e\" \/>\n\t<meta name=\"twitter:data1\" content=\"4 minutes\" \/>\n<script type=\"application\/ld+json\" class=\"yoast-schema-graph\">{\"@context\":\"https:\\\/\\\/schema.org\",\"@graph\":[{\"@type\":\"WebPage\",\"@id\":\"https:\\\/\\\/lda.be\\\/fr\\\/email-disclaimer\\\/\",\"url\":\"https:\\\/\\\/lda.be\\\/fr\\\/email-disclaimer\\\/\",\"name\":\"Email Disclaimer - LDA Belgique\",\"isPartOf\":{\"@id\":\"https:\\\/\\\/lda.be\\\/fr\\\/#website\"},\"primaryImageOfPage\":{\"@id\":\"https:\\\/\\\/lda.be\\\/fr\\\/email-disclaimer\\\/#primaryimage\"},\"image\":{\"@id\":\"https:\\\/\\\/lda.be\\\/fr\\\/email-disclaimer\\\/#primaryimage\"},\"thumbnailUrl\":\"https:\\\/\\\/lda.be\\\/wp-content\\\/uploads\\\/2024\\\/12\\\/OpenGrap-image-LDA.webp\",\"datePublished\":\"2025-01-16T11:13:06+00:00\",\"dateModified\":\"2025-06-10T09:02:18+00:00\",\"description\":\"LDA, sp\u00e9cialiste en composants industriels, offre qualit\u00e9 et innovation. D\u00e9couvrez nos produits pour vos projets.\",\"breadcrumb\":{\"@id\":\"https:\\\/\\\/lda.be\\\/fr\\\/email-disclaimer\\\/#breadcrumb\"},\"inLanguage\":\"fr-FR\",\"potentialAction\":[{\"@type\":\"ReadAction\",\"target\":[\"https:\\\/\\\/lda.be\\\/fr\\\/email-disclaimer\\\/\"]}]},{\"@type\":\"ImageObject\",\"inLanguage\":\"fr-FR\",\"@id\":\"https:\\\/\\\/lda.be\\\/fr\\\/email-disclaimer\\\/#primaryimage\",\"url\":\"https:\\\/\\\/lda.be\\\/wp-content\\\/uploads\\\/2024\\\/12\\\/OpenGrap-image-LDA.webp\",\"contentUrl\":\"https:\\\/\\\/lda.be\\\/wp-content\\\/uploads\\\/2024\\\/12\\\/OpenGrap-image-LDA.webp\",\"width\":895,\"height\":659,\"caption\":\"LDA opengraph card\"},{\"@type\":\"BreadcrumbList\",\"@id\":\"https:\\\/\\\/lda.be\\\/fr\\\/email-disclaimer\\\/#breadcrumb\",\"itemListElement\":[{\"@type\":\"ListItem\",\"position\":1,\"name\":\"Accueil\",\"item\":\"https:\\\/\\\/lda.be\\\/fr\\\/\"},{\"@type\":\"ListItem\",\"position\":2,\"name\":\"Email Disclaimer\"}]},{\"@type\":\"WebSite\",\"@id\":\"https:\\\/\\\/lda.be\\\/fr\\\/#website\",\"url\":\"https:\\\/\\\/lda.be\\\/fr\\\/\",\"name\":\"LDA Belgium\",\"description\":\"Solutions For Life\",\"publisher\":{\"@id\":\"https:\\\/\\\/lda.be\\\/fr\\\/#organization\"},\"potentialAction\":[{\"@type\":\"SearchAction\",\"target\":{\"@type\":\"EntryPoint\",\"urlTemplate\":\"https:\\\/\\\/lda.be\\\/fr\\\/?s={search_term_string}\"},\"query-input\":{\"@type\":\"PropertyValueSpecification\",\"valueRequired\":true,\"valueName\":\"search_term_string\"}}],\"inLanguage\":\"fr-FR\"},{\"@type\":\"Organization\",\"@id\":\"https:\\\/\\\/lda.be\\\/fr\\\/#organization\",\"name\":\"LDA Belgium\",\"url\":\"https:\\\/\\\/lda.be\\\/fr\\\/\",\"logo\":{\"@type\":\"ImageObject\",\"inLanguage\":\"fr-FR\",\"@id\":\"https:\\\/\\\/lda.be\\\/fr\\\/#\\\/schema\\\/logo\\\/image\\\/\",\"url\":\"https:\\\/\\\/lda.be\\\/wp-content\\\/uploads\\\/2022\\\/07\\\/Logo-LDA.webp\",\"contentUrl\":\"https:\\\/\\\/lda.be\\\/wp-content\\\/uploads\\\/2022\\\/07\\\/Logo-LDA.webp\",\"width\":311,\"height\":101,\"caption\":\"LDA Belgium\"},\"image\":{\"@id\":\"https:\\\/\\\/lda.be\\\/fr\\\/#\\\/schema\\\/logo\\\/image\\\/\"},\"sameAs\":[\"https:\\\/\\\/www.linkedin.com\\\/company\\\/lda-belgium-nv\"]}]}<\/script>\n<!-- \/ Yoast SEO plugin. -->","yoast_head_json":{"title":"Email Disclaimer - LDA Belgique","description":"LDA, sp\u00e9cialiste en composants industriels, offre qualit\u00e9 et innovation. D\u00e9couvrez nos produits pour vos projets.","robots":{"index":"index","follow":"follow","max-snippet":"max-snippet:-1","max-image-preview":"max-image-preview:large","max-video-preview":"max-video-preview:-1"},"canonical":"https:\/\/lda.be\/fr\/email-disclaimer\/","og_locale":"fr_FR","og_type":"article","og_title":"Email Disclaimer - LDA Belgique","og_description":"LDA, sp\u00e9cialiste en composants industriels, offre qualit\u00e9 et innovation. D\u00e9couvrez nos produits pour vos projets.","og_url":"https:\/\/lda.be\/fr\/email-disclaimer\/","og_site_name":"LDA Belgique","article_modified_time":"2025-06-10T09:02:18+00:00","og_image":[{"width":895,"height":659,"url":"https:\/\/lda.be\/wp-content\/uploads\/2024\/12\/OpenGrap-image-LDA.webp","type":"image\/webp"}],"twitter_card":"summary_large_image","twitter_misc":{"Dur\u00e9e de lecture estim\u00e9e":"4 minutes"},"schema":{"@context":"https:\/\/schema.org","@graph":[{"@type":"WebPage","@id":"https:\/\/lda.be\/fr\/email-disclaimer\/","url":"https:\/\/lda.be\/fr\/email-disclaimer\/","name":"Email Disclaimer - LDA Belgique","isPartOf":{"@id":"https:\/\/lda.be\/fr\/#website"},"primaryImageOfPage":{"@id":"https:\/\/lda.be\/fr\/email-disclaimer\/#primaryimage"},"image":{"@id":"https:\/\/lda.be\/fr\/email-disclaimer\/#primaryimage"},"thumbnailUrl":"https:\/\/lda.be\/wp-content\/uploads\/2024\/12\/OpenGrap-image-LDA.webp","datePublished":"2025-01-16T11:13:06+00:00","dateModified":"2025-06-10T09:02:18+00:00","description":"LDA, sp\u00e9cialiste en composants industriels, offre qualit\u00e9 et innovation. D\u00e9couvrez nos produits pour vos projets.","breadcrumb":{"@id":"https:\/\/lda.be\/fr\/email-disclaimer\/#breadcrumb"},"inLanguage":"fr-FR","potentialAction":[{"@type":"ReadAction","target":["https:\/\/lda.be\/fr\/email-disclaimer\/"]}]},{"@type":"ImageObject","inLanguage":"fr-FR","@id":"https:\/\/lda.be\/fr\/email-disclaimer\/#primaryimage","url":"https:\/\/lda.be\/wp-content\/uploads\/2024\/12\/OpenGrap-image-LDA.webp","contentUrl":"https:\/\/lda.be\/wp-content\/uploads\/2024\/12\/OpenGrap-image-LDA.webp","width":895,"height":659,"caption":"LDA opengraph card"},{"@type":"BreadcrumbList","@id":"https:\/\/lda.be\/fr\/email-disclaimer\/#breadcrumb","itemListElement":[{"@type":"ListItem","position":1,"name":"Accueil","item":"https:\/\/lda.be\/fr\/"},{"@type":"ListItem","position":2,"name":"Email Disclaimer"}]},{"@type":"WebSite","@id":"https:\/\/lda.be\/fr\/#website","url":"https:\/\/lda.be\/fr\/","name":"LDA Belgium","description":"Solutions For Life","publisher":{"@id":"https:\/\/lda.be\/fr\/#organization"},"potentialAction":[{"@type":"SearchAction","target":{"@type":"EntryPoint","urlTemplate":"https:\/\/lda.be\/fr\/?s={search_term_string}"},"query-input":{"@type":"PropertyValueSpecification","valueRequired":true,"valueName":"search_term_string"}}],"inLanguage":"fr-FR"},{"@type":"Organization","@id":"https:\/\/lda.be\/fr\/#organization","name":"LDA Belgium","url":"https:\/\/lda.be\/fr\/","logo":{"@type":"ImageObject","inLanguage":"fr-FR","@id":"https:\/\/lda.be\/fr\/#\/schema\/logo\/image\/","url":"https:\/\/lda.be\/wp-content\/uploads\/2022\/07\/Logo-LDA.webp","contentUrl":"https:\/\/lda.be\/wp-content\/uploads\/2022\/07\/Logo-LDA.webp","width":311,"height":101,"caption":"LDA Belgium"},"image":{"@id":"https:\/\/lda.be\/fr\/#\/schema\/logo\/image\/"},"sameAs":["https:\/\/www.linkedin.com\/company\/lda-belgium-nv"]}]}},"_links":{"self":[{"href":"https:\/\/lda.be\/fr\/wp-json\/wp\/v2\/pages\/3553","targetHints":{"allow":["GET"]}}],"collection":[{"href":"https:\/\/lda.be\/fr\/wp-json\/wp\/v2\/pages"}],"about":[{"href":"https:\/\/lda.be\/fr\/wp-json\/wp\/v2\/types\/page"}],"author":[{"embeddable":true,"href":"https:\/\/lda.be\/fr\/wp-json\/wp\/v2\/users\/4"}],"replies":[{"embeddable":true,"href":"https:\/\/lda.be\/fr\/wp-json\/wp\/v2\/comments?post=3553"}],"version-history":[{"count":7,"href":"https:\/\/lda.be\/fr\/wp-json\/wp\/v2\/pages\/3553\/revisions"}],"predecessor-version":[{"id":7086,"href":"https:\/\/lda.be\/fr\/wp-json\/wp\/v2\/pages\/3553\/revisions\/7086"}],"wp:featuredmedia":[{"embeddable":true,"href":"https:\/\/lda.be\/fr\/wp-json\/wp\/v2\/media\/2090"}],"wp:attachment":[{"href":"https:\/\/lda.be\/fr\/wp-json\/wp\/v2\/media?parent=3553"}],"curies":[{"name":"wp","href":"https:\/\/api.w.org\/{rel}","templated":true}]}}