{"id":10006,"date":"2025-07-23T14:03:39","date_gmt":"2025-07-23T13:03:39","guid":{"rendered":"https:\/\/lda.be\/?post_type=product&#038;p=10006"},"modified":"2025-07-28T08:36:45","modified_gmt":"2025-07-28T07:36:45","slug":"b1-pg9-standard-industriel-connecteurs-pour-electrovannes","status":"publish","type":"product","link":"https:\/\/lda.be\/fr\/produit\/b1-pg9-standard-industriel-connecteurs-pour-electrovannes\/","title":{"rendered":"B1 &#038; B1T PG9 Standard industriel &#8211; Connecteurs pour \u00e9lectrovannes"},"content":{"rendered":"<p>Les connecteurs pour \u00e9lectrovannes Omal B1 et B1T PG9 Industrial Standard sont con\u00e7us conform\u00e9ment \u00e0 la norme EN 175301-803 type B (DIN 43650) et conviennent \u00e0 une utilisation dans des environnements industriels exigeants. Gr\u00e2ce \u00e0 leur bo\u00eetier m\u00e9caniquement robuste en PA66 renforc\u00e9 de 30 % de fibre de verre, ces connecteurs offrent une solution durable et fiable pour diverses applications telles que l&#8217;automatisation industrielle, la commande hydraulique, les syst\u00e8mes pneumatiques et la technologie des vannes.<\/p>\n<p>Les deux connecteurs ont un indice de protection IP65 conforme \u00e0 la norme EN 60529, ce qui les rend r\u00e9sistants \u00e0 la poussi\u00e8re et \u00e0 l&#8217;eau. Ils sont livr\u00e9s en standard avec une vis et un joint pour un montage rapide et s\u00fbr.<\/p>\n<p>Variante B1 PG9<br \/>\nLe B1 PG9 est un connecteur standard \u00e0 2 p\u00f4les avec une position de terre H12. Cette variante est \u00e9quip\u00e9e de contacts argent\u00e9s (CuZn\/Ag) et convient aux applications qui n\u00e9cessitent une connexion \u00e9lectrique robuste sans composants \u00e9lectroniques suppl\u00e9mentaires.<\/p>\n<p>Variante B1T PG9<br \/>\nLe B1T PG9 est une version avanc\u00e9e avec composants \u00e9lectroniques int\u00e9gr\u00e9s, sp\u00e9cialement d\u00e9velopp\u00e9e pour les applications o\u00f9 l&#8217;indication du signal ou la protection contre les surtensions est essentielle. Cette version est disponible en option avec un couvercle transparent, ce qui offre une protection suppl\u00e9mentaire et permet l&#8217;inspection visuelle des composants \u00e9lectroniques. Les contacts sont argent\u00e9s ou dor\u00e9s (CuZn\/Au) selon l&#8217;application.<\/p>\n","protected":false},"excerpt":{"rendered":"<p>Les connecteurs pour \u00e9lectrovannes Omal B1 et B1T PG9 Industrial Standard sont con\u00e7us conform\u00e9ment \u00e0 la norme EN 175301-803 type B (DIN 43650) et conviennent \u00e0 une utilisation dans des environnements industriels exigeants. Gr\u00e2ce \u00e0 leur bo\u00eetier m\u00e9caniquement robuste en PA66 renforc\u00e9 de 30 % de fibre de verre, ces connecteurs offrent une solution durable [&hellip;]<\/p>\n","protected":false},"featured_media":10003,"comment_status":"closed","ping_status":"closed","template":"","meta":[],"product_brand":[1609],"product_cat":[818,828,1608],"product_tag":[],"class_list":{"0":"post-10006","1":"product","2":"type-product","3":"status-publish","4":"has-post-thumbnail","6":"product_brand-omal","7":"product_cat-connecteurs-et-cables","8":"product_cat-connecteurs","9":"product_cat-connecteurs-industriels-de-type-a-b-c-et-micro","11":"first","12":"instock","13":"shipping-taxable","14":"product-type-simple"},"yoast_head":"<!-- This site is optimized with the Yoast SEO plugin v27.3 - https:\/\/yoast.com\/product\/yoast-seo-wordpress\/ -->\n<title>B1 &amp; B1T PG9 Standard industriel - Connecteurs pour \u00e9lectrovannes - LDA Belgique<\/title>\n<meta name=\"description\" content=\"Connecteur industriel pour \u00e9lectrovannes Omal B1 &amp; B1TPG9 avec protection IP65, bo\u00eetier PA66 GF30 et contacts argent\u00e9s. Disponible aupr\u00e8s de LDA Belgium.\" \/>\n<meta name=\"robots\" content=\"index, follow, max-snippet:-1, max-image-preview:large, max-video-preview:-1\" \/>\n<link rel=\"canonical\" href=\"https:\/\/lda.be\/fr\/produit\/b1-pg9-standard-industriel-connecteurs-pour-electrovannes\/\" \/>\n<meta property=\"og:locale\" content=\"fr_FR\" \/>\n<meta property=\"og:type\" content=\"article\" \/>\n<meta property=\"og:title\" content=\"B1 &amp; B1T PG9 Standard industriel - Connecteurs pour \u00e9lectrovannes - LDA Belgique\" \/>\n<meta property=\"og:description\" content=\"Connecteur industriel pour \u00e9lectrovannes Omal B1 &amp; B1TPG9 avec protection IP65, bo\u00eetier PA66 GF30 et contacts argent\u00e9s. Disponible aupr\u00e8s de LDA Belgium.\" \/>\n<meta property=\"og:url\" content=\"https:\/\/lda.be\/fr\/produit\/b1-pg9-standard-industriel-connecteurs-pour-electrovannes\/\" \/>\n<meta property=\"og:site_name\" content=\"LDA Belgique\" \/>\n<meta property=\"article:modified_time\" content=\"2025-07-28T07:36:45+00:00\" \/>\n<meta property=\"og:image\" content=\"https:\/\/lda.be\/wp-content\/uploads\/2025\/07\/B1-PG9-industrial.webp\" \/>\n\t<meta property=\"og:image:width\" content=\"800\" \/>\n\t<meta property=\"og:image:height\" content=\"800\" \/>\n\t<meta property=\"og:image:type\" content=\"image\/webp\" \/>\n<meta name=\"twitter:card\" content=\"summary_large_image\" \/>\n<meta name=\"twitter:label1\" content=\"Dur\u00e9e de lecture estim\u00e9e\" \/>\n\t<meta name=\"twitter:data1\" content=\"2 minutes\" \/>\n<script type=\"application\/ld+json\" class=\"yoast-schema-graph\">{\"@context\":\"https:\\\/\\\/schema.org\",\"@graph\":[{\"@type\":\"WebPage\",\"@id\":\"https:\\\/\\\/lda.be\\\/fr\\\/produit\\\/b1-pg9-standard-industriel-connecteurs-pour-electrovannes\\\/\",\"url\":\"https:\\\/\\\/lda.be\\\/fr\\\/produit\\\/b1-pg9-standard-industriel-connecteurs-pour-electrovannes\\\/\",\"name\":\"B1 & B1T PG9 Standard industriel - Connecteurs pour \u00e9lectrovannes - LDA Belgique\",\"isPartOf\":{\"@id\":\"https:\\\/\\\/lda.be\\\/fr\\\/#website\"},\"primaryImageOfPage\":{\"@id\":\"https:\\\/\\\/lda.be\\\/fr\\\/produit\\\/b1-pg9-standard-industriel-connecteurs-pour-electrovannes\\\/#primaryimage\"},\"image\":{\"@id\":\"https:\\\/\\\/lda.be\\\/fr\\\/produit\\\/b1-pg9-standard-industriel-connecteurs-pour-electrovannes\\\/#primaryimage\"},\"thumbnailUrl\":\"https:\\\/\\\/lda.be\\\/wp-content\\\/uploads\\\/2025\\\/07\\\/B1-PG9-industrial.webp\",\"datePublished\":\"2025-07-23T13:03:39+00:00\",\"dateModified\":\"2025-07-28T07:36:45+00:00\",\"description\":\"Connecteur industriel pour \u00e9lectrovannes Omal B1 & B1TPG9 avec protection IP65, bo\u00eetier PA66 GF30 et contacts argent\u00e9s. Disponible aupr\u00e8s de LDA Belgium.\",\"breadcrumb\":{\"@id\":\"https:\\\/\\\/lda.be\\\/fr\\\/produit\\\/b1-pg9-standard-industriel-connecteurs-pour-electrovannes\\\/#breadcrumb\"},\"inLanguage\":\"fr-FR\",\"potentialAction\":[{\"@type\":\"ReadAction\",\"target\":[\"https:\\\/\\\/lda.be\\\/fr\\\/produit\\\/b1-pg9-standard-industriel-connecteurs-pour-electrovannes\\\/\"]}]},{\"@type\":\"ImageObject\",\"inLanguage\":\"fr-FR\",\"@id\":\"https:\\\/\\\/lda.be\\\/fr\\\/produit\\\/b1-pg9-standard-industriel-connecteurs-pour-electrovannes\\\/#primaryimage\",\"url\":\"https:\\\/\\\/lda.be\\\/wp-content\\\/uploads\\\/2025\\\/07\\\/B1-PG9-industrial.webp\",\"contentUrl\":\"https:\\\/\\\/lda.be\\\/wp-content\\\/uploads\\\/2025\\\/07\\\/B1-PG9-industrial.webp\",\"width\":800,\"height\":800,\"caption\":\"B1 PG9 industrial standard\"},{\"@type\":\"BreadcrumbList\",\"@id\":\"https:\\\/\\\/lda.be\\\/fr\\\/produit\\\/b1-pg9-standard-industriel-connecteurs-pour-electrovannes\\\/#breadcrumb\",\"itemListElement\":[{\"@type\":\"ListItem\",\"position\":1,\"name\":\"Accueil\",\"item\":\"https:\\\/\\\/lda.be\\\/fr\\\/\"},{\"@type\":\"ListItem\",\"position\":2,\"name\":\"Produits\",\"item\":\"https:\\\/\\\/lda.be\\\/fr\\\/produits\\\/\"},{\"@type\":\"ListItem\",\"position\":3,\"name\":\"B1 &#038; B1T PG9 Standard industriel &#8211; Connecteurs pour \u00e9lectrovannes\"}]},{\"@type\":\"WebSite\",\"@id\":\"https:\\\/\\\/lda.be\\\/fr\\\/#website\",\"url\":\"https:\\\/\\\/lda.be\\\/fr\\\/\",\"name\":\"LDA Belgium\",\"description\":\"Solutions For Life\",\"publisher\":{\"@id\":\"https:\\\/\\\/lda.be\\\/fr\\\/#organization\"},\"potentialAction\":[{\"@type\":\"SearchAction\",\"target\":{\"@type\":\"EntryPoint\",\"urlTemplate\":\"https:\\\/\\\/lda.be\\\/fr\\\/?s={search_term_string}\"},\"query-input\":{\"@type\":\"PropertyValueSpecification\",\"valueRequired\":true,\"valueName\":\"search_term_string\"}}],\"inLanguage\":\"fr-FR\"},{\"@type\":\"Organization\",\"@id\":\"https:\\\/\\\/lda.be\\\/fr\\\/#organization\",\"name\":\"LDA Belgium\",\"url\":\"https:\\\/\\\/lda.be\\\/fr\\\/\",\"logo\":{\"@type\":\"ImageObject\",\"inLanguage\":\"fr-FR\",\"@id\":\"https:\\\/\\\/lda.be\\\/fr\\\/#\\\/schema\\\/logo\\\/image\\\/\",\"url\":\"https:\\\/\\\/lda.be\\\/wp-content\\\/uploads\\\/2022\\\/07\\\/Logo-LDA.webp\",\"contentUrl\":\"https:\\\/\\\/lda.be\\\/wp-content\\\/uploads\\\/2022\\\/07\\\/Logo-LDA.webp\",\"width\":311,\"height\":101,\"caption\":\"LDA Belgium\"},\"image\":{\"@id\":\"https:\\\/\\\/lda.be\\\/fr\\\/#\\\/schema\\\/logo\\\/image\\\/\"},\"sameAs\":[\"https:\\\/\\\/www.linkedin.com\\\/company\\\/lda-belgium-nv\"]}]}<\/script>\n<!-- \/ Yoast SEO plugin. -->","yoast_head_json":{"title":"B1 & B1T PG9 Standard industriel - Connecteurs pour \u00e9lectrovannes - LDA Belgique","description":"Connecteur industriel pour \u00e9lectrovannes Omal B1 & B1TPG9 avec protection IP65, bo\u00eetier PA66 GF30 et contacts argent\u00e9s. Disponible aupr\u00e8s de LDA Belgium.","robots":{"index":"index","follow":"follow","max-snippet":"max-snippet:-1","max-image-preview":"max-image-preview:large","max-video-preview":"max-video-preview:-1"},"canonical":"https:\/\/lda.be\/fr\/produit\/b1-pg9-standard-industriel-connecteurs-pour-electrovannes\/","og_locale":"fr_FR","og_type":"article","og_title":"B1 & B1T PG9 Standard industriel - Connecteurs pour \u00e9lectrovannes - LDA Belgique","og_description":"Connecteur industriel pour \u00e9lectrovannes Omal B1 & B1TPG9 avec protection IP65, bo\u00eetier PA66 GF30 et contacts argent\u00e9s. Disponible aupr\u00e8s de LDA Belgium.","og_url":"https:\/\/lda.be\/fr\/produit\/b1-pg9-standard-industriel-connecteurs-pour-electrovannes\/","og_site_name":"LDA Belgique","article_modified_time":"2025-07-28T07:36:45+00:00","og_image":[{"width":800,"height":800,"url":"https:\/\/lda.be\/wp-content\/uploads\/2025\/07\/B1-PG9-industrial.webp","type":"image\/webp"}],"twitter_card":"summary_large_image","twitter_misc":{"Dur\u00e9e de lecture estim\u00e9e":"2 minutes"},"schema":{"@context":"https:\/\/schema.org","@graph":[{"@type":"WebPage","@id":"https:\/\/lda.be\/fr\/produit\/b1-pg9-standard-industriel-connecteurs-pour-electrovannes\/","url":"https:\/\/lda.be\/fr\/produit\/b1-pg9-standard-industriel-connecteurs-pour-electrovannes\/","name":"B1 & B1T PG9 Standard industriel - Connecteurs pour \u00e9lectrovannes - LDA Belgique","isPartOf":{"@id":"https:\/\/lda.be\/fr\/#website"},"primaryImageOfPage":{"@id":"https:\/\/lda.be\/fr\/produit\/b1-pg9-standard-industriel-connecteurs-pour-electrovannes\/#primaryimage"},"image":{"@id":"https:\/\/lda.be\/fr\/produit\/b1-pg9-standard-industriel-connecteurs-pour-electrovannes\/#primaryimage"},"thumbnailUrl":"https:\/\/lda.be\/wp-content\/uploads\/2025\/07\/B1-PG9-industrial.webp","datePublished":"2025-07-23T13:03:39+00:00","dateModified":"2025-07-28T07:36:45+00:00","description":"Connecteur industriel pour \u00e9lectrovannes Omal B1 & B1TPG9 avec protection IP65, bo\u00eetier PA66 GF30 et contacts argent\u00e9s. Disponible aupr\u00e8s de LDA Belgium.","breadcrumb":{"@id":"https:\/\/lda.be\/fr\/produit\/b1-pg9-standard-industriel-connecteurs-pour-electrovannes\/#breadcrumb"},"inLanguage":"fr-FR","potentialAction":[{"@type":"ReadAction","target":["https:\/\/lda.be\/fr\/produit\/b1-pg9-standard-industriel-connecteurs-pour-electrovannes\/"]}]},{"@type":"ImageObject","inLanguage":"fr-FR","@id":"https:\/\/lda.be\/fr\/produit\/b1-pg9-standard-industriel-connecteurs-pour-electrovannes\/#primaryimage","url":"https:\/\/lda.be\/wp-content\/uploads\/2025\/07\/B1-PG9-industrial.webp","contentUrl":"https:\/\/lda.be\/wp-content\/uploads\/2025\/07\/B1-PG9-industrial.webp","width":800,"height":800,"caption":"B1 PG9 industrial standard"},{"@type":"BreadcrumbList","@id":"https:\/\/lda.be\/fr\/produit\/b1-pg9-standard-industriel-connecteurs-pour-electrovannes\/#breadcrumb","itemListElement":[{"@type":"ListItem","position":1,"name":"Accueil","item":"https:\/\/lda.be\/fr\/"},{"@type":"ListItem","position":2,"name":"Produits","item":"https:\/\/lda.be\/fr\/produits\/"},{"@type":"ListItem","position":3,"name":"B1 &#038; B1T PG9 Standard industriel &#8211; Connecteurs pour \u00e9lectrovannes"}]},{"@type":"WebSite","@id":"https:\/\/lda.be\/fr\/#website","url":"https:\/\/lda.be\/fr\/","name":"LDA Belgium","description":"Solutions For Life","publisher":{"@id":"https:\/\/lda.be\/fr\/#organization"},"potentialAction":[{"@type":"SearchAction","target":{"@type":"EntryPoint","urlTemplate":"https:\/\/lda.be\/fr\/?s={search_term_string}"},"query-input":{"@type":"PropertyValueSpecification","valueRequired":true,"valueName":"search_term_string"}}],"inLanguage":"fr-FR"},{"@type":"Organization","@id":"https:\/\/lda.be\/fr\/#organization","name":"LDA Belgium","url":"https:\/\/lda.be\/fr\/","logo":{"@type":"ImageObject","inLanguage":"fr-FR","@id":"https:\/\/lda.be\/fr\/#\/schema\/logo\/image\/","url":"https:\/\/lda.be\/wp-content\/uploads\/2022\/07\/Logo-LDA.webp","contentUrl":"https:\/\/lda.be\/wp-content\/uploads\/2022\/07\/Logo-LDA.webp","width":311,"height":101,"caption":"LDA Belgium"},"image":{"@id":"https:\/\/lda.be\/fr\/#\/schema\/logo\/image\/"},"sameAs":["https:\/\/www.linkedin.com\/company\/lda-belgium-nv"]}]}},"_links":{"self":[{"href":"https:\/\/lda.be\/fr\/wp-json\/wp\/v2\/product\/10006","targetHints":{"allow":["GET"]}}],"collection":[{"href":"https:\/\/lda.be\/fr\/wp-json\/wp\/v2\/product"}],"about":[{"href":"https:\/\/lda.be\/fr\/wp-json\/wp\/v2\/types\/product"}],"replies":[{"embeddable":true,"href":"https:\/\/lda.be\/fr\/wp-json\/wp\/v2\/comments?post=10006"}],"wp:featuredmedia":[{"embeddable":true,"href":"https:\/\/lda.be\/fr\/wp-json\/wp\/v2\/media\/10003"}],"wp:attachment":[{"href":"https:\/\/lda.be\/fr\/wp-json\/wp\/v2\/media?parent=10006"}],"wp:term":[{"taxonomy":"product_brand","embeddable":true,"href":"https:\/\/lda.be\/fr\/wp-json\/wp\/v2\/product_brand?post=10006"},{"taxonomy":"product_cat","embeddable":true,"href":"https:\/\/lda.be\/fr\/wp-json\/wp\/v2\/product_cat?post=10006"},{"taxonomy":"product_tag","embeddable":true,"href":"https:\/\/lda.be\/fr\/wp-json\/wp\/v2\/product_tag?post=10006"}],"curies":[{"name":"wp","href":"https:\/\/api.w.org\/{rel}","templated":true}]}}