{"id":10027,"date":"2025-07-24T12:56:32","date_gmt":"2025-07-24T11:56:32","guid":{"rendered":"https:\/\/lda.be\/?post_type=product&#038;p=10027"},"modified":"2025-07-24T13:04:21","modified_gmt":"2025-07-24T12:04:21","slug":"b1-et-b1t-pg9-1-2-connecteurs-pour-electrovannes","status":"publish","type":"product","link":"https:\/\/lda.be\/fr\/produit\/b1-et-b1t-pg9-1-2-connecteurs-pour-electrovannes\/","title":{"rendered":"B1 et B1T PG9 1\/2&#8243; Connecteurs pour \u00e9lectrovannes"},"content":{"rendered":"<p>Les connecteurs pour \u00e9lectrovannes B1 et B1T de Omal avec 1\/2\u201d NPTF . Ils ont \u00e9t\u00e9 d\u00e9velopp\u00e9s pour les applications industrielles o\u00f9 la fiabilit\u00e9 et une connexion solide sont essentielles. Ces connecteurs rectangulaires conformes \u00e0 la norme EN 175301-803 type B (DIN 43650) garantissent une connexion durable et s\u00fbre pour les vannes, les pressostats et autres composants \u00e9lectromagn\u00e9tiques.<\/p>\n<p>Gr\u00e2ce \u00e0 leur bo\u00eetier en PA66 renforc\u00e9 de fibres de verre, les connecteurs r\u00e9sistent aux contraintes m\u00e9caniques et thermiques. La connexion est adapt\u00e9e aux c\u00e2bles d&#8217;un diam\u00e8tre ext\u00e9rieur de 6 \u00e0 8 mm et utilise un espacement des contacts de 10 mm. La variante B1 est \u00e9quip\u00e9e de contacts standard, tandis que la B1T prend \u00e9galement en charge des configurations avec des composants \u00e9lectroniques, tels que des voyants LED, une protection par varistance, une cellule pont ou des combinaisons de ceux-ci.<\/p>\n<p>Vous souhaitez recevoir un devis ? Demandez simplement un devis \u00e0 LDA Belgique.<\/p>\n","protected":false},"excerpt":{"rendered":"<p>Les connecteurs pour \u00e9lectrovannes B1 et B1T de Omal avec 1\/2\u201d NPTF . Ils ont \u00e9t\u00e9 d\u00e9velopp\u00e9s pour les applications industrielles o\u00f9 la fiabilit\u00e9 et une connexion solide sont essentielles. Ces connecteurs rectangulaires conformes \u00e0 la norme EN 175301-803 type B (DIN 43650) garantissent une connexion durable et s\u00fbre pour les vannes, les pressostats et [&hellip;]<\/p>\n","protected":false},"featured_media":10022,"comment_status":"closed","ping_status":"closed","template":"","meta":[],"product_brand":[1609],"product_cat":[818,828,1608],"product_tag":[],"class_list":{"0":"post-10027","1":"product","2":"type-product","3":"status-publish","4":"has-post-thumbnail","6":"product_brand-omal","7":"product_cat-connecteurs-et-cables","8":"product_cat-connecteurs","9":"product_cat-connecteurs-industriels-de-type-a-b-c-et-micro","11":"first","12":"instock","13":"shipping-taxable","14":"product-type-simple"},"yoast_head":"<!-- This site is optimized with the Yoast SEO plugin v27.3 - https:\/\/yoast.com\/product\/yoast-seo-wordpress\/ -->\n<title>B1 et B1T PG9 1\/2&quot; Connecteurs pour \u00e9lectrovannes - LDA Belgique<\/title>\n<meta name=\"description\" content=\"Connecteurs pour \u00e9lectrovannes Omal B1\/B1T avec raccord 1\/2\u201d NPTF, jusqu&#039;\u00e0 16 A, en option avec LED et varistance. Demandez un devis \u00e0 LDA Belgique.\" \/>\n<meta name=\"robots\" content=\"index, follow, max-snippet:-1, max-image-preview:large, max-video-preview:-1\" \/>\n<link rel=\"canonical\" href=\"https:\/\/lda.be\/fr\/produit\/b1-et-b1t-pg9-1-2-connecteurs-pour-electrovannes\/\" \/>\n<meta property=\"og:locale\" content=\"fr_FR\" \/>\n<meta property=\"og:type\" content=\"article\" \/>\n<meta property=\"og:title\" content=\"B1 et B1T PG9 1\/2&quot; Connecteurs pour \u00e9lectrovannes - LDA Belgique\" \/>\n<meta property=\"og:description\" content=\"Connecteurs pour \u00e9lectrovannes Omal B1\/B1T avec raccord 1\/2\u201d NPTF, jusqu&#039;\u00e0 16 A, en option avec LED et varistance. Demandez un devis \u00e0 LDA Belgique.\" \/>\n<meta property=\"og:url\" content=\"https:\/\/lda.be\/fr\/produit\/b1-et-b1t-pg9-1-2-connecteurs-pour-electrovannes\/\" \/>\n<meta property=\"og:site_name\" content=\"LDA Belgique\" \/>\n<meta property=\"article:modified_time\" content=\"2025-07-24T12:04:21+00:00\" \/>\n<meta property=\"og:image\" content=\"https:\/\/lda.be\/wp-content\/uploads\/2025\/07\/b1-en-t.webp\" \/>\n\t<meta property=\"og:image:width\" content=\"800\" \/>\n\t<meta property=\"og:image:height\" content=\"800\" \/>\n\t<meta property=\"og:image:type\" content=\"image\/webp\" \/>\n<meta name=\"twitter:card\" content=\"summary_large_image\" \/>\n<meta name=\"twitter:label1\" content=\"Dur\u00e9e de lecture estim\u00e9e\" \/>\n\t<meta name=\"twitter:data1\" content=\"1 minute\" \/>\n<script type=\"application\/ld+json\" class=\"yoast-schema-graph\">{\"@context\":\"https:\\\/\\\/schema.org\",\"@graph\":[{\"@type\":\"WebPage\",\"@id\":\"https:\\\/\\\/lda.be\\\/fr\\\/produit\\\/b1-et-b1t-pg9-1-2-connecteurs-pour-electrovannes\\\/\",\"url\":\"https:\\\/\\\/lda.be\\\/fr\\\/produit\\\/b1-et-b1t-pg9-1-2-connecteurs-pour-electrovannes\\\/\",\"name\":\"B1 et B1T PG9 1\\\/2\\\" Connecteurs pour \u00e9lectrovannes - LDA Belgique\",\"isPartOf\":{\"@id\":\"https:\\\/\\\/lda.be\\\/fr\\\/#website\"},\"primaryImageOfPage\":{\"@id\":\"https:\\\/\\\/lda.be\\\/fr\\\/produit\\\/b1-et-b1t-pg9-1-2-connecteurs-pour-electrovannes\\\/#primaryimage\"},\"image\":{\"@id\":\"https:\\\/\\\/lda.be\\\/fr\\\/produit\\\/b1-et-b1t-pg9-1-2-connecteurs-pour-electrovannes\\\/#primaryimage\"},\"thumbnailUrl\":\"https:\\\/\\\/lda.be\\\/wp-content\\\/uploads\\\/2025\\\/07\\\/b1-en-t.webp\",\"datePublished\":\"2025-07-24T11:56:32+00:00\",\"dateModified\":\"2025-07-24T12:04:21+00:00\",\"description\":\"Connecteurs pour \u00e9lectrovannes Omal B1\\\/B1T avec raccord 1\\\/2\u201d NPTF, jusqu'\u00e0 16 A, en option avec LED et varistance. Demandez un devis \u00e0 LDA Belgique.\",\"breadcrumb\":{\"@id\":\"https:\\\/\\\/lda.be\\\/fr\\\/produit\\\/b1-et-b1t-pg9-1-2-connecteurs-pour-electrovannes\\\/#breadcrumb\"},\"inLanguage\":\"fr-FR\",\"potentialAction\":[{\"@type\":\"ReadAction\",\"target\":[\"https:\\\/\\\/lda.be\\\/fr\\\/produit\\\/b1-et-b1t-pg9-1-2-connecteurs-pour-electrovannes\\\/\"]}]},{\"@type\":\"ImageObject\",\"inLanguage\":\"fr-FR\",\"@id\":\"https:\\\/\\\/lda.be\\\/fr\\\/produit\\\/b1-et-b1t-pg9-1-2-connecteurs-pour-electrovannes\\\/#primaryimage\",\"url\":\"https:\\\/\\\/lda.be\\\/wp-content\\\/uploads\\\/2025\\\/07\\\/b1-en-t.webp\",\"contentUrl\":\"https:\\\/\\\/lda.be\\\/wp-content\\\/uploads\\\/2025\\\/07\\\/b1-en-t.webp\",\"width\":800,\"height\":800,\"caption\":\"B1 - B1T 1\\\/2\\\" product van Omal\"},{\"@type\":\"BreadcrumbList\",\"@id\":\"https:\\\/\\\/lda.be\\\/fr\\\/produit\\\/b1-et-b1t-pg9-1-2-connecteurs-pour-electrovannes\\\/#breadcrumb\",\"itemListElement\":[{\"@type\":\"ListItem\",\"position\":1,\"name\":\"Accueil\",\"item\":\"https:\\\/\\\/lda.be\\\/fr\\\/\"},{\"@type\":\"ListItem\",\"position\":2,\"name\":\"Produits\",\"item\":\"https:\\\/\\\/lda.be\\\/fr\\\/produits\\\/\"},{\"@type\":\"ListItem\",\"position\":3,\"name\":\"B1 et B1T PG9 1\\\/2&#8243; Connecteurs pour \u00e9lectrovannes\"}]},{\"@type\":\"WebSite\",\"@id\":\"https:\\\/\\\/lda.be\\\/fr\\\/#website\",\"url\":\"https:\\\/\\\/lda.be\\\/fr\\\/\",\"name\":\"LDA Belgium\",\"description\":\"Solutions For Life\",\"publisher\":{\"@id\":\"https:\\\/\\\/lda.be\\\/fr\\\/#organization\"},\"potentialAction\":[{\"@type\":\"SearchAction\",\"target\":{\"@type\":\"EntryPoint\",\"urlTemplate\":\"https:\\\/\\\/lda.be\\\/fr\\\/?s={search_term_string}\"},\"query-input\":{\"@type\":\"PropertyValueSpecification\",\"valueRequired\":true,\"valueName\":\"search_term_string\"}}],\"inLanguage\":\"fr-FR\"},{\"@type\":\"Organization\",\"@id\":\"https:\\\/\\\/lda.be\\\/fr\\\/#organization\",\"name\":\"LDA Belgium\",\"url\":\"https:\\\/\\\/lda.be\\\/fr\\\/\",\"logo\":{\"@type\":\"ImageObject\",\"inLanguage\":\"fr-FR\",\"@id\":\"https:\\\/\\\/lda.be\\\/fr\\\/#\\\/schema\\\/logo\\\/image\\\/\",\"url\":\"https:\\\/\\\/lda.be\\\/wp-content\\\/uploads\\\/2022\\\/07\\\/Logo-LDA.webp\",\"contentUrl\":\"https:\\\/\\\/lda.be\\\/wp-content\\\/uploads\\\/2022\\\/07\\\/Logo-LDA.webp\",\"width\":311,\"height\":101,\"caption\":\"LDA Belgium\"},\"image\":{\"@id\":\"https:\\\/\\\/lda.be\\\/fr\\\/#\\\/schema\\\/logo\\\/image\\\/\"},\"sameAs\":[\"https:\\\/\\\/www.linkedin.com\\\/company\\\/lda-belgium-nv\"]}]}<\/script>\n<!-- \/ Yoast SEO plugin. -->","yoast_head_json":{"title":"B1 et B1T PG9 1\/2\" Connecteurs pour \u00e9lectrovannes - LDA Belgique","description":"Connecteurs pour \u00e9lectrovannes Omal B1\/B1T avec raccord 1\/2\u201d NPTF, jusqu'\u00e0 16 A, en option avec LED et varistance. Demandez un devis \u00e0 LDA Belgique.","robots":{"index":"index","follow":"follow","max-snippet":"max-snippet:-1","max-image-preview":"max-image-preview:large","max-video-preview":"max-video-preview:-1"},"canonical":"https:\/\/lda.be\/fr\/produit\/b1-et-b1t-pg9-1-2-connecteurs-pour-electrovannes\/","og_locale":"fr_FR","og_type":"article","og_title":"B1 et B1T PG9 1\/2\" Connecteurs pour \u00e9lectrovannes - LDA Belgique","og_description":"Connecteurs pour \u00e9lectrovannes Omal B1\/B1T avec raccord 1\/2\u201d NPTF, jusqu'\u00e0 16 A, en option avec LED et varistance. Demandez un devis \u00e0 LDA Belgique.","og_url":"https:\/\/lda.be\/fr\/produit\/b1-et-b1t-pg9-1-2-connecteurs-pour-electrovannes\/","og_site_name":"LDA Belgique","article_modified_time":"2025-07-24T12:04:21+00:00","og_image":[{"width":800,"height":800,"url":"https:\/\/lda.be\/wp-content\/uploads\/2025\/07\/b1-en-t.webp","type":"image\/webp"}],"twitter_card":"summary_large_image","twitter_misc":{"Dur\u00e9e de lecture estim\u00e9e":"1 minute"},"schema":{"@context":"https:\/\/schema.org","@graph":[{"@type":"WebPage","@id":"https:\/\/lda.be\/fr\/produit\/b1-et-b1t-pg9-1-2-connecteurs-pour-electrovannes\/","url":"https:\/\/lda.be\/fr\/produit\/b1-et-b1t-pg9-1-2-connecteurs-pour-electrovannes\/","name":"B1 et B1T PG9 1\/2\" Connecteurs pour \u00e9lectrovannes - LDA Belgique","isPartOf":{"@id":"https:\/\/lda.be\/fr\/#website"},"primaryImageOfPage":{"@id":"https:\/\/lda.be\/fr\/produit\/b1-et-b1t-pg9-1-2-connecteurs-pour-electrovannes\/#primaryimage"},"image":{"@id":"https:\/\/lda.be\/fr\/produit\/b1-et-b1t-pg9-1-2-connecteurs-pour-electrovannes\/#primaryimage"},"thumbnailUrl":"https:\/\/lda.be\/wp-content\/uploads\/2025\/07\/b1-en-t.webp","datePublished":"2025-07-24T11:56:32+00:00","dateModified":"2025-07-24T12:04:21+00:00","description":"Connecteurs pour \u00e9lectrovannes Omal B1\/B1T avec raccord 1\/2\u201d NPTF, jusqu'\u00e0 16 A, en option avec LED et varistance. Demandez un devis \u00e0 LDA Belgique.","breadcrumb":{"@id":"https:\/\/lda.be\/fr\/produit\/b1-et-b1t-pg9-1-2-connecteurs-pour-electrovannes\/#breadcrumb"},"inLanguage":"fr-FR","potentialAction":[{"@type":"ReadAction","target":["https:\/\/lda.be\/fr\/produit\/b1-et-b1t-pg9-1-2-connecteurs-pour-electrovannes\/"]}]},{"@type":"ImageObject","inLanguage":"fr-FR","@id":"https:\/\/lda.be\/fr\/produit\/b1-et-b1t-pg9-1-2-connecteurs-pour-electrovannes\/#primaryimage","url":"https:\/\/lda.be\/wp-content\/uploads\/2025\/07\/b1-en-t.webp","contentUrl":"https:\/\/lda.be\/wp-content\/uploads\/2025\/07\/b1-en-t.webp","width":800,"height":800,"caption":"B1 - B1T 1\/2\" product van Omal"},{"@type":"BreadcrumbList","@id":"https:\/\/lda.be\/fr\/produit\/b1-et-b1t-pg9-1-2-connecteurs-pour-electrovannes\/#breadcrumb","itemListElement":[{"@type":"ListItem","position":1,"name":"Accueil","item":"https:\/\/lda.be\/fr\/"},{"@type":"ListItem","position":2,"name":"Produits","item":"https:\/\/lda.be\/fr\/produits\/"},{"@type":"ListItem","position":3,"name":"B1 et B1T PG9 1\/2&#8243; Connecteurs pour \u00e9lectrovannes"}]},{"@type":"WebSite","@id":"https:\/\/lda.be\/fr\/#website","url":"https:\/\/lda.be\/fr\/","name":"LDA Belgium","description":"Solutions For Life","publisher":{"@id":"https:\/\/lda.be\/fr\/#organization"},"potentialAction":[{"@type":"SearchAction","target":{"@type":"EntryPoint","urlTemplate":"https:\/\/lda.be\/fr\/?s={search_term_string}"},"query-input":{"@type":"PropertyValueSpecification","valueRequired":true,"valueName":"search_term_string"}}],"inLanguage":"fr-FR"},{"@type":"Organization","@id":"https:\/\/lda.be\/fr\/#organization","name":"LDA Belgium","url":"https:\/\/lda.be\/fr\/","logo":{"@type":"ImageObject","inLanguage":"fr-FR","@id":"https:\/\/lda.be\/fr\/#\/schema\/logo\/image\/","url":"https:\/\/lda.be\/wp-content\/uploads\/2022\/07\/Logo-LDA.webp","contentUrl":"https:\/\/lda.be\/wp-content\/uploads\/2022\/07\/Logo-LDA.webp","width":311,"height":101,"caption":"LDA Belgium"},"image":{"@id":"https:\/\/lda.be\/fr\/#\/schema\/logo\/image\/"},"sameAs":["https:\/\/www.linkedin.com\/company\/lda-belgium-nv"]}]}},"_links":{"self":[{"href":"https:\/\/lda.be\/fr\/wp-json\/wp\/v2\/product\/10027","targetHints":{"allow":["GET"]}}],"collection":[{"href":"https:\/\/lda.be\/fr\/wp-json\/wp\/v2\/product"}],"about":[{"href":"https:\/\/lda.be\/fr\/wp-json\/wp\/v2\/types\/product"}],"replies":[{"embeddable":true,"href":"https:\/\/lda.be\/fr\/wp-json\/wp\/v2\/comments?post=10027"}],"wp:featuredmedia":[{"embeddable":true,"href":"https:\/\/lda.be\/fr\/wp-json\/wp\/v2\/media\/10022"}],"wp:attachment":[{"href":"https:\/\/lda.be\/fr\/wp-json\/wp\/v2\/media?parent=10027"}],"wp:term":[{"taxonomy":"product_brand","embeddable":true,"href":"https:\/\/lda.be\/fr\/wp-json\/wp\/v2\/product_brand?post=10027"},{"taxonomy":"product_cat","embeddable":true,"href":"https:\/\/lda.be\/fr\/wp-json\/wp\/v2\/product_cat?post=10027"},{"taxonomy":"product_tag","embeddable":true,"href":"https:\/\/lda.be\/fr\/wp-json\/wp\/v2\/product_tag?post=10027"}],"curies":[{"name":"wp","href":"https:\/\/api.w.org\/{rel}","templated":true}]}}