{"id":10045,"date":"2025-07-24T13:34:48","date_gmt":"2025-07-24T12:34:48","guid":{"rendered":"https:\/\/lda.be\/?post_type=product&#038;p=10045"},"modified":"2025-07-24T13:56:26","modified_gmt":"2025-07-24T12:56:26","slug":"b1-b1t-1-2-connecteurs-electrovannes-industrielles-standard","status":"publish","type":"product","link":"https:\/\/lda.be\/fr\/produit\/b1-b1t-1-2-connecteurs-electrovannes-industrielles-standard\/","title":{"rendered":"B1 &#8211; B1T 1\/2\u201d Connecteurs \u00e9lectrovannes industrielles standard"},"content":{"rendered":"<p>Les mod\u00e8les B1 et B1T 1\/2\u201d NPTF INDUSTRIAL sont des connecteurs pour \u00e9lectrovannes con\u00e7us conform\u00e9ment \u00e0 la norme EN 175301-803 type B (DIN 43650). Les deux mod\u00e8les sont \u00e9quip\u00e9s d&#8217;un bo\u00eetier robuste en PA 66 renforc\u00e9 \u00e0 30 % de fibre de verre, r\u00e9sistant aux environnements industriels difficiles.<\/p>\n<p>Le B1 est la version standard sans \u00e9lectronique, tandis que le B1T est \u00e9quip\u00e9 de composants \u00e9lectroniques int\u00e9gr\u00e9s tels que des LED, des varistances ou un pont redresseur. Les B1 et B1T 1\/2\u201d connecteurs de vanne magn\u00e9tique disposent d&#8217;un raccord NPTF 1\/2&#8243;, d&#8217;une plage de diam\u00e8tre de c\u00e2ble de 6 \u00e0 8 mm et offrent un indice de protection IP65 selon la norme EN 60529, id\u00e9al pour les applications o\u00f9 il y a de la poussi\u00e8re et des projections d&#8217;eau.<\/p>\n<p>Les contacts plaqu\u00e9s or ou argent en CuZn supportent un courant nominal de 10 A (max. 16 A), adapt\u00e9 jusqu&#8217;\u00e0 250 V CA \/ 300 V CC. L&#8217;entraxe est de 11 mm et la temp\u00e9rature de fonctionnement va de -30 \u00b0C \u00e0 +125 \u00b0C. La version \u00e9lectronique (B1T) prend en charge des circuits sp\u00e9cifiques tels que l&#8217;indication LED, la protection contre les surtensions ou la protection par diode.<\/p>\n<p>Les connecteurs pour \u00e9lectrovannes sont disponibles en diff\u00e9rentes versions et configurations (par exemple H12, H6) et peuvent \u00e9galement \u00eatre personnalis\u00e9s sur demande.<\/p>\n<p>Vous souhaitez obtenir des conseils personnalis\u00e9s ou un devis adapt\u00e9 \u00e0 votre projet ? Demandez votre devis \u00e0 LDA Belgique <a href=\"https:\/\/lda.be\/fr\/contact\/\">ici<\/a>.<\/p>\n","protected":false},"excerpt":{"rendered":"<p>Les mod\u00e8les B1 et B1T 1\/2\u201d NPTF INDUSTRIAL sont des connecteurs pour \u00e9lectrovannes con\u00e7us conform\u00e9ment \u00e0 la norme EN 175301-803 type B (DIN 43650). Les deux mod\u00e8les sont \u00e9quip\u00e9s d&#8217;un bo\u00eetier robuste en PA 66 renforc\u00e9 \u00e0 30 % de fibre de verre, r\u00e9sistant aux environnements industriels difficiles. Le B1 est la version standard sans [&hellip;]<\/p>\n","protected":false},"featured_media":10030,"comment_status":"closed","ping_status":"closed","template":"","meta":[],"product_brand":[1609],"product_cat":[818,828,1608],"product_tag":[],"class_list":{"0":"post-10045","1":"product","2":"type-product","3":"status-publish","4":"has-post-thumbnail","6":"product_brand-omal","7":"product_cat-connecteurs-et-cables","8":"product_cat-connecteurs","9":"product_cat-connecteurs-industriels-de-type-a-b-c-et-micro","11":"first","12":"instock","13":"shipping-taxable","14":"product-type-simple"},"yoast_head":"<!-- This site is optimized with the Yoast SEO plugin v27.3 - https:\/\/yoast.com\/product\/yoast-seo-wordpress\/ -->\n<title>B1 - B1T 1\/2\u201d Connecteurs \u00e9lectrovannes industrielles standard - LDA Belgique<\/title>\n<meta name=\"description\" content=\"D\u00e9couvrez les connecteurs pour \u00e9lectrovannes industrielles Omal B1 et B1T 1\/2\u201d NPTF avec IP65 DIN43650. Demandez d\u00e8s maintenant un devis \u00e0 LDA Belgique.\" \/>\n<meta name=\"robots\" content=\"index, follow, max-snippet:-1, max-image-preview:large, max-video-preview:-1\" \/>\n<link rel=\"canonical\" href=\"https:\/\/lda.be\/fr\/produit\/b1-b1t-1-2-connecteurs-electrovannes-industrielles-standard\/\" \/>\n<meta property=\"og:locale\" content=\"fr_FR\" \/>\n<meta property=\"og:type\" content=\"article\" \/>\n<meta property=\"og:title\" content=\"B1 - B1T 1\/2\u201d Connecteurs \u00e9lectrovannes industrielles standard - LDA Belgique\" \/>\n<meta property=\"og:description\" content=\"D\u00e9couvrez les connecteurs pour \u00e9lectrovannes industrielles Omal B1 et B1T 1\/2\u201d NPTF avec IP65 DIN43650. Demandez d\u00e8s maintenant un devis \u00e0 LDA Belgique.\" \/>\n<meta property=\"og:url\" content=\"https:\/\/lda.be\/fr\/produit\/b1-b1t-1-2-connecteurs-electrovannes-industrielles-standard\/\" \/>\n<meta property=\"og:site_name\" content=\"LDA Belgique\" \/>\n<meta property=\"article:modified_time\" content=\"2025-07-24T12:56:26+00:00\" \/>\n<meta property=\"og:image\" content=\"https:\/\/lda.be\/wp-content\/uploads\/2025\/07\/b1-en-t-1.webp\" \/>\n\t<meta property=\"og:image:width\" content=\"800\" \/>\n\t<meta property=\"og:image:height\" content=\"800\" \/>\n\t<meta property=\"og:image:type\" content=\"image\/webp\" \/>\n<meta name=\"twitter:card\" content=\"summary_large_image\" \/>\n<meta name=\"twitter:label1\" content=\"Dur\u00e9e de lecture estim\u00e9e\" \/>\n\t<meta name=\"twitter:data1\" content=\"2 minutes\" \/>\n<script type=\"application\/ld+json\" class=\"yoast-schema-graph\">{\"@context\":\"https:\\\/\\\/schema.org\",\"@graph\":[{\"@type\":\"WebPage\",\"@id\":\"https:\\\/\\\/lda.be\\\/fr\\\/produit\\\/b1-b1t-1-2-connecteurs-electrovannes-industrielles-standard\\\/\",\"url\":\"https:\\\/\\\/lda.be\\\/fr\\\/produit\\\/b1-b1t-1-2-connecteurs-electrovannes-industrielles-standard\\\/\",\"name\":\"B1 - B1T 1\\\/2\u201d Connecteurs \u00e9lectrovannes industrielles standard - LDA Belgique\",\"isPartOf\":{\"@id\":\"https:\\\/\\\/lda.be\\\/fr\\\/#website\"},\"primaryImageOfPage\":{\"@id\":\"https:\\\/\\\/lda.be\\\/fr\\\/produit\\\/b1-b1t-1-2-connecteurs-electrovannes-industrielles-standard\\\/#primaryimage\"},\"image\":{\"@id\":\"https:\\\/\\\/lda.be\\\/fr\\\/produit\\\/b1-b1t-1-2-connecteurs-electrovannes-industrielles-standard\\\/#primaryimage\"},\"thumbnailUrl\":\"https:\\\/\\\/lda.be\\\/wp-content\\\/uploads\\\/2025\\\/07\\\/b1-en-t-1.webp\",\"datePublished\":\"2025-07-24T12:34:48+00:00\",\"dateModified\":\"2025-07-24T12:56:26+00:00\",\"description\":\"D\u00e9couvrez les connecteurs pour \u00e9lectrovannes industrielles Omal B1 et B1T 1\\\/2\u201d NPTF avec IP65 DIN43650. Demandez d\u00e8s maintenant un devis \u00e0 LDA Belgique.\",\"breadcrumb\":{\"@id\":\"https:\\\/\\\/lda.be\\\/fr\\\/produit\\\/b1-b1t-1-2-connecteurs-electrovannes-industrielles-standard\\\/#breadcrumb\"},\"inLanguage\":\"fr-FR\",\"potentialAction\":[{\"@type\":\"ReadAction\",\"target\":[\"https:\\\/\\\/lda.be\\\/fr\\\/produit\\\/b1-b1t-1-2-connecteurs-electrovannes-industrielles-standard\\\/\"]}]},{\"@type\":\"ImageObject\",\"inLanguage\":\"fr-FR\",\"@id\":\"https:\\\/\\\/lda.be\\\/fr\\\/produit\\\/b1-b1t-1-2-connecteurs-electrovannes-industrielles-standard\\\/#primaryimage\",\"url\":\"https:\\\/\\\/lda.be\\\/wp-content\\\/uploads\\\/2025\\\/07\\\/b1-en-t-1.webp\",\"contentUrl\":\"https:\\\/\\\/lda.be\\\/wp-content\\\/uploads\\\/2025\\\/07\\\/b1-en-t-1.webp\",\"width\":800,\"height\":800,\"caption\":\"Omal B1 - B1T 1\\\/2\u201d industrieel standaard magneetventielconnectoren\"},{\"@type\":\"BreadcrumbList\",\"@id\":\"https:\\\/\\\/lda.be\\\/fr\\\/produit\\\/b1-b1t-1-2-connecteurs-electrovannes-industrielles-standard\\\/#breadcrumb\",\"itemListElement\":[{\"@type\":\"ListItem\",\"position\":1,\"name\":\"Accueil\",\"item\":\"https:\\\/\\\/lda.be\\\/fr\\\/\"},{\"@type\":\"ListItem\",\"position\":2,\"name\":\"Produits\",\"item\":\"https:\\\/\\\/lda.be\\\/fr\\\/produits\\\/\"},{\"@type\":\"ListItem\",\"position\":3,\"name\":\"B1 &#8211; B1T 1\\\/2\u201d Connecteurs \u00e9lectrovannes industrielles standard\"}]},{\"@type\":\"WebSite\",\"@id\":\"https:\\\/\\\/lda.be\\\/fr\\\/#website\",\"url\":\"https:\\\/\\\/lda.be\\\/fr\\\/\",\"name\":\"LDA Belgium\",\"description\":\"Solutions For Life\",\"publisher\":{\"@id\":\"https:\\\/\\\/lda.be\\\/fr\\\/#organization\"},\"potentialAction\":[{\"@type\":\"SearchAction\",\"target\":{\"@type\":\"EntryPoint\",\"urlTemplate\":\"https:\\\/\\\/lda.be\\\/fr\\\/?s={search_term_string}\"},\"query-input\":{\"@type\":\"PropertyValueSpecification\",\"valueRequired\":true,\"valueName\":\"search_term_string\"}}],\"inLanguage\":\"fr-FR\"},{\"@type\":\"Organization\",\"@id\":\"https:\\\/\\\/lda.be\\\/fr\\\/#organization\",\"name\":\"LDA Belgium\",\"url\":\"https:\\\/\\\/lda.be\\\/fr\\\/\",\"logo\":{\"@type\":\"ImageObject\",\"inLanguage\":\"fr-FR\",\"@id\":\"https:\\\/\\\/lda.be\\\/fr\\\/#\\\/schema\\\/logo\\\/image\\\/\",\"url\":\"https:\\\/\\\/lda.be\\\/wp-content\\\/uploads\\\/2022\\\/07\\\/Logo-LDA.webp\",\"contentUrl\":\"https:\\\/\\\/lda.be\\\/wp-content\\\/uploads\\\/2022\\\/07\\\/Logo-LDA.webp\",\"width\":311,\"height\":101,\"caption\":\"LDA Belgium\"},\"image\":{\"@id\":\"https:\\\/\\\/lda.be\\\/fr\\\/#\\\/schema\\\/logo\\\/image\\\/\"},\"sameAs\":[\"https:\\\/\\\/www.linkedin.com\\\/company\\\/lda-belgium-nv\"]}]}<\/script>\n<!-- \/ Yoast SEO plugin. -->","yoast_head_json":{"title":"B1 - B1T 1\/2\u201d Connecteurs \u00e9lectrovannes industrielles standard - LDA Belgique","description":"D\u00e9couvrez les connecteurs pour \u00e9lectrovannes industrielles Omal B1 et B1T 1\/2\u201d NPTF avec IP65 DIN43650. Demandez d\u00e8s maintenant un devis \u00e0 LDA Belgique.","robots":{"index":"index","follow":"follow","max-snippet":"max-snippet:-1","max-image-preview":"max-image-preview:large","max-video-preview":"max-video-preview:-1"},"canonical":"https:\/\/lda.be\/fr\/produit\/b1-b1t-1-2-connecteurs-electrovannes-industrielles-standard\/","og_locale":"fr_FR","og_type":"article","og_title":"B1 - B1T 1\/2\u201d Connecteurs \u00e9lectrovannes industrielles standard - LDA Belgique","og_description":"D\u00e9couvrez les connecteurs pour \u00e9lectrovannes industrielles Omal B1 et B1T 1\/2\u201d NPTF avec IP65 DIN43650. Demandez d\u00e8s maintenant un devis \u00e0 LDA Belgique.","og_url":"https:\/\/lda.be\/fr\/produit\/b1-b1t-1-2-connecteurs-electrovannes-industrielles-standard\/","og_site_name":"LDA Belgique","article_modified_time":"2025-07-24T12:56:26+00:00","og_image":[{"width":800,"height":800,"url":"https:\/\/lda.be\/wp-content\/uploads\/2025\/07\/b1-en-t-1.webp","type":"image\/webp"}],"twitter_card":"summary_large_image","twitter_misc":{"Dur\u00e9e de lecture estim\u00e9e":"2 minutes"},"schema":{"@context":"https:\/\/schema.org","@graph":[{"@type":"WebPage","@id":"https:\/\/lda.be\/fr\/produit\/b1-b1t-1-2-connecteurs-electrovannes-industrielles-standard\/","url":"https:\/\/lda.be\/fr\/produit\/b1-b1t-1-2-connecteurs-electrovannes-industrielles-standard\/","name":"B1 - B1T 1\/2\u201d Connecteurs \u00e9lectrovannes industrielles standard - LDA Belgique","isPartOf":{"@id":"https:\/\/lda.be\/fr\/#website"},"primaryImageOfPage":{"@id":"https:\/\/lda.be\/fr\/produit\/b1-b1t-1-2-connecteurs-electrovannes-industrielles-standard\/#primaryimage"},"image":{"@id":"https:\/\/lda.be\/fr\/produit\/b1-b1t-1-2-connecteurs-electrovannes-industrielles-standard\/#primaryimage"},"thumbnailUrl":"https:\/\/lda.be\/wp-content\/uploads\/2025\/07\/b1-en-t-1.webp","datePublished":"2025-07-24T12:34:48+00:00","dateModified":"2025-07-24T12:56:26+00:00","description":"D\u00e9couvrez les connecteurs pour \u00e9lectrovannes industrielles Omal B1 et B1T 1\/2\u201d NPTF avec IP65 DIN43650. Demandez d\u00e8s maintenant un devis \u00e0 LDA Belgique.","breadcrumb":{"@id":"https:\/\/lda.be\/fr\/produit\/b1-b1t-1-2-connecteurs-electrovannes-industrielles-standard\/#breadcrumb"},"inLanguage":"fr-FR","potentialAction":[{"@type":"ReadAction","target":["https:\/\/lda.be\/fr\/produit\/b1-b1t-1-2-connecteurs-electrovannes-industrielles-standard\/"]}]},{"@type":"ImageObject","inLanguage":"fr-FR","@id":"https:\/\/lda.be\/fr\/produit\/b1-b1t-1-2-connecteurs-electrovannes-industrielles-standard\/#primaryimage","url":"https:\/\/lda.be\/wp-content\/uploads\/2025\/07\/b1-en-t-1.webp","contentUrl":"https:\/\/lda.be\/wp-content\/uploads\/2025\/07\/b1-en-t-1.webp","width":800,"height":800,"caption":"Omal B1 - B1T 1\/2\u201d industrieel standaard magneetventielconnectoren"},{"@type":"BreadcrumbList","@id":"https:\/\/lda.be\/fr\/produit\/b1-b1t-1-2-connecteurs-electrovannes-industrielles-standard\/#breadcrumb","itemListElement":[{"@type":"ListItem","position":1,"name":"Accueil","item":"https:\/\/lda.be\/fr\/"},{"@type":"ListItem","position":2,"name":"Produits","item":"https:\/\/lda.be\/fr\/produits\/"},{"@type":"ListItem","position":3,"name":"B1 &#8211; B1T 1\/2\u201d Connecteurs \u00e9lectrovannes industrielles standard"}]},{"@type":"WebSite","@id":"https:\/\/lda.be\/fr\/#website","url":"https:\/\/lda.be\/fr\/","name":"LDA Belgium","description":"Solutions For Life","publisher":{"@id":"https:\/\/lda.be\/fr\/#organization"},"potentialAction":[{"@type":"SearchAction","target":{"@type":"EntryPoint","urlTemplate":"https:\/\/lda.be\/fr\/?s={search_term_string}"},"query-input":{"@type":"PropertyValueSpecification","valueRequired":true,"valueName":"search_term_string"}}],"inLanguage":"fr-FR"},{"@type":"Organization","@id":"https:\/\/lda.be\/fr\/#organization","name":"LDA Belgium","url":"https:\/\/lda.be\/fr\/","logo":{"@type":"ImageObject","inLanguage":"fr-FR","@id":"https:\/\/lda.be\/fr\/#\/schema\/logo\/image\/","url":"https:\/\/lda.be\/wp-content\/uploads\/2022\/07\/Logo-LDA.webp","contentUrl":"https:\/\/lda.be\/wp-content\/uploads\/2022\/07\/Logo-LDA.webp","width":311,"height":101,"caption":"LDA Belgium"},"image":{"@id":"https:\/\/lda.be\/fr\/#\/schema\/logo\/image\/"},"sameAs":["https:\/\/www.linkedin.com\/company\/lda-belgium-nv"]}]}},"_links":{"self":[{"href":"https:\/\/lda.be\/fr\/wp-json\/wp\/v2\/product\/10045","targetHints":{"allow":["GET"]}}],"collection":[{"href":"https:\/\/lda.be\/fr\/wp-json\/wp\/v2\/product"}],"about":[{"href":"https:\/\/lda.be\/fr\/wp-json\/wp\/v2\/types\/product"}],"replies":[{"embeddable":true,"href":"https:\/\/lda.be\/fr\/wp-json\/wp\/v2\/comments?post=10045"}],"wp:featuredmedia":[{"embeddable":true,"href":"https:\/\/lda.be\/fr\/wp-json\/wp\/v2\/media\/10030"}],"wp:attachment":[{"href":"https:\/\/lda.be\/fr\/wp-json\/wp\/v2\/media?parent=10045"}],"wp:term":[{"taxonomy":"product_brand","embeddable":true,"href":"https:\/\/lda.be\/fr\/wp-json\/wp\/v2\/product_brand?post=10045"},{"taxonomy":"product_cat","embeddable":true,"href":"https:\/\/lda.be\/fr\/wp-json\/wp\/v2\/product_cat?post=10045"},{"taxonomy":"product_tag","embeddable":true,"href":"https:\/\/lda.be\/fr\/wp-json\/wp\/v2\/product_tag?post=10045"}],"curies":[{"name":"wp","href":"https:\/\/api.w.org\/{rel}","templated":true}]}}