{"id":10055,"date":"2025-07-24T15:03:22","date_gmt":"2025-07-24T14:03:22","guid":{"rendered":"https:\/\/lda.be\/?post_type=product&#038;p=10055"},"modified":"2025-07-24T15:32:03","modified_gmt":"2025-07-24T14:32:03","slug":"b1-et-b1t-pge-connecteurs-pour-electrovannes","status":"publish","type":"product","link":"https:\/\/lda.be\/fr\/produit\/b1-et-b1t-pge-connecteurs-pour-electrovannes\/","title":{"rendered":"B1 et B1T PGE Connecteurs pour \u00e9lectrovannes"},"content":{"rendered":"<p>The Omal B1 and B1T PGE solenoid valve connectors with connection have been developed in accordance with the EN 175301-803 type B (DIN 43650) standard and designed for use in industrial applications where a high degree of sealing is required. Thanks to their IP67 protection rating, these connectors offer reliable performance, even in humid or dusty environments.<\/p>\n<p>The B1 is the standard version without electronic components, while the B1T is equipped with integrated electronics such as LED indication, varistors, or bridge rectification. Both B1 and B1T PGE are equipped with a PGE connection and are suitable for cable diameters from 6 to 8 mm.<\/p>\n<p>The housing is made of PA 66 with 30% glass fiber, which ensures high mechanical strength and temperature resistance from -30\u00b0C to +125\u00b0C (or up to +90\u00b0C depending on internal circuitry). The gold-plated or silver-plated CuZn contacts can handle a maximum current of 16 A with a nominal value of 10 A and a voltage of up to 250 V AC \/ 300 V DC. The contact distance is 10 mm.<\/p>\n<p>These B1 and B1T PGE connectors are available in different orientations (H12, H6, etc.) and can also be fully customized on request.<\/p>\n<p>Want to know more or discuss your application right away? Simply request a quote from LDA Belgium.<\/p>\n","protected":false},"excerpt":{"rendered":"<p>The Omal B1 and B1T PGE solenoid valve connectors with connection have been developed in accordance with the EN 175301-803 type B (DIN 43650) standard and designed for use in industrial applications where a high degree of sealing is required. Thanks to their IP67 protection rating, these connectors offer reliable performance, even in humid or [&hellip;]<\/p>\n","protected":false},"featured_media":10053,"comment_status":"closed","ping_status":"closed","template":"","meta":[],"product_brand":[1609],"product_cat":[818,828,1608],"product_tag":[],"class_list":{"0":"post-10055","1":"product","2":"type-product","3":"status-publish","4":"has-post-thumbnail","6":"product_brand-omal","7":"product_cat-connecteurs-et-cables","8":"product_cat-connecteurs","9":"product_cat-connecteurs-industriels-de-type-a-b-c-et-micro","11":"first","12":"instock","13":"shipping-taxable","14":"product-type-simple"},"yoast_head":"<!-- This site is optimized with the Yoast SEO plugin v27.3 - https:\/\/yoast.com\/product\/yoast-seo-wordpress\/ -->\n<title>B1 et B1T PGE Connecteurs pour \u00e9lectrovannes - LDA Belgique<\/title>\n<meta name=\"description\" content=\"Connecteurs pour \u00e9lectrovannes Omal B1 et B1T PGE. Adapt\u00e9s aux applications industrielles. Demandez d\u00e8s maintenant un devis \u00e0 LDA Belgique.\" \/>\n<meta name=\"robots\" content=\"index, follow, max-snippet:-1, max-image-preview:large, max-video-preview:-1\" \/>\n<link rel=\"canonical\" href=\"https:\/\/lda.be\/fr\/produit\/b1-et-b1t-pge-connecteurs-pour-electrovannes\/\" \/>\n<meta property=\"og:locale\" content=\"fr_FR\" \/>\n<meta property=\"og:type\" content=\"article\" \/>\n<meta property=\"og:title\" content=\"B1 et B1T PGE Connecteurs pour \u00e9lectrovannes - LDA Belgique\" \/>\n<meta property=\"og:description\" content=\"Connecteurs pour \u00e9lectrovannes Omal B1 et B1T PGE. Adapt\u00e9s aux applications industrielles. Demandez d\u00e8s maintenant un devis \u00e0 LDA Belgique.\" \/>\n<meta property=\"og:url\" content=\"https:\/\/lda.be\/fr\/produit\/b1-et-b1t-pge-connecteurs-pour-electrovannes\/\" \/>\n<meta property=\"og:site_name\" content=\"LDA Belgique\" \/>\n<meta property=\"article:modified_time\" content=\"2025-07-24T14:32:03+00:00\" \/>\n<meta property=\"og:image\" content=\"https:\/\/lda.be\/wp-content\/uploads\/2025\/07\/B1-EN-B1T-PGE-5IP67\u00b0.webp\" \/>\n\t<meta property=\"og:image:width\" content=\"800\" \/>\n\t<meta property=\"og:image:height\" content=\"800\" \/>\n\t<meta property=\"og:image:type\" content=\"image\/webp\" \/>\n<meta name=\"twitter:card\" content=\"summary_large_image\" \/>\n<meta name=\"twitter:label1\" content=\"Dur\u00e9e de lecture estim\u00e9e\" \/>\n\t<meta name=\"twitter:data1\" content=\"2 minutes\" \/>\n<script type=\"application\/ld+json\" class=\"yoast-schema-graph\">{\"@context\":\"https:\\\/\\\/schema.org\",\"@graph\":[{\"@type\":\"WebPage\",\"@id\":\"https:\\\/\\\/lda.be\\\/fr\\\/produit\\\/b1-et-b1t-pge-connecteurs-pour-electrovannes\\\/\",\"url\":\"https:\\\/\\\/lda.be\\\/fr\\\/produit\\\/b1-et-b1t-pge-connecteurs-pour-electrovannes\\\/\",\"name\":\"B1 et B1T PGE Connecteurs pour \u00e9lectrovannes - LDA Belgique\",\"isPartOf\":{\"@id\":\"https:\\\/\\\/lda.be\\\/fr\\\/#website\"},\"primaryImageOfPage\":{\"@id\":\"https:\\\/\\\/lda.be\\\/fr\\\/produit\\\/b1-et-b1t-pge-connecteurs-pour-electrovannes\\\/#primaryimage\"},\"image\":{\"@id\":\"https:\\\/\\\/lda.be\\\/fr\\\/produit\\\/b1-et-b1t-pge-connecteurs-pour-electrovannes\\\/#primaryimage\"},\"thumbnailUrl\":\"https:\\\/\\\/lda.be\\\/wp-content\\\/uploads\\\/2025\\\/07\\\/B1-EN-B1T-PGE-5IP67\u00b0.webp\",\"datePublished\":\"2025-07-24T14:03:22+00:00\",\"dateModified\":\"2025-07-24T14:32:03+00:00\",\"description\":\"Connecteurs pour \u00e9lectrovannes Omal B1 et B1T PGE. Adapt\u00e9s aux applications industrielles. Demandez d\u00e8s maintenant un devis \u00e0 LDA Belgique.\",\"breadcrumb\":{\"@id\":\"https:\\\/\\\/lda.be\\\/fr\\\/produit\\\/b1-et-b1t-pge-connecteurs-pour-electrovannes\\\/#breadcrumb\"},\"inLanguage\":\"fr-FR\",\"potentialAction\":[{\"@type\":\"ReadAction\",\"target\":[\"https:\\\/\\\/lda.be\\\/fr\\\/produit\\\/b1-et-b1t-pge-connecteurs-pour-electrovannes\\\/\"]}]},{\"@type\":\"ImageObject\",\"inLanguage\":\"fr-FR\",\"@id\":\"https:\\\/\\\/lda.be\\\/fr\\\/produit\\\/b1-et-b1t-pge-connecteurs-pour-electrovannes\\\/#primaryimage\",\"url\":\"https:\\\/\\\/lda.be\\\/wp-content\\\/uploads\\\/2025\\\/07\\\/B1-EN-B1T-PGE-5IP67\u00b0.webp\",\"contentUrl\":\"https:\\\/\\\/lda.be\\\/wp-content\\\/uploads\\\/2025\\\/07\\\/B1-EN-B1T-PGE-5IP67\u00b0.webp\",\"width\":800,\"height\":800,\"caption\":\"B1 EN B1T PGE 5IP67\u00b0\"},{\"@type\":\"BreadcrumbList\",\"@id\":\"https:\\\/\\\/lda.be\\\/fr\\\/produit\\\/b1-et-b1t-pge-connecteurs-pour-electrovannes\\\/#breadcrumb\",\"itemListElement\":[{\"@type\":\"ListItem\",\"position\":1,\"name\":\"Accueil\",\"item\":\"https:\\\/\\\/lda.be\\\/fr\\\/\"},{\"@type\":\"ListItem\",\"position\":2,\"name\":\"Produits\",\"item\":\"https:\\\/\\\/lda.be\\\/fr\\\/produits\\\/\"},{\"@type\":\"ListItem\",\"position\":3,\"name\":\"B1 et B1T PGE Connecteurs pour \u00e9lectrovannes\"}]},{\"@type\":\"WebSite\",\"@id\":\"https:\\\/\\\/lda.be\\\/fr\\\/#website\",\"url\":\"https:\\\/\\\/lda.be\\\/fr\\\/\",\"name\":\"LDA Belgium\",\"description\":\"Solutions For Life\",\"publisher\":{\"@id\":\"https:\\\/\\\/lda.be\\\/fr\\\/#organization\"},\"potentialAction\":[{\"@type\":\"SearchAction\",\"target\":{\"@type\":\"EntryPoint\",\"urlTemplate\":\"https:\\\/\\\/lda.be\\\/fr\\\/?s={search_term_string}\"},\"query-input\":{\"@type\":\"PropertyValueSpecification\",\"valueRequired\":true,\"valueName\":\"search_term_string\"}}],\"inLanguage\":\"fr-FR\"},{\"@type\":\"Organization\",\"@id\":\"https:\\\/\\\/lda.be\\\/fr\\\/#organization\",\"name\":\"LDA Belgium\",\"url\":\"https:\\\/\\\/lda.be\\\/fr\\\/\",\"logo\":{\"@type\":\"ImageObject\",\"inLanguage\":\"fr-FR\",\"@id\":\"https:\\\/\\\/lda.be\\\/fr\\\/#\\\/schema\\\/logo\\\/image\\\/\",\"url\":\"https:\\\/\\\/lda.be\\\/wp-content\\\/uploads\\\/2022\\\/07\\\/Logo-LDA.webp\",\"contentUrl\":\"https:\\\/\\\/lda.be\\\/wp-content\\\/uploads\\\/2022\\\/07\\\/Logo-LDA.webp\",\"width\":311,\"height\":101,\"caption\":\"LDA Belgium\"},\"image\":{\"@id\":\"https:\\\/\\\/lda.be\\\/fr\\\/#\\\/schema\\\/logo\\\/image\\\/\"},\"sameAs\":[\"https:\\\/\\\/www.linkedin.com\\\/company\\\/lda-belgium-nv\"]}]}<\/script>\n<!-- \/ Yoast SEO plugin. -->","yoast_head_json":{"title":"B1 et B1T PGE Connecteurs pour \u00e9lectrovannes - LDA Belgique","description":"Connecteurs pour \u00e9lectrovannes Omal B1 et B1T PGE. Adapt\u00e9s aux applications industrielles. Demandez d\u00e8s maintenant un devis \u00e0 LDA Belgique.","robots":{"index":"index","follow":"follow","max-snippet":"max-snippet:-1","max-image-preview":"max-image-preview:large","max-video-preview":"max-video-preview:-1"},"canonical":"https:\/\/lda.be\/fr\/produit\/b1-et-b1t-pge-connecteurs-pour-electrovannes\/","og_locale":"fr_FR","og_type":"article","og_title":"B1 et B1T PGE Connecteurs pour \u00e9lectrovannes - LDA Belgique","og_description":"Connecteurs pour \u00e9lectrovannes Omal B1 et B1T PGE. Adapt\u00e9s aux applications industrielles. Demandez d\u00e8s maintenant un devis \u00e0 LDA Belgique.","og_url":"https:\/\/lda.be\/fr\/produit\/b1-et-b1t-pge-connecteurs-pour-electrovannes\/","og_site_name":"LDA Belgique","article_modified_time":"2025-07-24T14:32:03+00:00","og_image":[{"width":800,"height":800,"url":"https:\/\/lda.be\/wp-content\/uploads\/2025\/07\/B1-EN-B1T-PGE-5IP67\u00b0.webp","type":"image\/webp"}],"twitter_card":"summary_large_image","twitter_misc":{"Dur\u00e9e de lecture estim\u00e9e":"2 minutes"},"schema":{"@context":"https:\/\/schema.org","@graph":[{"@type":"WebPage","@id":"https:\/\/lda.be\/fr\/produit\/b1-et-b1t-pge-connecteurs-pour-electrovannes\/","url":"https:\/\/lda.be\/fr\/produit\/b1-et-b1t-pge-connecteurs-pour-electrovannes\/","name":"B1 et B1T PGE Connecteurs pour \u00e9lectrovannes - LDA Belgique","isPartOf":{"@id":"https:\/\/lda.be\/fr\/#website"},"primaryImageOfPage":{"@id":"https:\/\/lda.be\/fr\/produit\/b1-et-b1t-pge-connecteurs-pour-electrovannes\/#primaryimage"},"image":{"@id":"https:\/\/lda.be\/fr\/produit\/b1-et-b1t-pge-connecteurs-pour-electrovannes\/#primaryimage"},"thumbnailUrl":"https:\/\/lda.be\/wp-content\/uploads\/2025\/07\/B1-EN-B1T-PGE-5IP67\u00b0.webp","datePublished":"2025-07-24T14:03:22+00:00","dateModified":"2025-07-24T14:32:03+00:00","description":"Connecteurs pour \u00e9lectrovannes Omal B1 et B1T PGE. Adapt\u00e9s aux applications industrielles. Demandez d\u00e8s maintenant un devis \u00e0 LDA Belgique.","breadcrumb":{"@id":"https:\/\/lda.be\/fr\/produit\/b1-et-b1t-pge-connecteurs-pour-electrovannes\/#breadcrumb"},"inLanguage":"fr-FR","potentialAction":[{"@type":"ReadAction","target":["https:\/\/lda.be\/fr\/produit\/b1-et-b1t-pge-connecteurs-pour-electrovannes\/"]}]},{"@type":"ImageObject","inLanguage":"fr-FR","@id":"https:\/\/lda.be\/fr\/produit\/b1-et-b1t-pge-connecteurs-pour-electrovannes\/#primaryimage","url":"https:\/\/lda.be\/wp-content\/uploads\/2025\/07\/B1-EN-B1T-PGE-5IP67\u00b0.webp","contentUrl":"https:\/\/lda.be\/wp-content\/uploads\/2025\/07\/B1-EN-B1T-PGE-5IP67\u00b0.webp","width":800,"height":800,"caption":"B1 EN B1T PGE 5IP67\u00b0"},{"@type":"BreadcrumbList","@id":"https:\/\/lda.be\/fr\/produit\/b1-et-b1t-pge-connecteurs-pour-electrovannes\/#breadcrumb","itemListElement":[{"@type":"ListItem","position":1,"name":"Accueil","item":"https:\/\/lda.be\/fr\/"},{"@type":"ListItem","position":2,"name":"Produits","item":"https:\/\/lda.be\/fr\/produits\/"},{"@type":"ListItem","position":3,"name":"B1 et B1T PGE Connecteurs pour \u00e9lectrovannes"}]},{"@type":"WebSite","@id":"https:\/\/lda.be\/fr\/#website","url":"https:\/\/lda.be\/fr\/","name":"LDA Belgium","description":"Solutions For Life","publisher":{"@id":"https:\/\/lda.be\/fr\/#organization"},"potentialAction":[{"@type":"SearchAction","target":{"@type":"EntryPoint","urlTemplate":"https:\/\/lda.be\/fr\/?s={search_term_string}"},"query-input":{"@type":"PropertyValueSpecification","valueRequired":true,"valueName":"search_term_string"}}],"inLanguage":"fr-FR"},{"@type":"Organization","@id":"https:\/\/lda.be\/fr\/#organization","name":"LDA Belgium","url":"https:\/\/lda.be\/fr\/","logo":{"@type":"ImageObject","inLanguage":"fr-FR","@id":"https:\/\/lda.be\/fr\/#\/schema\/logo\/image\/","url":"https:\/\/lda.be\/wp-content\/uploads\/2022\/07\/Logo-LDA.webp","contentUrl":"https:\/\/lda.be\/wp-content\/uploads\/2022\/07\/Logo-LDA.webp","width":311,"height":101,"caption":"LDA Belgium"},"image":{"@id":"https:\/\/lda.be\/fr\/#\/schema\/logo\/image\/"},"sameAs":["https:\/\/www.linkedin.com\/company\/lda-belgium-nv"]}]}},"_links":{"self":[{"href":"https:\/\/lda.be\/fr\/wp-json\/wp\/v2\/product\/10055","targetHints":{"allow":["GET"]}}],"collection":[{"href":"https:\/\/lda.be\/fr\/wp-json\/wp\/v2\/product"}],"about":[{"href":"https:\/\/lda.be\/fr\/wp-json\/wp\/v2\/types\/product"}],"replies":[{"embeddable":true,"href":"https:\/\/lda.be\/fr\/wp-json\/wp\/v2\/comments?post=10055"}],"wp:featuredmedia":[{"embeddable":true,"href":"https:\/\/lda.be\/fr\/wp-json\/wp\/v2\/media\/10053"}],"wp:attachment":[{"href":"https:\/\/lda.be\/fr\/wp-json\/wp\/v2\/media?parent=10055"}],"wp:term":[{"taxonomy":"product_brand","embeddable":true,"href":"https:\/\/lda.be\/fr\/wp-json\/wp\/v2\/product_brand?post=10055"},{"taxonomy":"product_cat","embeddable":true,"href":"https:\/\/lda.be\/fr\/wp-json\/wp\/v2\/product_cat?post=10055"},{"taxonomy":"product_tag","embeddable":true,"href":"https:\/\/lda.be\/fr\/wp-json\/wp\/v2\/product_tag?post=10055"}],"curies":[{"name":"wp","href":"https:\/\/api.w.org\/{rel}","templated":true}]}}