{"id":10076,"date":"2025-07-25T07:56:44","date_gmt":"2025-07-25T06:56:44","guid":{"rendered":"https:\/\/lda.be\/?post_type=product&#038;p=10076"},"modified":"2025-07-25T08:18:18","modified_gmt":"2025-07-25T07:18:18","slug":"b1-b1t-pge-connecteurs-pour-electrovannes-industriels-standard","status":"publish","type":"product","link":"https:\/\/lda.be\/fr\/produit\/b1-b1t-pge-connecteurs-pour-electrovannes-industriels-standard\/","title":{"rendered":"B1 &#8211; B1T PGE Connecteurs pour \u00e9lectrovannes industriels standard"},"content":{"rendered":"<p>Les connecteurs pour \u00e9lectrovannes B1 et B1T Industrial Standard sont con\u00e7us conform\u00e9ment \u00e0 la norme EN 175301-803 type B (DIN 43650) et constituent une solution fiable pour les applications industrielles o\u00f9 l&#8217;\u00e9tanch\u00e9it\u00e9 \u00e0 l&#8217;eau et \u00e0 la poussi\u00e8re est cruciale. Les deux connecteurs sont \u00e9quip\u00e9s d&#8217;un raccord PGE et conviennent \u00e0 des diam\u00e8tres de c\u00e2ble de 6 \u00e0 8 mm.<\/p>\n<p>Les deux mod\u00e8les sont fabriqu\u00e9s en PA66 renforc\u00e9 (avec 30 % de fibre de verre) pour une durabilit\u00e9 optimale. Le degr\u00e9 de protection IP67 selon la norme EN 60529 garantit une protection contre la poussi\u00e8re et l&#8217;immersion temporaire. Les connecteurs pour \u00e9lectrovannes sont \u00e9quip\u00e9s de contacts CuZn plaqu\u00e9s or ou argent, ont une capacit\u00e9 de courant maximale de 16 A, une valeur nominale de 10 A et supportent des tensions jusqu&#8217;\u00e0 250 V CA \/ 300 V CC. La distance standard entre les centres des contacts est de 11 mm.<\/p>\n<p>Ces connecteurs rectangulaires sont disponibles dans plusieurs orientations (telles que H12 ou H6) et peuvent \u00eatre assembl\u00e9s sur mesure \u00e0 la demande.<\/p>\n<p>Vous \u00eates int\u00e9ress\u00e9 par les connecteurs B1 et B1T Industrial Standard ou vous recherchez une version personnalis\u00e9e ? Demandez un devis sans engagement \u00e0 LDA Belgique.<\/p>\n","protected":false},"excerpt":{"rendered":"<p>Les connecteurs pour \u00e9lectrovannes B1 et B1T Industrial Standard sont con\u00e7us conform\u00e9ment \u00e0 la norme EN 175301-803 type B (DIN 43650) et constituent une solution fiable pour les applications industrielles o\u00f9 l&#8217;\u00e9tanch\u00e9it\u00e9 \u00e0 l&#8217;eau et \u00e0 la poussi\u00e8re est cruciale. Les deux connecteurs sont \u00e9quip\u00e9s d&#8217;un raccord PGE et conviennent \u00e0 des diam\u00e8tres de c\u00e2ble [&hellip;]<\/p>\n","protected":false},"featured_media":10074,"comment_status":"closed","ping_status":"closed","template":"","meta":[],"product_brand":[1609],"product_cat":[818,828,1608],"product_tag":[],"class_list":{"0":"post-10076","1":"product","2":"type-product","3":"status-publish","4":"has-post-thumbnail","6":"product_brand-omal","7":"product_cat-connecteurs-et-cables","8":"product_cat-connecteurs","9":"product_cat-connecteurs-industriels-de-type-a-b-c-et-micro","11":"first","12":"instock","13":"shipping-taxable","14":"product-type-simple"},"yoast_head":"<!-- This site is optimized with the Yoast SEO plugin v27.3 - https:\/\/yoast.com\/product\/yoast-seo-wordpress\/ -->\n<title>B1 - B1T PGE Connecteurs pour \u00e9lectrovannes industriels standard - LDA Belgique<\/title>\n<meta name=\"description\" content=\"Connecteurs pour \u00e9lectrovannes industriels standard B1 et B1T avec raccord PGE et protection IP67 selon DIN 43650. LED et \u00e9lectronique. Devis aupr\u00e8s de LDA Belgique.\" \/>\n<meta name=\"robots\" content=\"index, follow, max-snippet:-1, max-image-preview:large, max-video-preview:-1\" \/>\n<link rel=\"canonical\" href=\"https:\/\/lda.be\/fr\/produit\/b1-b1t-pge-connecteurs-pour-electrovannes-industriels-standard\/\" \/>\n<meta property=\"og:locale\" content=\"fr_FR\" \/>\n<meta property=\"og:type\" content=\"article\" \/>\n<meta property=\"og:title\" content=\"B1 - B1T PGE Connecteurs pour \u00e9lectrovannes industriels standard - LDA Belgique\" \/>\n<meta property=\"og:description\" content=\"Connecteurs pour \u00e9lectrovannes industriels standard B1 et B1T avec raccord PGE et protection IP67 selon DIN 43650. LED et \u00e9lectronique. Devis aupr\u00e8s de LDA Belgique.\" \/>\n<meta property=\"og:url\" content=\"https:\/\/lda.be\/fr\/produit\/b1-b1t-pge-connecteurs-pour-electrovannes-industriels-standard\/\" \/>\n<meta property=\"og:site_name\" content=\"LDA Belgique\" \/>\n<meta property=\"article:modified_time\" content=\"2025-07-25T07:18:18+00:00\" \/>\n<meta property=\"og:image\" content=\"https:\/\/lda.be\/wp-content\/uploads\/2025\/07\/B1-EN-B1T-PGE-5IP67\u00b0-1.webp\" \/>\n\t<meta property=\"og:image:width\" content=\"800\" \/>\n\t<meta property=\"og:image:height\" content=\"800\" \/>\n\t<meta property=\"og:image:type\" content=\"image\/webp\" \/>\n<meta name=\"twitter:card\" content=\"summary_large_image\" \/>\n<meta name=\"twitter:label1\" content=\"Dur\u00e9e de lecture estim\u00e9e\" \/>\n\t<meta name=\"twitter:data1\" content=\"1 minute\" \/>\n<script type=\"application\/ld+json\" class=\"yoast-schema-graph\">{\"@context\":\"https:\\\/\\\/schema.org\",\"@graph\":[{\"@type\":\"WebPage\",\"@id\":\"https:\\\/\\\/lda.be\\\/fr\\\/produit\\\/b1-b1t-pge-connecteurs-pour-electrovannes-industriels-standard\\\/\",\"url\":\"https:\\\/\\\/lda.be\\\/fr\\\/produit\\\/b1-b1t-pge-connecteurs-pour-electrovannes-industriels-standard\\\/\",\"name\":\"B1 - B1T PGE Connecteurs pour \u00e9lectrovannes industriels standard - LDA Belgique\",\"isPartOf\":{\"@id\":\"https:\\\/\\\/lda.be\\\/fr\\\/#website\"},\"primaryImageOfPage\":{\"@id\":\"https:\\\/\\\/lda.be\\\/fr\\\/produit\\\/b1-b1t-pge-connecteurs-pour-electrovannes-industriels-standard\\\/#primaryimage\"},\"image\":{\"@id\":\"https:\\\/\\\/lda.be\\\/fr\\\/produit\\\/b1-b1t-pge-connecteurs-pour-electrovannes-industriels-standard\\\/#primaryimage\"},\"thumbnailUrl\":\"https:\\\/\\\/lda.be\\\/wp-content\\\/uploads\\\/2025\\\/07\\\/B1-EN-B1T-PGE-5IP67\u00b0-1.webp\",\"datePublished\":\"2025-07-25T06:56:44+00:00\",\"dateModified\":\"2025-07-25T07:18:18+00:00\",\"description\":\"Connecteurs pour \u00e9lectrovannes industriels standard B1 et B1T avec raccord PGE et protection IP67 selon DIN 43650. LED et \u00e9lectronique. Devis aupr\u00e8s de LDA Belgique.\",\"breadcrumb\":{\"@id\":\"https:\\\/\\\/lda.be\\\/fr\\\/produit\\\/b1-b1t-pge-connecteurs-pour-electrovannes-industriels-standard\\\/#breadcrumb\"},\"inLanguage\":\"fr-FR\",\"potentialAction\":[{\"@type\":\"ReadAction\",\"target\":[\"https:\\\/\\\/lda.be\\\/fr\\\/produit\\\/b1-b1t-pge-connecteurs-pour-electrovannes-industriels-standard\\\/\"]}]},{\"@type\":\"ImageObject\",\"inLanguage\":\"fr-FR\",\"@id\":\"https:\\\/\\\/lda.be\\\/fr\\\/produit\\\/b1-b1t-pge-connecteurs-pour-electrovannes-industriels-standard\\\/#primaryimage\",\"url\":\"https:\\\/\\\/lda.be\\\/wp-content\\\/uploads\\\/2025\\\/07\\\/B1-EN-B1T-PGE-5IP67\u00b0-1.webp\",\"contentUrl\":\"https:\\\/\\\/lda.be\\\/wp-content\\\/uploads\\\/2025\\\/07\\\/B1-EN-B1T-PGE-5IP67\u00b0-1.webp\",\"width\":800,\"height\":800,\"caption\":\"Afstand: 11 mm Connector: PA 66 + 30% FV Contactmateriaal: CuZn (Ag) Maximale spanning: 250 V AC\\\/300 V DC Maximale stroom: 16 A Bedrijfsstroom: 10 A Beschermingsklasse: IP67 EN 60529 (DIN 40050) Isolatieklasse: C \u2013 VDE 0110\"},{\"@type\":\"BreadcrumbList\",\"@id\":\"https:\\\/\\\/lda.be\\\/fr\\\/produit\\\/b1-b1t-pge-connecteurs-pour-electrovannes-industriels-standard\\\/#breadcrumb\",\"itemListElement\":[{\"@type\":\"ListItem\",\"position\":1,\"name\":\"Accueil\",\"item\":\"https:\\\/\\\/lda.be\\\/fr\\\/\"},{\"@type\":\"ListItem\",\"position\":2,\"name\":\"Produits\",\"item\":\"https:\\\/\\\/lda.be\\\/fr\\\/produits\\\/\"},{\"@type\":\"ListItem\",\"position\":3,\"name\":\"B1 &#8211; B1T PGE Connecteurs pour \u00e9lectrovannes industriels standard\"}]},{\"@type\":\"WebSite\",\"@id\":\"https:\\\/\\\/lda.be\\\/fr\\\/#website\",\"url\":\"https:\\\/\\\/lda.be\\\/fr\\\/\",\"name\":\"LDA Belgium\",\"description\":\"Solutions For Life\",\"publisher\":{\"@id\":\"https:\\\/\\\/lda.be\\\/fr\\\/#organization\"},\"potentialAction\":[{\"@type\":\"SearchAction\",\"target\":{\"@type\":\"EntryPoint\",\"urlTemplate\":\"https:\\\/\\\/lda.be\\\/fr\\\/?s={search_term_string}\"},\"query-input\":{\"@type\":\"PropertyValueSpecification\",\"valueRequired\":true,\"valueName\":\"search_term_string\"}}],\"inLanguage\":\"fr-FR\"},{\"@type\":\"Organization\",\"@id\":\"https:\\\/\\\/lda.be\\\/fr\\\/#organization\",\"name\":\"LDA Belgium\",\"url\":\"https:\\\/\\\/lda.be\\\/fr\\\/\",\"logo\":{\"@type\":\"ImageObject\",\"inLanguage\":\"fr-FR\",\"@id\":\"https:\\\/\\\/lda.be\\\/fr\\\/#\\\/schema\\\/logo\\\/image\\\/\",\"url\":\"https:\\\/\\\/lda.be\\\/wp-content\\\/uploads\\\/2022\\\/07\\\/Logo-LDA.webp\",\"contentUrl\":\"https:\\\/\\\/lda.be\\\/wp-content\\\/uploads\\\/2022\\\/07\\\/Logo-LDA.webp\",\"width\":311,\"height\":101,\"caption\":\"LDA Belgium\"},\"image\":{\"@id\":\"https:\\\/\\\/lda.be\\\/fr\\\/#\\\/schema\\\/logo\\\/image\\\/\"},\"sameAs\":[\"https:\\\/\\\/www.linkedin.com\\\/company\\\/lda-belgium-nv\"]}]}<\/script>\n<!-- \/ Yoast SEO plugin. -->","yoast_head_json":{"title":"B1 - B1T PGE Connecteurs pour \u00e9lectrovannes industriels standard - LDA Belgique","description":"Connecteurs pour \u00e9lectrovannes industriels standard B1 et B1T avec raccord PGE et protection IP67 selon DIN 43650. LED et \u00e9lectronique. Devis aupr\u00e8s de LDA Belgique.","robots":{"index":"index","follow":"follow","max-snippet":"max-snippet:-1","max-image-preview":"max-image-preview:large","max-video-preview":"max-video-preview:-1"},"canonical":"https:\/\/lda.be\/fr\/produit\/b1-b1t-pge-connecteurs-pour-electrovannes-industriels-standard\/","og_locale":"fr_FR","og_type":"article","og_title":"B1 - B1T PGE Connecteurs pour \u00e9lectrovannes industriels standard - LDA Belgique","og_description":"Connecteurs pour \u00e9lectrovannes industriels standard B1 et B1T avec raccord PGE et protection IP67 selon DIN 43650. LED et \u00e9lectronique. Devis aupr\u00e8s de LDA Belgique.","og_url":"https:\/\/lda.be\/fr\/produit\/b1-b1t-pge-connecteurs-pour-electrovannes-industriels-standard\/","og_site_name":"LDA Belgique","article_modified_time":"2025-07-25T07:18:18+00:00","og_image":[{"width":800,"height":800,"url":"https:\/\/lda.be\/wp-content\/uploads\/2025\/07\/B1-EN-B1T-PGE-5IP67\u00b0-1.webp","type":"image\/webp"}],"twitter_card":"summary_large_image","twitter_misc":{"Dur\u00e9e de lecture estim\u00e9e":"1 minute"},"schema":{"@context":"https:\/\/schema.org","@graph":[{"@type":"WebPage","@id":"https:\/\/lda.be\/fr\/produit\/b1-b1t-pge-connecteurs-pour-electrovannes-industriels-standard\/","url":"https:\/\/lda.be\/fr\/produit\/b1-b1t-pge-connecteurs-pour-electrovannes-industriels-standard\/","name":"B1 - B1T PGE Connecteurs pour \u00e9lectrovannes industriels standard - LDA Belgique","isPartOf":{"@id":"https:\/\/lda.be\/fr\/#website"},"primaryImageOfPage":{"@id":"https:\/\/lda.be\/fr\/produit\/b1-b1t-pge-connecteurs-pour-electrovannes-industriels-standard\/#primaryimage"},"image":{"@id":"https:\/\/lda.be\/fr\/produit\/b1-b1t-pge-connecteurs-pour-electrovannes-industriels-standard\/#primaryimage"},"thumbnailUrl":"https:\/\/lda.be\/wp-content\/uploads\/2025\/07\/B1-EN-B1T-PGE-5IP67\u00b0-1.webp","datePublished":"2025-07-25T06:56:44+00:00","dateModified":"2025-07-25T07:18:18+00:00","description":"Connecteurs pour \u00e9lectrovannes industriels standard B1 et B1T avec raccord PGE et protection IP67 selon DIN 43650. LED et \u00e9lectronique. Devis aupr\u00e8s de LDA Belgique.","breadcrumb":{"@id":"https:\/\/lda.be\/fr\/produit\/b1-b1t-pge-connecteurs-pour-electrovannes-industriels-standard\/#breadcrumb"},"inLanguage":"fr-FR","potentialAction":[{"@type":"ReadAction","target":["https:\/\/lda.be\/fr\/produit\/b1-b1t-pge-connecteurs-pour-electrovannes-industriels-standard\/"]}]},{"@type":"ImageObject","inLanguage":"fr-FR","@id":"https:\/\/lda.be\/fr\/produit\/b1-b1t-pge-connecteurs-pour-electrovannes-industriels-standard\/#primaryimage","url":"https:\/\/lda.be\/wp-content\/uploads\/2025\/07\/B1-EN-B1T-PGE-5IP67\u00b0-1.webp","contentUrl":"https:\/\/lda.be\/wp-content\/uploads\/2025\/07\/B1-EN-B1T-PGE-5IP67\u00b0-1.webp","width":800,"height":800,"caption":"Afstand: 11 mm Connector: PA 66 + 30% FV Contactmateriaal: CuZn (Ag) Maximale spanning: 250 V AC\/300 V DC Maximale stroom: 16 A Bedrijfsstroom: 10 A Beschermingsklasse: IP67 EN 60529 (DIN 40050) Isolatieklasse: C \u2013 VDE 0110"},{"@type":"BreadcrumbList","@id":"https:\/\/lda.be\/fr\/produit\/b1-b1t-pge-connecteurs-pour-electrovannes-industriels-standard\/#breadcrumb","itemListElement":[{"@type":"ListItem","position":1,"name":"Accueil","item":"https:\/\/lda.be\/fr\/"},{"@type":"ListItem","position":2,"name":"Produits","item":"https:\/\/lda.be\/fr\/produits\/"},{"@type":"ListItem","position":3,"name":"B1 &#8211; B1T PGE Connecteurs pour \u00e9lectrovannes industriels standard"}]},{"@type":"WebSite","@id":"https:\/\/lda.be\/fr\/#website","url":"https:\/\/lda.be\/fr\/","name":"LDA Belgium","description":"Solutions For Life","publisher":{"@id":"https:\/\/lda.be\/fr\/#organization"},"potentialAction":[{"@type":"SearchAction","target":{"@type":"EntryPoint","urlTemplate":"https:\/\/lda.be\/fr\/?s={search_term_string}"},"query-input":{"@type":"PropertyValueSpecification","valueRequired":true,"valueName":"search_term_string"}}],"inLanguage":"fr-FR"},{"@type":"Organization","@id":"https:\/\/lda.be\/fr\/#organization","name":"LDA Belgium","url":"https:\/\/lda.be\/fr\/","logo":{"@type":"ImageObject","inLanguage":"fr-FR","@id":"https:\/\/lda.be\/fr\/#\/schema\/logo\/image\/","url":"https:\/\/lda.be\/wp-content\/uploads\/2022\/07\/Logo-LDA.webp","contentUrl":"https:\/\/lda.be\/wp-content\/uploads\/2022\/07\/Logo-LDA.webp","width":311,"height":101,"caption":"LDA Belgium"},"image":{"@id":"https:\/\/lda.be\/fr\/#\/schema\/logo\/image\/"},"sameAs":["https:\/\/www.linkedin.com\/company\/lda-belgium-nv"]}]}},"_links":{"self":[{"href":"https:\/\/lda.be\/fr\/wp-json\/wp\/v2\/product\/10076","targetHints":{"allow":["GET"]}}],"collection":[{"href":"https:\/\/lda.be\/fr\/wp-json\/wp\/v2\/product"}],"about":[{"href":"https:\/\/lda.be\/fr\/wp-json\/wp\/v2\/types\/product"}],"replies":[{"embeddable":true,"href":"https:\/\/lda.be\/fr\/wp-json\/wp\/v2\/comments?post=10076"}],"wp:featuredmedia":[{"embeddable":true,"href":"https:\/\/lda.be\/fr\/wp-json\/wp\/v2\/media\/10074"}],"wp:attachment":[{"href":"https:\/\/lda.be\/fr\/wp-json\/wp\/v2\/media?parent=10076"}],"wp:term":[{"taxonomy":"product_brand","embeddable":true,"href":"https:\/\/lda.be\/fr\/wp-json\/wp\/v2\/product_brand?post=10076"},{"taxonomy":"product_cat","embeddable":true,"href":"https:\/\/lda.be\/fr\/wp-json\/wp\/v2\/product_cat?post=10076"},{"taxonomy":"product_tag","embeddable":true,"href":"https:\/\/lda.be\/fr\/wp-json\/wp\/v2\/product_tag?post=10076"}],"curies":[{"name":"wp","href":"https:\/\/api.w.org\/{rel}","templated":true}]}}