{"id":10085,"date":"2025-07-25T09:17:47","date_gmt":"2025-07-25T08:17:47","guid":{"rendered":"https:\/\/lda.be\/?post_type=product&#038;p=10085"},"modified":"2025-07-25T09:24:22","modified_gmt":"2025-07-25T08:24:22","slug":"c1-c1t-pg7-connecteurs-pour-electrovannes","status":"publish","type":"product","link":"https:\/\/lda.be\/fr\/produit\/c1-c1t-pg7-connecteurs-pour-electrovannes\/","title":{"rendered":"C1 &#8211; C1T PG7 Connecteurs pour \u00e9lectrovannes"},"content":{"rendered":"<p>Les connecteurs C1 et C1T avec raccord PG7 d&#8217;Omal sont absolument indispensables. Ces connecteurs compacts pour vannes miniatures allient une conception \u00e9lanc\u00e9e \u00e0 des performances \u00e9lev\u00e9es et sont particuli\u00e8rement adapt\u00e9s \u00e0 une utilisation dans des environnements industriels exigeants. Pensez par exemple aux syst\u00e8mes pneumatiques, aux vannes miniatures et aux installations d&#8217;automatisation compactes.<\/p>\n<p>Le C1 est une version standard sans composants \u00e9lectroniques et constitue une connexion fiable entre la vanne et le c\u00e2blage. Le C1T, quant \u00e0 lui, est \u00e9quip\u00e9 d&#8217;une \u00e9lectronique int\u00e9gr\u00e9e et offre des fonctionnalit\u00e9s suppl\u00e9mentaires telles qu&#8217;un indicateur d&#8217;\u00e9tat LED ou une protection contre les pics de tension, en fonction du circuit choisi.<\/p>\n<p>Les deux variantes sont conformes \u00e0 la norme EN 175301-803 type A (anciennement DIN 43650) et sont disponibles avec diff\u00e9rentes configurations en termes de position de mise \u00e0 la terre, de blindage et de circuits optionnels. Malgr\u00e9 leur petite taille, elles offrent des performances \u00e9lev\u00e9es en termes de capacit\u00e9 de courant, d&#8217;\u00e9tanch\u00e9it\u00e9 et de stabilit\u00e9 m\u00e9canique.<\/p>\n<p>Vous avez d&#8217;autres questions ? N&#8217;h\u00e9sitez pas \u00e0 nous contacter !<\/p>\n","protected":false},"excerpt":{"rendered":"<p>Les connecteurs C1 et C1T avec raccord PG7 d&#8217;Omal sont absolument indispensables. Ces connecteurs compacts pour vannes miniatures allient une conception \u00e9lanc\u00e9e \u00e0 des performances \u00e9lev\u00e9es et sont particuli\u00e8rement adapt\u00e9s \u00e0 une utilisation dans des environnements industriels exigeants. Pensez par exemple aux syst\u00e8mes pneumatiques, aux vannes miniatures et aux installations d&#8217;automatisation compactes. Le C1 est [&hellip;]<\/p>\n","protected":false},"featured_media":10080,"comment_status":"closed","ping_status":"closed","template":"","meta":[],"product_brand":[1609],"product_cat":[818,828,1608],"product_tag":[],"class_list":{"0":"post-10085","1":"product","2":"type-product","3":"status-publish","4":"has-post-thumbnail","6":"product_brand-omal","7":"product_cat-connecteurs-et-cables","8":"product_cat-connecteurs","9":"product_cat-connecteurs-industriels-de-type-a-b-c-et-micro","11":"first","12":"instock","13":"shipping-taxable","14":"product-type-simple"},"yoast_head":"<!-- This site is optimized with the Yoast SEO plugin v27.3 - https:\/\/yoast.com\/product\/yoast-seo-wordpress\/ -->\n<title>C1 - C1T PG7 Connecteurs pour \u00e9lectrovannes - LDA Belgique<\/title>\n<meta name=\"description\" content=\"D\u00e9couvrez les connecteurs pour \u00e9lectrovannes c1 c1t pg7. Id\u00e9aux pour les vannes avec un espace d&#039;installation limit\u00e9. IP65, avec ou sans LED ou protection. Chez LDA\" \/>\n<meta name=\"robots\" content=\"index, follow, max-snippet:-1, max-image-preview:large, max-video-preview:-1\" \/>\n<link rel=\"canonical\" href=\"https:\/\/lda.be\/fr\/produit\/c1-c1t-pg7-connecteurs-pour-electrovannes\/\" \/>\n<meta property=\"og:locale\" content=\"fr_FR\" \/>\n<meta property=\"og:type\" content=\"article\" \/>\n<meta property=\"og:title\" content=\"C1 - C1T PG7 Connecteurs pour \u00e9lectrovannes - LDA Belgique\" \/>\n<meta property=\"og:description\" content=\"D\u00e9couvrez les connecteurs pour \u00e9lectrovannes c1 c1t pg7. Id\u00e9aux pour les vannes avec un espace d&#039;installation limit\u00e9. IP65, avec ou sans LED ou protection. Chez LDA\" \/>\n<meta property=\"og:url\" content=\"https:\/\/lda.be\/fr\/produit\/c1-c1t-pg7-connecteurs-pour-electrovannes\/\" \/>\n<meta property=\"og:site_name\" content=\"LDA Belgique\" \/>\n<meta property=\"article:modified_time\" content=\"2025-07-25T08:24:22+00:00\" \/>\n<meta property=\"og:image\" content=\"https:\/\/lda.be\/wp-content\/uploads\/2025\/07\/C1.webp\" \/>\n\t<meta property=\"og:image:width\" content=\"800\" \/>\n\t<meta property=\"og:image:height\" content=\"800\" \/>\n\t<meta property=\"og:image:type\" content=\"image\/webp\" \/>\n<meta name=\"twitter:card\" content=\"summary_large_image\" \/>\n<meta name=\"twitter:label1\" content=\"Dur\u00e9e de lecture estim\u00e9e\" \/>\n\t<meta name=\"twitter:data1\" content=\"1 minute\" \/>\n<script type=\"application\/ld+json\" class=\"yoast-schema-graph\">{\"@context\":\"https:\\\/\\\/schema.org\",\"@graph\":[{\"@type\":\"WebPage\",\"@id\":\"https:\\\/\\\/lda.be\\\/fr\\\/produit\\\/c1-c1t-pg7-connecteurs-pour-electrovannes\\\/\",\"url\":\"https:\\\/\\\/lda.be\\\/fr\\\/produit\\\/c1-c1t-pg7-connecteurs-pour-electrovannes\\\/\",\"name\":\"C1 - C1T PG7 Connecteurs pour \u00e9lectrovannes - LDA Belgique\",\"isPartOf\":{\"@id\":\"https:\\\/\\\/lda.be\\\/fr\\\/#website\"},\"primaryImageOfPage\":{\"@id\":\"https:\\\/\\\/lda.be\\\/fr\\\/produit\\\/c1-c1t-pg7-connecteurs-pour-electrovannes\\\/#primaryimage\"},\"image\":{\"@id\":\"https:\\\/\\\/lda.be\\\/fr\\\/produit\\\/c1-c1t-pg7-connecteurs-pour-electrovannes\\\/#primaryimage\"},\"thumbnailUrl\":\"https:\\\/\\\/lda.be\\\/wp-content\\\/uploads\\\/2025\\\/07\\\/C1.webp\",\"datePublished\":\"2025-07-25T08:17:47+00:00\",\"dateModified\":\"2025-07-25T08:24:22+00:00\",\"description\":\"D\u00e9couvrez les connecteurs pour \u00e9lectrovannes c1 c1t pg7. Id\u00e9aux pour les vannes avec un espace d'installation limit\u00e9. IP65, avec ou sans LED ou protection. Chez LDA\",\"breadcrumb\":{\"@id\":\"https:\\\/\\\/lda.be\\\/fr\\\/produit\\\/c1-c1t-pg7-connecteurs-pour-electrovannes\\\/#breadcrumb\"},\"inLanguage\":\"fr-FR\",\"potentialAction\":[{\"@type\":\"ReadAction\",\"target\":[\"https:\\\/\\\/lda.be\\\/fr\\\/produit\\\/c1-c1t-pg7-connecteurs-pour-electrovannes\\\/\"]}]},{\"@type\":\"ImageObject\",\"inLanguage\":\"fr-FR\",\"@id\":\"https:\\\/\\\/lda.be\\\/fr\\\/produit\\\/c1-c1t-pg7-connecteurs-pour-electrovannes\\\/#primaryimage\",\"url\":\"https:\\\/\\\/lda.be\\\/wp-content\\\/uploads\\\/2025\\\/07\\\/C1.webp\",\"contentUrl\":\"https:\\\/\\\/lda.be\\\/wp-content\\\/uploads\\\/2025\\\/07\\\/C1.webp\",\"width\":800,\"height\":800},{\"@type\":\"BreadcrumbList\",\"@id\":\"https:\\\/\\\/lda.be\\\/fr\\\/produit\\\/c1-c1t-pg7-connecteurs-pour-electrovannes\\\/#breadcrumb\",\"itemListElement\":[{\"@type\":\"ListItem\",\"position\":1,\"name\":\"Accueil\",\"item\":\"https:\\\/\\\/lda.be\\\/fr\\\/\"},{\"@type\":\"ListItem\",\"position\":2,\"name\":\"Produits\",\"item\":\"https:\\\/\\\/lda.be\\\/fr\\\/produits\\\/\"},{\"@type\":\"ListItem\",\"position\":3,\"name\":\"C1 &#8211; C1T PG7 Connecteurs pour \u00e9lectrovannes\"}]},{\"@type\":\"WebSite\",\"@id\":\"https:\\\/\\\/lda.be\\\/fr\\\/#website\",\"url\":\"https:\\\/\\\/lda.be\\\/fr\\\/\",\"name\":\"LDA Belgium\",\"description\":\"Solutions For Life\",\"publisher\":{\"@id\":\"https:\\\/\\\/lda.be\\\/fr\\\/#organization\"},\"potentialAction\":[{\"@type\":\"SearchAction\",\"target\":{\"@type\":\"EntryPoint\",\"urlTemplate\":\"https:\\\/\\\/lda.be\\\/fr\\\/?s={search_term_string}\"},\"query-input\":{\"@type\":\"PropertyValueSpecification\",\"valueRequired\":true,\"valueName\":\"search_term_string\"}}],\"inLanguage\":\"fr-FR\"},{\"@type\":\"Organization\",\"@id\":\"https:\\\/\\\/lda.be\\\/fr\\\/#organization\",\"name\":\"LDA Belgium\",\"url\":\"https:\\\/\\\/lda.be\\\/fr\\\/\",\"logo\":{\"@type\":\"ImageObject\",\"inLanguage\":\"fr-FR\",\"@id\":\"https:\\\/\\\/lda.be\\\/fr\\\/#\\\/schema\\\/logo\\\/image\\\/\",\"url\":\"https:\\\/\\\/lda.be\\\/wp-content\\\/uploads\\\/2022\\\/07\\\/Logo-LDA.webp\",\"contentUrl\":\"https:\\\/\\\/lda.be\\\/wp-content\\\/uploads\\\/2022\\\/07\\\/Logo-LDA.webp\",\"width\":311,\"height\":101,\"caption\":\"LDA Belgium\"},\"image\":{\"@id\":\"https:\\\/\\\/lda.be\\\/fr\\\/#\\\/schema\\\/logo\\\/image\\\/\"},\"sameAs\":[\"https:\\\/\\\/www.linkedin.com\\\/company\\\/lda-belgium-nv\"]}]}<\/script>\n<!-- \/ Yoast SEO plugin. -->","yoast_head_json":{"title":"C1 - C1T PG7 Connecteurs pour \u00e9lectrovannes - LDA Belgique","description":"D\u00e9couvrez les connecteurs pour \u00e9lectrovannes c1 c1t pg7. Id\u00e9aux pour les vannes avec un espace d'installation limit\u00e9. IP65, avec ou sans LED ou protection. Chez LDA","robots":{"index":"index","follow":"follow","max-snippet":"max-snippet:-1","max-image-preview":"max-image-preview:large","max-video-preview":"max-video-preview:-1"},"canonical":"https:\/\/lda.be\/fr\/produit\/c1-c1t-pg7-connecteurs-pour-electrovannes\/","og_locale":"fr_FR","og_type":"article","og_title":"C1 - C1T PG7 Connecteurs pour \u00e9lectrovannes - LDA Belgique","og_description":"D\u00e9couvrez les connecteurs pour \u00e9lectrovannes c1 c1t pg7. Id\u00e9aux pour les vannes avec un espace d'installation limit\u00e9. IP65, avec ou sans LED ou protection. Chez LDA","og_url":"https:\/\/lda.be\/fr\/produit\/c1-c1t-pg7-connecteurs-pour-electrovannes\/","og_site_name":"LDA Belgique","article_modified_time":"2025-07-25T08:24:22+00:00","og_image":[{"width":800,"height":800,"url":"https:\/\/lda.be\/wp-content\/uploads\/2025\/07\/C1.webp","type":"image\/webp"}],"twitter_card":"summary_large_image","twitter_misc":{"Dur\u00e9e de lecture estim\u00e9e":"1 minute"},"schema":{"@context":"https:\/\/schema.org","@graph":[{"@type":"WebPage","@id":"https:\/\/lda.be\/fr\/produit\/c1-c1t-pg7-connecteurs-pour-electrovannes\/","url":"https:\/\/lda.be\/fr\/produit\/c1-c1t-pg7-connecteurs-pour-electrovannes\/","name":"C1 - C1T PG7 Connecteurs pour \u00e9lectrovannes - LDA Belgique","isPartOf":{"@id":"https:\/\/lda.be\/fr\/#website"},"primaryImageOfPage":{"@id":"https:\/\/lda.be\/fr\/produit\/c1-c1t-pg7-connecteurs-pour-electrovannes\/#primaryimage"},"image":{"@id":"https:\/\/lda.be\/fr\/produit\/c1-c1t-pg7-connecteurs-pour-electrovannes\/#primaryimage"},"thumbnailUrl":"https:\/\/lda.be\/wp-content\/uploads\/2025\/07\/C1.webp","datePublished":"2025-07-25T08:17:47+00:00","dateModified":"2025-07-25T08:24:22+00:00","description":"D\u00e9couvrez les connecteurs pour \u00e9lectrovannes c1 c1t pg7. Id\u00e9aux pour les vannes avec un espace d'installation limit\u00e9. IP65, avec ou sans LED ou protection. Chez LDA","breadcrumb":{"@id":"https:\/\/lda.be\/fr\/produit\/c1-c1t-pg7-connecteurs-pour-electrovannes\/#breadcrumb"},"inLanguage":"fr-FR","potentialAction":[{"@type":"ReadAction","target":["https:\/\/lda.be\/fr\/produit\/c1-c1t-pg7-connecteurs-pour-electrovannes\/"]}]},{"@type":"ImageObject","inLanguage":"fr-FR","@id":"https:\/\/lda.be\/fr\/produit\/c1-c1t-pg7-connecteurs-pour-electrovannes\/#primaryimage","url":"https:\/\/lda.be\/wp-content\/uploads\/2025\/07\/C1.webp","contentUrl":"https:\/\/lda.be\/wp-content\/uploads\/2025\/07\/C1.webp","width":800,"height":800},{"@type":"BreadcrumbList","@id":"https:\/\/lda.be\/fr\/produit\/c1-c1t-pg7-connecteurs-pour-electrovannes\/#breadcrumb","itemListElement":[{"@type":"ListItem","position":1,"name":"Accueil","item":"https:\/\/lda.be\/fr\/"},{"@type":"ListItem","position":2,"name":"Produits","item":"https:\/\/lda.be\/fr\/produits\/"},{"@type":"ListItem","position":3,"name":"C1 &#8211; C1T PG7 Connecteurs pour \u00e9lectrovannes"}]},{"@type":"WebSite","@id":"https:\/\/lda.be\/fr\/#website","url":"https:\/\/lda.be\/fr\/","name":"LDA Belgium","description":"Solutions For Life","publisher":{"@id":"https:\/\/lda.be\/fr\/#organization"},"potentialAction":[{"@type":"SearchAction","target":{"@type":"EntryPoint","urlTemplate":"https:\/\/lda.be\/fr\/?s={search_term_string}"},"query-input":{"@type":"PropertyValueSpecification","valueRequired":true,"valueName":"search_term_string"}}],"inLanguage":"fr-FR"},{"@type":"Organization","@id":"https:\/\/lda.be\/fr\/#organization","name":"LDA Belgium","url":"https:\/\/lda.be\/fr\/","logo":{"@type":"ImageObject","inLanguage":"fr-FR","@id":"https:\/\/lda.be\/fr\/#\/schema\/logo\/image\/","url":"https:\/\/lda.be\/wp-content\/uploads\/2022\/07\/Logo-LDA.webp","contentUrl":"https:\/\/lda.be\/wp-content\/uploads\/2022\/07\/Logo-LDA.webp","width":311,"height":101,"caption":"LDA Belgium"},"image":{"@id":"https:\/\/lda.be\/fr\/#\/schema\/logo\/image\/"},"sameAs":["https:\/\/www.linkedin.com\/company\/lda-belgium-nv"]}]}},"_links":{"self":[{"href":"https:\/\/lda.be\/fr\/wp-json\/wp\/v2\/product\/10085","targetHints":{"allow":["GET"]}}],"collection":[{"href":"https:\/\/lda.be\/fr\/wp-json\/wp\/v2\/product"}],"about":[{"href":"https:\/\/lda.be\/fr\/wp-json\/wp\/v2\/types\/product"}],"replies":[{"embeddable":true,"href":"https:\/\/lda.be\/fr\/wp-json\/wp\/v2\/comments?post=10085"}],"wp:featuredmedia":[{"embeddable":true,"href":"https:\/\/lda.be\/fr\/wp-json\/wp\/v2\/media\/10080"}],"wp:attachment":[{"href":"https:\/\/lda.be\/fr\/wp-json\/wp\/v2\/media?parent=10085"}],"wp:term":[{"taxonomy":"product_brand","embeddable":true,"href":"https:\/\/lda.be\/fr\/wp-json\/wp\/v2\/product_brand?post=10085"},{"taxonomy":"product_cat","embeddable":true,"href":"https:\/\/lda.be\/fr\/wp-json\/wp\/v2\/product_cat?post=10085"},{"taxonomy":"product_tag","embeddable":true,"href":"https:\/\/lda.be\/fr\/wp-json\/wp\/v2\/product_tag?post=10085"}],"curies":[{"name":"wp","href":"https:\/\/api.w.org\/{rel}","templated":true}]}}