{"id":10095,"date":"2025-07-25T10:13:23","date_gmt":"2025-07-25T09:13:23","guid":{"rendered":"https:\/\/lda.be\/?post_type=product&#038;p=10095"},"modified":"2025-07-25T10:28:53","modified_gmt":"2025-07-25T09:28:53","slug":"c1-c1t-pg7-connecteurs-pour-electrovannes-ind","status":"publish","type":"product","link":"https:\/\/lda.be\/fr\/produit\/c1-c1t-pg7-connecteurs-pour-electrovannes-ind\/","title":{"rendered":"C1 &#8211; C1T PG7 Connecteurs pour \u00e9lectrovannes IND"},"content":{"rendered":"<p>Les C1 PG7 et C1T PG7 sont des connecteurs compacts pour \u00e9lectrovannes conformes \u00e0 la norme EN 175301-803 forme A (DIN 43650). Les deux mod\u00e8les sont \u00e9quip\u00e9s d&#8217;un bo\u00eetier robuste en polyamide renforc\u00e9 de fibres de verre (PA 66 + 30 % FV) et sont con\u00e7us pour des diam\u00e8tres de c\u00e2ble de 4 \u00e0 6 mm. Ils ont un pas de connexion de 8 mm et conviennent pour 2P + terre (et en option 3P + terre pour le C1).<\/p>\n<p>Les mat\u00e9riaux de contact sont en CuZn argent\u00e9 pour la version standard et en CuZn dor\u00e9 ou argent\u00e9 pour la version \u00e9lectronique (C1T). La capacit\u00e9 de courant maximale est de 10 A, avec un courant nominal de 6 A. Les tensions admissibles sont de 250 V CA et 300 V CC, ou en fonction du circuit pour la version \u00e9lectronique.<\/p>\n<p>Les deux connecteurs de sol\u00e9no\u00efde sont dot\u00e9s d&#8217;un indice de protection IP65 conforme \u00e0 la norme EN 60529 (DIN 40050) et d&#8217;une classe d&#8217;isolation C selon la norme VDE 0110. La version standard fonctionne de mani\u00e8re fiable entre -30 \u00b0C et +125 \u00b0C, tandis que la C1T est adapt\u00e9e \u00e0 des temp\u00e9ratures comprises entre -25 \u00b0C et +90 \u00b0C.<\/p>\n<p>Elles sont disponibles en position standard H12, et sur demande \u00e9galement en H3, H6 ou H9. Des configurations personnalis\u00e9es sont possibles sur demande.<\/p>\n<p>Demandez d\u00e8s maintenant votre devis \u00e0 LDA Belgique et d\u00e9couvrez la solution id\u00e9ale pour votre application.<\/p>\n","protected":false},"excerpt":{"rendered":"<p>Les C1 PG7 et C1T PG7 sont des connecteurs compacts pour \u00e9lectrovannes conformes \u00e0 la norme EN 175301-803 forme A (DIN 43650). Les deux mod\u00e8les sont \u00e9quip\u00e9s d&#8217;un bo\u00eetier robuste en polyamide renforc\u00e9 de fibres de verre (PA 66 + 30 % FV) et sont con\u00e7us pour des diam\u00e8tres de c\u00e2ble de 4 \u00e0 6 [&hellip;]<\/p>\n","protected":false},"featured_media":10093,"comment_status":"closed","ping_status":"closed","template":"","meta":[],"product_brand":[1609],"product_cat":[818,828,1608],"product_tag":[],"class_list":{"0":"post-10095","1":"product","2":"type-product","3":"status-publish","4":"has-post-thumbnail","6":"product_brand-omal","7":"product_cat-connecteurs-et-cables","8":"product_cat-connecteurs","9":"product_cat-connecteurs-industriels-de-type-a-b-c-et-micro","11":"first","12":"instock","13":"shipping-taxable","14":"product-type-simple"},"yoast_head":"<!-- This site is optimized with the Yoast SEO plugin v27.3 - https:\/\/yoast.com\/product\/yoast-seo-wordpress\/ -->\n<title>C1 - C1T PG7 Connecteurs pour \u00e9lectrovannes IND - LDA Belgique<\/title>\n<meta name=\"description\" content=\"Connecteurs compacts pour \u00e9lectrovannes C1 PG7 et C1T PG7 conformes \u00e0 la norme DIN 43650 avec protection IP65. Demandez un devis \u00e0 LDA Belgique.\" \/>\n<meta name=\"robots\" content=\"index, follow, max-snippet:-1, max-image-preview:large, max-video-preview:-1\" \/>\n<link rel=\"canonical\" href=\"https:\/\/lda.be\/fr\/produit\/c1-c1t-pg7-connecteurs-pour-electrovannes-ind\/\" \/>\n<meta property=\"og:locale\" content=\"fr_FR\" \/>\n<meta property=\"og:type\" content=\"article\" \/>\n<meta property=\"og:title\" content=\"C1 - C1T PG7 Connecteurs pour \u00e9lectrovannes IND - LDA Belgique\" \/>\n<meta property=\"og:description\" content=\"Connecteurs compacts pour \u00e9lectrovannes C1 PG7 et C1T PG7 conformes \u00e0 la norme DIN 43650 avec protection IP65. Demandez un devis \u00e0 LDA Belgique.\" \/>\n<meta property=\"og:url\" content=\"https:\/\/lda.be\/fr\/produit\/c1-c1t-pg7-connecteurs-pour-electrovannes-ind\/\" \/>\n<meta property=\"og:site_name\" content=\"LDA Belgique\" \/>\n<meta property=\"article:modified_time\" content=\"2025-07-25T09:28:53+00:00\" \/>\n<meta property=\"og:image\" content=\"https:\/\/lda.be\/wp-content\/uploads\/2025\/07\/c1-ind.webp\" \/>\n\t<meta property=\"og:image:width\" content=\"800\" \/>\n\t<meta property=\"og:image:height\" content=\"800\" \/>\n\t<meta property=\"og:image:type\" content=\"image\/webp\" \/>\n<meta name=\"twitter:card\" content=\"summary_large_image\" \/>\n<meta name=\"twitter:label1\" content=\"Dur\u00e9e de lecture estim\u00e9e\" \/>\n\t<meta name=\"twitter:data1\" content=\"2 minutes\" \/>\n<script type=\"application\/ld+json\" class=\"yoast-schema-graph\">{\"@context\":\"https:\\\/\\\/schema.org\",\"@graph\":[{\"@type\":\"WebPage\",\"@id\":\"https:\\\/\\\/lda.be\\\/fr\\\/produit\\\/c1-c1t-pg7-connecteurs-pour-electrovannes-ind\\\/\",\"url\":\"https:\\\/\\\/lda.be\\\/fr\\\/produit\\\/c1-c1t-pg7-connecteurs-pour-electrovannes-ind\\\/\",\"name\":\"C1 - C1T PG7 Connecteurs pour \u00e9lectrovannes IND - LDA Belgique\",\"isPartOf\":{\"@id\":\"https:\\\/\\\/lda.be\\\/fr\\\/#website\"},\"primaryImageOfPage\":{\"@id\":\"https:\\\/\\\/lda.be\\\/fr\\\/produit\\\/c1-c1t-pg7-connecteurs-pour-electrovannes-ind\\\/#primaryimage\"},\"image\":{\"@id\":\"https:\\\/\\\/lda.be\\\/fr\\\/produit\\\/c1-c1t-pg7-connecteurs-pour-electrovannes-ind\\\/#primaryimage\"},\"thumbnailUrl\":\"https:\\\/\\\/lda.be\\\/wp-content\\\/uploads\\\/2025\\\/07\\\/c1-ind.webp\",\"datePublished\":\"2025-07-25T09:13:23+00:00\",\"dateModified\":\"2025-07-25T09:28:53+00:00\",\"description\":\"Connecteurs compacts pour \u00e9lectrovannes C1 PG7 et C1T PG7 conformes \u00e0 la norme DIN 43650 avec protection IP65. Demandez un devis \u00e0 LDA Belgique.\",\"breadcrumb\":{\"@id\":\"https:\\\/\\\/lda.be\\\/fr\\\/produit\\\/c1-c1t-pg7-connecteurs-pour-electrovannes-ind\\\/#breadcrumb\"},\"inLanguage\":\"fr-FR\",\"potentialAction\":[{\"@type\":\"ReadAction\",\"target\":[\"https:\\\/\\\/lda.be\\\/fr\\\/produit\\\/c1-c1t-pg7-connecteurs-pour-electrovannes-ind\\\/\"]}]},{\"@type\":\"ImageObject\",\"inLanguage\":\"fr-FR\",\"@id\":\"https:\\\/\\\/lda.be\\\/fr\\\/produit\\\/c1-c1t-pg7-connecteurs-pour-electrovannes-ind\\\/#primaryimage\",\"url\":\"https:\\\/\\\/lda.be\\\/wp-content\\\/uploads\\\/2025\\\/07\\\/c1-ind.webp\",\"contentUrl\":\"https:\\\/\\\/lda.be\\\/wp-content\\\/uploads\\\/2025\\\/07\\\/c1-ind.webp\",\"width\":800,\"height\":800,\"caption\":\"c1 omal\"},{\"@type\":\"BreadcrumbList\",\"@id\":\"https:\\\/\\\/lda.be\\\/fr\\\/produit\\\/c1-c1t-pg7-connecteurs-pour-electrovannes-ind\\\/#breadcrumb\",\"itemListElement\":[{\"@type\":\"ListItem\",\"position\":1,\"name\":\"Accueil\",\"item\":\"https:\\\/\\\/lda.be\\\/fr\\\/\"},{\"@type\":\"ListItem\",\"position\":2,\"name\":\"Produits\",\"item\":\"https:\\\/\\\/lda.be\\\/fr\\\/produits\\\/\"},{\"@type\":\"ListItem\",\"position\":3,\"name\":\"C1 &#8211; C1T PG7 Connecteurs pour \u00e9lectrovannes IND\"}]},{\"@type\":\"WebSite\",\"@id\":\"https:\\\/\\\/lda.be\\\/fr\\\/#website\",\"url\":\"https:\\\/\\\/lda.be\\\/fr\\\/\",\"name\":\"LDA Belgium\",\"description\":\"Solutions For Life\",\"publisher\":{\"@id\":\"https:\\\/\\\/lda.be\\\/fr\\\/#organization\"},\"potentialAction\":[{\"@type\":\"SearchAction\",\"target\":{\"@type\":\"EntryPoint\",\"urlTemplate\":\"https:\\\/\\\/lda.be\\\/fr\\\/?s={search_term_string}\"},\"query-input\":{\"@type\":\"PropertyValueSpecification\",\"valueRequired\":true,\"valueName\":\"search_term_string\"}}],\"inLanguage\":\"fr-FR\"},{\"@type\":\"Organization\",\"@id\":\"https:\\\/\\\/lda.be\\\/fr\\\/#organization\",\"name\":\"LDA Belgium\",\"url\":\"https:\\\/\\\/lda.be\\\/fr\\\/\",\"logo\":{\"@type\":\"ImageObject\",\"inLanguage\":\"fr-FR\",\"@id\":\"https:\\\/\\\/lda.be\\\/fr\\\/#\\\/schema\\\/logo\\\/image\\\/\",\"url\":\"https:\\\/\\\/lda.be\\\/wp-content\\\/uploads\\\/2022\\\/07\\\/Logo-LDA.webp\",\"contentUrl\":\"https:\\\/\\\/lda.be\\\/wp-content\\\/uploads\\\/2022\\\/07\\\/Logo-LDA.webp\",\"width\":311,\"height\":101,\"caption\":\"LDA Belgium\"},\"image\":{\"@id\":\"https:\\\/\\\/lda.be\\\/fr\\\/#\\\/schema\\\/logo\\\/image\\\/\"},\"sameAs\":[\"https:\\\/\\\/www.linkedin.com\\\/company\\\/lda-belgium-nv\"]}]}<\/script>\n<!-- \/ Yoast SEO plugin. -->","yoast_head_json":{"title":"C1 - C1T PG7 Connecteurs pour \u00e9lectrovannes IND - LDA Belgique","description":"Connecteurs compacts pour \u00e9lectrovannes C1 PG7 et C1T PG7 conformes \u00e0 la norme DIN 43650 avec protection IP65. Demandez un devis \u00e0 LDA Belgique.","robots":{"index":"index","follow":"follow","max-snippet":"max-snippet:-1","max-image-preview":"max-image-preview:large","max-video-preview":"max-video-preview:-1"},"canonical":"https:\/\/lda.be\/fr\/produit\/c1-c1t-pg7-connecteurs-pour-electrovannes-ind\/","og_locale":"fr_FR","og_type":"article","og_title":"C1 - C1T PG7 Connecteurs pour \u00e9lectrovannes IND - LDA Belgique","og_description":"Connecteurs compacts pour \u00e9lectrovannes C1 PG7 et C1T PG7 conformes \u00e0 la norme DIN 43650 avec protection IP65. Demandez un devis \u00e0 LDA Belgique.","og_url":"https:\/\/lda.be\/fr\/produit\/c1-c1t-pg7-connecteurs-pour-electrovannes-ind\/","og_site_name":"LDA Belgique","article_modified_time":"2025-07-25T09:28:53+00:00","og_image":[{"width":800,"height":800,"url":"https:\/\/lda.be\/wp-content\/uploads\/2025\/07\/c1-ind.webp","type":"image\/webp"}],"twitter_card":"summary_large_image","twitter_misc":{"Dur\u00e9e de lecture estim\u00e9e":"2 minutes"},"schema":{"@context":"https:\/\/schema.org","@graph":[{"@type":"WebPage","@id":"https:\/\/lda.be\/fr\/produit\/c1-c1t-pg7-connecteurs-pour-electrovannes-ind\/","url":"https:\/\/lda.be\/fr\/produit\/c1-c1t-pg7-connecteurs-pour-electrovannes-ind\/","name":"C1 - C1T PG7 Connecteurs pour \u00e9lectrovannes IND - LDA Belgique","isPartOf":{"@id":"https:\/\/lda.be\/fr\/#website"},"primaryImageOfPage":{"@id":"https:\/\/lda.be\/fr\/produit\/c1-c1t-pg7-connecteurs-pour-electrovannes-ind\/#primaryimage"},"image":{"@id":"https:\/\/lda.be\/fr\/produit\/c1-c1t-pg7-connecteurs-pour-electrovannes-ind\/#primaryimage"},"thumbnailUrl":"https:\/\/lda.be\/wp-content\/uploads\/2025\/07\/c1-ind.webp","datePublished":"2025-07-25T09:13:23+00:00","dateModified":"2025-07-25T09:28:53+00:00","description":"Connecteurs compacts pour \u00e9lectrovannes C1 PG7 et C1T PG7 conformes \u00e0 la norme DIN 43650 avec protection IP65. Demandez un devis \u00e0 LDA Belgique.","breadcrumb":{"@id":"https:\/\/lda.be\/fr\/produit\/c1-c1t-pg7-connecteurs-pour-electrovannes-ind\/#breadcrumb"},"inLanguage":"fr-FR","potentialAction":[{"@type":"ReadAction","target":["https:\/\/lda.be\/fr\/produit\/c1-c1t-pg7-connecteurs-pour-electrovannes-ind\/"]}]},{"@type":"ImageObject","inLanguage":"fr-FR","@id":"https:\/\/lda.be\/fr\/produit\/c1-c1t-pg7-connecteurs-pour-electrovannes-ind\/#primaryimage","url":"https:\/\/lda.be\/wp-content\/uploads\/2025\/07\/c1-ind.webp","contentUrl":"https:\/\/lda.be\/wp-content\/uploads\/2025\/07\/c1-ind.webp","width":800,"height":800,"caption":"c1 omal"},{"@type":"BreadcrumbList","@id":"https:\/\/lda.be\/fr\/produit\/c1-c1t-pg7-connecteurs-pour-electrovannes-ind\/#breadcrumb","itemListElement":[{"@type":"ListItem","position":1,"name":"Accueil","item":"https:\/\/lda.be\/fr\/"},{"@type":"ListItem","position":2,"name":"Produits","item":"https:\/\/lda.be\/fr\/produits\/"},{"@type":"ListItem","position":3,"name":"C1 &#8211; C1T PG7 Connecteurs pour \u00e9lectrovannes IND"}]},{"@type":"WebSite","@id":"https:\/\/lda.be\/fr\/#website","url":"https:\/\/lda.be\/fr\/","name":"LDA Belgium","description":"Solutions For Life","publisher":{"@id":"https:\/\/lda.be\/fr\/#organization"},"potentialAction":[{"@type":"SearchAction","target":{"@type":"EntryPoint","urlTemplate":"https:\/\/lda.be\/fr\/?s={search_term_string}"},"query-input":{"@type":"PropertyValueSpecification","valueRequired":true,"valueName":"search_term_string"}}],"inLanguage":"fr-FR"},{"@type":"Organization","@id":"https:\/\/lda.be\/fr\/#organization","name":"LDA Belgium","url":"https:\/\/lda.be\/fr\/","logo":{"@type":"ImageObject","inLanguage":"fr-FR","@id":"https:\/\/lda.be\/fr\/#\/schema\/logo\/image\/","url":"https:\/\/lda.be\/wp-content\/uploads\/2022\/07\/Logo-LDA.webp","contentUrl":"https:\/\/lda.be\/wp-content\/uploads\/2022\/07\/Logo-LDA.webp","width":311,"height":101,"caption":"LDA Belgium"},"image":{"@id":"https:\/\/lda.be\/fr\/#\/schema\/logo\/image\/"},"sameAs":["https:\/\/www.linkedin.com\/company\/lda-belgium-nv"]}]}},"_links":{"self":[{"href":"https:\/\/lda.be\/fr\/wp-json\/wp\/v2\/product\/10095","targetHints":{"allow":["GET"]}}],"collection":[{"href":"https:\/\/lda.be\/fr\/wp-json\/wp\/v2\/product"}],"about":[{"href":"https:\/\/lda.be\/fr\/wp-json\/wp\/v2\/types\/product"}],"replies":[{"embeddable":true,"href":"https:\/\/lda.be\/fr\/wp-json\/wp\/v2\/comments?post=10095"}],"wp:featuredmedia":[{"embeddable":true,"href":"https:\/\/lda.be\/fr\/wp-json\/wp\/v2\/media\/10093"}],"wp:attachment":[{"href":"https:\/\/lda.be\/fr\/wp-json\/wp\/v2\/media?parent=10095"}],"wp:term":[{"taxonomy":"product_brand","embeddable":true,"href":"https:\/\/lda.be\/fr\/wp-json\/wp\/v2\/product_brand?post=10095"},{"taxonomy":"product_cat","embeddable":true,"href":"https:\/\/lda.be\/fr\/wp-json\/wp\/v2\/product_cat?post=10095"},{"taxonomy":"product_tag","embeddable":true,"href":"https:\/\/lda.be\/fr\/wp-json\/wp\/v2\/product_tag?post=10095"}],"curies":[{"name":"wp","href":"https:\/\/api.w.org\/{rel}","templated":true}]}}