{"id":10127,"date":"2025-07-28T12:48:49","date_gmt":"2025-07-28T11:48:49","guid":{"rendered":"https:\/\/lda.be\/?post_type=product&#038;p=10127"},"modified":"2025-07-28T12:55:06","modified_gmt":"2025-07-28T11:55:06","slug":"connecteurs-pour-electrovannes-serie-a","status":"publish","type":"product","link":"https:\/\/lda.be\/fr\/produit\/connecteurs-pour-electrovannes-serie-a\/","title":{"rendered":"Connecteurs pour \u00e9lectrovannes s\u00e9rie A"},"content":{"rendered":"<p>Les connecteurs magn\u00e9tiques \u00e0 c\u00e2ble moul\u00e9 de la s\u00e9rie Omal A sont \u00e9quip\u00e9s d&#8217;un joint int\u00e9gr\u00e9 et conviennent aux applications n\u00e9cessitant une protection contre la poussi\u00e8re et l&#8217;humidit\u00e9. Disponibles en versions \u00e0 2 ou 3 p\u00f4les plus terre, conformes \u00e0 la norme EN 175301-803 forme A (DIN 43650).<\/p>\n<p>Ces connecteurs magn\u00e9tiques de la s\u00e9rie A sont compos\u00e9s d&#8217;un bo\u00eetier en TPV avec des contacts en laiton argent\u00e9 ou dor\u00e9 (CuZn Ag\/Au). Gr\u00e2ce \u00e0 l&#8217;indice de protection IP65 selon EN 60529. Le courant maximal est de 16 A, avec une valeur nominale de 10 A pour des tensions jusqu&#8217;\u00e0 250 V CA ou 300 V CC. Ils ont une distance de connexion standard de 18 mm.<\/p>\n<p>La version standard de Omal A s\u00e9rie fonctionne entre -30 \u00b0C et +125 \u00b0C. La version avec composants pour la protection \u00e9lectronique ou la signalisation est adapt\u00e9e au circuit choisi et peut \u00eatre utilis\u00e9e jusqu&#8217;\u00e0 +125 \u00b0C.<\/p>\n<p>Vous avez besoin de plus d&#8217;informations ? N&#8217;h\u00e9sitez pas \u00e0 contacter LDA.<\/p>\n","protected":false},"excerpt":{"rendered":"<p>Les connecteurs magn\u00e9tiques \u00e0 c\u00e2ble moul\u00e9 de la s\u00e9rie Omal A sont \u00e9quip\u00e9s d&#8217;un joint int\u00e9gr\u00e9 et conviennent aux applications n\u00e9cessitant une protection contre la poussi\u00e8re et l&#8217;humidit\u00e9. Disponibles en versions \u00e0 2 ou 3 p\u00f4les plus terre, conformes \u00e0 la norme EN 175301-803 forme A (DIN 43650). Ces connecteurs magn\u00e9tiques de la s\u00e9rie A [&hellip;]<\/p>\n","protected":false},"featured_media":10124,"comment_status":"closed","ping_status":"closed","template":"","meta":[],"product_brand":[1609],"product_cat":[818,828,1608],"product_tag":[],"class_list":{"0":"post-10127","1":"product","2":"type-product","3":"status-publish","4":"has-post-thumbnail","6":"product_brand-omal","7":"product_cat-connecteurs-et-cables","8":"product_cat-connecteurs","9":"product_cat-connecteurs-industriels-de-type-a-b-c-et-micro","11":"first","12":"instock","13":"shipping-taxable","14":"product-type-simple"},"yoast_head":"<!-- This site is optimized with the Yoast SEO plugin v27.3 - https:\/\/yoast.com\/product\/yoast-seo-wordpress\/ -->\n<title>Connecteurs pour \u00e9lectrovannes s\u00e9rie A - LDA Belgique<\/title>\n<meta name=\"description\" content=\"Connecteurs pour \u00e9lectrovanne avec c\u00e2ble moul\u00e9 et joint int\u00e9gr\u00e9 conformes \u00e0 la norme DIN 43650. Indice de protection IP65, Disponibles aupr\u00e8s de LDA Belgique.\" \/>\n<meta name=\"robots\" content=\"index, follow, max-snippet:-1, max-image-preview:large, max-video-preview:-1\" \/>\n<link rel=\"canonical\" href=\"https:\/\/lda.be\/fr\/produit\/connecteurs-pour-electrovannes-serie-a\/\" \/>\n<meta property=\"og:locale\" content=\"fr_FR\" \/>\n<meta property=\"og:type\" content=\"article\" \/>\n<meta property=\"og:title\" content=\"Connecteurs pour \u00e9lectrovannes s\u00e9rie A - LDA Belgique\" \/>\n<meta property=\"og:description\" content=\"Connecteurs pour \u00e9lectrovanne avec c\u00e2ble moul\u00e9 et joint int\u00e9gr\u00e9 conformes \u00e0 la norme DIN 43650. Indice de protection IP65, Disponibles aupr\u00e8s de LDA Belgique.\" \/>\n<meta property=\"og:url\" content=\"https:\/\/lda.be\/fr\/produit\/connecteurs-pour-electrovannes-serie-a\/\" \/>\n<meta property=\"og:site_name\" content=\"LDA Belgique\" \/>\n<meta property=\"article:modified_time\" content=\"2025-07-28T11:55:06+00:00\" \/>\n<meta property=\"og:image\" content=\"https:\/\/lda.be\/wp-content\/uploads\/2025\/07\/A-Cable.webp\" \/>\n\t<meta property=\"og:image:width\" content=\"800\" \/>\n\t<meta property=\"og:image:height\" content=\"800\" \/>\n\t<meta property=\"og:image:type\" content=\"image\/webp\" \/>\n<meta name=\"twitter:card\" content=\"summary_large_image\" \/>\n<meta name=\"twitter:label1\" content=\"Dur\u00e9e de lecture estim\u00e9e\" \/>\n\t<meta name=\"twitter:data1\" content=\"1 minute\" \/>\n<script type=\"application\/ld+json\" class=\"yoast-schema-graph\">{\"@context\":\"https:\\\/\\\/schema.org\",\"@graph\":[{\"@type\":\"WebPage\",\"@id\":\"https:\\\/\\\/lda.be\\\/fr\\\/produit\\\/connecteurs-pour-electrovannes-serie-a\\\/\",\"url\":\"https:\\\/\\\/lda.be\\\/fr\\\/produit\\\/connecteurs-pour-electrovannes-serie-a\\\/\",\"name\":\"Connecteurs pour \u00e9lectrovannes s\u00e9rie A - LDA Belgique\",\"isPartOf\":{\"@id\":\"https:\\\/\\\/lda.be\\\/fr\\\/#website\"},\"primaryImageOfPage\":{\"@id\":\"https:\\\/\\\/lda.be\\\/fr\\\/produit\\\/connecteurs-pour-electrovannes-serie-a\\\/#primaryimage\"},\"image\":{\"@id\":\"https:\\\/\\\/lda.be\\\/fr\\\/produit\\\/connecteurs-pour-electrovannes-serie-a\\\/#primaryimage\"},\"thumbnailUrl\":\"https:\\\/\\\/lda.be\\\/wp-content\\\/uploads\\\/2025\\\/07\\\/A-Cable.webp\",\"datePublished\":\"2025-07-28T11:48:49+00:00\",\"dateModified\":\"2025-07-28T11:55:06+00:00\",\"description\":\"Connecteurs pour \u00e9lectrovanne avec c\u00e2ble moul\u00e9 et joint int\u00e9gr\u00e9 conformes \u00e0 la norme DIN 43650. Indice de protection IP65, Disponibles aupr\u00e8s de LDA Belgique.\",\"breadcrumb\":{\"@id\":\"https:\\\/\\\/lda.be\\\/fr\\\/produit\\\/connecteurs-pour-electrovannes-serie-a\\\/#breadcrumb\"},\"inLanguage\":\"fr-FR\",\"potentialAction\":[{\"@type\":\"ReadAction\",\"target\":[\"https:\\\/\\\/lda.be\\\/fr\\\/produit\\\/connecteurs-pour-electrovannes-serie-a\\\/\"]}]},{\"@type\":\"ImageObject\",\"inLanguage\":\"fr-FR\",\"@id\":\"https:\\\/\\\/lda.be\\\/fr\\\/produit\\\/connecteurs-pour-electrovannes-serie-a\\\/#primaryimage\",\"url\":\"https:\\\/\\\/lda.be\\\/wp-content\\\/uploads\\\/2025\\\/07\\\/A-Cable.webp\",\"contentUrl\":\"https:\\\/\\\/lda.be\\\/wp-content\\\/uploads\\\/2025\\\/07\\\/A-Cable.webp\",\"width\":800,\"height\":800,\"caption\":\"A serie Omal connector\"},{\"@type\":\"BreadcrumbList\",\"@id\":\"https:\\\/\\\/lda.be\\\/fr\\\/produit\\\/connecteurs-pour-electrovannes-serie-a\\\/#breadcrumb\",\"itemListElement\":[{\"@type\":\"ListItem\",\"position\":1,\"name\":\"Accueil\",\"item\":\"https:\\\/\\\/lda.be\\\/fr\\\/\"},{\"@type\":\"ListItem\",\"position\":2,\"name\":\"Produits\",\"item\":\"https:\\\/\\\/lda.be\\\/fr\\\/produits\\\/\"},{\"@type\":\"ListItem\",\"position\":3,\"name\":\"Connecteurs pour \u00e9lectrovannes s\u00e9rie A\"}]},{\"@type\":\"WebSite\",\"@id\":\"https:\\\/\\\/lda.be\\\/fr\\\/#website\",\"url\":\"https:\\\/\\\/lda.be\\\/fr\\\/\",\"name\":\"LDA Belgium\",\"description\":\"Solutions For Life\",\"publisher\":{\"@id\":\"https:\\\/\\\/lda.be\\\/fr\\\/#organization\"},\"potentialAction\":[{\"@type\":\"SearchAction\",\"target\":{\"@type\":\"EntryPoint\",\"urlTemplate\":\"https:\\\/\\\/lda.be\\\/fr\\\/?s={search_term_string}\"},\"query-input\":{\"@type\":\"PropertyValueSpecification\",\"valueRequired\":true,\"valueName\":\"search_term_string\"}}],\"inLanguage\":\"fr-FR\"},{\"@type\":\"Organization\",\"@id\":\"https:\\\/\\\/lda.be\\\/fr\\\/#organization\",\"name\":\"LDA Belgium\",\"url\":\"https:\\\/\\\/lda.be\\\/fr\\\/\",\"logo\":{\"@type\":\"ImageObject\",\"inLanguage\":\"fr-FR\",\"@id\":\"https:\\\/\\\/lda.be\\\/fr\\\/#\\\/schema\\\/logo\\\/image\\\/\",\"url\":\"https:\\\/\\\/lda.be\\\/wp-content\\\/uploads\\\/2022\\\/07\\\/Logo-LDA.webp\",\"contentUrl\":\"https:\\\/\\\/lda.be\\\/wp-content\\\/uploads\\\/2022\\\/07\\\/Logo-LDA.webp\",\"width\":311,\"height\":101,\"caption\":\"LDA Belgium\"},\"image\":{\"@id\":\"https:\\\/\\\/lda.be\\\/fr\\\/#\\\/schema\\\/logo\\\/image\\\/\"},\"sameAs\":[\"https:\\\/\\\/www.linkedin.com\\\/company\\\/lda-belgium-nv\"]}]}<\/script>\n<!-- \/ Yoast SEO plugin. -->","yoast_head_json":{"title":"Connecteurs pour \u00e9lectrovannes s\u00e9rie A - LDA Belgique","description":"Connecteurs pour \u00e9lectrovanne avec c\u00e2ble moul\u00e9 et joint int\u00e9gr\u00e9 conformes \u00e0 la norme DIN 43650. Indice de protection IP65, Disponibles aupr\u00e8s de LDA Belgique.","robots":{"index":"index","follow":"follow","max-snippet":"max-snippet:-1","max-image-preview":"max-image-preview:large","max-video-preview":"max-video-preview:-1"},"canonical":"https:\/\/lda.be\/fr\/produit\/connecteurs-pour-electrovannes-serie-a\/","og_locale":"fr_FR","og_type":"article","og_title":"Connecteurs pour \u00e9lectrovannes s\u00e9rie A - LDA Belgique","og_description":"Connecteurs pour \u00e9lectrovanne avec c\u00e2ble moul\u00e9 et joint int\u00e9gr\u00e9 conformes \u00e0 la norme DIN 43650. Indice de protection IP65, Disponibles aupr\u00e8s de LDA Belgique.","og_url":"https:\/\/lda.be\/fr\/produit\/connecteurs-pour-electrovannes-serie-a\/","og_site_name":"LDA Belgique","article_modified_time":"2025-07-28T11:55:06+00:00","og_image":[{"width":800,"height":800,"url":"https:\/\/lda.be\/wp-content\/uploads\/2025\/07\/A-Cable.webp","type":"image\/webp"}],"twitter_card":"summary_large_image","twitter_misc":{"Dur\u00e9e de lecture estim\u00e9e":"1 minute"},"schema":{"@context":"https:\/\/schema.org","@graph":[{"@type":"WebPage","@id":"https:\/\/lda.be\/fr\/produit\/connecteurs-pour-electrovannes-serie-a\/","url":"https:\/\/lda.be\/fr\/produit\/connecteurs-pour-electrovannes-serie-a\/","name":"Connecteurs pour \u00e9lectrovannes s\u00e9rie A - LDA Belgique","isPartOf":{"@id":"https:\/\/lda.be\/fr\/#website"},"primaryImageOfPage":{"@id":"https:\/\/lda.be\/fr\/produit\/connecteurs-pour-electrovannes-serie-a\/#primaryimage"},"image":{"@id":"https:\/\/lda.be\/fr\/produit\/connecteurs-pour-electrovannes-serie-a\/#primaryimage"},"thumbnailUrl":"https:\/\/lda.be\/wp-content\/uploads\/2025\/07\/A-Cable.webp","datePublished":"2025-07-28T11:48:49+00:00","dateModified":"2025-07-28T11:55:06+00:00","description":"Connecteurs pour \u00e9lectrovanne avec c\u00e2ble moul\u00e9 et joint int\u00e9gr\u00e9 conformes \u00e0 la norme DIN 43650. Indice de protection IP65, Disponibles aupr\u00e8s de LDA Belgique.","breadcrumb":{"@id":"https:\/\/lda.be\/fr\/produit\/connecteurs-pour-electrovannes-serie-a\/#breadcrumb"},"inLanguage":"fr-FR","potentialAction":[{"@type":"ReadAction","target":["https:\/\/lda.be\/fr\/produit\/connecteurs-pour-electrovannes-serie-a\/"]}]},{"@type":"ImageObject","inLanguage":"fr-FR","@id":"https:\/\/lda.be\/fr\/produit\/connecteurs-pour-electrovannes-serie-a\/#primaryimage","url":"https:\/\/lda.be\/wp-content\/uploads\/2025\/07\/A-Cable.webp","contentUrl":"https:\/\/lda.be\/wp-content\/uploads\/2025\/07\/A-Cable.webp","width":800,"height":800,"caption":"A serie Omal connector"},{"@type":"BreadcrumbList","@id":"https:\/\/lda.be\/fr\/produit\/connecteurs-pour-electrovannes-serie-a\/#breadcrumb","itemListElement":[{"@type":"ListItem","position":1,"name":"Accueil","item":"https:\/\/lda.be\/fr\/"},{"@type":"ListItem","position":2,"name":"Produits","item":"https:\/\/lda.be\/fr\/produits\/"},{"@type":"ListItem","position":3,"name":"Connecteurs pour \u00e9lectrovannes s\u00e9rie A"}]},{"@type":"WebSite","@id":"https:\/\/lda.be\/fr\/#website","url":"https:\/\/lda.be\/fr\/","name":"LDA Belgium","description":"Solutions For Life","publisher":{"@id":"https:\/\/lda.be\/fr\/#organization"},"potentialAction":[{"@type":"SearchAction","target":{"@type":"EntryPoint","urlTemplate":"https:\/\/lda.be\/fr\/?s={search_term_string}"},"query-input":{"@type":"PropertyValueSpecification","valueRequired":true,"valueName":"search_term_string"}}],"inLanguage":"fr-FR"},{"@type":"Organization","@id":"https:\/\/lda.be\/fr\/#organization","name":"LDA Belgium","url":"https:\/\/lda.be\/fr\/","logo":{"@type":"ImageObject","inLanguage":"fr-FR","@id":"https:\/\/lda.be\/fr\/#\/schema\/logo\/image\/","url":"https:\/\/lda.be\/wp-content\/uploads\/2022\/07\/Logo-LDA.webp","contentUrl":"https:\/\/lda.be\/wp-content\/uploads\/2022\/07\/Logo-LDA.webp","width":311,"height":101,"caption":"LDA Belgium"},"image":{"@id":"https:\/\/lda.be\/fr\/#\/schema\/logo\/image\/"},"sameAs":["https:\/\/www.linkedin.com\/company\/lda-belgium-nv"]}]}},"_links":{"self":[{"href":"https:\/\/lda.be\/fr\/wp-json\/wp\/v2\/product\/10127","targetHints":{"allow":["GET"]}}],"collection":[{"href":"https:\/\/lda.be\/fr\/wp-json\/wp\/v2\/product"}],"about":[{"href":"https:\/\/lda.be\/fr\/wp-json\/wp\/v2\/types\/product"}],"replies":[{"embeddable":true,"href":"https:\/\/lda.be\/fr\/wp-json\/wp\/v2\/comments?post=10127"}],"wp:featuredmedia":[{"embeddable":true,"href":"https:\/\/lda.be\/fr\/wp-json\/wp\/v2\/media\/10124"}],"wp:attachment":[{"href":"https:\/\/lda.be\/fr\/wp-json\/wp\/v2\/media?parent=10127"}],"wp:term":[{"taxonomy":"product_brand","embeddable":true,"href":"https:\/\/lda.be\/fr\/wp-json\/wp\/v2\/product_brand?post=10127"},{"taxonomy":"product_cat","embeddable":true,"href":"https:\/\/lda.be\/fr\/wp-json\/wp\/v2\/product_cat?post=10127"},{"taxonomy":"product_tag","embeddable":true,"href":"https:\/\/lda.be\/fr\/wp-json\/wp\/v2\/product_tag?post=10127"}],"curies":[{"name":"wp","href":"https:\/\/api.w.org\/{rel}","templated":true}]}}