{"id":10136,"date":"2025-07-28T14:08:04","date_gmt":"2025-07-28T13:08:04","guid":{"rendered":"https:\/\/lda.be\/?post_type=product&#038;p=10136"},"modified":"2025-07-28T14:20:47","modified_gmt":"2025-07-28T13:20:47","slug":"connecteurs-pour-electrovannes-serie-b-avec-cable","status":"publish","type":"product","link":"https:\/\/lda.be\/fr\/produit\/connecteurs-pour-electrovannes-serie-b-avec-cable\/","title":{"rendered":"Connecteurs pour \u00e9lectrovannes s\u00e9rie B avec c\u00e2ble"},"content":{"rendered":"<p>Les connecteurs pour \u00e9lectrovannes Omal s\u00e9rie B avec c\u00e2ble moul\u00e9 sont con\u00e7us conform\u00e9ment \u00e0 la norme EN 175301-803 forme Type B (DIN 43650) et sont id\u00e9aux pour les connexions r\u00e9sistantes \u00e0 l&#8217;humidit\u00e9. Ces connecteurs pour \u00e9lectrovannes de la s\u00e9rie Omal B sont fabriqu\u00e9s dans un bo\u00eetier en TPV, \u00e9quip\u00e9s d&#8217;un joint int\u00e9gr\u00e9 pour une protection IP65 et disponibles en versions \u00e0 2 p\u00f4les avec connexion \u00e0 la terre.<\/p>\n<p>Les contacts sont en CuZn (argent\u00e9 ou dor\u00e9), ce qui garantit une connexion r\u00e9sistante \u00e0 la corrosion. Gr\u00e2ce \u00e0 leur capacit\u00e9 de courant maximale de 16 A et \u00e0 leur courant nominal de 10 A, ces connecteurs conviennent aussi bien aux applications 250 V CA qu&#8217;aux applications 300 V CC. La distance de contact standard est de 10 mm et la temp\u00e9rature de fonctionnement va de -30 \u00b0C \u00e0 +125 \u00b0C.<\/p>\n<p>Ces connecteurs pour \u00e9lectrovannes de la s\u00e9rie B d&#8217;Omal peuvent \u00eatre enti\u00e8rement adapt\u00e9s aux exigences sp\u00e9cifiques des clients, telles que le type de c\u00e2ble, le circuit ou la combinaison de LED.<\/p>\n<p>Pour les configurations, les longueurs de c\u00e2ble et les informations sur les prix, veuillez contacter LDA Belgique.<\/p>\n","protected":false},"excerpt":{"rendered":"<p>Les connecteurs pour \u00e9lectrovannes Omal s\u00e9rie B avec c\u00e2ble moul\u00e9 sont con\u00e7us conform\u00e9ment \u00e0 la norme EN 175301-803 forme Type B (DIN 43650) et sont id\u00e9aux pour les connexions r\u00e9sistantes \u00e0 l&#8217;humidit\u00e9. Ces connecteurs pour \u00e9lectrovannes de la s\u00e9rie Omal B sont fabriqu\u00e9s dans un bo\u00eetier en TPV, \u00e9quip\u00e9s d&#8217;un joint int\u00e9gr\u00e9 pour une protection [&hellip;]<\/p>\n","protected":false},"featured_media":10134,"comment_status":"closed","ping_status":"closed","template":"","meta":[],"product_brand":[1609],"product_cat":[818,828,1608],"product_tag":[],"class_list":{"0":"post-10136","1":"product","2":"type-product","3":"status-publish","4":"has-post-thumbnail","6":"product_brand-omal","7":"product_cat-connecteurs-et-cables","8":"product_cat-connecteurs","9":"product_cat-connecteurs-industriels-de-type-a-b-c-et-micro","11":"first","12":"instock","13":"shipping-taxable","14":"product-type-simple"},"yoast_head":"<!-- This site is optimized with the Yoast SEO plugin v27.3 - https:\/\/yoast.com\/product\/yoast-seo-wordpress\/ -->\n<title>Connecteurs pour \u00e9lectrovannes s\u00e9rie B avec c\u00e2ble - LDA Belgique<\/title>\n<meta name=\"description\" content=\"Connecteurs pour \u00e9lectrovannes s\u00e9rie B Omal conformes \u00e0 la norme EN 175301-803, forme type B (DIN 43650) B. Protection IP65. Disponibles sur mesure via LDA Belgique.\" \/>\n<meta name=\"robots\" content=\"index, follow, max-snippet:-1, max-image-preview:large, max-video-preview:-1\" \/>\n<link rel=\"canonical\" href=\"https:\/\/lda.be\/fr\/produit\/connecteurs-pour-electrovannes-serie-b-avec-cable\/\" \/>\n<meta property=\"og:locale\" content=\"fr_FR\" \/>\n<meta property=\"og:type\" content=\"article\" \/>\n<meta property=\"og:title\" content=\"Connecteurs pour \u00e9lectrovannes s\u00e9rie B avec c\u00e2ble - LDA Belgique\" \/>\n<meta property=\"og:description\" content=\"Connecteurs pour \u00e9lectrovannes s\u00e9rie B Omal conformes \u00e0 la norme EN 175301-803, forme type B (DIN 43650) B. Protection IP65. Disponibles sur mesure via LDA Belgique.\" \/>\n<meta property=\"og:url\" content=\"https:\/\/lda.be\/fr\/produit\/connecteurs-pour-electrovannes-serie-b-avec-cable\/\" \/>\n<meta property=\"og:site_name\" content=\"LDA Belgique\" \/>\n<meta property=\"article:modified_time\" content=\"2025-07-28T13:20:47+00:00\" \/>\n<meta property=\"og:image\" content=\"https:\/\/lda.be\/wp-content\/uploads\/2025\/07\/B-Cable.webp\" \/>\n\t<meta property=\"og:image:width\" content=\"800\" \/>\n\t<meta property=\"og:image:height\" content=\"800\" \/>\n\t<meta property=\"og:image:type\" content=\"image\/webp\" \/>\n<meta name=\"twitter:card\" content=\"summary_large_image\" \/>\n<meta name=\"twitter:label1\" content=\"Dur\u00e9e de lecture estim\u00e9e\" \/>\n\t<meta name=\"twitter:data1\" content=\"1 minute\" \/>\n<script type=\"application\/ld+json\" class=\"yoast-schema-graph\">{\"@context\":\"https:\\\/\\\/schema.org\",\"@graph\":[{\"@type\":\"WebPage\",\"@id\":\"https:\\\/\\\/lda.be\\\/fr\\\/produit\\\/connecteurs-pour-electrovannes-serie-b-avec-cable\\\/\",\"url\":\"https:\\\/\\\/lda.be\\\/fr\\\/produit\\\/connecteurs-pour-electrovannes-serie-b-avec-cable\\\/\",\"name\":\"Connecteurs pour \u00e9lectrovannes s\u00e9rie B avec c\u00e2ble - LDA Belgique\",\"isPartOf\":{\"@id\":\"https:\\\/\\\/lda.be\\\/fr\\\/#website\"},\"primaryImageOfPage\":{\"@id\":\"https:\\\/\\\/lda.be\\\/fr\\\/produit\\\/connecteurs-pour-electrovannes-serie-b-avec-cable\\\/#primaryimage\"},\"image\":{\"@id\":\"https:\\\/\\\/lda.be\\\/fr\\\/produit\\\/connecteurs-pour-electrovannes-serie-b-avec-cable\\\/#primaryimage\"},\"thumbnailUrl\":\"https:\\\/\\\/lda.be\\\/wp-content\\\/uploads\\\/2025\\\/07\\\/B-Cable.webp\",\"datePublished\":\"2025-07-28T13:08:04+00:00\",\"dateModified\":\"2025-07-28T13:20:47+00:00\",\"description\":\"Connecteurs pour \u00e9lectrovannes s\u00e9rie B Omal conformes \u00e0 la norme EN 175301-803, forme type B (DIN 43650) B. Protection IP65. Disponibles sur mesure via LDA Belgique.\",\"breadcrumb\":{\"@id\":\"https:\\\/\\\/lda.be\\\/fr\\\/produit\\\/connecteurs-pour-electrovannes-serie-b-avec-cable\\\/#breadcrumb\"},\"inLanguage\":\"fr-FR\",\"potentialAction\":[{\"@type\":\"ReadAction\",\"target\":[\"https:\\\/\\\/lda.be\\\/fr\\\/produit\\\/connecteurs-pour-electrovannes-serie-b-avec-cable\\\/\"]}]},{\"@type\":\"ImageObject\",\"inLanguage\":\"fr-FR\",\"@id\":\"https:\\\/\\\/lda.be\\\/fr\\\/produit\\\/connecteurs-pour-electrovannes-serie-b-avec-cable\\\/#primaryimage\",\"url\":\"https:\\\/\\\/lda.be\\\/wp-content\\\/uploads\\\/2025\\\/07\\\/B-Cable.webp\",\"contentUrl\":\"https:\\\/\\\/lda.be\\\/wp-content\\\/uploads\\\/2025\\\/07\\\/B-Cable.webp\",\"width\":800,\"height\":800,\"caption\":\"Omal B magneetventiel connector\"},{\"@type\":\"BreadcrumbList\",\"@id\":\"https:\\\/\\\/lda.be\\\/fr\\\/produit\\\/connecteurs-pour-electrovannes-serie-b-avec-cable\\\/#breadcrumb\",\"itemListElement\":[{\"@type\":\"ListItem\",\"position\":1,\"name\":\"Accueil\",\"item\":\"https:\\\/\\\/lda.be\\\/fr\\\/\"},{\"@type\":\"ListItem\",\"position\":2,\"name\":\"Produits\",\"item\":\"https:\\\/\\\/lda.be\\\/fr\\\/produits\\\/\"},{\"@type\":\"ListItem\",\"position\":3,\"name\":\"Connecteurs pour \u00e9lectrovannes s\u00e9rie B avec c\u00e2ble\"}]},{\"@type\":\"WebSite\",\"@id\":\"https:\\\/\\\/lda.be\\\/fr\\\/#website\",\"url\":\"https:\\\/\\\/lda.be\\\/fr\\\/\",\"name\":\"LDA Belgium\",\"description\":\"Solutions For Life\",\"publisher\":{\"@id\":\"https:\\\/\\\/lda.be\\\/fr\\\/#organization\"},\"potentialAction\":[{\"@type\":\"SearchAction\",\"target\":{\"@type\":\"EntryPoint\",\"urlTemplate\":\"https:\\\/\\\/lda.be\\\/fr\\\/?s={search_term_string}\"},\"query-input\":{\"@type\":\"PropertyValueSpecification\",\"valueRequired\":true,\"valueName\":\"search_term_string\"}}],\"inLanguage\":\"fr-FR\"},{\"@type\":\"Organization\",\"@id\":\"https:\\\/\\\/lda.be\\\/fr\\\/#organization\",\"name\":\"LDA Belgium\",\"url\":\"https:\\\/\\\/lda.be\\\/fr\\\/\",\"logo\":{\"@type\":\"ImageObject\",\"inLanguage\":\"fr-FR\",\"@id\":\"https:\\\/\\\/lda.be\\\/fr\\\/#\\\/schema\\\/logo\\\/image\\\/\",\"url\":\"https:\\\/\\\/lda.be\\\/wp-content\\\/uploads\\\/2022\\\/07\\\/Logo-LDA.webp\",\"contentUrl\":\"https:\\\/\\\/lda.be\\\/wp-content\\\/uploads\\\/2022\\\/07\\\/Logo-LDA.webp\",\"width\":311,\"height\":101,\"caption\":\"LDA Belgium\"},\"image\":{\"@id\":\"https:\\\/\\\/lda.be\\\/fr\\\/#\\\/schema\\\/logo\\\/image\\\/\"},\"sameAs\":[\"https:\\\/\\\/www.linkedin.com\\\/company\\\/lda-belgium-nv\"]}]}<\/script>\n<!-- \/ Yoast SEO plugin. -->","yoast_head_json":{"title":"Connecteurs pour \u00e9lectrovannes s\u00e9rie B avec c\u00e2ble - LDA Belgique","description":"Connecteurs pour \u00e9lectrovannes s\u00e9rie B Omal conformes \u00e0 la norme EN 175301-803, forme type B (DIN 43650) B. Protection IP65. Disponibles sur mesure via LDA Belgique.","robots":{"index":"index","follow":"follow","max-snippet":"max-snippet:-1","max-image-preview":"max-image-preview:large","max-video-preview":"max-video-preview:-1"},"canonical":"https:\/\/lda.be\/fr\/produit\/connecteurs-pour-electrovannes-serie-b-avec-cable\/","og_locale":"fr_FR","og_type":"article","og_title":"Connecteurs pour \u00e9lectrovannes s\u00e9rie B avec c\u00e2ble - LDA Belgique","og_description":"Connecteurs pour \u00e9lectrovannes s\u00e9rie B Omal conformes \u00e0 la norme EN 175301-803, forme type B (DIN 43650) B. Protection IP65. Disponibles sur mesure via LDA Belgique.","og_url":"https:\/\/lda.be\/fr\/produit\/connecteurs-pour-electrovannes-serie-b-avec-cable\/","og_site_name":"LDA Belgique","article_modified_time":"2025-07-28T13:20:47+00:00","og_image":[{"width":800,"height":800,"url":"https:\/\/lda.be\/wp-content\/uploads\/2025\/07\/B-Cable.webp","type":"image\/webp"}],"twitter_card":"summary_large_image","twitter_misc":{"Dur\u00e9e de lecture estim\u00e9e":"1 minute"},"schema":{"@context":"https:\/\/schema.org","@graph":[{"@type":"WebPage","@id":"https:\/\/lda.be\/fr\/produit\/connecteurs-pour-electrovannes-serie-b-avec-cable\/","url":"https:\/\/lda.be\/fr\/produit\/connecteurs-pour-electrovannes-serie-b-avec-cable\/","name":"Connecteurs pour \u00e9lectrovannes s\u00e9rie B avec c\u00e2ble - LDA Belgique","isPartOf":{"@id":"https:\/\/lda.be\/fr\/#website"},"primaryImageOfPage":{"@id":"https:\/\/lda.be\/fr\/produit\/connecteurs-pour-electrovannes-serie-b-avec-cable\/#primaryimage"},"image":{"@id":"https:\/\/lda.be\/fr\/produit\/connecteurs-pour-electrovannes-serie-b-avec-cable\/#primaryimage"},"thumbnailUrl":"https:\/\/lda.be\/wp-content\/uploads\/2025\/07\/B-Cable.webp","datePublished":"2025-07-28T13:08:04+00:00","dateModified":"2025-07-28T13:20:47+00:00","description":"Connecteurs pour \u00e9lectrovannes s\u00e9rie B Omal conformes \u00e0 la norme EN 175301-803, forme type B (DIN 43650) B. Protection IP65. Disponibles sur mesure via LDA Belgique.","breadcrumb":{"@id":"https:\/\/lda.be\/fr\/produit\/connecteurs-pour-electrovannes-serie-b-avec-cable\/#breadcrumb"},"inLanguage":"fr-FR","potentialAction":[{"@type":"ReadAction","target":["https:\/\/lda.be\/fr\/produit\/connecteurs-pour-electrovannes-serie-b-avec-cable\/"]}]},{"@type":"ImageObject","inLanguage":"fr-FR","@id":"https:\/\/lda.be\/fr\/produit\/connecteurs-pour-electrovannes-serie-b-avec-cable\/#primaryimage","url":"https:\/\/lda.be\/wp-content\/uploads\/2025\/07\/B-Cable.webp","contentUrl":"https:\/\/lda.be\/wp-content\/uploads\/2025\/07\/B-Cable.webp","width":800,"height":800,"caption":"Omal B magneetventiel connector"},{"@type":"BreadcrumbList","@id":"https:\/\/lda.be\/fr\/produit\/connecteurs-pour-electrovannes-serie-b-avec-cable\/#breadcrumb","itemListElement":[{"@type":"ListItem","position":1,"name":"Accueil","item":"https:\/\/lda.be\/fr\/"},{"@type":"ListItem","position":2,"name":"Produits","item":"https:\/\/lda.be\/fr\/produits\/"},{"@type":"ListItem","position":3,"name":"Connecteurs pour \u00e9lectrovannes s\u00e9rie B avec c\u00e2ble"}]},{"@type":"WebSite","@id":"https:\/\/lda.be\/fr\/#website","url":"https:\/\/lda.be\/fr\/","name":"LDA Belgium","description":"Solutions For Life","publisher":{"@id":"https:\/\/lda.be\/fr\/#organization"},"potentialAction":[{"@type":"SearchAction","target":{"@type":"EntryPoint","urlTemplate":"https:\/\/lda.be\/fr\/?s={search_term_string}"},"query-input":{"@type":"PropertyValueSpecification","valueRequired":true,"valueName":"search_term_string"}}],"inLanguage":"fr-FR"},{"@type":"Organization","@id":"https:\/\/lda.be\/fr\/#organization","name":"LDA Belgium","url":"https:\/\/lda.be\/fr\/","logo":{"@type":"ImageObject","inLanguage":"fr-FR","@id":"https:\/\/lda.be\/fr\/#\/schema\/logo\/image\/","url":"https:\/\/lda.be\/wp-content\/uploads\/2022\/07\/Logo-LDA.webp","contentUrl":"https:\/\/lda.be\/wp-content\/uploads\/2022\/07\/Logo-LDA.webp","width":311,"height":101,"caption":"LDA Belgium"},"image":{"@id":"https:\/\/lda.be\/fr\/#\/schema\/logo\/image\/"},"sameAs":["https:\/\/www.linkedin.com\/company\/lda-belgium-nv"]}]}},"_links":{"self":[{"href":"https:\/\/lda.be\/fr\/wp-json\/wp\/v2\/product\/10136","targetHints":{"allow":["GET"]}}],"collection":[{"href":"https:\/\/lda.be\/fr\/wp-json\/wp\/v2\/product"}],"about":[{"href":"https:\/\/lda.be\/fr\/wp-json\/wp\/v2\/types\/product"}],"replies":[{"embeddable":true,"href":"https:\/\/lda.be\/fr\/wp-json\/wp\/v2\/comments?post=10136"}],"wp:featuredmedia":[{"embeddable":true,"href":"https:\/\/lda.be\/fr\/wp-json\/wp\/v2\/media\/10134"}],"wp:attachment":[{"href":"https:\/\/lda.be\/fr\/wp-json\/wp\/v2\/media?parent=10136"}],"wp:term":[{"taxonomy":"product_brand","embeddable":true,"href":"https:\/\/lda.be\/fr\/wp-json\/wp\/v2\/product_brand?post=10136"},{"taxonomy":"product_cat","embeddable":true,"href":"https:\/\/lda.be\/fr\/wp-json\/wp\/v2\/product_cat?post=10136"},{"taxonomy":"product_tag","embeddable":true,"href":"https:\/\/lda.be\/fr\/wp-json\/wp\/v2\/product_tag?post=10136"}],"curies":[{"name":"wp","href":"https:\/\/api.w.org\/{rel}","templated":true}]}}