{"id":10146,"date":"2025-07-28T14:59:45","date_gmt":"2025-07-28T13:59:45","guid":{"rendered":"https:\/\/lda.be\/?post_type=product&#038;p=10146"},"modified":"2025-07-28T15:11:27","modified_gmt":"2025-07-28T14:11:27","slug":"connecteurs-pour-electrovannes-serie-b-norme-industrielle","status":"publish","type":"product","link":"https:\/\/lda.be\/fr\/produit\/connecteurs-pour-electrovannes-serie-b-norme-industrielle\/","title":{"rendered":"Connecteurs pour \u00e9lectrovannes s\u00e9rie B Norme industrielle"},"content":{"rendered":"<p>Il s&#8217;agit de la s\u00e9rie B de connecteurs avec c\u00e2ble moul\u00e9, conforme aux normes industrielles. Cette s\u00e9rie B est con\u00e7ue selon la norme EN 175301-803, type B (DIN 43650). Gr\u00e2ce \u00e0 leur bo\u00eetier en TPV et \u00e0 leur joint int\u00e9gr\u00e9, ils offrent une protection IP65 contre la poussi\u00e8re et l&#8217;humidit\u00e9. Les connecteurs disposent de connexions \u00e0 2 p\u00f4les avec contact de terre.<\/p>\n<p>La version standard a une polarisation H12-H6, mais si vous avez des besoins sp\u00e9cifiques, des solutions sur mesure sont disponibles sur demande. Les contacts sont en CuZn argent\u00e9 ou dor\u00e9 et peuvent supporter un courant maximal de 16 A. Courant nominal de 10 A. Ces connecteurs conviennent pour des tensions jusqu&#8217;\u00e0 250 V CA \/ 300 V CC et ont un espacement des contacts de 11 mm. Ils fonctionnent parfaitement dans une plage de temp\u00e9rature de -30 \u00b0C \u00e0 +125 \u00b0C.<\/p>\n<p>Gr\u00e2ce \u00e0 leur conception et \u00e0 leurs options de personnalisation, ces connecteurs constituent un excellent choix pour les syst\u00e8mes d&#8217;automatisation, les machines et les applications hydrauliques. Contactez LDA Belgique pour obtenir de l&#8217;aide concernant la configuration, une assistance technique ou des informations sur les prix.<\/p>\n","protected":false},"excerpt":{"rendered":"<p>Il s&#8217;agit de la s\u00e9rie B de connecteurs avec c\u00e2ble moul\u00e9, conforme aux normes industrielles. Cette s\u00e9rie B est con\u00e7ue selon la norme EN 175301-803, type B (DIN 43650). Gr\u00e2ce \u00e0 leur bo\u00eetier en TPV et \u00e0 leur joint int\u00e9gr\u00e9, ils offrent une protection IP65 contre la poussi\u00e8re et l&#8217;humidit\u00e9. Les connecteurs disposent de connexions [&hellip;]<\/p>\n","protected":false},"featured_media":10144,"comment_status":"closed","ping_status":"closed","template":"","meta":[],"product_brand":[1609],"product_cat":[818,828,1608],"product_tag":[],"class_list":{"0":"post-10146","1":"product","2":"type-product","3":"status-publish","4":"has-post-thumbnail","6":"product_brand-omal","7":"product_cat-connecteurs-et-cables","8":"product_cat-connecteurs","9":"product_cat-connecteurs-industriels-de-type-a-b-c-et-micro","11":"first","12":"instock","13":"shipping-taxable","14":"product-type-simple"},"yoast_head":"<!-- This site is optimized with the Yoast SEO plugin v27.3 - https:\/\/yoast.com\/product\/yoast-seo-wordpress\/ -->\n<title>Connecteurs pour \u00e9lectrovannes s\u00e9rie B Norme industrielle - LDA Belgique<\/title>\n<meta name=\"description\" content=\"Connecteurs pour \u00e9lectrovannes s\u00e9rie B Omal Norme industrielle, selon DIN 43650 forme B. IP65, diode. Enti\u00e8rement personnalisables chez LDA Belgique.\" \/>\n<meta name=\"robots\" content=\"index, follow, max-snippet:-1, max-image-preview:large, max-video-preview:-1\" \/>\n<link rel=\"canonical\" href=\"https:\/\/lda.be\/fr\/produit\/connecteurs-pour-electrovannes-serie-b-norme-industrielle\/\" \/>\n<meta property=\"og:locale\" content=\"fr_FR\" \/>\n<meta property=\"og:type\" content=\"article\" \/>\n<meta property=\"og:title\" content=\"Connecteurs pour \u00e9lectrovannes s\u00e9rie B Norme industrielle - LDA Belgique\" \/>\n<meta property=\"og:description\" content=\"Connecteurs pour \u00e9lectrovannes s\u00e9rie B Omal Norme industrielle, selon DIN 43650 forme B. IP65, diode. Enti\u00e8rement personnalisables chez LDA Belgique.\" \/>\n<meta property=\"og:url\" content=\"https:\/\/lda.be\/fr\/produit\/connecteurs-pour-electrovannes-serie-b-norme-industrielle\/\" \/>\n<meta property=\"og:site_name\" content=\"LDA Belgique\" \/>\n<meta property=\"article:modified_time\" content=\"2025-07-28T14:11:27+00:00\" \/>\n<meta property=\"og:image\" content=\"https:\/\/lda.be\/wp-content\/uploads\/2025\/07\/B-serie-IND.webp\" \/>\n\t<meta property=\"og:image:width\" content=\"800\" \/>\n\t<meta property=\"og:image:height\" content=\"800\" \/>\n\t<meta property=\"og:image:type\" content=\"image\/webp\" \/>\n<meta name=\"twitter:card\" content=\"summary_large_image\" \/>\n<meta name=\"twitter:label1\" content=\"Dur\u00e9e de lecture estim\u00e9e\" \/>\n\t<meta name=\"twitter:data1\" content=\"1 minute\" \/>\n<script type=\"application\/ld+json\" class=\"yoast-schema-graph\">{\"@context\":\"https:\\\/\\\/schema.org\",\"@graph\":[{\"@type\":\"WebPage\",\"@id\":\"https:\\\/\\\/lda.be\\\/fr\\\/produit\\\/connecteurs-pour-electrovannes-serie-b-norme-industrielle\\\/\",\"url\":\"https:\\\/\\\/lda.be\\\/fr\\\/produit\\\/connecteurs-pour-electrovannes-serie-b-norme-industrielle\\\/\",\"name\":\"Connecteurs pour \u00e9lectrovannes s\u00e9rie B Norme industrielle - LDA Belgique\",\"isPartOf\":{\"@id\":\"https:\\\/\\\/lda.be\\\/fr\\\/#website\"},\"primaryImageOfPage\":{\"@id\":\"https:\\\/\\\/lda.be\\\/fr\\\/produit\\\/connecteurs-pour-electrovannes-serie-b-norme-industrielle\\\/#primaryimage\"},\"image\":{\"@id\":\"https:\\\/\\\/lda.be\\\/fr\\\/produit\\\/connecteurs-pour-electrovannes-serie-b-norme-industrielle\\\/#primaryimage\"},\"thumbnailUrl\":\"https:\\\/\\\/lda.be\\\/wp-content\\\/uploads\\\/2025\\\/07\\\/B-serie-IND.webp\",\"datePublished\":\"2025-07-28T13:59:45+00:00\",\"dateModified\":\"2025-07-28T14:11:27+00:00\",\"description\":\"Connecteurs pour \u00e9lectrovannes s\u00e9rie B Omal Norme industrielle, selon DIN 43650 forme B. IP65, diode. Enti\u00e8rement personnalisables chez LDA Belgique.\",\"breadcrumb\":{\"@id\":\"https:\\\/\\\/lda.be\\\/fr\\\/produit\\\/connecteurs-pour-electrovannes-serie-b-norme-industrielle\\\/#breadcrumb\"},\"inLanguage\":\"fr-FR\",\"potentialAction\":[{\"@type\":\"ReadAction\",\"target\":[\"https:\\\/\\\/lda.be\\\/fr\\\/produit\\\/connecteurs-pour-electrovannes-serie-b-norme-industrielle\\\/\"]}]},{\"@type\":\"ImageObject\",\"inLanguage\":\"fr-FR\",\"@id\":\"https:\\\/\\\/lda.be\\\/fr\\\/produit\\\/connecteurs-pour-electrovannes-serie-b-norme-industrielle\\\/#primaryimage\",\"url\":\"https:\\\/\\\/lda.be\\\/wp-content\\\/uploads\\\/2025\\\/07\\\/B-serie-IND.webp\",\"contentUrl\":\"https:\\\/\\\/lda.be\\\/wp-content\\\/uploads\\\/2025\\\/07\\\/B-serie-IND.webp\",\"width\":800,\"height\":800,\"caption\":\"Afstand: 11 mm Connector: TPV Contactmateriaal: CuZn (Au, Ag) Maximale spanning: Afhankelijk van de schakeling Maximale stroom: 16 A Bedrijfsstroom: 10 A Beschermingsklasse: IP65 EN 60529 (DIN 40050) Isolatieklasse: C \u2013 VDE 0110 Werktemperatuur: -30 \u00b0C \\\/ +125 \u00b0C\"},{\"@type\":\"BreadcrumbList\",\"@id\":\"https:\\\/\\\/lda.be\\\/fr\\\/produit\\\/connecteurs-pour-electrovannes-serie-b-norme-industrielle\\\/#breadcrumb\",\"itemListElement\":[{\"@type\":\"ListItem\",\"position\":1,\"name\":\"Accueil\",\"item\":\"https:\\\/\\\/lda.be\\\/fr\\\/\"},{\"@type\":\"ListItem\",\"position\":2,\"name\":\"Produits\",\"item\":\"https:\\\/\\\/lda.be\\\/fr\\\/produits\\\/\"},{\"@type\":\"ListItem\",\"position\":3,\"name\":\"Connecteurs pour \u00e9lectrovannes s\u00e9rie B Norme industrielle\"}]},{\"@type\":\"WebSite\",\"@id\":\"https:\\\/\\\/lda.be\\\/fr\\\/#website\",\"url\":\"https:\\\/\\\/lda.be\\\/fr\\\/\",\"name\":\"LDA Belgium\",\"description\":\"Solutions For Life\",\"publisher\":{\"@id\":\"https:\\\/\\\/lda.be\\\/fr\\\/#organization\"},\"potentialAction\":[{\"@type\":\"SearchAction\",\"target\":{\"@type\":\"EntryPoint\",\"urlTemplate\":\"https:\\\/\\\/lda.be\\\/fr\\\/?s={search_term_string}\"},\"query-input\":{\"@type\":\"PropertyValueSpecification\",\"valueRequired\":true,\"valueName\":\"search_term_string\"}}],\"inLanguage\":\"fr-FR\"},{\"@type\":\"Organization\",\"@id\":\"https:\\\/\\\/lda.be\\\/fr\\\/#organization\",\"name\":\"LDA Belgium\",\"url\":\"https:\\\/\\\/lda.be\\\/fr\\\/\",\"logo\":{\"@type\":\"ImageObject\",\"inLanguage\":\"fr-FR\",\"@id\":\"https:\\\/\\\/lda.be\\\/fr\\\/#\\\/schema\\\/logo\\\/image\\\/\",\"url\":\"https:\\\/\\\/lda.be\\\/wp-content\\\/uploads\\\/2022\\\/07\\\/Logo-LDA.webp\",\"contentUrl\":\"https:\\\/\\\/lda.be\\\/wp-content\\\/uploads\\\/2022\\\/07\\\/Logo-LDA.webp\",\"width\":311,\"height\":101,\"caption\":\"LDA Belgium\"},\"image\":{\"@id\":\"https:\\\/\\\/lda.be\\\/fr\\\/#\\\/schema\\\/logo\\\/image\\\/\"},\"sameAs\":[\"https:\\\/\\\/www.linkedin.com\\\/company\\\/lda-belgium-nv\"]}]}<\/script>\n<!-- \/ Yoast SEO plugin. -->","yoast_head_json":{"title":"Connecteurs pour \u00e9lectrovannes s\u00e9rie B Norme industrielle - LDA Belgique","description":"Connecteurs pour \u00e9lectrovannes s\u00e9rie B Omal Norme industrielle, selon DIN 43650 forme B. IP65, diode. Enti\u00e8rement personnalisables chez LDA Belgique.","robots":{"index":"index","follow":"follow","max-snippet":"max-snippet:-1","max-image-preview":"max-image-preview:large","max-video-preview":"max-video-preview:-1"},"canonical":"https:\/\/lda.be\/fr\/produit\/connecteurs-pour-electrovannes-serie-b-norme-industrielle\/","og_locale":"fr_FR","og_type":"article","og_title":"Connecteurs pour \u00e9lectrovannes s\u00e9rie B Norme industrielle - LDA Belgique","og_description":"Connecteurs pour \u00e9lectrovannes s\u00e9rie B Omal Norme industrielle, selon DIN 43650 forme B. IP65, diode. Enti\u00e8rement personnalisables chez LDA Belgique.","og_url":"https:\/\/lda.be\/fr\/produit\/connecteurs-pour-electrovannes-serie-b-norme-industrielle\/","og_site_name":"LDA Belgique","article_modified_time":"2025-07-28T14:11:27+00:00","og_image":[{"width":800,"height":800,"url":"https:\/\/lda.be\/wp-content\/uploads\/2025\/07\/B-serie-IND.webp","type":"image\/webp"}],"twitter_card":"summary_large_image","twitter_misc":{"Dur\u00e9e de lecture estim\u00e9e":"1 minute"},"schema":{"@context":"https:\/\/schema.org","@graph":[{"@type":"WebPage","@id":"https:\/\/lda.be\/fr\/produit\/connecteurs-pour-electrovannes-serie-b-norme-industrielle\/","url":"https:\/\/lda.be\/fr\/produit\/connecteurs-pour-electrovannes-serie-b-norme-industrielle\/","name":"Connecteurs pour \u00e9lectrovannes s\u00e9rie B Norme industrielle - LDA Belgique","isPartOf":{"@id":"https:\/\/lda.be\/fr\/#website"},"primaryImageOfPage":{"@id":"https:\/\/lda.be\/fr\/produit\/connecteurs-pour-electrovannes-serie-b-norme-industrielle\/#primaryimage"},"image":{"@id":"https:\/\/lda.be\/fr\/produit\/connecteurs-pour-electrovannes-serie-b-norme-industrielle\/#primaryimage"},"thumbnailUrl":"https:\/\/lda.be\/wp-content\/uploads\/2025\/07\/B-serie-IND.webp","datePublished":"2025-07-28T13:59:45+00:00","dateModified":"2025-07-28T14:11:27+00:00","description":"Connecteurs pour \u00e9lectrovannes s\u00e9rie B Omal Norme industrielle, selon DIN 43650 forme B. IP65, diode. Enti\u00e8rement personnalisables chez LDA Belgique.","breadcrumb":{"@id":"https:\/\/lda.be\/fr\/produit\/connecteurs-pour-electrovannes-serie-b-norme-industrielle\/#breadcrumb"},"inLanguage":"fr-FR","potentialAction":[{"@type":"ReadAction","target":["https:\/\/lda.be\/fr\/produit\/connecteurs-pour-electrovannes-serie-b-norme-industrielle\/"]}]},{"@type":"ImageObject","inLanguage":"fr-FR","@id":"https:\/\/lda.be\/fr\/produit\/connecteurs-pour-electrovannes-serie-b-norme-industrielle\/#primaryimage","url":"https:\/\/lda.be\/wp-content\/uploads\/2025\/07\/B-serie-IND.webp","contentUrl":"https:\/\/lda.be\/wp-content\/uploads\/2025\/07\/B-serie-IND.webp","width":800,"height":800,"caption":"Afstand: 11 mm Connector: TPV Contactmateriaal: CuZn (Au, Ag) Maximale spanning: Afhankelijk van de schakeling Maximale stroom: 16 A Bedrijfsstroom: 10 A Beschermingsklasse: IP65 EN 60529 (DIN 40050) Isolatieklasse: C \u2013 VDE 0110 Werktemperatuur: -30 \u00b0C \/ +125 \u00b0C"},{"@type":"BreadcrumbList","@id":"https:\/\/lda.be\/fr\/produit\/connecteurs-pour-electrovannes-serie-b-norme-industrielle\/#breadcrumb","itemListElement":[{"@type":"ListItem","position":1,"name":"Accueil","item":"https:\/\/lda.be\/fr\/"},{"@type":"ListItem","position":2,"name":"Produits","item":"https:\/\/lda.be\/fr\/produits\/"},{"@type":"ListItem","position":3,"name":"Connecteurs pour \u00e9lectrovannes s\u00e9rie B Norme industrielle"}]},{"@type":"WebSite","@id":"https:\/\/lda.be\/fr\/#website","url":"https:\/\/lda.be\/fr\/","name":"LDA Belgium","description":"Solutions For Life","publisher":{"@id":"https:\/\/lda.be\/fr\/#organization"},"potentialAction":[{"@type":"SearchAction","target":{"@type":"EntryPoint","urlTemplate":"https:\/\/lda.be\/fr\/?s={search_term_string}"},"query-input":{"@type":"PropertyValueSpecification","valueRequired":true,"valueName":"search_term_string"}}],"inLanguage":"fr-FR"},{"@type":"Organization","@id":"https:\/\/lda.be\/fr\/#organization","name":"LDA Belgium","url":"https:\/\/lda.be\/fr\/","logo":{"@type":"ImageObject","inLanguage":"fr-FR","@id":"https:\/\/lda.be\/fr\/#\/schema\/logo\/image\/","url":"https:\/\/lda.be\/wp-content\/uploads\/2022\/07\/Logo-LDA.webp","contentUrl":"https:\/\/lda.be\/wp-content\/uploads\/2022\/07\/Logo-LDA.webp","width":311,"height":101,"caption":"LDA Belgium"},"image":{"@id":"https:\/\/lda.be\/fr\/#\/schema\/logo\/image\/"},"sameAs":["https:\/\/www.linkedin.com\/company\/lda-belgium-nv"]}]}},"_links":{"self":[{"href":"https:\/\/lda.be\/fr\/wp-json\/wp\/v2\/product\/10146","targetHints":{"allow":["GET"]}}],"collection":[{"href":"https:\/\/lda.be\/fr\/wp-json\/wp\/v2\/product"}],"about":[{"href":"https:\/\/lda.be\/fr\/wp-json\/wp\/v2\/types\/product"}],"replies":[{"embeddable":true,"href":"https:\/\/lda.be\/fr\/wp-json\/wp\/v2\/comments?post=10146"}],"wp:featuredmedia":[{"embeddable":true,"href":"https:\/\/lda.be\/fr\/wp-json\/wp\/v2\/media\/10144"}],"wp:attachment":[{"href":"https:\/\/lda.be\/fr\/wp-json\/wp\/v2\/media?parent=10146"}],"wp:term":[{"taxonomy":"product_brand","embeddable":true,"href":"https:\/\/lda.be\/fr\/wp-json\/wp\/v2\/product_brand?post=10146"},{"taxonomy":"product_cat","embeddable":true,"href":"https:\/\/lda.be\/fr\/wp-json\/wp\/v2\/product_cat?post=10146"},{"taxonomy":"product_tag","embeddable":true,"href":"https:\/\/lda.be\/fr\/wp-json\/wp\/v2\/product_tag?post=10146"}],"curies":[{"name":"wp","href":"https:\/\/api.w.org\/{rel}","templated":true}]}}