{"id":10155,"date":"2025-07-28T15:38:53","date_gmt":"2025-07-28T14:38:53","guid":{"rendered":"https:\/\/lda.be\/?post_type=product&#038;p=10155"},"modified":"2025-07-28T15:41:26","modified_gmt":"2025-07-28T14:41:26","slug":"connecteurs-pour-electrovannes-serie-c-avec-cable-fixe","status":"publish","type":"product","link":"https:\/\/lda.be\/fr\/produit\/connecteurs-pour-electrovannes-serie-c-avec-cable-fixe\/","title":{"rendered":"Connecteurs pour \u00e9lectrovannes s\u00e9rie C avec c\u00e2ble fixe"},"content":{"rendered":"<p>Les connecteurs pour \u00e9lectrovannes \u00e0 c\u00e2bles fixes de la s\u00e9rie Omal C sont id\u00e9aux lorsque vous avez besoin d&#8217;un produit compact, fiable et r\u00e9sistant \u00e0 l&#8217;humidit\u00e9. Ils sont conformes aux normes EN 175301-803 forme A (DIN 43650), ce qui en fait un excellent choix pour l&#8217;automatisation industrielle, la pneumatique et l&#8217;hydraulique.<\/p>\n<p>Le bo\u00eetier du connecteur est fabriqu\u00e9 en TPV de haute qualit\u00e9 avec un joint moul\u00e9, ce qui garantit une \u00e9tanch\u00e9it\u00e9 durable conforme aux normes IP65. Ces connecteurs sont disponibles en version 2 ou 3 p\u00f4les avec mise \u00e0 la terre et un espacement des contacts de 8 mm. Les mat\u00e9riaux de contact utilis\u00e9s, CuZn (argent\u00e9 ou dor\u00e9), garantissent une conductivit\u00e9 \u00e9lectrique optimale et une r\u00e9sistance \u00e0 la corrosion \u00e0 long terme.<\/p>\n<p>Avec un courant maximal de 10 A et une tension de service allant jusqu&#8217;\u00e0 250 V CA ou 300 V CC, ces connecteurs pour \u00e9lectrovannes conviennent \u00e0 diverses applications industrielles. La temp\u00e9rature de fonctionnement varie de -30 \u00b0C \u00e0 +125 \u00b0C, ce qui les rend utilisables dans des environnements exigeants.<\/p>\n<p>Pour des configurations sp\u00e9cifiques, une assistance technique ou un devis personnalis\u00e9, veuillez contacter LDA Belgique.<\/p>\n","protected":false},"excerpt":{"rendered":"<p>Les connecteurs pour \u00e9lectrovannes \u00e0 c\u00e2bles fixes de la s\u00e9rie Omal C sont id\u00e9aux lorsque vous avez besoin d&#8217;un produit compact, fiable et r\u00e9sistant \u00e0 l&#8217;humidit\u00e9. Ils sont conformes aux normes EN 175301-803 forme A (DIN 43650), ce qui en fait un excellent choix pour l&#8217;automatisation industrielle, la pneumatique et l&#8217;hydraulique. Le bo\u00eetier du connecteur [&hellip;]<\/p>\n","protected":false},"featured_media":10153,"comment_status":"closed","ping_status":"closed","template":"","meta":[],"product_brand":[1609],"product_cat":[818,828,1608],"product_tag":[],"class_list":{"0":"post-10155","1":"product","2":"type-product","3":"status-publish","4":"has-post-thumbnail","6":"product_brand-omal","7":"product_cat-connecteurs-et-cables","8":"product_cat-connecteurs","9":"product_cat-connecteurs-industriels-de-type-a-b-c-et-micro","11":"first","12":"instock","13":"shipping-taxable","14":"product-type-simple"},"yoast_head":"<!-- This site is optimized with the Yoast SEO plugin v27.3 - https:\/\/yoast.com\/product\/yoast-seo-wordpress\/ -->\n<title>Connecteurs pour \u00e9lectrovannes s\u00e9rie C avec c\u00e2ble fixe - LDA Belgique<\/title>\n<meta name=\"description\" content=\"Connecteurs pour \u00e9lectrovannes s\u00e9rie C avec c\u00e2ble moul\u00e9 conformes \u00e0 la norme DIN 43650 forme A. IP65, avec LED ou \u00e9lectronique. Configurables via LDA Belgique.\" \/>\n<meta name=\"robots\" content=\"index, follow, max-snippet:-1, max-image-preview:large, max-video-preview:-1\" \/>\n<link rel=\"canonical\" href=\"https:\/\/lda.be\/fr\/produit\/connecteurs-pour-electrovannes-serie-c-avec-cable-fixe\/\" \/>\n<meta property=\"og:locale\" content=\"fr_FR\" \/>\n<meta property=\"og:type\" content=\"article\" \/>\n<meta property=\"og:title\" content=\"Connecteurs pour \u00e9lectrovannes s\u00e9rie C avec c\u00e2ble fixe - LDA Belgique\" \/>\n<meta property=\"og:description\" content=\"Connecteurs pour \u00e9lectrovannes s\u00e9rie C avec c\u00e2ble moul\u00e9 conformes \u00e0 la norme DIN 43650 forme A. IP65, avec LED ou \u00e9lectronique. Configurables via LDA Belgique.\" \/>\n<meta property=\"og:url\" content=\"https:\/\/lda.be\/fr\/produit\/connecteurs-pour-electrovannes-serie-c-avec-cable-fixe\/\" \/>\n<meta property=\"og:site_name\" content=\"LDA Belgique\" \/>\n<meta property=\"article:modified_time\" content=\"2025-07-28T14:41:26+00:00\" \/>\n<meta property=\"og:image\" content=\"https:\/\/lda.be\/wp-content\/uploads\/2025\/07\/C-serie.webp\" \/>\n\t<meta property=\"og:image:width\" content=\"800\" \/>\n\t<meta property=\"og:image:height\" content=\"800\" \/>\n\t<meta property=\"og:image:type\" content=\"image\/webp\" \/>\n<meta name=\"twitter:card\" content=\"summary_large_image\" \/>\n<meta name=\"twitter:label1\" content=\"Dur\u00e9e de lecture estim\u00e9e\" \/>\n\t<meta name=\"twitter:data1\" content=\"1 minute\" \/>\n<script type=\"application\/ld+json\" class=\"yoast-schema-graph\">{\"@context\":\"https:\\\/\\\/schema.org\",\"@graph\":[{\"@type\":\"WebPage\",\"@id\":\"https:\\\/\\\/lda.be\\\/fr\\\/produit\\\/connecteurs-pour-electrovannes-serie-c-avec-cable-fixe\\\/\",\"url\":\"https:\\\/\\\/lda.be\\\/fr\\\/produit\\\/connecteurs-pour-electrovannes-serie-c-avec-cable-fixe\\\/\",\"name\":\"Connecteurs pour \u00e9lectrovannes s\u00e9rie C avec c\u00e2ble fixe - LDA Belgique\",\"isPartOf\":{\"@id\":\"https:\\\/\\\/lda.be\\\/fr\\\/#website\"},\"primaryImageOfPage\":{\"@id\":\"https:\\\/\\\/lda.be\\\/fr\\\/produit\\\/connecteurs-pour-electrovannes-serie-c-avec-cable-fixe\\\/#primaryimage\"},\"image\":{\"@id\":\"https:\\\/\\\/lda.be\\\/fr\\\/produit\\\/connecteurs-pour-electrovannes-serie-c-avec-cable-fixe\\\/#primaryimage\"},\"thumbnailUrl\":\"https:\\\/\\\/lda.be\\\/wp-content\\\/uploads\\\/2025\\\/07\\\/C-serie.webp\",\"datePublished\":\"2025-07-28T14:38:53+00:00\",\"dateModified\":\"2025-07-28T14:41:26+00:00\",\"description\":\"Connecteurs pour \u00e9lectrovannes s\u00e9rie C avec c\u00e2ble moul\u00e9 conformes \u00e0 la norme DIN 43650 forme A. IP65, avec LED ou \u00e9lectronique. Configurables via LDA Belgique.\",\"breadcrumb\":{\"@id\":\"https:\\\/\\\/lda.be\\\/fr\\\/produit\\\/connecteurs-pour-electrovannes-serie-c-avec-cable-fixe\\\/#breadcrumb\"},\"inLanguage\":\"fr-FR\",\"potentialAction\":[{\"@type\":\"ReadAction\",\"target\":[\"https:\\\/\\\/lda.be\\\/fr\\\/produit\\\/connecteurs-pour-electrovannes-serie-c-avec-cable-fixe\\\/\"]}]},{\"@type\":\"ImageObject\",\"inLanguage\":\"fr-FR\",\"@id\":\"https:\\\/\\\/lda.be\\\/fr\\\/produit\\\/connecteurs-pour-electrovannes-serie-c-avec-cable-fixe\\\/#primaryimage\",\"url\":\"https:\\\/\\\/lda.be\\\/wp-content\\\/uploads\\\/2025\\\/07\\\/C-serie.webp\",\"contentUrl\":\"https:\\\/\\\/lda.be\\\/wp-content\\\/uploads\\\/2025\\\/07\\\/C-serie.webp\",\"width\":800,\"height\":800,\"caption\":\"Omal c serie\"},{\"@type\":\"BreadcrumbList\",\"@id\":\"https:\\\/\\\/lda.be\\\/fr\\\/produit\\\/connecteurs-pour-electrovannes-serie-c-avec-cable-fixe\\\/#breadcrumb\",\"itemListElement\":[{\"@type\":\"ListItem\",\"position\":1,\"name\":\"Accueil\",\"item\":\"https:\\\/\\\/lda.be\\\/fr\\\/\"},{\"@type\":\"ListItem\",\"position\":2,\"name\":\"Produits\",\"item\":\"https:\\\/\\\/lda.be\\\/fr\\\/produits\\\/\"},{\"@type\":\"ListItem\",\"position\":3,\"name\":\"Connecteurs pour \u00e9lectrovannes s\u00e9rie C avec c\u00e2ble fixe\"}]},{\"@type\":\"WebSite\",\"@id\":\"https:\\\/\\\/lda.be\\\/fr\\\/#website\",\"url\":\"https:\\\/\\\/lda.be\\\/fr\\\/\",\"name\":\"LDA Belgium\",\"description\":\"Solutions For Life\",\"publisher\":{\"@id\":\"https:\\\/\\\/lda.be\\\/fr\\\/#organization\"},\"potentialAction\":[{\"@type\":\"SearchAction\",\"target\":{\"@type\":\"EntryPoint\",\"urlTemplate\":\"https:\\\/\\\/lda.be\\\/fr\\\/?s={search_term_string}\"},\"query-input\":{\"@type\":\"PropertyValueSpecification\",\"valueRequired\":true,\"valueName\":\"search_term_string\"}}],\"inLanguage\":\"fr-FR\"},{\"@type\":\"Organization\",\"@id\":\"https:\\\/\\\/lda.be\\\/fr\\\/#organization\",\"name\":\"LDA Belgium\",\"url\":\"https:\\\/\\\/lda.be\\\/fr\\\/\",\"logo\":{\"@type\":\"ImageObject\",\"inLanguage\":\"fr-FR\",\"@id\":\"https:\\\/\\\/lda.be\\\/fr\\\/#\\\/schema\\\/logo\\\/image\\\/\",\"url\":\"https:\\\/\\\/lda.be\\\/wp-content\\\/uploads\\\/2022\\\/07\\\/Logo-LDA.webp\",\"contentUrl\":\"https:\\\/\\\/lda.be\\\/wp-content\\\/uploads\\\/2022\\\/07\\\/Logo-LDA.webp\",\"width\":311,\"height\":101,\"caption\":\"LDA Belgium\"},\"image\":{\"@id\":\"https:\\\/\\\/lda.be\\\/fr\\\/#\\\/schema\\\/logo\\\/image\\\/\"},\"sameAs\":[\"https:\\\/\\\/www.linkedin.com\\\/company\\\/lda-belgium-nv\"]}]}<\/script>\n<!-- \/ Yoast SEO plugin. -->","yoast_head_json":{"title":"Connecteurs pour \u00e9lectrovannes s\u00e9rie C avec c\u00e2ble fixe - LDA Belgique","description":"Connecteurs pour \u00e9lectrovannes s\u00e9rie C avec c\u00e2ble moul\u00e9 conformes \u00e0 la norme DIN 43650 forme A. IP65, avec LED ou \u00e9lectronique. Configurables via LDA Belgique.","robots":{"index":"index","follow":"follow","max-snippet":"max-snippet:-1","max-image-preview":"max-image-preview:large","max-video-preview":"max-video-preview:-1"},"canonical":"https:\/\/lda.be\/fr\/produit\/connecteurs-pour-electrovannes-serie-c-avec-cable-fixe\/","og_locale":"fr_FR","og_type":"article","og_title":"Connecteurs pour \u00e9lectrovannes s\u00e9rie C avec c\u00e2ble fixe - LDA Belgique","og_description":"Connecteurs pour \u00e9lectrovannes s\u00e9rie C avec c\u00e2ble moul\u00e9 conformes \u00e0 la norme DIN 43650 forme A. IP65, avec LED ou \u00e9lectronique. Configurables via LDA Belgique.","og_url":"https:\/\/lda.be\/fr\/produit\/connecteurs-pour-electrovannes-serie-c-avec-cable-fixe\/","og_site_name":"LDA Belgique","article_modified_time":"2025-07-28T14:41:26+00:00","og_image":[{"width":800,"height":800,"url":"https:\/\/lda.be\/wp-content\/uploads\/2025\/07\/C-serie.webp","type":"image\/webp"}],"twitter_card":"summary_large_image","twitter_misc":{"Dur\u00e9e de lecture estim\u00e9e":"1 minute"},"schema":{"@context":"https:\/\/schema.org","@graph":[{"@type":"WebPage","@id":"https:\/\/lda.be\/fr\/produit\/connecteurs-pour-electrovannes-serie-c-avec-cable-fixe\/","url":"https:\/\/lda.be\/fr\/produit\/connecteurs-pour-electrovannes-serie-c-avec-cable-fixe\/","name":"Connecteurs pour \u00e9lectrovannes s\u00e9rie C avec c\u00e2ble fixe - LDA Belgique","isPartOf":{"@id":"https:\/\/lda.be\/fr\/#website"},"primaryImageOfPage":{"@id":"https:\/\/lda.be\/fr\/produit\/connecteurs-pour-electrovannes-serie-c-avec-cable-fixe\/#primaryimage"},"image":{"@id":"https:\/\/lda.be\/fr\/produit\/connecteurs-pour-electrovannes-serie-c-avec-cable-fixe\/#primaryimage"},"thumbnailUrl":"https:\/\/lda.be\/wp-content\/uploads\/2025\/07\/C-serie.webp","datePublished":"2025-07-28T14:38:53+00:00","dateModified":"2025-07-28T14:41:26+00:00","description":"Connecteurs pour \u00e9lectrovannes s\u00e9rie C avec c\u00e2ble moul\u00e9 conformes \u00e0 la norme DIN 43650 forme A. IP65, avec LED ou \u00e9lectronique. Configurables via LDA Belgique.","breadcrumb":{"@id":"https:\/\/lda.be\/fr\/produit\/connecteurs-pour-electrovannes-serie-c-avec-cable-fixe\/#breadcrumb"},"inLanguage":"fr-FR","potentialAction":[{"@type":"ReadAction","target":["https:\/\/lda.be\/fr\/produit\/connecteurs-pour-electrovannes-serie-c-avec-cable-fixe\/"]}]},{"@type":"ImageObject","inLanguage":"fr-FR","@id":"https:\/\/lda.be\/fr\/produit\/connecteurs-pour-electrovannes-serie-c-avec-cable-fixe\/#primaryimage","url":"https:\/\/lda.be\/wp-content\/uploads\/2025\/07\/C-serie.webp","contentUrl":"https:\/\/lda.be\/wp-content\/uploads\/2025\/07\/C-serie.webp","width":800,"height":800,"caption":"Omal c serie"},{"@type":"BreadcrumbList","@id":"https:\/\/lda.be\/fr\/produit\/connecteurs-pour-electrovannes-serie-c-avec-cable-fixe\/#breadcrumb","itemListElement":[{"@type":"ListItem","position":1,"name":"Accueil","item":"https:\/\/lda.be\/fr\/"},{"@type":"ListItem","position":2,"name":"Produits","item":"https:\/\/lda.be\/fr\/produits\/"},{"@type":"ListItem","position":3,"name":"Connecteurs pour \u00e9lectrovannes s\u00e9rie C avec c\u00e2ble fixe"}]},{"@type":"WebSite","@id":"https:\/\/lda.be\/fr\/#website","url":"https:\/\/lda.be\/fr\/","name":"LDA Belgium","description":"Solutions For Life","publisher":{"@id":"https:\/\/lda.be\/fr\/#organization"},"potentialAction":[{"@type":"SearchAction","target":{"@type":"EntryPoint","urlTemplate":"https:\/\/lda.be\/fr\/?s={search_term_string}"},"query-input":{"@type":"PropertyValueSpecification","valueRequired":true,"valueName":"search_term_string"}}],"inLanguage":"fr-FR"},{"@type":"Organization","@id":"https:\/\/lda.be\/fr\/#organization","name":"LDA Belgium","url":"https:\/\/lda.be\/fr\/","logo":{"@type":"ImageObject","inLanguage":"fr-FR","@id":"https:\/\/lda.be\/fr\/#\/schema\/logo\/image\/","url":"https:\/\/lda.be\/wp-content\/uploads\/2022\/07\/Logo-LDA.webp","contentUrl":"https:\/\/lda.be\/wp-content\/uploads\/2022\/07\/Logo-LDA.webp","width":311,"height":101,"caption":"LDA Belgium"},"image":{"@id":"https:\/\/lda.be\/fr\/#\/schema\/logo\/image\/"},"sameAs":["https:\/\/www.linkedin.com\/company\/lda-belgium-nv"]}]}},"_links":{"self":[{"href":"https:\/\/lda.be\/fr\/wp-json\/wp\/v2\/product\/10155","targetHints":{"allow":["GET"]}}],"collection":[{"href":"https:\/\/lda.be\/fr\/wp-json\/wp\/v2\/product"}],"about":[{"href":"https:\/\/lda.be\/fr\/wp-json\/wp\/v2\/types\/product"}],"replies":[{"embeddable":true,"href":"https:\/\/lda.be\/fr\/wp-json\/wp\/v2\/comments?post=10155"}],"wp:featuredmedia":[{"embeddable":true,"href":"https:\/\/lda.be\/fr\/wp-json\/wp\/v2\/media\/10153"}],"wp:attachment":[{"href":"https:\/\/lda.be\/fr\/wp-json\/wp\/v2\/media?parent=10155"}],"wp:term":[{"taxonomy":"product_brand","embeddable":true,"href":"https:\/\/lda.be\/fr\/wp-json\/wp\/v2\/product_brand?post=10155"},{"taxonomy":"product_cat","embeddable":true,"href":"https:\/\/lda.be\/fr\/wp-json\/wp\/v2\/product_cat?post=10155"},{"taxonomy":"product_tag","embeddable":true,"href":"https:\/\/lda.be\/fr\/wp-json\/wp\/v2\/product_tag?post=10155"}],"curies":[{"name":"wp","href":"https:\/\/api.w.org\/{rel}","templated":true}]}}