{"id":10205,"date":"2025-07-29T14:29:39","date_gmt":"2025-07-29T13:29:39","guid":{"rendered":"https:\/\/lda.be\/?post_type=product&#038;p=10205"},"modified":"2025-07-29T14:40:55","modified_gmt":"2025-07-29T13:40:55","slug":"connecteurs-ronds-m8-serie-m","status":"publish","type":"product","link":"https:\/\/lda.be\/fr\/produit\/connecteurs-ronds-m8-serie-m\/","title":{"rendered":"Connecteurs ronds M8 s\u00e9rie M"},"content":{"rendered":"<p>Les connecteurs ronds de la s\u00e9rie M8 M sont con\u00e7us pour assurer des connexions fiables dans les environnements industriels o\u00f9 la pr\u00e9cision et le gain de place sont essentiels. Ces connecteurs sont parfaitement adapt\u00e9s aux signaux de capteurs et d&#8217;actionneurs ainsi qu&#8217;aux interfaces de machines qui n\u00e9cessitent un verrouillage rapide et s\u00fbr.<\/p>\n<p>La s\u00e9rie M8 propose des variantes droites et coud\u00e9es. Avec des connecteurs m\u00e2les ou femelles, elle est disponible avec ou sans c\u00e2ble. Ils sont fabriqu\u00e9s en r\u00e9sine polyamide ignifuge (PA66 ou PA V0) avec des contacts en laiton dor\u00e9 (CuZn Au) pour une conductivit\u00e9 et une r\u00e9sistance \u00e0 la corrosion optimales.<\/p>\n<p>La s\u00e9rie M8 en bref :<\/p>\n<p>M8MD \/ M8MA \u2013 M\u00e2le, droit ou coud\u00e9<\/p>\n<p>M8FD \/ M8FA \u2013 Femelle, droit ou coud\u00e9<\/p>\n<p>M8MC \/ M8FC \u2013 Version compacte, droit<\/p>\n<p>M8MR \/ M8SD \/ M8SA \u2013 Versions encliquetables sans bague \u00e0 vis<\/p>\n<p>Demandez \u00e0 LDA Belgique votre configuration id\u00e9ale ou une version sur mesure.<\/p>\n","protected":false},"excerpt":{"rendered":"<p>Les connecteurs ronds de la s\u00e9rie M8 M sont con\u00e7us pour assurer des connexions fiables dans les environnements industriels o\u00f9 la pr\u00e9cision et le gain de place sont essentiels. Ces connecteurs sont parfaitement adapt\u00e9s aux signaux de capteurs et d&#8217;actionneurs ainsi qu&#8217;aux interfaces de machines qui n\u00e9cessitent un verrouillage rapide et s\u00fbr. La s\u00e9rie M8 [&hellip;]<\/p>\n","protected":false},"featured_media":10200,"comment_status":"closed","ping_status":"closed","template":"","meta":[],"product_brand":[1609],"product_cat":[818,828,1613],"product_tag":[],"class_list":{"0":"post-10205","1":"product","2":"type-product","3":"status-publish","4":"has-post-thumbnail","6":"product_brand-omal","7":"product_cat-connecteurs-et-cables","8":"product_cat-connecteurs","9":"product_cat-m8-connecteurs","11":"first","12":"instock","13":"shipping-taxable","14":"product-type-simple"},"yoast_head":"<!-- This site is optimized with the Yoast SEO plugin v27.3 - https:\/\/yoast.com\/product\/yoast-seo-wordpress\/ -->\n<title>Connecteurs ronds M8 s\u00e9rie M - LDA Belgique<\/title>\n<meta name=\"description\" content=\"Connecteurs ronds M8 de Omal pour la signalisation industrielle. Droits ou coud\u00e9s, Compacts, fiables et enti\u00e8rement configurables via LDA Belgique.\" \/>\n<meta name=\"robots\" content=\"index, follow, max-snippet:-1, max-image-preview:large, max-video-preview:-1\" \/>\n<link rel=\"canonical\" href=\"https:\/\/lda.be\/fr\/produit\/connecteurs-ronds-m8-serie-m\/\" \/>\n<meta property=\"og:locale\" content=\"fr_FR\" \/>\n<meta property=\"og:type\" content=\"article\" \/>\n<meta property=\"og:title\" content=\"Connecteurs ronds M8 s\u00e9rie M - LDA Belgique\" \/>\n<meta property=\"og:description\" content=\"Connecteurs ronds M8 de Omal pour la signalisation industrielle. Droits ou coud\u00e9s, Compacts, fiables et enti\u00e8rement configurables via LDA Belgique.\" \/>\n<meta property=\"og:url\" content=\"https:\/\/lda.be\/fr\/produit\/connecteurs-ronds-m8-serie-m\/\" \/>\n<meta property=\"og:site_name\" content=\"LDA Belgique\" \/>\n<meta property=\"article:modified_time\" content=\"2025-07-29T13:40:55+00:00\" \/>\n<meta property=\"og:image\" content=\"https:\/\/lda.be\/wp-content\/uploads\/2025\/07\/M8-m-serie.webp\" \/>\n\t<meta property=\"og:image:width\" content=\"800\" \/>\n\t<meta property=\"og:image:height\" content=\"800\" \/>\n\t<meta property=\"og:image:type\" content=\"image\/webp\" \/>\n<meta name=\"twitter:card\" content=\"summary_large_image\" \/>\n<meta name=\"twitter:label1\" content=\"Dur\u00e9e de lecture estim\u00e9e\" \/>\n\t<meta name=\"twitter:data1\" content=\"1 minute\" \/>\n<script type=\"application\/ld+json\" class=\"yoast-schema-graph\">{\"@context\":\"https:\\\/\\\/schema.org\",\"@graph\":[{\"@type\":\"WebPage\",\"@id\":\"https:\\\/\\\/lda.be\\\/fr\\\/produit\\\/connecteurs-ronds-m8-serie-m\\\/\",\"url\":\"https:\\\/\\\/lda.be\\\/fr\\\/produit\\\/connecteurs-ronds-m8-serie-m\\\/\",\"name\":\"Connecteurs ronds M8 s\u00e9rie M - LDA Belgique\",\"isPartOf\":{\"@id\":\"https:\\\/\\\/lda.be\\\/fr\\\/#website\"},\"primaryImageOfPage\":{\"@id\":\"https:\\\/\\\/lda.be\\\/fr\\\/produit\\\/connecteurs-ronds-m8-serie-m\\\/#primaryimage\"},\"image\":{\"@id\":\"https:\\\/\\\/lda.be\\\/fr\\\/produit\\\/connecteurs-ronds-m8-serie-m\\\/#primaryimage\"},\"thumbnailUrl\":\"https:\\\/\\\/lda.be\\\/wp-content\\\/uploads\\\/2025\\\/07\\\/M8-m-serie.webp\",\"datePublished\":\"2025-07-29T13:29:39+00:00\",\"dateModified\":\"2025-07-29T13:40:55+00:00\",\"description\":\"Connecteurs ronds M8 de Omal pour la signalisation industrielle. Droits ou coud\u00e9s, Compacts, fiables et enti\u00e8rement configurables via LDA Belgique.\",\"breadcrumb\":{\"@id\":\"https:\\\/\\\/lda.be\\\/fr\\\/produit\\\/connecteurs-ronds-m8-serie-m\\\/#breadcrumb\"},\"inLanguage\":\"fr-FR\",\"potentialAction\":[{\"@type\":\"ReadAction\",\"target\":[\"https:\\\/\\\/lda.be\\\/fr\\\/produit\\\/connecteurs-ronds-m8-serie-m\\\/\"]}]},{\"@type\":\"ImageObject\",\"inLanguage\":\"fr-FR\",\"@id\":\"https:\\\/\\\/lda.be\\\/fr\\\/produit\\\/connecteurs-ronds-m8-serie-m\\\/#primaryimage\",\"url\":\"https:\\\/\\\/lda.be\\\/wp-content\\\/uploads\\\/2025\\\/07\\\/M8-m-serie.webp\",\"contentUrl\":\"https:\\\/\\\/lda.be\\\/wp-content\\\/uploads\\\/2025\\\/07\\\/M8-m-serie.webp\",\"width\":800,\"height\":800,\"caption\":\"M8 m serie Omal ronde connectoren\"},{\"@type\":\"BreadcrumbList\",\"@id\":\"https:\\\/\\\/lda.be\\\/fr\\\/produit\\\/connecteurs-ronds-m8-serie-m\\\/#breadcrumb\",\"itemListElement\":[{\"@type\":\"ListItem\",\"position\":1,\"name\":\"Accueil\",\"item\":\"https:\\\/\\\/lda.be\\\/fr\\\/\"},{\"@type\":\"ListItem\",\"position\":2,\"name\":\"Produits\",\"item\":\"https:\\\/\\\/lda.be\\\/fr\\\/produits\\\/\"},{\"@type\":\"ListItem\",\"position\":3,\"name\":\"Connecteurs ronds M8 s\u00e9rie M\"}]},{\"@type\":\"WebSite\",\"@id\":\"https:\\\/\\\/lda.be\\\/fr\\\/#website\",\"url\":\"https:\\\/\\\/lda.be\\\/fr\\\/\",\"name\":\"LDA Belgium\",\"description\":\"Solutions For Life\",\"publisher\":{\"@id\":\"https:\\\/\\\/lda.be\\\/fr\\\/#organization\"},\"potentialAction\":[{\"@type\":\"SearchAction\",\"target\":{\"@type\":\"EntryPoint\",\"urlTemplate\":\"https:\\\/\\\/lda.be\\\/fr\\\/?s={search_term_string}\"},\"query-input\":{\"@type\":\"PropertyValueSpecification\",\"valueRequired\":true,\"valueName\":\"search_term_string\"}}],\"inLanguage\":\"fr-FR\"},{\"@type\":\"Organization\",\"@id\":\"https:\\\/\\\/lda.be\\\/fr\\\/#organization\",\"name\":\"LDA Belgium\",\"url\":\"https:\\\/\\\/lda.be\\\/fr\\\/\",\"logo\":{\"@type\":\"ImageObject\",\"inLanguage\":\"fr-FR\",\"@id\":\"https:\\\/\\\/lda.be\\\/fr\\\/#\\\/schema\\\/logo\\\/image\\\/\",\"url\":\"https:\\\/\\\/lda.be\\\/wp-content\\\/uploads\\\/2022\\\/07\\\/Logo-LDA.webp\",\"contentUrl\":\"https:\\\/\\\/lda.be\\\/wp-content\\\/uploads\\\/2022\\\/07\\\/Logo-LDA.webp\",\"width\":311,\"height\":101,\"caption\":\"LDA Belgium\"},\"image\":{\"@id\":\"https:\\\/\\\/lda.be\\\/fr\\\/#\\\/schema\\\/logo\\\/image\\\/\"},\"sameAs\":[\"https:\\\/\\\/www.linkedin.com\\\/company\\\/lda-belgium-nv\"]}]}<\/script>\n<!-- \/ Yoast SEO plugin. -->","yoast_head_json":{"title":"Connecteurs ronds M8 s\u00e9rie M - LDA Belgique","description":"Connecteurs ronds M8 de Omal pour la signalisation industrielle. Droits ou coud\u00e9s, Compacts, fiables et enti\u00e8rement configurables via LDA Belgique.","robots":{"index":"index","follow":"follow","max-snippet":"max-snippet:-1","max-image-preview":"max-image-preview:large","max-video-preview":"max-video-preview:-1"},"canonical":"https:\/\/lda.be\/fr\/produit\/connecteurs-ronds-m8-serie-m\/","og_locale":"fr_FR","og_type":"article","og_title":"Connecteurs ronds M8 s\u00e9rie M - LDA Belgique","og_description":"Connecteurs ronds M8 de Omal pour la signalisation industrielle. Droits ou coud\u00e9s, Compacts, fiables et enti\u00e8rement configurables via LDA Belgique.","og_url":"https:\/\/lda.be\/fr\/produit\/connecteurs-ronds-m8-serie-m\/","og_site_name":"LDA Belgique","article_modified_time":"2025-07-29T13:40:55+00:00","og_image":[{"width":800,"height":800,"url":"https:\/\/lda.be\/wp-content\/uploads\/2025\/07\/M8-m-serie.webp","type":"image\/webp"}],"twitter_card":"summary_large_image","twitter_misc":{"Dur\u00e9e de lecture estim\u00e9e":"1 minute"},"schema":{"@context":"https:\/\/schema.org","@graph":[{"@type":"WebPage","@id":"https:\/\/lda.be\/fr\/produit\/connecteurs-ronds-m8-serie-m\/","url":"https:\/\/lda.be\/fr\/produit\/connecteurs-ronds-m8-serie-m\/","name":"Connecteurs ronds M8 s\u00e9rie M - LDA Belgique","isPartOf":{"@id":"https:\/\/lda.be\/fr\/#website"},"primaryImageOfPage":{"@id":"https:\/\/lda.be\/fr\/produit\/connecteurs-ronds-m8-serie-m\/#primaryimage"},"image":{"@id":"https:\/\/lda.be\/fr\/produit\/connecteurs-ronds-m8-serie-m\/#primaryimage"},"thumbnailUrl":"https:\/\/lda.be\/wp-content\/uploads\/2025\/07\/M8-m-serie.webp","datePublished":"2025-07-29T13:29:39+00:00","dateModified":"2025-07-29T13:40:55+00:00","description":"Connecteurs ronds M8 de Omal pour la signalisation industrielle. Droits ou coud\u00e9s, Compacts, fiables et enti\u00e8rement configurables via LDA Belgique.","breadcrumb":{"@id":"https:\/\/lda.be\/fr\/produit\/connecteurs-ronds-m8-serie-m\/#breadcrumb"},"inLanguage":"fr-FR","potentialAction":[{"@type":"ReadAction","target":["https:\/\/lda.be\/fr\/produit\/connecteurs-ronds-m8-serie-m\/"]}]},{"@type":"ImageObject","inLanguage":"fr-FR","@id":"https:\/\/lda.be\/fr\/produit\/connecteurs-ronds-m8-serie-m\/#primaryimage","url":"https:\/\/lda.be\/wp-content\/uploads\/2025\/07\/M8-m-serie.webp","contentUrl":"https:\/\/lda.be\/wp-content\/uploads\/2025\/07\/M8-m-serie.webp","width":800,"height":800,"caption":"M8 m serie Omal ronde connectoren"},{"@type":"BreadcrumbList","@id":"https:\/\/lda.be\/fr\/produit\/connecteurs-ronds-m8-serie-m\/#breadcrumb","itemListElement":[{"@type":"ListItem","position":1,"name":"Accueil","item":"https:\/\/lda.be\/fr\/"},{"@type":"ListItem","position":2,"name":"Produits","item":"https:\/\/lda.be\/fr\/produits\/"},{"@type":"ListItem","position":3,"name":"Connecteurs ronds M8 s\u00e9rie M"}]},{"@type":"WebSite","@id":"https:\/\/lda.be\/fr\/#website","url":"https:\/\/lda.be\/fr\/","name":"LDA Belgium","description":"Solutions For Life","publisher":{"@id":"https:\/\/lda.be\/fr\/#organization"},"potentialAction":[{"@type":"SearchAction","target":{"@type":"EntryPoint","urlTemplate":"https:\/\/lda.be\/fr\/?s={search_term_string}"},"query-input":{"@type":"PropertyValueSpecification","valueRequired":true,"valueName":"search_term_string"}}],"inLanguage":"fr-FR"},{"@type":"Organization","@id":"https:\/\/lda.be\/fr\/#organization","name":"LDA Belgium","url":"https:\/\/lda.be\/fr\/","logo":{"@type":"ImageObject","inLanguage":"fr-FR","@id":"https:\/\/lda.be\/fr\/#\/schema\/logo\/image\/","url":"https:\/\/lda.be\/wp-content\/uploads\/2022\/07\/Logo-LDA.webp","contentUrl":"https:\/\/lda.be\/wp-content\/uploads\/2022\/07\/Logo-LDA.webp","width":311,"height":101,"caption":"LDA Belgium"},"image":{"@id":"https:\/\/lda.be\/fr\/#\/schema\/logo\/image\/"},"sameAs":["https:\/\/www.linkedin.com\/company\/lda-belgium-nv"]}]}},"_links":{"self":[{"href":"https:\/\/lda.be\/fr\/wp-json\/wp\/v2\/product\/10205","targetHints":{"allow":["GET"]}}],"collection":[{"href":"https:\/\/lda.be\/fr\/wp-json\/wp\/v2\/product"}],"about":[{"href":"https:\/\/lda.be\/fr\/wp-json\/wp\/v2\/types\/product"}],"replies":[{"embeddable":true,"href":"https:\/\/lda.be\/fr\/wp-json\/wp\/v2\/comments?post=10205"}],"wp:featuredmedia":[{"embeddable":true,"href":"https:\/\/lda.be\/fr\/wp-json\/wp\/v2\/media\/10200"}],"wp:attachment":[{"href":"https:\/\/lda.be\/fr\/wp-json\/wp\/v2\/media?parent=10205"}],"wp:term":[{"taxonomy":"product_brand","embeddable":true,"href":"https:\/\/lda.be\/fr\/wp-json\/wp\/v2\/product_brand?post=10205"},{"taxonomy":"product_cat","embeddable":true,"href":"https:\/\/lda.be\/fr\/wp-json\/wp\/v2\/product_cat?post=10205"},{"taxonomy":"product_tag","embeddable":true,"href":"https:\/\/lda.be\/fr\/wp-json\/wp\/v2\/product_tag?post=10205"}],"curies":[{"name":"wp","href":"https:\/\/api.w.org\/{rel}","templated":true}]}}