{"id":10215,"date":"2025-07-29T15:08:09","date_gmt":"2025-07-29T14:08:09","guid":{"rendered":"https:\/\/lda.be\/?post_type=product&#038;p=10215"},"modified":"2025-07-29T15:41:48","modified_gmt":"2025-07-29T14:41:48","slug":"connecteurs-ronds-industriels-m12-m-serie","status":"publish","type":"product","link":"https:\/\/lda.be\/fr\/produit\/connecteurs-ronds-industriels-m12-m-serie\/","title":{"rendered":"Connecteurs ronds industriels M12 M-s\u00e9rie"},"content":{"rendered":"<p>Les connecteurs ronds Omal de la s\u00e9rie M12 M sont con\u00e7us pour les connexions industrielles modernes et s\u00e9curis\u00e9es. Gr\u00e2ce \u00e0 leur construction en r\u00e9sine polyamide (PA) V0, leurs contacts CuZn plaqu\u00e9s de haute qualit\u00e9 et leur protection IP67 conforme \u00e0 la norme EN 60529, ces connecteurs conviennent aussi bien aux applications d&#8217;automatisation qu&#8217;aux applications de capteurs\/actionneurs.<\/p>\n<p>La s\u00e9rie M12 est disponible en versions droites (M12MD, M12FD) et coud\u00e9es (M12MA, M12FA) pour les connexions m\u00e2les et femelles. Avec des options de tension allant jusqu&#8217;\u00e0 250 V CA\/CC (selon le nombre de p\u00f4les) et une capacit\u00e9 de courant nominale allant jusqu&#8217;\u00e0 4 A (ou 2 A pour les variantes \u00e0 8 p\u00f4les), ils r\u00e9pondent largement aux exigences des applications les plus exigeantes.<\/p>\n","protected":false},"excerpt":{"rendered":"<p>Les connecteurs ronds Omal de la s\u00e9rie M12 M sont con\u00e7us pour les connexions industrielles modernes et s\u00e9curis\u00e9es. Gr\u00e2ce \u00e0 leur construction en r\u00e9sine polyamide (PA) V0, leurs contacts CuZn plaqu\u00e9s de haute qualit\u00e9 et leur protection IP67 conforme \u00e0 la norme EN 60529, ces connecteurs conviennent aussi bien aux applications d&#8217;automatisation qu&#8217;aux applications de [&hellip;]<\/p>\n","protected":false},"featured_media":10209,"comment_status":"closed","ping_status":"closed","template":"","meta":[],"product_brand":[1609],"product_cat":[818,828,1616],"product_tag":[],"class_list":{"0":"post-10215","1":"product","2":"type-product","3":"status-publish","4":"has-post-thumbnail","6":"product_brand-omal","7":"product_cat-connecteurs-et-cables","8":"product_cat-connecteurs","9":"product_cat-m12-connecteurs","11":"first","12":"instock","13":"shipping-taxable","14":"product-type-simple"},"yoast_head":"<!-- This site is optimized with the Yoast SEO plugin v27.3 - https:\/\/yoast.com\/product\/yoast-seo-wordpress\/ -->\n<title>Connecteurs ronds industriels M12 M-s\u00e9rie - LDA Belgique<\/title>\n<meta name=\"description\" content=\"Connecteurs ronds industriels M12 d&#039;Omal avec protection IP67. , 4 \u00e0 8 p\u00f4les, jusqu&#039;\u00e0 250 V. Disponibles avec c\u00e2ble. Sur mesure via LDA Belgique.\" \/>\n<meta name=\"robots\" content=\"index, follow, max-snippet:-1, max-image-preview:large, max-video-preview:-1\" \/>\n<link rel=\"canonical\" href=\"https:\/\/lda.be\/fr\/produit\/connecteurs-ronds-industriels-m12-m-serie\/\" \/>\n<meta property=\"og:locale\" content=\"fr_FR\" \/>\n<meta property=\"og:type\" content=\"article\" \/>\n<meta property=\"og:title\" content=\"Connecteurs ronds industriels M12 M-s\u00e9rie - LDA Belgique\" \/>\n<meta property=\"og:description\" content=\"Connecteurs ronds industriels M12 d&#039;Omal avec protection IP67. , 4 \u00e0 8 p\u00f4les, jusqu&#039;\u00e0 250 V. Disponibles avec c\u00e2ble. Sur mesure via LDA Belgique.\" \/>\n<meta property=\"og:url\" content=\"https:\/\/lda.be\/fr\/produit\/connecteurs-ronds-industriels-m12-m-serie\/\" \/>\n<meta property=\"og:site_name\" content=\"LDA Belgique\" \/>\n<meta property=\"article:modified_time\" content=\"2025-07-29T14:41:48+00:00\" \/>\n<meta property=\"og:image\" content=\"https:\/\/lda.be\/wp-content\/uploads\/2025\/07\/m12-m-serie.webp\" \/>\n\t<meta property=\"og:image:width\" content=\"800\" \/>\n\t<meta property=\"og:image:height\" content=\"800\" \/>\n\t<meta property=\"og:image:type\" content=\"image\/webp\" \/>\n<meta name=\"twitter:card\" content=\"summary_large_image\" \/>\n<meta name=\"twitter:label1\" content=\"Dur\u00e9e de lecture estim\u00e9e\" \/>\n\t<meta name=\"twitter:data1\" content=\"1 minute\" \/>\n<script type=\"application\/ld+json\" class=\"yoast-schema-graph\">{\"@context\":\"https:\\\/\\\/schema.org\",\"@graph\":[{\"@type\":\"WebPage\",\"@id\":\"https:\\\/\\\/lda.be\\\/fr\\\/produit\\\/connecteurs-ronds-industriels-m12-m-serie\\\/\",\"url\":\"https:\\\/\\\/lda.be\\\/fr\\\/produit\\\/connecteurs-ronds-industriels-m12-m-serie\\\/\",\"name\":\"Connecteurs ronds industriels M12 M-s\u00e9rie - LDA Belgique\",\"isPartOf\":{\"@id\":\"https:\\\/\\\/lda.be\\\/fr\\\/#website\"},\"primaryImageOfPage\":{\"@id\":\"https:\\\/\\\/lda.be\\\/fr\\\/produit\\\/connecteurs-ronds-industriels-m12-m-serie\\\/#primaryimage\"},\"image\":{\"@id\":\"https:\\\/\\\/lda.be\\\/fr\\\/produit\\\/connecteurs-ronds-industriels-m12-m-serie\\\/#primaryimage\"},\"thumbnailUrl\":\"https:\\\/\\\/lda.be\\\/wp-content\\\/uploads\\\/2025\\\/07\\\/m12-m-serie.webp\",\"datePublished\":\"2025-07-29T14:08:09+00:00\",\"dateModified\":\"2025-07-29T14:41:48+00:00\",\"description\":\"Connecteurs ronds industriels M12 d'Omal avec protection IP67. , 4 \u00e0 8 p\u00f4les, jusqu'\u00e0 250 V. Disponibles avec c\u00e2ble. Sur mesure via LDA Belgique.\",\"breadcrumb\":{\"@id\":\"https:\\\/\\\/lda.be\\\/fr\\\/produit\\\/connecteurs-ronds-industriels-m12-m-serie\\\/#breadcrumb\"},\"inLanguage\":\"fr-FR\",\"potentialAction\":[{\"@type\":\"ReadAction\",\"target\":[\"https:\\\/\\\/lda.be\\\/fr\\\/produit\\\/connecteurs-ronds-industriels-m12-m-serie\\\/\"]}]},{\"@type\":\"ImageObject\",\"inLanguage\":\"fr-FR\",\"@id\":\"https:\\\/\\\/lda.be\\\/fr\\\/produit\\\/connecteurs-ronds-industriels-m12-m-serie\\\/#primaryimage\",\"url\":\"https:\\\/\\\/lda.be\\\/wp-content\\\/uploads\\\/2025\\\/07\\\/m12-m-serie.webp\",\"contentUrl\":\"https:\\\/\\\/lda.be\\\/wp-content\\\/uploads\\\/2025\\\/07\\\/m12-m-serie.webp\",\"width\":800,\"height\":800,\"caption\":\"M12 M-serie ronde connectoren\"},{\"@type\":\"BreadcrumbList\",\"@id\":\"https:\\\/\\\/lda.be\\\/fr\\\/produit\\\/connecteurs-ronds-industriels-m12-m-serie\\\/#breadcrumb\",\"itemListElement\":[{\"@type\":\"ListItem\",\"position\":1,\"name\":\"Accueil\",\"item\":\"https:\\\/\\\/lda.be\\\/fr\\\/\"},{\"@type\":\"ListItem\",\"position\":2,\"name\":\"Produits\",\"item\":\"https:\\\/\\\/lda.be\\\/fr\\\/produits\\\/\"},{\"@type\":\"ListItem\",\"position\":3,\"name\":\"Connecteurs ronds industriels M12 M-s\u00e9rie\"}]},{\"@type\":\"WebSite\",\"@id\":\"https:\\\/\\\/lda.be\\\/fr\\\/#website\",\"url\":\"https:\\\/\\\/lda.be\\\/fr\\\/\",\"name\":\"LDA Belgium\",\"description\":\"Solutions For Life\",\"publisher\":{\"@id\":\"https:\\\/\\\/lda.be\\\/fr\\\/#organization\"},\"potentialAction\":[{\"@type\":\"SearchAction\",\"target\":{\"@type\":\"EntryPoint\",\"urlTemplate\":\"https:\\\/\\\/lda.be\\\/fr\\\/?s={search_term_string}\"},\"query-input\":{\"@type\":\"PropertyValueSpecification\",\"valueRequired\":true,\"valueName\":\"search_term_string\"}}],\"inLanguage\":\"fr-FR\"},{\"@type\":\"Organization\",\"@id\":\"https:\\\/\\\/lda.be\\\/fr\\\/#organization\",\"name\":\"LDA Belgium\",\"url\":\"https:\\\/\\\/lda.be\\\/fr\\\/\",\"logo\":{\"@type\":\"ImageObject\",\"inLanguage\":\"fr-FR\",\"@id\":\"https:\\\/\\\/lda.be\\\/fr\\\/#\\\/schema\\\/logo\\\/image\\\/\",\"url\":\"https:\\\/\\\/lda.be\\\/wp-content\\\/uploads\\\/2022\\\/07\\\/Logo-LDA.webp\",\"contentUrl\":\"https:\\\/\\\/lda.be\\\/wp-content\\\/uploads\\\/2022\\\/07\\\/Logo-LDA.webp\",\"width\":311,\"height\":101,\"caption\":\"LDA Belgium\"},\"image\":{\"@id\":\"https:\\\/\\\/lda.be\\\/fr\\\/#\\\/schema\\\/logo\\\/image\\\/\"},\"sameAs\":[\"https:\\\/\\\/www.linkedin.com\\\/company\\\/lda-belgium-nv\"]}]}<\/script>\n<!-- \/ Yoast SEO plugin. -->","yoast_head_json":{"title":"Connecteurs ronds industriels M12 M-s\u00e9rie - LDA Belgique","description":"Connecteurs ronds industriels M12 d'Omal avec protection IP67. , 4 \u00e0 8 p\u00f4les, jusqu'\u00e0 250 V. Disponibles avec c\u00e2ble. Sur mesure via LDA Belgique.","robots":{"index":"index","follow":"follow","max-snippet":"max-snippet:-1","max-image-preview":"max-image-preview:large","max-video-preview":"max-video-preview:-1"},"canonical":"https:\/\/lda.be\/fr\/produit\/connecteurs-ronds-industriels-m12-m-serie\/","og_locale":"fr_FR","og_type":"article","og_title":"Connecteurs ronds industriels M12 M-s\u00e9rie - LDA Belgique","og_description":"Connecteurs ronds industriels M12 d'Omal avec protection IP67. , 4 \u00e0 8 p\u00f4les, jusqu'\u00e0 250 V. Disponibles avec c\u00e2ble. Sur mesure via LDA Belgique.","og_url":"https:\/\/lda.be\/fr\/produit\/connecteurs-ronds-industriels-m12-m-serie\/","og_site_name":"LDA Belgique","article_modified_time":"2025-07-29T14:41:48+00:00","og_image":[{"width":800,"height":800,"url":"https:\/\/lda.be\/wp-content\/uploads\/2025\/07\/m12-m-serie.webp","type":"image\/webp"}],"twitter_card":"summary_large_image","twitter_misc":{"Dur\u00e9e de lecture estim\u00e9e":"1 minute"},"schema":{"@context":"https:\/\/schema.org","@graph":[{"@type":"WebPage","@id":"https:\/\/lda.be\/fr\/produit\/connecteurs-ronds-industriels-m12-m-serie\/","url":"https:\/\/lda.be\/fr\/produit\/connecteurs-ronds-industriels-m12-m-serie\/","name":"Connecteurs ronds industriels M12 M-s\u00e9rie - LDA Belgique","isPartOf":{"@id":"https:\/\/lda.be\/fr\/#website"},"primaryImageOfPage":{"@id":"https:\/\/lda.be\/fr\/produit\/connecteurs-ronds-industriels-m12-m-serie\/#primaryimage"},"image":{"@id":"https:\/\/lda.be\/fr\/produit\/connecteurs-ronds-industriels-m12-m-serie\/#primaryimage"},"thumbnailUrl":"https:\/\/lda.be\/wp-content\/uploads\/2025\/07\/m12-m-serie.webp","datePublished":"2025-07-29T14:08:09+00:00","dateModified":"2025-07-29T14:41:48+00:00","description":"Connecteurs ronds industriels M12 d'Omal avec protection IP67. , 4 \u00e0 8 p\u00f4les, jusqu'\u00e0 250 V. Disponibles avec c\u00e2ble. Sur mesure via LDA Belgique.","breadcrumb":{"@id":"https:\/\/lda.be\/fr\/produit\/connecteurs-ronds-industriels-m12-m-serie\/#breadcrumb"},"inLanguage":"fr-FR","potentialAction":[{"@type":"ReadAction","target":["https:\/\/lda.be\/fr\/produit\/connecteurs-ronds-industriels-m12-m-serie\/"]}]},{"@type":"ImageObject","inLanguage":"fr-FR","@id":"https:\/\/lda.be\/fr\/produit\/connecteurs-ronds-industriels-m12-m-serie\/#primaryimage","url":"https:\/\/lda.be\/wp-content\/uploads\/2025\/07\/m12-m-serie.webp","contentUrl":"https:\/\/lda.be\/wp-content\/uploads\/2025\/07\/m12-m-serie.webp","width":800,"height":800,"caption":"M12 M-serie ronde connectoren"},{"@type":"BreadcrumbList","@id":"https:\/\/lda.be\/fr\/produit\/connecteurs-ronds-industriels-m12-m-serie\/#breadcrumb","itemListElement":[{"@type":"ListItem","position":1,"name":"Accueil","item":"https:\/\/lda.be\/fr\/"},{"@type":"ListItem","position":2,"name":"Produits","item":"https:\/\/lda.be\/fr\/produits\/"},{"@type":"ListItem","position":3,"name":"Connecteurs ronds industriels M12 M-s\u00e9rie"}]},{"@type":"WebSite","@id":"https:\/\/lda.be\/fr\/#website","url":"https:\/\/lda.be\/fr\/","name":"LDA Belgium","description":"Solutions For Life","publisher":{"@id":"https:\/\/lda.be\/fr\/#organization"},"potentialAction":[{"@type":"SearchAction","target":{"@type":"EntryPoint","urlTemplate":"https:\/\/lda.be\/fr\/?s={search_term_string}"},"query-input":{"@type":"PropertyValueSpecification","valueRequired":true,"valueName":"search_term_string"}}],"inLanguage":"fr-FR"},{"@type":"Organization","@id":"https:\/\/lda.be\/fr\/#organization","name":"LDA Belgium","url":"https:\/\/lda.be\/fr\/","logo":{"@type":"ImageObject","inLanguage":"fr-FR","@id":"https:\/\/lda.be\/fr\/#\/schema\/logo\/image\/","url":"https:\/\/lda.be\/wp-content\/uploads\/2022\/07\/Logo-LDA.webp","contentUrl":"https:\/\/lda.be\/wp-content\/uploads\/2022\/07\/Logo-LDA.webp","width":311,"height":101,"caption":"LDA Belgium"},"image":{"@id":"https:\/\/lda.be\/fr\/#\/schema\/logo\/image\/"},"sameAs":["https:\/\/www.linkedin.com\/company\/lda-belgium-nv"]}]}},"_links":{"self":[{"href":"https:\/\/lda.be\/fr\/wp-json\/wp\/v2\/product\/10215","targetHints":{"allow":["GET"]}}],"collection":[{"href":"https:\/\/lda.be\/fr\/wp-json\/wp\/v2\/product"}],"about":[{"href":"https:\/\/lda.be\/fr\/wp-json\/wp\/v2\/types\/product"}],"replies":[{"embeddable":true,"href":"https:\/\/lda.be\/fr\/wp-json\/wp\/v2\/comments?post=10215"}],"wp:featuredmedia":[{"embeddable":true,"href":"https:\/\/lda.be\/fr\/wp-json\/wp\/v2\/media\/10209"}],"wp:attachment":[{"href":"https:\/\/lda.be\/fr\/wp-json\/wp\/v2\/media?parent=10215"}],"wp:term":[{"taxonomy":"product_brand","embeddable":true,"href":"https:\/\/lda.be\/fr\/wp-json\/wp\/v2\/product_brand?post=10215"},{"taxonomy":"product_cat","embeddable":true,"href":"https:\/\/lda.be\/fr\/wp-json\/wp\/v2\/product_cat?post=10215"},{"taxonomy":"product_tag","embeddable":true,"href":"https:\/\/lda.be\/fr\/wp-json\/wp\/v2\/product_tag?post=10215"}],"curies":[{"name":"wp","href":"https:\/\/api.w.org\/{rel}","templated":true}]}}