{"id":10234,"date":"2025-07-30T12:20:30","date_gmt":"2025-07-30T11:20:30","guid":{"rendered":"https:\/\/lda.be\/?post_type=product&#038;p=10234"},"modified":"2025-07-30T12:29:24","modified_gmt":"2025-07-30T11:29:24","slug":"serie-m12-c-connecteurs-ronds-industriels","status":"publish","type":"product","link":"https:\/\/lda.be\/fr\/produit\/serie-m12-c-connecteurs-ronds-industriels\/","title":{"rendered":"S\u00e9rie M12 C Connecteurs ronds industriels"},"content":{"rendered":"<p>Les connecteurs ronds de la s\u00e9rie M12 C d&#8217;Omal sont con\u00e7us pour r\u00e9pondre aux exigences \u00e9lev\u00e9es de l&#8217;automatisation industrielle, de la technologie des capteurs et de la transmission des signaux. Gr\u00e2ce \u00e0 leur construction de haute qualit\u00e9 et \u00e0 leur configuration flexible, ces connecteurs conviennent \u00e0 une large gamme d&#8217;applications o\u00f9 la pr\u00e9cision, la durabilit\u00e9 et une connexion \u00e9tanche sont essentielles.<\/p>\n<p>Ces connecteurs sont disponibles en version m\u00e2le et femelle, droite ou coud\u00e9e, avec ou sans c\u00e2ble pr\u00e9-assembl\u00e9. Le bo\u00eetier est en polyamide renforc\u00e9 (PA 66 avec 30 % de fibres de verre) qui r\u00e9pond \u00e0 la classe de feu V0 selon la norme UL94. Pour les applications dans des environnements soumis \u00e0 des contraintes m\u00e9caniques ou chimiques plus \u00e9lev\u00e9es, une variante est \u00e9galement disponible avec un bo\u00eetier en m\u00e9tal nickel\u00e9 (version MT).<\/p>\n<p>Les connecteurs ronds de la s\u00e9rie M12 C sont con\u00e7us pour une connexion s\u00fbre avec un indice de protection IP67, conform\u00e9ment \u00e0 la norme EN 60529, ce qui les rend \u00e9tanches \u00e0 la poussi\u00e8re et r\u00e9sistants \u00e0 une immersion temporaire dans l&#8217;eau. Les connecteurs sont compatibles avec les raccords filet\u00e9s standard M12 x 1 et sont dot\u00e9s d&#8217;une bague de verrouillage m\u00e9tallique en laiton nickel\u00e9 pour une fixation s\u00fbre et sans vibrations.<\/p>\n<p>La s\u00e9rie M12 C est disponible avec diff\u00e9rents types de c\u00e2bles, notamment :<\/p>\n<p>&#8211; FROR\/PUR\/PVC\/H03VVF\/UL PVC<\/p>\n<p>&#8211; Nombre de conducteurs : de 2 \u00e0 8<\/p>\n<p>&#8211; Section : de 0,25 mm\u00b2 \u00e0 0,75 mm\u00b2.<\/p>\n<p>&#8211; Avec ou sans blindage<\/p>\n<p>&#8211; Sur demande avec \u00e9tiquetage ou couleurs sp\u00e9cifiques<\/p>\n","protected":false},"excerpt":{"rendered":"<p>Les connecteurs ronds de la s\u00e9rie M12 C d&#8217;Omal sont con\u00e7us pour r\u00e9pondre aux exigences \u00e9lev\u00e9es de l&#8217;automatisation industrielle, de la technologie des capteurs et de la transmission des signaux. Gr\u00e2ce \u00e0 leur construction de haute qualit\u00e9 et \u00e0 leur configuration flexible, ces connecteurs conviennent \u00e0 une large gamme d&#8217;applications o\u00f9 la pr\u00e9cision, la durabilit\u00e9 [&hellip;]<\/p>\n","protected":false},"featured_media":10232,"comment_status":"closed","ping_status":"closed","template":"","meta":[],"product_brand":[1609],"product_cat":[818,828,1616],"product_tag":[],"class_list":{"0":"post-10234","1":"product","2":"type-product","3":"status-publish","4":"has-post-thumbnail","6":"product_brand-omal","7":"product_cat-connecteurs-et-cables","8":"product_cat-connecteurs","9":"product_cat-m12-connecteurs","11":"first","12":"instock","13":"shipping-taxable","14":"product-type-simple"},"yoast_head":"<!-- This site is optimized with the Yoast SEO plugin v27.3 - https:\/\/yoast.com\/product\/yoast-seo-wordpress\/ -->\n<title>S\u00e9rie M12 C Connecteurs ronds industriels - LDA Belgique<\/title>\n<meta name=\"description\" content=\"Connecteurs ronds industriels M12 s\u00e9rie C. Disponibles en 3-8 p\u00f4les avec ou sans c\u00e2ble. Convient pour l&#039;automatisation, les capteurs. Disponible via LDA Belgique.\" \/>\n<meta name=\"robots\" content=\"index, follow, max-snippet:-1, max-image-preview:large, max-video-preview:-1\" \/>\n<link rel=\"canonical\" href=\"https:\/\/lda.be\/fr\/produit\/serie-m12-c-connecteurs-ronds-industriels\/\" \/>\n<meta property=\"og:locale\" content=\"fr_FR\" \/>\n<meta property=\"og:type\" content=\"article\" \/>\n<meta property=\"og:title\" content=\"S\u00e9rie M12 C Connecteurs ronds industriels - LDA Belgique\" \/>\n<meta property=\"og:description\" content=\"Connecteurs ronds industriels M12 s\u00e9rie C. Disponibles en 3-8 p\u00f4les avec ou sans c\u00e2ble. Convient pour l&#039;automatisation, les capteurs. Disponible via LDA Belgique.\" \/>\n<meta property=\"og:url\" content=\"https:\/\/lda.be\/fr\/produit\/serie-m12-c-connecteurs-ronds-industriels\/\" \/>\n<meta property=\"og:site_name\" content=\"LDA Belgique\" \/>\n<meta property=\"article:modified_time\" content=\"2025-07-30T11:29:24+00:00\" \/>\n<meta property=\"og:image\" content=\"https:\/\/lda.be\/wp-content\/uploads\/2025\/07\/C-serie-m12.webp\" \/>\n\t<meta property=\"og:image:width\" content=\"800\" \/>\n\t<meta property=\"og:image:height\" content=\"800\" \/>\n\t<meta property=\"og:image:type\" content=\"image\/webp\" \/>\n<meta name=\"twitter:card\" content=\"summary_large_image\" \/>\n<meta name=\"twitter:label1\" content=\"Dur\u00e9e de lecture estim\u00e9e\" \/>\n\t<meta name=\"twitter:data1\" content=\"2 minutes\" \/>\n<script type=\"application\/ld+json\" class=\"yoast-schema-graph\">{\"@context\":\"https:\\\/\\\/schema.org\",\"@graph\":[{\"@type\":\"WebPage\",\"@id\":\"https:\\\/\\\/lda.be\\\/fr\\\/produit\\\/serie-m12-c-connecteurs-ronds-industriels\\\/\",\"url\":\"https:\\\/\\\/lda.be\\\/fr\\\/produit\\\/serie-m12-c-connecteurs-ronds-industriels\\\/\",\"name\":\"S\u00e9rie M12 C Connecteurs ronds industriels - LDA Belgique\",\"isPartOf\":{\"@id\":\"https:\\\/\\\/lda.be\\\/fr\\\/#website\"},\"primaryImageOfPage\":{\"@id\":\"https:\\\/\\\/lda.be\\\/fr\\\/produit\\\/serie-m12-c-connecteurs-ronds-industriels\\\/#primaryimage\"},\"image\":{\"@id\":\"https:\\\/\\\/lda.be\\\/fr\\\/produit\\\/serie-m12-c-connecteurs-ronds-industriels\\\/#primaryimage\"},\"thumbnailUrl\":\"https:\\\/\\\/lda.be\\\/wp-content\\\/uploads\\\/2025\\\/07\\\/C-serie-m12.webp\",\"datePublished\":\"2025-07-30T11:20:30+00:00\",\"dateModified\":\"2025-07-30T11:29:24+00:00\",\"description\":\"Connecteurs ronds industriels M12 s\u00e9rie C. Disponibles en 3-8 p\u00f4les avec ou sans c\u00e2ble. Convient pour l'automatisation, les capteurs. Disponible via LDA Belgique.\",\"breadcrumb\":{\"@id\":\"https:\\\/\\\/lda.be\\\/fr\\\/produit\\\/serie-m12-c-connecteurs-ronds-industriels\\\/#breadcrumb\"},\"inLanguage\":\"fr-FR\",\"potentialAction\":[{\"@type\":\"ReadAction\",\"target\":[\"https:\\\/\\\/lda.be\\\/fr\\\/produit\\\/serie-m12-c-connecteurs-ronds-industriels\\\/\"]}]},{\"@type\":\"ImageObject\",\"inLanguage\":\"fr-FR\",\"@id\":\"https:\\\/\\\/lda.be\\\/fr\\\/produit\\\/serie-m12-c-connecteurs-ronds-industriels\\\/#primaryimage\",\"url\":\"https:\\\/\\\/lda.be\\\/wp-content\\\/uploads\\\/2025\\\/07\\\/C-serie-m12.webp\",\"contentUrl\":\"https:\\\/\\\/lda.be\\\/wp-content\\\/uploads\\\/2025\\\/07\\\/C-serie-m12.webp\",\"width\":800,\"height\":800,\"caption\":\"Omal m12 C serie\"},{\"@type\":\"BreadcrumbList\",\"@id\":\"https:\\\/\\\/lda.be\\\/fr\\\/produit\\\/serie-m12-c-connecteurs-ronds-industriels\\\/#breadcrumb\",\"itemListElement\":[{\"@type\":\"ListItem\",\"position\":1,\"name\":\"Accueil\",\"item\":\"https:\\\/\\\/lda.be\\\/fr\\\/\"},{\"@type\":\"ListItem\",\"position\":2,\"name\":\"Produits\",\"item\":\"https:\\\/\\\/lda.be\\\/fr\\\/produits\\\/\"},{\"@type\":\"ListItem\",\"position\":3,\"name\":\"S\u00e9rie M12 C Connecteurs ronds industriels\"}]},{\"@type\":\"WebSite\",\"@id\":\"https:\\\/\\\/lda.be\\\/fr\\\/#website\",\"url\":\"https:\\\/\\\/lda.be\\\/fr\\\/\",\"name\":\"LDA Belgium\",\"description\":\"Solutions For Life\",\"publisher\":{\"@id\":\"https:\\\/\\\/lda.be\\\/fr\\\/#organization\"},\"potentialAction\":[{\"@type\":\"SearchAction\",\"target\":{\"@type\":\"EntryPoint\",\"urlTemplate\":\"https:\\\/\\\/lda.be\\\/fr\\\/?s={search_term_string}\"},\"query-input\":{\"@type\":\"PropertyValueSpecification\",\"valueRequired\":true,\"valueName\":\"search_term_string\"}}],\"inLanguage\":\"fr-FR\"},{\"@type\":\"Organization\",\"@id\":\"https:\\\/\\\/lda.be\\\/fr\\\/#organization\",\"name\":\"LDA Belgium\",\"url\":\"https:\\\/\\\/lda.be\\\/fr\\\/\",\"logo\":{\"@type\":\"ImageObject\",\"inLanguage\":\"fr-FR\",\"@id\":\"https:\\\/\\\/lda.be\\\/fr\\\/#\\\/schema\\\/logo\\\/image\\\/\",\"url\":\"https:\\\/\\\/lda.be\\\/wp-content\\\/uploads\\\/2022\\\/07\\\/Logo-LDA.webp\",\"contentUrl\":\"https:\\\/\\\/lda.be\\\/wp-content\\\/uploads\\\/2022\\\/07\\\/Logo-LDA.webp\",\"width\":311,\"height\":101,\"caption\":\"LDA Belgium\"},\"image\":{\"@id\":\"https:\\\/\\\/lda.be\\\/fr\\\/#\\\/schema\\\/logo\\\/image\\\/\"},\"sameAs\":[\"https:\\\/\\\/www.linkedin.com\\\/company\\\/lda-belgium-nv\"]}]}<\/script>\n<!-- \/ Yoast SEO plugin. -->","yoast_head_json":{"title":"S\u00e9rie M12 C Connecteurs ronds industriels - LDA Belgique","description":"Connecteurs ronds industriels M12 s\u00e9rie C. Disponibles en 3-8 p\u00f4les avec ou sans c\u00e2ble. Convient pour l'automatisation, les capteurs. Disponible via LDA Belgique.","robots":{"index":"index","follow":"follow","max-snippet":"max-snippet:-1","max-image-preview":"max-image-preview:large","max-video-preview":"max-video-preview:-1"},"canonical":"https:\/\/lda.be\/fr\/produit\/serie-m12-c-connecteurs-ronds-industriels\/","og_locale":"fr_FR","og_type":"article","og_title":"S\u00e9rie M12 C Connecteurs ronds industriels - LDA Belgique","og_description":"Connecteurs ronds industriels M12 s\u00e9rie C. Disponibles en 3-8 p\u00f4les avec ou sans c\u00e2ble. Convient pour l'automatisation, les capteurs. Disponible via LDA Belgique.","og_url":"https:\/\/lda.be\/fr\/produit\/serie-m12-c-connecteurs-ronds-industriels\/","og_site_name":"LDA Belgique","article_modified_time":"2025-07-30T11:29:24+00:00","og_image":[{"width":800,"height":800,"url":"https:\/\/lda.be\/wp-content\/uploads\/2025\/07\/C-serie-m12.webp","type":"image\/webp"}],"twitter_card":"summary_large_image","twitter_misc":{"Dur\u00e9e de lecture estim\u00e9e":"2 minutes"},"schema":{"@context":"https:\/\/schema.org","@graph":[{"@type":"WebPage","@id":"https:\/\/lda.be\/fr\/produit\/serie-m12-c-connecteurs-ronds-industriels\/","url":"https:\/\/lda.be\/fr\/produit\/serie-m12-c-connecteurs-ronds-industriels\/","name":"S\u00e9rie M12 C Connecteurs ronds industriels - LDA Belgique","isPartOf":{"@id":"https:\/\/lda.be\/fr\/#website"},"primaryImageOfPage":{"@id":"https:\/\/lda.be\/fr\/produit\/serie-m12-c-connecteurs-ronds-industriels\/#primaryimage"},"image":{"@id":"https:\/\/lda.be\/fr\/produit\/serie-m12-c-connecteurs-ronds-industriels\/#primaryimage"},"thumbnailUrl":"https:\/\/lda.be\/wp-content\/uploads\/2025\/07\/C-serie-m12.webp","datePublished":"2025-07-30T11:20:30+00:00","dateModified":"2025-07-30T11:29:24+00:00","description":"Connecteurs ronds industriels M12 s\u00e9rie C. Disponibles en 3-8 p\u00f4les avec ou sans c\u00e2ble. Convient pour l'automatisation, les capteurs. Disponible via LDA Belgique.","breadcrumb":{"@id":"https:\/\/lda.be\/fr\/produit\/serie-m12-c-connecteurs-ronds-industriels\/#breadcrumb"},"inLanguage":"fr-FR","potentialAction":[{"@type":"ReadAction","target":["https:\/\/lda.be\/fr\/produit\/serie-m12-c-connecteurs-ronds-industriels\/"]}]},{"@type":"ImageObject","inLanguage":"fr-FR","@id":"https:\/\/lda.be\/fr\/produit\/serie-m12-c-connecteurs-ronds-industriels\/#primaryimage","url":"https:\/\/lda.be\/wp-content\/uploads\/2025\/07\/C-serie-m12.webp","contentUrl":"https:\/\/lda.be\/wp-content\/uploads\/2025\/07\/C-serie-m12.webp","width":800,"height":800,"caption":"Omal m12 C serie"},{"@type":"BreadcrumbList","@id":"https:\/\/lda.be\/fr\/produit\/serie-m12-c-connecteurs-ronds-industriels\/#breadcrumb","itemListElement":[{"@type":"ListItem","position":1,"name":"Accueil","item":"https:\/\/lda.be\/fr\/"},{"@type":"ListItem","position":2,"name":"Produits","item":"https:\/\/lda.be\/fr\/produits\/"},{"@type":"ListItem","position":3,"name":"S\u00e9rie M12 C Connecteurs ronds industriels"}]},{"@type":"WebSite","@id":"https:\/\/lda.be\/fr\/#website","url":"https:\/\/lda.be\/fr\/","name":"LDA Belgium","description":"Solutions For Life","publisher":{"@id":"https:\/\/lda.be\/fr\/#organization"},"potentialAction":[{"@type":"SearchAction","target":{"@type":"EntryPoint","urlTemplate":"https:\/\/lda.be\/fr\/?s={search_term_string}"},"query-input":{"@type":"PropertyValueSpecification","valueRequired":true,"valueName":"search_term_string"}}],"inLanguage":"fr-FR"},{"@type":"Organization","@id":"https:\/\/lda.be\/fr\/#organization","name":"LDA Belgium","url":"https:\/\/lda.be\/fr\/","logo":{"@type":"ImageObject","inLanguage":"fr-FR","@id":"https:\/\/lda.be\/fr\/#\/schema\/logo\/image\/","url":"https:\/\/lda.be\/wp-content\/uploads\/2022\/07\/Logo-LDA.webp","contentUrl":"https:\/\/lda.be\/wp-content\/uploads\/2022\/07\/Logo-LDA.webp","width":311,"height":101,"caption":"LDA Belgium"},"image":{"@id":"https:\/\/lda.be\/fr\/#\/schema\/logo\/image\/"},"sameAs":["https:\/\/www.linkedin.com\/company\/lda-belgium-nv"]}]}},"_links":{"self":[{"href":"https:\/\/lda.be\/fr\/wp-json\/wp\/v2\/product\/10234","targetHints":{"allow":["GET"]}}],"collection":[{"href":"https:\/\/lda.be\/fr\/wp-json\/wp\/v2\/product"}],"about":[{"href":"https:\/\/lda.be\/fr\/wp-json\/wp\/v2\/types\/product"}],"replies":[{"embeddable":true,"href":"https:\/\/lda.be\/fr\/wp-json\/wp\/v2\/comments?post=10234"}],"wp:featuredmedia":[{"embeddable":true,"href":"https:\/\/lda.be\/fr\/wp-json\/wp\/v2\/media\/10232"}],"wp:attachment":[{"href":"https:\/\/lda.be\/fr\/wp-json\/wp\/v2\/media?parent=10234"}],"wp:term":[{"taxonomy":"product_brand","embeddable":true,"href":"https:\/\/lda.be\/fr\/wp-json\/wp\/v2\/product_brand?post=10234"},{"taxonomy":"product_cat","embeddable":true,"href":"https:\/\/lda.be\/fr\/wp-json\/wp\/v2\/product_cat?post=10234"},{"taxonomy":"product_tag","embeddable":true,"href":"https:\/\/lda.be\/fr\/wp-json\/wp\/v2\/product_tag?post=10234"}],"curies":[{"name":"wp","href":"https:\/\/api.w.org\/{rel}","templated":true}]}}