{"id":10244,"date":"2025-07-30T13:01:21","date_gmt":"2025-07-30T12:01:21","guid":{"rendered":"https:\/\/lda.be\/?post_type=product&#038;p=10244"},"modified":"2025-07-30T13:12:47","modified_gmt":"2025-07-30T12:12:47","slug":"connecteurs-m8-serie-p","status":"publish","type":"product","link":"https:\/\/lda.be\/fr\/produit\/connecteurs-m8-serie-p\/","title":{"rendered":"Connecteurs M8 s\u00e9rie P"},"content":{"rendered":"<p>Les connecteurs M8 de la s\u00e9rie P pour applications PCB sont destin\u00e9s \u00e0 \u00eatre mont\u00e9s directement sur les PCB et constituent une solution id\u00e9ale pour les applications industrielles compactes n\u00e9cessitant une connexion pr\u00e9cise et durable. Ils sont disponibles en versions m\u00e2le et femelle, avec des variations dans le diam\u00e8tre des broches, le nombre de p\u00f4les et le positionnement.<\/p>\n<p>Gr\u00e2ce \u00e0 leurs contacts CuZn plaqu\u00e9s or, les connecteurs M8 de la s\u00e9rie P offrent une excellente conductivit\u00e9 et une grande r\u00e9sistance \u00e0 la corrosion. L&#8217;\u00e9crou de blocage en laiton nickel\u00e9 (CuZn Ni) assure une connexion m\u00e9canique solide, tandis que le joint torique en NBR assure une \u00e9tanch\u00e9it\u00e9 suppl\u00e9mentaire contre l&#8217;humidit\u00e9 et la salet\u00e9.<\/p>\n","protected":false},"excerpt":{"rendered":"<p>Les connecteurs M8 de la s\u00e9rie P pour applications PCB sont destin\u00e9s \u00e0 \u00eatre mont\u00e9s directement sur les PCB et constituent une solution id\u00e9ale pour les applications industrielles compactes n\u00e9cessitant une connexion pr\u00e9cise et durable. Ils sont disponibles en versions m\u00e2le et femelle, avec des variations dans le diam\u00e8tre des broches, le nombre de p\u00f4les [&hellip;]<\/p>\n","protected":false},"featured_media":10242,"comment_status":"closed","ping_status":"closed","template":"","meta":[],"product_brand":[1609],"product_cat":[818,828,1613],"product_tag":[],"class_list":{"0":"post-10244","1":"product","2":"type-product","3":"status-publish","4":"has-post-thumbnail","6":"product_brand-omal","7":"product_cat-connecteurs-et-cables","8":"product_cat-connecteurs","9":"product_cat-m8-connecteurs","11":"first","12":"instock","13":"shipping-taxable","14":"product-type-simple"},"yoast_head":"<!-- This site is optimized with the Yoast SEO plugin v27.3 - https:\/\/yoast.com\/product\/yoast-seo-wordpress\/ -->\n<title>Connecteurs M8 s\u00e9rie P - LDA Belgique<\/title>\n<meta name=\"description\" content=\"Connecteurs M8 s\u00e9rie P d&#039;Omal pour montage sur circuit imprim\u00e9. Connecteurs m\u00e2les et femelles compacts pour circuits imprim\u00e9s. Disponible aupr\u00e8s de LDA Belgium.\" \/>\n<meta name=\"robots\" content=\"index, follow, max-snippet:-1, max-image-preview:large, max-video-preview:-1\" \/>\n<link rel=\"canonical\" href=\"https:\/\/lda.be\/fr\/produit\/connecteurs-m8-serie-p\/\" \/>\n<meta property=\"og:locale\" content=\"fr_FR\" \/>\n<meta property=\"og:type\" content=\"article\" \/>\n<meta property=\"og:title\" content=\"Connecteurs M8 s\u00e9rie P - LDA Belgique\" \/>\n<meta property=\"og:description\" content=\"Connecteurs M8 s\u00e9rie P d&#039;Omal pour montage sur circuit imprim\u00e9. Connecteurs m\u00e2les et femelles compacts pour circuits imprim\u00e9s. Disponible aupr\u00e8s de LDA Belgium.\" \/>\n<meta property=\"og:url\" content=\"https:\/\/lda.be\/fr\/produit\/connecteurs-m8-serie-p\/\" \/>\n<meta property=\"og:site_name\" content=\"LDA Belgique\" \/>\n<meta property=\"article:modified_time\" content=\"2025-07-30T12:12:47+00:00\" \/>\n<meta property=\"og:image\" content=\"https:\/\/lda.be\/wp-content\/uploads\/2025\/07\/m8-P-serie.webp\" \/>\n\t<meta property=\"og:image:width\" content=\"800\" \/>\n\t<meta property=\"og:image:height\" content=\"800\" \/>\n\t<meta property=\"og:image:type\" content=\"image\/webp\" \/>\n<meta name=\"twitter:card\" content=\"summary_large_image\" \/>\n<meta name=\"twitter:label1\" content=\"Dur\u00e9e de lecture estim\u00e9e\" \/>\n\t<meta name=\"twitter:data1\" content=\"1 minute\" \/>\n<script type=\"application\/ld+json\" class=\"yoast-schema-graph\">{\"@context\":\"https:\\\/\\\/schema.org\",\"@graph\":[{\"@type\":\"WebPage\",\"@id\":\"https:\\\/\\\/lda.be\\\/fr\\\/produit\\\/connecteurs-m8-serie-p\\\/\",\"url\":\"https:\\\/\\\/lda.be\\\/fr\\\/produit\\\/connecteurs-m8-serie-p\\\/\",\"name\":\"Connecteurs M8 s\u00e9rie P - LDA Belgique\",\"isPartOf\":{\"@id\":\"https:\\\/\\\/lda.be\\\/fr\\\/#website\"},\"primaryImageOfPage\":{\"@id\":\"https:\\\/\\\/lda.be\\\/fr\\\/produit\\\/connecteurs-m8-serie-p\\\/#primaryimage\"},\"image\":{\"@id\":\"https:\\\/\\\/lda.be\\\/fr\\\/produit\\\/connecteurs-m8-serie-p\\\/#primaryimage\"},\"thumbnailUrl\":\"https:\\\/\\\/lda.be\\\/wp-content\\\/uploads\\\/2025\\\/07\\\/m8-P-serie.webp\",\"datePublished\":\"2025-07-30T12:01:21+00:00\",\"dateModified\":\"2025-07-30T12:12:47+00:00\",\"description\":\"Connecteurs M8 s\u00e9rie P d'Omal pour montage sur circuit imprim\u00e9. Connecteurs m\u00e2les et femelles compacts pour circuits imprim\u00e9s. Disponible aupr\u00e8s de LDA Belgium.\",\"breadcrumb\":{\"@id\":\"https:\\\/\\\/lda.be\\\/fr\\\/produit\\\/connecteurs-m8-serie-p\\\/#breadcrumb\"},\"inLanguage\":\"fr-FR\",\"potentialAction\":[{\"@type\":\"ReadAction\",\"target\":[\"https:\\\/\\\/lda.be\\\/fr\\\/produit\\\/connecteurs-m8-serie-p\\\/\"]}]},{\"@type\":\"ImageObject\",\"inLanguage\":\"fr-FR\",\"@id\":\"https:\\\/\\\/lda.be\\\/fr\\\/produit\\\/connecteurs-m8-serie-p\\\/#primaryimage\",\"url\":\"https:\\\/\\\/lda.be\\\/wp-content\\\/uploads\\\/2025\\\/07\\\/m8-P-serie.webp\",\"contentUrl\":\"https:\\\/\\\/lda.be\\\/wp-content\\\/uploads\\\/2025\\\/07\\\/m8-P-serie.webp\",\"width\":800,\"height\":800,\"caption\":\"M8 P-serie connectoren van Omal\"},{\"@type\":\"BreadcrumbList\",\"@id\":\"https:\\\/\\\/lda.be\\\/fr\\\/produit\\\/connecteurs-m8-serie-p\\\/#breadcrumb\",\"itemListElement\":[{\"@type\":\"ListItem\",\"position\":1,\"name\":\"Accueil\",\"item\":\"https:\\\/\\\/lda.be\\\/fr\\\/\"},{\"@type\":\"ListItem\",\"position\":2,\"name\":\"Produits\",\"item\":\"https:\\\/\\\/lda.be\\\/fr\\\/produits\\\/\"},{\"@type\":\"ListItem\",\"position\":3,\"name\":\"Connecteurs M8 s\u00e9rie P\"}]},{\"@type\":\"WebSite\",\"@id\":\"https:\\\/\\\/lda.be\\\/fr\\\/#website\",\"url\":\"https:\\\/\\\/lda.be\\\/fr\\\/\",\"name\":\"LDA Belgium\",\"description\":\"Solutions For Life\",\"publisher\":{\"@id\":\"https:\\\/\\\/lda.be\\\/fr\\\/#organization\"},\"potentialAction\":[{\"@type\":\"SearchAction\",\"target\":{\"@type\":\"EntryPoint\",\"urlTemplate\":\"https:\\\/\\\/lda.be\\\/fr\\\/?s={search_term_string}\"},\"query-input\":{\"@type\":\"PropertyValueSpecification\",\"valueRequired\":true,\"valueName\":\"search_term_string\"}}],\"inLanguage\":\"fr-FR\"},{\"@type\":\"Organization\",\"@id\":\"https:\\\/\\\/lda.be\\\/fr\\\/#organization\",\"name\":\"LDA Belgium\",\"url\":\"https:\\\/\\\/lda.be\\\/fr\\\/\",\"logo\":{\"@type\":\"ImageObject\",\"inLanguage\":\"fr-FR\",\"@id\":\"https:\\\/\\\/lda.be\\\/fr\\\/#\\\/schema\\\/logo\\\/image\\\/\",\"url\":\"https:\\\/\\\/lda.be\\\/wp-content\\\/uploads\\\/2022\\\/07\\\/Logo-LDA.webp\",\"contentUrl\":\"https:\\\/\\\/lda.be\\\/wp-content\\\/uploads\\\/2022\\\/07\\\/Logo-LDA.webp\",\"width\":311,\"height\":101,\"caption\":\"LDA Belgium\"},\"image\":{\"@id\":\"https:\\\/\\\/lda.be\\\/fr\\\/#\\\/schema\\\/logo\\\/image\\\/\"},\"sameAs\":[\"https:\\\/\\\/www.linkedin.com\\\/company\\\/lda-belgium-nv\"]}]}<\/script>\n<!-- \/ Yoast SEO plugin. -->","yoast_head_json":{"title":"Connecteurs M8 s\u00e9rie P - LDA Belgique","description":"Connecteurs M8 s\u00e9rie P d'Omal pour montage sur circuit imprim\u00e9. Connecteurs m\u00e2les et femelles compacts pour circuits imprim\u00e9s. Disponible aupr\u00e8s de LDA Belgium.","robots":{"index":"index","follow":"follow","max-snippet":"max-snippet:-1","max-image-preview":"max-image-preview:large","max-video-preview":"max-video-preview:-1"},"canonical":"https:\/\/lda.be\/fr\/produit\/connecteurs-m8-serie-p\/","og_locale":"fr_FR","og_type":"article","og_title":"Connecteurs M8 s\u00e9rie P - LDA Belgique","og_description":"Connecteurs M8 s\u00e9rie P d'Omal pour montage sur circuit imprim\u00e9. Connecteurs m\u00e2les et femelles compacts pour circuits imprim\u00e9s. Disponible aupr\u00e8s de LDA Belgium.","og_url":"https:\/\/lda.be\/fr\/produit\/connecteurs-m8-serie-p\/","og_site_name":"LDA Belgique","article_modified_time":"2025-07-30T12:12:47+00:00","og_image":[{"width":800,"height":800,"url":"https:\/\/lda.be\/wp-content\/uploads\/2025\/07\/m8-P-serie.webp","type":"image\/webp"}],"twitter_card":"summary_large_image","twitter_misc":{"Dur\u00e9e de lecture estim\u00e9e":"1 minute"},"schema":{"@context":"https:\/\/schema.org","@graph":[{"@type":"WebPage","@id":"https:\/\/lda.be\/fr\/produit\/connecteurs-m8-serie-p\/","url":"https:\/\/lda.be\/fr\/produit\/connecteurs-m8-serie-p\/","name":"Connecteurs M8 s\u00e9rie P - LDA Belgique","isPartOf":{"@id":"https:\/\/lda.be\/fr\/#website"},"primaryImageOfPage":{"@id":"https:\/\/lda.be\/fr\/produit\/connecteurs-m8-serie-p\/#primaryimage"},"image":{"@id":"https:\/\/lda.be\/fr\/produit\/connecteurs-m8-serie-p\/#primaryimage"},"thumbnailUrl":"https:\/\/lda.be\/wp-content\/uploads\/2025\/07\/m8-P-serie.webp","datePublished":"2025-07-30T12:01:21+00:00","dateModified":"2025-07-30T12:12:47+00:00","description":"Connecteurs M8 s\u00e9rie P d'Omal pour montage sur circuit imprim\u00e9. Connecteurs m\u00e2les et femelles compacts pour circuits imprim\u00e9s. Disponible aupr\u00e8s de LDA Belgium.","breadcrumb":{"@id":"https:\/\/lda.be\/fr\/produit\/connecteurs-m8-serie-p\/#breadcrumb"},"inLanguage":"fr-FR","potentialAction":[{"@type":"ReadAction","target":["https:\/\/lda.be\/fr\/produit\/connecteurs-m8-serie-p\/"]}]},{"@type":"ImageObject","inLanguage":"fr-FR","@id":"https:\/\/lda.be\/fr\/produit\/connecteurs-m8-serie-p\/#primaryimage","url":"https:\/\/lda.be\/wp-content\/uploads\/2025\/07\/m8-P-serie.webp","contentUrl":"https:\/\/lda.be\/wp-content\/uploads\/2025\/07\/m8-P-serie.webp","width":800,"height":800,"caption":"M8 P-serie connectoren van Omal"},{"@type":"BreadcrumbList","@id":"https:\/\/lda.be\/fr\/produit\/connecteurs-m8-serie-p\/#breadcrumb","itemListElement":[{"@type":"ListItem","position":1,"name":"Accueil","item":"https:\/\/lda.be\/fr\/"},{"@type":"ListItem","position":2,"name":"Produits","item":"https:\/\/lda.be\/fr\/produits\/"},{"@type":"ListItem","position":3,"name":"Connecteurs M8 s\u00e9rie P"}]},{"@type":"WebSite","@id":"https:\/\/lda.be\/fr\/#website","url":"https:\/\/lda.be\/fr\/","name":"LDA Belgium","description":"Solutions For Life","publisher":{"@id":"https:\/\/lda.be\/fr\/#organization"},"potentialAction":[{"@type":"SearchAction","target":{"@type":"EntryPoint","urlTemplate":"https:\/\/lda.be\/fr\/?s={search_term_string}"},"query-input":{"@type":"PropertyValueSpecification","valueRequired":true,"valueName":"search_term_string"}}],"inLanguage":"fr-FR"},{"@type":"Organization","@id":"https:\/\/lda.be\/fr\/#organization","name":"LDA Belgium","url":"https:\/\/lda.be\/fr\/","logo":{"@type":"ImageObject","inLanguage":"fr-FR","@id":"https:\/\/lda.be\/fr\/#\/schema\/logo\/image\/","url":"https:\/\/lda.be\/wp-content\/uploads\/2022\/07\/Logo-LDA.webp","contentUrl":"https:\/\/lda.be\/wp-content\/uploads\/2022\/07\/Logo-LDA.webp","width":311,"height":101,"caption":"LDA Belgium"},"image":{"@id":"https:\/\/lda.be\/fr\/#\/schema\/logo\/image\/"},"sameAs":["https:\/\/www.linkedin.com\/company\/lda-belgium-nv"]}]}},"_links":{"self":[{"href":"https:\/\/lda.be\/fr\/wp-json\/wp\/v2\/product\/10244","targetHints":{"allow":["GET"]}}],"collection":[{"href":"https:\/\/lda.be\/fr\/wp-json\/wp\/v2\/product"}],"about":[{"href":"https:\/\/lda.be\/fr\/wp-json\/wp\/v2\/types\/product"}],"replies":[{"embeddable":true,"href":"https:\/\/lda.be\/fr\/wp-json\/wp\/v2\/comments?post=10244"}],"wp:featuredmedia":[{"embeddable":true,"href":"https:\/\/lda.be\/fr\/wp-json\/wp\/v2\/media\/10242"}],"wp:attachment":[{"href":"https:\/\/lda.be\/fr\/wp-json\/wp\/v2\/media?parent=10244"}],"wp:term":[{"taxonomy":"product_brand","embeddable":true,"href":"https:\/\/lda.be\/fr\/wp-json\/wp\/v2\/product_brand?post=10244"},{"taxonomy":"product_cat","embeddable":true,"href":"https:\/\/lda.be\/fr\/wp-json\/wp\/v2\/product_cat?post=10244"},{"taxonomy":"product_tag","embeddable":true,"href":"https:\/\/lda.be\/fr\/wp-json\/wp\/v2\/product_tag?post=10244"}],"curies":[{"name":"wp","href":"https:\/\/api.w.org\/{rel}","templated":true}]}}