{"id":10256,"date":"2025-07-30T13:32:18","date_gmt":"2025-07-30T12:32:18","guid":{"rendered":"https:\/\/lda.be\/product\/connecteurs-pour-circuits-imprimes-m12-de-la-serie-p\/"},"modified":"2025-07-30T13:42:32","modified_gmt":"2025-07-30T12:42:32","slug":"connecteurs-pour-circuits-imprimes-m12-de-la-serie-p","status":"publish","type":"product","link":"https:\/\/lda.be\/fr\/produit\/connecteurs-pour-circuits-imprimes-m12-de-la-serie-p\/","title":{"rendered":"Connecteurs pour circuits imprim\u00e9s M12 de la s\u00e9rie P"},"content":{"rendered":"<p>Les connecteurs Omal M12 s\u00e9rie P pour circuits imprim\u00e9s sont destin\u00e9s \u00e0 \u00eatre mont\u00e9s directement sur les circuits imprim\u00e9s et constituent une solution pour la transmission de signaux ou de puissance dans les applications d&#8217;automatisation. Ces connecteurs conviennent aux environnements industriels o\u00f9 un ancrage m\u00e9canique solide et une fiabilit\u00e9 \u00e9lectrique sont essentiels.<\/p>\n<p>La s\u00e9rie M12 P est disponible en versions m\u00e2le et femelle avec des configurations \u00e0 5 p\u00f4les. Les contacts CuZn dor\u00e9s garantissent une excellente conductivit\u00e9 \u00e9lectrique et des performances \u00e0 long terme, tandis que l&#8217;\u00e9crou de verrouillage en laiton nickel\u00e9 assure une fixation solide. Un joint torique en NBR (caoutchouc nitrile) assure une \u00e9tanch\u00e9it\u00e9 suppl\u00e9mentaire contre la salet\u00e9 et l&#8217;humidit\u00e9.<\/p>\n","protected":false},"excerpt":{"rendered":"<p>Les connecteurs Omal M12 s\u00e9rie P pour circuits imprim\u00e9s sont destin\u00e9s \u00e0 \u00eatre mont\u00e9s directement sur les circuits imprim\u00e9s et constituent une solution pour la transmission de signaux ou de puissance dans les applications d&#8217;automatisation. Ces connecteurs conviennent aux environnements industriels o\u00f9 un ancrage m\u00e9canique solide et une fiabilit\u00e9 \u00e9lectrique sont essentiels. La s\u00e9rie M12 [&hellip;]<\/p>\n","protected":false},"featured_media":10248,"comment_status":"closed","ping_status":"closed","template":"","meta":[],"product_brand":[1609],"product_cat":[818,828,1616],"product_tag":[],"class_list":{"0":"post-10256","1":"product","2":"type-product","3":"status-publish","4":"has-post-thumbnail","6":"product_brand-omal","7":"product_cat-connecteurs-et-cables","8":"product_cat-connecteurs","9":"product_cat-m12-connecteurs","11":"first","12":"instock","13":"shipping-taxable","14":"product-type-simple"},"yoast_head":"<!-- This site is optimized with the Yoast SEO plugin v27.3 - https:\/\/yoast.com\/product\/yoast-seo-wordpress\/ -->\n<title>Connecteurs pour circuits imprim\u00e9s M12 de la s\u00e9rie P - LDA Belgique<\/title>\n<meta name=\"description\" content=\"Connecteurs de circuits imprim\u00e9s M12 P d&#039;Omal pour applications industrielles. Connecteurs m\u00e2les\/femelles droits pour circuits imprim\u00e9s. Disponible aupr\u00e8s de LDA Belgique.\" \/>\n<meta name=\"robots\" content=\"index, follow, max-snippet:-1, max-image-preview:large, max-video-preview:-1\" \/>\n<link rel=\"canonical\" href=\"https:\/\/lda.be\/fr\/produit\/connecteurs-pour-circuits-imprimes-m12-de-la-serie-p\/\" \/>\n<meta property=\"og:locale\" content=\"fr_FR\" \/>\n<meta property=\"og:type\" content=\"article\" \/>\n<meta property=\"og:title\" content=\"Connecteurs pour circuits imprim\u00e9s M12 de la s\u00e9rie P - LDA Belgique\" \/>\n<meta property=\"og:description\" content=\"Connecteurs de circuits imprim\u00e9s M12 P d&#039;Omal pour applications industrielles. Connecteurs m\u00e2les\/femelles droits pour circuits imprim\u00e9s. Disponible aupr\u00e8s de LDA Belgique.\" \/>\n<meta property=\"og:url\" content=\"https:\/\/lda.be\/fr\/produit\/connecteurs-pour-circuits-imprimes-m12-de-la-serie-p\/\" \/>\n<meta property=\"og:site_name\" content=\"LDA Belgique\" \/>\n<meta property=\"article:modified_time\" content=\"2025-07-30T12:42:32+00:00\" \/>\n<meta property=\"og:image\" content=\"https:\/\/lda.be\/wp-content\/uploads\/2025\/07\/M12-P-serie.webp\" \/>\n\t<meta property=\"og:image:width\" content=\"800\" \/>\n\t<meta property=\"og:image:height\" content=\"800\" \/>\n\t<meta property=\"og:image:type\" content=\"image\/webp\" \/>\n<meta name=\"twitter:card\" content=\"summary_large_image\" \/>\n<meta name=\"twitter:label1\" content=\"Dur\u00e9e de lecture estim\u00e9e\" \/>\n\t<meta name=\"twitter:data1\" content=\"1 minute\" \/>\n<script type=\"application\/ld+json\" class=\"yoast-schema-graph\">{\"@context\":\"https:\\\/\\\/schema.org\",\"@graph\":[{\"@type\":\"WebPage\",\"@id\":\"https:\\\/\\\/lda.be\\\/fr\\\/produit\\\/connecteurs-pour-circuits-imprimes-m12-de-la-serie-p\\\/\",\"url\":\"https:\\\/\\\/lda.be\\\/fr\\\/produit\\\/connecteurs-pour-circuits-imprimes-m12-de-la-serie-p\\\/\",\"name\":\"Connecteurs pour circuits imprim\u00e9s M12 de la s\u00e9rie P - LDA Belgique\",\"isPartOf\":{\"@id\":\"https:\\\/\\\/lda.be\\\/fr\\\/#website\"},\"primaryImageOfPage\":{\"@id\":\"https:\\\/\\\/lda.be\\\/fr\\\/produit\\\/connecteurs-pour-circuits-imprimes-m12-de-la-serie-p\\\/#primaryimage\"},\"image\":{\"@id\":\"https:\\\/\\\/lda.be\\\/fr\\\/produit\\\/connecteurs-pour-circuits-imprimes-m12-de-la-serie-p\\\/#primaryimage\"},\"thumbnailUrl\":\"https:\\\/\\\/lda.be\\\/wp-content\\\/uploads\\\/2025\\\/07\\\/M12-P-serie.webp\",\"datePublished\":\"2025-07-30T12:32:18+00:00\",\"dateModified\":\"2025-07-30T12:42:32+00:00\",\"description\":\"Connecteurs de circuits imprim\u00e9s M12 P d'Omal pour applications industrielles. Connecteurs m\u00e2les\\\/femelles droits pour circuits imprim\u00e9s. Disponible aupr\u00e8s de LDA Belgique.\",\"breadcrumb\":{\"@id\":\"https:\\\/\\\/lda.be\\\/fr\\\/produit\\\/connecteurs-pour-circuits-imprimes-m12-de-la-serie-p\\\/#breadcrumb\"},\"inLanguage\":\"fr-FR\",\"potentialAction\":[{\"@type\":\"ReadAction\",\"target\":[\"https:\\\/\\\/lda.be\\\/fr\\\/produit\\\/connecteurs-pour-circuits-imprimes-m12-de-la-serie-p\\\/\"]}]},{\"@type\":\"ImageObject\",\"inLanguage\":\"fr-FR\",\"@id\":\"https:\\\/\\\/lda.be\\\/fr\\\/produit\\\/connecteurs-pour-circuits-imprimes-m12-de-la-serie-p\\\/#primaryimage\",\"url\":\"https:\\\/\\\/lda.be\\\/wp-content\\\/uploads\\\/2025\\\/07\\\/M12-P-serie.webp\",\"contentUrl\":\"https:\\\/\\\/lda.be\\\/wp-content\\\/uploads\\\/2025\\\/07\\\/M12-P-serie.webp\",\"width\":800,\"height\":800,\"caption\":\"Omal M12\"},{\"@type\":\"BreadcrumbList\",\"@id\":\"https:\\\/\\\/lda.be\\\/fr\\\/produit\\\/connecteurs-pour-circuits-imprimes-m12-de-la-serie-p\\\/#breadcrumb\",\"itemListElement\":[{\"@type\":\"ListItem\",\"position\":1,\"name\":\"Accueil\",\"item\":\"https:\\\/\\\/lda.be\\\/fr\\\/\"},{\"@type\":\"ListItem\",\"position\":2,\"name\":\"Produits\",\"item\":\"https:\\\/\\\/lda.be\\\/fr\\\/produits\\\/\"},{\"@type\":\"ListItem\",\"position\":3,\"name\":\"Connecteurs pour circuits imprim\u00e9s M12 de la s\u00e9rie P\"}]},{\"@type\":\"WebSite\",\"@id\":\"https:\\\/\\\/lda.be\\\/fr\\\/#website\",\"url\":\"https:\\\/\\\/lda.be\\\/fr\\\/\",\"name\":\"LDA Belgium\",\"description\":\"Solutions For Life\",\"publisher\":{\"@id\":\"https:\\\/\\\/lda.be\\\/fr\\\/#organization\"},\"potentialAction\":[{\"@type\":\"SearchAction\",\"target\":{\"@type\":\"EntryPoint\",\"urlTemplate\":\"https:\\\/\\\/lda.be\\\/fr\\\/?s={search_term_string}\"},\"query-input\":{\"@type\":\"PropertyValueSpecification\",\"valueRequired\":true,\"valueName\":\"search_term_string\"}}],\"inLanguage\":\"fr-FR\"},{\"@type\":\"Organization\",\"@id\":\"https:\\\/\\\/lda.be\\\/fr\\\/#organization\",\"name\":\"LDA Belgium\",\"url\":\"https:\\\/\\\/lda.be\\\/fr\\\/\",\"logo\":{\"@type\":\"ImageObject\",\"inLanguage\":\"fr-FR\",\"@id\":\"https:\\\/\\\/lda.be\\\/fr\\\/#\\\/schema\\\/logo\\\/image\\\/\",\"url\":\"https:\\\/\\\/lda.be\\\/wp-content\\\/uploads\\\/2022\\\/07\\\/Logo-LDA.webp\",\"contentUrl\":\"https:\\\/\\\/lda.be\\\/wp-content\\\/uploads\\\/2022\\\/07\\\/Logo-LDA.webp\",\"width\":311,\"height\":101,\"caption\":\"LDA Belgium\"},\"image\":{\"@id\":\"https:\\\/\\\/lda.be\\\/fr\\\/#\\\/schema\\\/logo\\\/image\\\/\"},\"sameAs\":[\"https:\\\/\\\/www.linkedin.com\\\/company\\\/lda-belgium-nv\"]}]}<\/script>\n<!-- \/ Yoast SEO plugin. -->","yoast_head_json":{"title":"Connecteurs pour circuits imprim\u00e9s M12 de la s\u00e9rie P - LDA Belgique","description":"Connecteurs de circuits imprim\u00e9s M12 P d'Omal pour applications industrielles. Connecteurs m\u00e2les\/femelles droits pour circuits imprim\u00e9s. Disponible aupr\u00e8s de LDA Belgique.","robots":{"index":"index","follow":"follow","max-snippet":"max-snippet:-1","max-image-preview":"max-image-preview:large","max-video-preview":"max-video-preview:-1"},"canonical":"https:\/\/lda.be\/fr\/produit\/connecteurs-pour-circuits-imprimes-m12-de-la-serie-p\/","og_locale":"fr_FR","og_type":"article","og_title":"Connecteurs pour circuits imprim\u00e9s M12 de la s\u00e9rie P - LDA Belgique","og_description":"Connecteurs de circuits imprim\u00e9s M12 P d'Omal pour applications industrielles. Connecteurs m\u00e2les\/femelles droits pour circuits imprim\u00e9s. Disponible aupr\u00e8s de LDA Belgique.","og_url":"https:\/\/lda.be\/fr\/produit\/connecteurs-pour-circuits-imprimes-m12-de-la-serie-p\/","og_site_name":"LDA Belgique","article_modified_time":"2025-07-30T12:42:32+00:00","og_image":[{"width":800,"height":800,"url":"https:\/\/lda.be\/wp-content\/uploads\/2025\/07\/M12-P-serie.webp","type":"image\/webp"}],"twitter_card":"summary_large_image","twitter_misc":{"Dur\u00e9e de lecture estim\u00e9e":"1 minute"},"schema":{"@context":"https:\/\/schema.org","@graph":[{"@type":"WebPage","@id":"https:\/\/lda.be\/fr\/produit\/connecteurs-pour-circuits-imprimes-m12-de-la-serie-p\/","url":"https:\/\/lda.be\/fr\/produit\/connecteurs-pour-circuits-imprimes-m12-de-la-serie-p\/","name":"Connecteurs pour circuits imprim\u00e9s M12 de la s\u00e9rie P - LDA Belgique","isPartOf":{"@id":"https:\/\/lda.be\/fr\/#website"},"primaryImageOfPage":{"@id":"https:\/\/lda.be\/fr\/produit\/connecteurs-pour-circuits-imprimes-m12-de-la-serie-p\/#primaryimage"},"image":{"@id":"https:\/\/lda.be\/fr\/produit\/connecteurs-pour-circuits-imprimes-m12-de-la-serie-p\/#primaryimage"},"thumbnailUrl":"https:\/\/lda.be\/wp-content\/uploads\/2025\/07\/M12-P-serie.webp","datePublished":"2025-07-30T12:32:18+00:00","dateModified":"2025-07-30T12:42:32+00:00","description":"Connecteurs de circuits imprim\u00e9s M12 P d'Omal pour applications industrielles. Connecteurs m\u00e2les\/femelles droits pour circuits imprim\u00e9s. Disponible aupr\u00e8s de LDA Belgique.","breadcrumb":{"@id":"https:\/\/lda.be\/fr\/produit\/connecteurs-pour-circuits-imprimes-m12-de-la-serie-p\/#breadcrumb"},"inLanguage":"fr-FR","potentialAction":[{"@type":"ReadAction","target":["https:\/\/lda.be\/fr\/produit\/connecteurs-pour-circuits-imprimes-m12-de-la-serie-p\/"]}]},{"@type":"ImageObject","inLanguage":"fr-FR","@id":"https:\/\/lda.be\/fr\/produit\/connecteurs-pour-circuits-imprimes-m12-de-la-serie-p\/#primaryimage","url":"https:\/\/lda.be\/wp-content\/uploads\/2025\/07\/M12-P-serie.webp","contentUrl":"https:\/\/lda.be\/wp-content\/uploads\/2025\/07\/M12-P-serie.webp","width":800,"height":800,"caption":"Omal M12"},{"@type":"BreadcrumbList","@id":"https:\/\/lda.be\/fr\/produit\/connecteurs-pour-circuits-imprimes-m12-de-la-serie-p\/#breadcrumb","itemListElement":[{"@type":"ListItem","position":1,"name":"Accueil","item":"https:\/\/lda.be\/fr\/"},{"@type":"ListItem","position":2,"name":"Produits","item":"https:\/\/lda.be\/fr\/produits\/"},{"@type":"ListItem","position":3,"name":"Connecteurs pour circuits imprim\u00e9s M12 de la s\u00e9rie P"}]},{"@type":"WebSite","@id":"https:\/\/lda.be\/fr\/#website","url":"https:\/\/lda.be\/fr\/","name":"LDA Belgium","description":"Solutions For Life","publisher":{"@id":"https:\/\/lda.be\/fr\/#organization"},"potentialAction":[{"@type":"SearchAction","target":{"@type":"EntryPoint","urlTemplate":"https:\/\/lda.be\/fr\/?s={search_term_string}"},"query-input":{"@type":"PropertyValueSpecification","valueRequired":true,"valueName":"search_term_string"}}],"inLanguage":"fr-FR"},{"@type":"Organization","@id":"https:\/\/lda.be\/fr\/#organization","name":"LDA Belgium","url":"https:\/\/lda.be\/fr\/","logo":{"@type":"ImageObject","inLanguage":"fr-FR","@id":"https:\/\/lda.be\/fr\/#\/schema\/logo\/image\/","url":"https:\/\/lda.be\/wp-content\/uploads\/2022\/07\/Logo-LDA.webp","contentUrl":"https:\/\/lda.be\/wp-content\/uploads\/2022\/07\/Logo-LDA.webp","width":311,"height":101,"caption":"LDA Belgium"},"image":{"@id":"https:\/\/lda.be\/fr\/#\/schema\/logo\/image\/"},"sameAs":["https:\/\/www.linkedin.com\/company\/lda-belgium-nv"]}]}},"_links":{"self":[{"href":"https:\/\/lda.be\/fr\/wp-json\/wp\/v2\/product\/10256","targetHints":{"allow":["GET"]}}],"collection":[{"href":"https:\/\/lda.be\/fr\/wp-json\/wp\/v2\/product"}],"about":[{"href":"https:\/\/lda.be\/fr\/wp-json\/wp\/v2\/types\/product"}],"replies":[{"embeddable":true,"href":"https:\/\/lda.be\/fr\/wp-json\/wp\/v2\/comments?post=10256"}],"wp:featuredmedia":[{"embeddable":true,"href":"https:\/\/lda.be\/fr\/wp-json\/wp\/v2\/media\/10248"}],"wp:attachment":[{"href":"https:\/\/lda.be\/fr\/wp-json\/wp\/v2\/media?parent=10256"}],"wp:term":[{"taxonomy":"product_brand","embeddable":true,"href":"https:\/\/lda.be\/fr\/wp-json\/wp\/v2\/product_brand?post=10256"},{"taxonomy":"product_cat","embeddable":true,"href":"https:\/\/lda.be\/fr\/wp-json\/wp\/v2\/product_cat?post=10256"},{"taxonomy":"product_tag","embeddable":true,"href":"https:\/\/lda.be\/fr\/wp-json\/wp\/v2\/product_tag?post=10256"}],"curies":[{"name":"wp","href":"https:\/\/api.w.org\/{rel}","templated":true}]}}