{"id":10281,"date":"2025-07-31T10:41:49","date_gmt":"2025-07-31T09:41:49","guid":{"rendered":"https:\/\/lda.be\/?post_type=product&#038;p=10281"},"modified":"2025-07-31T11:21:44","modified_gmt":"2025-07-31T10:21:44","slug":"raccord-en-y-connecteurs-m8-m12","status":"publish","type":"product","link":"https:\/\/lda.be\/fr\/produit\/raccord-en-y-connecteurs-m8-m12\/","title":{"rendered":"Raccord en Y Connecteurs M8\/M12"},"content":{"rendered":"<p>Les connecteurs M8\/M12 de la raccord Y d&#8217;Omal offrent une solution pratique pour la r\u00e9partition des signaux ou des lignes d&#8217;alimentation dans les applications d&#8217;automatisation. Gr\u00e2ce \u00e0 leur forme compacte en Y, plusieurs appareils peuvent \u00eatre facilement connect\u00e9s en parall\u00e8le. Gagnez du temps lors de l&#8217;installation et simplifiez la gestion des c\u00e2bles.<\/p>\n<p>Le bo\u00eetier est fabriqu\u00e9 en r\u00e9sine PA ignifuge (V0) et les contacts CuZn plaqu\u00e9s or garantissent une connexion stable et durable. Les connecteurs sont dot\u00e9s d&#8217;un indice de protection IP67, ce qui les rend extr\u00eamement r\u00e9sistants \u00e0 l&#8217;humidit\u00e9, \u00e0 la poussi\u00e8re et \u00e0 l&#8217;immersion temporaire.<\/p>\n<p>Mod\u00e8les disponibles :<\/p>\n<ul>\n<li>Y5MFF \u2013 Connecteur m\u00e2le vers deux connecteurs femelles<\/li>\n<li>Y5FMF \u2013 Connecteur femelle vers deux connecteurs m\u00e2les<\/li>\n<li>Y5MFFAB \/ Y4F8MF23 \u2013 versions sp\u00e9ciales (sur demande)<\/li>\n<\/ul>\n","protected":false},"excerpt":{"rendered":"<p>Les connecteurs M8\/M12 de la raccord Y d&#8217;Omal offrent une solution pratique pour la r\u00e9partition des signaux ou des lignes d&#8217;alimentation dans les applications d&#8217;automatisation. Gr\u00e2ce \u00e0 leur forme compacte en Y, plusieurs appareils peuvent \u00eatre facilement connect\u00e9s en parall\u00e8le. Gagnez du temps lors de l&#8217;installation et simplifiez la gestion des c\u00e2bles. Le bo\u00eetier est [&hellip;]<\/p>\n","protected":false},"featured_media":10276,"comment_status":"closed","ping_status":"closed","template":"","meta":[],"product_brand":[1609],"product_cat":[818,828,1616,1613],"product_tag":[],"class_list":{"0":"post-10281","1":"product","2":"type-product","3":"status-publish","4":"has-post-thumbnail","6":"product_brand-omal","7":"product_cat-connecteurs-et-cables","8":"product_cat-connecteurs","9":"product_cat-m12-connecteurs","10":"product_cat-m8-connecteurs","12":"first","13":"instock","14":"shipping-taxable","15":"product-type-simple"},"yoast_head":"<!-- This site is optimized with the Yoast SEO plugin v27.3 - https:\/\/yoast.com\/product\/yoast-seo-wordpress\/ -->\n<title>Raccord en Y Connecteurs M8\/M12 - LDA Belgique<\/title>\n<meta name=\"description\" content=\"Raccords en Y Connecteurs M8\/M12 Omal est disponible en diff\u00e9rentes combinaisons de connecteurs M8\/M12, m\u00e2les ou femelles. Contactez LDA Belgique.\" \/>\n<meta name=\"robots\" content=\"index, follow, max-snippet:-1, max-image-preview:large, max-video-preview:-1\" \/>\n<link rel=\"canonical\" href=\"https:\/\/lda.be\/fr\/produit\/raccord-en-y-connecteurs-m8-m12\/\" \/>\n<meta property=\"og:locale\" content=\"fr_FR\" \/>\n<meta property=\"og:type\" content=\"article\" \/>\n<meta property=\"og:title\" content=\"Raccord en Y Connecteurs M8\/M12 - LDA Belgique\" \/>\n<meta property=\"og:description\" content=\"Raccords en Y Connecteurs M8\/M12 Omal est disponible en diff\u00e9rentes combinaisons de connecteurs M8\/M12, m\u00e2les ou femelles. Contactez LDA Belgique.\" \/>\n<meta property=\"og:url\" content=\"https:\/\/lda.be\/fr\/produit\/raccord-en-y-connecteurs-m8-m12\/\" \/>\n<meta property=\"og:site_name\" content=\"LDA Belgique\" \/>\n<meta property=\"article:modified_time\" content=\"2025-07-31T10:21:44+00:00\" \/>\n<meta property=\"og:image\" content=\"https:\/\/lda.be\/wp-content\/uploads\/2025\/07\/Y-couplers.webp\" \/>\n\t<meta property=\"og:image:width\" content=\"800\" \/>\n\t<meta property=\"og:image:height\" content=\"800\" \/>\n\t<meta property=\"og:image:type\" content=\"image\/webp\" \/>\n<meta name=\"twitter:card\" content=\"summary_large_image\" \/>\n<meta name=\"twitter:label1\" content=\"Dur\u00e9e de lecture estim\u00e9e\" \/>\n\t<meta name=\"twitter:data1\" content=\"1 minute\" \/>\n<script type=\"application\/ld+json\" class=\"yoast-schema-graph\">{\"@context\":\"https:\\\/\\\/schema.org\",\"@graph\":[{\"@type\":\"WebPage\",\"@id\":\"https:\\\/\\\/lda.be\\\/fr\\\/produit\\\/raccord-en-y-connecteurs-m8-m12\\\/\",\"url\":\"https:\\\/\\\/lda.be\\\/fr\\\/produit\\\/raccord-en-y-connecteurs-m8-m12\\\/\",\"name\":\"Raccord en Y Connecteurs M8\\\/M12 - LDA Belgique\",\"isPartOf\":{\"@id\":\"https:\\\/\\\/lda.be\\\/fr\\\/#website\"},\"primaryImageOfPage\":{\"@id\":\"https:\\\/\\\/lda.be\\\/fr\\\/produit\\\/raccord-en-y-connecteurs-m8-m12\\\/#primaryimage\"},\"image\":{\"@id\":\"https:\\\/\\\/lda.be\\\/fr\\\/produit\\\/raccord-en-y-connecteurs-m8-m12\\\/#primaryimage\"},\"thumbnailUrl\":\"https:\\\/\\\/lda.be\\\/wp-content\\\/uploads\\\/2025\\\/07\\\/Y-couplers.webp\",\"datePublished\":\"2025-07-31T09:41:49+00:00\",\"dateModified\":\"2025-07-31T10:21:44+00:00\",\"description\":\"Raccords en Y Connecteurs M8\\\/M12 Omal est disponible en diff\u00e9rentes combinaisons de connecteurs M8\\\/M12, m\u00e2les ou femelles. Contactez LDA Belgique.\",\"breadcrumb\":{\"@id\":\"https:\\\/\\\/lda.be\\\/fr\\\/produit\\\/raccord-en-y-connecteurs-m8-m12\\\/#breadcrumb\"},\"inLanguage\":\"fr-FR\",\"potentialAction\":[{\"@type\":\"ReadAction\",\"target\":[\"https:\\\/\\\/lda.be\\\/fr\\\/produit\\\/raccord-en-y-connecteurs-m8-m12\\\/\"]}]},{\"@type\":\"ImageObject\",\"inLanguage\":\"fr-FR\",\"@id\":\"https:\\\/\\\/lda.be\\\/fr\\\/produit\\\/raccord-en-y-connecteurs-m8-m12\\\/#primaryimage\",\"url\":\"https:\\\/\\\/lda.be\\\/wp-content\\\/uploads\\\/2025\\\/07\\\/Y-couplers.webp\",\"contentUrl\":\"https:\\\/\\\/lda.be\\\/wp-content\\\/uploads\\\/2025\\\/07\\\/Y-couplers.webp\",\"width\":800,\"height\":800,\"caption\":\"Y koppeling M8\\\/M12-connectoren\"},{\"@type\":\"BreadcrumbList\",\"@id\":\"https:\\\/\\\/lda.be\\\/fr\\\/produit\\\/raccord-en-y-connecteurs-m8-m12\\\/#breadcrumb\",\"itemListElement\":[{\"@type\":\"ListItem\",\"position\":1,\"name\":\"Accueil\",\"item\":\"https:\\\/\\\/lda.be\\\/fr\\\/\"},{\"@type\":\"ListItem\",\"position\":2,\"name\":\"Produits\",\"item\":\"https:\\\/\\\/lda.be\\\/fr\\\/produits\\\/\"},{\"@type\":\"ListItem\",\"position\":3,\"name\":\"Raccord en Y Connecteurs M8\\\/M12\"}]},{\"@type\":\"WebSite\",\"@id\":\"https:\\\/\\\/lda.be\\\/fr\\\/#website\",\"url\":\"https:\\\/\\\/lda.be\\\/fr\\\/\",\"name\":\"LDA Belgium\",\"description\":\"Solutions For Life\",\"publisher\":{\"@id\":\"https:\\\/\\\/lda.be\\\/fr\\\/#organization\"},\"potentialAction\":[{\"@type\":\"SearchAction\",\"target\":{\"@type\":\"EntryPoint\",\"urlTemplate\":\"https:\\\/\\\/lda.be\\\/fr\\\/?s={search_term_string}\"},\"query-input\":{\"@type\":\"PropertyValueSpecification\",\"valueRequired\":true,\"valueName\":\"search_term_string\"}}],\"inLanguage\":\"fr-FR\"},{\"@type\":\"Organization\",\"@id\":\"https:\\\/\\\/lda.be\\\/fr\\\/#organization\",\"name\":\"LDA Belgium\",\"url\":\"https:\\\/\\\/lda.be\\\/fr\\\/\",\"logo\":{\"@type\":\"ImageObject\",\"inLanguage\":\"fr-FR\",\"@id\":\"https:\\\/\\\/lda.be\\\/fr\\\/#\\\/schema\\\/logo\\\/image\\\/\",\"url\":\"https:\\\/\\\/lda.be\\\/wp-content\\\/uploads\\\/2022\\\/07\\\/Logo-LDA.webp\",\"contentUrl\":\"https:\\\/\\\/lda.be\\\/wp-content\\\/uploads\\\/2022\\\/07\\\/Logo-LDA.webp\",\"width\":311,\"height\":101,\"caption\":\"LDA Belgium\"},\"image\":{\"@id\":\"https:\\\/\\\/lda.be\\\/fr\\\/#\\\/schema\\\/logo\\\/image\\\/\"},\"sameAs\":[\"https:\\\/\\\/www.linkedin.com\\\/company\\\/lda-belgium-nv\"]}]}<\/script>\n<!-- \/ Yoast SEO plugin. -->","yoast_head_json":{"title":"Raccord en Y Connecteurs M8\/M12 - LDA Belgique","description":"Raccords en Y Connecteurs M8\/M12 Omal est disponible en diff\u00e9rentes combinaisons de connecteurs M8\/M12, m\u00e2les ou femelles. Contactez LDA Belgique.","robots":{"index":"index","follow":"follow","max-snippet":"max-snippet:-1","max-image-preview":"max-image-preview:large","max-video-preview":"max-video-preview:-1"},"canonical":"https:\/\/lda.be\/fr\/produit\/raccord-en-y-connecteurs-m8-m12\/","og_locale":"fr_FR","og_type":"article","og_title":"Raccord en Y Connecteurs M8\/M12 - LDA Belgique","og_description":"Raccords en Y Connecteurs M8\/M12 Omal est disponible en diff\u00e9rentes combinaisons de connecteurs M8\/M12, m\u00e2les ou femelles. Contactez LDA Belgique.","og_url":"https:\/\/lda.be\/fr\/produit\/raccord-en-y-connecteurs-m8-m12\/","og_site_name":"LDA Belgique","article_modified_time":"2025-07-31T10:21:44+00:00","og_image":[{"width":800,"height":800,"url":"https:\/\/lda.be\/wp-content\/uploads\/2025\/07\/Y-couplers.webp","type":"image\/webp"}],"twitter_card":"summary_large_image","twitter_misc":{"Dur\u00e9e de lecture estim\u00e9e":"1 minute"},"schema":{"@context":"https:\/\/schema.org","@graph":[{"@type":"WebPage","@id":"https:\/\/lda.be\/fr\/produit\/raccord-en-y-connecteurs-m8-m12\/","url":"https:\/\/lda.be\/fr\/produit\/raccord-en-y-connecteurs-m8-m12\/","name":"Raccord en Y Connecteurs M8\/M12 - LDA Belgique","isPartOf":{"@id":"https:\/\/lda.be\/fr\/#website"},"primaryImageOfPage":{"@id":"https:\/\/lda.be\/fr\/produit\/raccord-en-y-connecteurs-m8-m12\/#primaryimage"},"image":{"@id":"https:\/\/lda.be\/fr\/produit\/raccord-en-y-connecteurs-m8-m12\/#primaryimage"},"thumbnailUrl":"https:\/\/lda.be\/wp-content\/uploads\/2025\/07\/Y-couplers.webp","datePublished":"2025-07-31T09:41:49+00:00","dateModified":"2025-07-31T10:21:44+00:00","description":"Raccords en Y Connecteurs M8\/M12 Omal est disponible en diff\u00e9rentes combinaisons de connecteurs M8\/M12, m\u00e2les ou femelles. Contactez LDA Belgique.","breadcrumb":{"@id":"https:\/\/lda.be\/fr\/produit\/raccord-en-y-connecteurs-m8-m12\/#breadcrumb"},"inLanguage":"fr-FR","potentialAction":[{"@type":"ReadAction","target":["https:\/\/lda.be\/fr\/produit\/raccord-en-y-connecteurs-m8-m12\/"]}]},{"@type":"ImageObject","inLanguage":"fr-FR","@id":"https:\/\/lda.be\/fr\/produit\/raccord-en-y-connecteurs-m8-m12\/#primaryimage","url":"https:\/\/lda.be\/wp-content\/uploads\/2025\/07\/Y-couplers.webp","contentUrl":"https:\/\/lda.be\/wp-content\/uploads\/2025\/07\/Y-couplers.webp","width":800,"height":800,"caption":"Y koppeling M8\/M12-connectoren"},{"@type":"BreadcrumbList","@id":"https:\/\/lda.be\/fr\/produit\/raccord-en-y-connecteurs-m8-m12\/#breadcrumb","itemListElement":[{"@type":"ListItem","position":1,"name":"Accueil","item":"https:\/\/lda.be\/fr\/"},{"@type":"ListItem","position":2,"name":"Produits","item":"https:\/\/lda.be\/fr\/produits\/"},{"@type":"ListItem","position":3,"name":"Raccord en Y Connecteurs M8\/M12"}]},{"@type":"WebSite","@id":"https:\/\/lda.be\/fr\/#website","url":"https:\/\/lda.be\/fr\/","name":"LDA Belgium","description":"Solutions For Life","publisher":{"@id":"https:\/\/lda.be\/fr\/#organization"},"potentialAction":[{"@type":"SearchAction","target":{"@type":"EntryPoint","urlTemplate":"https:\/\/lda.be\/fr\/?s={search_term_string}"},"query-input":{"@type":"PropertyValueSpecification","valueRequired":true,"valueName":"search_term_string"}}],"inLanguage":"fr-FR"},{"@type":"Organization","@id":"https:\/\/lda.be\/fr\/#organization","name":"LDA Belgium","url":"https:\/\/lda.be\/fr\/","logo":{"@type":"ImageObject","inLanguage":"fr-FR","@id":"https:\/\/lda.be\/fr\/#\/schema\/logo\/image\/","url":"https:\/\/lda.be\/wp-content\/uploads\/2022\/07\/Logo-LDA.webp","contentUrl":"https:\/\/lda.be\/wp-content\/uploads\/2022\/07\/Logo-LDA.webp","width":311,"height":101,"caption":"LDA Belgium"},"image":{"@id":"https:\/\/lda.be\/fr\/#\/schema\/logo\/image\/"},"sameAs":["https:\/\/www.linkedin.com\/company\/lda-belgium-nv"]}]}},"_links":{"self":[{"href":"https:\/\/lda.be\/fr\/wp-json\/wp\/v2\/product\/10281","targetHints":{"allow":["GET"]}}],"collection":[{"href":"https:\/\/lda.be\/fr\/wp-json\/wp\/v2\/product"}],"about":[{"href":"https:\/\/lda.be\/fr\/wp-json\/wp\/v2\/types\/product"}],"replies":[{"embeddable":true,"href":"https:\/\/lda.be\/fr\/wp-json\/wp\/v2\/comments?post=10281"}],"wp:featuredmedia":[{"embeddable":true,"href":"https:\/\/lda.be\/fr\/wp-json\/wp\/v2\/media\/10276"}],"wp:attachment":[{"href":"https:\/\/lda.be\/fr\/wp-json\/wp\/v2\/media?parent=10281"}],"wp:term":[{"taxonomy":"product_brand","embeddable":true,"href":"https:\/\/lda.be\/fr\/wp-json\/wp\/v2\/product_brand?post=10281"},{"taxonomy":"product_cat","embeddable":true,"href":"https:\/\/lda.be\/fr\/wp-json\/wp\/v2\/product_cat?post=10281"},{"taxonomy":"product_tag","embeddable":true,"href":"https:\/\/lda.be\/fr\/wp-json\/wp\/v2\/product_tag?post=10281"}],"curies":[{"name":"wp","href":"https:\/\/api.w.org\/{rel}","templated":true}]}}