{"id":10297,"date":"2025-07-31T12:55:31","date_gmt":"2025-07-31T11:55:31","guid":{"rendered":"https:\/\/lda.be\/?post_type=product&#038;p=10297"},"modified":"2025-07-31T13:22:47","modified_gmt":"2025-07-31T12:22:47","slug":"raccord-en-t-m8-m12","status":"publish","type":"product","link":"https:\/\/lda.be\/fr\/produit\/raccord-en-t-m8-m12\/","title":{"rendered":"Raccord en T M8 &#8211; M12"},"content":{"rendered":"<p>Les Raccords en T M8 &#8211; M12 Omal sont con\u00e7us pour faciliter la division des signaux ou du courant dans les applications industrielles, o\u00f9 la fiabilit\u00e9, la compacit\u00e9 et la facilit\u00e9 d&#8217;installation sont essentielles. Ces composants sont id\u00e9aux pour une utilisation dans les syst\u00e8mes d&#8217;automatisation, les r\u00e9seaux de capteurs et le contr\u00f4le des machines.<\/p>\n<p>Le bo\u00eetier des connecteurs en T est fabriqu\u00e9 en polyamide auto-extinguible (PA V0), ce qui les rend r\u00e9sistants aux temp\u00e9ratures \u00e9lev\u00e9es et aux contraintes m\u00e9caniques. Leur indice de protection IP67 les rend adapt\u00e9s \u00e0 une utilisation dans des environnements exigeants, expos\u00e9s \u00e0 la poussi\u00e8re, \u00e0 l&#8217;humidit\u00e9 ou \u00e0 une immersion temporaire.<\/p>\n<p>Mod\u00e8les disponibles :<\/p>\n<ul>\n<li>T5FFM \/ T5FFMG \u2013 Femelle-Femelle-M\u00e2le<\/li>\n<li>TM8 \/ TM12 \u2013 Bo\u00eetier M8 ou M12<\/li>\n<li>Disponible en configurations \u00e0 3, 4 ou 5 broches<\/li>\n<li>\u00c9galement disponible avec des composants en acier inoxydable AISI 316 sur demande<\/li>\n<\/ul>\n<p>Ces connecteurs sont fournis avec un code couleur clair (1 = marron, 3 = bleu, 4 = noir) pour faciliter l&#8217;installation. D&#8217;autres configurations de broches ou des bo\u00eetiers sp\u00e9ciaux sont disponibles sur demande.<\/p>\n","protected":false},"excerpt":{"rendered":"<p>Les Raccords en T M8 &#8211; M12 Omal sont con\u00e7us pour faciliter la division des signaux ou du courant dans les applications industrielles, o\u00f9 la fiabilit\u00e9, la compacit\u00e9 et la facilit\u00e9 d&#8217;installation sont essentielles. Ces composants sont id\u00e9aux pour une utilisation dans les syst\u00e8mes d&#8217;automatisation, les r\u00e9seaux de capteurs et le contr\u00f4le des machines. Le [&hellip;]<\/p>\n","protected":false},"featured_media":10295,"comment_status":"closed","ping_status":"closed","template":"","meta":[],"product_brand":[1609],"product_cat":[818,828,1616,1613],"product_tag":[],"class_list":{"0":"post-10297","1":"product","2":"type-product","3":"status-publish","4":"has-post-thumbnail","6":"product_brand-omal","7":"product_cat-connecteurs-et-cables","8":"product_cat-connecteurs","9":"product_cat-m12-connecteurs","10":"product_cat-m8-connecteurs","12":"first","13":"instock","14":"shipping-taxable","15":"product-type-simple"},"yoast_head":"<!-- This site is optimized with the Yoast SEO plugin v27.3 - https:\/\/yoast.com\/product\/yoast-seo-wordpress\/ -->\n<title>Raccord en T M8 - M12 - LDA Belgique<\/title>\n<meta name=\"description\" content=\"Raccord en T M8 - M12. Distributeurs fiables avec protection IP67, contacts plaqu\u00e9s or et jusqu&#039;\u00e0 5 p\u00f4les. Parfaits pour la distribution de signaux industriels.\" \/>\n<meta name=\"robots\" content=\"index, follow, max-snippet:-1, max-image-preview:large, max-video-preview:-1\" \/>\n<link rel=\"canonical\" href=\"https:\/\/lda.be\/fr\/produit\/raccord-en-t-m8-m12\/\" \/>\n<meta property=\"og:locale\" content=\"fr_FR\" \/>\n<meta property=\"og:type\" content=\"article\" \/>\n<meta property=\"og:title\" content=\"Raccord en T M8 - M12 - LDA Belgique\" \/>\n<meta property=\"og:description\" content=\"Raccord en T M8 - M12. Distributeurs fiables avec protection IP67, contacts plaqu\u00e9s or et jusqu&#039;\u00e0 5 p\u00f4les. Parfaits pour la distribution de signaux industriels.\" \/>\n<meta property=\"og:url\" content=\"https:\/\/lda.be\/fr\/produit\/raccord-en-t-m8-m12\/\" \/>\n<meta property=\"og:site_name\" content=\"LDA Belgique\" \/>\n<meta property=\"article:modified_time\" content=\"2025-07-31T12:22:47+00:00\" \/>\n<meta property=\"og:image\" content=\"https:\/\/lda.be\/wp-content\/uploads\/2025\/07\/t-couplers.webp\" \/>\n\t<meta property=\"og:image:width\" content=\"800\" \/>\n\t<meta property=\"og:image:height\" content=\"800\" \/>\n\t<meta property=\"og:image:type\" content=\"image\/webp\" \/>\n<meta name=\"twitter:card\" content=\"summary_large_image\" \/>\n<meta name=\"twitter:label1\" content=\"Dur\u00e9e de lecture estim\u00e9e\" \/>\n\t<meta name=\"twitter:data1\" content=\"2 minutes\" \/>\n<script type=\"application\/ld+json\" class=\"yoast-schema-graph\">{\"@context\":\"https:\\\/\\\/schema.org\",\"@graph\":[{\"@type\":\"WebPage\",\"@id\":\"https:\\\/\\\/lda.be\\\/fr\\\/produit\\\/raccord-en-t-m8-m12\\\/\",\"url\":\"https:\\\/\\\/lda.be\\\/fr\\\/produit\\\/raccord-en-t-m8-m12\\\/\",\"name\":\"Raccord en T M8 - M12 - LDA Belgique\",\"isPartOf\":{\"@id\":\"https:\\\/\\\/lda.be\\\/fr\\\/#website\"},\"primaryImageOfPage\":{\"@id\":\"https:\\\/\\\/lda.be\\\/fr\\\/produit\\\/raccord-en-t-m8-m12\\\/#primaryimage\"},\"image\":{\"@id\":\"https:\\\/\\\/lda.be\\\/fr\\\/produit\\\/raccord-en-t-m8-m12\\\/#primaryimage\"},\"thumbnailUrl\":\"https:\\\/\\\/lda.be\\\/wp-content\\\/uploads\\\/2025\\\/07\\\/t-couplers.webp\",\"datePublished\":\"2025-07-31T11:55:31+00:00\",\"dateModified\":\"2025-07-31T12:22:47+00:00\",\"description\":\"Raccord en T M8 - M12. Distributeurs fiables avec protection IP67, contacts plaqu\u00e9s or et jusqu'\u00e0 5 p\u00f4les. Parfaits pour la distribution de signaux industriels.\",\"breadcrumb\":{\"@id\":\"https:\\\/\\\/lda.be\\\/fr\\\/produit\\\/raccord-en-t-m8-m12\\\/#breadcrumb\"},\"inLanguage\":\"fr-FR\",\"potentialAction\":[{\"@type\":\"ReadAction\",\"target\":[\"https:\\\/\\\/lda.be\\\/fr\\\/produit\\\/raccord-en-t-m8-m12\\\/\"]}]},{\"@type\":\"ImageObject\",\"inLanguage\":\"fr-FR\",\"@id\":\"https:\\\/\\\/lda.be\\\/fr\\\/produit\\\/raccord-en-t-m8-m12\\\/#primaryimage\",\"url\":\"https:\\\/\\\/lda.be\\\/wp-content\\\/uploads\\\/2025\\\/07\\\/t-couplers.webp\",\"contentUrl\":\"https:\\\/\\\/lda.be\\\/wp-content\\\/uploads\\\/2025\\\/07\\\/t-couplers.webp\",\"width\":800,\"height\":800,\"caption\":\"T Koppeling M8 - M12\"},{\"@type\":\"BreadcrumbList\",\"@id\":\"https:\\\/\\\/lda.be\\\/fr\\\/produit\\\/raccord-en-t-m8-m12\\\/#breadcrumb\",\"itemListElement\":[{\"@type\":\"ListItem\",\"position\":1,\"name\":\"Accueil\",\"item\":\"https:\\\/\\\/lda.be\\\/fr\\\/\"},{\"@type\":\"ListItem\",\"position\":2,\"name\":\"Produits\",\"item\":\"https:\\\/\\\/lda.be\\\/fr\\\/produits\\\/\"},{\"@type\":\"ListItem\",\"position\":3,\"name\":\"Raccord en T M8 &#8211; M12\"}]},{\"@type\":\"WebSite\",\"@id\":\"https:\\\/\\\/lda.be\\\/fr\\\/#website\",\"url\":\"https:\\\/\\\/lda.be\\\/fr\\\/\",\"name\":\"LDA Belgium\",\"description\":\"Solutions For Life\",\"publisher\":{\"@id\":\"https:\\\/\\\/lda.be\\\/fr\\\/#organization\"},\"potentialAction\":[{\"@type\":\"SearchAction\",\"target\":{\"@type\":\"EntryPoint\",\"urlTemplate\":\"https:\\\/\\\/lda.be\\\/fr\\\/?s={search_term_string}\"},\"query-input\":{\"@type\":\"PropertyValueSpecification\",\"valueRequired\":true,\"valueName\":\"search_term_string\"}}],\"inLanguage\":\"fr-FR\"},{\"@type\":\"Organization\",\"@id\":\"https:\\\/\\\/lda.be\\\/fr\\\/#organization\",\"name\":\"LDA Belgium\",\"url\":\"https:\\\/\\\/lda.be\\\/fr\\\/\",\"logo\":{\"@type\":\"ImageObject\",\"inLanguage\":\"fr-FR\",\"@id\":\"https:\\\/\\\/lda.be\\\/fr\\\/#\\\/schema\\\/logo\\\/image\\\/\",\"url\":\"https:\\\/\\\/lda.be\\\/wp-content\\\/uploads\\\/2022\\\/07\\\/Logo-LDA.webp\",\"contentUrl\":\"https:\\\/\\\/lda.be\\\/wp-content\\\/uploads\\\/2022\\\/07\\\/Logo-LDA.webp\",\"width\":311,\"height\":101,\"caption\":\"LDA Belgium\"},\"image\":{\"@id\":\"https:\\\/\\\/lda.be\\\/fr\\\/#\\\/schema\\\/logo\\\/image\\\/\"},\"sameAs\":[\"https:\\\/\\\/www.linkedin.com\\\/company\\\/lda-belgium-nv\"]}]}<\/script>\n<!-- \/ Yoast SEO plugin. -->","yoast_head_json":{"title":"Raccord en T M8 - M12 - LDA Belgique","description":"Raccord en T M8 - M12. Distributeurs fiables avec protection IP67, contacts plaqu\u00e9s or et jusqu'\u00e0 5 p\u00f4les. Parfaits pour la distribution de signaux industriels.","robots":{"index":"index","follow":"follow","max-snippet":"max-snippet:-1","max-image-preview":"max-image-preview:large","max-video-preview":"max-video-preview:-1"},"canonical":"https:\/\/lda.be\/fr\/produit\/raccord-en-t-m8-m12\/","og_locale":"fr_FR","og_type":"article","og_title":"Raccord en T M8 - M12 - LDA Belgique","og_description":"Raccord en T M8 - M12. Distributeurs fiables avec protection IP67, contacts plaqu\u00e9s or et jusqu'\u00e0 5 p\u00f4les. Parfaits pour la distribution de signaux industriels.","og_url":"https:\/\/lda.be\/fr\/produit\/raccord-en-t-m8-m12\/","og_site_name":"LDA Belgique","article_modified_time":"2025-07-31T12:22:47+00:00","og_image":[{"width":800,"height":800,"url":"https:\/\/lda.be\/wp-content\/uploads\/2025\/07\/t-couplers.webp","type":"image\/webp"}],"twitter_card":"summary_large_image","twitter_misc":{"Dur\u00e9e de lecture estim\u00e9e":"2 minutes"},"schema":{"@context":"https:\/\/schema.org","@graph":[{"@type":"WebPage","@id":"https:\/\/lda.be\/fr\/produit\/raccord-en-t-m8-m12\/","url":"https:\/\/lda.be\/fr\/produit\/raccord-en-t-m8-m12\/","name":"Raccord en T M8 - M12 - LDA Belgique","isPartOf":{"@id":"https:\/\/lda.be\/fr\/#website"},"primaryImageOfPage":{"@id":"https:\/\/lda.be\/fr\/produit\/raccord-en-t-m8-m12\/#primaryimage"},"image":{"@id":"https:\/\/lda.be\/fr\/produit\/raccord-en-t-m8-m12\/#primaryimage"},"thumbnailUrl":"https:\/\/lda.be\/wp-content\/uploads\/2025\/07\/t-couplers.webp","datePublished":"2025-07-31T11:55:31+00:00","dateModified":"2025-07-31T12:22:47+00:00","description":"Raccord en T M8 - M12. Distributeurs fiables avec protection IP67, contacts plaqu\u00e9s or et jusqu'\u00e0 5 p\u00f4les. Parfaits pour la distribution de signaux industriels.","breadcrumb":{"@id":"https:\/\/lda.be\/fr\/produit\/raccord-en-t-m8-m12\/#breadcrumb"},"inLanguage":"fr-FR","potentialAction":[{"@type":"ReadAction","target":["https:\/\/lda.be\/fr\/produit\/raccord-en-t-m8-m12\/"]}]},{"@type":"ImageObject","inLanguage":"fr-FR","@id":"https:\/\/lda.be\/fr\/produit\/raccord-en-t-m8-m12\/#primaryimage","url":"https:\/\/lda.be\/wp-content\/uploads\/2025\/07\/t-couplers.webp","contentUrl":"https:\/\/lda.be\/wp-content\/uploads\/2025\/07\/t-couplers.webp","width":800,"height":800,"caption":"T Koppeling M8 - M12"},{"@type":"BreadcrumbList","@id":"https:\/\/lda.be\/fr\/produit\/raccord-en-t-m8-m12\/#breadcrumb","itemListElement":[{"@type":"ListItem","position":1,"name":"Accueil","item":"https:\/\/lda.be\/fr\/"},{"@type":"ListItem","position":2,"name":"Produits","item":"https:\/\/lda.be\/fr\/produits\/"},{"@type":"ListItem","position":3,"name":"Raccord en T M8 &#8211; M12"}]},{"@type":"WebSite","@id":"https:\/\/lda.be\/fr\/#website","url":"https:\/\/lda.be\/fr\/","name":"LDA Belgium","description":"Solutions For Life","publisher":{"@id":"https:\/\/lda.be\/fr\/#organization"},"potentialAction":[{"@type":"SearchAction","target":{"@type":"EntryPoint","urlTemplate":"https:\/\/lda.be\/fr\/?s={search_term_string}"},"query-input":{"@type":"PropertyValueSpecification","valueRequired":true,"valueName":"search_term_string"}}],"inLanguage":"fr-FR"},{"@type":"Organization","@id":"https:\/\/lda.be\/fr\/#organization","name":"LDA Belgium","url":"https:\/\/lda.be\/fr\/","logo":{"@type":"ImageObject","inLanguage":"fr-FR","@id":"https:\/\/lda.be\/fr\/#\/schema\/logo\/image\/","url":"https:\/\/lda.be\/wp-content\/uploads\/2022\/07\/Logo-LDA.webp","contentUrl":"https:\/\/lda.be\/wp-content\/uploads\/2022\/07\/Logo-LDA.webp","width":311,"height":101,"caption":"LDA Belgium"},"image":{"@id":"https:\/\/lda.be\/fr\/#\/schema\/logo\/image\/"},"sameAs":["https:\/\/www.linkedin.com\/company\/lda-belgium-nv"]}]}},"_links":{"self":[{"href":"https:\/\/lda.be\/fr\/wp-json\/wp\/v2\/product\/10297","targetHints":{"allow":["GET"]}}],"collection":[{"href":"https:\/\/lda.be\/fr\/wp-json\/wp\/v2\/product"}],"about":[{"href":"https:\/\/lda.be\/fr\/wp-json\/wp\/v2\/types\/product"}],"replies":[{"embeddable":true,"href":"https:\/\/lda.be\/fr\/wp-json\/wp\/v2\/comments?post=10297"}],"wp:featuredmedia":[{"embeddable":true,"href":"https:\/\/lda.be\/fr\/wp-json\/wp\/v2\/media\/10295"}],"wp:attachment":[{"href":"https:\/\/lda.be\/fr\/wp-json\/wp\/v2\/media?parent=10297"}],"wp:term":[{"taxonomy":"product_brand","embeddable":true,"href":"https:\/\/lda.be\/fr\/wp-json\/wp\/v2\/product_brand?post=10297"},{"taxonomy":"product_cat","embeddable":true,"href":"https:\/\/lda.be\/fr\/wp-json\/wp\/v2\/product_cat?post=10297"},{"taxonomy":"product_tag","embeddable":true,"href":"https:\/\/lda.be\/fr\/wp-json\/wp\/v2\/product_tag?post=10297"}],"curies":[{"name":"wp","href":"https:\/\/api.w.org\/{rel}","templated":true}]}}