{"id":10306,"date":"2025-07-31T15:14:00","date_gmt":"2025-07-31T14:14:00","guid":{"rendered":"https:\/\/lda.be\/?post_type=product&#038;p=10306"},"modified":"2025-07-31T15:53:25","modified_gmt":"2025-07-31T14:53:25","slug":"adaptateurs-en-din-m8-ou-m12","status":"publish","type":"product","link":"https:\/\/lda.be\/fr\/produit\/adaptateurs-en-din-m8-ou-m12\/","title":{"rendered":"Adaptateurs EN DIN &#8211; M8 ou M12"},"content":{"rendered":"<p>Les adaptateurs EN-DIN + M8\/M12 d&#8217;Omal sont con\u00e7us pour les applications d&#8217;automatisation industrielle exigeantes. Ces composants de connexion allient qualit\u00e9 m\u00e9canique\u00a0 et fonctionnalit\u00e9 \u00e9lectronique. Compatibles avec une large gamme de capteurs, de vannes et d&#8217;actionneurs.<\/p>\n<p>Gr\u00e2ce \u00e0 leur joint int\u00e9gr\u00e9, leur bo\u00eetier ignifuge (PA V0) et leurs circuits \u00e9lectroniques optionnels tels que varistances, diodes et ponts redresseurs, ces adaptateurs offrent une transmission de signaux fiable et s\u00fbre dans des environnements soumis \u00e0 des contraintes \u00e9lectriques et m\u00e9caniques \u00e9lev\u00e9es.<\/p>\n<p>Les connecteurs sont disponibles en diff\u00e9rentes configurations (M8\/M12, 2 \u00e0 5 p\u00f4les) avec indication LED en plusieurs couleurs et niveaux de protection jusqu&#8217;\u00e0 IP67. Ils sont donc parfaitement adapt\u00e9s aux applications dans la construction m\u00e9canique, la pneumatique, l&#8217;hydraulique et l&#8217;automatisation des processus.<\/p>\n<p>Ils sont disponibles avec ou sans \u00e9lectronique int\u00e9gr\u00e9e et sont livr\u00e9s en standard avec un joint int\u00e9gr\u00e9 (IP65 ou IP67 selon EN 60529), ce qui les rend adapt\u00e9s aux environnements industriels. Les mat\u00e9riaux de contact sont en CuZn avec une finition argent\u00e9e ou dor\u00e9e, pour une excellente conductivit\u00e9 et une dur\u00e9e de vie plus longue.<\/p>\n","protected":false},"excerpt":{"rendered":"<p>Les adaptateurs EN-DIN + M8\/M12 d&#8217;Omal sont con\u00e7us pour les applications d&#8217;automatisation industrielle exigeantes. Ces composants de connexion allient qualit\u00e9 m\u00e9canique\u00a0 et fonctionnalit\u00e9 \u00e9lectronique. Compatibles avec une large gamme de capteurs, de vannes et d&#8217;actionneurs. Gr\u00e2ce \u00e0 leur joint int\u00e9gr\u00e9, leur bo\u00eetier ignifuge (PA V0) et leurs circuits \u00e9lectroniques optionnels tels que varistances, diodes et [&hellip;]<\/p>\n","protected":false},"featured_media":10301,"comment_status":"closed","ping_status":"closed","template":"","meta":[],"product_brand":[1609],"product_cat":[818,828,1608],"product_tag":[],"class_list":{"0":"post-10306","1":"product","2":"type-product","3":"status-publish","4":"has-post-thumbnail","6":"product_brand-omal","7":"product_cat-connecteurs-et-cables","8":"product_cat-connecteurs","9":"product_cat-connecteurs-industriels-de-type-a-b-c-et-micro","11":"first","12":"instock","13":"shipping-taxable","14":"product-type-simple"},"yoast_head":"<!-- This site is optimized with the Yoast SEO plugin v27.3 - https:\/\/yoast.com\/product\/yoast-seo-wordpress\/ -->\n<title>Adaptateurs EN DIN - M8 ou M12 - LDA Belgique<\/title>\n<meta name=\"description\" content=\"Adaptateurs EN-DIN + M8\/M12 d&#039;Omal \u2013 disponibles chez LDA Belgique. Connecteurs industriels avec joint int\u00e9gr\u00e9, protection \u00e9lectronique\" \/>\n<meta name=\"robots\" content=\"index, follow, max-snippet:-1, max-image-preview:large, max-video-preview:-1\" \/>\n<link rel=\"canonical\" href=\"https:\/\/lda.be\/fr\/produit\/adaptateurs-en-din-m8-ou-m12\/\" \/>\n<meta property=\"og:locale\" content=\"fr_FR\" \/>\n<meta property=\"og:type\" content=\"article\" \/>\n<meta property=\"og:title\" content=\"Adaptateurs EN DIN - M8 ou M12 - LDA Belgique\" \/>\n<meta property=\"og:description\" content=\"Adaptateurs EN-DIN + M8\/M12 d&#039;Omal \u2013 disponibles chez LDA Belgique. Connecteurs industriels avec joint int\u00e9gr\u00e9, protection \u00e9lectronique\" \/>\n<meta property=\"og:url\" content=\"https:\/\/lda.be\/fr\/produit\/adaptateurs-en-din-m8-ou-m12\/\" \/>\n<meta property=\"og:site_name\" content=\"LDA Belgique\" \/>\n<meta property=\"article:modified_time\" content=\"2025-07-31T14:53:25+00:00\" \/>\n<meta property=\"og:image\" content=\"https:\/\/lda.be\/wp-content\/uploads\/2025\/07\/DIN-connectors.webp\" \/>\n\t<meta property=\"og:image:width\" content=\"800\" \/>\n\t<meta property=\"og:image:height\" content=\"800\" \/>\n\t<meta property=\"og:image:type\" content=\"image\/webp\" \/>\n<meta name=\"twitter:card\" content=\"summary_large_image\" \/>\n<meta name=\"twitter:label1\" content=\"Dur\u00e9e de lecture estim\u00e9e\" \/>\n\t<meta name=\"twitter:data1\" content=\"2 minutes\" \/>\n<script type=\"application\/ld+json\" class=\"yoast-schema-graph\">{\"@context\":\"https:\\\/\\\/schema.org\",\"@graph\":[{\"@type\":\"WebPage\",\"@id\":\"https:\\\/\\\/lda.be\\\/fr\\\/produit\\\/adaptateurs-en-din-m8-ou-m12\\\/\",\"url\":\"https:\\\/\\\/lda.be\\\/fr\\\/produit\\\/adaptateurs-en-din-m8-ou-m12\\\/\",\"name\":\"Adaptateurs EN DIN - M8 ou M12 - LDA Belgique\",\"isPartOf\":{\"@id\":\"https:\\\/\\\/lda.be\\\/fr\\\/#website\"},\"primaryImageOfPage\":{\"@id\":\"https:\\\/\\\/lda.be\\\/fr\\\/produit\\\/adaptateurs-en-din-m8-ou-m12\\\/#primaryimage\"},\"image\":{\"@id\":\"https:\\\/\\\/lda.be\\\/fr\\\/produit\\\/adaptateurs-en-din-m8-ou-m12\\\/#primaryimage\"},\"thumbnailUrl\":\"https:\\\/\\\/lda.be\\\/wp-content\\\/uploads\\\/2025\\\/07\\\/DIN-connectors.webp\",\"datePublished\":\"2025-07-31T14:14:00+00:00\",\"dateModified\":\"2025-07-31T14:53:25+00:00\",\"description\":\"Adaptateurs EN-DIN + M8\\\/M12 d'Omal \u2013 disponibles chez LDA Belgique. Connecteurs industriels avec joint int\u00e9gr\u00e9, protection \u00e9lectronique\",\"breadcrumb\":{\"@id\":\"https:\\\/\\\/lda.be\\\/fr\\\/produit\\\/adaptateurs-en-din-m8-ou-m12\\\/#breadcrumb\"},\"inLanguage\":\"fr-FR\",\"potentialAction\":[{\"@type\":\"ReadAction\",\"target\":[\"https:\\\/\\\/lda.be\\\/fr\\\/produit\\\/adaptateurs-en-din-m8-ou-m12\\\/\"]}]},{\"@type\":\"ImageObject\",\"inLanguage\":\"fr-FR\",\"@id\":\"https:\\\/\\\/lda.be\\\/fr\\\/produit\\\/adaptateurs-en-din-m8-ou-m12\\\/#primaryimage\",\"url\":\"https:\\\/\\\/lda.be\\\/wp-content\\\/uploads\\\/2025\\\/07\\\/DIN-connectors.webp\",\"contentUrl\":\"https:\\\/\\\/lda.be\\\/wp-content\\\/uploads\\\/2025\\\/07\\\/DIN-connectors.webp\",\"width\":800,\"height\":800,\"caption\":\"DIN adapters M8 - M12\"},{\"@type\":\"BreadcrumbList\",\"@id\":\"https:\\\/\\\/lda.be\\\/fr\\\/produit\\\/adaptateurs-en-din-m8-ou-m12\\\/#breadcrumb\",\"itemListElement\":[{\"@type\":\"ListItem\",\"position\":1,\"name\":\"Accueil\",\"item\":\"https:\\\/\\\/lda.be\\\/fr\\\/\"},{\"@type\":\"ListItem\",\"position\":2,\"name\":\"Produits\",\"item\":\"https:\\\/\\\/lda.be\\\/fr\\\/produits\\\/\"},{\"@type\":\"ListItem\",\"position\":3,\"name\":\"Adaptateurs EN DIN &#8211; M8 ou M12\"}]},{\"@type\":\"WebSite\",\"@id\":\"https:\\\/\\\/lda.be\\\/fr\\\/#website\",\"url\":\"https:\\\/\\\/lda.be\\\/fr\\\/\",\"name\":\"LDA Belgium\",\"description\":\"Solutions For Life\",\"publisher\":{\"@id\":\"https:\\\/\\\/lda.be\\\/fr\\\/#organization\"},\"potentialAction\":[{\"@type\":\"SearchAction\",\"target\":{\"@type\":\"EntryPoint\",\"urlTemplate\":\"https:\\\/\\\/lda.be\\\/fr\\\/?s={search_term_string}\"},\"query-input\":{\"@type\":\"PropertyValueSpecification\",\"valueRequired\":true,\"valueName\":\"search_term_string\"}}],\"inLanguage\":\"fr-FR\"},{\"@type\":\"Organization\",\"@id\":\"https:\\\/\\\/lda.be\\\/fr\\\/#organization\",\"name\":\"LDA Belgium\",\"url\":\"https:\\\/\\\/lda.be\\\/fr\\\/\",\"logo\":{\"@type\":\"ImageObject\",\"inLanguage\":\"fr-FR\",\"@id\":\"https:\\\/\\\/lda.be\\\/fr\\\/#\\\/schema\\\/logo\\\/image\\\/\",\"url\":\"https:\\\/\\\/lda.be\\\/wp-content\\\/uploads\\\/2022\\\/07\\\/Logo-LDA.webp\",\"contentUrl\":\"https:\\\/\\\/lda.be\\\/wp-content\\\/uploads\\\/2022\\\/07\\\/Logo-LDA.webp\",\"width\":311,\"height\":101,\"caption\":\"LDA Belgium\"},\"image\":{\"@id\":\"https:\\\/\\\/lda.be\\\/fr\\\/#\\\/schema\\\/logo\\\/image\\\/\"},\"sameAs\":[\"https:\\\/\\\/www.linkedin.com\\\/company\\\/lda-belgium-nv\"]}]}<\/script>\n<!-- \/ Yoast SEO plugin. -->","yoast_head_json":{"title":"Adaptateurs EN DIN - M8 ou M12 - LDA Belgique","description":"Adaptateurs EN-DIN + M8\/M12 d'Omal \u2013 disponibles chez LDA Belgique. Connecteurs industriels avec joint int\u00e9gr\u00e9, protection \u00e9lectronique","robots":{"index":"index","follow":"follow","max-snippet":"max-snippet:-1","max-image-preview":"max-image-preview:large","max-video-preview":"max-video-preview:-1"},"canonical":"https:\/\/lda.be\/fr\/produit\/adaptateurs-en-din-m8-ou-m12\/","og_locale":"fr_FR","og_type":"article","og_title":"Adaptateurs EN DIN - M8 ou M12 - LDA Belgique","og_description":"Adaptateurs EN-DIN + M8\/M12 d'Omal \u2013 disponibles chez LDA Belgique. Connecteurs industriels avec joint int\u00e9gr\u00e9, protection \u00e9lectronique","og_url":"https:\/\/lda.be\/fr\/produit\/adaptateurs-en-din-m8-ou-m12\/","og_site_name":"LDA Belgique","article_modified_time":"2025-07-31T14:53:25+00:00","og_image":[{"width":800,"height":800,"url":"https:\/\/lda.be\/wp-content\/uploads\/2025\/07\/DIN-connectors.webp","type":"image\/webp"}],"twitter_card":"summary_large_image","twitter_misc":{"Dur\u00e9e de lecture estim\u00e9e":"2 minutes"},"schema":{"@context":"https:\/\/schema.org","@graph":[{"@type":"WebPage","@id":"https:\/\/lda.be\/fr\/produit\/adaptateurs-en-din-m8-ou-m12\/","url":"https:\/\/lda.be\/fr\/produit\/adaptateurs-en-din-m8-ou-m12\/","name":"Adaptateurs EN DIN - M8 ou M12 - LDA Belgique","isPartOf":{"@id":"https:\/\/lda.be\/fr\/#website"},"primaryImageOfPage":{"@id":"https:\/\/lda.be\/fr\/produit\/adaptateurs-en-din-m8-ou-m12\/#primaryimage"},"image":{"@id":"https:\/\/lda.be\/fr\/produit\/adaptateurs-en-din-m8-ou-m12\/#primaryimage"},"thumbnailUrl":"https:\/\/lda.be\/wp-content\/uploads\/2025\/07\/DIN-connectors.webp","datePublished":"2025-07-31T14:14:00+00:00","dateModified":"2025-07-31T14:53:25+00:00","description":"Adaptateurs EN-DIN + M8\/M12 d'Omal \u2013 disponibles chez LDA Belgique. Connecteurs industriels avec joint int\u00e9gr\u00e9, protection \u00e9lectronique","breadcrumb":{"@id":"https:\/\/lda.be\/fr\/produit\/adaptateurs-en-din-m8-ou-m12\/#breadcrumb"},"inLanguage":"fr-FR","potentialAction":[{"@type":"ReadAction","target":["https:\/\/lda.be\/fr\/produit\/adaptateurs-en-din-m8-ou-m12\/"]}]},{"@type":"ImageObject","inLanguage":"fr-FR","@id":"https:\/\/lda.be\/fr\/produit\/adaptateurs-en-din-m8-ou-m12\/#primaryimage","url":"https:\/\/lda.be\/wp-content\/uploads\/2025\/07\/DIN-connectors.webp","contentUrl":"https:\/\/lda.be\/wp-content\/uploads\/2025\/07\/DIN-connectors.webp","width":800,"height":800,"caption":"DIN adapters M8 - M12"},{"@type":"BreadcrumbList","@id":"https:\/\/lda.be\/fr\/produit\/adaptateurs-en-din-m8-ou-m12\/#breadcrumb","itemListElement":[{"@type":"ListItem","position":1,"name":"Accueil","item":"https:\/\/lda.be\/fr\/"},{"@type":"ListItem","position":2,"name":"Produits","item":"https:\/\/lda.be\/fr\/produits\/"},{"@type":"ListItem","position":3,"name":"Adaptateurs EN DIN &#8211; M8 ou M12"}]},{"@type":"WebSite","@id":"https:\/\/lda.be\/fr\/#website","url":"https:\/\/lda.be\/fr\/","name":"LDA Belgium","description":"Solutions For Life","publisher":{"@id":"https:\/\/lda.be\/fr\/#organization"},"potentialAction":[{"@type":"SearchAction","target":{"@type":"EntryPoint","urlTemplate":"https:\/\/lda.be\/fr\/?s={search_term_string}"},"query-input":{"@type":"PropertyValueSpecification","valueRequired":true,"valueName":"search_term_string"}}],"inLanguage":"fr-FR"},{"@type":"Organization","@id":"https:\/\/lda.be\/fr\/#organization","name":"LDA Belgium","url":"https:\/\/lda.be\/fr\/","logo":{"@type":"ImageObject","inLanguage":"fr-FR","@id":"https:\/\/lda.be\/fr\/#\/schema\/logo\/image\/","url":"https:\/\/lda.be\/wp-content\/uploads\/2022\/07\/Logo-LDA.webp","contentUrl":"https:\/\/lda.be\/wp-content\/uploads\/2022\/07\/Logo-LDA.webp","width":311,"height":101,"caption":"LDA Belgium"},"image":{"@id":"https:\/\/lda.be\/fr\/#\/schema\/logo\/image\/"},"sameAs":["https:\/\/www.linkedin.com\/company\/lda-belgium-nv"]}]}},"_links":{"self":[{"href":"https:\/\/lda.be\/fr\/wp-json\/wp\/v2\/product\/10306","targetHints":{"allow":["GET"]}}],"collection":[{"href":"https:\/\/lda.be\/fr\/wp-json\/wp\/v2\/product"}],"about":[{"href":"https:\/\/lda.be\/fr\/wp-json\/wp\/v2\/types\/product"}],"replies":[{"embeddable":true,"href":"https:\/\/lda.be\/fr\/wp-json\/wp\/v2\/comments?post=10306"}],"wp:featuredmedia":[{"embeddable":true,"href":"https:\/\/lda.be\/fr\/wp-json\/wp\/v2\/media\/10301"}],"wp:attachment":[{"href":"https:\/\/lda.be\/fr\/wp-json\/wp\/v2\/media?parent=10306"}],"wp:term":[{"taxonomy":"product_brand","embeddable":true,"href":"https:\/\/lda.be\/fr\/wp-json\/wp\/v2\/product_brand?post=10306"},{"taxonomy":"product_cat","embeddable":true,"href":"https:\/\/lda.be\/fr\/wp-json\/wp\/v2\/product_cat?post=10306"},{"taxonomy":"product_tag","embeddable":true,"href":"https:\/\/lda.be\/fr\/wp-json\/wp\/v2\/product_tag?post=10306"}],"curies":[{"name":"wp","href":"https:\/\/api.w.org\/{rel}","templated":true}]}}