{"id":10380,"date":"2025-08-04T11:24:17","date_gmt":"2025-08-04T10:24:17","guid":{"rendered":"https:\/\/lda.be\/?post_type=product&#038;p=10380"},"modified":"2025-08-04T12:22:07","modified_gmt":"2025-08-04T11:22:07","slug":"pressostats-a-membrane-miniatures","status":"publish","type":"product","link":"https:\/\/lda.be\/fr\/produit\/pressostats-a-membrane-miniatures\/","title":{"rendered":"Pressostats \u00e0 membrane miniatures"},"content":{"rendered":"<p>Les pressostats miniatures Euroswitch sont disponibles chez LDA. Gr\u00e2ce \u00e0 leur conception, ces pressostats sont id\u00e9aux pour une installation dans de petits appareils, des syst\u00e8mes hydrauliques ou des applications industrielles avec un espace d&#8217;installation limit\u00e9.<\/p>\n<p>Le bo\u00eetier est en laiton (autres mat\u00e9riaux sur demande) et r\u00e9siste \u00e0 des pressions de service allant jusqu&#8217;\u00e0 20 bars et \u00e0 des surpressions allant jusqu&#8217;\u00e0 50 bars. Les pressostats utilisent des contacts en argent, adapt\u00e9s \u00e0 des tensions de commutation allant jusqu&#8217;\u00e0 48 V (mod\u00e8le 25R) ou 12 V (mod\u00e8le 25D), et \u00e0 des courants de commutation allant jusqu&#8217;\u00e0 8 A.<\/p>\n<p>Les deux mod\u00e8les sont \u00e9quip\u00e9s d&#8217;un m\u00e9canisme \u00e0 action instantan\u00e9e avec une dur\u00e9e de vie de plus de 100 000 commutations, tant m\u00e9caniques qu&#8217;\u00e9lectriques. La valeur de r\u00e9glage et l&#8217;hyst\u00e9r\u00e9sis peuvent \u00eatre ajust\u00e9es en usine sur demande pour des performances optimales.<\/p>\n","protected":false},"excerpt":{"rendered":"<p>Les pressostats miniatures Euroswitch sont disponibles chez LDA. Gr\u00e2ce \u00e0 leur conception, ces pressostats sont id\u00e9aux pour une installation dans de petits appareils, des syst\u00e8mes hydrauliques ou des applications industrielles avec un espace d&#8217;installation limit\u00e9. Le bo\u00eetier est en laiton (autres mat\u00e9riaux sur demande) et r\u00e9siste \u00e0 des pressions de service allant jusqu&#8217;\u00e0 20 bars [&hellip;]<\/p>\n","protected":false},"featured_media":10370,"comment_status":"closed","ping_status":"closed","template":"","meta":[],"product_brand":[1735],"product_cat":[932,942,952],"product_tag":[],"class_list":{"0":"post-10380","1":"product","2":"type-product","3":"status-publish","4":"has-post-thumbnail","6":"product_brand-euroswitch","7":"product_cat-instrumentation-composants-atex","8":"product_cat-composants-standards","9":"product_cat-pressostats","11":"first","12":"instock","13":"shipping-taxable","14":"product-type-simple"},"yoast_head":"<!-- This site is optimized with the Yoast SEO plugin v27.3 - https:\/\/yoast.com\/product\/yoast-seo-wordpress\/ -->\n<title>Pressostats \u00e0 membrane miniatures - LDA Belgique<\/title>\n<meta name=\"description\" content=\"D\u00e9couvrez les pressostats \u00e0 membrane miniatures d&#039;Euroswitch chez LDA Belgique. Surveillance compacte de la pression pour les applications CVC, hydrauliques et industrielles.\" \/>\n<meta name=\"robots\" content=\"index, follow, max-snippet:-1, max-image-preview:large, max-video-preview:-1\" \/>\n<link rel=\"canonical\" href=\"https:\/\/lda.be\/fr\/produit\/pressostats-a-membrane-miniatures\/\" \/>\n<meta property=\"og:locale\" content=\"fr_FR\" \/>\n<meta property=\"og:type\" content=\"article\" \/>\n<meta property=\"og:title\" content=\"Pressostats \u00e0 membrane miniatures - LDA Belgique\" \/>\n<meta property=\"og:description\" content=\"D\u00e9couvrez les pressostats \u00e0 membrane miniatures d&#039;Euroswitch chez LDA Belgique. Surveillance compacte de la pression pour les applications CVC, hydrauliques et industrielles.\" \/>\n<meta property=\"og:url\" content=\"https:\/\/lda.be\/fr\/produit\/pressostats-a-membrane-miniatures\/\" \/>\n<meta property=\"og:site_name\" content=\"LDA Belgique\" \/>\n<meta property=\"article:modified_time\" content=\"2025-08-04T11:22:07+00:00\" \/>\n<meta property=\"og:image\" content=\"https:\/\/lda.be\/wp-content\/uploads\/2025\/08\/Miniaturized-pressure-switches-25-serie.webp\" \/>\n\t<meta property=\"og:image:width\" content=\"800\" \/>\n\t<meta property=\"og:image:height\" content=\"800\" \/>\n\t<meta property=\"og:image:type\" content=\"image\/webp\" \/>\n<meta name=\"twitter:card\" content=\"summary_large_image\" \/>\n<meta name=\"twitter:label1\" content=\"Dur\u00e9e de lecture estim\u00e9e\" \/>\n\t<meta name=\"twitter:data1\" content=\"1 minute\" \/>\n<script type=\"application\/ld+json\" class=\"yoast-schema-graph\">{\"@context\":\"https:\\\/\\\/schema.org\",\"@graph\":[{\"@type\":\"WebPage\",\"@id\":\"https:\\\/\\\/lda.be\\\/fr\\\/produit\\\/pressostats-a-membrane-miniatures\\\/\",\"url\":\"https:\\\/\\\/lda.be\\\/fr\\\/produit\\\/pressostats-a-membrane-miniatures\\\/\",\"name\":\"Pressostats \u00e0 membrane miniatures - LDA Belgique\",\"isPartOf\":{\"@id\":\"https:\\\/\\\/lda.be\\\/fr\\\/#website\"},\"primaryImageOfPage\":{\"@id\":\"https:\\\/\\\/lda.be\\\/fr\\\/produit\\\/pressostats-a-membrane-miniatures\\\/#primaryimage\"},\"image\":{\"@id\":\"https:\\\/\\\/lda.be\\\/fr\\\/produit\\\/pressostats-a-membrane-miniatures\\\/#primaryimage\"},\"thumbnailUrl\":\"https:\\\/\\\/lda.be\\\/wp-content\\\/uploads\\\/2025\\\/08\\\/Miniaturized-pressure-switches-25-serie.webp\",\"datePublished\":\"2025-08-04T10:24:17+00:00\",\"dateModified\":\"2025-08-04T11:22:07+00:00\",\"description\":\"D\u00e9couvrez les pressostats \u00e0 membrane miniatures d'Euroswitch chez LDA Belgique. Surveillance compacte de la pression pour les applications CVC, hydrauliques et industrielles.\",\"breadcrumb\":{\"@id\":\"https:\\\/\\\/lda.be\\\/fr\\\/produit\\\/pressostats-a-membrane-miniatures\\\/#breadcrumb\"},\"inLanguage\":\"fr-FR\",\"potentialAction\":[{\"@type\":\"ReadAction\",\"target\":[\"https:\\\/\\\/lda.be\\\/fr\\\/produit\\\/pressostats-a-membrane-miniatures\\\/\"]}]},{\"@type\":\"ImageObject\",\"inLanguage\":\"fr-FR\",\"@id\":\"https:\\\/\\\/lda.be\\\/fr\\\/produit\\\/pressostats-a-membrane-miniatures\\\/#primaryimage\",\"url\":\"https:\\\/\\\/lda.be\\\/wp-content\\\/uploads\\\/2025\\\/08\\\/Miniaturized-pressure-switches-25-serie.webp\",\"contentUrl\":\"https:\\\/\\\/lda.be\\\/wp-content\\\/uploads\\\/2025\\\/08\\\/Miniaturized-pressure-switches-25-serie.webp\",\"width\":800,\"height\":800,\"caption\":\"Miniaturized Diaphragm pressure switches from Euroswitch\"},{\"@type\":\"BreadcrumbList\",\"@id\":\"https:\\\/\\\/lda.be\\\/fr\\\/produit\\\/pressostats-a-membrane-miniatures\\\/#breadcrumb\",\"itemListElement\":[{\"@type\":\"ListItem\",\"position\":1,\"name\":\"Accueil\",\"item\":\"https:\\\/\\\/lda.be\\\/fr\\\/\"},{\"@type\":\"ListItem\",\"position\":2,\"name\":\"Produits\",\"item\":\"https:\\\/\\\/lda.be\\\/fr\\\/produits\\\/\"},{\"@type\":\"ListItem\",\"position\":3,\"name\":\"Pressostats \u00e0 membrane miniatures\"}]},{\"@type\":\"WebSite\",\"@id\":\"https:\\\/\\\/lda.be\\\/fr\\\/#website\",\"url\":\"https:\\\/\\\/lda.be\\\/fr\\\/\",\"name\":\"LDA Belgium\",\"description\":\"Solutions For Life\",\"publisher\":{\"@id\":\"https:\\\/\\\/lda.be\\\/fr\\\/#organization\"},\"potentialAction\":[{\"@type\":\"SearchAction\",\"target\":{\"@type\":\"EntryPoint\",\"urlTemplate\":\"https:\\\/\\\/lda.be\\\/fr\\\/?s={search_term_string}\"},\"query-input\":{\"@type\":\"PropertyValueSpecification\",\"valueRequired\":true,\"valueName\":\"search_term_string\"}}],\"inLanguage\":\"fr-FR\"},{\"@type\":\"Organization\",\"@id\":\"https:\\\/\\\/lda.be\\\/fr\\\/#organization\",\"name\":\"LDA Belgium\",\"url\":\"https:\\\/\\\/lda.be\\\/fr\\\/\",\"logo\":{\"@type\":\"ImageObject\",\"inLanguage\":\"fr-FR\",\"@id\":\"https:\\\/\\\/lda.be\\\/fr\\\/#\\\/schema\\\/logo\\\/image\\\/\",\"url\":\"https:\\\/\\\/lda.be\\\/wp-content\\\/uploads\\\/2022\\\/07\\\/Logo-LDA.webp\",\"contentUrl\":\"https:\\\/\\\/lda.be\\\/wp-content\\\/uploads\\\/2022\\\/07\\\/Logo-LDA.webp\",\"width\":311,\"height\":101,\"caption\":\"LDA Belgium\"},\"image\":{\"@id\":\"https:\\\/\\\/lda.be\\\/fr\\\/#\\\/schema\\\/logo\\\/image\\\/\"},\"sameAs\":[\"https:\\\/\\\/www.linkedin.com\\\/company\\\/lda-belgium-nv\"]}]}<\/script>\n<!-- \/ Yoast SEO plugin. -->","yoast_head_json":{"title":"Pressostats \u00e0 membrane miniatures - LDA Belgique","description":"D\u00e9couvrez les pressostats \u00e0 membrane miniatures d'Euroswitch chez LDA Belgique. Surveillance compacte de la pression pour les applications CVC, hydrauliques et industrielles.","robots":{"index":"index","follow":"follow","max-snippet":"max-snippet:-1","max-image-preview":"max-image-preview:large","max-video-preview":"max-video-preview:-1"},"canonical":"https:\/\/lda.be\/fr\/produit\/pressostats-a-membrane-miniatures\/","og_locale":"fr_FR","og_type":"article","og_title":"Pressostats \u00e0 membrane miniatures - LDA Belgique","og_description":"D\u00e9couvrez les pressostats \u00e0 membrane miniatures d'Euroswitch chez LDA Belgique. Surveillance compacte de la pression pour les applications CVC, hydrauliques et industrielles.","og_url":"https:\/\/lda.be\/fr\/produit\/pressostats-a-membrane-miniatures\/","og_site_name":"LDA Belgique","article_modified_time":"2025-08-04T11:22:07+00:00","og_image":[{"width":800,"height":800,"url":"https:\/\/lda.be\/wp-content\/uploads\/2025\/08\/Miniaturized-pressure-switches-25-serie.webp","type":"image\/webp"}],"twitter_card":"summary_large_image","twitter_misc":{"Dur\u00e9e de lecture estim\u00e9e":"1 minute"},"schema":{"@context":"https:\/\/schema.org","@graph":[{"@type":"WebPage","@id":"https:\/\/lda.be\/fr\/produit\/pressostats-a-membrane-miniatures\/","url":"https:\/\/lda.be\/fr\/produit\/pressostats-a-membrane-miniatures\/","name":"Pressostats \u00e0 membrane miniatures - LDA Belgique","isPartOf":{"@id":"https:\/\/lda.be\/fr\/#website"},"primaryImageOfPage":{"@id":"https:\/\/lda.be\/fr\/produit\/pressostats-a-membrane-miniatures\/#primaryimage"},"image":{"@id":"https:\/\/lda.be\/fr\/produit\/pressostats-a-membrane-miniatures\/#primaryimage"},"thumbnailUrl":"https:\/\/lda.be\/wp-content\/uploads\/2025\/08\/Miniaturized-pressure-switches-25-serie.webp","datePublished":"2025-08-04T10:24:17+00:00","dateModified":"2025-08-04T11:22:07+00:00","description":"D\u00e9couvrez les pressostats \u00e0 membrane miniatures d'Euroswitch chez LDA Belgique. Surveillance compacte de la pression pour les applications CVC, hydrauliques et industrielles.","breadcrumb":{"@id":"https:\/\/lda.be\/fr\/produit\/pressostats-a-membrane-miniatures\/#breadcrumb"},"inLanguage":"fr-FR","potentialAction":[{"@type":"ReadAction","target":["https:\/\/lda.be\/fr\/produit\/pressostats-a-membrane-miniatures\/"]}]},{"@type":"ImageObject","inLanguage":"fr-FR","@id":"https:\/\/lda.be\/fr\/produit\/pressostats-a-membrane-miniatures\/#primaryimage","url":"https:\/\/lda.be\/wp-content\/uploads\/2025\/08\/Miniaturized-pressure-switches-25-serie.webp","contentUrl":"https:\/\/lda.be\/wp-content\/uploads\/2025\/08\/Miniaturized-pressure-switches-25-serie.webp","width":800,"height":800,"caption":"Miniaturized Diaphragm pressure switches from Euroswitch"},{"@type":"BreadcrumbList","@id":"https:\/\/lda.be\/fr\/produit\/pressostats-a-membrane-miniatures\/#breadcrumb","itemListElement":[{"@type":"ListItem","position":1,"name":"Accueil","item":"https:\/\/lda.be\/fr\/"},{"@type":"ListItem","position":2,"name":"Produits","item":"https:\/\/lda.be\/fr\/produits\/"},{"@type":"ListItem","position":3,"name":"Pressostats \u00e0 membrane miniatures"}]},{"@type":"WebSite","@id":"https:\/\/lda.be\/fr\/#website","url":"https:\/\/lda.be\/fr\/","name":"LDA Belgium","description":"Solutions For Life","publisher":{"@id":"https:\/\/lda.be\/fr\/#organization"},"potentialAction":[{"@type":"SearchAction","target":{"@type":"EntryPoint","urlTemplate":"https:\/\/lda.be\/fr\/?s={search_term_string}"},"query-input":{"@type":"PropertyValueSpecification","valueRequired":true,"valueName":"search_term_string"}}],"inLanguage":"fr-FR"},{"@type":"Organization","@id":"https:\/\/lda.be\/fr\/#organization","name":"LDA Belgium","url":"https:\/\/lda.be\/fr\/","logo":{"@type":"ImageObject","inLanguage":"fr-FR","@id":"https:\/\/lda.be\/fr\/#\/schema\/logo\/image\/","url":"https:\/\/lda.be\/wp-content\/uploads\/2022\/07\/Logo-LDA.webp","contentUrl":"https:\/\/lda.be\/wp-content\/uploads\/2022\/07\/Logo-LDA.webp","width":311,"height":101,"caption":"LDA Belgium"},"image":{"@id":"https:\/\/lda.be\/fr\/#\/schema\/logo\/image\/"},"sameAs":["https:\/\/www.linkedin.com\/company\/lda-belgium-nv"]}]}},"_links":{"self":[{"href":"https:\/\/lda.be\/fr\/wp-json\/wp\/v2\/product\/10380","targetHints":{"allow":["GET"]}}],"collection":[{"href":"https:\/\/lda.be\/fr\/wp-json\/wp\/v2\/product"}],"about":[{"href":"https:\/\/lda.be\/fr\/wp-json\/wp\/v2\/types\/product"}],"replies":[{"embeddable":true,"href":"https:\/\/lda.be\/fr\/wp-json\/wp\/v2\/comments?post=10380"}],"wp:featuredmedia":[{"embeddable":true,"href":"https:\/\/lda.be\/fr\/wp-json\/wp\/v2\/media\/10370"}],"wp:attachment":[{"href":"https:\/\/lda.be\/fr\/wp-json\/wp\/v2\/media?parent=10380"}],"wp:term":[{"taxonomy":"product_brand","embeddable":true,"href":"https:\/\/lda.be\/fr\/wp-json\/wp\/v2\/product_brand?post=10380"},{"taxonomy":"product_cat","embeddable":true,"href":"https:\/\/lda.be\/fr\/wp-json\/wp\/v2\/product_cat?post=10380"},{"taxonomy":"product_tag","embeddable":true,"href":"https:\/\/lda.be\/fr\/wp-json\/wp\/v2\/product_tag?post=10380"}],"curies":[{"name":"wp","href":"https:\/\/api.w.org\/{rel}","templated":true}]}}