{"id":10393,"date":"2025-08-04T13:17:12","date_gmt":"2025-08-04T12:17:12","guid":{"rendered":"https:\/\/lda.be\/?post_type=product&#038;p=10393"},"modified":"2025-08-04T13:38:21","modified_gmt":"2025-08-04T12:38:21","slug":"pressostats-a-piston-euroswitch","status":"publish","type":"product","link":"https:\/\/lda.be\/fr\/produit\/pressostats-a-piston-euroswitch\/","title":{"rendered":"Pressostats \u00e0 piston Euroswitch"},"content":{"rendered":"<p>Les pressostats \u00e0 piston Euroswitch (mod\u00e8les 30 \/ 30V, 40 \/ 40V) constituent une solution id\u00e9ale. Ces pressostats m\u00e9caniques compacts sont utilis\u00e9s dans le monde entier dans les syst\u00e8mes hydrauliques, les compresseurs, les presses, la r\u00e9frig\u00e9ration industrielle et les v\u00e9hicules mobiles.<\/p>\n<p>Gr\u00e2ce \u00e0 leur plage de fonctionnement configurable et \u00e0 leurs nombreuses possibilit\u00e9s de raccordement, ces pressostats s&#8217;adaptent facilement \u00e0 des installations sp\u00e9cifiques. Selon le mod\u00e8le, ils conviennent pour une commutation basse ou moyenne tension jusqu&#8217;\u00e0 48 V (mod\u00e8le 40\/40V) ou 250 V (mod\u00e8le 30\/30V) avec une pression de service maximale de 450 bars.<\/p>\n<p>Le fonctionnement m\u00e9canique bas\u00e9 sur une technologie \u00e0 piston garantit une durabilit\u00e9 et une fiabilit\u00e9 accrues, m\u00eame en cas d&#8217;utilisation intensive. Gr\u00e2ce \u00e0 la vis de r\u00e9glage int\u00e9gr\u00e9e, les utilisateurs peuvent r\u00e9gler avec pr\u00e9cision la pression de commutation souhait\u00e9e, tout en conservant des tol\u00e9rances \u00e9lev\u00e9es et une grande stabilit\u00e9 en cas de variations de temp\u00e9rature.<\/p>\n","protected":false},"excerpt":{"rendered":"<p>Les pressostats \u00e0 piston Euroswitch (mod\u00e8les 30 \/ 30V, 40 \/ 40V) constituent une solution id\u00e9ale. Ces pressostats m\u00e9caniques compacts sont utilis\u00e9s dans le monde entier dans les syst\u00e8mes hydrauliques, les compresseurs, les presses, la r\u00e9frig\u00e9ration industrielle et les v\u00e9hicules mobiles. Gr\u00e2ce \u00e0 leur plage de fonctionnement configurable et \u00e0 leurs nombreuses possibilit\u00e9s de raccordement, [&hellip;]<\/p>\n","protected":false},"featured_media":10381,"comment_status":"closed","ping_status":"closed","template":"","meta":[],"product_brand":[1735],"product_cat":[932,942,952],"product_tag":[],"class_list":{"0":"post-10393","1":"product","2":"type-product","3":"status-publish","4":"has-post-thumbnail","6":"product_brand-euroswitch","7":"product_cat-instrumentation-composants-atex","8":"product_cat-composants-standards","9":"product_cat-pressostats","11":"first","12":"instock","13":"shipping-taxable","14":"product-type-simple"},"yoast_head":"<!-- This site is optimized with the Yoast SEO plugin v27.3 - https:\/\/yoast.com\/product\/yoast-seo-wordpress\/ -->\n<title>Pressostats \u00e0 piston Euroswitch - LDA Belgique<\/title>\n<meta name=\"description\" content=\"Pressostats \u00e0 piston industriels jusqu&#039;\u00e0 450 bars de Euroswitch, disponibles en Belgique via LDA. Pression r\u00e9glable, conception compacte, protection IP jusqu&#039;\u00e0 IP69K, adapt\u00e9s \u00e0 la commutation CA\/CC.\" \/>\n<meta name=\"robots\" content=\"index, follow, max-snippet:-1, max-image-preview:large, max-video-preview:-1\" \/>\n<link rel=\"canonical\" href=\"https:\/\/lda.be\/fr\/produit\/pressostats-a-piston-euroswitch\/\" \/>\n<meta property=\"og:locale\" content=\"fr_FR\" \/>\n<meta property=\"og:type\" content=\"article\" \/>\n<meta property=\"og:title\" content=\"Pressostats \u00e0 piston Euroswitch - LDA Belgique\" \/>\n<meta property=\"og:description\" content=\"Pressostats \u00e0 piston industriels jusqu&#039;\u00e0 450 bars de Euroswitch, disponibles en Belgique via LDA. Pression r\u00e9glable, conception compacte, protection IP jusqu&#039;\u00e0 IP69K, adapt\u00e9s \u00e0 la commutation CA\/CC.\" \/>\n<meta property=\"og:url\" content=\"https:\/\/lda.be\/fr\/produit\/pressostats-a-piston-euroswitch\/\" \/>\n<meta property=\"og:site_name\" content=\"LDA Belgique\" \/>\n<meta property=\"article:modified_time\" content=\"2025-08-04T12:38:21+00:00\" \/>\n<meta property=\"og:image\" content=\"https:\/\/lda.be\/wp-content\/uploads\/2025\/08\/piston-operated-pressure-switch.webp\" \/>\n\t<meta property=\"og:image:width\" content=\"800\" \/>\n\t<meta property=\"og:image:height\" content=\"800\" \/>\n\t<meta property=\"og:image:type\" content=\"image\/webp\" \/>\n<meta name=\"twitter:card\" content=\"summary_large_image\" \/>\n<script type=\"application\/ld+json\" class=\"yoast-schema-graph\">{\"@context\":\"https:\\\/\\\/schema.org\",\"@graph\":[{\"@type\":\"WebPage\",\"@id\":\"https:\\\/\\\/lda.be\\\/fr\\\/produit\\\/pressostats-a-piston-euroswitch\\\/\",\"url\":\"https:\\\/\\\/lda.be\\\/fr\\\/produit\\\/pressostats-a-piston-euroswitch\\\/\",\"name\":\"Pressostats \u00e0 piston Euroswitch - LDA Belgique\",\"isPartOf\":{\"@id\":\"https:\\\/\\\/lda.be\\\/fr\\\/#website\"},\"primaryImageOfPage\":{\"@id\":\"https:\\\/\\\/lda.be\\\/fr\\\/produit\\\/pressostats-a-piston-euroswitch\\\/#primaryimage\"},\"image\":{\"@id\":\"https:\\\/\\\/lda.be\\\/fr\\\/produit\\\/pressostats-a-piston-euroswitch\\\/#primaryimage\"},\"thumbnailUrl\":\"https:\\\/\\\/lda.be\\\/wp-content\\\/uploads\\\/2025\\\/08\\\/piston-operated-pressure-switch.webp\",\"datePublished\":\"2025-08-04T12:17:12+00:00\",\"dateModified\":\"2025-08-04T12:38:21+00:00\",\"description\":\"Pressostats \u00e0 piston industriels jusqu'\u00e0 450 bars de Euroswitch, disponibles en Belgique via LDA. Pression r\u00e9glable, conception compacte, protection IP jusqu'\u00e0 IP69K, adapt\u00e9s \u00e0 la commutation CA\\\/CC.\",\"breadcrumb\":{\"@id\":\"https:\\\/\\\/lda.be\\\/fr\\\/produit\\\/pressostats-a-piston-euroswitch\\\/#breadcrumb\"},\"inLanguage\":\"fr-FR\",\"potentialAction\":[{\"@type\":\"ReadAction\",\"target\":[\"https:\\\/\\\/lda.be\\\/fr\\\/produit\\\/pressostats-a-piston-euroswitch\\\/\"]}]},{\"@type\":\"ImageObject\",\"inLanguage\":\"fr-FR\",\"@id\":\"https:\\\/\\\/lda.be\\\/fr\\\/produit\\\/pressostats-a-piston-euroswitch\\\/#primaryimage\",\"url\":\"https:\\\/\\\/lda.be\\\/wp-content\\\/uploads\\\/2025\\\/08\\\/piston-operated-pressure-switch.webp\",\"contentUrl\":\"https:\\\/\\\/lda.be\\\/wp-content\\\/uploads\\\/2025\\\/08\\\/piston-operated-pressure-switch.webp\",\"width\":800,\"height\":800},{\"@type\":\"BreadcrumbList\",\"@id\":\"https:\\\/\\\/lda.be\\\/fr\\\/produit\\\/pressostats-a-piston-euroswitch\\\/#breadcrumb\",\"itemListElement\":[{\"@type\":\"ListItem\",\"position\":1,\"name\":\"Accueil\",\"item\":\"https:\\\/\\\/lda.be\\\/fr\\\/\"},{\"@type\":\"ListItem\",\"position\":2,\"name\":\"Produits\",\"item\":\"https:\\\/\\\/lda.be\\\/fr\\\/produits\\\/\"},{\"@type\":\"ListItem\",\"position\":3,\"name\":\"Pressostats \u00e0 piston Euroswitch\"}]},{\"@type\":\"WebSite\",\"@id\":\"https:\\\/\\\/lda.be\\\/fr\\\/#website\",\"url\":\"https:\\\/\\\/lda.be\\\/fr\\\/\",\"name\":\"LDA Belgium\",\"description\":\"Solutions For Life\",\"publisher\":{\"@id\":\"https:\\\/\\\/lda.be\\\/fr\\\/#organization\"},\"potentialAction\":[{\"@type\":\"SearchAction\",\"target\":{\"@type\":\"EntryPoint\",\"urlTemplate\":\"https:\\\/\\\/lda.be\\\/fr\\\/?s={search_term_string}\"},\"query-input\":{\"@type\":\"PropertyValueSpecification\",\"valueRequired\":true,\"valueName\":\"search_term_string\"}}],\"inLanguage\":\"fr-FR\"},{\"@type\":\"Organization\",\"@id\":\"https:\\\/\\\/lda.be\\\/fr\\\/#organization\",\"name\":\"LDA Belgium\",\"url\":\"https:\\\/\\\/lda.be\\\/fr\\\/\",\"logo\":{\"@type\":\"ImageObject\",\"inLanguage\":\"fr-FR\",\"@id\":\"https:\\\/\\\/lda.be\\\/fr\\\/#\\\/schema\\\/logo\\\/image\\\/\",\"url\":\"https:\\\/\\\/lda.be\\\/wp-content\\\/uploads\\\/2022\\\/07\\\/Logo-LDA.webp\",\"contentUrl\":\"https:\\\/\\\/lda.be\\\/wp-content\\\/uploads\\\/2022\\\/07\\\/Logo-LDA.webp\",\"width\":311,\"height\":101,\"caption\":\"LDA Belgium\"},\"image\":{\"@id\":\"https:\\\/\\\/lda.be\\\/fr\\\/#\\\/schema\\\/logo\\\/image\\\/\"},\"sameAs\":[\"https:\\\/\\\/www.linkedin.com\\\/company\\\/lda-belgium-nv\"]}]}<\/script>\n<!-- \/ Yoast SEO plugin. -->","yoast_head_json":{"title":"Pressostats \u00e0 piston Euroswitch - LDA Belgique","description":"Pressostats \u00e0 piston industriels jusqu'\u00e0 450 bars de Euroswitch, disponibles en Belgique via LDA. Pression r\u00e9glable, conception compacte, protection IP jusqu'\u00e0 IP69K, adapt\u00e9s \u00e0 la commutation CA\/CC.","robots":{"index":"index","follow":"follow","max-snippet":"max-snippet:-1","max-image-preview":"max-image-preview:large","max-video-preview":"max-video-preview:-1"},"canonical":"https:\/\/lda.be\/fr\/produit\/pressostats-a-piston-euroswitch\/","og_locale":"fr_FR","og_type":"article","og_title":"Pressostats \u00e0 piston Euroswitch - LDA Belgique","og_description":"Pressostats \u00e0 piston industriels jusqu'\u00e0 450 bars de Euroswitch, disponibles en Belgique via LDA. Pression r\u00e9glable, conception compacte, protection IP jusqu'\u00e0 IP69K, adapt\u00e9s \u00e0 la commutation CA\/CC.","og_url":"https:\/\/lda.be\/fr\/produit\/pressostats-a-piston-euroswitch\/","og_site_name":"LDA Belgique","article_modified_time":"2025-08-04T12:38:21+00:00","og_image":[{"width":800,"height":800,"url":"https:\/\/lda.be\/wp-content\/uploads\/2025\/08\/piston-operated-pressure-switch.webp","type":"image\/webp"}],"twitter_card":"summary_large_image","schema":{"@context":"https:\/\/schema.org","@graph":[{"@type":"WebPage","@id":"https:\/\/lda.be\/fr\/produit\/pressostats-a-piston-euroswitch\/","url":"https:\/\/lda.be\/fr\/produit\/pressostats-a-piston-euroswitch\/","name":"Pressostats \u00e0 piston Euroswitch - LDA Belgique","isPartOf":{"@id":"https:\/\/lda.be\/fr\/#website"},"primaryImageOfPage":{"@id":"https:\/\/lda.be\/fr\/produit\/pressostats-a-piston-euroswitch\/#primaryimage"},"image":{"@id":"https:\/\/lda.be\/fr\/produit\/pressostats-a-piston-euroswitch\/#primaryimage"},"thumbnailUrl":"https:\/\/lda.be\/wp-content\/uploads\/2025\/08\/piston-operated-pressure-switch.webp","datePublished":"2025-08-04T12:17:12+00:00","dateModified":"2025-08-04T12:38:21+00:00","description":"Pressostats \u00e0 piston industriels jusqu'\u00e0 450 bars de Euroswitch, disponibles en Belgique via LDA. Pression r\u00e9glable, conception compacte, protection IP jusqu'\u00e0 IP69K, adapt\u00e9s \u00e0 la commutation CA\/CC.","breadcrumb":{"@id":"https:\/\/lda.be\/fr\/produit\/pressostats-a-piston-euroswitch\/#breadcrumb"},"inLanguage":"fr-FR","potentialAction":[{"@type":"ReadAction","target":["https:\/\/lda.be\/fr\/produit\/pressostats-a-piston-euroswitch\/"]}]},{"@type":"ImageObject","inLanguage":"fr-FR","@id":"https:\/\/lda.be\/fr\/produit\/pressostats-a-piston-euroswitch\/#primaryimage","url":"https:\/\/lda.be\/wp-content\/uploads\/2025\/08\/piston-operated-pressure-switch.webp","contentUrl":"https:\/\/lda.be\/wp-content\/uploads\/2025\/08\/piston-operated-pressure-switch.webp","width":800,"height":800},{"@type":"BreadcrumbList","@id":"https:\/\/lda.be\/fr\/produit\/pressostats-a-piston-euroswitch\/#breadcrumb","itemListElement":[{"@type":"ListItem","position":1,"name":"Accueil","item":"https:\/\/lda.be\/fr\/"},{"@type":"ListItem","position":2,"name":"Produits","item":"https:\/\/lda.be\/fr\/produits\/"},{"@type":"ListItem","position":3,"name":"Pressostats \u00e0 piston Euroswitch"}]},{"@type":"WebSite","@id":"https:\/\/lda.be\/fr\/#website","url":"https:\/\/lda.be\/fr\/","name":"LDA Belgium","description":"Solutions For Life","publisher":{"@id":"https:\/\/lda.be\/fr\/#organization"},"potentialAction":[{"@type":"SearchAction","target":{"@type":"EntryPoint","urlTemplate":"https:\/\/lda.be\/fr\/?s={search_term_string}"},"query-input":{"@type":"PropertyValueSpecification","valueRequired":true,"valueName":"search_term_string"}}],"inLanguage":"fr-FR"},{"@type":"Organization","@id":"https:\/\/lda.be\/fr\/#organization","name":"LDA Belgium","url":"https:\/\/lda.be\/fr\/","logo":{"@type":"ImageObject","inLanguage":"fr-FR","@id":"https:\/\/lda.be\/fr\/#\/schema\/logo\/image\/","url":"https:\/\/lda.be\/wp-content\/uploads\/2022\/07\/Logo-LDA.webp","contentUrl":"https:\/\/lda.be\/wp-content\/uploads\/2022\/07\/Logo-LDA.webp","width":311,"height":101,"caption":"LDA Belgium"},"image":{"@id":"https:\/\/lda.be\/fr\/#\/schema\/logo\/image\/"},"sameAs":["https:\/\/www.linkedin.com\/company\/lda-belgium-nv"]}]}},"_links":{"self":[{"href":"https:\/\/lda.be\/fr\/wp-json\/wp\/v2\/product\/10393","targetHints":{"allow":["GET"]}}],"collection":[{"href":"https:\/\/lda.be\/fr\/wp-json\/wp\/v2\/product"}],"about":[{"href":"https:\/\/lda.be\/fr\/wp-json\/wp\/v2\/types\/product"}],"replies":[{"embeddable":true,"href":"https:\/\/lda.be\/fr\/wp-json\/wp\/v2\/comments?post=10393"}],"wp:featuredmedia":[{"embeddable":true,"href":"https:\/\/lda.be\/fr\/wp-json\/wp\/v2\/media\/10381"}],"wp:attachment":[{"href":"https:\/\/lda.be\/fr\/wp-json\/wp\/v2\/media?parent=10393"}],"wp:term":[{"taxonomy":"product_brand","embeddable":true,"href":"https:\/\/lda.be\/fr\/wp-json\/wp\/v2\/product_brand?post=10393"},{"taxonomy":"product_cat","embeddable":true,"href":"https:\/\/lda.be\/fr\/wp-json\/wp\/v2\/product_cat?post=10393"},{"taxonomy":"product_tag","embeddable":true,"href":"https:\/\/lda.be\/fr\/wp-json\/wp\/v2\/product_tag?post=10393"}],"curies":[{"name":"wp","href":"https:\/\/api.w.org\/{rel}","templated":true}]}}