{"id":10411,"date":"2025-08-04T15:33:11","date_gmt":"2025-08-04T14:33:11","guid":{"rendered":"https:\/\/lda.be\/?post_type=product&#038;p=10411"},"modified":"2025-08-04T15:53:23","modified_gmt":"2025-08-04T14:53:23","slug":"pressostat-avec-echelle-visuelle-types-681-et-682","status":"publish","type":"product","link":"https:\/\/lda.be\/fr\/produit\/pressostat-avec-echelle-visuelle-types-681-et-682\/","title":{"rendered":"Pressostat avec \u00e9chelle visuelle \u2013 Types 681 et 682"},"content":{"rendered":"<p>Les pressostats de type 681 et 682 sont con\u00e7us pour les applications o\u00f9\u00a0 la visibilit\u00e9\u00a0 est essentielle. Gr\u00e2ce \u00e0 l&#8217;\u00e9chelle int\u00e9gr\u00e9e sur le bo\u00eetier, les installateurs ou les op\u00e9rateurs peuvent r\u00e9gler avec pr\u00e9cision la pression de commutation sans avoir recours \u00e0 des instruments de mesure externes. Cette s\u00e9rie est donc id\u00e9ale pour les installations qui n\u00e9cessitent un calibrage rapide et un contr\u00f4le visuel, telles que les installations \u00e0 air comprim\u00e9, les bancs d&#8217;essai, les syst\u00e8mes pneumatiques et les applications de dosage.<\/p>\n<p>Les deux mod\u00e8les sont \u00e9quip\u00e9s d&#8217;un contact Reed (SPST NO) comme \u00e9l\u00e9ment de contact. Le type 681 est \u00e9quip\u00e9 en standard d&#8217;un c\u00e2ble de sortie en PVC de 1 m\u00e8tre, tandis que le type 682 est \u00e9quip\u00e9 d&#8217;un connecteur DIN 43650-C avec un pas de 9,4 mm pour un raccordement facile et s\u00fbr.<\/p>\n<p>Le bo\u00eetier du commutateur est fabriqu\u00e9 en aluminium anodis\u00e9 avec des raccords \u00e0 vis en laiton, ce qui permet d&#8217;obtenir une construction l\u00e9g\u00e8re mais solide. L&#8217;indication sur l&#8217;\u00e9chelle est clairement visible \u00e0 travers la fen\u00eatre transparente en polycarbonate optique. Pour les applications avec un espace d&#8217;installation limit\u00e9, une version avec bo\u00eetier pivotant \u00e0 360\u00b0 est \u00e9galement disponible sur demande, pour une flexibilit\u00e9 maximale lors de l&#8217;installation.<\/p>\n","protected":false},"excerpt":{"rendered":"<p>Les pressostats de type 681 et 682 sont con\u00e7us pour les applications o\u00f9\u00a0 la visibilit\u00e9\u00a0 est essentielle. Gr\u00e2ce \u00e0 l&#8217;\u00e9chelle int\u00e9gr\u00e9e sur le bo\u00eetier, les installateurs ou les op\u00e9rateurs peuvent r\u00e9gler avec pr\u00e9cision la pression de commutation sans avoir recours \u00e0 des instruments de mesure externes. Cette s\u00e9rie est donc id\u00e9ale pour les installations qui [&hellip;]<\/p>\n","protected":false},"featured_media":10405,"comment_status":"closed","ping_status":"closed","template":"","meta":[],"product_brand":[1735],"product_cat":[932,942,952],"product_tag":[],"class_list":{"0":"post-10411","1":"product","2":"type-product","3":"status-publish","4":"has-post-thumbnail","6":"product_brand-euroswitch","7":"product_cat-instrumentation-composants-atex","8":"product_cat-composants-standards","9":"product_cat-pressostats","11":"first","12":"instock","13":"shipping-taxable","14":"product-type-simple"},"yoast_head":"<!-- This site is optimized with the Yoast SEO plugin v27.3 - https:\/\/yoast.com\/product\/yoast-seo-wordpress\/ -->\n<title>Pressostat avec \u00e9chelle visuelle \u2013 Types 681 et 682 - LDA Belgique<\/title>\n<meta name=\"description\" content=\"Euroswitch Pressostats avec \u00e9chelle visuelle (types 681\/682). avec c\u00e2ble ou connecteur DIN. Conception compacte et fonctionnement fiable. Disponibles en Belgique via LDA.\" \/>\n<meta name=\"robots\" content=\"index, follow, max-snippet:-1, max-image-preview:large, max-video-preview:-1\" \/>\n<link rel=\"canonical\" href=\"https:\/\/lda.be\/fr\/produit\/pressostat-avec-echelle-visuelle-types-681-et-682\/\" \/>\n<meta property=\"og:locale\" content=\"fr_FR\" \/>\n<meta property=\"og:type\" content=\"article\" \/>\n<meta property=\"og:title\" content=\"Pressostat avec \u00e9chelle visuelle \u2013 Types 681 et 682 - LDA Belgique\" \/>\n<meta property=\"og:description\" content=\"Euroswitch Pressostats avec \u00e9chelle visuelle (types 681\/682). avec c\u00e2ble ou connecteur DIN. Conception compacte et fonctionnement fiable. Disponibles en Belgique via LDA.\" \/>\n<meta property=\"og:url\" content=\"https:\/\/lda.be\/fr\/produit\/pressostat-avec-echelle-visuelle-types-681-et-682\/\" \/>\n<meta property=\"og:site_name\" content=\"LDA Belgique\" \/>\n<meta property=\"article:modified_time\" content=\"2025-08-04T14:53:23+00:00\" \/>\n<meta property=\"og:image\" content=\"https:\/\/lda.be\/wp-content\/uploads\/2025\/08\/681-682-serie.webp\" \/>\n\t<meta property=\"og:image:width\" content=\"800\" \/>\n\t<meta property=\"og:image:height\" content=\"800\" \/>\n\t<meta property=\"og:image:type\" content=\"image\/webp\" \/>\n<meta name=\"twitter:card\" content=\"summary_large_image\" \/>\n<meta name=\"twitter:label1\" content=\"Dur\u00e9e de lecture estim\u00e9e\" \/>\n\t<meta name=\"twitter:data1\" content=\"2 minutes\" \/>\n<script type=\"application\/ld+json\" class=\"yoast-schema-graph\">{\"@context\":\"https:\\\/\\\/schema.org\",\"@graph\":[{\"@type\":\"WebPage\",\"@id\":\"https:\\\/\\\/lda.be\\\/fr\\\/produit\\\/pressostat-avec-echelle-visuelle-types-681-et-682\\\/\",\"url\":\"https:\\\/\\\/lda.be\\\/fr\\\/produit\\\/pressostat-avec-echelle-visuelle-types-681-et-682\\\/\",\"name\":\"Pressostat avec \u00e9chelle visuelle \u2013 Types 681 et 682 - LDA Belgique\",\"isPartOf\":{\"@id\":\"https:\\\/\\\/lda.be\\\/fr\\\/#website\"},\"primaryImageOfPage\":{\"@id\":\"https:\\\/\\\/lda.be\\\/fr\\\/produit\\\/pressostat-avec-echelle-visuelle-types-681-et-682\\\/#primaryimage\"},\"image\":{\"@id\":\"https:\\\/\\\/lda.be\\\/fr\\\/produit\\\/pressostat-avec-echelle-visuelle-types-681-et-682\\\/#primaryimage\"},\"thumbnailUrl\":\"https:\\\/\\\/lda.be\\\/wp-content\\\/uploads\\\/2025\\\/08\\\/681-682-serie.webp\",\"datePublished\":\"2025-08-04T14:33:11+00:00\",\"dateModified\":\"2025-08-04T14:53:23+00:00\",\"description\":\"Euroswitch Pressostats avec \u00e9chelle visuelle (types 681\\\/682). avec c\u00e2ble ou connecteur DIN. Conception compacte et fonctionnement fiable. Disponibles en Belgique via LDA.\",\"breadcrumb\":{\"@id\":\"https:\\\/\\\/lda.be\\\/fr\\\/produit\\\/pressostat-avec-echelle-visuelle-types-681-et-682\\\/#breadcrumb\"},\"inLanguage\":\"fr-FR\",\"potentialAction\":[{\"@type\":\"ReadAction\",\"target\":[\"https:\\\/\\\/lda.be\\\/fr\\\/produit\\\/pressostat-avec-echelle-visuelle-types-681-et-682\\\/\"]}]},{\"@type\":\"ImageObject\",\"inLanguage\":\"fr-FR\",\"@id\":\"https:\\\/\\\/lda.be\\\/fr\\\/produit\\\/pressostat-avec-echelle-visuelle-types-681-et-682\\\/#primaryimage\",\"url\":\"https:\\\/\\\/lda.be\\\/wp-content\\\/uploads\\\/2025\\\/08\\\/681-682-serie.webp\",\"contentUrl\":\"https:\\\/\\\/lda.be\\\/wp-content\\\/uploads\\\/2025\\\/08\\\/681-682-serie.webp\",\"width\":800,\"height\":800,\"caption\":\"Instelbereik: 1 \u2013 6 bar Contacttype: Reed SPST (normaal open \u2013 NO) Elektrische aansluiting: 681: PVC kabel 2x0,22 mm\u00b2 (lengte 1000 mm) 682: DIN43650-C (9,4 mm) Max. schakelspanning: 48 V AC\\\/DC Max. schakelstroom: 0,5 A Max. schakelvermogen: 10 W Werkmedium: Lucht (droog of licht bevochtigd) Behuizing: Anodisch behandeld aluminium Procesaansluiting: 1\\\/8\u201d G conisch, messing\"},{\"@type\":\"BreadcrumbList\",\"@id\":\"https:\\\/\\\/lda.be\\\/fr\\\/produit\\\/pressostat-avec-echelle-visuelle-types-681-et-682\\\/#breadcrumb\",\"itemListElement\":[{\"@type\":\"ListItem\",\"position\":1,\"name\":\"Accueil\",\"item\":\"https:\\\/\\\/lda.be\\\/fr\\\/\"},{\"@type\":\"ListItem\",\"position\":2,\"name\":\"Produits\",\"item\":\"https:\\\/\\\/lda.be\\\/fr\\\/produits\\\/\"},{\"@type\":\"ListItem\",\"position\":3,\"name\":\"Pressostat avec \u00e9chelle visuelle \u2013 Types 681 et 682\"}]},{\"@type\":\"WebSite\",\"@id\":\"https:\\\/\\\/lda.be\\\/fr\\\/#website\",\"url\":\"https:\\\/\\\/lda.be\\\/fr\\\/\",\"name\":\"LDA Belgium\",\"description\":\"Solutions For Life\",\"publisher\":{\"@id\":\"https:\\\/\\\/lda.be\\\/fr\\\/#organization\"},\"potentialAction\":[{\"@type\":\"SearchAction\",\"target\":{\"@type\":\"EntryPoint\",\"urlTemplate\":\"https:\\\/\\\/lda.be\\\/fr\\\/?s={search_term_string}\"},\"query-input\":{\"@type\":\"PropertyValueSpecification\",\"valueRequired\":true,\"valueName\":\"search_term_string\"}}],\"inLanguage\":\"fr-FR\"},{\"@type\":\"Organization\",\"@id\":\"https:\\\/\\\/lda.be\\\/fr\\\/#organization\",\"name\":\"LDA Belgium\",\"url\":\"https:\\\/\\\/lda.be\\\/fr\\\/\",\"logo\":{\"@type\":\"ImageObject\",\"inLanguage\":\"fr-FR\",\"@id\":\"https:\\\/\\\/lda.be\\\/fr\\\/#\\\/schema\\\/logo\\\/image\\\/\",\"url\":\"https:\\\/\\\/lda.be\\\/wp-content\\\/uploads\\\/2022\\\/07\\\/Logo-LDA.webp\",\"contentUrl\":\"https:\\\/\\\/lda.be\\\/wp-content\\\/uploads\\\/2022\\\/07\\\/Logo-LDA.webp\",\"width\":311,\"height\":101,\"caption\":\"LDA Belgium\"},\"image\":{\"@id\":\"https:\\\/\\\/lda.be\\\/fr\\\/#\\\/schema\\\/logo\\\/image\\\/\"},\"sameAs\":[\"https:\\\/\\\/www.linkedin.com\\\/company\\\/lda-belgium-nv\"]}]}<\/script>\n<!-- \/ Yoast SEO plugin. -->","yoast_head_json":{"title":"Pressostat avec \u00e9chelle visuelle \u2013 Types 681 et 682 - LDA Belgique","description":"Euroswitch Pressostats avec \u00e9chelle visuelle (types 681\/682). avec c\u00e2ble ou connecteur DIN. Conception compacte et fonctionnement fiable. Disponibles en Belgique via LDA.","robots":{"index":"index","follow":"follow","max-snippet":"max-snippet:-1","max-image-preview":"max-image-preview:large","max-video-preview":"max-video-preview:-1"},"canonical":"https:\/\/lda.be\/fr\/produit\/pressostat-avec-echelle-visuelle-types-681-et-682\/","og_locale":"fr_FR","og_type":"article","og_title":"Pressostat avec \u00e9chelle visuelle \u2013 Types 681 et 682 - LDA Belgique","og_description":"Euroswitch Pressostats avec \u00e9chelle visuelle (types 681\/682). avec c\u00e2ble ou connecteur DIN. Conception compacte et fonctionnement fiable. Disponibles en Belgique via LDA.","og_url":"https:\/\/lda.be\/fr\/produit\/pressostat-avec-echelle-visuelle-types-681-et-682\/","og_site_name":"LDA Belgique","article_modified_time":"2025-08-04T14:53:23+00:00","og_image":[{"width":800,"height":800,"url":"https:\/\/lda.be\/wp-content\/uploads\/2025\/08\/681-682-serie.webp","type":"image\/webp"}],"twitter_card":"summary_large_image","twitter_misc":{"Dur\u00e9e de lecture estim\u00e9e":"2 minutes"},"schema":{"@context":"https:\/\/schema.org","@graph":[{"@type":"WebPage","@id":"https:\/\/lda.be\/fr\/produit\/pressostat-avec-echelle-visuelle-types-681-et-682\/","url":"https:\/\/lda.be\/fr\/produit\/pressostat-avec-echelle-visuelle-types-681-et-682\/","name":"Pressostat avec \u00e9chelle visuelle \u2013 Types 681 et 682 - LDA Belgique","isPartOf":{"@id":"https:\/\/lda.be\/fr\/#website"},"primaryImageOfPage":{"@id":"https:\/\/lda.be\/fr\/produit\/pressostat-avec-echelle-visuelle-types-681-et-682\/#primaryimage"},"image":{"@id":"https:\/\/lda.be\/fr\/produit\/pressostat-avec-echelle-visuelle-types-681-et-682\/#primaryimage"},"thumbnailUrl":"https:\/\/lda.be\/wp-content\/uploads\/2025\/08\/681-682-serie.webp","datePublished":"2025-08-04T14:33:11+00:00","dateModified":"2025-08-04T14:53:23+00:00","description":"Euroswitch Pressostats avec \u00e9chelle visuelle (types 681\/682). avec c\u00e2ble ou connecteur DIN. Conception compacte et fonctionnement fiable. Disponibles en Belgique via LDA.","breadcrumb":{"@id":"https:\/\/lda.be\/fr\/produit\/pressostat-avec-echelle-visuelle-types-681-et-682\/#breadcrumb"},"inLanguage":"fr-FR","potentialAction":[{"@type":"ReadAction","target":["https:\/\/lda.be\/fr\/produit\/pressostat-avec-echelle-visuelle-types-681-et-682\/"]}]},{"@type":"ImageObject","inLanguage":"fr-FR","@id":"https:\/\/lda.be\/fr\/produit\/pressostat-avec-echelle-visuelle-types-681-et-682\/#primaryimage","url":"https:\/\/lda.be\/wp-content\/uploads\/2025\/08\/681-682-serie.webp","contentUrl":"https:\/\/lda.be\/wp-content\/uploads\/2025\/08\/681-682-serie.webp","width":800,"height":800,"caption":"Instelbereik: 1 \u2013 6 bar Contacttype: Reed SPST (normaal open \u2013 NO) Elektrische aansluiting: 681: PVC kabel 2x0,22 mm\u00b2 (lengte 1000 mm) 682: DIN43650-C (9,4 mm) Max. schakelspanning: 48 V AC\/DC Max. schakelstroom: 0,5 A Max. schakelvermogen: 10 W Werkmedium: Lucht (droog of licht bevochtigd) Behuizing: Anodisch behandeld aluminium Procesaansluiting: 1\/8\u201d G conisch, messing"},{"@type":"BreadcrumbList","@id":"https:\/\/lda.be\/fr\/produit\/pressostat-avec-echelle-visuelle-types-681-et-682\/#breadcrumb","itemListElement":[{"@type":"ListItem","position":1,"name":"Accueil","item":"https:\/\/lda.be\/fr\/"},{"@type":"ListItem","position":2,"name":"Produits","item":"https:\/\/lda.be\/fr\/produits\/"},{"@type":"ListItem","position":3,"name":"Pressostat avec \u00e9chelle visuelle \u2013 Types 681 et 682"}]},{"@type":"WebSite","@id":"https:\/\/lda.be\/fr\/#website","url":"https:\/\/lda.be\/fr\/","name":"LDA Belgium","description":"Solutions For Life","publisher":{"@id":"https:\/\/lda.be\/fr\/#organization"},"potentialAction":[{"@type":"SearchAction","target":{"@type":"EntryPoint","urlTemplate":"https:\/\/lda.be\/fr\/?s={search_term_string}"},"query-input":{"@type":"PropertyValueSpecification","valueRequired":true,"valueName":"search_term_string"}}],"inLanguage":"fr-FR"},{"@type":"Organization","@id":"https:\/\/lda.be\/fr\/#organization","name":"LDA Belgium","url":"https:\/\/lda.be\/fr\/","logo":{"@type":"ImageObject","inLanguage":"fr-FR","@id":"https:\/\/lda.be\/fr\/#\/schema\/logo\/image\/","url":"https:\/\/lda.be\/wp-content\/uploads\/2022\/07\/Logo-LDA.webp","contentUrl":"https:\/\/lda.be\/wp-content\/uploads\/2022\/07\/Logo-LDA.webp","width":311,"height":101,"caption":"LDA Belgium"},"image":{"@id":"https:\/\/lda.be\/fr\/#\/schema\/logo\/image\/"},"sameAs":["https:\/\/www.linkedin.com\/company\/lda-belgium-nv"]}]}},"_links":{"self":[{"href":"https:\/\/lda.be\/fr\/wp-json\/wp\/v2\/product\/10411","targetHints":{"allow":["GET"]}}],"collection":[{"href":"https:\/\/lda.be\/fr\/wp-json\/wp\/v2\/product"}],"about":[{"href":"https:\/\/lda.be\/fr\/wp-json\/wp\/v2\/types\/product"}],"replies":[{"embeddable":true,"href":"https:\/\/lda.be\/fr\/wp-json\/wp\/v2\/comments?post=10411"}],"wp:featuredmedia":[{"embeddable":true,"href":"https:\/\/lda.be\/fr\/wp-json\/wp\/v2\/media\/10405"}],"wp:attachment":[{"href":"https:\/\/lda.be\/fr\/wp-json\/wp\/v2\/media?parent=10411"}],"wp:term":[{"taxonomy":"product_brand","embeddable":true,"href":"https:\/\/lda.be\/fr\/wp-json\/wp\/v2\/product_brand?post=10411"},{"taxonomy":"product_cat","embeddable":true,"href":"https:\/\/lda.be\/fr\/wp-json\/wp\/v2\/product_cat?post=10411"},{"taxonomy":"product_tag","embeddable":true,"href":"https:\/\/lda.be\/fr\/wp-json\/wp\/v2\/product_tag?post=10411"}],"curies":[{"name":"wp","href":"https:\/\/api.w.org\/{rel}","templated":true}]}}