{"id":10498,"date":"2025-08-11T09:29:21","date_gmt":"2025-08-11T08:29:21","guid":{"rendered":"https:\/\/lda.be\/?post_type=product&#038;p=10498"},"modified":"2025-08-11T09:44:24","modified_gmt":"2025-08-11T08:44:24","slug":"pressostat-a-membrane-piston-avec-spdt","status":"publish","type":"product","link":"https:\/\/lda.be\/fr\/produit\/pressostat-a-membrane-piston-avec-spdt\/","title":{"rendered":"Pressostat \u00e0 membrane\/piston avec SPDT"},"content":{"rendered":"<p>La s\u00e9rie 24 comprend des pressostats qui combinent un bo\u00eetier pivotant \u00e0 360\u00b0 avec des contacts SPDT durables, ce qui les rend extr\u00eamement flexibles dans diverses applications industrielles. Les versions \u00e0 membrane ou \u00e0 piston conviennent aussi bien aux pressions basses qu&#8217;aux pressions tr\u00e8s \u00e9lev\u00e9es et peuvent ainsi \u00eatre facilement adapt\u00e9es \u00e0 des fluides et des conditions de temp\u00e9rature sp\u00e9cifiques.<\/p>\n<p>Ces pressostats sont con\u00e7us pour les syst\u00e8mes hydrauliques et pneumatiques, la construction de machines, les installations de traitement et les applications OEM. Le presse-\u00e9toupe PG11 ou le raccord DIN int\u00e9gr\u00e9 assure un montage facile et une \u00e9tanch\u00e9it\u00e9 fiable jusqu&#8217;\u00e0 IP65.<\/p>\n<p>Avec un contact SPDT, vous pouvez donc choisir si le circuit se ferme lorsque la pression augmente (NO) ou s&#8217;ouvre lorsque la pression augmente (NC), ou utiliser les deux pour la commutation du signal. Les contacts SPDT permettent d&#8217;utiliser un seul interrupteur pour deux fonctions diff\u00e9rentes.<\/p>\n<p>Les pressostats de la s\u00e9rie Euroswitch 24 sont disponibles chez LDA Belgique avec une assistance technique, des d\u00e9lais de livraison courts et la possibilit\u00e9 d&#8217;une configuration personnalis\u00e9e !<\/p>\n","protected":false},"excerpt":{"rendered":"<p>La s\u00e9rie 24 comprend des pressostats qui combinent un bo\u00eetier pivotant \u00e0 360\u00b0 avec des contacts SPDT durables, ce qui les rend extr\u00eamement flexibles dans diverses applications industrielles. Les versions \u00e0 membrane ou \u00e0 piston conviennent aussi bien aux pressions basses qu&#8217;aux pressions tr\u00e8s \u00e9lev\u00e9es et peuvent ainsi \u00eatre facilement adapt\u00e9es \u00e0 des fluides et [&hellip;]<\/p>\n","protected":false},"featured_media":10479,"comment_status":"closed","ping_status":"closed","template":"","meta":[],"product_brand":[1735,1736],"product_cat":[932,942,952],"product_tag":[],"class_list":{"0":"post-10498","1":"product","2":"type-product","3":"status-publish","4":"has-post-thumbnail","6":"product_brand-euroswitch","7":"product_brand-pressure-switch","8":"product_cat-instrumentation-composants-atex","9":"product_cat-composants-standards","10":"product_cat-pressostats","12":"first","13":"instock","14":"shipping-taxable","15":"product-type-simple"},"yoast_head":"<!-- This site is optimized with the Yoast SEO plugin v27.3 - https:\/\/yoast.com\/product\/yoast-seo-wordpress\/ -->\n<title>Pressostat \u00e0 membrane\/piston avec SPDT - LDA Belgique<\/title>\n<meta name=\"description\" content=\"Pressostats industriels s\u00e9ries 24, 24C et 24F avec contacts SPDT et bo\u00eetier pivotant \u00e0 360\u00b0. Convient pour une plage de pression de 0,3 \u00e0 400 bars. Disponible en Belgique via LDA.\" \/>\n<meta name=\"robots\" content=\"index, follow, max-snippet:-1, max-image-preview:large, max-video-preview:-1\" \/>\n<link rel=\"canonical\" href=\"https:\/\/lda.be\/fr\/produit\/pressostat-a-membrane-piston-avec-spdt\/\" \/>\n<meta property=\"og:locale\" content=\"fr_FR\" \/>\n<meta property=\"og:type\" content=\"article\" \/>\n<meta property=\"og:title\" content=\"Pressostat \u00e0 membrane\/piston avec SPDT - LDA Belgique\" \/>\n<meta property=\"og:description\" content=\"Pressostats industriels s\u00e9ries 24, 24C et 24F avec contacts SPDT et bo\u00eetier pivotant \u00e0 360\u00b0. Convient pour une plage de pression de 0,3 \u00e0 400 bars. Disponible en Belgique via LDA.\" \/>\n<meta property=\"og:url\" content=\"https:\/\/lda.be\/fr\/produit\/pressostat-a-membrane-piston-avec-spdt\/\" \/>\n<meta property=\"og:site_name\" content=\"LDA Belgique\" \/>\n<meta property=\"article:modified_time\" content=\"2025-08-11T08:44:24+00:00\" \/>\n<meta property=\"og:image\" content=\"https:\/\/lda.be\/wp-content\/uploads\/2025\/08\/pressure-switch-spdt.webp\" \/>\n\t<meta property=\"og:image:width\" content=\"800\" \/>\n\t<meta property=\"og:image:height\" content=\"800\" \/>\n\t<meta property=\"og:image:type\" content=\"image\/webp\" \/>\n<meta name=\"twitter:card\" content=\"summary_large_image\" \/>\n<meta name=\"twitter:label1\" content=\"Dur\u00e9e de lecture estim\u00e9e\" \/>\n\t<meta name=\"twitter:data1\" content=\"1 minute\" \/>\n<script type=\"application\/ld+json\" class=\"yoast-schema-graph\">{\"@context\":\"https:\\\/\\\/schema.org\",\"@graph\":[{\"@type\":\"WebPage\",\"@id\":\"https:\\\/\\\/lda.be\\\/fr\\\/produit\\\/pressostat-a-membrane-piston-avec-spdt\\\/\",\"url\":\"https:\\\/\\\/lda.be\\\/fr\\\/produit\\\/pressostat-a-membrane-piston-avec-spdt\\\/\",\"name\":\"Pressostat \u00e0 membrane\\\/piston avec SPDT - LDA Belgique\",\"isPartOf\":{\"@id\":\"https:\\\/\\\/lda.be\\\/fr\\\/#website\"},\"primaryImageOfPage\":{\"@id\":\"https:\\\/\\\/lda.be\\\/fr\\\/produit\\\/pressostat-a-membrane-piston-avec-spdt\\\/#primaryimage\"},\"image\":{\"@id\":\"https:\\\/\\\/lda.be\\\/fr\\\/produit\\\/pressostat-a-membrane-piston-avec-spdt\\\/#primaryimage\"},\"thumbnailUrl\":\"https:\\\/\\\/lda.be\\\/wp-content\\\/uploads\\\/2025\\\/08\\\/pressure-switch-spdt.webp\",\"datePublished\":\"2025-08-11T08:29:21+00:00\",\"dateModified\":\"2025-08-11T08:44:24+00:00\",\"description\":\"Pressostats industriels s\u00e9ries 24, 24C et 24F avec contacts SPDT et bo\u00eetier pivotant \u00e0 360\u00b0. Convient pour une plage de pression de 0,3 \u00e0 400 bars. Disponible en Belgique via LDA.\",\"breadcrumb\":{\"@id\":\"https:\\\/\\\/lda.be\\\/fr\\\/produit\\\/pressostat-a-membrane-piston-avec-spdt\\\/#breadcrumb\"},\"inLanguage\":\"fr-FR\",\"potentialAction\":[{\"@type\":\"ReadAction\",\"target\":[\"https:\\\/\\\/lda.be\\\/fr\\\/produit\\\/pressostat-a-membrane-piston-avec-spdt\\\/\"]}]},{\"@type\":\"ImageObject\",\"inLanguage\":\"fr-FR\",\"@id\":\"https:\\\/\\\/lda.be\\\/fr\\\/produit\\\/pressostat-a-membrane-piston-avec-spdt\\\/#primaryimage\",\"url\":\"https:\\\/\\\/lda.be\\\/wp-content\\\/uploads\\\/2025\\\/08\\\/pressure-switch-spdt.webp\",\"contentUrl\":\"https:\\\/\\\/lda.be\\\/wp-content\\\/uploads\\\/2025\\\/08\\\/pressure-switch-spdt.webp\",\"width\":800,\"height\":800,\"caption\":\"Industri\u00eble drukschakelaars serie 24, 24C & 24F met SPDT-contacten en 360\u00b0 draaibare behuizing. Geschikt voor 0,3\u2013400 bar. Leverbaar in Belgi\u00eb via LDA.\"},{\"@type\":\"BreadcrumbList\",\"@id\":\"https:\\\/\\\/lda.be\\\/fr\\\/produit\\\/pressostat-a-membrane-piston-avec-spdt\\\/#breadcrumb\",\"itemListElement\":[{\"@type\":\"ListItem\",\"position\":1,\"name\":\"Accueil\",\"item\":\"https:\\\/\\\/lda.be\\\/fr\\\/\"},{\"@type\":\"ListItem\",\"position\":2,\"name\":\"Produits\",\"item\":\"https:\\\/\\\/lda.be\\\/fr\\\/produits\\\/\"},{\"@type\":\"ListItem\",\"position\":3,\"name\":\"Pressostat \u00e0 membrane\\\/piston avec SPDT\"}]},{\"@type\":\"WebSite\",\"@id\":\"https:\\\/\\\/lda.be\\\/fr\\\/#website\",\"url\":\"https:\\\/\\\/lda.be\\\/fr\\\/\",\"name\":\"LDA Belgium\",\"description\":\"Solutions For Life\",\"publisher\":{\"@id\":\"https:\\\/\\\/lda.be\\\/fr\\\/#organization\"},\"potentialAction\":[{\"@type\":\"SearchAction\",\"target\":{\"@type\":\"EntryPoint\",\"urlTemplate\":\"https:\\\/\\\/lda.be\\\/fr\\\/?s={search_term_string}\"},\"query-input\":{\"@type\":\"PropertyValueSpecification\",\"valueRequired\":true,\"valueName\":\"search_term_string\"}}],\"inLanguage\":\"fr-FR\"},{\"@type\":\"Organization\",\"@id\":\"https:\\\/\\\/lda.be\\\/fr\\\/#organization\",\"name\":\"LDA Belgium\",\"url\":\"https:\\\/\\\/lda.be\\\/fr\\\/\",\"logo\":{\"@type\":\"ImageObject\",\"inLanguage\":\"fr-FR\",\"@id\":\"https:\\\/\\\/lda.be\\\/fr\\\/#\\\/schema\\\/logo\\\/image\\\/\",\"url\":\"https:\\\/\\\/lda.be\\\/wp-content\\\/uploads\\\/2022\\\/07\\\/Logo-LDA.webp\",\"contentUrl\":\"https:\\\/\\\/lda.be\\\/wp-content\\\/uploads\\\/2022\\\/07\\\/Logo-LDA.webp\",\"width\":311,\"height\":101,\"caption\":\"LDA Belgium\"},\"image\":{\"@id\":\"https:\\\/\\\/lda.be\\\/fr\\\/#\\\/schema\\\/logo\\\/image\\\/\"},\"sameAs\":[\"https:\\\/\\\/www.linkedin.com\\\/company\\\/lda-belgium-nv\"]}]}<\/script>\n<!-- \/ Yoast SEO plugin. -->","yoast_head_json":{"title":"Pressostat \u00e0 membrane\/piston avec SPDT - LDA Belgique","description":"Pressostats industriels s\u00e9ries 24, 24C et 24F avec contacts SPDT et bo\u00eetier pivotant \u00e0 360\u00b0. Convient pour une plage de pression de 0,3 \u00e0 400 bars. Disponible en Belgique via LDA.","robots":{"index":"index","follow":"follow","max-snippet":"max-snippet:-1","max-image-preview":"max-image-preview:large","max-video-preview":"max-video-preview:-1"},"canonical":"https:\/\/lda.be\/fr\/produit\/pressostat-a-membrane-piston-avec-spdt\/","og_locale":"fr_FR","og_type":"article","og_title":"Pressostat \u00e0 membrane\/piston avec SPDT - LDA Belgique","og_description":"Pressostats industriels s\u00e9ries 24, 24C et 24F avec contacts SPDT et bo\u00eetier pivotant \u00e0 360\u00b0. Convient pour une plage de pression de 0,3 \u00e0 400 bars. Disponible en Belgique via LDA.","og_url":"https:\/\/lda.be\/fr\/produit\/pressostat-a-membrane-piston-avec-spdt\/","og_site_name":"LDA Belgique","article_modified_time":"2025-08-11T08:44:24+00:00","og_image":[{"width":800,"height":800,"url":"https:\/\/lda.be\/wp-content\/uploads\/2025\/08\/pressure-switch-spdt.webp","type":"image\/webp"}],"twitter_card":"summary_large_image","twitter_misc":{"Dur\u00e9e de lecture estim\u00e9e":"1 minute"},"schema":{"@context":"https:\/\/schema.org","@graph":[{"@type":"WebPage","@id":"https:\/\/lda.be\/fr\/produit\/pressostat-a-membrane-piston-avec-spdt\/","url":"https:\/\/lda.be\/fr\/produit\/pressostat-a-membrane-piston-avec-spdt\/","name":"Pressostat \u00e0 membrane\/piston avec SPDT - LDA Belgique","isPartOf":{"@id":"https:\/\/lda.be\/fr\/#website"},"primaryImageOfPage":{"@id":"https:\/\/lda.be\/fr\/produit\/pressostat-a-membrane-piston-avec-spdt\/#primaryimage"},"image":{"@id":"https:\/\/lda.be\/fr\/produit\/pressostat-a-membrane-piston-avec-spdt\/#primaryimage"},"thumbnailUrl":"https:\/\/lda.be\/wp-content\/uploads\/2025\/08\/pressure-switch-spdt.webp","datePublished":"2025-08-11T08:29:21+00:00","dateModified":"2025-08-11T08:44:24+00:00","description":"Pressostats industriels s\u00e9ries 24, 24C et 24F avec contacts SPDT et bo\u00eetier pivotant \u00e0 360\u00b0. Convient pour une plage de pression de 0,3 \u00e0 400 bars. Disponible en Belgique via LDA.","breadcrumb":{"@id":"https:\/\/lda.be\/fr\/produit\/pressostat-a-membrane-piston-avec-spdt\/#breadcrumb"},"inLanguage":"fr-FR","potentialAction":[{"@type":"ReadAction","target":["https:\/\/lda.be\/fr\/produit\/pressostat-a-membrane-piston-avec-spdt\/"]}]},{"@type":"ImageObject","inLanguage":"fr-FR","@id":"https:\/\/lda.be\/fr\/produit\/pressostat-a-membrane-piston-avec-spdt\/#primaryimage","url":"https:\/\/lda.be\/wp-content\/uploads\/2025\/08\/pressure-switch-spdt.webp","contentUrl":"https:\/\/lda.be\/wp-content\/uploads\/2025\/08\/pressure-switch-spdt.webp","width":800,"height":800,"caption":"Industri\u00eble drukschakelaars serie 24, 24C & 24F met SPDT-contacten en 360\u00b0 draaibare behuizing. Geschikt voor 0,3\u2013400 bar. Leverbaar in Belgi\u00eb via LDA."},{"@type":"BreadcrumbList","@id":"https:\/\/lda.be\/fr\/produit\/pressostat-a-membrane-piston-avec-spdt\/#breadcrumb","itemListElement":[{"@type":"ListItem","position":1,"name":"Accueil","item":"https:\/\/lda.be\/fr\/"},{"@type":"ListItem","position":2,"name":"Produits","item":"https:\/\/lda.be\/fr\/produits\/"},{"@type":"ListItem","position":3,"name":"Pressostat \u00e0 membrane\/piston avec SPDT"}]},{"@type":"WebSite","@id":"https:\/\/lda.be\/fr\/#website","url":"https:\/\/lda.be\/fr\/","name":"LDA Belgium","description":"Solutions For Life","publisher":{"@id":"https:\/\/lda.be\/fr\/#organization"},"potentialAction":[{"@type":"SearchAction","target":{"@type":"EntryPoint","urlTemplate":"https:\/\/lda.be\/fr\/?s={search_term_string}"},"query-input":{"@type":"PropertyValueSpecification","valueRequired":true,"valueName":"search_term_string"}}],"inLanguage":"fr-FR"},{"@type":"Organization","@id":"https:\/\/lda.be\/fr\/#organization","name":"LDA Belgium","url":"https:\/\/lda.be\/fr\/","logo":{"@type":"ImageObject","inLanguage":"fr-FR","@id":"https:\/\/lda.be\/fr\/#\/schema\/logo\/image\/","url":"https:\/\/lda.be\/wp-content\/uploads\/2022\/07\/Logo-LDA.webp","contentUrl":"https:\/\/lda.be\/wp-content\/uploads\/2022\/07\/Logo-LDA.webp","width":311,"height":101,"caption":"LDA Belgium"},"image":{"@id":"https:\/\/lda.be\/fr\/#\/schema\/logo\/image\/"},"sameAs":["https:\/\/www.linkedin.com\/company\/lda-belgium-nv"]}]}},"_links":{"self":[{"href":"https:\/\/lda.be\/fr\/wp-json\/wp\/v2\/product\/10498","targetHints":{"allow":["GET"]}}],"collection":[{"href":"https:\/\/lda.be\/fr\/wp-json\/wp\/v2\/product"}],"about":[{"href":"https:\/\/lda.be\/fr\/wp-json\/wp\/v2\/types\/product"}],"replies":[{"embeddable":true,"href":"https:\/\/lda.be\/fr\/wp-json\/wp\/v2\/comments?post=10498"}],"wp:featuredmedia":[{"embeddable":true,"href":"https:\/\/lda.be\/fr\/wp-json\/wp\/v2\/media\/10479"}],"wp:attachment":[{"href":"https:\/\/lda.be\/fr\/wp-json\/wp\/v2\/media?parent=10498"}],"wp:term":[{"taxonomy":"product_brand","embeddable":true,"href":"https:\/\/lda.be\/fr\/wp-json\/wp\/v2\/product_brand?post=10498"},{"taxonomy":"product_cat","embeddable":true,"href":"https:\/\/lda.be\/fr\/wp-json\/wp\/v2\/product_cat?post=10498"},{"taxonomy":"product_tag","embeddable":true,"href":"https:\/\/lda.be\/fr\/wp-json\/wp\/v2\/product_tag?post=10498"}],"curies":[{"name":"wp","href":"https:\/\/api.w.org\/{rel}","templated":true}]}}