{"id":10508,"date":"2025-08-11T10:19:21","date_gmt":"2025-08-11T09:19:21","guid":{"rendered":"https:\/\/lda.be\/?post_type=product&#038;p=10508"},"modified":"2025-08-11T10:25:00","modified_gmt":"2025-08-11T09:25:00","slug":"pressostat-a-piston-pour-basse-pression","status":"publish","type":"product","link":"https:\/\/lda.be\/fr\/produit\/pressostat-a-piston-pour-basse-pression\/","title":{"rendered":"Pressostat \u00e0 piston pour basse pression"},"content":{"rendered":"<p>Ce pressostat \u00e0 piston a \u00e9t\u00e9 sp\u00e9cialement con\u00e7u pour les applications n\u00e9cessitant le contr\u00f4le de faibles valeurs de pression. Gr\u00e2ce \u00e0 son bo\u00eetier en aluminium, ses contacts argent\u00e9s et son r\u00e9glage pr\u00e9cis \u00e0 l&#8217;aide d&#8217;une cl\u00e9 Allen de 1,5 mm, ce pressostat offre une longue dur\u00e9e de vie.<br \/>\nLe pressostat est adapt\u00e9 \u00e0 des temp\u00e9ratures de fonctionnement allant jusqu&#8217;\u00e0 80 \u00b0C et dispose d&#8217;un indice de protection IP65 (avec connecteur conforme \u00e0 la norme UNI EN 175301-803 \/ DIN 43650), ce qui le rend r\u00e9sistant \u00e0 la poussi\u00e8re et aux projections d&#8217;eau. Il est donc parfait pour une utilisation dans les machines, les syst\u00e8mes hydrauliques et pneumatiques et autres installations industrielles, tant \u00e0 l&#8217;int\u00e9rieur qu&#8217;\u00e0 l&#8217;ext\u00e9rieur.<br \/>\nAvec une dur\u00e9e de vie m\u00e9canique de 200 000 commutations et une dur\u00e9e de vie \u00e9lectrique de 50 000 commutations, ce pressostat est un choix durable. De plus, le pressostat est disponible en option avec la certification ATEX \/ IECEx pour les environnements explosifs.<\/p>\n","protected":false},"excerpt":{"rendered":"<p>Ce pressostat \u00e0 piston a \u00e9t\u00e9 sp\u00e9cialement con\u00e7u pour les applications n\u00e9cessitant le contr\u00f4le de faibles valeurs de pression. Gr\u00e2ce \u00e0 son bo\u00eetier en aluminium, ses contacts argent\u00e9s et son r\u00e9glage pr\u00e9cis \u00e0 l&#8217;aide d&#8217;une cl\u00e9 Allen de 1,5 mm, ce pressostat offre une longue dur\u00e9e de vie. Le pressostat est adapt\u00e9 \u00e0 des temp\u00e9ratures [&hellip;]<\/p>\n","protected":false},"featured_media":10503,"comment_status":"closed","ping_status":"closed","template":"","meta":[],"product_brand":[1735,1736],"product_cat":[932,942,952],"product_tag":[],"class_list":{"0":"post-10508","1":"product","2":"type-product","3":"status-publish","4":"has-post-thumbnail","6":"product_brand-euroswitch","7":"product_brand-pressure-switch","8":"product_cat-instrumentation-composants-atex","9":"product_cat-composants-standards","10":"product_cat-pressostats","12":"first","13":"instock","14":"shipping-taxable","15":"product-type-simple"},"yoast_head":"<!-- This site is optimized with the Yoast SEO plugin v27.3 - https:\/\/yoast.com\/product\/yoast-seo-wordpress\/ -->\n<title>Pressostat \u00e0 piston pour basse pression - LDA Belgique<\/title>\n<meta name=\"description\" content=\"Pressostats industriels avec contacts SPDT et bo\u00eetier pivotant \u00e0 360\u00b0. Adapt\u00e9s aux applications \u00e0 basse pression. Disponibles en Belgique via LDA.\" \/>\n<meta name=\"robots\" content=\"index, follow, max-snippet:-1, max-image-preview:large, max-video-preview:-1\" \/>\n<link rel=\"canonical\" href=\"https:\/\/lda.be\/fr\/produit\/pressostat-a-piston-pour-basse-pression\/\" \/>\n<meta property=\"og:locale\" content=\"fr_FR\" \/>\n<meta property=\"og:type\" content=\"article\" \/>\n<meta property=\"og:title\" content=\"Pressostat \u00e0 piston pour basse pression - LDA Belgique\" \/>\n<meta property=\"og:description\" content=\"Pressostats industriels avec contacts SPDT et bo\u00eetier pivotant \u00e0 360\u00b0. Adapt\u00e9s aux applications \u00e0 basse pression. Disponibles en Belgique via LDA.\" \/>\n<meta property=\"og:url\" content=\"https:\/\/lda.be\/fr\/produit\/pressostat-a-piston-pour-basse-pression\/\" \/>\n<meta property=\"og:site_name\" content=\"LDA Belgique\" \/>\n<meta property=\"article:modified_time\" content=\"2025-08-11T09:25:00+00:00\" \/>\n<meta property=\"og:image\" content=\"https:\/\/lda.be\/wp-content\/uploads\/2025\/08\/piston-low-pressureoperated-pressure-switch.webp\" \/>\n\t<meta property=\"og:image:width\" content=\"800\" \/>\n\t<meta property=\"og:image:height\" content=\"800\" \/>\n\t<meta property=\"og:image:type\" content=\"image\/webp\" \/>\n<meta name=\"twitter:card\" content=\"summary_large_image\" \/>\n<meta name=\"twitter:label1\" content=\"Dur\u00e9e de lecture estim\u00e9e\" \/>\n\t<meta name=\"twitter:data1\" content=\"1 minute\" \/>\n<script type=\"application\/ld+json\" class=\"yoast-schema-graph\">{\"@context\":\"https:\\\/\\\/schema.org\",\"@graph\":[{\"@type\":\"WebPage\",\"@id\":\"https:\\\/\\\/lda.be\\\/fr\\\/produit\\\/pressostat-a-piston-pour-basse-pression\\\/\",\"url\":\"https:\\\/\\\/lda.be\\\/fr\\\/produit\\\/pressostat-a-piston-pour-basse-pression\\\/\",\"name\":\"Pressostat \u00e0 piston pour basse pression - LDA Belgique\",\"isPartOf\":{\"@id\":\"https:\\\/\\\/lda.be\\\/fr\\\/#website\"},\"primaryImageOfPage\":{\"@id\":\"https:\\\/\\\/lda.be\\\/fr\\\/produit\\\/pressostat-a-piston-pour-basse-pression\\\/#primaryimage\"},\"image\":{\"@id\":\"https:\\\/\\\/lda.be\\\/fr\\\/produit\\\/pressostat-a-piston-pour-basse-pression\\\/#primaryimage\"},\"thumbnailUrl\":\"https:\\\/\\\/lda.be\\\/wp-content\\\/uploads\\\/2025\\\/08\\\/piston-low-pressureoperated-pressure-switch.webp\",\"datePublished\":\"2025-08-11T09:19:21+00:00\",\"dateModified\":\"2025-08-11T09:25:00+00:00\",\"description\":\"Pressostats industriels avec contacts SPDT et bo\u00eetier pivotant \u00e0 360\u00b0. Adapt\u00e9s aux applications \u00e0 basse pression. Disponibles en Belgique via LDA.\",\"breadcrumb\":{\"@id\":\"https:\\\/\\\/lda.be\\\/fr\\\/produit\\\/pressostat-a-piston-pour-basse-pression\\\/#breadcrumb\"},\"inLanguage\":\"fr-FR\",\"potentialAction\":[{\"@type\":\"ReadAction\",\"target\":[\"https:\\\/\\\/lda.be\\\/fr\\\/produit\\\/pressostat-a-piston-pour-basse-pression\\\/\"]}]},{\"@type\":\"ImageObject\",\"inLanguage\":\"fr-FR\",\"@id\":\"https:\\\/\\\/lda.be\\\/fr\\\/produit\\\/pressostat-a-piston-pour-basse-pression\\\/#primaryimage\",\"url\":\"https:\\\/\\\/lda.be\\\/wp-content\\\/uploads\\\/2025\\\/08\\\/piston-low-pressureoperated-pressure-switch.webp\",\"contentUrl\":\"https:\\\/\\\/lda.be\\\/wp-content\\\/uploads\\\/2025\\\/08\\\/piston-low-pressureoperated-pressure-switch.webp\",\"width\":800,\"height\":800,\"caption\":\"drukschakelaar voor lage druk\"},{\"@type\":\"BreadcrumbList\",\"@id\":\"https:\\\/\\\/lda.be\\\/fr\\\/produit\\\/pressostat-a-piston-pour-basse-pression\\\/#breadcrumb\",\"itemListElement\":[{\"@type\":\"ListItem\",\"position\":1,\"name\":\"Accueil\",\"item\":\"https:\\\/\\\/lda.be\\\/fr\\\/\"},{\"@type\":\"ListItem\",\"position\":2,\"name\":\"Produits\",\"item\":\"https:\\\/\\\/lda.be\\\/fr\\\/produits\\\/\"},{\"@type\":\"ListItem\",\"position\":3,\"name\":\"Pressostat \u00e0 piston pour basse pression\"}]},{\"@type\":\"WebSite\",\"@id\":\"https:\\\/\\\/lda.be\\\/fr\\\/#website\",\"url\":\"https:\\\/\\\/lda.be\\\/fr\\\/\",\"name\":\"LDA Belgium\",\"description\":\"Solutions For Life\",\"publisher\":{\"@id\":\"https:\\\/\\\/lda.be\\\/fr\\\/#organization\"},\"potentialAction\":[{\"@type\":\"SearchAction\",\"target\":{\"@type\":\"EntryPoint\",\"urlTemplate\":\"https:\\\/\\\/lda.be\\\/fr\\\/?s={search_term_string}\"},\"query-input\":{\"@type\":\"PropertyValueSpecification\",\"valueRequired\":true,\"valueName\":\"search_term_string\"}}],\"inLanguage\":\"fr-FR\"},{\"@type\":\"Organization\",\"@id\":\"https:\\\/\\\/lda.be\\\/fr\\\/#organization\",\"name\":\"LDA Belgium\",\"url\":\"https:\\\/\\\/lda.be\\\/fr\\\/\",\"logo\":{\"@type\":\"ImageObject\",\"inLanguage\":\"fr-FR\",\"@id\":\"https:\\\/\\\/lda.be\\\/fr\\\/#\\\/schema\\\/logo\\\/image\\\/\",\"url\":\"https:\\\/\\\/lda.be\\\/wp-content\\\/uploads\\\/2022\\\/07\\\/Logo-LDA.webp\",\"contentUrl\":\"https:\\\/\\\/lda.be\\\/wp-content\\\/uploads\\\/2022\\\/07\\\/Logo-LDA.webp\",\"width\":311,\"height\":101,\"caption\":\"LDA Belgium\"},\"image\":{\"@id\":\"https:\\\/\\\/lda.be\\\/fr\\\/#\\\/schema\\\/logo\\\/image\\\/\"},\"sameAs\":[\"https:\\\/\\\/www.linkedin.com\\\/company\\\/lda-belgium-nv\"]}]}<\/script>\n<!-- \/ Yoast SEO plugin. -->","yoast_head_json":{"title":"Pressostat \u00e0 piston pour basse pression - LDA Belgique","description":"Pressostats industriels avec contacts SPDT et bo\u00eetier pivotant \u00e0 360\u00b0. Adapt\u00e9s aux applications \u00e0 basse pression. Disponibles en Belgique via LDA.","robots":{"index":"index","follow":"follow","max-snippet":"max-snippet:-1","max-image-preview":"max-image-preview:large","max-video-preview":"max-video-preview:-1"},"canonical":"https:\/\/lda.be\/fr\/produit\/pressostat-a-piston-pour-basse-pression\/","og_locale":"fr_FR","og_type":"article","og_title":"Pressostat \u00e0 piston pour basse pression - LDA Belgique","og_description":"Pressostats industriels avec contacts SPDT et bo\u00eetier pivotant \u00e0 360\u00b0. Adapt\u00e9s aux applications \u00e0 basse pression. Disponibles en Belgique via LDA.","og_url":"https:\/\/lda.be\/fr\/produit\/pressostat-a-piston-pour-basse-pression\/","og_site_name":"LDA Belgique","article_modified_time":"2025-08-11T09:25:00+00:00","og_image":[{"width":800,"height":800,"url":"https:\/\/lda.be\/wp-content\/uploads\/2025\/08\/piston-low-pressureoperated-pressure-switch.webp","type":"image\/webp"}],"twitter_card":"summary_large_image","twitter_misc":{"Dur\u00e9e de lecture estim\u00e9e":"1 minute"},"schema":{"@context":"https:\/\/schema.org","@graph":[{"@type":"WebPage","@id":"https:\/\/lda.be\/fr\/produit\/pressostat-a-piston-pour-basse-pression\/","url":"https:\/\/lda.be\/fr\/produit\/pressostat-a-piston-pour-basse-pression\/","name":"Pressostat \u00e0 piston pour basse pression - LDA Belgique","isPartOf":{"@id":"https:\/\/lda.be\/fr\/#website"},"primaryImageOfPage":{"@id":"https:\/\/lda.be\/fr\/produit\/pressostat-a-piston-pour-basse-pression\/#primaryimage"},"image":{"@id":"https:\/\/lda.be\/fr\/produit\/pressostat-a-piston-pour-basse-pression\/#primaryimage"},"thumbnailUrl":"https:\/\/lda.be\/wp-content\/uploads\/2025\/08\/piston-low-pressureoperated-pressure-switch.webp","datePublished":"2025-08-11T09:19:21+00:00","dateModified":"2025-08-11T09:25:00+00:00","description":"Pressostats industriels avec contacts SPDT et bo\u00eetier pivotant \u00e0 360\u00b0. Adapt\u00e9s aux applications \u00e0 basse pression. Disponibles en Belgique via LDA.","breadcrumb":{"@id":"https:\/\/lda.be\/fr\/produit\/pressostat-a-piston-pour-basse-pression\/#breadcrumb"},"inLanguage":"fr-FR","potentialAction":[{"@type":"ReadAction","target":["https:\/\/lda.be\/fr\/produit\/pressostat-a-piston-pour-basse-pression\/"]}]},{"@type":"ImageObject","inLanguage":"fr-FR","@id":"https:\/\/lda.be\/fr\/produit\/pressostat-a-piston-pour-basse-pression\/#primaryimage","url":"https:\/\/lda.be\/wp-content\/uploads\/2025\/08\/piston-low-pressureoperated-pressure-switch.webp","contentUrl":"https:\/\/lda.be\/wp-content\/uploads\/2025\/08\/piston-low-pressureoperated-pressure-switch.webp","width":800,"height":800,"caption":"drukschakelaar voor lage druk"},{"@type":"BreadcrumbList","@id":"https:\/\/lda.be\/fr\/produit\/pressostat-a-piston-pour-basse-pression\/#breadcrumb","itemListElement":[{"@type":"ListItem","position":1,"name":"Accueil","item":"https:\/\/lda.be\/fr\/"},{"@type":"ListItem","position":2,"name":"Produits","item":"https:\/\/lda.be\/fr\/produits\/"},{"@type":"ListItem","position":3,"name":"Pressostat \u00e0 piston pour basse pression"}]},{"@type":"WebSite","@id":"https:\/\/lda.be\/fr\/#website","url":"https:\/\/lda.be\/fr\/","name":"LDA Belgium","description":"Solutions For Life","publisher":{"@id":"https:\/\/lda.be\/fr\/#organization"},"potentialAction":[{"@type":"SearchAction","target":{"@type":"EntryPoint","urlTemplate":"https:\/\/lda.be\/fr\/?s={search_term_string}"},"query-input":{"@type":"PropertyValueSpecification","valueRequired":true,"valueName":"search_term_string"}}],"inLanguage":"fr-FR"},{"@type":"Organization","@id":"https:\/\/lda.be\/fr\/#organization","name":"LDA Belgium","url":"https:\/\/lda.be\/fr\/","logo":{"@type":"ImageObject","inLanguage":"fr-FR","@id":"https:\/\/lda.be\/fr\/#\/schema\/logo\/image\/","url":"https:\/\/lda.be\/wp-content\/uploads\/2022\/07\/Logo-LDA.webp","contentUrl":"https:\/\/lda.be\/wp-content\/uploads\/2022\/07\/Logo-LDA.webp","width":311,"height":101,"caption":"LDA Belgium"},"image":{"@id":"https:\/\/lda.be\/fr\/#\/schema\/logo\/image\/"},"sameAs":["https:\/\/www.linkedin.com\/company\/lda-belgium-nv"]}]}},"_links":{"self":[{"href":"https:\/\/lda.be\/fr\/wp-json\/wp\/v2\/product\/10508","targetHints":{"allow":["GET"]}}],"collection":[{"href":"https:\/\/lda.be\/fr\/wp-json\/wp\/v2\/product"}],"about":[{"href":"https:\/\/lda.be\/fr\/wp-json\/wp\/v2\/types\/product"}],"replies":[{"embeddable":true,"href":"https:\/\/lda.be\/fr\/wp-json\/wp\/v2\/comments?post=10508"}],"wp:featuredmedia":[{"embeddable":true,"href":"https:\/\/lda.be\/fr\/wp-json\/wp\/v2\/media\/10503"}],"wp:attachment":[{"href":"https:\/\/lda.be\/fr\/wp-json\/wp\/v2\/media?parent=10508"}],"wp:term":[{"taxonomy":"product_brand","embeddable":true,"href":"https:\/\/lda.be\/fr\/wp-json\/wp\/v2\/product_brand?post=10508"},{"taxonomy":"product_cat","embeddable":true,"href":"https:\/\/lda.be\/fr\/wp-json\/wp\/v2\/product_cat?post=10508"},{"taxonomy":"product_tag","embeddable":true,"href":"https:\/\/lda.be\/fr\/wp-json\/wp\/v2\/product_tag?post=10508"}],"curies":[{"name":"wp","href":"https:\/\/api.w.org\/{rel}","templated":true}]}}