{"id":10517,"date":"2025-08-11T10:49:28","date_gmt":"2025-08-11T09:49:28","guid":{"rendered":"https:\/\/lda.be\/?post_type=product&#038;p=10517"},"modified":"2025-08-11T11:08:24","modified_gmt":"2025-08-11T10:08:24","slug":"pressostat-a-membrane-avec-hysteresis-reglable","status":"publish","type":"product","link":"https:\/\/lda.be\/fr\/produit\/pressostat-a-membrane-avec-hysteresis-reglable\/","title":{"rendered":"Pressostat \u00e0 membrane avec hyst\u00e9r\u00e9sis r\u00e9glable"},"content":{"rendered":"<p>La s\u00e9rie de pressostats 27N\u201328N est con\u00e7ue pour les applications industrielles o\u00f9 un contr\u00f4le pr\u00e9cis de la pression et une commutation fiable des circuits \u00e9lectriques sont essentiels. Gr\u00e2ce aux contacts inverseurs SPDT (Single Pole Double Throw), ces pressostats peuvent \u00eatre utilis\u00e9s de mani\u00e8re flexible dans les syst\u00e8mes qui n\u00e9cessitent \u00e0 la fois un signal normalement ferm\u00e9 (NC) et un signal normalement ouvert (NO).<\/p>\n<p>L&#8217;un des principaux avantages de cette s\u00e9rie est l&#8217;hyst\u00e9r\u00e9sis r\u00e9glable :<\/p>\n<ul>\n<li>Version \u00e0 membrane : r\u00e9glable de 20 % \u00e0 50 % (30 % en standard)<\/li>\n<li>Version \u00e0 piston : r\u00e9glable de 30 % \u00e0 50 % (40 % en standard)<\/li>\n<\/ul>\n<p>L&#8217;utilisateur peut ainsi adapter parfaitement le moment de commutation aux exigences du processus.<\/p>\n<p>Le bo\u00eetier est disponible en acier galvanis\u00e9, en laiton, en acier inoxydable AISI 316 ou en acier inoxydable AISI 303, ce qui rend le commutateur adapt\u00e9 \u00e0 divers fluides et environnements. Les fils de connexion varient de 1\/8\u00ab \u00e0 1\/4 \u00bb (conique gaz, cylindrique gaz, NPT, M10x1K et M12x1,5), ce qui facilite l&#8217;int\u00e9gration dans les syst\u00e8mes existants.<\/p>\n","protected":false},"excerpt":{"rendered":"<p>La s\u00e9rie de pressostats 27N\u201328N est con\u00e7ue pour les applications industrielles o\u00f9 un contr\u00f4le pr\u00e9cis de la pression et une commutation fiable des circuits \u00e9lectriques sont essentiels. Gr\u00e2ce aux contacts inverseurs SPDT (Single Pole Double Throw), ces pressostats peuvent \u00eatre utilis\u00e9s de mani\u00e8re flexible dans les syst\u00e8mes qui n\u00e9cessitent \u00e0 la fois un signal normalement [&hellip;]<\/p>\n","protected":false},"featured_media":10515,"comment_status":"closed","ping_status":"closed","template":"","meta":[],"product_brand":[1735,1736],"product_cat":[932,942,952],"product_tag":[],"class_list":{"0":"post-10517","1":"product","2":"type-product","3":"status-publish","4":"has-post-thumbnail","6":"product_brand-euroswitch","7":"product_brand-pressure-switch","8":"product_cat-instrumentation-composants-atex","9":"product_cat-composants-standards","10":"product_cat-pressostats","12":"first","13":"instock","14":"shipping-taxable","15":"product-type-simple"},"yoast_head":"<!-- This site is optimized with the Yoast SEO plugin v27.3 - https:\/\/yoast.com\/product\/yoast-seo-wordpress\/ -->\n<title>Pressostat \u00e0 membrane avec hyst\u00e9r\u00e9sis r\u00e9glable - LDA Belgique<\/title>\n<meta name=\"description\" content=\"Pressostats 27N\u201328N avec hyst\u00e9r\u00e9sis r\u00e9glable et contacts inverseurs SPDT. Convient pour 0,3\u2013400 bar, protection IP65, divers mat\u00e9riaux. Disponible en Belgique.\" \/>\n<meta name=\"robots\" content=\"index, follow, max-snippet:-1, max-image-preview:large, max-video-preview:-1\" \/>\n<link rel=\"canonical\" href=\"https:\/\/lda.be\/fr\/produit\/pressostat-a-membrane-avec-hysteresis-reglable\/\" \/>\n<meta property=\"og:locale\" content=\"fr_FR\" \/>\n<meta property=\"og:type\" content=\"article\" \/>\n<meta property=\"og:title\" content=\"Pressostat \u00e0 membrane avec hyst\u00e9r\u00e9sis r\u00e9glable - LDA Belgique\" \/>\n<meta property=\"og:description\" content=\"Pressostats 27N\u201328N avec hyst\u00e9r\u00e9sis r\u00e9glable et contacts inverseurs SPDT. Convient pour 0,3\u2013400 bar, protection IP65, divers mat\u00e9riaux. Disponible en Belgique.\" \/>\n<meta property=\"og:url\" content=\"https:\/\/lda.be\/fr\/produit\/pressostat-a-membrane-avec-hysteresis-reglable\/\" \/>\n<meta property=\"og:site_name\" content=\"LDA Belgique\" \/>\n<meta property=\"article:modified_time\" content=\"2025-08-11T10:08:24+00:00\" \/>\n<meta property=\"og:image\" content=\"https:\/\/lda.be\/wp-content\/uploads\/2025\/08\/membraan-drukschakelaar.webp\" \/>\n\t<meta property=\"og:image:width\" content=\"800\" \/>\n\t<meta property=\"og:image:height\" content=\"800\" \/>\n\t<meta property=\"og:image:type\" content=\"image\/webp\" \/>\n<meta name=\"twitter:card\" content=\"summary_large_image\" \/>\n<meta name=\"twitter:label1\" content=\"Dur\u00e9e de lecture estim\u00e9e\" \/>\n\t<meta name=\"twitter:data1\" content=\"1 minute\" \/>\n<script type=\"application\/ld+json\" class=\"yoast-schema-graph\">{\"@context\":\"https:\\\/\\\/schema.org\",\"@graph\":[{\"@type\":\"WebPage\",\"@id\":\"https:\\\/\\\/lda.be\\\/fr\\\/produit\\\/pressostat-a-membrane-avec-hysteresis-reglable\\\/\",\"url\":\"https:\\\/\\\/lda.be\\\/fr\\\/produit\\\/pressostat-a-membrane-avec-hysteresis-reglable\\\/\",\"name\":\"Pressostat \u00e0 membrane avec hyst\u00e9r\u00e9sis r\u00e9glable - LDA Belgique\",\"isPartOf\":{\"@id\":\"https:\\\/\\\/lda.be\\\/fr\\\/#website\"},\"primaryImageOfPage\":{\"@id\":\"https:\\\/\\\/lda.be\\\/fr\\\/produit\\\/pressostat-a-membrane-avec-hysteresis-reglable\\\/#primaryimage\"},\"image\":{\"@id\":\"https:\\\/\\\/lda.be\\\/fr\\\/produit\\\/pressostat-a-membrane-avec-hysteresis-reglable\\\/#primaryimage\"},\"thumbnailUrl\":\"https:\\\/\\\/lda.be\\\/wp-content\\\/uploads\\\/2025\\\/08\\\/membraan-drukschakelaar.webp\",\"datePublished\":\"2025-08-11T09:49:28+00:00\",\"dateModified\":\"2025-08-11T10:08:24+00:00\",\"description\":\"Pressostats 27N\u201328N avec hyst\u00e9r\u00e9sis r\u00e9glable et contacts inverseurs SPDT. Convient pour 0,3\u2013400 bar, protection IP65, divers mat\u00e9riaux. Disponible en Belgique.\",\"breadcrumb\":{\"@id\":\"https:\\\/\\\/lda.be\\\/fr\\\/produit\\\/pressostat-a-membrane-avec-hysteresis-reglable\\\/#breadcrumb\"},\"inLanguage\":\"fr-FR\",\"potentialAction\":[{\"@type\":\"ReadAction\",\"target\":[\"https:\\\/\\\/lda.be\\\/fr\\\/produit\\\/pressostat-a-membrane-avec-hysteresis-reglable\\\/\"]}]},{\"@type\":\"ImageObject\",\"inLanguage\":\"fr-FR\",\"@id\":\"https:\\\/\\\/lda.be\\\/fr\\\/produit\\\/pressostat-a-membrane-avec-hysteresis-reglable\\\/#primaryimage\",\"url\":\"https:\\\/\\\/lda.be\\\/wp-content\\\/uploads\\\/2025\\\/08\\\/membraan-drukschakelaar.webp\",\"contentUrl\":\"https:\\\/\\\/lda.be\\\/wp-content\\\/uploads\\\/2025\\\/08\\\/membraan-drukschakelaar.webp\",\"width\":800,\"height\":800,\"caption\":\"27N\u201328N drukschakelaars met instelbare hysteresis en SPDT-wisselcontacten. Geschikt voor 0,3\u2013400 bar, IP65-bescherming, diverse materialen. Leverbaar in Belgi\u00eb.\"},{\"@type\":\"BreadcrumbList\",\"@id\":\"https:\\\/\\\/lda.be\\\/fr\\\/produit\\\/pressostat-a-membrane-avec-hysteresis-reglable\\\/#breadcrumb\",\"itemListElement\":[{\"@type\":\"ListItem\",\"position\":1,\"name\":\"Accueil\",\"item\":\"https:\\\/\\\/lda.be\\\/fr\\\/\"},{\"@type\":\"ListItem\",\"position\":2,\"name\":\"Produits\",\"item\":\"https:\\\/\\\/lda.be\\\/fr\\\/produits\\\/\"},{\"@type\":\"ListItem\",\"position\":3,\"name\":\"Pressostat \u00e0 membrane avec hyst\u00e9r\u00e9sis r\u00e9glable\"}]},{\"@type\":\"WebSite\",\"@id\":\"https:\\\/\\\/lda.be\\\/fr\\\/#website\",\"url\":\"https:\\\/\\\/lda.be\\\/fr\\\/\",\"name\":\"LDA Belgium\",\"description\":\"Solutions For Life\",\"publisher\":{\"@id\":\"https:\\\/\\\/lda.be\\\/fr\\\/#organization\"},\"potentialAction\":[{\"@type\":\"SearchAction\",\"target\":{\"@type\":\"EntryPoint\",\"urlTemplate\":\"https:\\\/\\\/lda.be\\\/fr\\\/?s={search_term_string}\"},\"query-input\":{\"@type\":\"PropertyValueSpecification\",\"valueRequired\":true,\"valueName\":\"search_term_string\"}}],\"inLanguage\":\"fr-FR\"},{\"@type\":\"Organization\",\"@id\":\"https:\\\/\\\/lda.be\\\/fr\\\/#organization\",\"name\":\"LDA Belgium\",\"url\":\"https:\\\/\\\/lda.be\\\/fr\\\/\",\"logo\":{\"@type\":\"ImageObject\",\"inLanguage\":\"fr-FR\",\"@id\":\"https:\\\/\\\/lda.be\\\/fr\\\/#\\\/schema\\\/logo\\\/image\\\/\",\"url\":\"https:\\\/\\\/lda.be\\\/wp-content\\\/uploads\\\/2022\\\/07\\\/Logo-LDA.webp\",\"contentUrl\":\"https:\\\/\\\/lda.be\\\/wp-content\\\/uploads\\\/2022\\\/07\\\/Logo-LDA.webp\",\"width\":311,\"height\":101,\"caption\":\"LDA Belgium\"},\"image\":{\"@id\":\"https:\\\/\\\/lda.be\\\/fr\\\/#\\\/schema\\\/logo\\\/image\\\/\"},\"sameAs\":[\"https:\\\/\\\/www.linkedin.com\\\/company\\\/lda-belgium-nv\"]}]}<\/script>\n<!-- \/ Yoast SEO plugin. -->","yoast_head_json":{"title":"Pressostat \u00e0 membrane avec hyst\u00e9r\u00e9sis r\u00e9glable - LDA Belgique","description":"Pressostats 27N\u201328N avec hyst\u00e9r\u00e9sis r\u00e9glable et contacts inverseurs SPDT. Convient pour 0,3\u2013400 bar, protection IP65, divers mat\u00e9riaux. Disponible en Belgique.","robots":{"index":"index","follow":"follow","max-snippet":"max-snippet:-1","max-image-preview":"max-image-preview:large","max-video-preview":"max-video-preview:-1"},"canonical":"https:\/\/lda.be\/fr\/produit\/pressostat-a-membrane-avec-hysteresis-reglable\/","og_locale":"fr_FR","og_type":"article","og_title":"Pressostat \u00e0 membrane avec hyst\u00e9r\u00e9sis r\u00e9glable - LDA Belgique","og_description":"Pressostats 27N\u201328N avec hyst\u00e9r\u00e9sis r\u00e9glable et contacts inverseurs SPDT. Convient pour 0,3\u2013400 bar, protection IP65, divers mat\u00e9riaux. Disponible en Belgique.","og_url":"https:\/\/lda.be\/fr\/produit\/pressostat-a-membrane-avec-hysteresis-reglable\/","og_site_name":"LDA Belgique","article_modified_time":"2025-08-11T10:08:24+00:00","og_image":[{"width":800,"height":800,"url":"https:\/\/lda.be\/wp-content\/uploads\/2025\/08\/membraan-drukschakelaar.webp","type":"image\/webp"}],"twitter_card":"summary_large_image","twitter_misc":{"Dur\u00e9e de lecture estim\u00e9e":"1 minute"},"schema":{"@context":"https:\/\/schema.org","@graph":[{"@type":"WebPage","@id":"https:\/\/lda.be\/fr\/produit\/pressostat-a-membrane-avec-hysteresis-reglable\/","url":"https:\/\/lda.be\/fr\/produit\/pressostat-a-membrane-avec-hysteresis-reglable\/","name":"Pressostat \u00e0 membrane avec hyst\u00e9r\u00e9sis r\u00e9glable - LDA Belgique","isPartOf":{"@id":"https:\/\/lda.be\/fr\/#website"},"primaryImageOfPage":{"@id":"https:\/\/lda.be\/fr\/produit\/pressostat-a-membrane-avec-hysteresis-reglable\/#primaryimage"},"image":{"@id":"https:\/\/lda.be\/fr\/produit\/pressostat-a-membrane-avec-hysteresis-reglable\/#primaryimage"},"thumbnailUrl":"https:\/\/lda.be\/wp-content\/uploads\/2025\/08\/membraan-drukschakelaar.webp","datePublished":"2025-08-11T09:49:28+00:00","dateModified":"2025-08-11T10:08:24+00:00","description":"Pressostats 27N\u201328N avec hyst\u00e9r\u00e9sis r\u00e9glable et contacts inverseurs SPDT. Convient pour 0,3\u2013400 bar, protection IP65, divers mat\u00e9riaux. Disponible en Belgique.","breadcrumb":{"@id":"https:\/\/lda.be\/fr\/produit\/pressostat-a-membrane-avec-hysteresis-reglable\/#breadcrumb"},"inLanguage":"fr-FR","potentialAction":[{"@type":"ReadAction","target":["https:\/\/lda.be\/fr\/produit\/pressostat-a-membrane-avec-hysteresis-reglable\/"]}]},{"@type":"ImageObject","inLanguage":"fr-FR","@id":"https:\/\/lda.be\/fr\/produit\/pressostat-a-membrane-avec-hysteresis-reglable\/#primaryimage","url":"https:\/\/lda.be\/wp-content\/uploads\/2025\/08\/membraan-drukschakelaar.webp","contentUrl":"https:\/\/lda.be\/wp-content\/uploads\/2025\/08\/membraan-drukschakelaar.webp","width":800,"height":800,"caption":"27N\u201328N drukschakelaars met instelbare hysteresis en SPDT-wisselcontacten. Geschikt voor 0,3\u2013400 bar, IP65-bescherming, diverse materialen. Leverbaar in Belgi\u00eb."},{"@type":"BreadcrumbList","@id":"https:\/\/lda.be\/fr\/produit\/pressostat-a-membrane-avec-hysteresis-reglable\/#breadcrumb","itemListElement":[{"@type":"ListItem","position":1,"name":"Accueil","item":"https:\/\/lda.be\/fr\/"},{"@type":"ListItem","position":2,"name":"Produits","item":"https:\/\/lda.be\/fr\/produits\/"},{"@type":"ListItem","position":3,"name":"Pressostat \u00e0 membrane avec hyst\u00e9r\u00e9sis r\u00e9glable"}]},{"@type":"WebSite","@id":"https:\/\/lda.be\/fr\/#website","url":"https:\/\/lda.be\/fr\/","name":"LDA Belgium","description":"Solutions For Life","publisher":{"@id":"https:\/\/lda.be\/fr\/#organization"},"potentialAction":[{"@type":"SearchAction","target":{"@type":"EntryPoint","urlTemplate":"https:\/\/lda.be\/fr\/?s={search_term_string}"},"query-input":{"@type":"PropertyValueSpecification","valueRequired":true,"valueName":"search_term_string"}}],"inLanguage":"fr-FR"},{"@type":"Organization","@id":"https:\/\/lda.be\/fr\/#organization","name":"LDA Belgium","url":"https:\/\/lda.be\/fr\/","logo":{"@type":"ImageObject","inLanguage":"fr-FR","@id":"https:\/\/lda.be\/fr\/#\/schema\/logo\/image\/","url":"https:\/\/lda.be\/wp-content\/uploads\/2022\/07\/Logo-LDA.webp","contentUrl":"https:\/\/lda.be\/wp-content\/uploads\/2022\/07\/Logo-LDA.webp","width":311,"height":101,"caption":"LDA Belgium"},"image":{"@id":"https:\/\/lda.be\/fr\/#\/schema\/logo\/image\/"},"sameAs":["https:\/\/www.linkedin.com\/company\/lda-belgium-nv"]}]}},"_links":{"self":[{"href":"https:\/\/lda.be\/fr\/wp-json\/wp\/v2\/product\/10517","targetHints":{"allow":["GET"]}}],"collection":[{"href":"https:\/\/lda.be\/fr\/wp-json\/wp\/v2\/product"}],"about":[{"href":"https:\/\/lda.be\/fr\/wp-json\/wp\/v2\/types\/product"}],"replies":[{"embeddable":true,"href":"https:\/\/lda.be\/fr\/wp-json\/wp\/v2\/comments?post=10517"}],"wp:featuredmedia":[{"embeddable":true,"href":"https:\/\/lda.be\/fr\/wp-json\/wp\/v2\/media\/10515"}],"wp:attachment":[{"href":"https:\/\/lda.be\/fr\/wp-json\/wp\/v2\/media?parent=10517"}],"wp:term":[{"taxonomy":"product_brand","embeddable":true,"href":"https:\/\/lda.be\/fr\/wp-json\/wp\/v2\/product_brand?post=10517"},{"taxonomy":"product_cat","embeddable":true,"href":"https:\/\/lda.be\/fr\/wp-json\/wp\/v2\/product_cat?post=10517"},{"taxonomy":"product_tag","embeddable":true,"href":"https:\/\/lda.be\/fr\/wp-json\/wp\/v2\/product_tag?post=10517"}],"curies":[{"name":"wp","href":"https:\/\/api.w.org\/{rel}","templated":true}]}}