{"id":10538,"date":"2025-08-11T13:35:23","date_gmt":"2025-08-11T12:35:23","guid":{"rendered":"https:\/\/lda.be\/?post_type=product&#038;p=10538"},"modified":"2025-08-11T13:38:58","modified_gmt":"2025-08-11T12:38:58","slug":"pressostat-a-piston-serie-691-682-avec-bouton-de-reglage","status":"publish","type":"product","link":"https:\/\/lda.be\/fr\/produit\/pressostat-a-piston-serie-691-682-avec-bouton-de-reglage\/","title":{"rendered":"Pressostat \u00e0 piston s\u00e9rie 691\/682 avec bouton de r\u00e9glage"},"content":{"rendered":"<p>La s\u00e9rie combin\u00e9e 691\/682 de pressostats \u00e0 piston avec bouton de r\u00e9glage comprend deux types principaux : un pressostat \u00e0 contact argent\u00e9 SPDT, parfait pour les applications \u00e0 haute pression jusqu&#8217;\u00e0 900 bars, et un capteur Reed SPST NO, id\u00e9al pour les pressions plus faibles gr\u00e2ce \u00e0 sa conception compacte. Cela rend cette s\u00e9rie particuli\u00e8rement adapt\u00e9e \u00e0 l&#8217;industrie. Les bo\u00eetiers sont en aluminium anodis\u00e9. Ce bo\u00eetier garantit la durabilit\u00e9 et la protection contre la corrosion.<\/p>\n<p>De plus, diff\u00e9rents joints tels que NBR+Teflon offrent une \u00e9tanch\u00e9it\u00e9 optimale et une longue dur\u00e9e de vie. Avec un indice de protection de IP65 \u00e0 IP40, un large \u00e9ventail d&#8217;options de montage (telles que les connecteurs piastra manifold et DIN) et des caract\u00e9ristiques \u00e9lectriques \u00e9tendues, ces commutateurs r\u00e9pondent aux exigences strictes des secteurs de la construction m\u00e9canique, de l&#8217;hydraulique, de la pneumatique et des transports.<\/p>\n","protected":false},"excerpt":{"rendered":"<p>La s\u00e9rie combin\u00e9e 691\/682 de pressostats \u00e0 piston avec bouton de r\u00e9glage comprend deux types principaux : un pressostat \u00e0 contact argent\u00e9 SPDT, parfait pour les applications \u00e0 haute pression jusqu&#8217;\u00e0 900 bars, et un capteur Reed SPST NO, id\u00e9al pour les pressions plus faibles gr\u00e2ce \u00e0 sa conception compacte. Cela rend cette s\u00e9rie particuli\u00e8rement [&hellip;]<\/p>\n","protected":false},"featured_media":10531,"comment_status":"closed","ping_status":"closed","template":"","meta":[],"product_brand":[1735,1736],"product_cat":[932,942,952],"product_tag":[],"class_list":{"0":"post-10538","1":"product","2":"type-product","3":"status-publish","4":"has-post-thumbnail","6":"product_brand-euroswitch","7":"product_brand-pressure-switch","8":"product_cat-instrumentation-composants-atex","9":"product_cat-composants-standards","10":"product_cat-pressostats","12":"first","13":"instock","14":"shipping-taxable","15":"product-type-simple"},"yoast_head":"<!-- This site is optimized with the Yoast SEO plugin v27.3 - https:\/\/yoast.com\/product\/yoast-seo-wordpress\/ -->\n<title>Pressostat \u00e0 piston s\u00e9rie 691\/682 avec bouton de r\u00e9glage - LDA Belgique<\/title>\n<meta name=\"description\" content=\"Pressostats s\u00e9rie 691\/682, IP65\/IP40, r\u00e9glables de 1 \u00e0 900 bars, types SPDT et capteur Reed. Fiables pour un usage industriel, polyvalents, disponibles en Belgique.\" \/>\n<meta name=\"robots\" content=\"index, follow, max-snippet:-1, max-image-preview:large, max-video-preview:-1\" \/>\n<link rel=\"canonical\" href=\"https:\/\/lda.be\/fr\/produit\/pressostat-a-piston-serie-691-682-avec-bouton-de-reglage\/\" \/>\n<meta property=\"og:locale\" content=\"fr_FR\" \/>\n<meta property=\"og:type\" content=\"article\" \/>\n<meta property=\"og:title\" content=\"Pressostat \u00e0 piston s\u00e9rie 691\/682 avec bouton de r\u00e9glage - LDA Belgique\" \/>\n<meta property=\"og:description\" content=\"Pressostats s\u00e9rie 691\/682, IP65\/IP40, r\u00e9glables de 1 \u00e0 900 bars, types SPDT et capteur Reed. Fiables pour un usage industriel, polyvalents, disponibles en Belgique.\" \/>\n<meta property=\"og:url\" content=\"https:\/\/lda.be\/fr\/produit\/pressostat-a-piston-serie-691-682-avec-bouton-de-reglage\/\" \/>\n<meta property=\"og:site_name\" content=\"LDA Belgique\" \/>\n<meta property=\"article:modified_time\" content=\"2025-08-11T12:38:58+00:00\" \/>\n<meta property=\"og:image\" content=\"https:\/\/lda.be\/wp-content\/uploads\/2025\/08\/piston-pressure-switch-with-adjustable-knob.webp\" \/>\n\t<meta property=\"og:image:width\" content=\"800\" \/>\n\t<meta property=\"og:image:height\" content=\"800\" \/>\n\t<meta property=\"og:image:type\" content=\"image\/webp\" \/>\n<meta name=\"twitter:card\" content=\"summary_large_image\" \/>\n<meta name=\"twitter:label1\" content=\"Dur\u00e9e de lecture estim\u00e9e\" \/>\n\t<meta name=\"twitter:data1\" content=\"1 minute\" \/>\n<script type=\"application\/ld+json\" class=\"yoast-schema-graph\">{\"@context\":\"https:\\\/\\\/schema.org\",\"@graph\":[{\"@type\":\"WebPage\",\"@id\":\"https:\\\/\\\/lda.be\\\/fr\\\/produit\\\/pressostat-a-piston-serie-691-682-avec-bouton-de-reglage\\\/\",\"url\":\"https:\\\/\\\/lda.be\\\/fr\\\/produit\\\/pressostat-a-piston-serie-691-682-avec-bouton-de-reglage\\\/\",\"name\":\"Pressostat \u00e0 piston s\u00e9rie 691\\\/682 avec bouton de r\u00e9glage - LDA Belgique\",\"isPartOf\":{\"@id\":\"https:\\\/\\\/lda.be\\\/fr\\\/#website\"},\"primaryImageOfPage\":{\"@id\":\"https:\\\/\\\/lda.be\\\/fr\\\/produit\\\/pressostat-a-piston-serie-691-682-avec-bouton-de-reglage\\\/#primaryimage\"},\"image\":{\"@id\":\"https:\\\/\\\/lda.be\\\/fr\\\/produit\\\/pressostat-a-piston-serie-691-682-avec-bouton-de-reglage\\\/#primaryimage\"},\"thumbnailUrl\":\"https:\\\/\\\/lda.be\\\/wp-content\\\/uploads\\\/2025\\\/08\\\/piston-pressure-switch-with-adjustable-knob.webp\",\"datePublished\":\"2025-08-11T12:35:23+00:00\",\"dateModified\":\"2025-08-11T12:38:58+00:00\",\"description\":\"Pressostats s\u00e9rie 691\\\/682, IP65\\\/IP40, r\u00e9glables de 1 \u00e0 900 bars, types SPDT et capteur Reed. Fiables pour un usage industriel, polyvalents, disponibles en Belgique.\",\"breadcrumb\":{\"@id\":\"https:\\\/\\\/lda.be\\\/fr\\\/produit\\\/pressostat-a-piston-serie-691-682-avec-bouton-de-reglage\\\/#breadcrumb\"},\"inLanguage\":\"fr-FR\",\"potentialAction\":[{\"@type\":\"ReadAction\",\"target\":[\"https:\\\/\\\/lda.be\\\/fr\\\/produit\\\/pressostat-a-piston-serie-691-682-avec-bouton-de-reglage\\\/\"]}]},{\"@type\":\"ImageObject\",\"inLanguage\":\"fr-FR\",\"@id\":\"https:\\\/\\\/lda.be\\\/fr\\\/produit\\\/pressostat-a-piston-serie-691-682-avec-bouton-de-reglage\\\/#primaryimage\",\"url\":\"https:\\\/\\\/lda.be\\\/wp-content\\\/uploads\\\/2025\\\/08\\\/piston-pressure-switch-with-adjustable-knob.webp\",\"contentUrl\":\"https:\\\/\\\/lda.be\\\/wp-content\\\/uploads\\\/2025\\\/08\\\/piston-pressure-switch-with-adjustable-knob.webp\",\"width\":800,\"height\":800,\"caption\":\"\u2022 Hysteresis: vast, ca. 10% van ingestelde waarde \u2022 Max. werkdruk: tot 900 bar (max. overdruklimiet) \u2022 Mechanische levensduur: 1.000.000 operaties \u2022 Behuizing: geanodiseerd aluminium \u2022 Afdichting: NBR + Teflon \u2022 Montage: manifold aansluiting (piastra) \u2022 Bescherming: IP40 - IP65 met connector volgens UNI EN 175301-803 (DIN43650) \u2022 Gewicht: 105g - 400g \u2022 Max. schakelcapaciteit: 0,5 A \\\/ 48 V (max 10 W)\"},{\"@type\":\"BreadcrumbList\",\"@id\":\"https:\\\/\\\/lda.be\\\/fr\\\/produit\\\/pressostat-a-piston-serie-691-682-avec-bouton-de-reglage\\\/#breadcrumb\",\"itemListElement\":[{\"@type\":\"ListItem\",\"position\":1,\"name\":\"Accueil\",\"item\":\"https:\\\/\\\/lda.be\\\/fr\\\/\"},{\"@type\":\"ListItem\",\"position\":2,\"name\":\"Produits\",\"item\":\"https:\\\/\\\/lda.be\\\/fr\\\/produits\\\/\"},{\"@type\":\"ListItem\",\"position\":3,\"name\":\"Pressostat \u00e0 piston s\u00e9rie 691\\\/682 avec bouton de r\u00e9glage\"}]},{\"@type\":\"WebSite\",\"@id\":\"https:\\\/\\\/lda.be\\\/fr\\\/#website\",\"url\":\"https:\\\/\\\/lda.be\\\/fr\\\/\",\"name\":\"LDA Belgium\",\"description\":\"Solutions For Life\",\"publisher\":{\"@id\":\"https:\\\/\\\/lda.be\\\/fr\\\/#organization\"},\"potentialAction\":[{\"@type\":\"SearchAction\",\"target\":{\"@type\":\"EntryPoint\",\"urlTemplate\":\"https:\\\/\\\/lda.be\\\/fr\\\/?s={search_term_string}\"},\"query-input\":{\"@type\":\"PropertyValueSpecification\",\"valueRequired\":true,\"valueName\":\"search_term_string\"}}],\"inLanguage\":\"fr-FR\"},{\"@type\":\"Organization\",\"@id\":\"https:\\\/\\\/lda.be\\\/fr\\\/#organization\",\"name\":\"LDA Belgium\",\"url\":\"https:\\\/\\\/lda.be\\\/fr\\\/\",\"logo\":{\"@type\":\"ImageObject\",\"inLanguage\":\"fr-FR\",\"@id\":\"https:\\\/\\\/lda.be\\\/fr\\\/#\\\/schema\\\/logo\\\/image\\\/\",\"url\":\"https:\\\/\\\/lda.be\\\/wp-content\\\/uploads\\\/2022\\\/07\\\/Logo-LDA.webp\",\"contentUrl\":\"https:\\\/\\\/lda.be\\\/wp-content\\\/uploads\\\/2022\\\/07\\\/Logo-LDA.webp\",\"width\":311,\"height\":101,\"caption\":\"LDA Belgium\"},\"image\":{\"@id\":\"https:\\\/\\\/lda.be\\\/fr\\\/#\\\/schema\\\/logo\\\/image\\\/\"},\"sameAs\":[\"https:\\\/\\\/www.linkedin.com\\\/company\\\/lda-belgium-nv\"]}]}<\/script>\n<!-- \/ Yoast SEO plugin. -->","yoast_head_json":{"title":"Pressostat \u00e0 piston s\u00e9rie 691\/682 avec bouton de r\u00e9glage - LDA Belgique","description":"Pressostats s\u00e9rie 691\/682, IP65\/IP40, r\u00e9glables de 1 \u00e0 900 bars, types SPDT et capteur Reed. Fiables pour un usage industriel, polyvalents, disponibles en Belgique.","robots":{"index":"index","follow":"follow","max-snippet":"max-snippet:-1","max-image-preview":"max-image-preview:large","max-video-preview":"max-video-preview:-1"},"canonical":"https:\/\/lda.be\/fr\/produit\/pressostat-a-piston-serie-691-682-avec-bouton-de-reglage\/","og_locale":"fr_FR","og_type":"article","og_title":"Pressostat \u00e0 piston s\u00e9rie 691\/682 avec bouton de r\u00e9glage - LDA Belgique","og_description":"Pressostats s\u00e9rie 691\/682, IP65\/IP40, r\u00e9glables de 1 \u00e0 900 bars, types SPDT et capteur Reed. Fiables pour un usage industriel, polyvalents, disponibles en Belgique.","og_url":"https:\/\/lda.be\/fr\/produit\/pressostat-a-piston-serie-691-682-avec-bouton-de-reglage\/","og_site_name":"LDA Belgique","article_modified_time":"2025-08-11T12:38:58+00:00","og_image":[{"width":800,"height":800,"url":"https:\/\/lda.be\/wp-content\/uploads\/2025\/08\/piston-pressure-switch-with-adjustable-knob.webp","type":"image\/webp"}],"twitter_card":"summary_large_image","twitter_misc":{"Dur\u00e9e de lecture estim\u00e9e":"1 minute"},"schema":{"@context":"https:\/\/schema.org","@graph":[{"@type":"WebPage","@id":"https:\/\/lda.be\/fr\/produit\/pressostat-a-piston-serie-691-682-avec-bouton-de-reglage\/","url":"https:\/\/lda.be\/fr\/produit\/pressostat-a-piston-serie-691-682-avec-bouton-de-reglage\/","name":"Pressostat \u00e0 piston s\u00e9rie 691\/682 avec bouton de r\u00e9glage - LDA Belgique","isPartOf":{"@id":"https:\/\/lda.be\/fr\/#website"},"primaryImageOfPage":{"@id":"https:\/\/lda.be\/fr\/produit\/pressostat-a-piston-serie-691-682-avec-bouton-de-reglage\/#primaryimage"},"image":{"@id":"https:\/\/lda.be\/fr\/produit\/pressostat-a-piston-serie-691-682-avec-bouton-de-reglage\/#primaryimage"},"thumbnailUrl":"https:\/\/lda.be\/wp-content\/uploads\/2025\/08\/piston-pressure-switch-with-adjustable-knob.webp","datePublished":"2025-08-11T12:35:23+00:00","dateModified":"2025-08-11T12:38:58+00:00","description":"Pressostats s\u00e9rie 691\/682, IP65\/IP40, r\u00e9glables de 1 \u00e0 900 bars, types SPDT et capteur Reed. Fiables pour un usage industriel, polyvalents, disponibles en Belgique.","breadcrumb":{"@id":"https:\/\/lda.be\/fr\/produit\/pressostat-a-piston-serie-691-682-avec-bouton-de-reglage\/#breadcrumb"},"inLanguage":"fr-FR","potentialAction":[{"@type":"ReadAction","target":["https:\/\/lda.be\/fr\/produit\/pressostat-a-piston-serie-691-682-avec-bouton-de-reglage\/"]}]},{"@type":"ImageObject","inLanguage":"fr-FR","@id":"https:\/\/lda.be\/fr\/produit\/pressostat-a-piston-serie-691-682-avec-bouton-de-reglage\/#primaryimage","url":"https:\/\/lda.be\/wp-content\/uploads\/2025\/08\/piston-pressure-switch-with-adjustable-knob.webp","contentUrl":"https:\/\/lda.be\/wp-content\/uploads\/2025\/08\/piston-pressure-switch-with-adjustable-knob.webp","width":800,"height":800,"caption":"\u2022 Hysteresis: vast, ca. 10% van ingestelde waarde \u2022 Max. werkdruk: tot 900 bar (max. overdruklimiet) \u2022 Mechanische levensduur: 1.000.000 operaties \u2022 Behuizing: geanodiseerd aluminium \u2022 Afdichting: NBR + Teflon \u2022 Montage: manifold aansluiting (piastra) \u2022 Bescherming: IP40 - IP65 met connector volgens UNI EN 175301-803 (DIN43650) \u2022 Gewicht: 105g - 400g \u2022 Max. schakelcapaciteit: 0,5 A \/ 48 V (max 10 W)"},{"@type":"BreadcrumbList","@id":"https:\/\/lda.be\/fr\/produit\/pressostat-a-piston-serie-691-682-avec-bouton-de-reglage\/#breadcrumb","itemListElement":[{"@type":"ListItem","position":1,"name":"Accueil","item":"https:\/\/lda.be\/fr\/"},{"@type":"ListItem","position":2,"name":"Produits","item":"https:\/\/lda.be\/fr\/produits\/"},{"@type":"ListItem","position":3,"name":"Pressostat \u00e0 piston s\u00e9rie 691\/682 avec bouton de r\u00e9glage"}]},{"@type":"WebSite","@id":"https:\/\/lda.be\/fr\/#website","url":"https:\/\/lda.be\/fr\/","name":"LDA Belgium","description":"Solutions For Life","publisher":{"@id":"https:\/\/lda.be\/fr\/#organization"},"potentialAction":[{"@type":"SearchAction","target":{"@type":"EntryPoint","urlTemplate":"https:\/\/lda.be\/fr\/?s={search_term_string}"},"query-input":{"@type":"PropertyValueSpecification","valueRequired":true,"valueName":"search_term_string"}}],"inLanguage":"fr-FR"},{"@type":"Organization","@id":"https:\/\/lda.be\/fr\/#organization","name":"LDA Belgium","url":"https:\/\/lda.be\/fr\/","logo":{"@type":"ImageObject","inLanguage":"fr-FR","@id":"https:\/\/lda.be\/fr\/#\/schema\/logo\/image\/","url":"https:\/\/lda.be\/wp-content\/uploads\/2022\/07\/Logo-LDA.webp","contentUrl":"https:\/\/lda.be\/wp-content\/uploads\/2022\/07\/Logo-LDA.webp","width":311,"height":101,"caption":"LDA Belgium"},"image":{"@id":"https:\/\/lda.be\/fr\/#\/schema\/logo\/image\/"},"sameAs":["https:\/\/www.linkedin.com\/company\/lda-belgium-nv"]}]}},"_links":{"self":[{"href":"https:\/\/lda.be\/fr\/wp-json\/wp\/v2\/product\/10538","targetHints":{"allow":["GET"]}}],"collection":[{"href":"https:\/\/lda.be\/fr\/wp-json\/wp\/v2\/product"}],"about":[{"href":"https:\/\/lda.be\/fr\/wp-json\/wp\/v2\/types\/product"}],"replies":[{"embeddable":true,"href":"https:\/\/lda.be\/fr\/wp-json\/wp\/v2\/comments?post=10538"}],"wp:featuredmedia":[{"embeddable":true,"href":"https:\/\/lda.be\/fr\/wp-json\/wp\/v2\/media\/10531"}],"wp:attachment":[{"href":"https:\/\/lda.be\/fr\/wp-json\/wp\/v2\/media?parent=10538"}],"wp:term":[{"taxonomy":"product_brand","embeddable":true,"href":"https:\/\/lda.be\/fr\/wp-json\/wp\/v2\/product_brand?post=10538"},{"taxonomy":"product_cat","embeddable":true,"href":"https:\/\/lda.be\/fr\/wp-json\/wp\/v2\/product_cat?post=10538"},{"taxonomy":"product_tag","embeddable":true,"href":"https:\/\/lda.be\/fr\/wp-json\/wp\/v2\/product_tag?post=10538"}],"curies":[{"name":"wp","href":"https:\/\/api.w.org\/{rel}","templated":true}]}}