{"id":10653,"date":"2025-08-12T10:38:56","date_gmt":"2025-08-12T09:38:56","guid":{"rendered":"https:\/\/lda.be\/?post_type=product&#038;p=10653"},"modified":"2025-08-12T11:04:32","modified_gmt":"2025-08-12T10:04:32","slug":"transducteurs-de-pression-serie-esp","status":"publish","type":"product","link":"https:\/\/lda.be\/fr\/produit\/transducteurs-de-pression-serie-esp\/","title":{"rendered":"Transducteurs de pression s\u00e9rie ESP"},"content":{"rendered":"<p>Les transducteurs de pression des s\u00e9ries ESP et ESPD\u00a0 d&#8217;Euroswitch sont tous deux \u00e9quip\u00e9s d&#8217;un\u00a0 bo\u00eetier en acier inoxydable et d&#8217;un \u00e9l\u00e9ment de pression en c\u00e9ramique r\u00e9sistant \u00e0 l&#8217;usure, ce qui leur permet de fonctionner de mani\u00e8re fiable pendant longtemps, m\u00eame dans des environnements difficiles.<\/p>\n<p>L&#8217;ESP offre une combinaison d&#8217;une sortie PNP num\u00e9rique et d&#8217;une sortie analogique (0-10 V ou 4-20 mA), id\u00e9ale pour les applications n\u00e9cessitant \u00e0 la fois une fonction de commutation et de mesure.<\/p>\n<p>L&#8217;ESPD, quant \u00e0 lui, dispose de deux sorties PNP num\u00e9riques enti\u00e8rement programmables, parfaites pour les processus \u00e0 double niveau de commutation ou n\u00e9cessitant une s\u00e9curit\u00e9 suppl\u00e9mentaire. Les deux mod\u00e8les sont faciles \u00e0 configurer \u00e0 l&#8217;aide du configurateur SCD 4.0 ou du logiciel Euroswitch.<\/p>\n<p>Avec un indice de protection IP67, ces transducteurs de pression r\u00e9sistent \u00e0 la poussi\u00e8re, \u00e0 l&#8217;eau et aux conditions industrielles difficiles. Gr\u00e2ce \u00e0 leur large plage de mesure, allant du vide (-1 bar) aux processus \u00e0 haute pression jusqu&#8217;\u00e0 600.<\/p>\n","protected":false},"excerpt":{"rendered":"<p>Les transducteurs de pression des s\u00e9ries ESP et ESPD\u00a0 d&#8217;Euroswitch sont tous deux \u00e9quip\u00e9s d&#8217;un\u00a0 bo\u00eetier en acier inoxydable et d&#8217;un \u00e9l\u00e9ment de pression en c\u00e9ramique r\u00e9sistant \u00e0 l&#8217;usure, ce qui leur permet de fonctionner de mani\u00e8re fiable pendant longtemps, m\u00eame dans des environnements difficiles. L&#8217;ESP offre une combinaison d&#8217;une sortie PNP num\u00e9rique et d&#8217;une [&hellip;]<\/p>\n","protected":false},"featured_media":10598,"comment_status":"closed","ping_status":"closed","template":"","meta":[],"product_brand":[1735,1738],"product_cat":[932,954],"product_tag":[],"class_list":{"0":"post-10653","1":"product","2":"type-product","3":"status-publish","4":"has-post-thumbnail","6":"product_brand-euroswitch","7":"product_brand-pressure-tranducers","8":"product_cat-instrumentation-composants-atex","9":"product_cat-capteurs-de-pression","11":"first","12":"instock","13":"shipping-taxable","14":"product-type-simple"},"yoast_head":"<!-- This site is optimized with the Yoast SEO plugin v27.3 - https:\/\/yoast.com\/product\/yoast-seo-wordpress\/ -->\n<title>Transducteurs de pression s\u00e9rie ESP - LDA Belgique<\/title>\n<meta name=\"description\" content=\"Pressostats \u00e9lectroniques Euroswitch ESP &amp; ESPD \u2013 Acier inoxydable, IP67, pr\u00e9cision \u00b10,5 %, temps de r\u00e9ponse 4 ms, -1 \u00e0 600 bars, NO\/NC programmable, num\u00e9rique et analogique.\" \/>\n<meta name=\"robots\" content=\"index, follow, max-snippet:-1, max-image-preview:large, max-video-preview:-1\" \/>\n<link rel=\"canonical\" href=\"https:\/\/lda.be\/fr\/produit\/transducteurs-de-pression-serie-esp\/\" \/>\n<meta property=\"og:locale\" content=\"fr_FR\" \/>\n<meta property=\"og:type\" content=\"article\" \/>\n<meta property=\"og:title\" content=\"Transducteurs de pression s\u00e9rie ESP - LDA Belgique\" \/>\n<meta property=\"og:description\" content=\"Pressostats \u00e9lectroniques Euroswitch ESP &amp; ESPD \u2013 Acier inoxydable, IP67, pr\u00e9cision \u00b10,5 %, temps de r\u00e9ponse 4 ms, -1 \u00e0 600 bars, NO\/NC programmable, num\u00e9rique et analogique.\" \/>\n<meta property=\"og:url\" content=\"https:\/\/lda.be\/fr\/produit\/transducteurs-de-pression-serie-esp\/\" \/>\n<meta property=\"og:site_name\" content=\"LDA Belgique\" \/>\n<meta property=\"article:modified_time\" content=\"2025-08-12T10:04:32+00:00\" \/>\n<meta property=\"og:image\" content=\"https:\/\/lda.be\/wp-content\/uploads\/2025\/08\/ESP.webp\" \/>\n\t<meta property=\"og:image:width\" content=\"800\" \/>\n\t<meta property=\"og:image:height\" content=\"800\" \/>\n\t<meta property=\"og:image:type\" content=\"image\/webp\" \/>\n<meta name=\"twitter:card\" content=\"summary_large_image\" \/>\n<meta name=\"twitter:label1\" content=\"Dur\u00e9e de lecture estim\u00e9e\" \/>\n\t<meta name=\"twitter:data1\" content=\"1 minute\" \/>\n<script type=\"application\/ld+json\" class=\"yoast-schema-graph\">{\"@context\":\"https:\\\/\\\/schema.org\",\"@graph\":[{\"@type\":\"WebPage\",\"@id\":\"https:\\\/\\\/lda.be\\\/fr\\\/produit\\\/transducteurs-de-pression-serie-esp\\\/\",\"url\":\"https:\\\/\\\/lda.be\\\/fr\\\/produit\\\/transducteurs-de-pression-serie-esp\\\/\",\"name\":\"Transducteurs de pression s\u00e9rie ESP - LDA Belgique\",\"isPartOf\":{\"@id\":\"https:\\\/\\\/lda.be\\\/fr\\\/#website\"},\"primaryImageOfPage\":{\"@id\":\"https:\\\/\\\/lda.be\\\/fr\\\/produit\\\/transducteurs-de-pression-serie-esp\\\/#primaryimage\"},\"image\":{\"@id\":\"https:\\\/\\\/lda.be\\\/fr\\\/produit\\\/transducteurs-de-pression-serie-esp\\\/#primaryimage\"},\"thumbnailUrl\":\"https:\\\/\\\/lda.be\\\/wp-content\\\/uploads\\\/2025\\\/08\\\/ESP.webp\",\"datePublished\":\"2025-08-12T09:38:56+00:00\",\"dateModified\":\"2025-08-12T10:04:32+00:00\",\"description\":\"Pressostats \u00e9lectroniques Euroswitch ESP & ESPD \u2013 Acier inoxydable, IP67, pr\u00e9cision \u00b10,5 %, temps de r\u00e9ponse 4 ms, -1 \u00e0 600 bars, NO\\\/NC programmable, num\u00e9rique et analogique.\",\"breadcrumb\":{\"@id\":\"https:\\\/\\\/lda.be\\\/fr\\\/produit\\\/transducteurs-de-pression-serie-esp\\\/#breadcrumb\"},\"inLanguage\":\"fr-FR\",\"potentialAction\":[{\"@type\":\"ReadAction\",\"target\":[\"https:\\\/\\\/lda.be\\\/fr\\\/produit\\\/transducteurs-de-pression-serie-esp\\\/\"]}]},{\"@type\":\"ImageObject\",\"inLanguage\":\"fr-FR\",\"@id\":\"https:\\\/\\\/lda.be\\\/fr\\\/produit\\\/transducteurs-de-pression-serie-esp\\\/#primaryimage\",\"url\":\"https:\\\/\\\/lda.be\\\/wp-content\\\/uploads\\\/2025\\\/08\\\/ESP.webp\",\"contentUrl\":\"https:\\\/\\\/lda.be\\\/wp-content\\\/uploads\\\/2025\\\/08\\\/ESP.webp\",\"width\":800,\"height\":800,\"caption\":\"pressure tranducers\\\/ drukomvormers\"},{\"@type\":\"BreadcrumbList\",\"@id\":\"https:\\\/\\\/lda.be\\\/fr\\\/produit\\\/transducteurs-de-pression-serie-esp\\\/#breadcrumb\",\"itemListElement\":[{\"@type\":\"ListItem\",\"position\":1,\"name\":\"Accueil\",\"item\":\"https:\\\/\\\/lda.be\\\/fr\\\/\"},{\"@type\":\"ListItem\",\"position\":2,\"name\":\"Produits\",\"item\":\"https:\\\/\\\/lda.be\\\/fr\\\/produits\\\/\"},{\"@type\":\"ListItem\",\"position\":3,\"name\":\"Transducteurs de pression s\u00e9rie ESP\"}]},{\"@type\":\"WebSite\",\"@id\":\"https:\\\/\\\/lda.be\\\/fr\\\/#website\",\"url\":\"https:\\\/\\\/lda.be\\\/fr\\\/\",\"name\":\"LDA Belgium\",\"description\":\"Solutions For Life\",\"publisher\":{\"@id\":\"https:\\\/\\\/lda.be\\\/fr\\\/#organization\"},\"potentialAction\":[{\"@type\":\"SearchAction\",\"target\":{\"@type\":\"EntryPoint\",\"urlTemplate\":\"https:\\\/\\\/lda.be\\\/fr\\\/?s={search_term_string}\"},\"query-input\":{\"@type\":\"PropertyValueSpecification\",\"valueRequired\":true,\"valueName\":\"search_term_string\"}}],\"inLanguage\":\"fr-FR\"},{\"@type\":\"Organization\",\"@id\":\"https:\\\/\\\/lda.be\\\/fr\\\/#organization\",\"name\":\"LDA Belgium\",\"url\":\"https:\\\/\\\/lda.be\\\/fr\\\/\",\"logo\":{\"@type\":\"ImageObject\",\"inLanguage\":\"fr-FR\",\"@id\":\"https:\\\/\\\/lda.be\\\/fr\\\/#\\\/schema\\\/logo\\\/image\\\/\",\"url\":\"https:\\\/\\\/lda.be\\\/wp-content\\\/uploads\\\/2022\\\/07\\\/Logo-LDA.webp\",\"contentUrl\":\"https:\\\/\\\/lda.be\\\/wp-content\\\/uploads\\\/2022\\\/07\\\/Logo-LDA.webp\",\"width\":311,\"height\":101,\"caption\":\"LDA Belgium\"},\"image\":{\"@id\":\"https:\\\/\\\/lda.be\\\/fr\\\/#\\\/schema\\\/logo\\\/image\\\/\"},\"sameAs\":[\"https:\\\/\\\/www.linkedin.com\\\/company\\\/lda-belgium-nv\"]}]}<\/script>\n<!-- \/ Yoast SEO plugin. -->","yoast_head_json":{"title":"Transducteurs de pression s\u00e9rie ESP - LDA Belgique","description":"Pressostats \u00e9lectroniques Euroswitch ESP & ESPD \u2013 Acier inoxydable, IP67, pr\u00e9cision \u00b10,5 %, temps de r\u00e9ponse 4 ms, -1 \u00e0 600 bars, NO\/NC programmable, num\u00e9rique et analogique.","robots":{"index":"index","follow":"follow","max-snippet":"max-snippet:-1","max-image-preview":"max-image-preview:large","max-video-preview":"max-video-preview:-1"},"canonical":"https:\/\/lda.be\/fr\/produit\/transducteurs-de-pression-serie-esp\/","og_locale":"fr_FR","og_type":"article","og_title":"Transducteurs de pression s\u00e9rie ESP - LDA Belgique","og_description":"Pressostats \u00e9lectroniques Euroswitch ESP & ESPD \u2013 Acier inoxydable, IP67, pr\u00e9cision \u00b10,5 %, temps de r\u00e9ponse 4 ms, -1 \u00e0 600 bars, NO\/NC programmable, num\u00e9rique et analogique.","og_url":"https:\/\/lda.be\/fr\/produit\/transducteurs-de-pression-serie-esp\/","og_site_name":"LDA Belgique","article_modified_time":"2025-08-12T10:04:32+00:00","og_image":[{"width":800,"height":800,"url":"https:\/\/lda.be\/wp-content\/uploads\/2025\/08\/ESP.webp","type":"image\/webp"}],"twitter_card":"summary_large_image","twitter_misc":{"Dur\u00e9e de lecture estim\u00e9e":"1 minute"},"schema":{"@context":"https:\/\/schema.org","@graph":[{"@type":"WebPage","@id":"https:\/\/lda.be\/fr\/produit\/transducteurs-de-pression-serie-esp\/","url":"https:\/\/lda.be\/fr\/produit\/transducteurs-de-pression-serie-esp\/","name":"Transducteurs de pression s\u00e9rie ESP - LDA Belgique","isPartOf":{"@id":"https:\/\/lda.be\/fr\/#website"},"primaryImageOfPage":{"@id":"https:\/\/lda.be\/fr\/produit\/transducteurs-de-pression-serie-esp\/#primaryimage"},"image":{"@id":"https:\/\/lda.be\/fr\/produit\/transducteurs-de-pression-serie-esp\/#primaryimage"},"thumbnailUrl":"https:\/\/lda.be\/wp-content\/uploads\/2025\/08\/ESP.webp","datePublished":"2025-08-12T09:38:56+00:00","dateModified":"2025-08-12T10:04:32+00:00","description":"Pressostats \u00e9lectroniques Euroswitch ESP & ESPD \u2013 Acier inoxydable, IP67, pr\u00e9cision \u00b10,5 %, temps de r\u00e9ponse 4 ms, -1 \u00e0 600 bars, NO\/NC programmable, num\u00e9rique et analogique.","breadcrumb":{"@id":"https:\/\/lda.be\/fr\/produit\/transducteurs-de-pression-serie-esp\/#breadcrumb"},"inLanguage":"fr-FR","potentialAction":[{"@type":"ReadAction","target":["https:\/\/lda.be\/fr\/produit\/transducteurs-de-pression-serie-esp\/"]}]},{"@type":"ImageObject","inLanguage":"fr-FR","@id":"https:\/\/lda.be\/fr\/produit\/transducteurs-de-pression-serie-esp\/#primaryimage","url":"https:\/\/lda.be\/wp-content\/uploads\/2025\/08\/ESP.webp","contentUrl":"https:\/\/lda.be\/wp-content\/uploads\/2025\/08\/ESP.webp","width":800,"height":800,"caption":"pressure tranducers\/ drukomvormers"},{"@type":"BreadcrumbList","@id":"https:\/\/lda.be\/fr\/produit\/transducteurs-de-pression-serie-esp\/#breadcrumb","itemListElement":[{"@type":"ListItem","position":1,"name":"Accueil","item":"https:\/\/lda.be\/fr\/"},{"@type":"ListItem","position":2,"name":"Produits","item":"https:\/\/lda.be\/fr\/produits\/"},{"@type":"ListItem","position":3,"name":"Transducteurs de pression s\u00e9rie ESP"}]},{"@type":"WebSite","@id":"https:\/\/lda.be\/fr\/#website","url":"https:\/\/lda.be\/fr\/","name":"LDA Belgium","description":"Solutions For Life","publisher":{"@id":"https:\/\/lda.be\/fr\/#organization"},"potentialAction":[{"@type":"SearchAction","target":{"@type":"EntryPoint","urlTemplate":"https:\/\/lda.be\/fr\/?s={search_term_string}"},"query-input":{"@type":"PropertyValueSpecification","valueRequired":true,"valueName":"search_term_string"}}],"inLanguage":"fr-FR"},{"@type":"Organization","@id":"https:\/\/lda.be\/fr\/#organization","name":"LDA Belgium","url":"https:\/\/lda.be\/fr\/","logo":{"@type":"ImageObject","inLanguage":"fr-FR","@id":"https:\/\/lda.be\/fr\/#\/schema\/logo\/image\/","url":"https:\/\/lda.be\/wp-content\/uploads\/2022\/07\/Logo-LDA.webp","contentUrl":"https:\/\/lda.be\/wp-content\/uploads\/2022\/07\/Logo-LDA.webp","width":311,"height":101,"caption":"LDA Belgium"},"image":{"@id":"https:\/\/lda.be\/fr\/#\/schema\/logo\/image\/"},"sameAs":["https:\/\/www.linkedin.com\/company\/lda-belgium-nv"]}]}},"_links":{"self":[{"href":"https:\/\/lda.be\/fr\/wp-json\/wp\/v2\/product\/10653","targetHints":{"allow":["GET"]}}],"collection":[{"href":"https:\/\/lda.be\/fr\/wp-json\/wp\/v2\/product"}],"about":[{"href":"https:\/\/lda.be\/fr\/wp-json\/wp\/v2\/types\/product"}],"replies":[{"embeddable":true,"href":"https:\/\/lda.be\/fr\/wp-json\/wp\/v2\/comments?post=10653"}],"wp:featuredmedia":[{"embeddable":true,"href":"https:\/\/lda.be\/fr\/wp-json\/wp\/v2\/media\/10598"}],"wp:attachment":[{"href":"https:\/\/lda.be\/fr\/wp-json\/wp\/v2\/media?parent=10653"}],"wp:term":[{"taxonomy":"product_brand","embeddable":true,"href":"https:\/\/lda.be\/fr\/wp-json\/wp\/v2\/product_brand?post=10653"},{"taxonomy":"product_cat","embeddable":true,"href":"https:\/\/lda.be\/fr\/wp-json\/wp\/v2\/product_cat?post=10653"},{"taxonomy":"product_tag","embeddable":true,"href":"https:\/\/lda.be\/fr\/wp-json\/wp\/v2\/product_tag?post=10653"}],"curies":[{"name":"wp","href":"https:\/\/api.w.org\/{rel}","templated":true}]}}