{"id":10668,"date":"2025-08-12T12:34:41","date_gmt":"2025-08-12T11:34:41","guid":{"rendered":"https:\/\/lda.be\/?post_type=product&#038;p=10668"},"modified":"2025-08-12T12:45:10","modified_gmt":"2025-08-12T11:45:10","slug":"serie-esp1-de-transducteurs-de-pression-ceramiques","status":"publish","type":"product","link":"https:\/\/lda.be\/fr\/produit\/serie-esp1-de-transducteurs-de-pression-ceramiques\/","title":{"rendered":"S\u00e9rie ESP1 de transducteurs de pression c\u00e9ramiques"},"content":{"rendered":"<p>Les Euroswitch ESP1 et ESP10\u00a0 allient une technologie de mesure avanc\u00e9e \u00e0 un design italien robuste. Ces transducteurs de pression \u00e9lectroniques ont \u00e9t\u00e9 d\u00e9velopp\u00e9s pour les applications o\u00f9 des mesures de pression pr\u00e9cises et stables sont essentielles. Gr\u00e2ce \u00e0 leur cellule de mesure en c\u00e9ramique, ils offrent une excellente lin\u00e9arit\u00e9, une d\u00e9rive minimale dans le temps et une r\u00e9ponse rapide.<\/p>\n<p>Qu&#8217;il s&#8217;agisse de syst\u00e8mes hydrauliques, d&#8217;installations pneumatiques, de pompes, de compresseurs, de machines industrielles ou d&#8217;outils mobiles, les ESP1 et ESP10 fournissent des valeurs de mesure fiables dans toutes les conditions. Leur indice de protection IP67, leur conception compacte et leur choix de diff\u00e9rentes sorties de signal les rendent largement utilisables dans divers secteurs industriels belges.<\/p>\n<p>Les ESP1 et ESP10 convertissent la pression mesur\u00e9e en un signal \u00e9lectrique analogique qui peut \u00eatre lu directement par des PLC ou des appareils de mesure.<\/p>\n<ul>\n<li>ESP1 : sortie de tension (notamment 0,5-4,5 V, 1-6 V, 0-10 V) pour les syst\u00e8mes qui traitent un signal de tension.<\/li>\n<li>ESP10 : sortie de courant (4-20 mA) pour les environnements industriels o\u00f9 les longues distances de c\u00e2blage et l&#8217;insensibilit\u00e9 aux perturbations sont importantes.<\/li>\n<\/ul>\n","protected":false},"excerpt":{"rendered":"<p>Les Euroswitch ESP1 et ESP10\u00a0 allient une technologie de mesure avanc\u00e9e \u00e0 un design italien robuste. Ces transducteurs de pression \u00e9lectroniques ont \u00e9t\u00e9 d\u00e9velopp\u00e9s pour les applications o\u00f9 des mesures de pression pr\u00e9cises et stables sont essentielles. Gr\u00e2ce \u00e0 leur cellule de mesure en c\u00e9ramique, ils offrent une excellente lin\u00e9arit\u00e9, une d\u00e9rive minimale dans le [&hellip;]<\/p>\n","protected":false},"featured_media":10666,"comment_status":"closed","ping_status":"closed","template":"","meta":[],"product_brand":[1735,1738],"product_cat":[932,942,954],"product_tag":[],"class_list":{"0":"post-10668","1":"product","2":"type-product","3":"status-publish","4":"has-post-thumbnail","6":"product_brand-euroswitch","7":"product_brand-pressure-tranducers","8":"product_cat-instrumentation-composants-atex","9":"product_cat-composants-standards","10":"product_cat-capteurs-de-pression","12":"first","13":"instock","14":"shipping-taxable","15":"product-type-simple"},"yoast_head":"<!-- This site is optimized with the Yoast SEO plugin v27.3 - https:\/\/yoast.com\/product\/yoast-seo-wordpress\/ -->\n<title>S\u00e9rie ESP1 de transducteurs de pression c\u00e9ramiques - LDA Belgique<\/title>\n<meta name=\"description\" content=\"Transducteurs de pression Euroswitch ESP1 &amp; ESP10 \u2013 capteurs c\u00e9ramiques pr\u00e9cis, IP67, r\u00e9ponse rapide \u22644 ms, choix entre sortie analogique 0\u201310 V ou 4\u201320 mA, plage de mesure jusqu&#039;\u00e0 600 bars.\" \/>\n<meta name=\"robots\" content=\"index, follow, max-snippet:-1, max-image-preview:large, max-video-preview:-1\" \/>\n<link rel=\"canonical\" href=\"https:\/\/lda.be\/fr\/produit\/serie-esp1-de-transducteurs-de-pression-ceramiques\/\" \/>\n<meta property=\"og:locale\" content=\"fr_FR\" \/>\n<meta property=\"og:type\" content=\"article\" \/>\n<meta property=\"og:title\" content=\"S\u00e9rie ESP1 de transducteurs de pression c\u00e9ramiques - LDA Belgique\" \/>\n<meta property=\"og:description\" content=\"Transducteurs de pression Euroswitch ESP1 &amp; ESP10 \u2013 capteurs c\u00e9ramiques pr\u00e9cis, IP67, r\u00e9ponse rapide \u22644 ms, choix entre sortie analogique 0\u201310 V ou 4\u201320 mA, plage de mesure jusqu&#039;\u00e0 600 bars.\" \/>\n<meta property=\"og:url\" content=\"https:\/\/lda.be\/fr\/produit\/serie-esp1-de-transducteurs-de-pression-ceramiques\/\" \/>\n<meta property=\"og:site_name\" content=\"LDA Belgique\" \/>\n<meta property=\"article:modified_time\" content=\"2025-08-12T11:45:10+00:00\" \/>\n<meta property=\"og:image\" content=\"https:\/\/lda.be\/wp-content\/uploads\/2025\/08\/esp1.webp\" \/>\n\t<meta property=\"og:image:width\" content=\"800\" \/>\n\t<meta property=\"og:image:height\" content=\"800\" \/>\n\t<meta property=\"og:image:type\" content=\"image\/webp\" \/>\n<meta name=\"twitter:card\" content=\"summary_large_image\" \/>\n<meta name=\"twitter:label1\" content=\"Dur\u00e9e de lecture estim\u00e9e\" \/>\n\t<meta name=\"twitter:data1\" content=\"2 minutes\" \/>\n<script type=\"application\/ld+json\" class=\"yoast-schema-graph\">{\"@context\":\"https:\\\/\\\/schema.org\",\"@graph\":[{\"@type\":\"WebPage\",\"@id\":\"https:\\\/\\\/lda.be\\\/fr\\\/produit\\\/serie-esp1-de-transducteurs-de-pression-ceramiques\\\/\",\"url\":\"https:\\\/\\\/lda.be\\\/fr\\\/produit\\\/serie-esp1-de-transducteurs-de-pression-ceramiques\\\/\",\"name\":\"S\u00e9rie ESP1 de transducteurs de pression c\u00e9ramiques - LDA Belgique\",\"isPartOf\":{\"@id\":\"https:\\\/\\\/lda.be\\\/fr\\\/#website\"},\"primaryImageOfPage\":{\"@id\":\"https:\\\/\\\/lda.be\\\/fr\\\/produit\\\/serie-esp1-de-transducteurs-de-pression-ceramiques\\\/#primaryimage\"},\"image\":{\"@id\":\"https:\\\/\\\/lda.be\\\/fr\\\/produit\\\/serie-esp1-de-transducteurs-de-pression-ceramiques\\\/#primaryimage\"},\"thumbnailUrl\":\"https:\\\/\\\/lda.be\\\/wp-content\\\/uploads\\\/2025\\\/08\\\/esp1.webp\",\"datePublished\":\"2025-08-12T11:34:41+00:00\",\"dateModified\":\"2025-08-12T11:45:10+00:00\",\"description\":\"Transducteurs de pression Euroswitch ESP1 & ESP10 \u2013 capteurs c\u00e9ramiques pr\u00e9cis, IP67, r\u00e9ponse rapide \u22644 ms, choix entre sortie analogique 0\u201310 V ou 4\u201320 mA, plage de mesure jusqu'\u00e0 600 bars.\",\"breadcrumb\":{\"@id\":\"https:\\\/\\\/lda.be\\\/fr\\\/produit\\\/serie-esp1-de-transducteurs-de-pression-ceramiques\\\/#breadcrumb\"},\"inLanguage\":\"fr-FR\",\"potentialAction\":[{\"@type\":\"ReadAction\",\"target\":[\"https:\\\/\\\/lda.be\\\/fr\\\/produit\\\/serie-esp1-de-transducteurs-de-pression-ceramiques\\\/\"]}]},{\"@type\":\"ImageObject\",\"inLanguage\":\"fr-FR\",\"@id\":\"https:\\\/\\\/lda.be\\\/fr\\\/produit\\\/serie-esp1-de-transducteurs-de-pression-ceramiques\\\/#primaryimage\",\"url\":\"https:\\\/\\\/lda.be\\\/wp-content\\\/uploads\\\/2025\\\/08\\\/esp1.webp\",\"contentUrl\":\"https:\\\/\\\/lda.be\\\/wp-content\\\/uploads\\\/2025\\\/08\\\/esp1.webp\",\"width\":800,\"height\":800,\"caption\":\"esp1 euroswitch drukomvormer\"},{\"@type\":\"BreadcrumbList\",\"@id\":\"https:\\\/\\\/lda.be\\\/fr\\\/produit\\\/serie-esp1-de-transducteurs-de-pression-ceramiques\\\/#breadcrumb\",\"itemListElement\":[{\"@type\":\"ListItem\",\"position\":1,\"name\":\"Accueil\",\"item\":\"https:\\\/\\\/lda.be\\\/fr\\\/\"},{\"@type\":\"ListItem\",\"position\":2,\"name\":\"Produits\",\"item\":\"https:\\\/\\\/lda.be\\\/fr\\\/produits\\\/\"},{\"@type\":\"ListItem\",\"position\":3,\"name\":\"S\u00e9rie ESP1 de transducteurs de pression c\u00e9ramiques\"}]},{\"@type\":\"WebSite\",\"@id\":\"https:\\\/\\\/lda.be\\\/fr\\\/#website\",\"url\":\"https:\\\/\\\/lda.be\\\/fr\\\/\",\"name\":\"LDA Belgium\",\"description\":\"Solutions For Life\",\"publisher\":{\"@id\":\"https:\\\/\\\/lda.be\\\/fr\\\/#organization\"},\"potentialAction\":[{\"@type\":\"SearchAction\",\"target\":{\"@type\":\"EntryPoint\",\"urlTemplate\":\"https:\\\/\\\/lda.be\\\/fr\\\/?s={search_term_string}\"},\"query-input\":{\"@type\":\"PropertyValueSpecification\",\"valueRequired\":true,\"valueName\":\"search_term_string\"}}],\"inLanguage\":\"fr-FR\"},{\"@type\":\"Organization\",\"@id\":\"https:\\\/\\\/lda.be\\\/fr\\\/#organization\",\"name\":\"LDA Belgium\",\"url\":\"https:\\\/\\\/lda.be\\\/fr\\\/\",\"logo\":{\"@type\":\"ImageObject\",\"inLanguage\":\"fr-FR\",\"@id\":\"https:\\\/\\\/lda.be\\\/fr\\\/#\\\/schema\\\/logo\\\/image\\\/\",\"url\":\"https:\\\/\\\/lda.be\\\/wp-content\\\/uploads\\\/2022\\\/07\\\/Logo-LDA.webp\",\"contentUrl\":\"https:\\\/\\\/lda.be\\\/wp-content\\\/uploads\\\/2022\\\/07\\\/Logo-LDA.webp\",\"width\":311,\"height\":101,\"caption\":\"LDA Belgium\"},\"image\":{\"@id\":\"https:\\\/\\\/lda.be\\\/fr\\\/#\\\/schema\\\/logo\\\/image\\\/\"},\"sameAs\":[\"https:\\\/\\\/www.linkedin.com\\\/company\\\/lda-belgium-nv\"]}]}<\/script>\n<!-- \/ Yoast SEO plugin. -->","yoast_head_json":{"title":"S\u00e9rie ESP1 de transducteurs de pression c\u00e9ramiques - LDA Belgique","description":"Transducteurs de pression Euroswitch ESP1 & ESP10 \u2013 capteurs c\u00e9ramiques pr\u00e9cis, IP67, r\u00e9ponse rapide \u22644 ms, choix entre sortie analogique 0\u201310 V ou 4\u201320 mA, plage de mesure jusqu'\u00e0 600 bars.","robots":{"index":"index","follow":"follow","max-snippet":"max-snippet:-1","max-image-preview":"max-image-preview:large","max-video-preview":"max-video-preview:-1"},"canonical":"https:\/\/lda.be\/fr\/produit\/serie-esp1-de-transducteurs-de-pression-ceramiques\/","og_locale":"fr_FR","og_type":"article","og_title":"S\u00e9rie ESP1 de transducteurs de pression c\u00e9ramiques - LDA Belgique","og_description":"Transducteurs de pression Euroswitch ESP1 & ESP10 \u2013 capteurs c\u00e9ramiques pr\u00e9cis, IP67, r\u00e9ponse rapide \u22644 ms, choix entre sortie analogique 0\u201310 V ou 4\u201320 mA, plage de mesure jusqu'\u00e0 600 bars.","og_url":"https:\/\/lda.be\/fr\/produit\/serie-esp1-de-transducteurs-de-pression-ceramiques\/","og_site_name":"LDA Belgique","article_modified_time":"2025-08-12T11:45:10+00:00","og_image":[{"width":800,"height":800,"url":"https:\/\/lda.be\/wp-content\/uploads\/2025\/08\/esp1.webp","type":"image\/webp"}],"twitter_card":"summary_large_image","twitter_misc":{"Dur\u00e9e de lecture estim\u00e9e":"2 minutes"},"schema":{"@context":"https:\/\/schema.org","@graph":[{"@type":"WebPage","@id":"https:\/\/lda.be\/fr\/produit\/serie-esp1-de-transducteurs-de-pression-ceramiques\/","url":"https:\/\/lda.be\/fr\/produit\/serie-esp1-de-transducteurs-de-pression-ceramiques\/","name":"S\u00e9rie ESP1 de transducteurs de pression c\u00e9ramiques - LDA Belgique","isPartOf":{"@id":"https:\/\/lda.be\/fr\/#website"},"primaryImageOfPage":{"@id":"https:\/\/lda.be\/fr\/produit\/serie-esp1-de-transducteurs-de-pression-ceramiques\/#primaryimage"},"image":{"@id":"https:\/\/lda.be\/fr\/produit\/serie-esp1-de-transducteurs-de-pression-ceramiques\/#primaryimage"},"thumbnailUrl":"https:\/\/lda.be\/wp-content\/uploads\/2025\/08\/esp1.webp","datePublished":"2025-08-12T11:34:41+00:00","dateModified":"2025-08-12T11:45:10+00:00","description":"Transducteurs de pression Euroswitch ESP1 & ESP10 \u2013 capteurs c\u00e9ramiques pr\u00e9cis, IP67, r\u00e9ponse rapide \u22644 ms, choix entre sortie analogique 0\u201310 V ou 4\u201320 mA, plage de mesure jusqu'\u00e0 600 bars.","breadcrumb":{"@id":"https:\/\/lda.be\/fr\/produit\/serie-esp1-de-transducteurs-de-pression-ceramiques\/#breadcrumb"},"inLanguage":"fr-FR","potentialAction":[{"@type":"ReadAction","target":["https:\/\/lda.be\/fr\/produit\/serie-esp1-de-transducteurs-de-pression-ceramiques\/"]}]},{"@type":"ImageObject","inLanguage":"fr-FR","@id":"https:\/\/lda.be\/fr\/produit\/serie-esp1-de-transducteurs-de-pression-ceramiques\/#primaryimage","url":"https:\/\/lda.be\/wp-content\/uploads\/2025\/08\/esp1.webp","contentUrl":"https:\/\/lda.be\/wp-content\/uploads\/2025\/08\/esp1.webp","width":800,"height":800,"caption":"esp1 euroswitch drukomvormer"},{"@type":"BreadcrumbList","@id":"https:\/\/lda.be\/fr\/produit\/serie-esp1-de-transducteurs-de-pression-ceramiques\/#breadcrumb","itemListElement":[{"@type":"ListItem","position":1,"name":"Accueil","item":"https:\/\/lda.be\/fr\/"},{"@type":"ListItem","position":2,"name":"Produits","item":"https:\/\/lda.be\/fr\/produits\/"},{"@type":"ListItem","position":3,"name":"S\u00e9rie ESP1 de transducteurs de pression c\u00e9ramiques"}]},{"@type":"WebSite","@id":"https:\/\/lda.be\/fr\/#website","url":"https:\/\/lda.be\/fr\/","name":"LDA Belgium","description":"Solutions For Life","publisher":{"@id":"https:\/\/lda.be\/fr\/#organization"},"potentialAction":[{"@type":"SearchAction","target":{"@type":"EntryPoint","urlTemplate":"https:\/\/lda.be\/fr\/?s={search_term_string}"},"query-input":{"@type":"PropertyValueSpecification","valueRequired":true,"valueName":"search_term_string"}}],"inLanguage":"fr-FR"},{"@type":"Organization","@id":"https:\/\/lda.be\/fr\/#organization","name":"LDA Belgium","url":"https:\/\/lda.be\/fr\/","logo":{"@type":"ImageObject","inLanguage":"fr-FR","@id":"https:\/\/lda.be\/fr\/#\/schema\/logo\/image\/","url":"https:\/\/lda.be\/wp-content\/uploads\/2022\/07\/Logo-LDA.webp","contentUrl":"https:\/\/lda.be\/wp-content\/uploads\/2022\/07\/Logo-LDA.webp","width":311,"height":101,"caption":"LDA Belgium"},"image":{"@id":"https:\/\/lda.be\/fr\/#\/schema\/logo\/image\/"},"sameAs":["https:\/\/www.linkedin.com\/company\/lda-belgium-nv"]}]}},"_links":{"self":[{"href":"https:\/\/lda.be\/fr\/wp-json\/wp\/v2\/product\/10668","targetHints":{"allow":["GET"]}}],"collection":[{"href":"https:\/\/lda.be\/fr\/wp-json\/wp\/v2\/product"}],"about":[{"href":"https:\/\/lda.be\/fr\/wp-json\/wp\/v2\/types\/product"}],"replies":[{"embeddable":true,"href":"https:\/\/lda.be\/fr\/wp-json\/wp\/v2\/comments?post=10668"}],"wp:featuredmedia":[{"embeddable":true,"href":"https:\/\/lda.be\/fr\/wp-json\/wp\/v2\/media\/10666"}],"wp:attachment":[{"href":"https:\/\/lda.be\/fr\/wp-json\/wp\/v2\/media?parent=10668"}],"wp:term":[{"taxonomy":"product_brand","embeddable":true,"href":"https:\/\/lda.be\/fr\/wp-json\/wp\/v2\/product_brand?post=10668"},{"taxonomy":"product_cat","embeddable":true,"href":"https:\/\/lda.be\/fr\/wp-json\/wp\/v2\/product_cat?post=10668"},{"taxonomy":"product_tag","embeddable":true,"href":"https:\/\/lda.be\/fr\/wp-json\/wp\/v2\/product_tag?post=10668"}],"curies":[{"name":"wp","href":"https:\/\/api.w.org\/{rel}","templated":true}]}}