{"id":10685,"date":"2025-08-12T14:33:06","date_gmt":"2025-08-12T13:33:06","guid":{"rendered":"https:\/\/lda.be\/?post_type=product&#038;p=10685"},"modified":"2025-08-12T14:42:02","modified_gmt":"2025-08-12T13:42:02","slug":"detecteurs-de-niveau-electromagnetiques-en-plastique","status":"publish","type":"product","link":"https:\/\/lda.be\/fr\/produit\/detecteurs-de-niveau-electromagnetiques-en-plastique\/","title":{"rendered":"D\u00e9tecteurs de niveau \u00e9lectromagn\u00e9tiques en plastique"},"content":{"rendered":"<p>Les d\u00e9tecteurs de niveau \u00e9lectromagn\u00e9tiques en plastique d&#8217;Euroswitch sont con\u00e7us pour mesurer avec pr\u00e9cision les niveaux de liquide. Ils fonctionnent de mani\u00e8re fiable dans divers environnements et conviennent aussi bien aux applications industrielles qu&#8217;agricoles.<\/p>\n<p>Les d\u00e9tecteurs sont dot\u00e9s d&#8217;un bo\u00eetier en plastique r\u00e9sistant \u00e0 l&#8217;eau, aux huiles et \u00e0 de nombreux produits chimiques. Ils conviennent donc aux installations o\u00f9 le m\u00e9tal est moins souhaitable. Leur principe de mesure \u00e9lectromagn\u00e9tique assure une commutation directe et claire d\u00e8s que le niveau d\u00e9fini est atteint.<\/p>\n<p>Aucune pi\u00e8ce mobile n&#8217;est en contact avec le liquide. Cela r\u00e9duit l&#8217;usure et prolonge consid\u00e9rablement la dur\u00e9e de vie. De plus, les performances restent stables, m\u00eame en cas de variations de temp\u00e9rature et d&#8217;humidit\u00e9.<\/p>\n<p>Les d\u00e9tecteurs de niveau \u00e9lectromagn\u00e9tiques en plastique sont disponibles en diff\u00e9rentes versions. Ils peuvent \u00eatre mont\u00e9s \u00e0 l&#8217;aide d&#8217;un filetage ou d&#8217;une bride, ce qui permet de les int\u00e9grer rapidement dans des r\u00e9servoirs ou des syst\u00e8mes de tuyauterie. Il existe des mod\u00e8les avec sortie c\u00e2bl\u00e9e et des versions avec connecteurs industriels. L&#8217;absence de points d&#8217;usure m\u00e9canique internes rend l&#8217;entretien rarement n\u00e9cessaire.<\/p>\n","protected":false},"excerpt":{"rendered":"<p>Les d\u00e9tecteurs de niveau \u00e9lectromagn\u00e9tiques en plastique d&#8217;Euroswitch sont con\u00e7us pour mesurer avec pr\u00e9cision les niveaux de liquide. Ils fonctionnent de mani\u00e8re fiable dans divers environnements et conviennent aussi bien aux applications industrielles qu&#8217;agricoles. Les d\u00e9tecteurs sont dot\u00e9s d&#8217;un bo\u00eetier en plastique r\u00e9sistant \u00e0 l&#8217;eau, aux huiles et \u00e0 de nombreux produits chimiques. Ils conviennent [&hellip;]<\/p>\n","protected":false},"featured_media":10676,"comment_status":"closed","ping_status":"closed","template":"","meta":[],"product_brand":[1735,1742],"product_cat":[932,942,1741],"product_tag":[],"class_list":{"0":"post-10685","1":"product","2":"type-product","3":"status-publish","4":"has-post-thumbnail","6":"product_brand-euroswitch","7":"product_brand-level-sensor","8":"product_cat-instrumentation-composants-atex","9":"product_cat-composants-standards","10":"product_cat-composant-standards-detecteur-de-niveau-a-flotteur","12":"first","13":"instock","14":"shipping-taxable","15":"product-type-simple"},"yoast_head":"<!-- This site is optimized with the Yoast SEO plugin v27.3 - https:\/\/yoast.com\/product\/yoast-seo-wordpress\/ -->\n<title>D\u00e9tecteurs de niveau \u00e9lectromagn\u00e9tiques en plastique - LDA Belgique<\/title>\n<meta name=\"description\" content=\"Les d\u00e9tecteurs de niveau \u00e0 flotteur \u00e9lectromagn\u00e9tiques en plastique Euroswitch offrent une mesure pr\u00e9cise des liquides et une longue dur\u00e9e de vie. Disponibles chez LDA Belgique.\" \/>\n<meta name=\"robots\" content=\"index, follow, max-snippet:-1, max-image-preview:large, max-video-preview:-1\" \/>\n<link rel=\"canonical\" href=\"https:\/\/lda.be\/fr\/produit\/detecteurs-de-niveau-electromagnetiques-en-plastique\/\" \/>\n<meta property=\"og:locale\" content=\"fr_FR\" \/>\n<meta property=\"og:type\" content=\"article\" \/>\n<meta property=\"og:title\" content=\"D\u00e9tecteurs de niveau \u00e9lectromagn\u00e9tiques en plastique - LDA Belgique\" \/>\n<meta property=\"og:description\" content=\"Les d\u00e9tecteurs de niveau \u00e0 flotteur \u00e9lectromagn\u00e9tiques en plastique Euroswitch offrent une mesure pr\u00e9cise des liquides et une longue dur\u00e9e de vie. Disponibles chez LDA Belgique.\" \/>\n<meta property=\"og:url\" content=\"https:\/\/lda.be\/fr\/produit\/detecteurs-de-niveau-electromagnetiques-en-plastique\/\" \/>\n<meta property=\"og:site_name\" content=\"LDA Belgique\" \/>\n<meta property=\"article:modified_time\" content=\"2025-08-12T13:42:02+00:00\" \/>\n<meta property=\"og:image\" content=\"https:\/\/lda.be\/wp-content\/uploads\/2025\/08\/float-level-sensor.webp\" \/>\n\t<meta property=\"og:image:width\" content=\"800\" \/>\n\t<meta property=\"og:image:height\" content=\"800\" \/>\n\t<meta property=\"og:image:type\" content=\"image\/webp\" \/>\n<meta name=\"twitter:card\" content=\"summary_large_image\" \/>\n<meta name=\"twitter:label1\" content=\"Dur\u00e9e de lecture estim\u00e9e\" \/>\n\t<meta name=\"twitter:data1\" content=\"1 minute\" \/>\n<script type=\"application\/ld+json\" class=\"yoast-schema-graph\">{\"@context\":\"https:\\\/\\\/schema.org\",\"@graph\":[{\"@type\":\"WebPage\",\"@id\":\"https:\\\/\\\/lda.be\\\/fr\\\/produit\\\/detecteurs-de-niveau-electromagnetiques-en-plastique\\\/\",\"url\":\"https:\\\/\\\/lda.be\\\/fr\\\/produit\\\/detecteurs-de-niveau-electromagnetiques-en-plastique\\\/\",\"name\":\"D\u00e9tecteurs de niveau \u00e9lectromagn\u00e9tiques en plastique - LDA Belgique\",\"isPartOf\":{\"@id\":\"https:\\\/\\\/lda.be\\\/fr\\\/#website\"},\"primaryImageOfPage\":{\"@id\":\"https:\\\/\\\/lda.be\\\/fr\\\/produit\\\/detecteurs-de-niveau-electromagnetiques-en-plastique\\\/#primaryimage\"},\"image\":{\"@id\":\"https:\\\/\\\/lda.be\\\/fr\\\/produit\\\/detecteurs-de-niveau-electromagnetiques-en-plastique\\\/#primaryimage\"},\"thumbnailUrl\":\"https:\\\/\\\/lda.be\\\/wp-content\\\/uploads\\\/2025\\\/08\\\/float-level-sensor.webp\",\"datePublished\":\"2025-08-12T13:33:06+00:00\",\"dateModified\":\"2025-08-12T13:42:02+00:00\",\"description\":\"Les d\u00e9tecteurs de niveau \u00e0 flotteur \u00e9lectromagn\u00e9tiques en plastique Euroswitch offrent une mesure pr\u00e9cise des liquides et une longue dur\u00e9e de vie. Disponibles chez LDA Belgique.\",\"breadcrumb\":{\"@id\":\"https:\\\/\\\/lda.be\\\/fr\\\/produit\\\/detecteurs-de-niveau-electromagnetiques-en-plastique\\\/#breadcrumb\"},\"inLanguage\":\"fr-FR\",\"potentialAction\":[{\"@type\":\"ReadAction\",\"target\":[\"https:\\\/\\\/lda.be\\\/fr\\\/produit\\\/detecteurs-de-niveau-electromagnetiques-en-plastique\\\/\"]}]},{\"@type\":\"ImageObject\",\"inLanguage\":\"fr-FR\",\"@id\":\"https:\\\/\\\/lda.be\\\/fr\\\/produit\\\/detecteurs-de-niveau-electromagnetiques-en-plastique\\\/#primaryimage\",\"url\":\"https:\\\/\\\/lda.be\\\/wp-content\\\/uploads\\\/2025\\\/08\\\/float-level-sensor.webp\",\"contentUrl\":\"https:\\\/\\\/lda.be\\\/wp-content\\\/uploads\\\/2025\\\/08\\\/float-level-sensor.webp\",\"width\":800,\"height\":800,\"caption\":\"float level sensor van euroswitch\"},{\"@type\":\"BreadcrumbList\",\"@id\":\"https:\\\/\\\/lda.be\\\/fr\\\/produit\\\/detecteurs-de-niveau-electromagnetiques-en-plastique\\\/#breadcrumb\",\"itemListElement\":[{\"@type\":\"ListItem\",\"position\":1,\"name\":\"Accueil\",\"item\":\"https:\\\/\\\/lda.be\\\/fr\\\/\"},{\"@type\":\"ListItem\",\"position\":2,\"name\":\"Produits\",\"item\":\"https:\\\/\\\/lda.be\\\/fr\\\/produits\\\/\"},{\"@type\":\"ListItem\",\"position\":3,\"name\":\"D\u00e9tecteurs de niveau \u00e9lectromagn\u00e9tiques en plastique\"}]},{\"@type\":\"WebSite\",\"@id\":\"https:\\\/\\\/lda.be\\\/fr\\\/#website\",\"url\":\"https:\\\/\\\/lda.be\\\/fr\\\/\",\"name\":\"LDA Belgium\",\"description\":\"Solutions For Life\",\"publisher\":{\"@id\":\"https:\\\/\\\/lda.be\\\/fr\\\/#organization\"},\"potentialAction\":[{\"@type\":\"SearchAction\",\"target\":{\"@type\":\"EntryPoint\",\"urlTemplate\":\"https:\\\/\\\/lda.be\\\/fr\\\/?s={search_term_string}\"},\"query-input\":{\"@type\":\"PropertyValueSpecification\",\"valueRequired\":true,\"valueName\":\"search_term_string\"}}],\"inLanguage\":\"fr-FR\"},{\"@type\":\"Organization\",\"@id\":\"https:\\\/\\\/lda.be\\\/fr\\\/#organization\",\"name\":\"LDA Belgium\",\"url\":\"https:\\\/\\\/lda.be\\\/fr\\\/\",\"logo\":{\"@type\":\"ImageObject\",\"inLanguage\":\"fr-FR\",\"@id\":\"https:\\\/\\\/lda.be\\\/fr\\\/#\\\/schema\\\/logo\\\/image\\\/\",\"url\":\"https:\\\/\\\/lda.be\\\/wp-content\\\/uploads\\\/2022\\\/07\\\/Logo-LDA.webp\",\"contentUrl\":\"https:\\\/\\\/lda.be\\\/wp-content\\\/uploads\\\/2022\\\/07\\\/Logo-LDA.webp\",\"width\":311,\"height\":101,\"caption\":\"LDA Belgium\"},\"image\":{\"@id\":\"https:\\\/\\\/lda.be\\\/fr\\\/#\\\/schema\\\/logo\\\/image\\\/\"},\"sameAs\":[\"https:\\\/\\\/www.linkedin.com\\\/company\\\/lda-belgium-nv\"]}]}<\/script>\n<!-- \/ Yoast SEO plugin. -->","yoast_head_json":{"title":"D\u00e9tecteurs de niveau \u00e9lectromagn\u00e9tiques en plastique - LDA Belgique","description":"Les d\u00e9tecteurs de niveau \u00e0 flotteur \u00e9lectromagn\u00e9tiques en plastique Euroswitch offrent une mesure pr\u00e9cise des liquides et une longue dur\u00e9e de vie. Disponibles chez LDA Belgique.","robots":{"index":"index","follow":"follow","max-snippet":"max-snippet:-1","max-image-preview":"max-image-preview:large","max-video-preview":"max-video-preview:-1"},"canonical":"https:\/\/lda.be\/fr\/produit\/detecteurs-de-niveau-electromagnetiques-en-plastique\/","og_locale":"fr_FR","og_type":"article","og_title":"D\u00e9tecteurs de niveau \u00e9lectromagn\u00e9tiques en plastique - LDA Belgique","og_description":"Les d\u00e9tecteurs de niveau \u00e0 flotteur \u00e9lectromagn\u00e9tiques en plastique Euroswitch offrent une mesure pr\u00e9cise des liquides et une longue dur\u00e9e de vie. Disponibles chez LDA Belgique.","og_url":"https:\/\/lda.be\/fr\/produit\/detecteurs-de-niveau-electromagnetiques-en-plastique\/","og_site_name":"LDA Belgique","article_modified_time":"2025-08-12T13:42:02+00:00","og_image":[{"width":800,"height":800,"url":"https:\/\/lda.be\/wp-content\/uploads\/2025\/08\/float-level-sensor.webp","type":"image\/webp"}],"twitter_card":"summary_large_image","twitter_misc":{"Dur\u00e9e de lecture estim\u00e9e":"1 minute"},"schema":{"@context":"https:\/\/schema.org","@graph":[{"@type":"WebPage","@id":"https:\/\/lda.be\/fr\/produit\/detecteurs-de-niveau-electromagnetiques-en-plastique\/","url":"https:\/\/lda.be\/fr\/produit\/detecteurs-de-niveau-electromagnetiques-en-plastique\/","name":"D\u00e9tecteurs de niveau \u00e9lectromagn\u00e9tiques en plastique - LDA Belgique","isPartOf":{"@id":"https:\/\/lda.be\/fr\/#website"},"primaryImageOfPage":{"@id":"https:\/\/lda.be\/fr\/produit\/detecteurs-de-niveau-electromagnetiques-en-plastique\/#primaryimage"},"image":{"@id":"https:\/\/lda.be\/fr\/produit\/detecteurs-de-niveau-electromagnetiques-en-plastique\/#primaryimage"},"thumbnailUrl":"https:\/\/lda.be\/wp-content\/uploads\/2025\/08\/float-level-sensor.webp","datePublished":"2025-08-12T13:33:06+00:00","dateModified":"2025-08-12T13:42:02+00:00","description":"Les d\u00e9tecteurs de niveau \u00e0 flotteur \u00e9lectromagn\u00e9tiques en plastique Euroswitch offrent une mesure pr\u00e9cise des liquides et une longue dur\u00e9e de vie. Disponibles chez LDA Belgique.","breadcrumb":{"@id":"https:\/\/lda.be\/fr\/produit\/detecteurs-de-niveau-electromagnetiques-en-plastique\/#breadcrumb"},"inLanguage":"fr-FR","potentialAction":[{"@type":"ReadAction","target":["https:\/\/lda.be\/fr\/produit\/detecteurs-de-niveau-electromagnetiques-en-plastique\/"]}]},{"@type":"ImageObject","inLanguage":"fr-FR","@id":"https:\/\/lda.be\/fr\/produit\/detecteurs-de-niveau-electromagnetiques-en-plastique\/#primaryimage","url":"https:\/\/lda.be\/wp-content\/uploads\/2025\/08\/float-level-sensor.webp","contentUrl":"https:\/\/lda.be\/wp-content\/uploads\/2025\/08\/float-level-sensor.webp","width":800,"height":800,"caption":"float level sensor van euroswitch"},{"@type":"BreadcrumbList","@id":"https:\/\/lda.be\/fr\/produit\/detecteurs-de-niveau-electromagnetiques-en-plastique\/#breadcrumb","itemListElement":[{"@type":"ListItem","position":1,"name":"Accueil","item":"https:\/\/lda.be\/fr\/"},{"@type":"ListItem","position":2,"name":"Produits","item":"https:\/\/lda.be\/fr\/produits\/"},{"@type":"ListItem","position":3,"name":"D\u00e9tecteurs de niveau \u00e9lectromagn\u00e9tiques en plastique"}]},{"@type":"WebSite","@id":"https:\/\/lda.be\/fr\/#website","url":"https:\/\/lda.be\/fr\/","name":"LDA Belgium","description":"Solutions For Life","publisher":{"@id":"https:\/\/lda.be\/fr\/#organization"},"potentialAction":[{"@type":"SearchAction","target":{"@type":"EntryPoint","urlTemplate":"https:\/\/lda.be\/fr\/?s={search_term_string}"},"query-input":{"@type":"PropertyValueSpecification","valueRequired":true,"valueName":"search_term_string"}}],"inLanguage":"fr-FR"},{"@type":"Organization","@id":"https:\/\/lda.be\/fr\/#organization","name":"LDA Belgium","url":"https:\/\/lda.be\/fr\/","logo":{"@type":"ImageObject","inLanguage":"fr-FR","@id":"https:\/\/lda.be\/fr\/#\/schema\/logo\/image\/","url":"https:\/\/lda.be\/wp-content\/uploads\/2022\/07\/Logo-LDA.webp","contentUrl":"https:\/\/lda.be\/wp-content\/uploads\/2022\/07\/Logo-LDA.webp","width":311,"height":101,"caption":"LDA Belgium"},"image":{"@id":"https:\/\/lda.be\/fr\/#\/schema\/logo\/image\/"},"sameAs":["https:\/\/www.linkedin.com\/company\/lda-belgium-nv"]}]}},"_links":{"self":[{"href":"https:\/\/lda.be\/fr\/wp-json\/wp\/v2\/product\/10685","targetHints":{"allow":["GET"]}}],"collection":[{"href":"https:\/\/lda.be\/fr\/wp-json\/wp\/v2\/product"}],"about":[{"href":"https:\/\/lda.be\/fr\/wp-json\/wp\/v2\/types\/product"}],"replies":[{"embeddable":true,"href":"https:\/\/lda.be\/fr\/wp-json\/wp\/v2\/comments?post=10685"}],"wp:featuredmedia":[{"embeddable":true,"href":"https:\/\/lda.be\/fr\/wp-json\/wp\/v2\/media\/10676"}],"wp:attachment":[{"href":"https:\/\/lda.be\/fr\/wp-json\/wp\/v2\/media?parent=10685"}],"wp:term":[{"taxonomy":"product_brand","embeddable":true,"href":"https:\/\/lda.be\/fr\/wp-json\/wp\/v2\/product_brand?post=10685"},{"taxonomy":"product_cat","embeddable":true,"href":"https:\/\/lda.be\/fr\/wp-json\/wp\/v2\/product_cat?post=10685"},{"taxonomy":"product_tag","embeddable":true,"href":"https:\/\/lda.be\/fr\/wp-json\/wp\/v2\/product_tag?post=10685"}],"curies":[{"name":"wp","href":"https:\/\/api.w.org\/{rel}","templated":true}]}}