{"id":10697,"date":"2025-08-12T15:23:28","date_gmt":"2025-08-12T14:23:28","guid":{"rendered":"https:\/\/lda.be\/?post_type=product&#038;p=10697"},"modified":"2025-08-13T08:12:15","modified_gmt":"2025-08-13T07:12:15","slug":"detecteur-de-niveau-electromagnetique-a-fixation-laterale","status":"publish","type":"product","link":"https:\/\/lda.be\/fr\/produit\/detecteur-de-niveau-electromagnetique-a-fixation-laterale\/","title":{"rendered":"D\u00e9tecteur de niveau \u00e9lectromagn\u00e9tique \u00e0 fixation lat\u00e9rale"},"content":{"rendered":"<p>La s\u00e9rie de d\u00e9tecteurs de niveau \u00e9lectromagn\u00e9tiques \u00e0 montage lat\u00e9ral d&#8217;Euroswitch a \u00e9t\u00e9 d\u00e9velopp\u00e9e pour une d\u00e9tection pr\u00e9cise du niveau dans des liquides tels que l&#8217;eau, les acides, les huiles, le diesel et l&#8217;essence. Ces capteurs conviennent \u00e0 diverses applications, notamment les installations industrielles, les machines et les r\u00e9servoirs de stockage. Gr\u00e2ce \u00e0 leur montage lat\u00e9ral, ils sont faciles \u00e0 installer, m\u00eame dans des espaces restreints ou des syst\u00e8mes existants.<\/p>\n<p>Leur construction utilise des mat\u00e9riaux tels que le polypropyl\u00e8ne, le nylon ou le NBR, selon le mod\u00e8le et l&#8217;application. La technologie de contact est bas\u00e9e sur des contacts Reed, disponibles en configuration N.O., N.C. ou SPDT. Cela garantit une commutation fiable avec une puissance de commutation maximale de 40 W (3 W pour SPDT), un courant de commutation maximal de 1 A et une tension de commutation maximale de 50 V (250 V sur demande).<\/p>\n<p>Les d\u00e9tecteurs sont con\u00e7us pour les liquides ayant une densit\u00e9 minimale de 0,7 ou 0,75, selon le mod\u00e8le. La temp\u00e9rature de fonctionnement varie de -10 \u00b0C \u00e0 +80 \u00b0C, voire +100 \u00b0C, ce qui les rend adapt\u00e9s \u00e0 diverses conditions de fonctionnement. Gr\u00e2ce \u00e0 la fonction d&#8217;inversion simple du flotteur, le mode de commutation peut \u00eatre rapidement modifi\u00e9 de normalement ferm\u00e9 (N.C.) \u00e0 normalement ouvert (N.O.).<\/p>\n","protected":false},"excerpt":{"rendered":"<p>La s\u00e9rie de d\u00e9tecteurs de niveau \u00e9lectromagn\u00e9tiques \u00e0 montage lat\u00e9ral d&#8217;Euroswitch a \u00e9t\u00e9 d\u00e9velopp\u00e9e pour une d\u00e9tection pr\u00e9cise du niveau dans des liquides tels que l&#8217;eau, les acides, les huiles, le diesel et l&#8217;essence. Ces capteurs conviennent \u00e0 diverses applications, notamment les installations industrielles, les machines et les r\u00e9servoirs de stockage. Gr\u00e2ce \u00e0 leur montage [&hellip;]<\/p>\n","protected":false},"featured_media":10691,"comment_status":"closed","ping_status":"closed","template":"","meta":[],"product_brand":[1735,1742],"product_cat":[932,1741],"product_tag":[],"class_list":{"0":"post-10697","1":"product","2":"type-product","3":"status-publish","4":"has-post-thumbnail","6":"product_brand-euroswitch","7":"product_brand-level-sensor","8":"product_cat-instrumentation-composants-atex","9":"product_cat-composant-standards-detecteur-de-niveau-a-flotteur","11":"first","12":"instock","13":"shipping-taxable","14":"product-type-simple"},"yoast_head":"<!-- This site is optimized with the Yoast SEO plugin v27.3 - https:\/\/yoast.com\/product\/yoast-seo-wordpress\/ -->\n<title>D\u00e9tecteur de niveau \u00e9lectromagn\u00e9tique \u00e0 fixation lat\u00e9rale - LDA Belgique<\/title>\n<meta name=\"description\" content=\"D\u00e9tecteur de niveau \u00e9lectromagn\u00e9tique \u00e0 fixation lat\u00e9rale d&#039;Euroswitch. Disponible chez LDA Belgique. Pour l&#039;eau ou l&#039;huile. Fixation dans un r\u00e9servoir capacitif\" \/>\n<meta name=\"robots\" content=\"index, follow, max-snippet:-1, max-image-preview:large, max-video-preview:-1\" \/>\n<link rel=\"canonical\" href=\"https:\/\/lda.be\/fr\/produit\/detecteur-de-niveau-electromagnetique-a-fixation-laterale\/\" \/>\n<meta property=\"og:locale\" content=\"fr_FR\" \/>\n<meta property=\"og:type\" content=\"article\" \/>\n<meta property=\"og:title\" content=\"D\u00e9tecteur de niveau \u00e9lectromagn\u00e9tique \u00e0 fixation lat\u00e9rale - LDA Belgique\" \/>\n<meta property=\"og:description\" content=\"D\u00e9tecteur de niveau \u00e9lectromagn\u00e9tique \u00e0 fixation lat\u00e9rale d&#039;Euroswitch. Disponible chez LDA Belgique. Pour l&#039;eau ou l&#039;huile. Fixation dans un r\u00e9servoir capacitif\" \/>\n<meta property=\"og:url\" content=\"https:\/\/lda.be\/fr\/produit\/detecteur-de-niveau-electromagnetique-a-fixation-laterale\/\" \/>\n<meta property=\"og:site_name\" content=\"LDA Belgique\" \/>\n<meta property=\"article:modified_time\" content=\"2025-08-13T07:12:15+00:00\" \/>\n<meta property=\"og:image\" content=\"https:\/\/lda.be\/wp-content\/uploads\/2025\/08\/Electromagnetic-level-sensor-lateral-fixing-catalog.webp\" \/>\n\t<meta property=\"og:image:width\" content=\"800\" \/>\n\t<meta property=\"og:image:height\" content=\"800\" \/>\n\t<meta property=\"og:image:type\" content=\"image\/webp\" \/>\n<meta name=\"twitter:card\" content=\"summary_large_image\" \/>\n<meta name=\"twitter:label1\" content=\"Dur\u00e9e de lecture estim\u00e9e\" \/>\n\t<meta name=\"twitter:data1\" content=\"2 minutes\" \/>\n<script type=\"application\/ld+json\" class=\"yoast-schema-graph\">{\"@context\":\"https:\\\/\\\/schema.org\",\"@graph\":[{\"@type\":\"WebPage\",\"@id\":\"https:\\\/\\\/lda.be\\\/fr\\\/produit\\\/detecteur-de-niveau-electromagnetique-a-fixation-laterale\\\/\",\"url\":\"https:\\\/\\\/lda.be\\\/fr\\\/produit\\\/detecteur-de-niveau-electromagnetique-a-fixation-laterale\\\/\",\"name\":\"D\u00e9tecteur de niveau \u00e9lectromagn\u00e9tique \u00e0 fixation lat\u00e9rale - LDA Belgique\",\"isPartOf\":{\"@id\":\"https:\\\/\\\/lda.be\\\/fr\\\/#website\"},\"primaryImageOfPage\":{\"@id\":\"https:\\\/\\\/lda.be\\\/fr\\\/produit\\\/detecteur-de-niveau-electromagnetique-a-fixation-laterale\\\/#primaryimage\"},\"image\":{\"@id\":\"https:\\\/\\\/lda.be\\\/fr\\\/produit\\\/detecteur-de-niveau-electromagnetique-a-fixation-laterale\\\/#primaryimage\"},\"thumbnailUrl\":\"https:\\\/\\\/lda.be\\\/wp-content\\\/uploads\\\/2025\\\/08\\\/Electromagnetic-level-sensor-lateral-fixing-catalog.webp\",\"datePublished\":\"2025-08-12T14:23:28+00:00\",\"dateModified\":\"2025-08-13T07:12:15+00:00\",\"description\":\"D\u00e9tecteur de niveau \u00e9lectromagn\u00e9tique \u00e0 fixation lat\u00e9rale d'Euroswitch. Disponible chez LDA Belgique. Pour l'eau ou l'huile. Fixation dans un r\u00e9servoir capacitif\",\"breadcrumb\":{\"@id\":\"https:\\\/\\\/lda.be\\\/fr\\\/produit\\\/detecteur-de-niveau-electromagnetique-a-fixation-laterale\\\/#breadcrumb\"},\"inLanguage\":\"fr-FR\",\"potentialAction\":[{\"@type\":\"ReadAction\",\"target\":[\"https:\\\/\\\/lda.be\\\/fr\\\/produit\\\/detecteur-de-niveau-electromagnetique-a-fixation-laterale\\\/\"]}]},{\"@type\":\"ImageObject\",\"inLanguage\":\"fr-FR\",\"@id\":\"https:\\\/\\\/lda.be\\\/fr\\\/produit\\\/detecteur-de-niveau-electromagnetique-a-fixation-laterale\\\/#primaryimage\",\"url\":\"https:\\\/\\\/lda.be\\\/wp-content\\\/uploads\\\/2025\\\/08\\\/Electromagnetic-level-sensor-lateral-fixing-catalog.webp\",\"contentUrl\":\"https:\\\/\\\/lda.be\\\/wp-content\\\/uploads\\\/2025\\\/08\\\/Electromagnetic-level-sensor-lateral-fixing-catalog.webp\",\"width\":800,\"height\":800,\"caption\":\"Electromagnetic level sensor lateral fixing catalog\"},{\"@type\":\"BreadcrumbList\",\"@id\":\"https:\\\/\\\/lda.be\\\/fr\\\/produit\\\/detecteur-de-niveau-electromagnetique-a-fixation-laterale\\\/#breadcrumb\",\"itemListElement\":[{\"@type\":\"ListItem\",\"position\":1,\"name\":\"Accueil\",\"item\":\"https:\\\/\\\/lda.be\\\/fr\\\/\"},{\"@type\":\"ListItem\",\"position\":2,\"name\":\"Produits\",\"item\":\"https:\\\/\\\/lda.be\\\/fr\\\/produits\\\/\"},{\"@type\":\"ListItem\",\"position\":3,\"name\":\"D\u00e9tecteur de niveau \u00e9lectromagn\u00e9tique \u00e0 fixation lat\u00e9rale\"}]},{\"@type\":\"WebSite\",\"@id\":\"https:\\\/\\\/lda.be\\\/fr\\\/#website\",\"url\":\"https:\\\/\\\/lda.be\\\/fr\\\/\",\"name\":\"LDA Belgium\",\"description\":\"Solutions For Life\",\"publisher\":{\"@id\":\"https:\\\/\\\/lda.be\\\/fr\\\/#organization\"},\"potentialAction\":[{\"@type\":\"SearchAction\",\"target\":{\"@type\":\"EntryPoint\",\"urlTemplate\":\"https:\\\/\\\/lda.be\\\/fr\\\/?s={search_term_string}\"},\"query-input\":{\"@type\":\"PropertyValueSpecification\",\"valueRequired\":true,\"valueName\":\"search_term_string\"}}],\"inLanguage\":\"fr-FR\"},{\"@type\":\"Organization\",\"@id\":\"https:\\\/\\\/lda.be\\\/fr\\\/#organization\",\"name\":\"LDA Belgium\",\"url\":\"https:\\\/\\\/lda.be\\\/fr\\\/\",\"logo\":{\"@type\":\"ImageObject\",\"inLanguage\":\"fr-FR\",\"@id\":\"https:\\\/\\\/lda.be\\\/fr\\\/#\\\/schema\\\/logo\\\/image\\\/\",\"url\":\"https:\\\/\\\/lda.be\\\/wp-content\\\/uploads\\\/2022\\\/07\\\/Logo-LDA.webp\",\"contentUrl\":\"https:\\\/\\\/lda.be\\\/wp-content\\\/uploads\\\/2022\\\/07\\\/Logo-LDA.webp\",\"width\":311,\"height\":101,\"caption\":\"LDA Belgium\"},\"image\":{\"@id\":\"https:\\\/\\\/lda.be\\\/fr\\\/#\\\/schema\\\/logo\\\/image\\\/\"},\"sameAs\":[\"https:\\\/\\\/www.linkedin.com\\\/company\\\/lda-belgium-nv\"]}]}<\/script>\n<!-- \/ Yoast SEO plugin. -->","yoast_head_json":{"title":"D\u00e9tecteur de niveau \u00e9lectromagn\u00e9tique \u00e0 fixation lat\u00e9rale - LDA Belgique","description":"D\u00e9tecteur de niveau \u00e9lectromagn\u00e9tique \u00e0 fixation lat\u00e9rale d'Euroswitch. Disponible chez LDA Belgique. Pour l'eau ou l'huile. Fixation dans un r\u00e9servoir capacitif","robots":{"index":"index","follow":"follow","max-snippet":"max-snippet:-1","max-image-preview":"max-image-preview:large","max-video-preview":"max-video-preview:-1"},"canonical":"https:\/\/lda.be\/fr\/produit\/detecteur-de-niveau-electromagnetique-a-fixation-laterale\/","og_locale":"fr_FR","og_type":"article","og_title":"D\u00e9tecteur de niveau \u00e9lectromagn\u00e9tique \u00e0 fixation lat\u00e9rale - LDA Belgique","og_description":"D\u00e9tecteur de niveau \u00e9lectromagn\u00e9tique \u00e0 fixation lat\u00e9rale d'Euroswitch. Disponible chez LDA Belgique. Pour l'eau ou l'huile. Fixation dans un r\u00e9servoir capacitif","og_url":"https:\/\/lda.be\/fr\/produit\/detecteur-de-niveau-electromagnetique-a-fixation-laterale\/","og_site_name":"LDA Belgique","article_modified_time":"2025-08-13T07:12:15+00:00","og_image":[{"width":800,"height":800,"url":"https:\/\/lda.be\/wp-content\/uploads\/2025\/08\/Electromagnetic-level-sensor-lateral-fixing-catalog.webp","type":"image\/webp"}],"twitter_card":"summary_large_image","twitter_misc":{"Dur\u00e9e de lecture estim\u00e9e":"2 minutes"},"schema":{"@context":"https:\/\/schema.org","@graph":[{"@type":"WebPage","@id":"https:\/\/lda.be\/fr\/produit\/detecteur-de-niveau-electromagnetique-a-fixation-laterale\/","url":"https:\/\/lda.be\/fr\/produit\/detecteur-de-niveau-electromagnetique-a-fixation-laterale\/","name":"D\u00e9tecteur de niveau \u00e9lectromagn\u00e9tique \u00e0 fixation lat\u00e9rale - LDA Belgique","isPartOf":{"@id":"https:\/\/lda.be\/fr\/#website"},"primaryImageOfPage":{"@id":"https:\/\/lda.be\/fr\/produit\/detecteur-de-niveau-electromagnetique-a-fixation-laterale\/#primaryimage"},"image":{"@id":"https:\/\/lda.be\/fr\/produit\/detecteur-de-niveau-electromagnetique-a-fixation-laterale\/#primaryimage"},"thumbnailUrl":"https:\/\/lda.be\/wp-content\/uploads\/2025\/08\/Electromagnetic-level-sensor-lateral-fixing-catalog.webp","datePublished":"2025-08-12T14:23:28+00:00","dateModified":"2025-08-13T07:12:15+00:00","description":"D\u00e9tecteur de niveau \u00e9lectromagn\u00e9tique \u00e0 fixation lat\u00e9rale d'Euroswitch. Disponible chez LDA Belgique. Pour l'eau ou l'huile. Fixation dans un r\u00e9servoir capacitif","breadcrumb":{"@id":"https:\/\/lda.be\/fr\/produit\/detecteur-de-niveau-electromagnetique-a-fixation-laterale\/#breadcrumb"},"inLanguage":"fr-FR","potentialAction":[{"@type":"ReadAction","target":["https:\/\/lda.be\/fr\/produit\/detecteur-de-niveau-electromagnetique-a-fixation-laterale\/"]}]},{"@type":"ImageObject","inLanguage":"fr-FR","@id":"https:\/\/lda.be\/fr\/produit\/detecteur-de-niveau-electromagnetique-a-fixation-laterale\/#primaryimage","url":"https:\/\/lda.be\/wp-content\/uploads\/2025\/08\/Electromagnetic-level-sensor-lateral-fixing-catalog.webp","contentUrl":"https:\/\/lda.be\/wp-content\/uploads\/2025\/08\/Electromagnetic-level-sensor-lateral-fixing-catalog.webp","width":800,"height":800,"caption":"Electromagnetic level sensor lateral fixing catalog"},{"@type":"BreadcrumbList","@id":"https:\/\/lda.be\/fr\/produit\/detecteur-de-niveau-electromagnetique-a-fixation-laterale\/#breadcrumb","itemListElement":[{"@type":"ListItem","position":1,"name":"Accueil","item":"https:\/\/lda.be\/fr\/"},{"@type":"ListItem","position":2,"name":"Produits","item":"https:\/\/lda.be\/fr\/produits\/"},{"@type":"ListItem","position":3,"name":"D\u00e9tecteur de niveau \u00e9lectromagn\u00e9tique \u00e0 fixation lat\u00e9rale"}]},{"@type":"WebSite","@id":"https:\/\/lda.be\/fr\/#website","url":"https:\/\/lda.be\/fr\/","name":"LDA Belgium","description":"Solutions For Life","publisher":{"@id":"https:\/\/lda.be\/fr\/#organization"},"potentialAction":[{"@type":"SearchAction","target":{"@type":"EntryPoint","urlTemplate":"https:\/\/lda.be\/fr\/?s={search_term_string}"},"query-input":{"@type":"PropertyValueSpecification","valueRequired":true,"valueName":"search_term_string"}}],"inLanguage":"fr-FR"},{"@type":"Organization","@id":"https:\/\/lda.be\/fr\/#organization","name":"LDA Belgium","url":"https:\/\/lda.be\/fr\/","logo":{"@type":"ImageObject","inLanguage":"fr-FR","@id":"https:\/\/lda.be\/fr\/#\/schema\/logo\/image\/","url":"https:\/\/lda.be\/wp-content\/uploads\/2022\/07\/Logo-LDA.webp","contentUrl":"https:\/\/lda.be\/wp-content\/uploads\/2022\/07\/Logo-LDA.webp","width":311,"height":101,"caption":"LDA Belgium"},"image":{"@id":"https:\/\/lda.be\/fr\/#\/schema\/logo\/image\/"},"sameAs":["https:\/\/www.linkedin.com\/company\/lda-belgium-nv"]}]}},"_links":{"self":[{"href":"https:\/\/lda.be\/fr\/wp-json\/wp\/v2\/product\/10697","targetHints":{"allow":["GET"]}}],"collection":[{"href":"https:\/\/lda.be\/fr\/wp-json\/wp\/v2\/product"}],"about":[{"href":"https:\/\/lda.be\/fr\/wp-json\/wp\/v2\/types\/product"}],"replies":[{"embeddable":true,"href":"https:\/\/lda.be\/fr\/wp-json\/wp\/v2\/comments?post=10697"}],"wp:featuredmedia":[{"embeddable":true,"href":"https:\/\/lda.be\/fr\/wp-json\/wp\/v2\/media\/10691"}],"wp:attachment":[{"href":"https:\/\/lda.be\/fr\/wp-json\/wp\/v2\/media?parent=10697"}],"wp:term":[{"taxonomy":"product_brand","embeddable":true,"href":"https:\/\/lda.be\/fr\/wp-json\/wp\/v2\/product_brand?post=10697"},{"taxonomy":"product_cat","embeddable":true,"href":"https:\/\/lda.be\/fr\/wp-json\/wp\/v2\/product_cat?post=10697"},{"taxonomy":"product_tag","embeddable":true,"href":"https:\/\/lda.be\/fr\/wp-json\/wp\/v2\/product_tag?post=10697"}],"curies":[{"name":"wp","href":"https:\/\/api.w.org\/{rel}","templated":true}]}}