{"id":10755,"date":"2025-08-13T15:18:20","date_gmt":"2025-08-13T14:18:20","guid":{"rendered":"https:\/\/lda.be\/?post_type=product&#038;p=10755"},"modified":"2025-08-13T15:41:07","modified_gmt":"2025-08-13T14:41:07","slug":"detecteurs-de-niveau-electromagnetiques-metalliques","status":"publish","type":"product","link":"https:\/\/lda.be\/fr\/produit\/detecteurs-de-niveau-electromagnetiques-metalliques\/","title":{"rendered":"D\u00e9tecteurs de niveau \u00e9lectromagn\u00e9tiques m\u00e9talliques"},"content":{"rendered":"<p>Les capteurs de niveau \u00e9lectromagn\u00e9tiques m\u00e9talliques sont con\u00e7us pour une d\u00e9tection pr\u00e9cise et fiable du niveau de liquide dans diverses applications industrielles. Ces capteurs Euroswitch utilisent le principe du contact Reed. Cela signifie qu&#8217;un flotteur actionne le commutateur lorsqu&#8217;un niveau de liquide pr\u00e9d\u00e9fini est atteint. Cela garantit un fonctionnement constant et stable, m\u00eame dans des conditions de fonctionnement variables.<\/p>\n<p>Mod\u00e8les et applications<\/p>\n<p>S\u00e9rie PG3x<\/p>\n<ul>\n<li>Application : huiles min\u00e9rales, carburants<\/li>\n<li>Montage : lat\u00e9ral<\/li>\n<li>Mat\u00e9riaux : tige en laiton, flotteur en nylon ou NBR<\/li>\n<li>Longueurs : 100 \u2013 500 mm<\/li>\n<\/ul>\n<p>S\u00e9rie P4x<\/p>\n<ul>\n<li>Application : diesel, essence, eau, d\u00e9tergents<\/li>\n<li>Conception compacte avec connexion \u00e9lectrique M12x1<\/li>\n<li>Puissance : jusqu&#8217;\u00e0 10 W<\/li>\n<\/ul>\n<p>S\u00e9rie P3x0 \/ P3x<\/p>\n<ul>\n<li>Application : huile, carburants, eau<\/li>\n<li>Bo\u00eetier : aluminium anodis\u00e9<\/li>\n<li>Options : certification ATEX sur demande<\/li>\n<\/ul>\n<p>P39D \/ P39 \/ P38 \/ P35 \/ P34 \/ P28<\/p>\n<ul>\n<li>Large gamme d&#8217;options de montage : brides, filetage, cylindrique<\/li>\n<li>Mat\u00e9riaux : laiton, acier inoxydable 304\/316, NBR<\/li>\n<li>Longueurs de c\u00e2ble : jusqu&#8217;\u00e0 1000 mm<\/li>\n<\/ul>\n<p>IMx \/ IMS \/ IMPG \/ IMP \/ IMK2 \/ IMDE<\/p>\n<ul>\n<li>Capteurs industriels de haute qualit\u00e9<\/li>\n<li>Options pour les produits alimentaires, les acides et les temp\u00e9ratures \u00e9lev\u00e9es<\/li>\n<li>Versions modulaires disponibles jusqu&#8217;\u00e0 4 m\u00e8tres de longueur<\/li>\n<li>Certification UL 508 et ATEX disponible<\/li>\n<\/ul>\n","protected":false},"excerpt":{"rendered":"<p>Les capteurs de niveau \u00e9lectromagn\u00e9tiques m\u00e9talliques sont con\u00e7us pour une d\u00e9tection pr\u00e9cise et fiable du niveau de liquide dans diverses applications industrielles. Ces capteurs Euroswitch utilisent le principe du contact Reed. Cela signifie qu&#8217;un flotteur actionne le commutateur lorsqu&#8217;un niveau de liquide pr\u00e9d\u00e9fini est atteint. Cela garantit un fonctionnement constant et stable, m\u00eame dans des [&hellip;]<\/p>\n","protected":false},"featured_media":10748,"comment_status":"closed","ping_status":"closed","template":"","meta":[],"product_brand":[1735,1742],"product_cat":[932,942,1741],"product_tag":[],"class_list":{"0":"post-10755","1":"product","2":"type-product","3":"status-publish","4":"has-post-thumbnail","6":"product_brand-euroswitch","7":"product_brand-level-sensor","8":"product_cat-instrumentation-composants-atex","9":"product_cat-composants-standards","10":"product_cat-composant-standards-detecteur-de-niveau-a-flotteur","12":"first","13":"instock","14":"shipping-taxable","15":"product-type-simple"},"yoast_head":"<!-- This site is optimized with the Yoast SEO plugin v27.3 - https:\/\/yoast.com\/product\/yoast-seo-wordpress\/ -->\n<title>D\u00e9tecteurs de niveau \u00e9lectromagn\u00e9tiques m\u00e9talliques - LDA Belgique<\/title>\n<meta name=\"description\" content=\"D\u00e9couvrez les d\u00e9tecteurs de niveau \u00e9lectromagn\u00e9tiques Euroswitch pour une d\u00e9tection fiable des liquides dans les applications industrielles. Adapt\u00e9s \u00e0 l&#039;huile, aux carburants, \u00e0 l&#039;eau et plus encore. Mod\u00e8les certifi\u00e9s ATEX et UL disponibles.\" \/>\n<meta name=\"robots\" content=\"index, follow, max-snippet:-1, max-image-preview:large, max-video-preview:-1\" \/>\n<link rel=\"canonical\" href=\"https:\/\/lda.be\/fr\/produit\/detecteurs-de-niveau-electromagnetiques-metalliques\/\" \/>\n<meta property=\"og:locale\" content=\"fr_FR\" \/>\n<meta property=\"og:type\" content=\"article\" \/>\n<meta property=\"og:title\" content=\"D\u00e9tecteurs de niveau \u00e9lectromagn\u00e9tiques m\u00e9talliques - LDA Belgique\" \/>\n<meta property=\"og:description\" content=\"D\u00e9couvrez les d\u00e9tecteurs de niveau \u00e9lectromagn\u00e9tiques Euroswitch pour une d\u00e9tection fiable des liquides dans les applications industrielles. Adapt\u00e9s \u00e0 l&#039;huile, aux carburants, \u00e0 l&#039;eau et plus encore. Mod\u00e8les certifi\u00e9s ATEX et UL disponibles.\" \/>\n<meta property=\"og:url\" content=\"https:\/\/lda.be\/fr\/produit\/detecteurs-de-niveau-electromagnetiques-metalliques\/\" \/>\n<meta property=\"og:site_name\" content=\"LDA Belgique\" \/>\n<meta property=\"article:modified_time\" content=\"2025-08-13T14:41:07+00:00\" \/>\n<meta property=\"og:image\" content=\"https:\/\/lda.be\/wp-content\/uploads\/2025\/08\/Metal-elektromagnetic-sensor.webp\" \/>\n\t<meta property=\"og:image:width\" content=\"800\" \/>\n\t<meta property=\"og:image:height\" content=\"800\" \/>\n\t<meta property=\"og:image:type\" content=\"image\/webp\" \/>\n<meta name=\"twitter:card\" content=\"summary_large_image\" \/>\n<meta name=\"twitter:label1\" content=\"Dur\u00e9e de lecture estim\u00e9e\" \/>\n\t<meta name=\"twitter:data1\" content=\"1 minute\" \/>\n<script type=\"application\/ld+json\" class=\"yoast-schema-graph\">{\"@context\":\"https:\\\/\\\/schema.org\",\"@graph\":[{\"@type\":\"WebPage\",\"@id\":\"https:\\\/\\\/lda.be\\\/fr\\\/produit\\\/detecteurs-de-niveau-electromagnetiques-metalliques\\\/\",\"url\":\"https:\\\/\\\/lda.be\\\/fr\\\/produit\\\/detecteurs-de-niveau-electromagnetiques-metalliques\\\/\",\"name\":\"D\u00e9tecteurs de niveau \u00e9lectromagn\u00e9tiques m\u00e9talliques - LDA Belgique\",\"isPartOf\":{\"@id\":\"https:\\\/\\\/lda.be\\\/fr\\\/#website\"},\"primaryImageOfPage\":{\"@id\":\"https:\\\/\\\/lda.be\\\/fr\\\/produit\\\/detecteurs-de-niveau-electromagnetiques-metalliques\\\/#primaryimage\"},\"image\":{\"@id\":\"https:\\\/\\\/lda.be\\\/fr\\\/produit\\\/detecteurs-de-niveau-electromagnetiques-metalliques\\\/#primaryimage\"},\"thumbnailUrl\":\"https:\\\/\\\/lda.be\\\/wp-content\\\/uploads\\\/2025\\\/08\\\/Metal-elektromagnetic-sensor.webp\",\"datePublished\":\"2025-08-13T14:18:20+00:00\",\"dateModified\":\"2025-08-13T14:41:07+00:00\",\"description\":\"D\u00e9couvrez les d\u00e9tecteurs de niveau \u00e9lectromagn\u00e9tiques Euroswitch pour une d\u00e9tection fiable des liquides dans les applications industrielles. Adapt\u00e9s \u00e0 l'huile, aux carburants, \u00e0 l'eau et plus encore. Mod\u00e8les certifi\u00e9s ATEX et UL disponibles.\",\"breadcrumb\":{\"@id\":\"https:\\\/\\\/lda.be\\\/fr\\\/produit\\\/detecteurs-de-niveau-electromagnetiques-metalliques\\\/#breadcrumb\"},\"inLanguage\":\"fr-FR\",\"potentialAction\":[{\"@type\":\"ReadAction\",\"target\":[\"https:\\\/\\\/lda.be\\\/fr\\\/produit\\\/detecteurs-de-niveau-electromagnetiques-metalliques\\\/\"]}]},{\"@type\":\"ImageObject\",\"inLanguage\":\"fr-FR\",\"@id\":\"https:\\\/\\\/lda.be\\\/fr\\\/produit\\\/detecteurs-de-niveau-electromagnetiques-metalliques\\\/#primaryimage\",\"url\":\"https:\\\/\\\/lda.be\\\/wp-content\\\/uploads\\\/2025\\\/08\\\/Metal-elektromagnetic-sensor.webp\",\"contentUrl\":\"https:\\\/\\\/lda.be\\\/wp-content\\\/uploads\\\/2025\\\/08\\\/Metal-elektromagnetic-sensor.webp\",\"width\":800,\"height\":800,\"caption\":\"Metal elektromagnetic sensor\"},{\"@type\":\"BreadcrumbList\",\"@id\":\"https:\\\/\\\/lda.be\\\/fr\\\/produit\\\/detecteurs-de-niveau-electromagnetiques-metalliques\\\/#breadcrumb\",\"itemListElement\":[{\"@type\":\"ListItem\",\"position\":1,\"name\":\"Accueil\",\"item\":\"https:\\\/\\\/lda.be\\\/fr\\\/\"},{\"@type\":\"ListItem\",\"position\":2,\"name\":\"Produits\",\"item\":\"https:\\\/\\\/lda.be\\\/fr\\\/produits\\\/\"},{\"@type\":\"ListItem\",\"position\":3,\"name\":\"D\u00e9tecteurs de niveau \u00e9lectromagn\u00e9tiques m\u00e9talliques\"}]},{\"@type\":\"WebSite\",\"@id\":\"https:\\\/\\\/lda.be\\\/fr\\\/#website\",\"url\":\"https:\\\/\\\/lda.be\\\/fr\\\/\",\"name\":\"LDA Belgium\",\"description\":\"Solutions For Life\",\"publisher\":{\"@id\":\"https:\\\/\\\/lda.be\\\/fr\\\/#organization\"},\"potentialAction\":[{\"@type\":\"SearchAction\",\"target\":{\"@type\":\"EntryPoint\",\"urlTemplate\":\"https:\\\/\\\/lda.be\\\/fr\\\/?s={search_term_string}\"},\"query-input\":{\"@type\":\"PropertyValueSpecification\",\"valueRequired\":true,\"valueName\":\"search_term_string\"}}],\"inLanguage\":\"fr-FR\"},{\"@type\":\"Organization\",\"@id\":\"https:\\\/\\\/lda.be\\\/fr\\\/#organization\",\"name\":\"LDA Belgium\",\"url\":\"https:\\\/\\\/lda.be\\\/fr\\\/\",\"logo\":{\"@type\":\"ImageObject\",\"inLanguage\":\"fr-FR\",\"@id\":\"https:\\\/\\\/lda.be\\\/fr\\\/#\\\/schema\\\/logo\\\/image\\\/\",\"url\":\"https:\\\/\\\/lda.be\\\/wp-content\\\/uploads\\\/2022\\\/07\\\/Logo-LDA.webp\",\"contentUrl\":\"https:\\\/\\\/lda.be\\\/wp-content\\\/uploads\\\/2022\\\/07\\\/Logo-LDA.webp\",\"width\":311,\"height\":101,\"caption\":\"LDA Belgium\"},\"image\":{\"@id\":\"https:\\\/\\\/lda.be\\\/fr\\\/#\\\/schema\\\/logo\\\/image\\\/\"},\"sameAs\":[\"https:\\\/\\\/www.linkedin.com\\\/company\\\/lda-belgium-nv\"]}]}<\/script>\n<!-- \/ Yoast SEO plugin. -->","yoast_head_json":{"title":"D\u00e9tecteurs de niveau \u00e9lectromagn\u00e9tiques m\u00e9talliques - LDA Belgique","description":"D\u00e9couvrez les d\u00e9tecteurs de niveau \u00e9lectromagn\u00e9tiques Euroswitch pour une d\u00e9tection fiable des liquides dans les applications industrielles. Adapt\u00e9s \u00e0 l'huile, aux carburants, \u00e0 l'eau et plus encore. Mod\u00e8les certifi\u00e9s ATEX et UL disponibles.","robots":{"index":"index","follow":"follow","max-snippet":"max-snippet:-1","max-image-preview":"max-image-preview:large","max-video-preview":"max-video-preview:-1"},"canonical":"https:\/\/lda.be\/fr\/produit\/detecteurs-de-niveau-electromagnetiques-metalliques\/","og_locale":"fr_FR","og_type":"article","og_title":"D\u00e9tecteurs de niveau \u00e9lectromagn\u00e9tiques m\u00e9talliques - LDA Belgique","og_description":"D\u00e9couvrez les d\u00e9tecteurs de niveau \u00e9lectromagn\u00e9tiques Euroswitch pour une d\u00e9tection fiable des liquides dans les applications industrielles. Adapt\u00e9s \u00e0 l'huile, aux carburants, \u00e0 l'eau et plus encore. Mod\u00e8les certifi\u00e9s ATEX et UL disponibles.","og_url":"https:\/\/lda.be\/fr\/produit\/detecteurs-de-niveau-electromagnetiques-metalliques\/","og_site_name":"LDA Belgique","article_modified_time":"2025-08-13T14:41:07+00:00","og_image":[{"width":800,"height":800,"url":"https:\/\/lda.be\/wp-content\/uploads\/2025\/08\/Metal-elektromagnetic-sensor.webp","type":"image\/webp"}],"twitter_card":"summary_large_image","twitter_misc":{"Dur\u00e9e de lecture estim\u00e9e":"1 minute"},"schema":{"@context":"https:\/\/schema.org","@graph":[{"@type":"WebPage","@id":"https:\/\/lda.be\/fr\/produit\/detecteurs-de-niveau-electromagnetiques-metalliques\/","url":"https:\/\/lda.be\/fr\/produit\/detecteurs-de-niveau-electromagnetiques-metalliques\/","name":"D\u00e9tecteurs de niveau \u00e9lectromagn\u00e9tiques m\u00e9talliques - LDA Belgique","isPartOf":{"@id":"https:\/\/lda.be\/fr\/#website"},"primaryImageOfPage":{"@id":"https:\/\/lda.be\/fr\/produit\/detecteurs-de-niveau-electromagnetiques-metalliques\/#primaryimage"},"image":{"@id":"https:\/\/lda.be\/fr\/produit\/detecteurs-de-niveau-electromagnetiques-metalliques\/#primaryimage"},"thumbnailUrl":"https:\/\/lda.be\/wp-content\/uploads\/2025\/08\/Metal-elektromagnetic-sensor.webp","datePublished":"2025-08-13T14:18:20+00:00","dateModified":"2025-08-13T14:41:07+00:00","description":"D\u00e9couvrez les d\u00e9tecteurs de niveau \u00e9lectromagn\u00e9tiques Euroswitch pour une d\u00e9tection fiable des liquides dans les applications industrielles. Adapt\u00e9s \u00e0 l'huile, aux carburants, \u00e0 l'eau et plus encore. Mod\u00e8les certifi\u00e9s ATEX et UL disponibles.","breadcrumb":{"@id":"https:\/\/lda.be\/fr\/produit\/detecteurs-de-niveau-electromagnetiques-metalliques\/#breadcrumb"},"inLanguage":"fr-FR","potentialAction":[{"@type":"ReadAction","target":["https:\/\/lda.be\/fr\/produit\/detecteurs-de-niveau-electromagnetiques-metalliques\/"]}]},{"@type":"ImageObject","inLanguage":"fr-FR","@id":"https:\/\/lda.be\/fr\/produit\/detecteurs-de-niveau-electromagnetiques-metalliques\/#primaryimage","url":"https:\/\/lda.be\/wp-content\/uploads\/2025\/08\/Metal-elektromagnetic-sensor.webp","contentUrl":"https:\/\/lda.be\/wp-content\/uploads\/2025\/08\/Metal-elektromagnetic-sensor.webp","width":800,"height":800,"caption":"Metal elektromagnetic sensor"},{"@type":"BreadcrumbList","@id":"https:\/\/lda.be\/fr\/produit\/detecteurs-de-niveau-electromagnetiques-metalliques\/#breadcrumb","itemListElement":[{"@type":"ListItem","position":1,"name":"Accueil","item":"https:\/\/lda.be\/fr\/"},{"@type":"ListItem","position":2,"name":"Produits","item":"https:\/\/lda.be\/fr\/produits\/"},{"@type":"ListItem","position":3,"name":"D\u00e9tecteurs de niveau \u00e9lectromagn\u00e9tiques m\u00e9talliques"}]},{"@type":"WebSite","@id":"https:\/\/lda.be\/fr\/#website","url":"https:\/\/lda.be\/fr\/","name":"LDA Belgium","description":"Solutions For Life","publisher":{"@id":"https:\/\/lda.be\/fr\/#organization"},"potentialAction":[{"@type":"SearchAction","target":{"@type":"EntryPoint","urlTemplate":"https:\/\/lda.be\/fr\/?s={search_term_string}"},"query-input":{"@type":"PropertyValueSpecification","valueRequired":true,"valueName":"search_term_string"}}],"inLanguage":"fr-FR"},{"@type":"Organization","@id":"https:\/\/lda.be\/fr\/#organization","name":"LDA Belgium","url":"https:\/\/lda.be\/fr\/","logo":{"@type":"ImageObject","inLanguage":"fr-FR","@id":"https:\/\/lda.be\/fr\/#\/schema\/logo\/image\/","url":"https:\/\/lda.be\/wp-content\/uploads\/2022\/07\/Logo-LDA.webp","contentUrl":"https:\/\/lda.be\/wp-content\/uploads\/2022\/07\/Logo-LDA.webp","width":311,"height":101,"caption":"LDA Belgium"},"image":{"@id":"https:\/\/lda.be\/fr\/#\/schema\/logo\/image\/"},"sameAs":["https:\/\/www.linkedin.com\/company\/lda-belgium-nv"]}]}},"_links":{"self":[{"href":"https:\/\/lda.be\/fr\/wp-json\/wp\/v2\/product\/10755","targetHints":{"allow":["GET"]}}],"collection":[{"href":"https:\/\/lda.be\/fr\/wp-json\/wp\/v2\/product"}],"about":[{"href":"https:\/\/lda.be\/fr\/wp-json\/wp\/v2\/types\/product"}],"replies":[{"embeddable":true,"href":"https:\/\/lda.be\/fr\/wp-json\/wp\/v2\/comments?post=10755"}],"wp:featuredmedia":[{"embeddable":true,"href":"https:\/\/lda.be\/fr\/wp-json\/wp\/v2\/media\/10748"}],"wp:attachment":[{"href":"https:\/\/lda.be\/fr\/wp-json\/wp\/v2\/media?parent=10755"}],"wp:term":[{"taxonomy":"product_brand","embeddable":true,"href":"https:\/\/lda.be\/fr\/wp-json\/wp\/v2\/product_brand?post=10755"},{"taxonomy":"product_cat","embeddable":true,"href":"https:\/\/lda.be\/fr\/wp-json\/wp\/v2\/product_cat?post=10755"},{"taxonomy":"product_tag","embeddable":true,"href":"https:\/\/lda.be\/fr\/wp-json\/wp\/v2\/product_tag?post=10755"}],"curies":[{"name":"wp","href":"https:\/\/api.w.org\/{rel}","templated":true}]}}