{"id":10769,"date":"2025-08-14T12:48:12","date_gmt":"2025-08-14T11:48:12","guid":{"rendered":"https:\/\/lda.be\/?post_type=product&#038;p=10769"},"modified":"2025-08-14T12:53:35","modified_gmt":"2025-08-14T11:53:35","slug":"detecteur-de-niveau-electromagnetique-pour-usage-intensif","status":"publish","type":"product","link":"https:\/\/lda.be\/fr\/produit\/detecteur-de-niveau-electromagnetique-pour-usage-intensif\/","title":{"rendered":"D\u00e9tecteur de niveau \u00e9lectromagn\u00e9tique pour usage intensif"},"content":{"rendered":"<p>Les mod\u00e8les AP1300 et AP0940 font partie de la s\u00e9rie de d\u00e9tecteur de niveau \u00e9lectromagn\u00e9tiques m\u00e9talliques destin\u00e9s aux applications industrielles lourdes. Les deux mod\u00e8les fonctionnent avec un contact Reed fiable pour une d\u00e9tection pr\u00e9cise du niveau.<\/p>\n<p>L&#8217;AP1300 est particuli\u00e8rement adapt\u00e9 aux liquides de refroidissement et aux huiles et est enti\u00e8rement fabriqu\u00e9 en acier inoxydable AISI 316. Cela garantit la r\u00e9sistance du capteur \u00e0 la corrosion et son adaptation aux conditions de pression et de temp\u00e9rature \u00e9lev\u00e9es. Le mod\u00e8le est disponible en diff\u00e9rentes longueurs et peut \u00eatre \u00e9quip\u00e9 d&#8217;une version pour temp\u00e9ratures \u00e9lev\u00e9es.<\/p>\n<p>L&#8217;AP0940 est destin\u00e9 aux applications huileuses et dispose d&#8217;un bo\u00eetier en laiton nickel\u00e9 avec une chambre stabilis\u00e9e en aluminium anodis\u00e9. Le flotteur est en NBR avec un joint torique en Viton pour une \u00e9tanch\u00e9it\u00e9 fiable. Ce mod\u00e8le est livr\u00e9 avec un connecteur \u00e0 ba\u00efonnette robuste et peut \u00eatre adapt\u00e9 en longueur et en connexion \u00e9lectrique sur demande.<\/p>\n","protected":false},"excerpt":{"rendered":"<p>Les mod\u00e8les AP1300 et AP0940 font partie de la s\u00e9rie de d\u00e9tecteur de niveau \u00e9lectromagn\u00e9tiques m\u00e9talliques destin\u00e9s aux applications industrielles lourdes. Les deux mod\u00e8les fonctionnent avec un contact Reed fiable pour une d\u00e9tection pr\u00e9cise du niveau. L&#8217;AP1300 est particuli\u00e8rement adapt\u00e9 aux liquides de refroidissement et aux huiles et est enti\u00e8rement fabriqu\u00e9 en acier inoxydable AISI [&hellip;]<\/p>\n","protected":false},"featured_media":10767,"comment_status":"closed","ping_status":"closed","template":"","meta":[],"product_brand":[1735,1742],"product_cat":[932,942,1741],"product_tag":[],"class_list":{"0":"post-10769","1":"product","2":"type-product","3":"status-publish","4":"has-post-thumbnail","6":"product_brand-euroswitch","7":"product_brand-level-sensor","8":"product_cat-instrumentation-composants-atex","9":"product_cat-composants-standards","10":"product_cat-composant-standards-detecteur-de-niveau-a-flotteur","12":"first","13":"instock","14":"shipping-taxable","15":"product-type-simple"},"yoast_head":"<!-- This site is optimized with the Yoast SEO plugin v27.3 - https:\/\/yoast.com\/product\/yoast-seo-wordpress\/ -->\n<title>D\u00e9tecteur de niveau \u00e9lectromagn\u00e9tique pour usage intensif - LDA Belgique<\/title>\n<meta name=\"description\" content=\"D\u00e9tecteurs de niveau \u00e9lectromagn\u00e9tiques m\u00e9talliques AP1300 et AP0940 d&#039;Euroswitch pour une d\u00e9tection pr\u00e9cise du niveau dans l&#039;huile et les liquides de refroidissement. Disponible chez LDA Belgique.\" \/>\n<meta name=\"robots\" content=\"index, follow, max-snippet:-1, max-image-preview:large, max-video-preview:-1\" \/>\n<link rel=\"canonical\" href=\"https:\/\/lda.be\/fr\/produit\/detecteur-de-niveau-electromagnetique-pour-usage-intensif\/\" \/>\n<meta property=\"og:locale\" content=\"fr_FR\" \/>\n<meta property=\"og:type\" content=\"article\" \/>\n<meta property=\"og:title\" content=\"D\u00e9tecteur de niveau \u00e9lectromagn\u00e9tique pour usage intensif - LDA Belgique\" \/>\n<meta property=\"og:description\" content=\"D\u00e9tecteurs de niveau \u00e9lectromagn\u00e9tiques m\u00e9talliques AP1300 et AP0940 d&#039;Euroswitch pour une d\u00e9tection pr\u00e9cise du niveau dans l&#039;huile et les liquides de refroidissement. Disponible chez LDA Belgique.\" \/>\n<meta property=\"og:url\" content=\"https:\/\/lda.be\/fr\/produit\/detecteur-de-niveau-electromagnetique-pour-usage-intensif\/\" \/>\n<meta property=\"og:site_name\" content=\"LDA Belgique\" \/>\n<meta property=\"article:modified_time\" content=\"2025-08-14T11:53:35+00:00\" \/>\n<meta property=\"og:image\" content=\"https:\/\/lda.be\/wp-content\/uploads\/2025\/08\/metal-heavy-duty-sensor.webp\" \/>\n\t<meta property=\"og:image:width\" content=\"800\" \/>\n\t<meta property=\"og:image:height\" content=\"800\" \/>\n\t<meta property=\"og:image:type\" content=\"image\/webp\" \/>\n<meta name=\"twitter:card\" content=\"summary_large_image\" \/>\n<meta name=\"twitter:label1\" content=\"Dur\u00e9e de lecture estim\u00e9e\" \/>\n\t<meta name=\"twitter:data1\" content=\"1 minute\" \/>\n<script type=\"application\/ld+json\" class=\"yoast-schema-graph\">{\"@context\":\"https:\\\/\\\/schema.org\",\"@graph\":[{\"@type\":\"WebPage\",\"@id\":\"https:\\\/\\\/lda.be\\\/fr\\\/produit\\\/detecteur-de-niveau-electromagnetique-pour-usage-intensif\\\/\",\"url\":\"https:\\\/\\\/lda.be\\\/fr\\\/produit\\\/detecteur-de-niveau-electromagnetique-pour-usage-intensif\\\/\",\"name\":\"D\u00e9tecteur de niveau \u00e9lectromagn\u00e9tique pour usage intensif - LDA Belgique\",\"isPartOf\":{\"@id\":\"https:\\\/\\\/lda.be\\\/fr\\\/#website\"},\"primaryImageOfPage\":{\"@id\":\"https:\\\/\\\/lda.be\\\/fr\\\/produit\\\/detecteur-de-niveau-electromagnetique-pour-usage-intensif\\\/#primaryimage\"},\"image\":{\"@id\":\"https:\\\/\\\/lda.be\\\/fr\\\/produit\\\/detecteur-de-niveau-electromagnetique-pour-usage-intensif\\\/#primaryimage\"},\"thumbnailUrl\":\"https:\\\/\\\/lda.be\\\/wp-content\\\/uploads\\\/2025\\\/08\\\/metal-heavy-duty-sensor.webp\",\"datePublished\":\"2025-08-14T11:48:12+00:00\",\"dateModified\":\"2025-08-14T11:53:35+00:00\",\"description\":\"D\u00e9tecteurs de niveau \u00e9lectromagn\u00e9tiques m\u00e9talliques AP1300 et AP0940 d'Euroswitch pour une d\u00e9tection pr\u00e9cise du niveau dans l'huile et les liquides de refroidissement. Disponible chez LDA Belgique.\",\"breadcrumb\":{\"@id\":\"https:\\\/\\\/lda.be\\\/fr\\\/produit\\\/detecteur-de-niveau-electromagnetique-pour-usage-intensif\\\/#breadcrumb\"},\"inLanguage\":\"fr-FR\",\"potentialAction\":[{\"@type\":\"ReadAction\",\"target\":[\"https:\\\/\\\/lda.be\\\/fr\\\/produit\\\/detecteur-de-niveau-electromagnetique-pour-usage-intensif\\\/\"]}]},{\"@type\":\"ImageObject\",\"inLanguage\":\"fr-FR\",\"@id\":\"https:\\\/\\\/lda.be\\\/fr\\\/produit\\\/detecteur-de-niveau-electromagnetique-pour-usage-intensif\\\/#primaryimage\",\"url\":\"https:\\\/\\\/lda.be\\\/wp-content\\\/uploads\\\/2025\\\/08\\\/metal-heavy-duty-sensor.webp\",\"contentUrl\":\"https:\\\/\\\/lda.be\\\/wp-content\\\/uploads\\\/2025\\\/08\\\/metal-heavy-duty-sensor.webp\",\"width\":800,\"height\":800,\"caption\":\"metal heavy duty sensor euroswitch\"},{\"@type\":\"BreadcrumbList\",\"@id\":\"https:\\\/\\\/lda.be\\\/fr\\\/produit\\\/detecteur-de-niveau-electromagnetique-pour-usage-intensif\\\/#breadcrumb\",\"itemListElement\":[{\"@type\":\"ListItem\",\"position\":1,\"name\":\"Accueil\",\"item\":\"https:\\\/\\\/lda.be\\\/fr\\\/\"},{\"@type\":\"ListItem\",\"position\":2,\"name\":\"Produits\",\"item\":\"https:\\\/\\\/lda.be\\\/fr\\\/produits\\\/\"},{\"@type\":\"ListItem\",\"position\":3,\"name\":\"D\u00e9tecteur de niveau \u00e9lectromagn\u00e9tique pour usage intensif\"}]},{\"@type\":\"WebSite\",\"@id\":\"https:\\\/\\\/lda.be\\\/fr\\\/#website\",\"url\":\"https:\\\/\\\/lda.be\\\/fr\\\/\",\"name\":\"LDA Belgium\",\"description\":\"Solutions For Life\",\"publisher\":{\"@id\":\"https:\\\/\\\/lda.be\\\/fr\\\/#organization\"},\"potentialAction\":[{\"@type\":\"SearchAction\",\"target\":{\"@type\":\"EntryPoint\",\"urlTemplate\":\"https:\\\/\\\/lda.be\\\/fr\\\/?s={search_term_string}\"},\"query-input\":{\"@type\":\"PropertyValueSpecification\",\"valueRequired\":true,\"valueName\":\"search_term_string\"}}],\"inLanguage\":\"fr-FR\"},{\"@type\":\"Organization\",\"@id\":\"https:\\\/\\\/lda.be\\\/fr\\\/#organization\",\"name\":\"LDA Belgium\",\"url\":\"https:\\\/\\\/lda.be\\\/fr\\\/\",\"logo\":{\"@type\":\"ImageObject\",\"inLanguage\":\"fr-FR\",\"@id\":\"https:\\\/\\\/lda.be\\\/fr\\\/#\\\/schema\\\/logo\\\/image\\\/\",\"url\":\"https:\\\/\\\/lda.be\\\/wp-content\\\/uploads\\\/2022\\\/07\\\/Logo-LDA.webp\",\"contentUrl\":\"https:\\\/\\\/lda.be\\\/wp-content\\\/uploads\\\/2022\\\/07\\\/Logo-LDA.webp\",\"width\":311,\"height\":101,\"caption\":\"LDA Belgium\"},\"image\":{\"@id\":\"https:\\\/\\\/lda.be\\\/fr\\\/#\\\/schema\\\/logo\\\/image\\\/\"},\"sameAs\":[\"https:\\\/\\\/www.linkedin.com\\\/company\\\/lda-belgium-nv\"]}]}<\/script>\n<!-- \/ Yoast SEO plugin. -->","yoast_head_json":{"title":"D\u00e9tecteur de niveau \u00e9lectromagn\u00e9tique pour usage intensif - LDA Belgique","description":"D\u00e9tecteurs de niveau \u00e9lectromagn\u00e9tiques m\u00e9talliques AP1300 et AP0940 d'Euroswitch pour une d\u00e9tection pr\u00e9cise du niveau dans l'huile et les liquides de refroidissement. Disponible chez LDA Belgique.","robots":{"index":"index","follow":"follow","max-snippet":"max-snippet:-1","max-image-preview":"max-image-preview:large","max-video-preview":"max-video-preview:-1"},"canonical":"https:\/\/lda.be\/fr\/produit\/detecteur-de-niveau-electromagnetique-pour-usage-intensif\/","og_locale":"fr_FR","og_type":"article","og_title":"D\u00e9tecteur de niveau \u00e9lectromagn\u00e9tique pour usage intensif - LDA Belgique","og_description":"D\u00e9tecteurs de niveau \u00e9lectromagn\u00e9tiques m\u00e9talliques AP1300 et AP0940 d'Euroswitch pour une d\u00e9tection pr\u00e9cise du niveau dans l'huile et les liquides de refroidissement. Disponible chez LDA Belgique.","og_url":"https:\/\/lda.be\/fr\/produit\/detecteur-de-niveau-electromagnetique-pour-usage-intensif\/","og_site_name":"LDA Belgique","article_modified_time":"2025-08-14T11:53:35+00:00","og_image":[{"width":800,"height":800,"url":"https:\/\/lda.be\/wp-content\/uploads\/2025\/08\/metal-heavy-duty-sensor.webp","type":"image\/webp"}],"twitter_card":"summary_large_image","twitter_misc":{"Dur\u00e9e de lecture estim\u00e9e":"1 minute"},"schema":{"@context":"https:\/\/schema.org","@graph":[{"@type":"WebPage","@id":"https:\/\/lda.be\/fr\/produit\/detecteur-de-niveau-electromagnetique-pour-usage-intensif\/","url":"https:\/\/lda.be\/fr\/produit\/detecteur-de-niveau-electromagnetique-pour-usage-intensif\/","name":"D\u00e9tecteur de niveau \u00e9lectromagn\u00e9tique pour usage intensif - LDA Belgique","isPartOf":{"@id":"https:\/\/lda.be\/fr\/#website"},"primaryImageOfPage":{"@id":"https:\/\/lda.be\/fr\/produit\/detecteur-de-niveau-electromagnetique-pour-usage-intensif\/#primaryimage"},"image":{"@id":"https:\/\/lda.be\/fr\/produit\/detecteur-de-niveau-electromagnetique-pour-usage-intensif\/#primaryimage"},"thumbnailUrl":"https:\/\/lda.be\/wp-content\/uploads\/2025\/08\/metal-heavy-duty-sensor.webp","datePublished":"2025-08-14T11:48:12+00:00","dateModified":"2025-08-14T11:53:35+00:00","description":"D\u00e9tecteurs de niveau \u00e9lectromagn\u00e9tiques m\u00e9talliques AP1300 et AP0940 d'Euroswitch pour une d\u00e9tection pr\u00e9cise du niveau dans l'huile et les liquides de refroidissement. Disponible chez LDA Belgique.","breadcrumb":{"@id":"https:\/\/lda.be\/fr\/produit\/detecteur-de-niveau-electromagnetique-pour-usage-intensif\/#breadcrumb"},"inLanguage":"fr-FR","potentialAction":[{"@type":"ReadAction","target":["https:\/\/lda.be\/fr\/produit\/detecteur-de-niveau-electromagnetique-pour-usage-intensif\/"]}]},{"@type":"ImageObject","inLanguage":"fr-FR","@id":"https:\/\/lda.be\/fr\/produit\/detecteur-de-niveau-electromagnetique-pour-usage-intensif\/#primaryimage","url":"https:\/\/lda.be\/wp-content\/uploads\/2025\/08\/metal-heavy-duty-sensor.webp","contentUrl":"https:\/\/lda.be\/wp-content\/uploads\/2025\/08\/metal-heavy-duty-sensor.webp","width":800,"height":800,"caption":"metal heavy duty sensor euroswitch"},{"@type":"BreadcrumbList","@id":"https:\/\/lda.be\/fr\/produit\/detecteur-de-niveau-electromagnetique-pour-usage-intensif\/#breadcrumb","itemListElement":[{"@type":"ListItem","position":1,"name":"Accueil","item":"https:\/\/lda.be\/fr\/"},{"@type":"ListItem","position":2,"name":"Produits","item":"https:\/\/lda.be\/fr\/produits\/"},{"@type":"ListItem","position":3,"name":"D\u00e9tecteur de niveau \u00e9lectromagn\u00e9tique pour usage intensif"}]},{"@type":"WebSite","@id":"https:\/\/lda.be\/fr\/#website","url":"https:\/\/lda.be\/fr\/","name":"LDA Belgium","description":"Solutions For Life","publisher":{"@id":"https:\/\/lda.be\/fr\/#organization"},"potentialAction":[{"@type":"SearchAction","target":{"@type":"EntryPoint","urlTemplate":"https:\/\/lda.be\/fr\/?s={search_term_string}"},"query-input":{"@type":"PropertyValueSpecification","valueRequired":true,"valueName":"search_term_string"}}],"inLanguage":"fr-FR"},{"@type":"Organization","@id":"https:\/\/lda.be\/fr\/#organization","name":"LDA Belgium","url":"https:\/\/lda.be\/fr\/","logo":{"@type":"ImageObject","inLanguage":"fr-FR","@id":"https:\/\/lda.be\/fr\/#\/schema\/logo\/image\/","url":"https:\/\/lda.be\/wp-content\/uploads\/2022\/07\/Logo-LDA.webp","contentUrl":"https:\/\/lda.be\/wp-content\/uploads\/2022\/07\/Logo-LDA.webp","width":311,"height":101,"caption":"LDA Belgium"},"image":{"@id":"https:\/\/lda.be\/fr\/#\/schema\/logo\/image\/"},"sameAs":["https:\/\/www.linkedin.com\/company\/lda-belgium-nv"]}]}},"_links":{"self":[{"href":"https:\/\/lda.be\/fr\/wp-json\/wp\/v2\/product\/10769","targetHints":{"allow":["GET"]}}],"collection":[{"href":"https:\/\/lda.be\/fr\/wp-json\/wp\/v2\/product"}],"about":[{"href":"https:\/\/lda.be\/fr\/wp-json\/wp\/v2\/types\/product"}],"replies":[{"embeddable":true,"href":"https:\/\/lda.be\/fr\/wp-json\/wp\/v2\/comments?post=10769"}],"wp:featuredmedia":[{"embeddable":true,"href":"https:\/\/lda.be\/fr\/wp-json\/wp\/v2\/media\/10767"}],"wp:attachment":[{"href":"https:\/\/lda.be\/fr\/wp-json\/wp\/v2\/media?parent=10769"}],"wp:term":[{"taxonomy":"product_brand","embeddable":true,"href":"https:\/\/lda.be\/fr\/wp-json\/wp\/v2\/product_brand?post=10769"},{"taxonomy":"product_cat","embeddable":true,"href":"https:\/\/lda.be\/fr\/wp-json\/wp\/v2\/product_cat?post=10769"},{"taxonomy":"product_tag","embeddable":true,"href":"https:\/\/lda.be\/fr\/wp-json\/wp\/v2\/product_tag?post=10769"}],"curies":[{"name":"wp","href":"https:\/\/api.w.org\/{rel}","templated":true}]}}