{"id":10788,"date":"2025-08-14T14:43:59","date_gmt":"2025-08-14T13:43:59","guid":{"rendered":"https:\/\/lda.be\/?post_type=product&#038;p=10788"},"modified":"2025-08-14T14:49:31","modified_gmt":"2025-08-14T13:49:31","slug":"detecteurs-de-niveau-de-reserve-electromecaniques","status":"publish","type":"product","link":"https:\/\/lda.be\/fr\/produit\/detecteurs-de-niveau-de-reserve-electromecaniques\/","title":{"rendered":"D\u00e9tecteurs de niveau de r\u00e9serve \u00e9lectrom\u00e9caniques"},"content":{"rendered":"<p>Les capteurs de niveau de r\u00e9serve \u00e9lectrom\u00e9caniques ont \u00e9t\u00e9 d\u00e9velopp\u00e9s pour les applications o\u00f9 une d\u00e9tection fiable du niveau d&#8217;huile, d&#8217;essence ou de diesel est essentielle.<\/p>\n<p>Ils fonctionnent avec un contact N.C. et conviennent aux circuits \u00e0 tr\u00e8s basse tension, tels que les syst\u00e8mes de s\u00e9curit\u00e9 et les accumulateurs \u00e9lectriques.<\/p>\n<p>Ces capteurs sont disponibles en plusieurs versions, notamment des variantes avec un connecteur NBR r\u00e9sistant \u00e0 l&#8217;huile ou \u00e0 l&#8217;essence, et des mod\u00e8les avec une bride en nylon \u00e0 deux, trois ou six trous de fixation. La version SRE dispose d&#8217;une chambre de repos int\u00e9gr\u00e9e, qui garantit des mesures stables, m\u00eame dans des liquides tr\u00e8s agit\u00e9s.<\/p>\n<p>Selon le mod\u00e8le, la longueur du capteur varie de 53 mm \u00e0 1 000 mm. Le flotteur est en nylon expans\u00e9, ce qui garantit une \u00e9tanch\u00e9it\u00e9 \u00e0 partir de 0,7 g\/cm\u00b3 (SRG et SRM) ou 0,85 g\/cm\u00b3 (SOG et SOM). Le contact fixe est en laiton argent\u00e9 et le contact mobile en bronze phosphoreux argent\u00e9, ce qui garantit une bonne conductivit\u00e9 et une longue dur\u00e9e de vie.<\/p>\n<p>Les capteurs ont une capacit\u00e9 de commutation maximale de 5 W, un courant de commutation maximal de 500 mA et une tension de commutation maximale de 24 V CC. La temp\u00e9rature de fonctionnement est comprise entre -10 \u00b0C et +80 \u00b0C, ce qui les rend adapt\u00e9s \u00e0 divers environnements.<\/p>\n<p>Gr\u00e2ce \u00e0 leurs mat\u00e9riaux durables, leur l\u00e9g\u00e8ret\u00e9 et leur conception simple, ces capteurs offrent une solution fiable pour la d\u00e9tection de niveau dans les r\u00e9servoirs de carburant, les syst\u00e8mes hydrauliques et autres r\u00e9servoirs de liquide.<\/p>\n<p>Applications<\/p>\n<ul>\n<li>V\u00e9hicules et machines \u00e9quip\u00e9s de r\u00e9servoirs de carburant ou d&#8217;huile<\/li>\n<li>G\u00e9n\u00e9rateurs et installations industrielles<\/li>\n<li>R\u00e9servoirs de stockage pour diesel, essence et huiles<\/li>\n<li>Circuits d&#8217;accumulateurs et de s\u00e9curit\u00e9<\/li>\n<\/ul>\n","protected":false},"excerpt":{"rendered":"<p>Les capteurs de niveau de r\u00e9serve \u00e9lectrom\u00e9caniques ont \u00e9t\u00e9 d\u00e9velopp\u00e9s pour les applications o\u00f9 une d\u00e9tection fiable du niveau d&#8217;huile, d&#8217;essence ou de diesel est essentielle. Ils fonctionnent avec un contact N.C. et conviennent aux circuits \u00e0 tr\u00e8s basse tension, tels que les syst\u00e8mes de s\u00e9curit\u00e9 et les accumulateurs \u00e9lectriques. Ces capteurs sont disponibles en [&hellip;]<\/p>\n","protected":false},"featured_media":10786,"comment_status":"closed","ping_status":"closed","template":"","meta":[],"product_brand":[1735,1742],"product_cat":[932,942,1741],"product_tag":[],"class_list":{"0":"post-10788","1":"product","2":"type-product","3":"status-publish","4":"has-post-thumbnail","6":"product_brand-euroswitch","7":"product_brand-level-sensor","8":"product_cat-instrumentation-composants-atex","9":"product_cat-composants-standards","10":"product_cat-composant-standards-detecteur-de-niveau-a-flotteur","12":"first","13":"instock","14":"shipping-taxable","15":"product-type-simple"},"yoast_head":"<!-- This site is optimized with the Yoast SEO plugin v27.3 - https:\/\/yoast.com\/product\/yoast-seo-wordpress\/ -->\n<title>D\u00e9tecteurs de niveau de r\u00e9serve \u00e9lectrom\u00e9caniques - LDA Belgique<\/title>\n<meta name=\"description\" content=\"D\u00e9tecteurs de niveau de r\u00e9serve \u00e9lectrom\u00e9caniques d&#039;Euroswitch pour l&#039;huile, l&#039;essence et le diesel. D\u00e9tection de niveau fiable, diff\u00e9rentes longueurs et disponibles chez LDA Belgique.\" \/>\n<meta name=\"robots\" content=\"index, follow, max-snippet:-1, max-image-preview:large, max-video-preview:-1\" \/>\n<link rel=\"canonical\" href=\"https:\/\/lda.be\/fr\/produit\/detecteurs-de-niveau-de-reserve-electromecaniques\/\" \/>\n<meta property=\"og:locale\" content=\"fr_FR\" \/>\n<meta property=\"og:type\" content=\"article\" \/>\n<meta property=\"og:title\" content=\"D\u00e9tecteurs de niveau de r\u00e9serve \u00e9lectrom\u00e9caniques - LDA Belgique\" \/>\n<meta property=\"og:description\" content=\"D\u00e9tecteurs de niveau de r\u00e9serve \u00e9lectrom\u00e9caniques d&#039;Euroswitch pour l&#039;huile, l&#039;essence et le diesel. D\u00e9tection de niveau fiable, diff\u00e9rentes longueurs et disponibles chez LDA Belgique.\" \/>\n<meta property=\"og:url\" content=\"https:\/\/lda.be\/fr\/produit\/detecteurs-de-niveau-de-reserve-electromecaniques\/\" \/>\n<meta property=\"og:site_name\" content=\"LDA Belgique\" \/>\n<meta property=\"article:modified_time\" content=\"2025-08-14T13:49:31+00:00\" \/>\n<meta property=\"og:image\" content=\"https:\/\/lda.be\/wp-content\/uploads\/2025\/05\/OpenGrap-image-LDA.webp\" \/>\n\t<meta property=\"og:image:width\" content=\"895\" \/>\n\t<meta property=\"og:image:height\" content=\"659\" \/>\n\t<meta property=\"og:image:type\" content=\"image\/webp\" \/>\n<meta name=\"twitter:card\" content=\"summary_large_image\" \/>\n<meta name=\"twitter:label1\" content=\"Dur\u00e9e de lecture estim\u00e9e\" \/>\n\t<meta name=\"twitter:data1\" content=\"2 minutes\" \/>\n<script type=\"application\/ld+json\" class=\"yoast-schema-graph\">{\"@context\":\"https:\\\/\\\/schema.org\",\"@graph\":[{\"@type\":\"WebPage\",\"@id\":\"https:\\\/\\\/lda.be\\\/fr\\\/produit\\\/detecteurs-de-niveau-de-reserve-electromecaniques\\\/\",\"url\":\"https:\\\/\\\/lda.be\\\/fr\\\/produit\\\/detecteurs-de-niveau-de-reserve-electromecaniques\\\/\",\"name\":\"D\u00e9tecteurs de niveau de r\u00e9serve \u00e9lectrom\u00e9caniques - LDA Belgique\",\"isPartOf\":{\"@id\":\"https:\\\/\\\/lda.be\\\/fr\\\/#website\"},\"primaryImageOfPage\":{\"@id\":\"https:\\\/\\\/lda.be\\\/fr\\\/produit\\\/detecteurs-de-niveau-de-reserve-electromecaniques\\\/#primaryimage\"},\"image\":{\"@id\":\"https:\\\/\\\/lda.be\\\/fr\\\/produit\\\/detecteurs-de-niveau-de-reserve-electromecaniques\\\/#primaryimage\"},\"thumbnailUrl\":\"https:\\\/\\\/lda.be\\\/wp-content\\\/uploads\\\/2025\\\/08\\\/elektromechanical-sensoren.webp\",\"datePublished\":\"2025-08-14T13:43:59+00:00\",\"dateModified\":\"2025-08-14T13:49:31+00:00\",\"description\":\"D\u00e9tecteurs de niveau de r\u00e9serve \u00e9lectrom\u00e9caniques d'Euroswitch pour l'huile, l'essence et le diesel. D\u00e9tection de niveau fiable, diff\u00e9rentes longueurs et disponibles chez LDA Belgique.\",\"breadcrumb\":{\"@id\":\"https:\\\/\\\/lda.be\\\/fr\\\/produit\\\/detecteurs-de-niveau-de-reserve-electromecaniques\\\/#breadcrumb\"},\"inLanguage\":\"fr-FR\",\"potentialAction\":[{\"@type\":\"ReadAction\",\"target\":[\"https:\\\/\\\/lda.be\\\/fr\\\/produit\\\/detecteurs-de-niveau-de-reserve-electromecaniques\\\/\"]}]},{\"@type\":\"ImageObject\",\"inLanguage\":\"fr-FR\",\"@id\":\"https:\\\/\\\/lda.be\\\/fr\\\/produit\\\/detecteurs-de-niveau-de-reserve-electromecaniques\\\/#primaryimage\",\"url\":\"https:\\\/\\\/lda.be\\\/wp-content\\\/uploads\\\/2025\\\/08\\\/elektromechanical-sensoren.webp\",\"contentUrl\":\"https:\\\/\\\/lda.be\\\/wp-content\\\/uploads\\\/2025\\\/08\\\/elektromechanical-sensoren.webp\",\"width\":800,\"height\":800,\"caption\":\"elektromechanical sensoren\"},{\"@type\":\"BreadcrumbList\",\"@id\":\"https:\\\/\\\/lda.be\\\/fr\\\/produit\\\/detecteurs-de-niveau-de-reserve-electromecaniques\\\/#breadcrumb\",\"itemListElement\":[{\"@type\":\"ListItem\",\"position\":1,\"name\":\"Accueil\",\"item\":\"https:\\\/\\\/lda.be\\\/fr\\\/\"},{\"@type\":\"ListItem\",\"position\":2,\"name\":\"Produits\",\"item\":\"https:\\\/\\\/lda.be\\\/fr\\\/produits\\\/\"},{\"@type\":\"ListItem\",\"position\":3,\"name\":\"D\u00e9tecteurs de niveau de r\u00e9serve \u00e9lectrom\u00e9caniques\"}]},{\"@type\":\"WebSite\",\"@id\":\"https:\\\/\\\/lda.be\\\/fr\\\/#website\",\"url\":\"https:\\\/\\\/lda.be\\\/fr\\\/\",\"name\":\"LDA Belgium\",\"description\":\"Solutions For Life\",\"publisher\":{\"@id\":\"https:\\\/\\\/lda.be\\\/fr\\\/#organization\"},\"potentialAction\":[{\"@type\":\"SearchAction\",\"target\":{\"@type\":\"EntryPoint\",\"urlTemplate\":\"https:\\\/\\\/lda.be\\\/fr\\\/?s={search_term_string}\"},\"query-input\":{\"@type\":\"PropertyValueSpecification\",\"valueRequired\":true,\"valueName\":\"search_term_string\"}}],\"inLanguage\":\"fr-FR\"},{\"@type\":\"Organization\",\"@id\":\"https:\\\/\\\/lda.be\\\/fr\\\/#organization\",\"name\":\"LDA Belgium\",\"url\":\"https:\\\/\\\/lda.be\\\/fr\\\/\",\"logo\":{\"@type\":\"ImageObject\",\"inLanguage\":\"fr-FR\",\"@id\":\"https:\\\/\\\/lda.be\\\/fr\\\/#\\\/schema\\\/logo\\\/image\\\/\",\"url\":\"https:\\\/\\\/lda.be\\\/wp-content\\\/uploads\\\/2022\\\/07\\\/Logo-LDA.webp\",\"contentUrl\":\"https:\\\/\\\/lda.be\\\/wp-content\\\/uploads\\\/2022\\\/07\\\/Logo-LDA.webp\",\"width\":311,\"height\":101,\"caption\":\"LDA Belgium\"},\"image\":{\"@id\":\"https:\\\/\\\/lda.be\\\/fr\\\/#\\\/schema\\\/logo\\\/image\\\/\"},\"sameAs\":[\"https:\\\/\\\/www.linkedin.com\\\/company\\\/lda-belgium-nv\"]}]}<\/script>\n<!-- \/ Yoast SEO plugin. -->","yoast_head_json":{"title":"D\u00e9tecteurs de niveau de r\u00e9serve \u00e9lectrom\u00e9caniques - LDA Belgique","description":"D\u00e9tecteurs de niveau de r\u00e9serve \u00e9lectrom\u00e9caniques d'Euroswitch pour l'huile, l'essence et le diesel. D\u00e9tection de niveau fiable, diff\u00e9rentes longueurs et disponibles chez LDA Belgique.","robots":{"index":"index","follow":"follow","max-snippet":"max-snippet:-1","max-image-preview":"max-image-preview:large","max-video-preview":"max-video-preview:-1"},"canonical":"https:\/\/lda.be\/fr\/produit\/detecteurs-de-niveau-de-reserve-electromecaniques\/","og_locale":"fr_FR","og_type":"article","og_title":"D\u00e9tecteurs de niveau de r\u00e9serve \u00e9lectrom\u00e9caniques - LDA Belgique","og_description":"D\u00e9tecteurs de niveau de r\u00e9serve \u00e9lectrom\u00e9caniques d'Euroswitch pour l'huile, l'essence et le diesel. D\u00e9tection de niveau fiable, diff\u00e9rentes longueurs et disponibles chez LDA Belgique.","og_url":"https:\/\/lda.be\/fr\/produit\/detecteurs-de-niveau-de-reserve-electromecaniques\/","og_site_name":"LDA Belgique","article_modified_time":"2025-08-14T13:49:31+00:00","og_image":[{"width":895,"height":659,"url":"https:\/\/lda.be\/wp-content\/uploads\/2025\/05\/OpenGrap-image-LDA.webp","type":"image\/webp"}],"twitter_card":"summary_large_image","twitter_misc":{"Dur\u00e9e de lecture estim\u00e9e":"2 minutes"},"schema":{"@context":"https:\/\/schema.org","@graph":[{"@type":"WebPage","@id":"https:\/\/lda.be\/fr\/produit\/detecteurs-de-niveau-de-reserve-electromecaniques\/","url":"https:\/\/lda.be\/fr\/produit\/detecteurs-de-niveau-de-reserve-electromecaniques\/","name":"D\u00e9tecteurs de niveau de r\u00e9serve \u00e9lectrom\u00e9caniques - LDA Belgique","isPartOf":{"@id":"https:\/\/lda.be\/fr\/#website"},"primaryImageOfPage":{"@id":"https:\/\/lda.be\/fr\/produit\/detecteurs-de-niveau-de-reserve-electromecaniques\/#primaryimage"},"image":{"@id":"https:\/\/lda.be\/fr\/produit\/detecteurs-de-niveau-de-reserve-electromecaniques\/#primaryimage"},"thumbnailUrl":"https:\/\/lda.be\/wp-content\/uploads\/2025\/08\/elektromechanical-sensoren.webp","datePublished":"2025-08-14T13:43:59+00:00","dateModified":"2025-08-14T13:49:31+00:00","description":"D\u00e9tecteurs de niveau de r\u00e9serve \u00e9lectrom\u00e9caniques d'Euroswitch pour l'huile, l'essence et le diesel. D\u00e9tection de niveau fiable, diff\u00e9rentes longueurs et disponibles chez LDA Belgique.","breadcrumb":{"@id":"https:\/\/lda.be\/fr\/produit\/detecteurs-de-niveau-de-reserve-electromecaniques\/#breadcrumb"},"inLanguage":"fr-FR","potentialAction":[{"@type":"ReadAction","target":["https:\/\/lda.be\/fr\/produit\/detecteurs-de-niveau-de-reserve-electromecaniques\/"]}]},{"@type":"ImageObject","inLanguage":"fr-FR","@id":"https:\/\/lda.be\/fr\/produit\/detecteurs-de-niveau-de-reserve-electromecaniques\/#primaryimage","url":"https:\/\/lda.be\/wp-content\/uploads\/2025\/08\/elektromechanical-sensoren.webp","contentUrl":"https:\/\/lda.be\/wp-content\/uploads\/2025\/08\/elektromechanical-sensoren.webp","width":800,"height":800,"caption":"elektromechanical sensoren"},{"@type":"BreadcrumbList","@id":"https:\/\/lda.be\/fr\/produit\/detecteurs-de-niveau-de-reserve-electromecaniques\/#breadcrumb","itemListElement":[{"@type":"ListItem","position":1,"name":"Accueil","item":"https:\/\/lda.be\/fr\/"},{"@type":"ListItem","position":2,"name":"Produits","item":"https:\/\/lda.be\/fr\/produits\/"},{"@type":"ListItem","position":3,"name":"D\u00e9tecteurs de niveau de r\u00e9serve \u00e9lectrom\u00e9caniques"}]},{"@type":"WebSite","@id":"https:\/\/lda.be\/fr\/#website","url":"https:\/\/lda.be\/fr\/","name":"LDA Belgium","description":"Solutions For Life","publisher":{"@id":"https:\/\/lda.be\/fr\/#organization"},"potentialAction":[{"@type":"SearchAction","target":{"@type":"EntryPoint","urlTemplate":"https:\/\/lda.be\/fr\/?s={search_term_string}"},"query-input":{"@type":"PropertyValueSpecification","valueRequired":true,"valueName":"search_term_string"}}],"inLanguage":"fr-FR"},{"@type":"Organization","@id":"https:\/\/lda.be\/fr\/#organization","name":"LDA Belgium","url":"https:\/\/lda.be\/fr\/","logo":{"@type":"ImageObject","inLanguage":"fr-FR","@id":"https:\/\/lda.be\/fr\/#\/schema\/logo\/image\/","url":"https:\/\/lda.be\/wp-content\/uploads\/2022\/07\/Logo-LDA.webp","contentUrl":"https:\/\/lda.be\/wp-content\/uploads\/2022\/07\/Logo-LDA.webp","width":311,"height":101,"caption":"LDA Belgium"},"image":{"@id":"https:\/\/lda.be\/fr\/#\/schema\/logo\/image\/"},"sameAs":["https:\/\/www.linkedin.com\/company\/lda-belgium-nv"]}]}},"_links":{"self":[{"href":"https:\/\/lda.be\/fr\/wp-json\/wp\/v2\/product\/10788","targetHints":{"allow":["GET"]}}],"collection":[{"href":"https:\/\/lda.be\/fr\/wp-json\/wp\/v2\/product"}],"about":[{"href":"https:\/\/lda.be\/fr\/wp-json\/wp\/v2\/types\/product"}],"replies":[{"embeddable":true,"href":"https:\/\/lda.be\/fr\/wp-json\/wp\/v2\/comments?post=10788"}],"wp:featuredmedia":[{"embeddable":true,"href":"https:\/\/lda.be\/fr\/wp-json\/wp\/v2\/media\/10786"}],"wp:attachment":[{"href":"https:\/\/lda.be\/fr\/wp-json\/wp\/v2\/media?parent=10788"}],"wp:term":[{"taxonomy":"product_brand","embeddable":true,"href":"https:\/\/lda.be\/fr\/wp-json\/wp\/v2\/product_brand?post=10788"},{"taxonomy":"product_cat","embeddable":true,"href":"https:\/\/lda.be\/fr\/wp-json\/wp\/v2\/product_cat?post=10788"},{"taxonomy":"product_tag","embeddable":true,"href":"https:\/\/lda.be\/fr\/wp-json\/wp\/v2\/product_tag?post=10788"}],"curies":[{"name":"wp","href":"https:\/\/api.w.org\/{rel}","templated":true}]}}