{"id":10801,"date":"2025-08-14T15:26:03","date_gmt":"2025-08-14T14:26:03","guid":{"rendered":"https:\/\/lda.be\/?post_type=product&#038;p=10801"},"modified":"2025-08-14T15:31:41","modified_gmt":"2025-08-14T14:31:41","slug":"detecteur-de-niveau-electromagnetique-resistif","status":"publish","type":"product","link":"https:\/\/lda.be\/fr\/produit\/detecteur-de-niveau-electromagnetique-resistif\/","title":{"rendered":"D\u00e9tecteur de niveau \u00e9lectromagn\u00e9tique r\u00e9sistif"},"content":{"rendered":"<p>Les capteurs de niveau \u00e9lectromagn\u00e9tiques r\u00e9sistifs sont con\u00e7us pour une mesure pr\u00e9cise et continue des niveaux de liquide. Ils fonctionnent sur la base d&#8217;un signal de sortie r\u00e9sistif, ce qui permet de surveiller le niveau de liquide en temps r\u00e9el.<\/p>\n<p>Ces capteurs sont utilis\u00e9s dans des environnements o\u00f9 il est n\u00e9cessaire de mesurer l&#8217;eau, les huiles min\u00e9rales, le diesel, l&#8217;essence et m\u00eame certains acides ou liquides alimentaires.<\/p>\n<p>Gr\u00e2ce \u00e0 leur construction robuste avec des tiges et des flotteurs en acier inoxydable AISI 304 ou 316, ils r\u00e9sistent \u00e0 des temp\u00e9ratures \u00e9lev\u00e9es allant jusqu&#8217;\u00e0 110 \u00b0C et conviennent aux liquides dont la densit\u00e9 est sup\u00e9rieure \u00e0 0,6 g\/cm\u00b3.<\/p>\n<p>Selon le mod\u00e8le, ils peuvent \u00eatre livr\u00e9s avec des fixations en aluminium ou en plastique, allant de brides \u00e0 3 ou 6 trous \u00e0 des raccords filet\u00e9s (G 1\u201d, G 1 1\/2\u201d ou G 2\u201d).<\/p>\n<p>Applications<\/p>\n<ul>\n<li>R\u00e9servoirs de carburant pour v\u00e9hicules, g\u00e9n\u00e9rateurs et machines<\/li>\n<li>Installations industrielles avec r\u00e9servoirs d&#8217;huile ou d&#8217;eau<\/li>\n<li>R\u00e9servoirs de stockage pour produits chimiques ou liquides alimentaires<\/li>\n<li>Syst\u00e8mes hydrauliques et de refroidissement<\/li>\n<\/ul>\n","protected":false},"excerpt":{"rendered":"<p>Les capteurs de niveau \u00e9lectromagn\u00e9tiques r\u00e9sistifs sont con\u00e7us pour une mesure pr\u00e9cise et continue des niveaux de liquide. Ils fonctionnent sur la base d&#8217;un signal de sortie r\u00e9sistif, ce qui permet de surveiller le niveau de liquide en temps r\u00e9el. Ces capteurs sont utilis\u00e9s dans des environnements o\u00f9 il est n\u00e9cessaire de mesurer l&#8217;eau, les [&hellip;]<\/p>\n","protected":false},"featured_media":10798,"comment_status":"closed","ping_status":"closed","template":"","meta":[],"product_brand":[1746,1735],"product_cat":[932,942,944],"product_tag":[],"class_list":{"0":"post-10801","1":"product","2":"type-product","3":"status-publish","4":"has-post-thumbnail","6":"product_brand-continious-level-sensor","7":"product_brand-euroswitch","8":"product_cat-instrumentation-composants-atex","9":"product_cat-composants-standards","10":"product_cat-indicateurs-de-niveau","12":"first","13":"instock","14":"shipping-taxable","15":"product-type-simple"},"yoast_head":"<!-- This site is optimized with the Yoast SEO plugin v27.3 - https:\/\/yoast.com\/product\/yoast-seo-wordpress\/ -->\n<title>D\u00e9tecteur de niveau \u00e9lectromagn\u00e9tique r\u00e9sistif - LDA Belgique<\/title>\n<meta name=\"description\" content=\"D\u00e9tecteurs de niveau \u00e9lectromagn\u00e9tiques r\u00e9sistifs pour une mesure pr\u00e9cise et continue des liquides dans les r\u00e9servoirs de carburant, les installations industrielles et les syst\u00e8mes de stockage. Chez LDA Belgique\" \/>\n<meta name=\"robots\" content=\"index, follow, max-snippet:-1, max-image-preview:large, max-video-preview:-1\" \/>\n<link rel=\"canonical\" href=\"https:\/\/lda.be\/fr\/produit\/detecteur-de-niveau-electromagnetique-resistif\/\" \/>\n<meta property=\"og:locale\" content=\"fr_FR\" \/>\n<meta property=\"og:type\" content=\"article\" \/>\n<meta property=\"og:title\" content=\"D\u00e9tecteur de niveau \u00e9lectromagn\u00e9tique r\u00e9sistif - LDA Belgique\" \/>\n<meta property=\"og:description\" content=\"D\u00e9tecteurs de niveau \u00e9lectromagn\u00e9tiques r\u00e9sistifs pour une mesure pr\u00e9cise et continue des liquides dans les r\u00e9servoirs de carburant, les installations industrielles et les syst\u00e8mes de stockage. Chez LDA Belgique\" \/>\n<meta property=\"og:url\" content=\"https:\/\/lda.be\/fr\/produit\/detecteur-de-niveau-electromagnetique-resistif\/\" \/>\n<meta property=\"og:site_name\" content=\"LDA Belgique\" \/>\n<meta property=\"article:modified_time\" content=\"2025-08-14T14:31:41+00:00\" \/>\n<meta property=\"og:image\" content=\"https:\/\/lda.be\/wp-content\/uploads\/2025\/08\/resisitive-level-snesor.webp\" \/>\n\t<meta property=\"og:image:width\" content=\"1080\" \/>\n\t<meta property=\"og:image:height\" content=\"1080\" \/>\n\t<meta property=\"og:image:type\" content=\"image\/webp\" \/>\n<meta name=\"twitter:card\" content=\"summary_large_image\" \/>\n<meta name=\"twitter:label1\" content=\"Dur\u00e9e de lecture estim\u00e9e\" \/>\n\t<meta name=\"twitter:data1\" content=\"1 minute\" \/>\n<script type=\"application\/ld+json\" class=\"yoast-schema-graph\">{\"@context\":\"https:\\\/\\\/schema.org\",\"@graph\":[{\"@type\":\"WebPage\",\"@id\":\"https:\\\/\\\/lda.be\\\/fr\\\/produit\\\/detecteur-de-niveau-electromagnetique-resistif\\\/\",\"url\":\"https:\\\/\\\/lda.be\\\/fr\\\/produit\\\/detecteur-de-niveau-electromagnetique-resistif\\\/\",\"name\":\"D\u00e9tecteur de niveau \u00e9lectromagn\u00e9tique r\u00e9sistif - LDA Belgique\",\"isPartOf\":{\"@id\":\"https:\\\/\\\/lda.be\\\/fr\\\/#website\"},\"primaryImageOfPage\":{\"@id\":\"https:\\\/\\\/lda.be\\\/fr\\\/produit\\\/detecteur-de-niveau-electromagnetique-resistif\\\/#primaryimage\"},\"image\":{\"@id\":\"https:\\\/\\\/lda.be\\\/fr\\\/produit\\\/detecteur-de-niveau-electromagnetique-resistif\\\/#primaryimage\"},\"thumbnailUrl\":\"https:\\\/\\\/lda.be\\\/wp-content\\\/uploads\\\/2025\\\/08\\\/resisitive-level-snesor.webp\",\"datePublished\":\"2025-08-14T14:26:03+00:00\",\"dateModified\":\"2025-08-14T14:31:41+00:00\",\"description\":\"D\u00e9tecteurs de niveau \u00e9lectromagn\u00e9tiques r\u00e9sistifs pour une mesure pr\u00e9cise et continue des liquides dans les r\u00e9servoirs de carburant, les installations industrielles et les syst\u00e8mes de stockage. Chez LDA Belgique\",\"breadcrumb\":{\"@id\":\"https:\\\/\\\/lda.be\\\/fr\\\/produit\\\/detecteur-de-niveau-electromagnetique-resistif\\\/#breadcrumb\"},\"inLanguage\":\"fr-FR\",\"potentialAction\":[{\"@type\":\"ReadAction\",\"target\":[\"https:\\\/\\\/lda.be\\\/fr\\\/produit\\\/detecteur-de-niveau-electromagnetique-resistif\\\/\"]}]},{\"@type\":\"ImageObject\",\"inLanguage\":\"fr-FR\",\"@id\":\"https:\\\/\\\/lda.be\\\/fr\\\/produit\\\/detecteur-de-niveau-electromagnetique-resistif\\\/#primaryimage\",\"url\":\"https:\\\/\\\/lda.be\\\/wp-content\\\/uploads\\\/2025\\\/08\\\/resisitive-level-snesor.webp\",\"contentUrl\":\"https:\\\/\\\/lda.be\\\/wp-content\\\/uploads\\\/2025\\\/08\\\/resisitive-level-snesor.webp\",\"width\":1080,\"height\":1080,\"caption\":\"Resistieve elektromagnetische niveausensor\"},{\"@type\":\"BreadcrumbList\",\"@id\":\"https:\\\/\\\/lda.be\\\/fr\\\/produit\\\/detecteur-de-niveau-electromagnetique-resistif\\\/#breadcrumb\",\"itemListElement\":[{\"@type\":\"ListItem\",\"position\":1,\"name\":\"Accueil\",\"item\":\"https:\\\/\\\/lda.be\\\/fr\\\/\"},{\"@type\":\"ListItem\",\"position\":2,\"name\":\"Produits\",\"item\":\"https:\\\/\\\/lda.be\\\/fr\\\/produits\\\/\"},{\"@type\":\"ListItem\",\"position\":3,\"name\":\"D\u00e9tecteur de niveau \u00e9lectromagn\u00e9tique r\u00e9sistif\"}]},{\"@type\":\"WebSite\",\"@id\":\"https:\\\/\\\/lda.be\\\/fr\\\/#website\",\"url\":\"https:\\\/\\\/lda.be\\\/fr\\\/\",\"name\":\"LDA Belgium\",\"description\":\"Solutions For Life\",\"publisher\":{\"@id\":\"https:\\\/\\\/lda.be\\\/fr\\\/#organization\"},\"potentialAction\":[{\"@type\":\"SearchAction\",\"target\":{\"@type\":\"EntryPoint\",\"urlTemplate\":\"https:\\\/\\\/lda.be\\\/fr\\\/?s={search_term_string}\"},\"query-input\":{\"@type\":\"PropertyValueSpecification\",\"valueRequired\":true,\"valueName\":\"search_term_string\"}}],\"inLanguage\":\"fr-FR\"},{\"@type\":\"Organization\",\"@id\":\"https:\\\/\\\/lda.be\\\/fr\\\/#organization\",\"name\":\"LDA Belgium\",\"url\":\"https:\\\/\\\/lda.be\\\/fr\\\/\",\"logo\":{\"@type\":\"ImageObject\",\"inLanguage\":\"fr-FR\",\"@id\":\"https:\\\/\\\/lda.be\\\/fr\\\/#\\\/schema\\\/logo\\\/image\\\/\",\"url\":\"https:\\\/\\\/lda.be\\\/wp-content\\\/uploads\\\/2022\\\/07\\\/Logo-LDA.webp\",\"contentUrl\":\"https:\\\/\\\/lda.be\\\/wp-content\\\/uploads\\\/2022\\\/07\\\/Logo-LDA.webp\",\"width\":311,\"height\":101,\"caption\":\"LDA Belgium\"},\"image\":{\"@id\":\"https:\\\/\\\/lda.be\\\/fr\\\/#\\\/schema\\\/logo\\\/image\\\/\"},\"sameAs\":[\"https:\\\/\\\/www.linkedin.com\\\/company\\\/lda-belgium-nv\"]}]}<\/script>\n<!-- \/ Yoast SEO plugin. -->","yoast_head_json":{"title":"D\u00e9tecteur de niveau \u00e9lectromagn\u00e9tique r\u00e9sistif - LDA Belgique","description":"D\u00e9tecteurs de niveau \u00e9lectromagn\u00e9tiques r\u00e9sistifs pour une mesure pr\u00e9cise et continue des liquides dans les r\u00e9servoirs de carburant, les installations industrielles et les syst\u00e8mes de stockage. Chez LDA Belgique","robots":{"index":"index","follow":"follow","max-snippet":"max-snippet:-1","max-image-preview":"max-image-preview:large","max-video-preview":"max-video-preview:-1"},"canonical":"https:\/\/lda.be\/fr\/produit\/detecteur-de-niveau-electromagnetique-resistif\/","og_locale":"fr_FR","og_type":"article","og_title":"D\u00e9tecteur de niveau \u00e9lectromagn\u00e9tique r\u00e9sistif - LDA Belgique","og_description":"D\u00e9tecteurs de niveau \u00e9lectromagn\u00e9tiques r\u00e9sistifs pour une mesure pr\u00e9cise et continue des liquides dans les r\u00e9servoirs de carburant, les installations industrielles et les syst\u00e8mes de stockage. Chez LDA Belgique","og_url":"https:\/\/lda.be\/fr\/produit\/detecteur-de-niveau-electromagnetique-resistif\/","og_site_name":"LDA Belgique","article_modified_time":"2025-08-14T14:31:41+00:00","og_image":[{"width":1080,"height":1080,"url":"https:\/\/lda.be\/wp-content\/uploads\/2025\/08\/resisitive-level-snesor.webp","type":"image\/webp"}],"twitter_card":"summary_large_image","twitter_misc":{"Dur\u00e9e de lecture estim\u00e9e":"1 minute"},"schema":{"@context":"https:\/\/schema.org","@graph":[{"@type":"WebPage","@id":"https:\/\/lda.be\/fr\/produit\/detecteur-de-niveau-electromagnetique-resistif\/","url":"https:\/\/lda.be\/fr\/produit\/detecteur-de-niveau-electromagnetique-resistif\/","name":"D\u00e9tecteur de niveau \u00e9lectromagn\u00e9tique r\u00e9sistif - LDA Belgique","isPartOf":{"@id":"https:\/\/lda.be\/fr\/#website"},"primaryImageOfPage":{"@id":"https:\/\/lda.be\/fr\/produit\/detecteur-de-niveau-electromagnetique-resistif\/#primaryimage"},"image":{"@id":"https:\/\/lda.be\/fr\/produit\/detecteur-de-niveau-electromagnetique-resistif\/#primaryimage"},"thumbnailUrl":"https:\/\/lda.be\/wp-content\/uploads\/2025\/08\/resisitive-level-snesor.webp","datePublished":"2025-08-14T14:26:03+00:00","dateModified":"2025-08-14T14:31:41+00:00","description":"D\u00e9tecteurs de niveau \u00e9lectromagn\u00e9tiques r\u00e9sistifs pour une mesure pr\u00e9cise et continue des liquides dans les r\u00e9servoirs de carburant, les installations industrielles et les syst\u00e8mes de stockage. Chez LDA Belgique","breadcrumb":{"@id":"https:\/\/lda.be\/fr\/produit\/detecteur-de-niveau-electromagnetique-resistif\/#breadcrumb"},"inLanguage":"fr-FR","potentialAction":[{"@type":"ReadAction","target":["https:\/\/lda.be\/fr\/produit\/detecteur-de-niveau-electromagnetique-resistif\/"]}]},{"@type":"ImageObject","inLanguage":"fr-FR","@id":"https:\/\/lda.be\/fr\/produit\/detecteur-de-niveau-electromagnetique-resistif\/#primaryimage","url":"https:\/\/lda.be\/wp-content\/uploads\/2025\/08\/resisitive-level-snesor.webp","contentUrl":"https:\/\/lda.be\/wp-content\/uploads\/2025\/08\/resisitive-level-snesor.webp","width":1080,"height":1080,"caption":"Resistieve elektromagnetische niveausensor"},{"@type":"BreadcrumbList","@id":"https:\/\/lda.be\/fr\/produit\/detecteur-de-niveau-electromagnetique-resistif\/#breadcrumb","itemListElement":[{"@type":"ListItem","position":1,"name":"Accueil","item":"https:\/\/lda.be\/fr\/"},{"@type":"ListItem","position":2,"name":"Produits","item":"https:\/\/lda.be\/fr\/produits\/"},{"@type":"ListItem","position":3,"name":"D\u00e9tecteur de niveau \u00e9lectromagn\u00e9tique r\u00e9sistif"}]},{"@type":"WebSite","@id":"https:\/\/lda.be\/fr\/#website","url":"https:\/\/lda.be\/fr\/","name":"LDA Belgium","description":"Solutions For Life","publisher":{"@id":"https:\/\/lda.be\/fr\/#organization"},"potentialAction":[{"@type":"SearchAction","target":{"@type":"EntryPoint","urlTemplate":"https:\/\/lda.be\/fr\/?s={search_term_string}"},"query-input":{"@type":"PropertyValueSpecification","valueRequired":true,"valueName":"search_term_string"}}],"inLanguage":"fr-FR"},{"@type":"Organization","@id":"https:\/\/lda.be\/fr\/#organization","name":"LDA Belgium","url":"https:\/\/lda.be\/fr\/","logo":{"@type":"ImageObject","inLanguage":"fr-FR","@id":"https:\/\/lda.be\/fr\/#\/schema\/logo\/image\/","url":"https:\/\/lda.be\/wp-content\/uploads\/2022\/07\/Logo-LDA.webp","contentUrl":"https:\/\/lda.be\/wp-content\/uploads\/2022\/07\/Logo-LDA.webp","width":311,"height":101,"caption":"LDA Belgium"},"image":{"@id":"https:\/\/lda.be\/fr\/#\/schema\/logo\/image\/"},"sameAs":["https:\/\/www.linkedin.com\/company\/lda-belgium-nv"]}]}},"_links":{"self":[{"href":"https:\/\/lda.be\/fr\/wp-json\/wp\/v2\/product\/10801","targetHints":{"allow":["GET"]}}],"collection":[{"href":"https:\/\/lda.be\/fr\/wp-json\/wp\/v2\/product"}],"about":[{"href":"https:\/\/lda.be\/fr\/wp-json\/wp\/v2\/types\/product"}],"replies":[{"embeddable":true,"href":"https:\/\/lda.be\/fr\/wp-json\/wp\/v2\/comments?post=10801"}],"wp:featuredmedia":[{"embeddable":true,"href":"https:\/\/lda.be\/fr\/wp-json\/wp\/v2\/media\/10798"}],"wp:attachment":[{"href":"https:\/\/lda.be\/fr\/wp-json\/wp\/v2\/media?parent=10801"}],"wp:term":[{"taxonomy":"product_brand","embeddable":true,"href":"https:\/\/lda.be\/fr\/wp-json\/wp\/v2\/product_brand?post=10801"},{"taxonomy":"product_cat","embeddable":true,"href":"https:\/\/lda.be\/fr\/wp-json\/wp\/v2\/product_cat?post=10801"},{"taxonomy":"product_tag","embeddable":true,"href":"https:\/\/lda.be\/fr\/wp-json\/wp\/v2\/product_tag?post=10801"}],"curies":[{"name":"wp","href":"https:\/\/api.w.org\/{rel}","templated":true}]}}