{"id":10887,"date":"2025-08-18T13:12:22","date_gmt":"2025-08-18T12:12:22","guid":{"rendered":"https:\/\/lda.be\/?post_type=product&#038;p=10887"},"modified":"2025-08-18T13:38:40","modified_gmt":"2025-08-18T12:38:40","slug":"capteur-de-niveau-electromagnetique-resistif-pour-usage-intensif","status":"publish","type":"product","link":"https:\/\/lda.be\/fr\/produit\/capteur-de-niveau-electromagnetique-resistif-pour-usage-intensif\/","title":{"rendered":"Capteur de niveau \u00e9lectromagn\u00e9tique r\u00e9sistif pour usage intensif"},"content":{"rendered":"<p>Les d\u00e9tecteurs de niveau \u00e9lectromagn\u00e9tiques r\u00e9sistifs IMR et IMRH ont \u00e9t\u00e9 d\u00e9velopp\u00e9s pour une utilisation intensive et des applications dans l&#8217;eau, les huiles min\u00e9rales, le diesel et l&#8217;essence.<\/p>\n<p>Ils fonctionnent selon le principe des contacts Reed avec r\u00e9sistances et fournissent un signal de sortie r\u00e9sistif continu. Cela permet de mesurer de mani\u00e8re fiable le niveau de liquide et de le transmettre \u00e0 des instruments ou des \u00e9crans.<\/p>\n<p>Les d\u00e9tecteurs sont disponibles en versions avec fixation via un raccord en aluminium G 1\u201d ou G 1\u201d1\/4 (acier inoxydable sur demande). La longueur de mesure varie de 100 mm \u00e0 2000 mm par paliers de 50 mm, ce qui permet d&#8217;adapter facilement le d\u00e9tecteur \u00e0 l&#8217;application.<\/p>\n<p>Gr\u00e2ce au choix entre deux types de sortie \u2013 Type I (5\u20137 \u03a9 plein, 315\u2013330 \u03a9 vide) ou Type II (175\u2013180 \u03a9 plein, 7\u201310 \u03a9 vide) ils peuvent \u00eatre int\u00e9gr\u00e9s de mani\u00e8re flexible dans diff\u00e9rents syst\u00e8mes de mesure.<\/p>\n<p>Les s\u00e9ries IMR et IMRH combinent une r\u00e9solution pr\u00e9cise (10 ou 20 mm en standard, autres incr\u00e9ments sur demande) avec une construction robuste en acier et en aluminium. Le flotteur en NBR et les joints toriques garantissent des performances fiables dans divers liquides. Ces capteurs sont donc particuli\u00e8rement adapt\u00e9s aux r\u00e9servoirs de carburant, aux installations hydrauliques et aux r\u00e9servoirs de stockage industriels.<\/p>\n","protected":false},"excerpt":{"rendered":"<p>Les d\u00e9tecteurs de niveau \u00e9lectromagn\u00e9tiques r\u00e9sistifs IMR et IMRH ont \u00e9t\u00e9 d\u00e9velopp\u00e9s pour une utilisation intensive et des applications dans l&#8217;eau, les huiles min\u00e9rales, le diesel et l&#8217;essence. Ils fonctionnent selon le principe des contacts Reed avec r\u00e9sistances et fournissent un signal de sortie r\u00e9sistif continu. Cela permet de mesurer de mani\u00e8re fiable le niveau [&hellip;]<\/p>\n","protected":false},"featured_media":10884,"comment_status":"closed","ping_status":"closed","template":"","meta":[],"product_brand":[1746,1735],"product_cat":[932,942,944],"product_tag":[],"class_list":{"0":"post-10887","1":"product","2":"type-product","3":"status-publish","4":"has-post-thumbnail","6":"product_brand-continious-level-sensor","7":"product_brand-euroswitch","8":"product_cat-instrumentation-composants-atex","9":"product_cat-composants-standards","10":"product_cat-indicateurs-de-niveau","12":"first","13":"instock","14":"shipping-taxable","15":"product-type-simple"},"yoast_head":"<!-- This site is optimized with the Yoast SEO plugin v27.3 - https:\/\/yoast.com\/product\/yoast-seo-wordpress\/ -->\n<title>Capteur de niveau \u00e9lectromagn\u00e9tique r\u00e9sistif pour usage intensif - LDA Belgique<\/title>\n<meta name=\"description\" content=\"D\u00e9couvrez les capteurs de niveau \u00e9lectromagn\u00e9tiques r\u00e9sistifs IMR et IMRH pour l&#039;eau, l&#039;huile, le diesel et l&#039;essence. Mesure fiable avec sortie r\u00e9sistive, IP65 ? Chez LDA Belgique\" \/>\n<meta name=\"robots\" content=\"index, follow, max-snippet:-1, max-image-preview:large, max-video-preview:-1\" \/>\n<link rel=\"canonical\" href=\"https:\/\/lda.be\/fr\/produit\/capteur-de-niveau-electromagnetique-resistif-pour-usage-intensif\/\" \/>\n<meta property=\"og:locale\" content=\"fr_FR\" \/>\n<meta property=\"og:type\" content=\"article\" \/>\n<meta property=\"og:title\" content=\"Capteur de niveau \u00e9lectromagn\u00e9tique r\u00e9sistif pour usage intensif - LDA Belgique\" \/>\n<meta property=\"og:description\" content=\"D\u00e9couvrez les capteurs de niveau \u00e9lectromagn\u00e9tiques r\u00e9sistifs IMR et IMRH pour l&#039;eau, l&#039;huile, le diesel et l&#039;essence. Mesure fiable avec sortie r\u00e9sistive, IP65 ? Chez LDA Belgique\" \/>\n<meta property=\"og:url\" content=\"https:\/\/lda.be\/fr\/produit\/capteur-de-niveau-electromagnetique-resistif-pour-usage-intensif\/\" \/>\n<meta property=\"og:site_name\" content=\"LDA Belgique\" \/>\n<meta property=\"article:modified_time\" content=\"2025-08-18T12:38:40+00:00\" \/>\n<meta property=\"og:image\" content=\"https:\/\/lda.be\/wp-content\/uploads\/2025\/08\/heavy-duty-resis.webp\" \/>\n\t<meta property=\"og:image:width\" content=\"800\" \/>\n\t<meta property=\"og:image:height\" content=\"800\" \/>\n\t<meta property=\"og:image:type\" content=\"image\/webp\" \/>\n<meta name=\"twitter:card\" content=\"summary_large_image\" \/>\n<script type=\"application\/ld+json\" class=\"yoast-schema-graph\">{\"@context\":\"https:\\\/\\\/schema.org\",\"@graph\":[{\"@type\":\"WebPage\",\"@id\":\"https:\\\/\\\/lda.be\\\/fr\\\/produit\\\/capteur-de-niveau-electromagnetique-resistif-pour-usage-intensif\\\/\",\"url\":\"https:\\\/\\\/lda.be\\\/fr\\\/produit\\\/capteur-de-niveau-electromagnetique-resistif-pour-usage-intensif\\\/\",\"name\":\"Capteur de niveau \u00e9lectromagn\u00e9tique r\u00e9sistif pour usage intensif - LDA Belgique\",\"isPartOf\":{\"@id\":\"https:\\\/\\\/lda.be\\\/fr\\\/#website\"},\"primaryImageOfPage\":{\"@id\":\"https:\\\/\\\/lda.be\\\/fr\\\/produit\\\/capteur-de-niveau-electromagnetique-resistif-pour-usage-intensif\\\/#primaryimage\"},\"image\":{\"@id\":\"https:\\\/\\\/lda.be\\\/fr\\\/produit\\\/capteur-de-niveau-electromagnetique-resistif-pour-usage-intensif\\\/#primaryimage\"},\"thumbnailUrl\":\"https:\\\/\\\/lda.be\\\/wp-content\\\/uploads\\\/2025\\\/08\\\/heavy-duty-resis.webp\",\"datePublished\":\"2025-08-18T12:12:22+00:00\",\"dateModified\":\"2025-08-18T12:38:40+00:00\",\"description\":\"D\u00e9couvrez les capteurs de niveau \u00e9lectromagn\u00e9tiques r\u00e9sistifs IMR et IMRH pour l'eau, l'huile, le diesel et l'essence. Mesure fiable avec sortie r\u00e9sistive, IP65 ? Chez LDA Belgique\",\"breadcrumb\":{\"@id\":\"https:\\\/\\\/lda.be\\\/fr\\\/produit\\\/capteur-de-niveau-electromagnetique-resistif-pour-usage-intensif\\\/#breadcrumb\"},\"inLanguage\":\"fr-FR\",\"potentialAction\":[{\"@type\":\"ReadAction\",\"target\":[\"https:\\\/\\\/lda.be\\\/fr\\\/produit\\\/capteur-de-niveau-electromagnetique-resistif-pour-usage-intensif\\\/\"]}]},{\"@type\":\"ImageObject\",\"inLanguage\":\"fr-FR\",\"@id\":\"https:\\\/\\\/lda.be\\\/fr\\\/produit\\\/capteur-de-niveau-electromagnetique-resistif-pour-usage-intensif\\\/#primaryimage\",\"url\":\"https:\\\/\\\/lda.be\\\/wp-content\\\/uploads\\\/2025\\\/08\\\/heavy-duty-resis.webp\",\"contentUrl\":\"https:\\\/\\\/lda.be\\\/wp-content\\\/uploads\\\/2025\\\/08\\\/heavy-duty-resis.webp\",\"width\":800,\"height\":800,\"caption\":\"Resistieve elektromagnetische niveausensor voor zwaar gebruik\"},{\"@type\":\"BreadcrumbList\",\"@id\":\"https:\\\/\\\/lda.be\\\/fr\\\/produit\\\/capteur-de-niveau-electromagnetique-resistif-pour-usage-intensif\\\/#breadcrumb\",\"itemListElement\":[{\"@type\":\"ListItem\",\"position\":1,\"name\":\"Accueil\",\"item\":\"https:\\\/\\\/lda.be\\\/fr\\\/\"},{\"@type\":\"ListItem\",\"position\":2,\"name\":\"Produits\",\"item\":\"https:\\\/\\\/lda.be\\\/fr\\\/produits\\\/\"},{\"@type\":\"ListItem\",\"position\":3,\"name\":\"Capteur de niveau \u00e9lectromagn\u00e9tique r\u00e9sistif pour usage intensif\"}]},{\"@type\":\"WebSite\",\"@id\":\"https:\\\/\\\/lda.be\\\/fr\\\/#website\",\"url\":\"https:\\\/\\\/lda.be\\\/fr\\\/\",\"name\":\"LDA Belgium\",\"description\":\"Solutions For Life\",\"publisher\":{\"@id\":\"https:\\\/\\\/lda.be\\\/fr\\\/#organization\"},\"potentialAction\":[{\"@type\":\"SearchAction\",\"target\":{\"@type\":\"EntryPoint\",\"urlTemplate\":\"https:\\\/\\\/lda.be\\\/fr\\\/?s={search_term_string}\"},\"query-input\":{\"@type\":\"PropertyValueSpecification\",\"valueRequired\":true,\"valueName\":\"search_term_string\"}}],\"inLanguage\":\"fr-FR\"},{\"@type\":\"Organization\",\"@id\":\"https:\\\/\\\/lda.be\\\/fr\\\/#organization\",\"name\":\"LDA Belgium\",\"url\":\"https:\\\/\\\/lda.be\\\/fr\\\/\",\"logo\":{\"@type\":\"ImageObject\",\"inLanguage\":\"fr-FR\",\"@id\":\"https:\\\/\\\/lda.be\\\/fr\\\/#\\\/schema\\\/logo\\\/image\\\/\",\"url\":\"https:\\\/\\\/lda.be\\\/wp-content\\\/uploads\\\/2022\\\/07\\\/Logo-LDA.webp\",\"contentUrl\":\"https:\\\/\\\/lda.be\\\/wp-content\\\/uploads\\\/2022\\\/07\\\/Logo-LDA.webp\",\"width\":311,\"height\":101,\"caption\":\"LDA Belgium\"},\"image\":{\"@id\":\"https:\\\/\\\/lda.be\\\/fr\\\/#\\\/schema\\\/logo\\\/image\\\/\"},\"sameAs\":[\"https:\\\/\\\/www.linkedin.com\\\/company\\\/lda-belgium-nv\"]}]}<\/script>\n<!-- \/ Yoast SEO plugin. -->","yoast_head_json":{"title":"Capteur de niveau \u00e9lectromagn\u00e9tique r\u00e9sistif pour usage intensif - LDA Belgique","description":"D\u00e9couvrez les capteurs de niveau \u00e9lectromagn\u00e9tiques r\u00e9sistifs IMR et IMRH pour l'eau, l'huile, le diesel et l'essence. Mesure fiable avec sortie r\u00e9sistive, IP65 ? Chez LDA Belgique","robots":{"index":"index","follow":"follow","max-snippet":"max-snippet:-1","max-image-preview":"max-image-preview:large","max-video-preview":"max-video-preview:-1"},"canonical":"https:\/\/lda.be\/fr\/produit\/capteur-de-niveau-electromagnetique-resistif-pour-usage-intensif\/","og_locale":"fr_FR","og_type":"article","og_title":"Capteur de niveau \u00e9lectromagn\u00e9tique r\u00e9sistif pour usage intensif - LDA Belgique","og_description":"D\u00e9couvrez les capteurs de niveau \u00e9lectromagn\u00e9tiques r\u00e9sistifs IMR et IMRH pour l'eau, l'huile, le diesel et l'essence. Mesure fiable avec sortie r\u00e9sistive, IP65 ? Chez LDA Belgique","og_url":"https:\/\/lda.be\/fr\/produit\/capteur-de-niveau-electromagnetique-resistif-pour-usage-intensif\/","og_site_name":"LDA Belgique","article_modified_time":"2025-08-18T12:38:40+00:00","og_image":[{"width":800,"height":800,"url":"https:\/\/lda.be\/wp-content\/uploads\/2025\/08\/heavy-duty-resis.webp","type":"image\/webp"}],"twitter_card":"summary_large_image","schema":{"@context":"https:\/\/schema.org","@graph":[{"@type":"WebPage","@id":"https:\/\/lda.be\/fr\/produit\/capteur-de-niveau-electromagnetique-resistif-pour-usage-intensif\/","url":"https:\/\/lda.be\/fr\/produit\/capteur-de-niveau-electromagnetique-resistif-pour-usage-intensif\/","name":"Capteur de niveau \u00e9lectromagn\u00e9tique r\u00e9sistif pour usage intensif - LDA Belgique","isPartOf":{"@id":"https:\/\/lda.be\/fr\/#website"},"primaryImageOfPage":{"@id":"https:\/\/lda.be\/fr\/produit\/capteur-de-niveau-electromagnetique-resistif-pour-usage-intensif\/#primaryimage"},"image":{"@id":"https:\/\/lda.be\/fr\/produit\/capteur-de-niveau-electromagnetique-resistif-pour-usage-intensif\/#primaryimage"},"thumbnailUrl":"https:\/\/lda.be\/wp-content\/uploads\/2025\/08\/heavy-duty-resis.webp","datePublished":"2025-08-18T12:12:22+00:00","dateModified":"2025-08-18T12:38:40+00:00","description":"D\u00e9couvrez les capteurs de niveau \u00e9lectromagn\u00e9tiques r\u00e9sistifs IMR et IMRH pour l'eau, l'huile, le diesel et l'essence. Mesure fiable avec sortie r\u00e9sistive, IP65 ? Chez LDA Belgique","breadcrumb":{"@id":"https:\/\/lda.be\/fr\/produit\/capteur-de-niveau-electromagnetique-resistif-pour-usage-intensif\/#breadcrumb"},"inLanguage":"fr-FR","potentialAction":[{"@type":"ReadAction","target":["https:\/\/lda.be\/fr\/produit\/capteur-de-niveau-electromagnetique-resistif-pour-usage-intensif\/"]}]},{"@type":"ImageObject","inLanguage":"fr-FR","@id":"https:\/\/lda.be\/fr\/produit\/capteur-de-niveau-electromagnetique-resistif-pour-usage-intensif\/#primaryimage","url":"https:\/\/lda.be\/wp-content\/uploads\/2025\/08\/heavy-duty-resis.webp","contentUrl":"https:\/\/lda.be\/wp-content\/uploads\/2025\/08\/heavy-duty-resis.webp","width":800,"height":800,"caption":"Resistieve elektromagnetische niveausensor voor zwaar gebruik"},{"@type":"BreadcrumbList","@id":"https:\/\/lda.be\/fr\/produit\/capteur-de-niveau-electromagnetique-resistif-pour-usage-intensif\/#breadcrumb","itemListElement":[{"@type":"ListItem","position":1,"name":"Accueil","item":"https:\/\/lda.be\/fr\/"},{"@type":"ListItem","position":2,"name":"Produits","item":"https:\/\/lda.be\/fr\/produits\/"},{"@type":"ListItem","position":3,"name":"Capteur de niveau \u00e9lectromagn\u00e9tique r\u00e9sistif pour usage intensif"}]},{"@type":"WebSite","@id":"https:\/\/lda.be\/fr\/#website","url":"https:\/\/lda.be\/fr\/","name":"LDA Belgium","description":"Solutions For Life","publisher":{"@id":"https:\/\/lda.be\/fr\/#organization"},"potentialAction":[{"@type":"SearchAction","target":{"@type":"EntryPoint","urlTemplate":"https:\/\/lda.be\/fr\/?s={search_term_string}"},"query-input":{"@type":"PropertyValueSpecification","valueRequired":true,"valueName":"search_term_string"}}],"inLanguage":"fr-FR"},{"@type":"Organization","@id":"https:\/\/lda.be\/fr\/#organization","name":"LDA Belgium","url":"https:\/\/lda.be\/fr\/","logo":{"@type":"ImageObject","inLanguage":"fr-FR","@id":"https:\/\/lda.be\/fr\/#\/schema\/logo\/image\/","url":"https:\/\/lda.be\/wp-content\/uploads\/2022\/07\/Logo-LDA.webp","contentUrl":"https:\/\/lda.be\/wp-content\/uploads\/2022\/07\/Logo-LDA.webp","width":311,"height":101,"caption":"LDA Belgium"},"image":{"@id":"https:\/\/lda.be\/fr\/#\/schema\/logo\/image\/"},"sameAs":["https:\/\/www.linkedin.com\/company\/lda-belgium-nv"]}]}},"_links":{"self":[{"href":"https:\/\/lda.be\/fr\/wp-json\/wp\/v2\/product\/10887","targetHints":{"allow":["GET"]}}],"collection":[{"href":"https:\/\/lda.be\/fr\/wp-json\/wp\/v2\/product"}],"about":[{"href":"https:\/\/lda.be\/fr\/wp-json\/wp\/v2\/types\/product"}],"replies":[{"embeddable":true,"href":"https:\/\/lda.be\/fr\/wp-json\/wp\/v2\/comments?post=10887"}],"wp:featuredmedia":[{"embeddable":true,"href":"https:\/\/lda.be\/fr\/wp-json\/wp\/v2\/media\/10884"}],"wp:attachment":[{"href":"https:\/\/lda.be\/fr\/wp-json\/wp\/v2\/media?parent=10887"}],"wp:term":[{"taxonomy":"product_brand","embeddable":true,"href":"https:\/\/lda.be\/fr\/wp-json\/wp\/v2\/product_brand?post=10887"},{"taxonomy":"product_cat","embeddable":true,"href":"https:\/\/lda.be\/fr\/wp-json\/wp\/v2\/product_cat?post=10887"},{"taxonomy":"product_tag","embeddable":true,"href":"https:\/\/lda.be\/fr\/wp-json\/wp\/v2\/product_tag?post=10887"}],"curies":[{"name":"wp","href":"https:\/\/api.w.org\/{rel}","templated":true}]}}