{"id":10897,"date":"2025-08-18T14:56:52","date_gmt":"2025-08-18T13:56:52","guid":{"rendered":"https:\/\/lda.be\/?post_type=product&#038;p=10897"},"modified":"2025-08-18T15:03:48","modified_gmt":"2025-08-18T14:03:48","slug":"capteurs-de-niveau-analogiques","status":"publish","type":"product","link":"https:\/\/lda.be\/fr\/produit\/capteurs-de-niveau-analogiques\/","title":{"rendered":"Capteurs de niveau analogiques"},"content":{"rendered":"<p>Les capteurs de niveau analogiques des s\u00e9ries IMRE, IMRF et IMRG permettent une mesure pr\u00e9cise et continue des niveaux de liquide . Gr\u00e2ce \u00e0 leur sortie 4\u201320 mA, ces capteurs fournissent un signal fiable qui s&#8217;int\u00e8gre facilement dans les processus industriels et les syst\u00e8mes de contr\u00f4le.<\/p>\n<p>Ils conviennent \u00e0 diverses applications avec de l&#8217;eau, des huiles, du diesel ou de l&#8217;essence. Les capteurs sont fabriqu\u00e9s \u00e0 partir de mat\u00e9riaux durables tels que l&#8217;acier inoxydable ou l&#8217;aluminium anodis\u00e9 et sont \u00e9quip\u00e9s d&#8217;un flotteur en NBR qui garantit la stabilit\u00e9, m\u00eame dans des conditions de liquide variables.<\/p>\n<p>La s\u00e9rie IMRE propose des raccords standard, tandis que les s\u00e9ries IMRF et IMRG offrent des variantes suppl\u00e9mentaires en termes de fixation et de configurations \u00e9lectriques. La longueur est variable jusqu&#8217;\u00e0 2 000 mm, ce qui permet d&#8217;adapter le capteur avec pr\u00e9cision \u00e0 l&#8217;application. Cette s\u00e9rie est id\u00e9ale pour une utilisation dans les installations hydrauliques, les syst\u00e8mes de r\u00e9servoirs et les machines industrielles o\u00f9 un enregistrement analogique fiable du niveau est n\u00e9cessaire.<\/p>\n","protected":false},"excerpt":{"rendered":"<p>Les capteurs de niveau analogiques des s\u00e9ries IMRE, IMRF et IMRG permettent une mesure pr\u00e9cise et continue des niveaux de liquide . Gr\u00e2ce \u00e0 leur sortie 4\u201320 mA, ces capteurs fournissent un signal fiable qui s&#8217;int\u00e8gre facilement dans les processus industriels et les syst\u00e8mes de contr\u00f4le. Ils conviennent \u00e0 diverses applications avec de l&#8217;eau, des [&hellip;]<\/p>\n","protected":false},"featured_media":10890,"comment_status":"closed","ping_status":"closed","template":"","meta":[],"product_brand":[1735,1742],"product_cat":[932,1741],"product_tag":[],"class_list":{"0":"post-10897","1":"product","2":"type-product","3":"status-publish","4":"has-post-thumbnail","6":"product_brand-euroswitch","7":"product_brand-level-sensor","8":"product_cat-instrumentation-composants-atex","9":"product_cat-composant-standards-detecteur-de-niveau-a-flotteur","11":"first","12":"instock","13":"shipping-taxable","14":"product-type-simple"},"yoast_head":"<!-- This site is optimized with the Yoast SEO plugin v27.3 - https:\/\/yoast.com\/product\/yoast-seo-wordpress\/ -->\n<title>Capteurs de niveau analogiques - LDA Belgique<\/title>\n<meta name=\"description\" content=\"D\u00e9couvrez les capteurs de niveau analogiques IMRE, IMRF et IMRG d&#039;Euroswitch. Signaux 4\u201320 mA fiables pour l&#039;eau, l&#039;huile, l&#039;essence et le diesel. Longueurs jusqu&#039;\u00e0 2 000 mm.\" \/>\n<meta name=\"robots\" content=\"index, follow, max-snippet:-1, max-image-preview:large, max-video-preview:-1\" \/>\n<link rel=\"canonical\" href=\"https:\/\/lda.be\/fr\/produit\/capteurs-de-niveau-analogiques\/\" \/>\n<meta property=\"og:locale\" content=\"fr_FR\" \/>\n<meta property=\"og:type\" content=\"article\" \/>\n<meta property=\"og:title\" content=\"Capteurs de niveau analogiques - LDA Belgique\" \/>\n<meta property=\"og:description\" content=\"D\u00e9couvrez les capteurs de niveau analogiques IMRE, IMRF et IMRG d&#039;Euroswitch. Signaux 4\u201320 mA fiables pour l&#039;eau, l&#039;huile, l&#039;essence et le diesel. Longueurs jusqu&#039;\u00e0 2 000 mm.\" \/>\n<meta property=\"og:url\" content=\"https:\/\/lda.be\/fr\/produit\/capteurs-de-niveau-analogiques\/\" \/>\n<meta property=\"og:site_name\" content=\"LDA Belgique\" \/>\n<meta property=\"article:modified_time\" content=\"2025-08-18T14:03:48+00:00\" \/>\n<meta property=\"og:image\" content=\"https:\/\/lda.be\/wp-content\/uploads\/2025\/08\/analoge-level-sensor.webp\" \/>\n\t<meta property=\"og:image:width\" content=\"800\" \/>\n\t<meta property=\"og:image:height\" content=\"800\" \/>\n\t<meta property=\"og:image:type\" content=\"image\/webp\" \/>\n<meta name=\"twitter:card\" content=\"summary_large_image\" \/>\n<meta name=\"twitter:label1\" content=\"Dur\u00e9e de lecture estim\u00e9e\" \/>\n\t<meta name=\"twitter:data1\" content=\"1 minute\" \/>\n<script type=\"application\/ld+json\" class=\"yoast-schema-graph\">{\"@context\":\"https:\\\/\\\/schema.org\",\"@graph\":[{\"@type\":\"WebPage\",\"@id\":\"https:\\\/\\\/lda.be\\\/fr\\\/produit\\\/capteurs-de-niveau-analogiques\\\/\",\"url\":\"https:\\\/\\\/lda.be\\\/fr\\\/produit\\\/capteurs-de-niveau-analogiques\\\/\",\"name\":\"Capteurs de niveau analogiques - LDA Belgique\",\"isPartOf\":{\"@id\":\"https:\\\/\\\/lda.be\\\/fr\\\/#website\"},\"primaryImageOfPage\":{\"@id\":\"https:\\\/\\\/lda.be\\\/fr\\\/produit\\\/capteurs-de-niveau-analogiques\\\/#primaryimage\"},\"image\":{\"@id\":\"https:\\\/\\\/lda.be\\\/fr\\\/produit\\\/capteurs-de-niveau-analogiques\\\/#primaryimage\"},\"thumbnailUrl\":\"https:\\\/\\\/lda.be\\\/wp-content\\\/uploads\\\/2025\\\/08\\\/analoge-level-sensor.webp\",\"datePublished\":\"2025-08-18T13:56:52+00:00\",\"dateModified\":\"2025-08-18T14:03:48+00:00\",\"description\":\"D\u00e9couvrez les capteurs de niveau analogiques IMRE, IMRF et IMRG d'Euroswitch. Signaux 4\u201320 mA fiables pour l'eau, l'huile, l'essence et le diesel. Longueurs jusqu'\u00e0 2 000 mm.\",\"breadcrumb\":{\"@id\":\"https:\\\/\\\/lda.be\\\/fr\\\/produit\\\/capteurs-de-niveau-analogiques\\\/#breadcrumb\"},\"inLanguage\":\"fr-FR\",\"potentialAction\":[{\"@type\":\"ReadAction\",\"target\":[\"https:\\\/\\\/lda.be\\\/fr\\\/produit\\\/capteurs-de-niveau-analogiques\\\/\"]}]},{\"@type\":\"ImageObject\",\"inLanguage\":\"fr-FR\",\"@id\":\"https:\\\/\\\/lda.be\\\/fr\\\/produit\\\/capteurs-de-niveau-analogiques\\\/#primaryimage\",\"url\":\"https:\\\/\\\/lda.be\\\/wp-content\\\/uploads\\\/2025\\\/08\\\/analoge-level-sensor.webp\",\"contentUrl\":\"https:\\\/\\\/lda.be\\\/wp-content\\\/uploads\\\/2025\\\/08\\\/analoge-level-sensor.webp\",\"width\":800,\"height\":800,\"caption\":\"analoge level sensor\"},{\"@type\":\"BreadcrumbList\",\"@id\":\"https:\\\/\\\/lda.be\\\/fr\\\/produit\\\/capteurs-de-niveau-analogiques\\\/#breadcrumb\",\"itemListElement\":[{\"@type\":\"ListItem\",\"position\":1,\"name\":\"Accueil\",\"item\":\"https:\\\/\\\/lda.be\\\/fr\\\/\"},{\"@type\":\"ListItem\",\"position\":2,\"name\":\"Produits\",\"item\":\"https:\\\/\\\/lda.be\\\/fr\\\/produits\\\/\"},{\"@type\":\"ListItem\",\"position\":3,\"name\":\"Capteurs de niveau analogiques\"}]},{\"@type\":\"WebSite\",\"@id\":\"https:\\\/\\\/lda.be\\\/fr\\\/#website\",\"url\":\"https:\\\/\\\/lda.be\\\/fr\\\/\",\"name\":\"LDA Belgium\",\"description\":\"Solutions For Life\",\"publisher\":{\"@id\":\"https:\\\/\\\/lda.be\\\/fr\\\/#organization\"},\"potentialAction\":[{\"@type\":\"SearchAction\",\"target\":{\"@type\":\"EntryPoint\",\"urlTemplate\":\"https:\\\/\\\/lda.be\\\/fr\\\/?s={search_term_string}\"},\"query-input\":{\"@type\":\"PropertyValueSpecification\",\"valueRequired\":true,\"valueName\":\"search_term_string\"}}],\"inLanguage\":\"fr-FR\"},{\"@type\":\"Organization\",\"@id\":\"https:\\\/\\\/lda.be\\\/fr\\\/#organization\",\"name\":\"LDA Belgium\",\"url\":\"https:\\\/\\\/lda.be\\\/fr\\\/\",\"logo\":{\"@type\":\"ImageObject\",\"inLanguage\":\"fr-FR\",\"@id\":\"https:\\\/\\\/lda.be\\\/fr\\\/#\\\/schema\\\/logo\\\/image\\\/\",\"url\":\"https:\\\/\\\/lda.be\\\/wp-content\\\/uploads\\\/2022\\\/07\\\/Logo-LDA.webp\",\"contentUrl\":\"https:\\\/\\\/lda.be\\\/wp-content\\\/uploads\\\/2022\\\/07\\\/Logo-LDA.webp\",\"width\":311,\"height\":101,\"caption\":\"LDA Belgium\"},\"image\":{\"@id\":\"https:\\\/\\\/lda.be\\\/fr\\\/#\\\/schema\\\/logo\\\/image\\\/\"},\"sameAs\":[\"https:\\\/\\\/www.linkedin.com\\\/company\\\/lda-belgium-nv\"]}]}<\/script>\n<!-- \/ Yoast SEO plugin. -->","yoast_head_json":{"title":"Capteurs de niveau analogiques - LDA Belgique","description":"D\u00e9couvrez les capteurs de niveau analogiques IMRE, IMRF et IMRG d'Euroswitch. Signaux 4\u201320 mA fiables pour l'eau, l'huile, l'essence et le diesel. Longueurs jusqu'\u00e0 2 000 mm.","robots":{"index":"index","follow":"follow","max-snippet":"max-snippet:-1","max-image-preview":"max-image-preview:large","max-video-preview":"max-video-preview:-1"},"canonical":"https:\/\/lda.be\/fr\/produit\/capteurs-de-niveau-analogiques\/","og_locale":"fr_FR","og_type":"article","og_title":"Capteurs de niveau analogiques - LDA Belgique","og_description":"D\u00e9couvrez les capteurs de niveau analogiques IMRE, IMRF et IMRG d'Euroswitch. Signaux 4\u201320 mA fiables pour l'eau, l'huile, l'essence et le diesel. Longueurs jusqu'\u00e0 2 000 mm.","og_url":"https:\/\/lda.be\/fr\/produit\/capteurs-de-niveau-analogiques\/","og_site_name":"LDA Belgique","article_modified_time":"2025-08-18T14:03:48+00:00","og_image":[{"width":800,"height":800,"url":"https:\/\/lda.be\/wp-content\/uploads\/2025\/08\/analoge-level-sensor.webp","type":"image\/webp"}],"twitter_card":"summary_large_image","twitter_misc":{"Dur\u00e9e de lecture estim\u00e9e":"1 minute"},"schema":{"@context":"https:\/\/schema.org","@graph":[{"@type":"WebPage","@id":"https:\/\/lda.be\/fr\/produit\/capteurs-de-niveau-analogiques\/","url":"https:\/\/lda.be\/fr\/produit\/capteurs-de-niveau-analogiques\/","name":"Capteurs de niveau analogiques - LDA Belgique","isPartOf":{"@id":"https:\/\/lda.be\/fr\/#website"},"primaryImageOfPage":{"@id":"https:\/\/lda.be\/fr\/produit\/capteurs-de-niveau-analogiques\/#primaryimage"},"image":{"@id":"https:\/\/lda.be\/fr\/produit\/capteurs-de-niveau-analogiques\/#primaryimage"},"thumbnailUrl":"https:\/\/lda.be\/wp-content\/uploads\/2025\/08\/analoge-level-sensor.webp","datePublished":"2025-08-18T13:56:52+00:00","dateModified":"2025-08-18T14:03:48+00:00","description":"D\u00e9couvrez les capteurs de niveau analogiques IMRE, IMRF et IMRG d'Euroswitch. Signaux 4\u201320 mA fiables pour l'eau, l'huile, l'essence et le diesel. Longueurs jusqu'\u00e0 2 000 mm.","breadcrumb":{"@id":"https:\/\/lda.be\/fr\/produit\/capteurs-de-niveau-analogiques\/#breadcrumb"},"inLanguage":"fr-FR","potentialAction":[{"@type":"ReadAction","target":["https:\/\/lda.be\/fr\/produit\/capteurs-de-niveau-analogiques\/"]}]},{"@type":"ImageObject","inLanguage":"fr-FR","@id":"https:\/\/lda.be\/fr\/produit\/capteurs-de-niveau-analogiques\/#primaryimage","url":"https:\/\/lda.be\/wp-content\/uploads\/2025\/08\/analoge-level-sensor.webp","contentUrl":"https:\/\/lda.be\/wp-content\/uploads\/2025\/08\/analoge-level-sensor.webp","width":800,"height":800,"caption":"analoge level sensor"},{"@type":"BreadcrumbList","@id":"https:\/\/lda.be\/fr\/produit\/capteurs-de-niveau-analogiques\/#breadcrumb","itemListElement":[{"@type":"ListItem","position":1,"name":"Accueil","item":"https:\/\/lda.be\/fr\/"},{"@type":"ListItem","position":2,"name":"Produits","item":"https:\/\/lda.be\/fr\/produits\/"},{"@type":"ListItem","position":3,"name":"Capteurs de niveau analogiques"}]},{"@type":"WebSite","@id":"https:\/\/lda.be\/fr\/#website","url":"https:\/\/lda.be\/fr\/","name":"LDA Belgium","description":"Solutions For Life","publisher":{"@id":"https:\/\/lda.be\/fr\/#organization"},"potentialAction":[{"@type":"SearchAction","target":{"@type":"EntryPoint","urlTemplate":"https:\/\/lda.be\/fr\/?s={search_term_string}"},"query-input":{"@type":"PropertyValueSpecification","valueRequired":true,"valueName":"search_term_string"}}],"inLanguage":"fr-FR"},{"@type":"Organization","@id":"https:\/\/lda.be\/fr\/#organization","name":"LDA Belgium","url":"https:\/\/lda.be\/fr\/","logo":{"@type":"ImageObject","inLanguage":"fr-FR","@id":"https:\/\/lda.be\/fr\/#\/schema\/logo\/image\/","url":"https:\/\/lda.be\/wp-content\/uploads\/2022\/07\/Logo-LDA.webp","contentUrl":"https:\/\/lda.be\/wp-content\/uploads\/2022\/07\/Logo-LDA.webp","width":311,"height":101,"caption":"LDA Belgium"},"image":{"@id":"https:\/\/lda.be\/fr\/#\/schema\/logo\/image\/"},"sameAs":["https:\/\/www.linkedin.com\/company\/lda-belgium-nv"]}]}},"_links":{"self":[{"href":"https:\/\/lda.be\/fr\/wp-json\/wp\/v2\/product\/10897","targetHints":{"allow":["GET"]}}],"collection":[{"href":"https:\/\/lda.be\/fr\/wp-json\/wp\/v2\/product"}],"about":[{"href":"https:\/\/lda.be\/fr\/wp-json\/wp\/v2\/types\/product"}],"replies":[{"embeddable":true,"href":"https:\/\/lda.be\/fr\/wp-json\/wp\/v2\/comments?post=10897"}],"wp:featuredmedia":[{"embeddable":true,"href":"https:\/\/lda.be\/fr\/wp-json\/wp\/v2\/media\/10890"}],"wp:attachment":[{"href":"https:\/\/lda.be\/fr\/wp-json\/wp\/v2\/media?parent=10897"}],"wp:term":[{"taxonomy":"product_brand","embeddable":true,"href":"https:\/\/lda.be\/fr\/wp-json\/wp\/v2\/product_brand?post=10897"},{"taxonomy":"product_cat","embeddable":true,"href":"https:\/\/lda.be\/fr\/wp-json\/wp\/v2\/product_cat?post=10897"},{"taxonomy":"product_tag","embeddable":true,"href":"https:\/\/lda.be\/fr\/wp-json\/wp\/v2\/product_tag?post=10897"}],"curies":[{"name":"wp","href":"https:\/\/api.w.org\/{rel}","templated":true}]}}