{"id":10909,"date":"2025-08-18T15:27:05","date_gmt":"2025-08-18T14:27:05","guid":{"rendered":"https:\/\/lda.be\/?post_type=product&#038;p=10909"},"modified":"2025-08-18T15:41:10","modified_gmt":"2025-08-18T14:41:10","slug":"serie-imret-de-detecteurs-de-temperature-analogiques","status":"publish","type":"product","link":"https:\/\/lda.be\/fr\/produit\/serie-imret-de-detecteurs-de-temperature-analogiques\/","title":{"rendered":"S\u00e9rie IMRET de d\u00e9tecteurs de temp\u00e9rature analogiques"},"content":{"rendered":"<p>La s\u00e9rie IMRET est une gamme de d\u00e9tecteurs de niveau de liquide qui surveillent \u00e9galement la temp\u00e9rature en continu. Ces d\u00e9tecteurs fournissent deux signaux analogiques distincts (4-20 mA) : un pour le niveau de liquide et un pour la temp\u00e9rature. Cela les rend id\u00e9aux pour les installations n\u00e9cessitant un double contr\u00f4le, telles que les r\u00e9servoirs de carburant, les g\u00e9n\u00e9rateurs, les r\u00e9servoirs hydrauliques et les r\u00e9servoirs de stockage industriels.<\/p>\n<p>Le bo\u00eetier est en aluminium anodis\u00e9, avec une variante en acier inoxydable AISI 304 disponible sur demande. La tige interne est en acier et le flotteur en NBR, ce qui rend le d\u00e9tecteurs adapt\u00e9 \u00e0 une utilisation dans l&#8217;eau, les huiles min\u00e9rales, le diesel et l&#8217;essence. Gr\u00e2ce \u00e0 son indice de protection \u00e9lev\u00e9 (IP65) et \u00e0 sa plage de temp\u00e9rature de fonctionnement de -20 \u00b0C \u00e0 +80 \u00b0C, l&#8217;IMRET peut fonctionner de mani\u00e8re fiable dans des conditions difficiles.<\/p>\n<p>De plus, diff\u00e9rents raccordements \u00e9lectriques sont disponibles, notamment des bo\u00eetes de jonction en aluminium et, en option, un connecteur M12.<\/p>\n","protected":false},"excerpt":{"rendered":"<p>La s\u00e9rie IMRET est une gamme de d\u00e9tecteurs de niveau de liquide qui surveillent \u00e9galement la temp\u00e9rature en continu. Ces d\u00e9tecteurs fournissent deux signaux analogiques distincts (4-20 mA) : un pour le niveau de liquide et un pour la temp\u00e9rature. Cela les rend id\u00e9aux pour les installations n\u00e9cessitant un double contr\u00f4le, telles que les r\u00e9servoirs [&hellip;]<\/p>\n","protected":false},"featured_media":10904,"comment_status":"closed","ping_status":"closed","template":"","meta":[],"product_brand":[1735,1749],"product_cat":[932,942,1751],"product_tag":[],"class_list":{"0":"post-10909","1":"product","2":"type-product","3":"status-publish","4":"has-post-thumbnail","6":"product_brand-euroswitch","7":"product_brand-temperature-sensor","8":"product_cat-instrumentation-composants-atex","9":"product_cat-composants-standards","10":"product_cat-detecteur-de-temperature","12":"first","13":"instock","14":"shipping-taxable","15":"product-type-simple"},"yoast_head":"<!-- This site is optimized with the Yoast SEO plugin v27.3 - https:\/\/yoast.com\/product\/yoast-seo-wordpress\/ -->\n<title>S\u00e9rie IMRET de d\u00e9tecteurs de temp\u00e9rature analogiques - LDA Belgique<\/title>\n<meta name=\"description\" content=\"La s\u00e9rie IMRET combine une mesure de niveau analogique et un d\u00e9tecteur de temp\u00e9rature en une seule solution. Sorties 4\u201320 mA, protection IP65 et compatible avec l&#039;eau, l&#039;huile, le diesel et l&#039;essence.\" \/>\n<meta name=\"robots\" content=\"index, follow, max-snippet:-1, max-image-preview:large, max-video-preview:-1\" \/>\n<link rel=\"canonical\" href=\"https:\/\/lda.be\/fr\/produit\/serie-imret-de-detecteurs-de-temperature-analogiques\/\" \/>\n<meta property=\"og:locale\" content=\"fr_FR\" \/>\n<meta property=\"og:type\" content=\"article\" \/>\n<meta property=\"og:title\" content=\"S\u00e9rie IMRET de d\u00e9tecteurs de temp\u00e9rature analogiques - LDA Belgique\" \/>\n<meta property=\"og:description\" content=\"La s\u00e9rie IMRET combine une mesure de niveau analogique et un d\u00e9tecteur de temp\u00e9rature en une seule solution. Sorties 4\u201320 mA, protection IP65 et compatible avec l&#039;eau, l&#039;huile, le diesel et l&#039;essence.\" \/>\n<meta property=\"og:url\" content=\"https:\/\/lda.be\/fr\/produit\/serie-imret-de-detecteurs-de-temperature-analogiques\/\" \/>\n<meta property=\"og:site_name\" content=\"LDA Belgique\" \/>\n<meta property=\"article:modified_time\" content=\"2025-08-18T14:41:10+00:00\" \/>\n<meta property=\"og:image\" content=\"https:\/\/lda.be\/wp-content\/uploads\/2025\/08\/IMRET-temperature-sensor.webp\" \/>\n\t<meta property=\"og:image:width\" content=\"800\" \/>\n\t<meta property=\"og:image:height\" content=\"800\" \/>\n\t<meta property=\"og:image:type\" content=\"image\/webp\" \/>\n<meta name=\"twitter:card\" content=\"summary_large_image\" \/>\n<meta name=\"twitter:label1\" content=\"Dur\u00e9e de lecture estim\u00e9e\" \/>\n\t<meta name=\"twitter:data1\" content=\"1 minute\" \/>\n<script type=\"application\/ld+json\" class=\"yoast-schema-graph\">{\"@context\":\"https:\\\/\\\/schema.org\",\"@graph\":[{\"@type\":\"WebPage\",\"@id\":\"https:\\\/\\\/lda.be\\\/fr\\\/produit\\\/serie-imret-de-detecteurs-de-temperature-analogiques\\\/\",\"url\":\"https:\\\/\\\/lda.be\\\/fr\\\/produit\\\/serie-imret-de-detecteurs-de-temperature-analogiques\\\/\",\"name\":\"S\u00e9rie IMRET de d\u00e9tecteurs de temp\u00e9rature analogiques - LDA Belgique\",\"isPartOf\":{\"@id\":\"https:\\\/\\\/lda.be\\\/fr\\\/#website\"},\"primaryImageOfPage\":{\"@id\":\"https:\\\/\\\/lda.be\\\/fr\\\/produit\\\/serie-imret-de-detecteurs-de-temperature-analogiques\\\/#primaryimage\"},\"image\":{\"@id\":\"https:\\\/\\\/lda.be\\\/fr\\\/produit\\\/serie-imret-de-detecteurs-de-temperature-analogiques\\\/#primaryimage\"},\"thumbnailUrl\":\"https:\\\/\\\/lda.be\\\/wp-content\\\/uploads\\\/2025\\\/08\\\/IMRET-temperature-sensor.webp\",\"datePublished\":\"2025-08-18T14:27:05+00:00\",\"dateModified\":\"2025-08-18T14:41:10+00:00\",\"description\":\"La s\u00e9rie IMRET combine une mesure de niveau analogique et un d\u00e9tecteur de temp\u00e9rature en une seule solution. Sorties 4\u201320 mA, protection IP65 et compatible avec l'eau, l'huile, le diesel et l'essence.\",\"breadcrumb\":{\"@id\":\"https:\\\/\\\/lda.be\\\/fr\\\/produit\\\/serie-imret-de-detecteurs-de-temperature-analogiques\\\/#breadcrumb\"},\"inLanguage\":\"fr-FR\",\"potentialAction\":[{\"@type\":\"ReadAction\",\"target\":[\"https:\\\/\\\/lda.be\\\/fr\\\/produit\\\/serie-imret-de-detecteurs-de-temperature-analogiques\\\/\"]}]},{\"@type\":\"ImageObject\",\"inLanguage\":\"fr-FR\",\"@id\":\"https:\\\/\\\/lda.be\\\/fr\\\/produit\\\/serie-imret-de-detecteurs-de-temperature-analogiques\\\/#primaryimage\",\"url\":\"https:\\\/\\\/lda.be\\\/wp-content\\\/uploads\\\/2025\\\/08\\\/IMRET-temperature-sensor.webp\",\"contentUrl\":\"https:\\\/\\\/lda.be\\\/wp-content\\\/uploads\\\/2025\\\/08\\\/IMRET-temperature-sensor.webp\",\"width\":800,\"height\":800,\"caption\":\"IMRET temperature sensor\"},{\"@type\":\"BreadcrumbList\",\"@id\":\"https:\\\/\\\/lda.be\\\/fr\\\/produit\\\/serie-imret-de-detecteurs-de-temperature-analogiques\\\/#breadcrumb\",\"itemListElement\":[{\"@type\":\"ListItem\",\"position\":1,\"name\":\"Accueil\",\"item\":\"https:\\\/\\\/lda.be\\\/fr\\\/\"},{\"@type\":\"ListItem\",\"position\":2,\"name\":\"Produits\",\"item\":\"https:\\\/\\\/lda.be\\\/fr\\\/produits\\\/\"},{\"@type\":\"ListItem\",\"position\":3,\"name\":\"S\u00e9rie IMRET de d\u00e9tecteurs de temp\u00e9rature analogiques\"}]},{\"@type\":\"WebSite\",\"@id\":\"https:\\\/\\\/lda.be\\\/fr\\\/#website\",\"url\":\"https:\\\/\\\/lda.be\\\/fr\\\/\",\"name\":\"LDA Belgium\",\"description\":\"Solutions For Life\",\"publisher\":{\"@id\":\"https:\\\/\\\/lda.be\\\/fr\\\/#organization\"},\"potentialAction\":[{\"@type\":\"SearchAction\",\"target\":{\"@type\":\"EntryPoint\",\"urlTemplate\":\"https:\\\/\\\/lda.be\\\/fr\\\/?s={search_term_string}\"},\"query-input\":{\"@type\":\"PropertyValueSpecification\",\"valueRequired\":true,\"valueName\":\"search_term_string\"}}],\"inLanguage\":\"fr-FR\"},{\"@type\":\"Organization\",\"@id\":\"https:\\\/\\\/lda.be\\\/fr\\\/#organization\",\"name\":\"LDA Belgium\",\"url\":\"https:\\\/\\\/lda.be\\\/fr\\\/\",\"logo\":{\"@type\":\"ImageObject\",\"inLanguage\":\"fr-FR\",\"@id\":\"https:\\\/\\\/lda.be\\\/fr\\\/#\\\/schema\\\/logo\\\/image\\\/\",\"url\":\"https:\\\/\\\/lda.be\\\/wp-content\\\/uploads\\\/2022\\\/07\\\/Logo-LDA.webp\",\"contentUrl\":\"https:\\\/\\\/lda.be\\\/wp-content\\\/uploads\\\/2022\\\/07\\\/Logo-LDA.webp\",\"width\":311,\"height\":101,\"caption\":\"LDA Belgium\"},\"image\":{\"@id\":\"https:\\\/\\\/lda.be\\\/fr\\\/#\\\/schema\\\/logo\\\/image\\\/\"},\"sameAs\":[\"https:\\\/\\\/www.linkedin.com\\\/company\\\/lda-belgium-nv\"]}]}<\/script>\n<!-- \/ Yoast SEO plugin. -->","yoast_head_json":{"title":"S\u00e9rie IMRET de d\u00e9tecteurs de temp\u00e9rature analogiques - LDA Belgique","description":"La s\u00e9rie IMRET combine une mesure de niveau analogique et un d\u00e9tecteur de temp\u00e9rature en une seule solution. Sorties 4\u201320 mA, protection IP65 et compatible avec l'eau, l'huile, le diesel et l'essence.","robots":{"index":"index","follow":"follow","max-snippet":"max-snippet:-1","max-image-preview":"max-image-preview:large","max-video-preview":"max-video-preview:-1"},"canonical":"https:\/\/lda.be\/fr\/produit\/serie-imret-de-detecteurs-de-temperature-analogiques\/","og_locale":"fr_FR","og_type":"article","og_title":"S\u00e9rie IMRET de d\u00e9tecteurs de temp\u00e9rature analogiques - LDA Belgique","og_description":"La s\u00e9rie IMRET combine une mesure de niveau analogique et un d\u00e9tecteur de temp\u00e9rature en une seule solution. Sorties 4\u201320 mA, protection IP65 et compatible avec l'eau, l'huile, le diesel et l'essence.","og_url":"https:\/\/lda.be\/fr\/produit\/serie-imret-de-detecteurs-de-temperature-analogiques\/","og_site_name":"LDA Belgique","article_modified_time":"2025-08-18T14:41:10+00:00","og_image":[{"width":800,"height":800,"url":"https:\/\/lda.be\/wp-content\/uploads\/2025\/08\/IMRET-temperature-sensor.webp","type":"image\/webp"}],"twitter_card":"summary_large_image","twitter_misc":{"Dur\u00e9e de lecture estim\u00e9e":"1 minute"},"schema":{"@context":"https:\/\/schema.org","@graph":[{"@type":"WebPage","@id":"https:\/\/lda.be\/fr\/produit\/serie-imret-de-detecteurs-de-temperature-analogiques\/","url":"https:\/\/lda.be\/fr\/produit\/serie-imret-de-detecteurs-de-temperature-analogiques\/","name":"S\u00e9rie IMRET de d\u00e9tecteurs de temp\u00e9rature analogiques - LDA Belgique","isPartOf":{"@id":"https:\/\/lda.be\/fr\/#website"},"primaryImageOfPage":{"@id":"https:\/\/lda.be\/fr\/produit\/serie-imret-de-detecteurs-de-temperature-analogiques\/#primaryimage"},"image":{"@id":"https:\/\/lda.be\/fr\/produit\/serie-imret-de-detecteurs-de-temperature-analogiques\/#primaryimage"},"thumbnailUrl":"https:\/\/lda.be\/wp-content\/uploads\/2025\/08\/IMRET-temperature-sensor.webp","datePublished":"2025-08-18T14:27:05+00:00","dateModified":"2025-08-18T14:41:10+00:00","description":"La s\u00e9rie IMRET combine une mesure de niveau analogique et un d\u00e9tecteur de temp\u00e9rature en une seule solution. Sorties 4\u201320 mA, protection IP65 et compatible avec l'eau, l'huile, le diesel et l'essence.","breadcrumb":{"@id":"https:\/\/lda.be\/fr\/produit\/serie-imret-de-detecteurs-de-temperature-analogiques\/#breadcrumb"},"inLanguage":"fr-FR","potentialAction":[{"@type":"ReadAction","target":["https:\/\/lda.be\/fr\/produit\/serie-imret-de-detecteurs-de-temperature-analogiques\/"]}]},{"@type":"ImageObject","inLanguage":"fr-FR","@id":"https:\/\/lda.be\/fr\/produit\/serie-imret-de-detecteurs-de-temperature-analogiques\/#primaryimage","url":"https:\/\/lda.be\/wp-content\/uploads\/2025\/08\/IMRET-temperature-sensor.webp","contentUrl":"https:\/\/lda.be\/wp-content\/uploads\/2025\/08\/IMRET-temperature-sensor.webp","width":800,"height":800,"caption":"IMRET temperature sensor"},{"@type":"BreadcrumbList","@id":"https:\/\/lda.be\/fr\/produit\/serie-imret-de-detecteurs-de-temperature-analogiques\/#breadcrumb","itemListElement":[{"@type":"ListItem","position":1,"name":"Accueil","item":"https:\/\/lda.be\/fr\/"},{"@type":"ListItem","position":2,"name":"Produits","item":"https:\/\/lda.be\/fr\/produits\/"},{"@type":"ListItem","position":3,"name":"S\u00e9rie IMRET de d\u00e9tecteurs de temp\u00e9rature analogiques"}]},{"@type":"WebSite","@id":"https:\/\/lda.be\/fr\/#website","url":"https:\/\/lda.be\/fr\/","name":"LDA Belgium","description":"Solutions For Life","publisher":{"@id":"https:\/\/lda.be\/fr\/#organization"},"potentialAction":[{"@type":"SearchAction","target":{"@type":"EntryPoint","urlTemplate":"https:\/\/lda.be\/fr\/?s={search_term_string}"},"query-input":{"@type":"PropertyValueSpecification","valueRequired":true,"valueName":"search_term_string"}}],"inLanguage":"fr-FR"},{"@type":"Organization","@id":"https:\/\/lda.be\/fr\/#organization","name":"LDA Belgium","url":"https:\/\/lda.be\/fr\/","logo":{"@type":"ImageObject","inLanguage":"fr-FR","@id":"https:\/\/lda.be\/fr\/#\/schema\/logo\/image\/","url":"https:\/\/lda.be\/wp-content\/uploads\/2022\/07\/Logo-LDA.webp","contentUrl":"https:\/\/lda.be\/wp-content\/uploads\/2022\/07\/Logo-LDA.webp","width":311,"height":101,"caption":"LDA Belgium"},"image":{"@id":"https:\/\/lda.be\/fr\/#\/schema\/logo\/image\/"},"sameAs":["https:\/\/www.linkedin.com\/company\/lda-belgium-nv"]}]}},"_links":{"self":[{"href":"https:\/\/lda.be\/fr\/wp-json\/wp\/v2\/product\/10909","targetHints":{"allow":["GET"]}}],"collection":[{"href":"https:\/\/lda.be\/fr\/wp-json\/wp\/v2\/product"}],"about":[{"href":"https:\/\/lda.be\/fr\/wp-json\/wp\/v2\/types\/product"}],"replies":[{"embeddable":true,"href":"https:\/\/lda.be\/fr\/wp-json\/wp\/v2\/comments?post=10909"}],"wp:featuredmedia":[{"embeddable":true,"href":"https:\/\/lda.be\/fr\/wp-json\/wp\/v2\/media\/10904"}],"wp:attachment":[{"href":"https:\/\/lda.be\/fr\/wp-json\/wp\/v2\/media?parent=10909"}],"wp:term":[{"taxonomy":"product_brand","embeddable":true,"href":"https:\/\/lda.be\/fr\/wp-json\/wp\/v2\/product_brand?post=10909"},{"taxonomy":"product_cat","embeddable":true,"href":"https:\/\/lda.be\/fr\/wp-json\/wp\/v2\/product_cat?post=10909"},{"taxonomy":"product_tag","embeddable":true,"href":"https:\/\/lda.be\/fr\/wp-json\/wp\/v2\/product_tag?post=10909"}],"curies":[{"name":"wp","href":"https:\/\/api.w.org\/{rel}","templated":true}]}}