{"id":10921,"date":"2025-08-19T12:46:29","date_gmt":"2025-08-19T11:46:29","guid":{"rendered":"https:\/\/lda.be\/?post_type=product&#038;p=10921"},"modified":"2025-08-19T13:02:31","modified_gmt":"2025-08-19T12:02:31","slug":"500-serie-thermostat-bimetallique","status":"publish","type":"product","link":"https:\/\/lda.be\/fr\/produit\/500-serie-thermostat-bimetallique\/","title":{"rendered":"500 S\u00e9rie thermostat bim\u00e9tallique"},"content":{"rendered":"<p>Les thermostats Euroswitch 506\u2013508 et 525 utilisent un contact \u00e0 action instantan\u00e9e. Cela garantit une commutation rapide et fiable. Les deux s\u00e9ries sont disponibles en versions avec contact N.O. (normalement ouvert) ou N.C. (normalement ferm\u00e9).<\/p>\n<p>La plage de temp\u00e9rature s&#8217;\u00e9tend de 25 \u00b0C \u00e0 120 \u00b0C, r\u00e9glable par paliers de 5 \u00b0C. Gr\u00e2ce \u00e0 leur bo\u00eetier en laiton, disponible en option en acier inoxydable AISI, ces thermostats r\u00e9sistent \u00e0 des conditions de fonctionnement difficiles jusqu&#8217;\u00e0 une pression de 80 bars.<\/p>\n<p>La s\u00e9rie 506-508 est adapt\u00e9e aux charges plus lourdes et dispose de diff\u00e9rentes classes de protection jusqu&#8217;\u00e0 IP67, en fonction du capot ou du connecteur choisi. La s\u00e9rie 525 est plus compacte, plus l\u00e9g\u00e8re et id\u00e9ale pour les applications o\u00f9 l&#8217;espace d&#8217;installation est limit\u00e9.<\/p>\n<p>Gr\u00e2ce \u00e0 des options suppl\u00e9mentaires telles que des connecteurs int\u00e9gr\u00e9s (M12, AMP Superseal, Deutsch DT) et des capots de protection, ces thermostats peuvent \u00eatre facilement adapt\u00e9s \u00e0 des applications sp\u00e9cifiques dans les v\u00e9hicules, les syst\u00e8mes hydrauliques, les installations de chauffage et les machines industrielles.<\/p>\n","protected":false},"excerpt":{"rendered":"<p>Les thermostats Euroswitch 506\u2013508 et 525 utilisent un contact \u00e0 action instantan\u00e9e. Cela garantit une commutation rapide et fiable. Les deux s\u00e9ries sont disponibles en versions avec contact N.O. (normalement ouvert) ou N.C. (normalement ferm\u00e9). La plage de temp\u00e9rature s&#8217;\u00e9tend de 25 \u00b0C \u00e0 120 \u00b0C, r\u00e9glable par paliers de 5 \u00b0C. Gr\u00e2ce \u00e0 leur [&hellip;]<\/p>\n","protected":false},"featured_media":10918,"comment_status":"closed","ping_status":"closed","template":"","meta":[],"product_brand":[1735,1749],"product_cat":[932,1751],"product_tag":[],"class_list":{"0":"post-10921","1":"product","2":"type-product","3":"status-publish","4":"has-post-thumbnail","6":"product_brand-euroswitch","7":"product_brand-temperature-sensor","8":"product_cat-instrumentation-composants-atex","9":"product_cat-detecteur-de-temperature","11":"first","12":"instock","13":"shipping-taxable","14":"product-type-simple"},"yoast_head":"<!-- This site is optimized with the Yoast SEO plugin v27.3 - https:\/\/yoast.com\/product\/yoast-seo-wordpress\/ -->\n<title>500 S\u00e9rie thermostat bim\u00e9tallique - LDA Belgique<\/title>\n<meta name=\"description\" content=\"Les thermostats Euroswitch 506\u2013508 et 525 offrent une r\u00e9gulation fiable de la temp\u00e9rature gr\u00e2ce \u00e0 un contact \u00e0 action instantan\u00e9e. R\u00e9glable de 25 \u00e0 120 \u00b0C, pression maximale de 80 bars et protection IP67.\" \/>\n<meta name=\"robots\" content=\"index, follow, max-snippet:-1, max-image-preview:large, max-video-preview:-1\" \/>\n<link rel=\"canonical\" href=\"https:\/\/lda.be\/fr\/produit\/500-serie-thermostat-bimetallique\/\" \/>\n<meta property=\"og:locale\" content=\"fr_FR\" \/>\n<meta property=\"og:type\" content=\"article\" \/>\n<meta property=\"og:title\" content=\"500 S\u00e9rie thermostat bim\u00e9tallique - LDA Belgique\" \/>\n<meta property=\"og:description\" content=\"Les thermostats Euroswitch 506\u2013508 et 525 offrent une r\u00e9gulation fiable de la temp\u00e9rature gr\u00e2ce \u00e0 un contact \u00e0 action instantan\u00e9e. R\u00e9glable de 25 \u00e0 120 \u00b0C, pression maximale de 80 bars et protection IP67.\" \/>\n<meta property=\"og:url\" content=\"https:\/\/lda.be\/fr\/produit\/500-serie-thermostat-bimetallique\/\" \/>\n<meta property=\"og:site_name\" content=\"LDA Belgique\" \/>\n<meta property=\"article:modified_time\" content=\"2025-08-19T12:02:31+00:00\" \/>\n<meta property=\"og:image\" content=\"https:\/\/lda.be\/wp-content\/uploads\/2025\/08\/Bimettalic-temperature-sensor.webp\" \/>\n\t<meta property=\"og:image:width\" content=\"800\" \/>\n\t<meta property=\"og:image:height\" content=\"800\" \/>\n\t<meta property=\"og:image:type\" content=\"image\/webp\" \/>\n<meta name=\"twitter:card\" content=\"summary_large_image\" \/>\n<meta name=\"twitter:label1\" content=\"Dur\u00e9e de lecture estim\u00e9e\" \/>\n\t<meta name=\"twitter:data1\" content=\"1 minute\" \/>\n<script type=\"application\/ld+json\" class=\"yoast-schema-graph\">{\"@context\":\"https:\\\/\\\/schema.org\",\"@graph\":[{\"@type\":\"WebPage\",\"@id\":\"https:\\\/\\\/lda.be\\\/fr\\\/produit\\\/500-serie-thermostat-bimetallique\\\/\",\"url\":\"https:\\\/\\\/lda.be\\\/fr\\\/produit\\\/500-serie-thermostat-bimetallique\\\/\",\"name\":\"500 S\u00e9rie thermostat bim\u00e9tallique - LDA Belgique\",\"isPartOf\":{\"@id\":\"https:\\\/\\\/lda.be\\\/fr\\\/#website\"},\"primaryImageOfPage\":{\"@id\":\"https:\\\/\\\/lda.be\\\/fr\\\/produit\\\/500-serie-thermostat-bimetallique\\\/#primaryimage\"},\"image\":{\"@id\":\"https:\\\/\\\/lda.be\\\/fr\\\/produit\\\/500-serie-thermostat-bimetallique\\\/#primaryimage\"},\"thumbnailUrl\":\"https:\\\/\\\/lda.be\\\/wp-content\\\/uploads\\\/2025\\\/08\\\/Bimettalic-temperature-sensor.webp\",\"datePublished\":\"2025-08-19T11:46:29+00:00\",\"dateModified\":\"2025-08-19T12:02:31+00:00\",\"description\":\"Les thermostats Euroswitch 506\u2013508 et 525 offrent une r\u00e9gulation fiable de la temp\u00e9rature gr\u00e2ce \u00e0 un contact \u00e0 action instantan\u00e9e. R\u00e9glable de 25 \u00e0 120 \u00b0C, pression maximale de 80 bars et protection IP67.\",\"breadcrumb\":{\"@id\":\"https:\\\/\\\/lda.be\\\/fr\\\/produit\\\/500-serie-thermostat-bimetallique\\\/#breadcrumb\"},\"inLanguage\":\"fr-FR\",\"potentialAction\":[{\"@type\":\"ReadAction\",\"target\":[\"https:\\\/\\\/lda.be\\\/fr\\\/produit\\\/500-serie-thermostat-bimetallique\\\/\"]}]},{\"@type\":\"ImageObject\",\"inLanguage\":\"fr-FR\",\"@id\":\"https:\\\/\\\/lda.be\\\/fr\\\/produit\\\/500-serie-thermostat-bimetallique\\\/#primaryimage\",\"url\":\"https:\\\/\\\/lda.be\\\/wp-content\\\/uploads\\\/2025\\\/08\\\/Bimettalic-temperature-sensor.webp\",\"contentUrl\":\"https:\\\/\\\/lda.be\\\/wp-content\\\/uploads\\\/2025\\\/08\\\/Bimettalic-temperature-sensor.webp\",\"width\":800,\"height\":800,\"caption\":\"Bimettalic temperature sensor euroswitch\"},{\"@type\":\"BreadcrumbList\",\"@id\":\"https:\\\/\\\/lda.be\\\/fr\\\/produit\\\/500-serie-thermostat-bimetallique\\\/#breadcrumb\",\"itemListElement\":[{\"@type\":\"ListItem\",\"position\":1,\"name\":\"Accueil\",\"item\":\"https:\\\/\\\/lda.be\\\/fr\\\/\"},{\"@type\":\"ListItem\",\"position\":2,\"name\":\"Produits\",\"item\":\"https:\\\/\\\/lda.be\\\/fr\\\/produits\\\/\"},{\"@type\":\"ListItem\",\"position\":3,\"name\":\"500 S\u00e9rie thermostat bim\u00e9tallique\"}]},{\"@type\":\"WebSite\",\"@id\":\"https:\\\/\\\/lda.be\\\/fr\\\/#website\",\"url\":\"https:\\\/\\\/lda.be\\\/fr\\\/\",\"name\":\"LDA Belgium\",\"description\":\"Solutions For Life\",\"publisher\":{\"@id\":\"https:\\\/\\\/lda.be\\\/fr\\\/#organization\"},\"potentialAction\":[{\"@type\":\"SearchAction\",\"target\":{\"@type\":\"EntryPoint\",\"urlTemplate\":\"https:\\\/\\\/lda.be\\\/fr\\\/?s={search_term_string}\"},\"query-input\":{\"@type\":\"PropertyValueSpecification\",\"valueRequired\":true,\"valueName\":\"search_term_string\"}}],\"inLanguage\":\"fr-FR\"},{\"@type\":\"Organization\",\"@id\":\"https:\\\/\\\/lda.be\\\/fr\\\/#organization\",\"name\":\"LDA Belgium\",\"url\":\"https:\\\/\\\/lda.be\\\/fr\\\/\",\"logo\":{\"@type\":\"ImageObject\",\"inLanguage\":\"fr-FR\",\"@id\":\"https:\\\/\\\/lda.be\\\/fr\\\/#\\\/schema\\\/logo\\\/image\\\/\",\"url\":\"https:\\\/\\\/lda.be\\\/wp-content\\\/uploads\\\/2022\\\/07\\\/Logo-LDA.webp\",\"contentUrl\":\"https:\\\/\\\/lda.be\\\/wp-content\\\/uploads\\\/2022\\\/07\\\/Logo-LDA.webp\",\"width\":311,\"height\":101,\"caption\":\"LDA Belgium\"},\"image\":{\"@id\":\"https:\\\/\\\/lda.be\\\/fr\\\/#\\\/schema\\\/logo\\\/image\\\/\"},\"sameAs\":[\"https:\\\/\\\/www.linkedin.com\\\/company\\\/lda-belgium-nv\"]}]}<\/script>\n<!-- \/ Yoast SEO plugin. -->","yoast_head_json":{"title":"500 S\u00e9rie thermostat bim\u00e9tallique - LDA Belgique","description":"Les thermostats Euroswitch 506\u2013508 et 525 offrent une r\u00e9gulation fiable de la temp\u00e9rature gr\u00e2ce \u00e0 un contact \u00e0 action instantan\u00e9e. R\u00e9glable de 25 \u00e0 120 \u00b0C, pression maximale de 80 bars et protection IP67.","robots":{"index":"index","follow":"follow","max-snippet":"max-snippet:-1","max-image-preview":"max-image-preview:large","max-video-preview":"max-video-preview:-1"},"canonical":"https:\/\/lda.be\/fr\/produit\/500-serie-thermostat-bimetallique\/","og_locale":"fr_FR","og_type":"article","og_title":"500 S\u00e9rie thermostat bim\u00e9tallique - LDA Belgique","og_description":"Les thermostats Euroswitch 506\u2013508 et 525 offrent une r\u00e9gulation fiable de la temp\u00e9rature gr\u00e2ce \u00e0 un contact \u00e0 action instantan\u00e9e. R\u00e9glable de 25 \u00e0 120 \u00b0C, pression maximale de 80 bars et protection IP67.","og_url":"https:\/\/lda.be\/fr\/produit\/500-serie-thermostat-bimetallique\/","og_site_name":"LDA Belgique","article_modified_time":"2025-08-19T12:02:31+00:00","og_image":[{"width":800,"height":800,"url":"https:\/\/lda.be\/wp-content\/uploads\/2025\/08\/Bimettalic-temperature-sensor.webp","type":"image\/webp"}],"twitter_card":"summary_large_image","twitter_misc":{"Dur\u00e9e de lecture estim\u00e9e":"1 minute"},"schema":{"@context":"https:\/\/schema.org","@graph":[{"@type":"WebPage","@id":"https:\/\/lda.be\/fr\/produit\/500-serie-thermostat-bimetallique\/","url":"https:\/\/lda.be\/fr\/produit\/500-serie-thermostat-bimetallique\/","name":"500 S\u00e9rie thermostat bim\u00e9tallique - LDA Belgique","isPartOf":{"@id":"https:\/\/lda.be\/fr\/#website"},"primaryImageOfPage":{"@id":"https:\/\/lda.be\/fr\/produit\/500-serie-thermostat-bimetallique\/#primaryimage"},"image":{"@id":"https:\/\/lda.be\/fr\/produit\/500-serie-thermostat-bimetallique\/#primaryimage"},"thumbnailUrl":"https:\/\/lda.be\/wp-content\/uploads\/2025\/08\/Bimettalic-temperature-sensor.webp","datePublished":"2025-08-19T11:46:29+00:00","dateModified":"2025-08-19T12:02:31+00:00","description":"Les thermostats Euroswitch 506\u2013508 et 525 offrent une r\u00e9gulation fiable de la temp\u00e9rature gr\u00e2ce \u00e0 un contact \u00e0 action instantan\u00e9e. R\u00e9glable de 25 \u00e0 120 \u00b0C, pression maximale de 80 bars et protection IP67.","breadcrumb":{"@id":"https:\/\/lda.be\/fr\/produit\/500-serie-thermostat-bimetallique\/#breadcrumb"},"inLanguage":"fr-FR","potentialAction":[{"@type":"ReadAction","target":["https:\/\/lda.be\/fr\/produit\/500-serie-thermostat-bimetallique\/"]}]},{"@type":"ImageObject","inLanguage":"fr-FR","@id":"https:\/\/lda.be\/fr\/produit\/500-serie-thermostat-bimetallique\/#primaryimage","url":"https:\/\/lda.be\/wp-content\/uploads\/2025\/08\/Bimettalic-temperature-sensor.webp","contentUrl":"https:\/\/lda.be\/wp-content\/uploads\/2025\/08\/Bimettalic-temperature-sensor.webp","width":800,"height":800,"caption":"Bimettalic temperature sensor euroswitch"},{"@type":"BreadcrumbList","@id":"https:\/\/lda.be\/fr\/produit\/500-serie-thermostat-bimetallique\/#breadcrumb","itemListElement":[{"@type":"ListItem","position":1,"name":"Accueil","item":"https:\/\/lda.be\/fr\/"},{"@type":"ListItem","position":2,"name":"Produits","item":"https:\/\/lda.be\/fr\/produits\/"},{"@type":"ListItem","position":3,"name":"500 S\u00e9rie thermostat bim\u00e9tallique"}]},{"@type":"WebSite","@id":"https:\/\/lda.be\/fr\/#website","url":"https:\/\/lda.be\/fr\/","name":"LDA Belgium","description":"Solutions For Life","publisher":{"@id":"https:\/\/lda.be\/fr\/#organization"},"potentialAction":[{"@type":"SearchAction","target":{"@type":"EntryPoint","urlTemplate":"https:\/\/lda.be\/fr\/?s={search_term_string}"},"query-input":{"@type":"PropertyValueSpecification","valueRequired":true,"valueName":"search_term_string"}}],"inLanguage":"fr-FR"},{"@type":"Organization","@id":"https:\/\/lda.be\/fr\/#organization","name":"LDA Belgium","url":"https:\/\/lda.be\/fr\/","logo":{"@type":"ImageObject","inLanguage":"fr-FR","@id":"https:\/\/lda.be\/fr\/#\/schema\/logo\/image\/","url":"https:\/\/lda.be\/wp-content\/uploads\/2022\/07\/Logo-LDA.webp","contentUrl":"https:\/\/lda.be\/wp-content\/uploads\/2022\/07\/Logo-LDA.webp","width":311,"height":101,"caption":"LDA Belgium"},"image":{"@id":"https:\/\/lda.be\/fr\/#\/schema\/logo\/image\/"},"sameAs":["https:\/\/www.linkedin.com\/company\/lda-belgium-nv"]}]}},"_links":{"self":[{"href":"https:\/\/lda.be\/fr\/wp-json\/wp\/v2\/product\/10921","targetHints":{"allow":["GET"]}}],"collection":[{"href":"https:\/\/lda.be\/fr\/wp-json\/wp\/v2\/product"}],"about":[{"href":"https:\/\/lda.be\/fr\/wp-json\/wp\/v2\/types\/product"}],"replies":[{"embeddable":true,"href":"https:\/\/lda.be\/fr\/wp-json\/wp\/v2\/comments?post=10921"}],"wp:featuredmedia":[{"embeddable":true,"href":"https:\/\/lda.be\/fr\/wp-json\/wp\/v2\/media\/10918"}],"wp:attachment":[{"href":"https:\/\/lda.be\/fr\/wp-json\/wp\/v2\/media?parent=10921"}],"wp:term":[{"taxonomy":"product_brand","embeddable":true,"href":"https:\/\/lda.be\/fr\/wp-json\/wp\/v2\/product_brand?post=10921"},{"taxonomy":"product_cat","embeddable":true,"href":"https:\/\/lda.be\/fr\/wp-json\/wp\/v2\/product_cat?post=10921"},{"taxonomy":"product_tag","embeddable":true,"href":"https:\/\/lda.be\/fr\/wp-json\/wp\/v2\/product_tag?post=10921"}],"curies":[{"name":"wp","href":"https:\/\/api.w.org\/{rel}","templated":true}]}}