{"id":10939,"date":"2025-08-19T14:20:39","date_gmt":"2025-08-19T13:20:39","guid":{"rendered":"https:\/\/lda.be\/?post_type=product&#038;p=10939"},"modified":"2025-08-19T14:55:37","modified_gmt":"2025-08-19T13:55:37","slug":"thermostats-serie-500","status":"publish","type":"product","link":"https:\/\/lda.be\/fr\/produit\/thermostats-serie-500\/","title":{"rendered":"Thermostats s\u00e9rie 500"},"content":{"rendered":"<p>Les thermocontacts des s\u00e9ries Euroswitch 510, 514 et 519 sont souvent utilis\u00e9s dans les moteurs, les transformateurs et les appareils industriels o\u00f9 il faut \u00e9viter la surchauffe.<\/p>\n<p>Ces thermocontacts fonctionnent en standard avec un contact normalement ouvert (N.O.), mais peuvent \u00e9galement \u00eatre fournis avec un contact normalement ferm\u00e9 (N.C.) sur demande. La plage de temp\u00e9rature s&#8217;\u00e9tend de 30 \u00b0C \u00e0 130 \u00b0C, avec une tol\u00e9rance d&#8217;intervention de \u00b15 K et un diff\u00e9rentiel de 10 \u00f7 20 K.<\/p>\n<p>Gr\u00e2ce \u00e0 leurs dimensions compactes, \u00e0 l&#8217;utilisation d&#8217;un bo\u00eetier en laiton et d&#8217;un support en PA 6.6, ces capteurs sont l\u00e9gers mais durables. Le raccordement \u00e9lectrique s&#8217;effectue via des contacts Faston 6,3 x 0,8 mm, ce qui permet une int\u00e9gration rapide et facile dans les circuits \u00e9lectriques.<\/p>\n<p>Les thermocontacts sont con\u00e7us pour des tensions basses (6-24 VCC) et un courant<\/p>\n","protected":false},"excerpt":{"rendered":"<p>Les thermocontacts des s\u00e9ries Euroswitch 510, 514 et 519 sont souvent utilis\u00e9s dans les moteurs, les transformateurs et les appareils industriels o\u00f9 il faut \u00e9viter la surchauffe. Ces thermocontacts fonctionnent en standard avec un contact normalement ouvert (N.O.), mais peuvent \u00e9galement \u00eatre fournis avec un contact normalement ferm\u00e9 (N.C.) sur demande. La plage de temp\u00e9rature [&hellip;]<\/p>\n","protected":false},"featured_media":10934,"comment_status":"closed","ping_status":"closed","template":"","meta":[],"product_brand":[1735,1749],"product_cat":[932,942,1751],"product_tag":[],"class_list":{"0":"post-10939","1":"product","2":"type-product","3":"status-publish","4":"has-post-thumbnail","6":"product_brand-euroswitch","7":"product_brand-temperature-sensor","8":"product_cat-instrumentation-composants-atex","9":"product_cat-composants-standards","10":"product_cat-detecteur-de-temperature","12":"first","13":"instock","14":"shipping-taxable","15":"product-type-simple"},"yoast_head":"<!-- This site is optimized with the Yoast SEO plugin v27.3 - https:\/\/yoast.com\/product\/yoast-seo-wordpress\/ -->\n<title>Thermostats s\u00e9rie 500 - LDA Belgique<\/title>\n<meta name=\"description\" content=\"Les thermostats Euroswitch 510, 514 et 519 offrent une commutation de temp\u00e9rature entre 30 et 130 \u00b0C avec contact N.O.\/N.C. Bo\u00eetier compact en laiton, action rapide et facile \u00e0 int\u00e9grer.\" \/>\n<meta name=\"robots\" content=\"index, follow, max-snippet:-1, max-image-preview:large, max-video-preview:-1\" \/>\n<link rel=\"canonical\" href=\"https:\/\/lda.be\/fr\/produit\/thermostats-serie-500\/\" \/>\n<meta property=\"og:locale\" content=\"fr_FR\" \/>\n<meta property=\"og:type\" content=\"article\" \/>\n<meta property=\"og:title\" content=\"Thermostats s\u00e9rie 500 - LDA Belgique\" \/>\n<meta property=\"og:description\" content=\"Les thermostats Euroswitch 510, 514 et 519 offrent une commutation de temp\u00e9rature entre 30 et 130 \u00b0C avec contact N.O.\/N.C. Bo\u00eetier compact en laiton, action rapide et facile \u00e0 int\u00e9grer.\" \/>\n<meta property=\"og:url\" content=\"https:\/\/lda.be\/fr\/produit\/thermostats-serie-500\/\" \/>\n<meta property=\"og:site_name\" content=\"LDA Belgique\" \/>\n<meta property=\"article:modified_time\" content=\"2025-08-19T13:55:37+00:00\" \/>\n<meta property=\"og:image\" content=\"https:\/\/lda.be\/wp-content\/uploads\/2025\/08\/thermocontats-euroswitch.webp\" \/>\n\t<meta property=\"og:image:width\" content=\"800\" \/>\n\t<meta property=\"og:image:height\" content=\"800\" \/>\n\t<meta property=\"og:image:type\" content=\"image\/webp\" \/>\n<meta name=\"twitter:card\" content=\"summary_large_image\" \/>\n<script type=\"application\/ld+json\" class=\"yoast-schema-graph\">{\"@context\":\"https:\\\/\\\/schema.org\",\"@graph\":[{\"@type\":\"WebPage\",\"@id\":\"https:\\\/\\\/lda.be\\\/fr\\\/produit\\\/thermostats-serie-500\\\/\",\"url\":\"https:\\\/\\\/lda.be\\\/fr\\\/produit\\\/thermostats-serie-500\\\/\",\"name\":\"Thermostats s\u00e9rie 500 - LDA Belgique\",\"isPartOf\":{\"@id\":\"https:\\\/\\\/lda.be\\\/fr\\\/#website\"},\"primaryImageOfPage\":{\"@id\":\"https:\\\/\\\/lda.be\\\/fr\\\/produit\\\/thermostats-serie-500\\\/#primaryimage\"},\"image\":{\"@id\":\"https:\\\/\\\/lda.be\\\/fr\\\/produit\\\/thermostats-serie-500\\\/#primaryimage\"},\"thumbnailUrl\":\"https:\\\/\\\/lda.be\\\/wp-content\\\/uploads\\\/2025\\\/08\\\/thermocontats-euroswitch.webp\",\"datePublished\":\"2025-08-19T13:20:39+00:00\",\"dateModified\":\"2025-08-19T13:55:37+00:00\",\"description\":\"Les thermostats Euroswitch 510, 514 et 519 offrent une commutation de temp\u00e9rature entre 30 et 130 \u00b0C avec contact N.O.\\\/N.C. Bo\u00eetier compact en laiton, action rapide et facile \u00e0 int\u00e9grer.\",\"breadcrumb\":{\"@id\":\"https:\\\/\\\/lda.be\\\/fr\\\/produit\\\/thermostats-serie-500\\\/#breadcrumb\"},\"inLanguage\":\"fr-FR\",\"potentialAction\":[{\"@type\":\"ReadAction\",\"target\":[\"https:\\\/\\\/lda.be\\\/fr\\\/produit\\\/thermostats-serie-500\\\/\"]}]},{\"@type\":\"ImageObject\",\"inLanguage\":\"fr-FR\",\"@id\":\"https:\\\/\\\/lda.be\\\/fr\\\/produit\\\/thermostats-serie-500\\\/#primaryimage\",\"url\":\"https:\\\/\\\/lda.be\\\/wp-content\\\/uploads\\\/2025\\\/08\\\/thermocontats-euroswitch.webp\",\"contentUrl\":\"https:\\\/\\\/lda.be\\\/wp-content\\\/uploads\\\/2025\\\/08\\\/thermocontats-euroswitch.webp\",\"width\":800,\"height\":800,\"caption\":\"thermocontats euroswitch\"},{\"@type\":\"BreadcrumbList\",\"@id\":\"https:\\\/\\\/lda.be\\\/fr\\\/produit\\\/thermostats-serie-500\\\/#breadcrumb\",\"itemListElement\":[{\"@type\":\"ListItem\",\"position\":1,\"name\":\"Accueil\",\"item\":\"https:\\\/\\\/lda.be\\\/fr\\\/\"},{\"@type\":\"ListItem\",\"position\":2,\"name\":\"Produits\",\"item\":\"https:\\\/\\\/lda.be\\\/fr\\\/produits\\\/\"},{\"@type\":\"ListItem\",\"position\":3,\"name\":\"Thermostats s\u00e9rie 500\"}]},{\"@type\":\"WebSite\",\"@id\":\"https:\\\/\\\/lda.be\\\/fr\\\/#website\",\"url\":\"https:\\\/\\\/lda.be\\\/fr\\\/\",\"name\":\"LDA Belgium\",\"description\":\"Solutions For Life\",\"publisher\":{\"@id\":\"https:\\\/\\\/lda.be\\\/fr\\\/#organization\"},\"potentialAction\":[{\"@type\":\"SearchAction\",\"target\":{\"@type\":\"EntryPoint\",\"urlTemplate\":\"https:\\\/\\\/lda.be\\\/fr\\\/?s={search_term_string}\"},\"query-input\":{\"@type\":\"PropertyValueSpecification\",\"valueRequired\":true,\"valueName\":\"search_term_string\"}}],\"inLanguage\":\"fr-FR\"},{\"@type\":\"Organization\",\"@id\":\"https:\\\/\\\/lda.be\\\/fr\\\/#organization\",\"name\":\"LDA Belgium\",\"url\":\"https:\\\/\\\/lda.be\\\/fr\\\/\",\"logo\":{\"@type\":\"ImageObject\",\"inLanguage\":\"fr-FR\",\"@id\":\"https:\\\/\\\/lda.be\\\/fr\\\/#\\\/schema\\\/logo\\\/image\\\/\",\"url\":\"https:\\\/\\\/lda.be\\\/wp-content\\\/uploads\\\/2022\\\/07\\\/Logo-LDA.webp\",\"contentUrl\":\"https:\\\/\\\/lda.be\\\/wp-content\\\/uploads\\\/2022\\\/07\\\/Logo-LDA.webp\",\"width\":311,\"height\":101,\"caption\":\"LDA Belgium\"},\"image\":{\"@id\":\"https:\\\/\\\/lda.be\\\/fr\\\/#\\\/schema\\\/logo\\\/image\\\/\"},\"sameAs\":[\"https:\\\/\\\/www.linkedin.com\\\/company\\\/lda-belgium-nv\"]}]}<\/script>\n<!-- \/ Yoast SEO plugin. -->","yoast_head_json":{"title":"Thermostats s\u00e9rie 500 - LDA Belgique","description":"Les thermostats Euroswitch 510, 514 et 519 offrent une commutation de temp\u00e9rature entre 30 et 130 \u00b0C avec contact N.O.\/N.C. Bo\u00eetier compact en laiton, action rapide et facile \u00e0 int\u00e9grer.","robots":{"index":"index","follow":"follow","max-snippet":"max-snippet:-1","max-image-preview":"max-image-preview:large","max-video-preview":"max-video-preview:-1"},"canonical":"https:\/\/lda.be\/fr\/produit\/thermostats-serie-500\/","og_locale":"fr_FR","og_type":"article","og_title":"Thermostats s\u00e9rie 500 - LDA Belgique","og_description":"Les thermostats Euroswitch 510, 514 et 519 offrent une commutation de temp\u00e9rature entre 30 et 130 \u00b0C avec contact N.O.\/N.C. Bo\u00eetier compact en laiton, action rapide et facile \u00e0 int\u00e9grer.","og_url":"https:\/\/lda.be\/fr\/produit\/thermostats-serie-500\/","og_site_name":"LDA Belgique","article_modified_time":"2025-08-19T13:55:37+00:00","og_image":[{"width":800,"height":800,"url":"https:\/\/lda.be\/wp-content\/uploads\/2025\/08\/thermocontats-euroswitch.webp","type":"image\/webp"}],"twitter_card":"summary_large_image","schema":{"@context":"https:\/\/schema.org","@graph":[{"@type":"WebPage","@id":"https:\/\/lda.be\/fr\/produit\/thermostats-serie-500\/","url":"https:\/\/lda.be\/fr\/produit\/thermostats-serie-500\/","name":"Thermostats s\u00e9rie 500 - LDA Belgique","isPartOf":{"@id":"https:\/\/lda.be\/fr\/#website"},"primaryImageOfPage":{"@id":"https:\/\/lda.be\/fr\/produit\/thermostats-serie-500\/#primaryimage"},"image":{"@id":"https:\/\/lda.be\/fr\/produit\/thermostats-serie-500\/#primaryimage"},"thumbnailUrl":"https:\/\/lda.be\/wp-content\/uploads\/2025\/08\/thermocontats-euroswitch.webp","datePublished":"2025-08-19T13:20:39+00:00","dateModified":"2025-08-19T13:55:37+00:00","description":"Les thermostats Euroswitch 510, 514 et 519 offrent une commutation de temp\u00e9rature entre 30 et 130 \u00b0C avec contact N.O.\/N.C. Bo\u00eetier compact en laiton, action rapide et facile \u00e0 int\u00e9grer.","breadcrumb":{"@id":"https:\/\/lda.be\/fr\/produit\/thermostats-serie-500\/#breadcrumb"},"inLanguage":"fr-FR","potentialAction":[{"@type":"ReadAction","target":["https:\/\/lda.be\/fr\/produit\/thermostats-serie-500\/"]}]},{"@type":"ImageObject","inLanguage":"fr-FR","@id":"https:\/\/lda.be\/fr\/produit\/thermostats-serie-500\/#primaryimage","url":"https:\/\/lda.be\/wp-content\/uploads\/2025\/08\/thermocontats-euroswitch.webp","contentUrl":"https:\/\/lda.be\/wp-content\/uploads\/2025\/08\/thermocontats-euroswitch.webp","width":800,"height":800,"caption":"thermocontats euroswitch"},{"@type":"BreadcrumbList","@id":"https:\/\/lda.be\/fr\/produit\/thermostats-serie-500\/#breadcrumb","itemListElement":[{"@type":"ListItem","position":1,"name":"Accueil","item":"https:\/\/lda.be\/fr\/"},{"@type":"ListItem","position":2,"name":"Produits","item":"https:\/\/lda.be\/fr\/produits\/"},{"@type":"ListItem","position":3,"name":"Thermostats s\u00e9rie 500"}]},{"@type":"WebSite","@id":"https:\/\/lda.be\/fr\/#website","url":"https:\/\/lda.be\/fr\/","name":"LDA Belgium","description":"Solutions For Life","publisher":{"@id":"https:\/\/lda.be\/fr\/#organization"},"potentialAction":[{"@type":"SearchAction","target":{"@type":"EntryPoint","urlTemplate":"https:\/\/lda.be\/fr\/?s={search_term_string}"},"query-input":{"@type":"PropertyValueSpecification","valueRequired":true,"valueName":"search_term_string"}}],"inLanguage":"fr-FR"},{"@type":"Organization","@id":"https:\/\/lda.be\/fr\/#organization","name":"LDA Belgium","url":"https:\/\/lda.be\/fr\/","logo":{"@type":"ImageObject","inLanguage":"fr-FR","@id":"https:\/\/lda.be\/fr\/#\/schema\/logo\/image\/","url":"https:\/\/lda.be\/wp-content\/uploads\/2022\/07\/Logo-LDA.webp","contentUrl":"https:\/\/lda.be\/wp-content\/uploads\/2022\/07\/Logo-LDA.webp","width":311,"height":101,"caption":"LDA Belgium"},"image":{"@id":"https:\/\/lda.be\/fr\/#\/schema\/logo\/image\/"},"sameAs":["https:\/\/www.linkedin.com\/company\/lda-belgium-nv"]}]}},"_links":{"self":[{"href":"https:\/\/lda.be\/fr\/wp-json\/wp\/v2\/product\/10939","targetHints":{"allow":["GET"]}}],"collection":[{"href":"https:\/\/lda.be\/fr\/wp-json\/wp\/v2\/product"}],"about":[{"href":"https:\/\/lda.be\/fr\/wp-json\/wp\/v2\/types\/product"}],"replies":[{"embeddable":true,"href":"https:\/\/lda.be\/fr\/wp-json\/wp\/v2\/comments?post=10939"}],"wp:featuredmedia":[{"embeddable":true,"href":"https:\/\/lda.be\/fr\/wp-json\/wp\/v2\/media\/10934"}],"wp:attachment":[{"href":"https:\/\/lda.be\/fr\/wp-json\/wp\/v2\/media?parent=10939"}],"wp:term":[{"taxonomy":"product_brand","embeddable":true,"href":"https:\/\/lda.be\/fr\/wp-json\/wp\/v2\/product_brand?post=10939"},{"taxonomy":"product_cat","embeddable":true,"href":"https:\/\/lda.be\/fr\/wp-json\/wp\/v2\/product_cat?post=10939"},{"taxonomy":"product_tag","embeddable":true,"href":"https:\/\/lda.be\/fr\/wp-json\/wp\/v2\/product_tag?post=10939"}],"curies":[{"name":"wp","href":"https:\/\/api.w.org\/{rel}","templated":true}]}}