{"id":10949,"date":"2025-08-20T13:16:17","date_gmt":"2025-08-20T12:16:17","guid":{"rendered":"https:\/\/lda.be\/?post_type=product&#038;p=10949"},"modified":"2025-10-29T11:11:16","modified_gmt":"2025-10-29T10:11:16","slug":"detecteurs-de-temperature-serie-570","status":"publish","type":"product","link":"https:\/\/lda.be\/fr\/produit\/detecteurs-de-temperature-serie-570\/","title":{"rendered":"D\u00e9tecteurs de temp\u00e9rature s\u00e9rie 570"},"content":{"rendered":"<p>La s\u00e9rie 570 de d\u00e9tecteur de temp\u00e9rature Euroswitch a \u00e9t\u00e9 d\u00e9velopp\u00e9e pour garantir des mesures pr\u00e9cises dans divers environnements. Cette s\u00e9rie comprend trois variantes principales : le 570 avec rev\u00eatement \u00e9poxy, le 572 avec encapsulation m\u00e9tallique et le capteur de temp\u00e9rature de l&#8217;air 577. Gr\u00e2ce \u00e0 un large choix de mat\u00e9riaux, d&#8217;options de connexion et d&#8217;\u00e9l\u00e9ments de mesure (NTC, PTC, PT100, PT1000), cette s\u00e9rie offre une solution flexible pour les liquides, les huiles et les gaz ainsi que pour les mesures de temp\u00e9rature de l&#8217;air.<\/p>\n<p>Les d\u00e9tecteur 570 rev\u00eatus sont id\u00e9aux pour une installation directe dans des liquides o\u00f9 une protection contre les produits chimiques et l&#8217;huile est n\u00e9cessaire. La s\u00e9rie 572, avec encapsulation m\u00e9tallique, est con\u00e7ue pour des conditions plus difficiles et offre une r\u00e9sistance m\u00e9canique et une dur\u00e9e de vie plus longue. Le d\u00e9tecteur de temp\u00e9rature de l&#8217;air 577 assure un enregistrement fiable des temp\u00e9ratures ambiantes et convient aux syst\u00e8mes CVC, aux compartiments moteurs et aux flux d&#8217;air industriels.<\/p>\n","protected":false},"excerpt":{"rendered":"<p>La s\u00e9rie 570 de d\u00e9tecteur de temp\u00e9rature Euroswitch a \u00e9t\u00e9 d\u00e9velopp\u00e9e pour garantir des mesures pr\u00e9cises dans divers environnements. Cette s\u00e9rie comprend trois variantes principales : le 570 avec rev\u00eatement \u00e9poxy, le 572 avec encapsulation m\u00e9tallique et le capteur de temp\u00e9rature de l&#8217;air 577. Gr\u00e2ce \u00e0 un large choix de mat\u00e9riaux, d&#8217;options de connexion et [&hellip;]<\/p>\n","protected":false},"featured_media":10944,"comment_status":"closed","ping_status":"closed","template":"","meta":[],"product_brand":[1735,1749],"product_cat":[932,942,1751],"product_tag":[],"class_list":{"0":"post-10949","1":"product","2":"type-product","3":"status-publish","4":"has-post-thumbnail","6":"product_brand-euroswitch","7":"product_brand-temperature-sensor","8":"product_cat-instrumentation-composants-atex","9":"product_cat-composants-standards","10":"product_cat-detecteur-de-temperature","12":"first","13":"instock","14":"shipping-taxable","15":"product-type-simple"},"yoast_head":"<!-- This site is optimized with the Yoast SEO plugin v27.3 - https:\/\/yoast.com\/product\/yoast-seo-wordpress\/ -->\n<title>D\u00e9tecteurs de temp\u00e9rature s\u00e9rie 570 - LDA Belgique<\/title>\n<meta name=\"description\" content=\"D\u00e9tecteurs de temp\u00e9rature s\u00e9rie 570 d&#039;Euroswitch. Mesures NTC\/PTC\/PT100\/PT1000 pr\u00e9cises, IP65\u2013IP67, applications industrielles. Chez LDA Belgique\" \/>\n<meta name=\"robots\" content=\"index, follow, max-snippet:-1, max-image-preview:large, max-video-preview:-1\" \/>\n<link rel=\"canonical\" href=\"https:\/\/lda.be\/fr\/produit\/detecteurs-de-temperature-serie-570\/\" \/>\n<meta property=\"og:locale\" content=\"fr_FR\" \/>\n<meta property=\"og:type\" content=\"article\" \/>\n<meta property=\"og:title\" content=\"D\u00e9tecteurs de temp\u00e9rature s\u00e9rie 570 - LDA Belgique\" \/>\n<meta property=\"og:description\" content=\"D\u00e9tecteurs de temp\u00e9rature s\u00e9rie 570 d&#039;Euroswitch. Mesures NTC\/PTC\/PT100\/PT1000 pr\u00e9cises, IP65\u2013IP67, applications industrielles. Chez LDA Belgique\" \/>\n<meta property=\"og:url\" content=\"https:\/\/lda.be\/fr\/produit\/detecteurs-de-temperature-serie-570\/\" \/>\n<meta property=\"og:site_name\" content=\"LDA Belgique\" \/>\n<meta property=\"article:modified_time\" content=\"2025-10-29T10:11:16+00:00\" \/>\n<meta property=\"og:image\" content=\"https:\/\/lda.be\/wp-content\/uploads\/2025\/08\/temperature-sensors-serie-570.webp\" \/>\n\t<meta property=\"og:image:width\" content=\"800\" \/>\n\t<meta property=\"og:image:height\" content=\"800\" \/>\n\t<meta property=\"og:image:type\" content=\"image\/webp\" \/>\n<meta name=\"twitter:card\" content=\"summary_large_image\" \/>\n<meta name=\"twitter:label1\" content=\"Dur\u00e9e de lecture estim\u00e9e\" \/>\n\t<meta name=\"twitter:data1\" content=\"1 minute\" \/>\n<script type=\"application\/ld+json\" class=\"yoast-schema-graph\">{\"@context\":\"https:\\\/\\\/schema.org\",\"@graph\":[{\"@type\":\"WebPage\",\"@id\":\"https:\\\/\\\/lda.be\\\/fr\\\/produit\\\/detecteurs-de-temperature-serie-570\\\/\",\"url\":\"https:\\\/\\\/lda.be\\\/fr\\\/produit\\\/detecteurs-de-temperature-serie-570\\\/\",\"name\":\"D\u00e9tecteurs de temp\u00e9rature s\u00e9rie 570 - LDA Belgique\",\"isPartOf\":{\"@id\":\"https:\\\/\\\/lda.be\\\/fr\\\/#website\"},\"primaryImageOfPage\":{\"@id\":\"https:\\\/\\\/lda.be\\\/fr\\\/produit\\\/detecteurs-de-temperature-serie-570\\\/#primaryimage\"},\"image\":{\"@id\":\"https:\\\/\\\/lda.be\\\/fr\\\/produit\\\/detecteurs-de-temperature-serie-570\\\/#primaryimage\"},\"thumbnailUrl\":\"https:\\\/\\\/lda.be\\\/wp-content\\\/uploads\\\/2025\\\/08\\\/temperature-sensors-serie-570.webp\",\"datePublished\":\"2025-08-20T12:16:17+00:00\",\"dateModified\":\"2025-10-29T10:11:16+00:00\",\"description\":\"D\u00e9tecteurs de temp\u00e9rature s\u00e9rie 570 d'Euroswitch. Mesures NTC\\\/PTC\\\/PT100\\\/PT1000 pr\u00e9cises, IP65\u2013IP67, applications industrielles. Chez LDA Belgique\",\"breadcrumb\":{\"@id\":\"https:\\\/\\\/lda.be\\\/fr\\\/produit\\\/detecteurs-de-temperature-serie-570\\\/#breadcrumb\"},\"inLanguage\":\"fr-FR\",\"potentialAction\":[{\"@type\":\"ReadAction\",\"target\":[\"https:\\\/\\\/lda.be\\\/fr\\\/produit\\\/detecteurs-de-temperature-serie-570\\\/\"]}]},{\"@type\":\"ImageObject\",\"inLanguage\":\"fr-FR\",\"@id\":\"https:\\\/\\\/lda.be\\\/fr\\\/produit\\\/detecteurs-de-temperature-serie-570\\\/#primaryimage\",\"url\":\"https:\\\/\\\/lda.be\\\/wp-content\\\/uploads\\\/2025\\\/08\\\/temperature-sensors-serie-570.webp\",\"contentUrl\":\"https:\\\/\\\/lda.be\\\/wp-content\\\/uploads\\\/2025\\\/08\\\/temperature-sensors-serie-570.webp\",\"width\":800,\"height\":800,\"caption\":\"temperature sensors serie 570\"},{\"@type\":\"BreadcrumbList\",\"@id\":\"https:\\\/\\\/lda.be\\\/fr\\\/produit\\\/detecteurs-de-temperature-serie-570\\\/#breadcrumb\",\"itemListElement\":[{\"@type\":\"ListItem\",\"position\":1,\"name\":\"Accueil\",\"item\":\"https:\\\/\\\/lda.be\\\/fr\\\/\"},{\"@type\":\"ListItem\",\"position\":2,\"name\":\"Produits\",\"item\":\"https:\\\/\\\/lda.be\\\/fr\\\/produits\\\/\"},{\"@type\":\"ListItem\",\"position\":3,\"name\":\"D\u00e9tecteurs de temp\u00e9rature s\u00e9rie 570\"}]},{\"@type\":\"WebSite\",\"@id\":\"https:\\\/\\\/lda.be\\\/fr\\\/#website\",\"url\":\"https:\\\/\\\/lda.be\\\/fr\\\/\",\"name\":\"LDA Belgium\",\"description\":\"Solutions For Life\",\"publisher\":{\"@id\":\"https:\\\/\\\/lda.be\\\/fr\\\/#organization\"},\"potentialAction\":[{\"@type\":\"SearchAction\",\"target\":{\"@type\":\"EntryPoint\",\"urlTemplate\":\"https:\\\/\\\/lda.be\\\/fr\\\/?s={search_term_string}\"},\"query-input\":{\"@type\":\"PropertyValueSpecification\",\"valueRequired\":true,\"valueName\":\"search_term_string\"}}],\"inLanguage\":\"fr-FR\"},{\"@type\":\"Organization\",\"@id\":\"https:\\\/\\\/lda.be\\\/fr\\\/#organization\",\"name\":\"LDA Belgium\",\"url\":\"https:\\\/\\\/lda.be\\\/fr\\\/\",\"logo\":{\"@type\":\"ImageObject\",\"inLanguage\":\"fr-FR\",\"@id\":\"https:\\\/\\\/lda.be\\\/fr\\\/#\\\/schema\\\/logo\\\/image\\\/\",\"url\":\"https:\\\/\\\/lda.be\\\/wp-content\\\/uploads\\\/2022\\\/07\\\/Logo-LDA.webp\",\"contentUrl\":\"https:\\\/\\\/lda.be\\\/wp-content\\\/uploads\\\/2022\\\/07\\\/Logo-LDA.webp\",\"width\":311,\"height\":101,\"caption\":\"LDA Belgium\"},\"image\":{\"@id\":\"https:\\\/\\\/lda.be\\\/fr\\\/#\\\/schema\\\/logo\\\/image\\\/\"},\"sameAs\":[\"https:\\\/\\\/www.linkedin.com\\\/company\\\/lda-belgium-nv\"]}]}<\/script>\n<!-- \/ Yoast SEO plugin. -->","yoast_head_json":{"title":"D\u00e9tecteurs de temp\u00e9rature s\u00e9rie 570 - LDA Belgique","description":"D\u00e9tecteurs de temp\u00e9rature s\u00e9rie 570 d'Euroswitch. Mesures NTC\/PTC\/PT100\/PT1000 pr\u00e9cises, IP65\u2013IP67, applications industrielles. Chez LDA Belgique","robots":{"index":"index","follow":"follow","max-snippet":"max-snippet:-1","max-image-preview":"max-image-preview:large","max-video-preview":"max-video-preview:-1"},"canonical":"https:\/\/lda.be\/fr\/produit\/detecteurs-de-temperature-serie-570\/","og_locale":"fr_FR","og_type":"article","og_title":"D\u00e9tecteurs de temp\u00e9rature s\u00e9rie 570 - LDA Belgique","og_description":"D\u00e9tecteurs de temp\u00e9rature s\u00e9rie 570 d'Euroswitch. Mesures NTC\/PTC\/PT100\/PT1000 pr\u00e9cises, IP65\u2013IP67, applications industrielles. Chez LDA Belgique","og_url":"https:\/\/lda.be\/fr\/produit\/detecteurs-de-temperature-serie-570\/","og_site_name":"LDA Belgique","article_modified_time":"2025-10-29T10:11:16+00:00","og_image":[{"width":800,"height":800,"url":"https:\/\/lda.be\/wp-content\/uploads\/2025\/08\/temperature-sensors-serie-570.webp","type":"image\/webp"}],"twitter_card":"summary_large_image","twitter_misc":{"Dur\u00e9e de lecture estim\u00e9e":"1 minute"},"schema":{"@context":"https:\/\/schema.org","@graph":[{"@type":"WebPage","@id":"https:\/\/lda.be\/fr\/produit\/detecteurs-de-temperature-serie-570\/","url":"https:\/\/lda.be\/fr\/produit\/detecteurs-de-temperature-serie-570\/","name":"D\u00e9tecteurs de temp\u00e9rature s\u00e9rie 570 - LDA Belgique","isPartOf":{"@id":"https:\/\/lda.be\/fr\/#website"},"primaryImageOfPage":{"@id":"https:\/\/lda.be\/fr\/produit\/detecteurs-de-temperature-serie-570\/#primaryimage"},"image":{"@id":"https:\/\/lda.be\/fr\/produit\/detecteurs-de-temperature-serie-570\/#primaryimage"},"thumbnailUrl":"https:\/\/lda.be\/wp-content\/uploads\/2025\/08\/temperature-sensors-serie-570.webp","datePublished":"2025-08-20T12:16:17+00:00","dateModified":"2025-10-29T10:11:16+00:00","description":"D\u00e9tecteurs de temp\u00e9rature s\u00e9rie 570 d'Euroswitch. Mesures NTC\/PTC\/PT100\/PT1000 pr\u00e9cises, IP65\u2013IP67, applications industrielles. Chez LDA Belgique","breadcrumb":{"@id":"https:\/\/lda.be\/fr\/produit\/detecteurs-de-temperature-serie-570\/#breadcrumb"},"inLanguage":"fr-FR","potentialAction":[{"@type":"ReadAction","target":["https:\/\/lda.be\/fr\/produit\/detecteurs-de-temperature-serie-570\/"]}]},{"@type":"ImageObject","inLanguage":"fr-FR","@id":"https:\/\/lda.be\/fr\/produit\/detecteurs-de-temperature-serie-570\/#primaryimage","url":"https:\/\/lda.be\/wp-content\/uploads\/2025\/08\/temperature-sensors-serie-570.webp","contentUrl":"https:\/\/lda.be\/wp-content\/uploads\/2025\/08\/temperature-sensors-serie-570.webp","width":800,"height":800,"caption":"temperature sensors serie 570"},{"@type":"BreadcrumbList","@id":"https:\/\/lda.be\/fr\/produit\/detecteurs-de-temperature-serie-570\/#breadcrumb","itemListElement":[{"@type":"ListItem","position":1,"name":"Accueil","item":"https:\/\/lda.be\/fr\/"},{"@type":"ListItem","position":2,"name":"Produits","item":"https:\/\/lda.be\/fr\/produits\/"},{"@type":"ListItem","position":3,"name":"D\u00e9tecteurs de temp\u00e9rature s\u00e9rie 570"}]},{"@type":"WebSite","@id":"https:\/\/lda.be\/fr\/#website","url":"https:\/\/lda.be\/fr\/","name":"LDA Belgium","description":"Solutions For Life","publisher":{"@id":"https:\/\/lda.be\/fr\/#organization"},"potentialAction":[{"@type":"SearchAction","target":{"@type":"EntryPoint","urlTemplate":"https:\/\/lda.be\/fr\/?s={search_term_string}"},"query-input":{"@type":"PropertyValueSpecification","valueRequired":true,"valueName":"search_term_string"}}],"inLanguage":"fr-FR"},{"@type":"Organization","@id":"https:\/\/lda.be\/fr\/#organization","name":"LDA Belgium","url":"https:\/\/lda.be\/fr\/","logo":{"@type":"ImageObject","inLanguage":"fr-FR","@id":"https:\/\/lda.be\/fr\/#\/schema\/logo\/image\/","url":"https:\/\/lda.be\/wp-content\/uploads\/2022\/07\/Logo-LDA.webp","contentUrl":"https:\/\/lda.be\/wp-content\/uploads\/2022\/07\/Logo-LDA.webp","width":311,"height":101,"caption":"LDA Belgium"},"image":{"@id":"https:\/\/lda.be\/fr\/#\/schema\/logo\/image\/"},"sameAs":["https:\/\/www.linkedin.com\/company\/lda-belgium-nv"]}]}},"_links":{"self":[{"href":"https:\/\/lda.be\/fr\/wp-json\/wp\/v2\/product\/10949","targetHints":{"allow":["GET"]}}],"collection":[{"href":"https:\/\/lda.be\/fr\/wp-json\/wp\/v2\/product"}],"about":[{"href":"https:\/\/lda.be\/fr\/wp-json\/wp\/v2\/types\/product"}],"replies":[{"embeddable":true,"href":"https:\/\/lda.be\/fr\/wp-json\/wp\/v2\/comments?post=10949"}],"wp:featuredmedia":[{"embeddable":true,"href":"https:\/\/lda.be\/fr\/wp-json\/wp\/v2\/media\/10944"}],"wp:attachment":[{"href":"https:\/\/lda.be\/fr\/wp-json\/wp\/v2\/media?parent=10949"}],"wp:term":[{"taxonomy":"product_brand","embeddable":true,"href":"https:\/\/lda.be\/fr\/wp-json\/wp\/v2\/product_brand?post=10949"},{"taxonomy":"product_cat","embeddable":true,"href":"https:\/\/lda.be\/fr\/wp-json\/wp\/v2\/product_cat?post=10949"},{"taxonomy":"product_tag","embeddable":true,"href":"https:\/\/lda.be\/fr\/wp-json\/wp\/v2\/product_tag?post=10949"}],"curies":[{"name":"wp","href":"https:\/\/api.w.org\/{rel}","templated":true}]}}