{"id":10962,"date":"2025-08-20T14:16:28","date_gmt":"2025-08-20T13:16:28","guid":{"rendered":"https:\/\/lda.be\/?post_type=product&#038;p=10962"},"modified":"2025-08-20T14:34:15","modified_gmt":"2025-08-20T13:34:15","slug":"detecteurs-de-temperature-serie-580","status":"publish","type":"product","link":"https:\/\/lda.be\/fr\/produit\/detecteurs-de-temperature-serie-580\/","title":{"rendered":"D\u00e9tecteurs de temp\u00e9rature s\u00e9rie 580"},"content":{"rendered":"<p>La s\u00e9rie de capteurs de temp\u00e9rature Euroswitch 580 est con\u00e7ue pour offrir une flexibilit\u00e9 maximale dans les applications industrielles. Cette s\u00e9rie comprend plusieurs variantes adapt\u00e9es aux liquides, huiles, carburants et \u00e0 l&#8217;air, avec un choix de \u00e9l\u00e9ments de mesure NTC, PTC, PT100 et PT1000. Gr\u00e2ce aux nombreuses options de connexion (AMP, Deutsch, M12, DIN, Superseal, Junior Power Timer, c\u00e2bl\u00e9, etc.) et \u00e0 la large gamme de tailles de filetage, le capteur peut \u00eatre parfaitement adapt\u00e9 \u00e0 l&#8217;application.<\/p>\n<p>Les capteurs sont disponibles en laiton ou en acier inoxydable (AISI 316L) et offrent des indices de protection \u00e9lev\u00e9s (jusqu&#8217;\u00e0 IP69 sur demande). Avec une plage de temp\u00e9rature de -55 \u00b0C \u00e0 +150 \u00b0C (selon le mod\u00e8le) et la possibilit\u00e9 d&#8217;une double version NTC\/PTC, la s\u00e9rie 580 est un choix id\u00e9al pour les environnements exigeants.<\/p>\n<p>Variantes de la s\u00e9rie 580<\/p>\n<ul>\n<li>580 \u2013 Capteur de temp\u00e9rature standard avec un large choix de connecteurs \u00e9lectriques (AMP, Deutsch, M12, Superseal, Junior Power Timer, Bajonet DIN).<\/li>\n<li>580E \u2013 Capteur de temp\u00e9rature avec connecteur DIN UNI EN 175301-803 (DIN43650).<\/li>\n<li>582 \u2013 Capteur de temp\u00e9rature de l&#8217;eau, version compacte avec connexion Faston, sp\u00e9cifique pour les mesures de liquides.<\/li>\n<li>583 \u2013 Capteur de temp\u00e9rature avec bo\u00eetier mis \u00e0 la terre, pour les applications o\u00f9 une connexion \u00e0 la masse est souhait\u00e9e.<\/li>\n<li>589 \u2013 Capteur de temp\u00e9rature avec double \u00e9l\u00e9ment NTC\/PTC, pour la redondance ou la double lecture.<\/li>\n<\/ul>\n","protected":false},"excerpt":{"rendered":"<p>La s\u00e9rie de capteurs de temp\u00e9rature Euroswitch 580 est con\u00e7ue pour offrir une flexibilit\u00e9 maximale dans les applications industrielles. Cette s\u00e9rie comprend plusieurs variantes adapt\u00e9es aux liquides, huiles, carburants et \u00e0 l&#8217;air, avec un choix de \u00e9l\u00e9ments de mesure NTC, PTC, PT100 et PT1000. Gr\u00e2ce aux nombreuses options de connexion (AMP, Deutsch, M12, DIN, Superseal, [&hellip;]<\/p>\n","protected":false},"featured_media":10952,"comment_status":"closed","ping_status":"closed","template":"","meta":[],"product_brand":[1735,1749],"product_cat":[932,942,1751],"product_tag":[],"class_list":{"0":"post-10962","1":"product","2":"type-product","3":"status-publish","4":"has-post-thumbnail","6":"product_brand-euroswitch","7":"product_brand-temperature-sensor","8":"product_cat-instrumentation-composants-atex","9":"product_cat-composants-standards","10":"product_cat-detecteur-de-temperature","12":"first","13":"instock","14":"shipping-taxable","15":"product-type-simple"},"yoast_head":"<!-- This site is optimized with the Yoast SEO plugin v27.3 - https:\/\/yoast.com\/product\/yoast-seo-wordpress\/ -->\n<title>D\u00e9tecteurs de temp\u00e9rature s\u00e9rie 580 - LDA Belgique<\/title>\n<meta name=\"description\" content=\"D\u00e9tecteurs de temp\u00e9rature Euroswitch s\u00e9rie 580 (580, 580E, 582, 583, 589). NTC\/PTC\/PT100\/PT1000, IP67\u2013IP69, laiton\/acier inoxydable pour l&#039;industrie et l&#039;automobile. Chez LDA Belgique\" \/>\n<meta name=\"robots\" content=\"index, follow, max-snippet:-1, max-image-preview:large, max-video-preview:-1\" \/>\n<link rel=\"canonical\" href=\"https:\/\/lda.be\/fr\/produit\/detecteurs-de-temperature-serie-580\/\" \/>\n<meta property=\"og:locale\" content=\"fr_FR\" \/>\n<meta property=\"og:type\" content=\"article\" \/>\n<meta property=\"og:title\" content=\"D\u00e9tecteurs de temp\u00e9rature s\u00e9rie 580 - LDA Belgique\" \/>\n<meta property=\"og:description\" content=\"D\u00e9tecteurs de temp\u00e9rature Euroswitch s\u00e9rie 580 (580, 580E, 582, 583, 589). NTC\/PTC\/PT100\/PT1000, IP67\u2013IP69, laiton\/acier inoxydable pour l&#039;industrie et l&#039;automobile. Chez LDA Belgique\" \/>\n<meta property=\"og:url\" content=\"https:\/\/lda.be\/fr\/produit\/detecteurs-de-temperature-serie-580\/\" \/>\n<meta property=\"og:site_name\" content=\"LDA Belgique\" \/>\n<meta property=\"article:modified_time\" content=\"2025-08-20T13:34:15+00:00\" \/>\n<meta property=\"og:image\" content=\"https:\/\/lda.be\/wp-content\/uploads\/2025\/08\/580-temperature-sensors.webp\" \/>\n\t<meta property=\"og:image:width\" content=\"800\" \/>\n\t<meta property=\"og:image:height\" content=\"800\" \/>\n\t<meta property=\"og:image:type\" content=\"image\/webp\" \/>\n<meta name=\"twitter:card\" content=\"summary_large_image\" \/>\n<meta name=\"twitter:label1\" content=\"Dur\u00e9e de lecture estim\u00e9e\" \/>\n\t<meta name=\"twitter:data1\" content=\"2 minutes\" \/>\n<script type=\"application\/ld+json\" class=\"yoast-schema-graph\">{\"@context\":\"https:\\\/\\\/schema.org\",\"@graph\":[{\"@type\":\"WebPage\",\"@id\":\"https:\\\/\\\/lda.be\\\/fr\\\/produit\\\/detecteurs-de-temperature-serie-580\\\/\",\"url\":\"https:\\\/\\\/lda.be\\\/fr\\\/produit\\\/detecteurs-de-temperature-serie-580\\\/\",\"name\":\"D\u00e9tecteurs de temp\u00e9rature s\u00e9rie 580 - LDA Belgique\",\"isPartOf\":{\"@id\":\"https:\\\/\\\/lda.be\\\/fr\\\/#website\"},\"primaryImageOfPage\":{\"@id\":\"https:\\\/\\\/lda.be\\\/fr\\\/produit\\\/detecteurs-de-temperature-serie-580\\\/#primaryimage\"},\"image\":{\"@id\":\"https:\\\/\\\/lda.be\\\/fr\\\/produit\\\/detecteurs-de-temperature-serie-580\\\/#primaryimage\"},\"thumbnailUrl\":\"https:\\\/\\\/lda.be\\\/wp-content\\\/uploads\\\/2025\\\/08\\\/580-temperature-sensors.webp\",\"datePublished\":\"2025-08-20T13:16:28+00:00\",\"dateModified\":\"2025-08-20T13:34:15+00:00\",\"description\":\"D\u00e9tecteurs de temp\u00e9rature Euroswitch s\u00e9rie 580 (580, 580E, 582, 583, 589). NTC\\\/PTC\\\/PT100\\\/PT1000, IP67\u2013IP69, laiton\\\/acier inoxydable pour l'industrie et l'automobile. Chez LDA Belgique\",\"breadcrumb\":{\"@id\":\"https:\\\/\\\/lda.be\\\/fr\\\/produit\\\/detecteurs-de-temperature-serie-580\\\/#breadcrumb\"},\"inLanguage\":\"fr-FR\",\"potentialAction\":[{\"@type\":\"ReadAction\",\"target\":[\"https:\\\/\\\/lda.be\\\/fr\\\/produit\\\/detecteurs-de-temperature-serie-580\\\/\"]}]},{\"@type\":\"ImageObject\",\"inLanguage\":\"fr-FR\",\"@id\":\"https:\\\/\\\/lda.be\\\/fr\\\/produit\\\/detecteurs-de-temperature-serie-580\\\/#primaryimage\",\"url\":\"https:\\\/\\\/lda.be\\\/wp-content\\\/uploads\\\/2025\\\/08\\\/580-temperature-sensors.webp\",\"contentUrl\":\"https:\\\/\\\/lda.be\\\/wp-content\\\/uploads\\\/2025\\\/08\\\/580-temperature-sensors.webp\",\"width\":800,\"height\":800,\"caption\":\"580 temperature sensors\"},{\"@type\":\"BreadcrumbList\",\"@id\":\"https:\\\/\\\/lda.be\\\/fr\\\/produit\\\/detecteurs-de-temperature-serie-580\\\/#breadcrumb\",\"itemListElement\":[{\"@type\":\"ListItem\",\"position\":1,\"name\":\"Accueil\",\"item\":\"https:\\\/\\\/lda.be\\\/fr\\\/\"},{\"@type\":\"ListItem\",\"position\":2,\"name\":\"Produits\",\"item\":\"https:\\\/\\\/lda.be\\\/fr\\\/produits\\\/\"},{\"@type\":\"ListItem\",\"position\":3,\"name\":\"D\u00e9tecteurs de temp\u00e9rature s\u00e9rie 580\"}]},{\"@type\":\"WebSite\",\"@id\":\"https:\\\/\\\/lda.be\\\/fr\\\/#website\",\"url\":\"https:\\\/\\\/lda.be\\\/fr\\\/\",\"name\":\"LDA Belgium\",\"description\":\"Solutions For Life\",\"publisher\":{\"@id\":\"https:\\\/\\\/lda.be\\\/fr\\\/#organization\"},\"potentialAction\":[{\"@type\":\"SearchAction\",\"target\":{\"@type\":\"EntryPoint\",\"urlTemplate\":\"https:\\\/\\\/lda.be\\\/fr\\\/?s={search_term_string}\"},\"query-input\":{\"@type\":\"PropertyValueSpecification\",\"valueRequired\":true,\"valueName\":\"search_term_string\"}}],\"inLanguage\":\"fr-FR\"},{\"@type\":\"Organization\",\"@id\":\"https:\\\/\\\/lda.be\\\/fr\\\/#organization\",\"name\":\"LDA Belgium\",\"url\":\"https:\\\/\\\/lda.be\\\/fr\\\/\",\"logo\":{\"@type\":\"ImageObject\",\"inLanguage\":\"fr-FR\",\"@id\":\"https:\\\/\\\/lda.be\\\/fr\\\/#\\\/schema\\\/logo\\\/image\\\/\",\"url\":\"https:\\\/\\\/lda.be\\\/wp-content\\\/uploads\\\/2022\\\/07\\\/Logo-LDA.webp\",\"contentUrl\":\"https:\\\/\\\/lda.be\\\/wp-content\\\/uploads\\\/2022\\\/07\\\/Logo-LDA.webp\",\"width\":311,\"height\":101,\"caption\":\"LDA Belgium\"},\"image\":{\"@id\":\"https:\\\/\\\/lda.be\\\/fr\\\/#\\\/schema\\\/logo\\\/image\\\/\"},\"sameAs\":[\"https:\\\/\\\/www.linkedin.com\\\/company\\\/lda-belgium-nv\"]}]}<\/script>\n<!-- \/ Yoast SEO plugin. -->","yoast_head_json":{"title":"D\u00e9tecteurs de temp\u00e9rature s\u00e9rie 580 - LDA Belgique","description":"D\u00e9tecteurs de temp\u00e9rature Euroswitch s\u00e9rie 580 (580, 580E, 582, 583, 589). NTC\/PTC\/PT100\/PT1000, IP67\u2013IP69, laiton\/acier inoxydable pour l'industrie et l'automobile. Chez LDA Belgique","robots":{"index":"index","follow":"follow","max-snippet":"max-snippet:-1","max-image-preview":"max-image-preview:large","max-video-preview":"max-video-preview:-1"},"canonical":"https:\/\/lda.be\/fr\/produit\/detecteurs-de-temperature-serie-580\/","og_locale":"fr_FR","og_type":"article","og_title":"D\u00e9tecteurs de temp\u00e9rature s\u00e9rie 580 - LDA Belgique","og_description":"D\u00e9tecteurs de temp\u00e9rature Euroswitch s\u00e9rie 580 (580, 580E, 582, 583, 589). NTC\/PTC\/PT100\/PT1000, IP67\u2013IP69, laiton\/acier inoxydable pour l'industrie et l'automobile. Chez LDA Belgique","og_url":"https:\/\/lda.be\/fr\/produit\/detecteurs-de-temperature-serie-580\/","og_site_name":"LDA Belgique","article_modified_time":"2025-08-20T13:34:15+00:00","og_image":[{"width":800,"height":800,"url":"https:\/\/lda.be\/wp-content\/uploads\/2025\/08\/580-temperature-sensors.webp","type":"image\/webp"}],"twitter_card":"summary_large_image","twitter_misc":{"Dur\u00e9e de lecture estim\u00e9e":"2 minutes"},"schema":{"@context":"https:\/\/schema.org","@graph":[{"@type":"WebPage","@id":"https:\/\/lda.be\/fr\/produit\/detecteurs-de-temperature-serie-580\/","url":"https:\/\/lda.be\/fr\/produit\/detecteurs-de-temperature-serie-580\/","name":"D\u00e9tecteurs de temp\u00e9rature s\u00e9rie 580 - LDA Belgique","isPartOf":{"@id":"https:\/\/lda.be\/fr\/#website"},"primaryImageOfPage":{"@id":"https:\/\/lda.be\/fr\/produit\/detecteurs-de-temperature-serie-580\/#primaryimage"},"image":{"@id":"https:\/\/lda.be\/fr\/produit\/detecteurs-de-temperature-serie-580\/#primaryimage"},"thumbnailUrl":"https:\/\/lda.be\/wp-content\/uploads\/2025\/08\/580-temperature-sensors.webp","datePublished":"2025-08-20T13:16:28+00:00","dateModified":"2025-08-20T13:34:15+00:00","description":"D\u00e9tecteurs de temp\u00e9rature Euroswitch s\u00e9rie 580 (580, 580E, 582, 583, 589). NTC\/PTC\/PT100\/PT1000, IP67\u2013IP69, laiton\/acier inoxydable pour l'industrie et l'automobile. Chez LDA Belgique","breadcrumb":{"@id":"https:\/\/lda.be\/fr\/produit\/detecteurs-de-temperature-serie-580\/#breadcrumb"},"inLanguage":"fr-FR","potentialAction":[{"@type":"ReadAction","target":["https:\/\/lda.be\/fr\/produit\/detecteurs-de-temperature-serie-580\/"]}]},{"@type":"ImageObject","inLanguage":"fr-FR","@id":"https:\/\/lda.be\/fr\/produit\/detecteurs-de-temperature-serie-580\/#primaryimage","url":"https:\/\/lda.be\/wp-content\/uploads\/2025\/08\/580-temperature-sensors.webp","contentUrl":"https:\/\/lda.be\/wp-content\/uploads\/2025\/08\/580-temperature-sensors.webp","width":800,"height":800,"caption":"580 temperature sensors"},{"@type":"BreadcrumbList","@id":"https:\/\/lda.be\/fr\/produit\/detecteurs-de-temperature-serie-580\/#breadcrumb","itemListElement":[{"@type":"ListItem","position":1,"name":"Accueil","item":"https:\/\/lda.be\/fr\/"},{"@type":"ListItem","position":2,"name":"Produits","item":"https:\/\/lda.be\/fr\/produits\/"},{"@type":"ListItem","position":3,"name":"D\u00e9tecteurs de temp\u00e9rature s\u00e9rie 580"}]},{"@type":"WebSite","@id":"https:\/\/lda.be\/fr\/#website","url":"https:\/\/lda.be\/fr\/","name":"LDA Belgium","description":"Solutions For Life","publisher":{"@id":"https:\/\/lda.be\/fr\/#organization"},"potentialAction":[{"@type":"SearchAction","target":{"@type":"EntryPoint","urlTemplate":"https:\/\/lda.be\/fr\/?s={search_term_string}"},"query-input":{"@type":"PropertyValueSpecification","valueRequired":true,"valueName":"search_term_string"}}],"inLanguage":"fr-FR"},{"@type":"Organization","@id":"https:\/\/lda.be\/fr\/#organization","name":"LDA Belgium","url":"https:\/\/lda.be\/fr\/","logo":{"@type":"ImageObject","inLanguage":"fr-FR","@id":"https:\/\/lda.be\/fr\/#\/schema\/logo\/image\/","url":"https:\/\/lda.be\/wp-content\/uploads\/2022\/07\/Logo-LDA.webp","contentUrl":"https:\/\/lda.be\/wp-content\/uploads\/2022\/07\/Logo-LDA.webp","width":311,"height":101,"caption":"LDA Belgium"},"image":{"@id":"https:\/\/lda.be\/fr\/#\/schema\/logo\/image\/"},"sameAs":["https:\/\/www.linkedin.com\/company\/lda-belgium-nv"]}]}},"_links":{"self":[{"href":"https:\/\/lda.be\/fr\/wp-json\/wp\/v2\/product\/10962","targetHints":{"allow":["GET"]}}],"collection":[{"href":"https:\/\/lda.be\/fr\/wp-json\/wp\/v2\/product"}],"about":[{"href":"https:\/\/lda.be\/fr\/wp-json\/wp\/v2\/types\/product"}],"replies":[{"embeddable":true,"href":"https:\/\/lda.be\/fr\/wp-json\/wp\/v2\/comments?post=10962"}],"wp:featuredmedia":[{"embeddable":true,"href":"https:\/\/lda.be\/fr\/wp-json\/wp\/v2\/media\/10952"}],"wp:attachment":[{"href":"https:\/\/lda.be\/fr\/wp-json\/wp\/v2\/media?parent=10962"}],"wp:term":[{"taxonomy":"product_brand","embeddable":true,"href":"https:\/\/lda.be\/fr\/wp-json\/wp\/v2\/product_brand?post=10962"},{"taxonomy":"product_cat","embeddable":true,"href":"https:\/\/lda.be\/fr\/wp-json\/wp\/v2\/product_cat?post=10962"},{"taxonomy":"product_tag","embeddable":true,"href":"https:\/\/lda.be\/fr\/wp-json\/wp\/v2\/product_tag?post=10962"}],"curies":[{"name":"wp","href":"https:\/\/api.w.org\/{rel}","templated":true}]}}