{"id":10980,"date":"2025-08-20T15:37:55","date_gmt":"2025-08-20T14:37:55","guid":{"rendered":"https:\/\/lda.be\/?post_type=product&#038;p=10980"},"modified":"2025-08-20T15:41:06","modified_gmt":"2025-08-20T14:41:06","slug":"serie-est-de-detecteurs-de-temperature-analogiques","status":"publish","type":"product","link":"https:\/\/lda.be\/fr\/produit\/serie-est-de-detecteurs-de-temperature-analogiques\/","title":{"rendered":"S\u00e9rie EST de d\u00e9tecteurs de temp\u00e9rature analogiques"},"content":{"rendered":"<p>La s\u00e9rie EST de d\u00e9tecteurs de niveau analogiques a \u00e9t\u00e9 d\u00e9velopp\u00e9e pour les applications o\u00f9 la fiabilit\u00e9, la pr\u00e9cision et la robustesse sont essentielles. Ces d\u00e9tecteurs mesurent le niveau de liquide \u00e0 l&#8217;aide d&#8217;un flotteur qui se d\u00e9place le long d&#8217;une tige de guidage. Le mouvement est converti en un signal \u00e9lectrique analogique qui peut \u00eatre facilement connect\u00e9 \u00e0 des indicateurs, des syst\u00e8mes de mesure ou des composants \u00e9lectroniques de commande. Les capteurs conviennent ainsi \u00e0 divers secteurs, de l&#8217;automobile et la navigation aux installations industrielles et aux g\u00e9n\u00e9rateurs.<\/p>\n<p>La s\u00e9rie EST se distingue par sa polyvalence : les utilisateurs peuvent choisir parmi trois mod\u00e8les offrant chacun un signal de sortie diff\u00e9rent. Il est ainsi toujours possible de s\u00e9lectionner le capteur adapt\u00e9 \u00e0 l&#8217;application sp\u00e9cifique ou aux exigences du syst\u00e8me de mesure \u00e9lectronique. Les capteurs sont con\u00e7us pour fonctionner durablement dans des conditions difficiles.<\/p>\n<p>L&#8217;EST 01 est la version standard avec sortie r\u00e9sistive (0-190 \u03a9) et est souvent utilis\u00e9e dans les syst\u00e8mes de carburant classiques. L&#8217;EST IO\u00a0 est une version compacte avec une sortie de 0 \u00e0 90 \u03a9, largement utilis\u00e9e dans les v\u00e9hicules et les machines avec un espace d&#8217;installation limit\u00e9. Pour les applications plus avanc\u00e9es, il existe l&#8217;EST2 qui, avec sa sortie de tension analogique (0 \u00e0 5 V), est id\u00e9al pour une int\u00e9gration dans les syst\u00e8mes de mesure \u00e9lectroniques modernes o\u00f9 un traitement pr\u00e9cis du signal est n\u00e9cessaire.<\/p>\n","protected":false},"excerpt":{"rendered":"<p>La s\u00e9rie EST de d\u00e9tecteurs de niveau analogiques a \u00e9t\u00e9 d\u00e9velopp\u00e9e pour les applications o\u00f9 la fiabilit\u00e9, la pr\u00e9cision et la robustesse sont essentielles. Ces d\u00e9tecteurs mesurent le niveau de liquide \u00e0 l&#8217;aide d&#8217;un flotteur qui se d\u00e9place le long d&#8217;une tige de guidage. Le mouvement est converti en un signal \u00e9lectrique analogique qui peut [&hellip;]<\/p>\n","protected":false},"featured_media":10975,"comment_status":"closed","ping_status":"closed","template":"","meta":[],"product_brand":[1735,1749],"product_cat":[932,942,1751],"product_tag":[],"class_list":{"0":"post-10980","1":"product","2":"type-product","3":"status-publish","4":"has-post-thumbnail","6":"product_brand-euroswitch","7":"product_brand-temperature-sensor","8":"product_cat-instrumentation-composants-atex","9":"product_cat-composants-standards","10":"product_cat-detecteur-de-temperature","12":"first","13":"instock","14":"shipping-taxable","15":"product-type-simple"},"yoast_head":"<!-- This site is optimized with the Yoast SEO plugin v27.3 - https:\/\/yoast.com\/product\/yoast-seo-wordpress\/ -->\n<title>S\u00e9rie EST de d\u00e9tecteurs de temp\u00e9rature analogiques - LDA Belgique<\/title>\n<meta name=\"description\" content=\"Les d\u00e9tecteurs de niveau Euroswitch s\u00e9rie EST offrent une mesure pr\u00e9cise du niveau de liquide dans les r\u00e9servoirs de carburant et les applications industrielles. Disponibles en versions EST (0\u2013190 \u03a9), EST IO (0\u201390 \u03a9) et EST2 (0\u20135 VCC), ils se caract\u00e9risent par une construction robuste et des longueurs flexibles.\" \/>\n<meta name=\"robots\" content=\"index, follow, max-snippet:-1, max-image-preview:large, max-video-preview:-1\" \/>\n<link rel=\"canonical\" href=\"https:\/\/lda.be\/fr\/produit\/serie-est-de-detecteurs-de-temperature-analogiques\/\" \/>\n<meta property=\"og:locale\" content=\"fr_FR\" \/>\n<meta property=\"og:type\" content=\"article\" \/>\n<meta property=\"og:title\" content=\"S\u00e9rie EST de d\u00e9tecteurs de temp\u00e9rature analogiques - LDA Belgique\" \/>\n<meta property=\"og:description\" content=\"Les d\u00e9tecteurs de niveau Euroswitch s\u00e9rie EST offrent une mesure pr\u00e9cise du niveau de liquide dans les r\u00e9servoirs de carburant et les applications industrielles. Disponibles en versions EST (0\u2013190 \u03a9), EST IO (0\u201390 \u03a9) et EST2 (0\u20135 VCC), ils se caract\u00e9risent par une construction robuste et des longueurs flexibles.\" \/>\n<meta property=\"og:url\" content=\"https:\/\/lda.be\/fr\/produit\/serie-est-de-detecteurs-de-temperature-analogiques\/\" \/>\n<meta property=\"og:site_name\" content=\"LDA Belgique\" \/>\n<meta property=\"article:modified_time\" content=\"2025-08-20T14:41:06+00:00\" \/>\n<meta property=\"og:image\" content=\"https:\/\/lda.be\/wp-content\/uploads\/2025\/08\/EST-analogue-temperature-sensor.webp\" \/>\n\t<meta property=\"og:image:width\" content=\"800\" \/>\n\t<meta property=\"og:image:height\" content=\"800\" \/>\n\t<meta property=\"og:image:type\" content=\"image\/webp\" \/>\n<meta name=\"twitter:card\" content=\"summary_large_image\" \/>\n<meta name=\"twitter:label1\" content=\"Dur\u00e9e de lecture estim\u00e9e\" \/>\n\t<meta name=\"twitter:data1\" content=\"2 minutes\" \/>\n<script type=\"application\/ld+json\" class=\"yoast-schema-graph\">{\"@context\":\"https:\\\/\\\/schema.org\",\"@graph\":[{\"@type\":\"WebPage\",\"@id\":\"https:\\\/\\\/lda.be\\\/fr\\\/produit\\\/serie-est-de-detecteurs-de-temperature-analogiques\\\/\",\"url\":\"https:\\\/\\\/lda.be\\\/fr\\\/produit\\\/serie-est-de-detecteurs-de-temperature-analogiques\\\/\",\"name\":\"S\u00e9rie EST de d\u00e9tecteurs de temp\u00e9rature analogiques - LDA Belgique\",\"isPartOf\":{\"@id\":\"https:\\\/\\\/lda.be\\\/fr\\\/#website\"},\"primaryImageOfPage\":{\"@id\":\"https:\\\/\\\/lda.be\\\/fr\\\/produit\\\/serie-est-de-detecteurs-de-temperature-analogiques\\\/#primaryimage\"},\"image\":{\"@id\":\"https:\\\/\\\/lda.be\\\/fr\\\/produit\\\/serie-est-de-detecteurs-de-temperature-analogiques\\\/#primaryimage\"},\"thumbnailUrl\":\"https:\\\/\\\/lda.be\\\/wp-content\\\/uploads\\\/2025\\\/08\\\/EST-analogue-temperature-sensor.webp\",\"datePublished\":\"2025-08-20T14:37:55+00:00\",\"dateModified\":\"2025-08-20T14:41:06+00:00\",\"description\":\"Les d\u00e9tecteurs de niveau Euroswitch s\u00e9rie EST offrent une mesure pr\u00e9cise du niveau de liquide dans les r\u00e9servoirs de carburant et les applications industrielles. Disponibles en versions EST (0\u2013190 \u03a9), EST IO (0\u201390 \u03a9) et EST2 (0\u20135 VCC), ils se caract\u00e9risent par une construction robuste et des longueurs flexibles.\",\"breadcrumb\":{\"@id\":\"https:\\\/\\\/lda.be\\\/fr\\\/produit\\\/serie-est-de-detecteurs-de-temperature-analogiques\\\/#breadcrumb\"},\"inLanguage\":\"fr-FR\",\"potentialAction\":[{\"@type\":\"ReadAction\",\"target\":[\"https:\\\/\\\/lda.be\\\/fr\\\/produit\\\/serie-est-de-detecteurs-de-temperature-analogiques\\\/\"]}]},{\"@type\":\"ImageObject\",\"inLanguage\":\"fr-FR\",\"@id\":\"https:\\\/\\\/lda.be\\\/fr\\\/produit\\\/serie-est-de-detecteurs-de-temperature-analogiques\\\/#primaryimage\",\"url\":\"https:\\\/\\\/lda.be\\\/wp-content\\\/uploads\\\/2025\\\/08\\\/EST-analogue-temperature-sensor.webp\",\"contentUrl\":\"https:\\\/\\\/lda.be\\\/wp-content\\\/uploads\\\/2025\\\/08\\\/EST-analogue-temperature-sensor.webp\",\"width\":800,\"height\":800,\"caption\":\"De EST-serie niveausensoren van Euroswitch biedt nauwkeurige vloeistofmeting in brandstoftanks en industri\u00eble toepassingen. Verkrijgbaar als EST (0\u2013190 \u03a9), EST IO (0\u201390 \u03a9) en EST2 (0\u20135 VDC) met robuuste constructie en flexibele lengtes.\"},{\"@type\":\"BreadcrumbList\",\"@id\":\"https:\\\/\\\/lda.be\\\/fr\\\/produit\\\/serie-est-de-detecteurs-de-temperature-analogiques\\\/#breadcrumb\",\"itemListElement\":[{\"@type\":\"ListItem\",\"position\":1,\"name\":\"Accueil\",\"item\":\"https:\\\/\\\/lda.be\\\/fr\\\/\"},{\"@type\":\"ListItem\",\"position\":2,\"name\":\"Produits\",\"item\":\"https:\\\/\\\/lda.be\\\/fr\\\/produits\\\/\"},{\"@type\":\"ListItem\",\"position\":3,\"name\":\"S\u00e9rie EST de d\u00e9tecteurs de temp\u00e9rature analogiques\"}]},{\"@type\":\"WebSite\",\"@id\":\"https:\\\/\\\/lda.be\\\/fr\\\/#website\",\"url\":\"https:\\\/\\\/lda.be\\\/fr\\\/\",\"name\":\"LDA Belgium\",\"description\":\"Solutions For Life\",\"publisher\":{\"@id\":\"https:\\\/\\\/lda.be\\\/fr\\\/#organization\"},\"potentialAction\":[{\"@type\":\"SearchAction\",\"target\":{\"@type\":\"EntryPoint\",\"urlTemplate\":\"https:\\\/\\\/lda.be\\\/fr\\\/?s={search_term_string}\"},\"query-input\":{\"@type\":\"PropertyValueSpecification\",\"valueRequired\":true,\"valueName\":\"search_term_string\"}}],\"inLanguage\":\"fr-FR\"},{\"@type\":\"Organization\",\"@id\":\"https:\\\/\\\/lda.be\\\/fr\\\/#organization\",\"name\":\"LDA Belgium\",\"url\":\"https:\\\/\\\/lda.be\\\/fr\\\/\",\"logo\":{\"@type\":\"ImageObject\",\"inLanguage\":\"fr-FR\",\"@id\":\"https:\\\/\\\/lda.be\\\/fr\\\/#\\\/schema\\\/logo\\\/image\\\/\",\"url\":\"https:\\\/\\\/lda.be\\\/wp-content\\\/uploads\\\/2022\\\/07\\\/Logo-LDA.webp\",\"contentUrl\":\"https:\\\/\\\/lda.be\\\/wp-content\\\/uploads\\\/2022\\\/07\\\/Logo-LDA.webp\",\"width\":311,\"height\":101,\"caption\":\"LDA Belgium\"},\"image\":{\"@id\":\"https:\\\/\\\/lda.be\\\/fr\\\/#\\\/schema\\\/logo\\\/image\\\/\"},\"sameAs\":[\"https:\\\/\\\/www.linkedin.com\\\/company\\\/lda-belgium-nv\"]}]}<\/script>\n<!-- \/ Yoast SEO plugin. -->","yoast_head_json":{"title":"S\u00e9rie EST de d\u00e9tecteurs de temp\u00e9rature analogiques - LDA Belgique","description":"Les d\u00e9tecteurs de niveau Euroswitch s\u00e9rie EST offrent une mesure pr\u00e9cise du niveau de liquide dans les r\u00e9servoirs de carburant et les applications industrielles. Disponibles en versions EST (0\u2013190 \u03a9), EST IO (0\u201390 \u03a9) et EST2 (0\u20135 VCC), ils se caract\u00e9risent par une construction robuste et des longueurs flexibles.","robots":{"index":"index","follow":"follow","max-snippet":"max-snippet:-1","max-image-preview":"max-image-preview:large","max-video-preview":"max-video-preview:-1"},"canonical":"https:\/\/lda.be\/fr\/produit\/serie-est-de-detecteurs-de-temperature-analogiques\/","og_locale":"fr_FR","og_type":"article","og_title":"S\u00e9rie EST de d\u00e9tecteurs de temp\u00e9rature analogiques - LDA Belgique","og_description":"Les d\u00e9tecteurs de niveau Euroswitch s\u00e9rie EST offrent une mesure pr\u00e9cise du niveau de liquide dans les r\u00e9servoirs de carburant et les applications industrielles. Disponibles en versions EST (0\u2013190 \u03a9), EST IO (0\u201390 \u03a9) et EST2 (0\u20135 VCC), ils se caract\u00e9risent par une construction robuste et des longueurs flexibles.","og_url":"https:\/\/lda.be\/fr\/produit\/serie-est-de-detecteurs-de-temperature-analogiques\/","og_site_name":"LDA Belgique","article_modified_time":"2025-08-20T14:41:06+00:00","og_image":[{"width":800,"height":800,"url":"https:\/\/lda.be\/wp-content\/uploads\/2025\/08\/EST-analogue-temperature-sensor.webp","type":"image\/webp"}],"twitter_card":"summary_large_image","twitter_misc":{"Dur\u00e9e de lecture estim\u00e9e":"2 minutes"},"schema":{"@context":"https:\/\/schema.org","@graph":[{"@type":"WebPage","@id":"https:\/\/lda.be\/fr\/produit\/serie-est-de-detecteurs-de-temperature-analogiques\/","url":"https:\/\/lda.be\/fr\/produit\/serie-est-de-detecteurs-de-temperature-analogiques\/","name":"S\u00e9rie EST de d\u00e9tecteurs de temp\u00e9rature analogiques - LDA Belgique","isPartOf":{"@id":"https:\/\/lda.be\/fr\/#website"},"primaryImageOfPage":{"@id":"https:\/\/lda.be\/fr\/produit\/serie-est-de-detecteurs-de-temperature-analogiques\/#primaryimage"},"image":{"@id":"https:\/\/lda.be\/fr\/produit\/serie-est-de-detecteurs-de-temperature-analogiques\/#primaryimage"},"thumbnailUrl":"https:\/\/lda.be\/wp-content\/uploads\/2025\/08\/EST-analogue-temperature-sensor.webp","datePublished":"2025-08-20T14:37:55+00:00","dateModified":"2025-08-20T14:41:06+00:00","description":"Les d\u00e9tecteurs de niveau Euroswitch s\u00e9rie EST offrent une mesure pr\u00e9cise du niveau de liquide dans les r\u00e9servoirs de carburant et les applications industrielles. Disponibles en versions EST (0\u2013190 \u03a9), EST IO (0\u201390 \u03a9) et EST2 (0\u20135 VCC), ils se caract\u00e9risent par une construction robuste et des longueurs flexibles.","breadcrumb":{"@id":"https:\/\/lda.be\/fr\/produit\/serie-est-de-detecteurs-de-temperature-analogiques\/#breadcrumb"},"inLanguage":"fr-FR","potentialAction":[{"@type":"ReadAction","target":["https:\/\/lda.be\/fr\/produit\/serie-est-de-detecteurs-de-temperature-analogiques\/"]}]},{"@type":"ImageObject","inLanguage":"fr-FR","@id":"https:\/\/lda.be\/fr\/produit\/serie-est-de-detecteurs-de-temperature-analogiques\/#primaryimage","url":"https:\/\/lda.be\/wp-content\/uploads\/2025\/08\/EST-analogue-temperature-sensor.webp","contentUrl":"https:\/\/lda.be\/wp-content\/uploads\/2025\/08\/EST-analogue-temperature-sensor.webp","width":800,"height":800,"caption":"De EST-serie niveausensoren van Euroswitch biedt nauwkeurige vloeistofmeting in brandstoftanks en industri\u00eble toepassingen. Verkrijgbaar als EST (0\u2013190 \u03a9), EST IO (0\u201390 \u03a9) en EST2 (0\u20135 VDC) met robuuste constructie en flexibele lengtes."},{"@type":"BreadcrumbList","@id":"https:\/\/lda.be\/fr\/produit\/serie-est-de-detecteurs-de-temperature-analogiques\/#breadcrumb","itemListElement":[{"@type":"ListItem","position":1,"name":"Accueil","item":"https:\/\/lda.be\/fr\/"},{"@type":"ListItem","position":2,"name":"Produits","item":"https:\/\/lda.be\/fr\/produits\/"},{"@type":"ListItem","position":3,"name":"S\u00e9rie EST de d\u00e9tecteurs de temp\u00e9rature analogiques"}]},{"@type":"WebSite","@id":"https:\/\/lda.be\/fr\/#website","url":"https:\/\/lda.be\/fr\/","name":"LDA Belgium","description":"Solutions For Life","publisher":{"@id":"https:\/\/lda.be\/fr\/#organization"},"potentialAction":[{"@type":"SearchAction","target":{"@type":"EntryPoint","urlTemplate":"https:\/\/lda.be\/fr\/?s={search_term_string}"},"query-input":{"@type":"PropertyValueSpecification","valueRequired":true,"valueName":"search_term_string"}}],"inLanguage":"fr-FR"},{"@type":"Organization","@id":"https:\/\/lda.be\/fr\/#organization","name":"LDA Belgium","url":"https:\/\/lda.be\/fr\/","logo":{"@type":"ImageObject","inLanguage":"fr-FR","@id":"https:\/\/lda.be\/fr\/#\/schema\/logo\/image\/","url":"https:\/\/lda.be\/wp-content\/uploads\/2022\/07\/Logo-LDA.webp","contentUrl":"https:\/\/lda.be\/wp-content\/uploads\/2022\/07\/Logo-LDA.webp","width":311,"height":101,"caption":"LDA Belgium"},"image":{"@id":"https:\/\/lda.be\/fr\/#\/schema\/logo\/image\/"},"sameAs":["https:\/\/www.linkedin.com\/company\/lda-belgium-nv"]}]}},"_links":{"self":[{"href":"https:\/\/lda.be\/fr\/wp-json\/wp\/v2\/product\/10980","targetHints":{"allow":["GET"]}}],"collection":[{"href":"https:\/\/lda.be\/fr\/wp-json\/wp\/v2\/product"}],"about":[{"href":"https:\/\/lda.be\/fr\/wp-json\/wp\/v2\/types\/product"}],"replies":[{"embeddable":true,"href":"https:\/\/lda.be\/fr\/wp-json\/wp\/v2\/comments?post=10980"}],"wp:featuredmedia":[{"embeddable":true,"href":"https:\/\/lda.be\/fr\/wp-json\/wp\/v2\/media\/10975"}],"wp:attachment":[{"href":"https:\/\/lda.be\/fr\/wp-json\/wp\/v2\/media?parent=10980"}],"wp:term":[{"taxonomy":"product_brand","embeddable":true,"href":"https:\/\/lda.be\/fr\/wp-json\/wp\/v2\/product_brand?post=10980"},{"taxonomy":"product_cat","embeddable":true,"href":"https:\/\/lda.be\/fr\/wp-json\/wp\/v2\/product_cat?post=10980"},{"taxonomy":"product_tag","embeddable":true,"href":"https:\/\/lda.be\/fr\/wp-json\/wp\/v2\/product_tag?post=10980"}],"curies":[{"name":"wp","href":"https:\/\/api.w.org\/{rel}","templated":true}]}}