{"id":11007,"date":"2025-08-21T14:54:13","date_gmt":"2025-08-21T13:54:13","guid":{"rendered":"https:\/\/lda.be\/?post_type=product&#038;p=11007"},"modified":"2025-08-21T15:02:21","modified_gmt":"2025-08-21T14:02:21","slug":"cylindres-electriques-serie-cbl-24-v-48-v","status":"publish","type":"product","link":"https:\/\/lda.be\/fr\/produit\/cylindres-electriques-serie-cbl-24-v-48-v\/","title":{"rendered":"Cylindres \u00e9lectriques s\u00e9rie CBL 24 V &#8211; 48 V"},"content":{"rendered":"<p>Les v\u00e9rins \u00e9lectriques de la s\u00e9rie CBL sont des v\u00e9rins \u00e9lectriques avec ou sans contr\u00f4leur int\u00e9gr\u00e9. Cela facilite leur installation et les rend id\u00e9aux pour les applications o\u00f9 l&#8217;espace est limit\u00e9, mais o\u00f9 un contr\u00f4le pr\u00e9cis et des performances \u00e9lev\u00e9es sont importants. Gr\u00e2ce \u00e0 leur commande programmable, ces v\u00e9rins offrent non seulement un contr\u00f4le du positionnement, de la vitesse et de la force, mais aussi une dur\u00e9e de vie prolong\u00e9e de plus de 100 millions de cycles, un fonctionnement silencieux et sans air, ainsi qu&#8217;une efficacit\u00e9 \u00e9nerg\u00e9tique \u00e9lev\u00e9e.<\/p>\n<p>L&#8217;interface utilisateur graphique (GUI) int\u00e9gr\u00e9e rend le r\u00e9glage des param\u00e8tres rapide et intuitif, tandis que les profils de produit peuvent \u00eatre facilement ajust\u00e9s \u00ab \u00e0 la vol\u00e9e \u00bb, ce qui am\u00e9liore consid\u00e9rablement le temps de fonctionnement dans les environnements de production.<\/p>\n","protected":false},"excerpt":{"rendered":"<p>Les v\u00e9rins \u00e9lectriques de la s\u00e9rie CBL sont des v\u00e9rins \u00e9lectriques avec ou sans contr\u00f4leur int\u00e9gr\u00e9. Cela facilite leur installation et les rend id\u00e9aux pour les applications o\u00f9 l&#8217;espace est limit\u00e9, mais o\u00f9 un contr\u00f4le pr\u00e9cis et des performances \u00e9lev\u00e9es sont importants. Gr\u00e2ce \u00e0 leur commande programmable, ces v\u00e9rins offrent non seulement un contr\u00f4le du [&hellip;]<\/p>\n","protected":false},"featured_media":10998,"comment_status":"closed","ping_status":"closed","template":"","meta":[],"product_brand":[1759],"product_cat":[838,854,1040],"product_tag":[],"class_list":{"0":"post-11007","1":"product","2":"type-product","3":"status-publish","4":"has-post-thumbnail","6":"product_brand-smac","7":"product_cat-electricite","8":"product_cat-technologie-de-bobine-mobile","9":"product_cat-verins-fr","11":"first","12":"instock","13":"shipping-taxable","14":"product-type-simple"},"yoast_head":"<!-- This site is optimized with the Yoast SEO plugin v27.3 - https:\/\/yoast.com\/product\/yoast-seo-wordpress\/ -->\n<title>Cylindres \u00e9lectriques s\u00e9rie CBL 24 V - 48 V - LDA Belgique<\/title>\n<meta name=\"description\" content=\"Les cylindres \u00e9lectriques s\u00e9rie CBL avec contr\u00f4leur int\u00e9gr\u00e9 allient dimensions compactes, commande programmable, haute pr\u00e9cision et longue dur\u00e9e de vie. Id\u00e9aux pour une automatisation peu encombrante et \u00e9conome en \u00e9nergie. Disponibles chez LDA Belgique.\" \/>\n<meta name=\"robots\" content=\"index, follow, max-snippet:-1, max-image-preview:large, max-video-preview:-1\" \/>\n<link rel=\"canonical\" href=\"https:\/\/lda.be\/fr\/produit\/cylindres-electriques-serie-cbl-24-v-48-v\/\" \/>\n<meta property=\"og:locale\" content=\"fr_FR\" \/>\n<meta property=\"og:type\" content=\"article\" \/>\n<meta property=\"og:title\" content=\"Cylindres \u00e9lectriques s\u00e9rie CBL 24 V - 48 V - LDA Belgique\" \/>\n<meta property=\"og:description\" content=\"Les cylindres \u00e9lectriques s\u00e9rie CBL avec contr\u00f4leur int\u00e9gr\u00e9 allient dimensions compactes, commande programmable, haute pr\u00e9cision et longue dur\u00e9e de vie. Id\u00e9aux pour une automatisation peu encombrante et \u00e9conome en \u00e9nergie. Disponibles chez LDA Belgique.\" \/>\n<meta property=\"og:url\" content=\"https:\/\/lda.be\/fr\/produit\/cylindres-electriques-serie-cbl-24-v-48-v\/\" \/>\n<meta property=\"og:site_name\" content=\"LDA Belgique\" \/>\n<meta property=\"article:modified_time\" content=\"2025-08-21T14:02:21+00:00\" \/>\n<meta property=\"og:image\" content=\"https:\/\/lda.be\/wp-content\/uploads\/2025\/08\/CBL-serie.webp\" \/>\n\t<meta property=\"og:image:width\" content=\"800\" \/>\n\t<meta property=\"og:image:height\" content=\"800\" \/>\n\t<meta property=\"og:image:type\" content=\"image\/webp\" \/>\n<meta name=\"twitter:card\" content=\"summary_large_image\" \/>\n<script type=\"application\/ld+json\" class=\"yoast-schema-graph\">{\"@context\":\"https:\\\/\\\/schema.org\",\"@graph\":[{\"@type\":\"WebPage\",\"@id\":\"https:\\\/\\\/lda.be\\\/fr\\\/produit\\\/cylindres-electriques-serie-cbl-24-v-48-v\\\/\",\"url\":\"https:\\\/\\\/lda.be\\\/fr\\\/produit\\\/cylindres-electriques-serie-cbl-24-v-48-v\\\/\",\"name\":\"Cylindres \u00e9lectriques s\u00e9rie CBL 24 V - 48 V - LDA Belgique\",\"isPartOf\":{\"@id\":\"https:\\\/\\\/lda.be\\\/fr\\\/#website\"},\"primaryImageOfPage\":{\"@id\":\"https:\\\/\\\/lda.be\\\/fr\\\/produit\\\/cylindres-electriques-serie-cbl-24-v-48-v\\\/#primaryimage\"},\"image\":{\"@id\":\"https:\\\/\\\/lda.be\\\/fr\\\/produit\\\/cylindres-electriques-serie-cbl-24-v-48-v\\\/#primaryimage\"},\"thumbnailUrl\":\"https:\\\/\\\/lda.be\\\/wp-content\\\/uploads\\\/2025\\\/08\\\/CBL-serie.webp\",\"datePublished\":\"2025-08-21T13:54:13+00:00\",\"dateModified\":\"2025-08-21T14:02:21+00:00\",\"description\":\"Les cylindres \u00e9lectriques s\u00e9rie CBL avec contr\u00f4leur int\u00e9gr\u00e9 allient dimensions compactes, commande programmable, haute pr\u00e9cision et longue dur\u00e9e de vie. Id\u00e9aux pour une automatisation peu encombrante et \u00e9conome en \u00e9nergie. Disponibles chez LDA Belgique.\",\"breadcrumb\":{\"@id\":\"https:\\\/\\\/lda.be\\\/fr\\\/produit\\\/cylindres-electriques-serie-cbl-24-v-48-v\\\/#breadcrumb\"},\"inLanguage\":\"fr-FR\",\"potentialAction\":[{\"@type\":\"ReadAction\",\"target\":[\"https:\\\/\\\/lda.be\\\/fr\\\/produit\\\/cylindres-electriques-serie-cbl-24-v-48-v\\\/\"]}]},{\"@type\":\"ImageObject\",\"inLanguage\":\"fr-FR\",\"@id\":\"https:\\\/\\\/lda.be\\\/fr\\\/produit\\\/cylindres-electriques-serie-cbl-24-v-48-v\\\/#primaryimage\",\"url\":\"https:\\\/\\\/lda.be\\\/wp-content\\\/uploads\\\/2025\\\/08\\\/CBL-serie.webp\",\"contentUrl\":\"https:\\\/\\\/lda.be\\\/wp-content\\\/uploads\\\/2025\\\/08\\\/CBL-serie.webp\",\"width\":800,\"height\":800,\"caption\":\"CBL Serie elektrische cilinders\"},{\"@type\":\"BreadcrumbList\",\"@id\":\"https:\\\/\\\/lda.be\\\/fr\\\/produit\\\/cylindres-electriques-serie-cbl-24-v-48-v\\\/#breadcrumb\",\"itemListElement\":[{\"@type\":\"ListItem\",\"position\":1,\"name\":\"Accueil\",\"item\":\"https:\\\/\\\/lda.be\\\/fr\\\/\"},{\"@type\":\"ListItem\",\"position\":2,\"name\":\"Produits\",\"item\":\"https:\\\/\\\/lda.be\\\/fr\\\/produits\\\/\"},{\"@type\":\"ListItem\",\"position\":3,\"name\":\"Cylindres \u00e9lectriques s\u00e9rie CBL 24 V &#8211; 48 V\"}]},{\"@type\":\"WebSite\",\"@id\":\"https:\\\/\\\/lda.be\\\/fr\\\/#website\",\"url\":\"https:\\\/\\\/lda.be\\\/fr\\\/\",\"name\":\"LDA Belgium\",\"description\":\"Solutions For Life\",\"publisher\":{\"@id\":\"https:\\\/\\\/lda.be\\\/fr\\\/#organization\"},\"potentialAction\":[{\"@type\":\"SearchAction\",\"target\":{\"@type\":\"EntryPoint\",\"urlTemplate\":\"https:\\\/\\\/lda.be\\\/fr\\\/?s={search_term_string}\"},\"query-input\":{\"@type\":\"PropertyValueSpecification\",\"valueRequired\":true,\"valueName\":\"search_term_string\"}}],\"inLanguage\":\"fr-FR\"},{\"@type\":\"Organization\",\"@id\":\"https:\\\/\\\/lda.be\\\/fr\\\/#organization\",\"name\":\"LDA Belgium\",\"url\":\"https:\\\/\\\/lda.be\\\/fr\\\/\",\"logo\":{\"@type\":\"ImageObject\",\"inLanguage\":\"fr-FR\",\"@id\":\"https:\\\/\\\/lda.be\\\/fr\\\/#\\\/schema\\\/logo\\\/image\\\/\",\"url\":\"https:\\\/\\\/lda.be\\\/wp-content\\\/uploads\\\/2022\\\/07\\\/Logo-LDA.webp\",\"contentUrl\":\"https:\\\/\\\/lda.be\\\/wp-content\\\/uploads\\\/2022\\\/07\\\/Logo-LDA.webp\",\"width\":311,\"height\":101,\"caption\":\"LDA Belgium\"},\"image\":{\"@id\":\"https:\\\/\\\/lda.be\\\/fr\\\/#\\\/schema\\\/logo\\\/image\\\/\"},\"sameAs\":[\"https:\\\/\\\/www.linkedin.com\\\/company\\\/lda-belgium-nv\"]}]}<\/script>\n<!-- \/ Yoast SEO plugin. -->","yoast_head_json":{"title":"Cylindres \u00e9lectriques s\u00e9rie CBL 24 V - 48 V - LDA Belgique","description":"Les cylindres \u00e9lectriques s\u00e9rie CBL avec contr\u00f4leur int\u00e9gr\u00e9 allient dimensions compactes, commande programmable, haute pr\u00e9cision et longue dur\u00e9e de vie. Id\u00e9aux pour une automatisation peu encombrante et \u00e9conome en \u00e9nergie. Disponibles chez LDA Belgique.","robots":{"index":"index","follow":"follow","max-snippet":"max-snippet:-1","max-image-preview":"max-image-preview:large","max-video-preview":"max-video-preview:-1"},"canonical":"https:\/\/lda.be\/fr\/produit\/cylindres-electriques-serie-cbl-24-v-48-v\/","og_locale":"fr_FR","og_type":"article","og_title":"Cylindres \u00e9lectriques s\u00e9rie CBL 24 V - 48 V - LDA Belgique","og_description":"Les cylindres \u00e9lectriques s\u00e9rie CBL avec contr\u00f4leur int\u00e9gr\u00e9 allient dimensions compactes, commande programmable, haute pr\u00e9cision et longue dur\u00e9e de vie. Id\u00e9aux pour une automatisation peu encombrante et \u00e9conome en \u00e9nergie. Disponibles chez LDA Belgique.","og_url":"https:\/\/lda.be\/fr\/produit\/cylindres-electriques-serie-cbl-24-v-48-v\/","og_site_name":"LDA Belgique","article_modified_time":"2025-08-21T14:02:21+00:00","og_image":[{"width":800,"height":800,"url":"https:\/\/lda.be\/wp-content\/uploads\/2025\/08\/CBL-serie.webp","type":"image\/webp"}],"twitter_card":"summary_large_image","schema":{"@context":"https:\/\/schema.org","@graph":[{"@type":"WebPage","@id":"https:\/\/lda.be\/fr\/produit\/cylindres-electriques-serie-cbl-24-v-48-v\/","url":"https:\/\/lda.be\/fr\/produit\/cylindres-electriques-serie-cbl-24-v-48-v\/","name":"Cylindres \u00e9lectriques s\u00e9rie CBL 24 V - 48 V - LDA Belgique","isPartOf":{"@id":"https:\/\/lda.be\/fr\/#website"},"primaryImageOfPage":{"@id":"https:\/\/lda.be\/fr\/produit\/cylindres-electriques-serie-cbl-24-v-48-v\/#primaryimage"},"image":{"@id":"https:\/\/lda.be\/fr\/produit\/cylindres-electriques-serie-cbl-24-v-48-v\/#primaryimage"},"thumbnailUrl":"https:\/\/lda.be\/wp-content\/uploads\/2025\/08\/CBL-serie.webp","datePublished":"2025-08-21T13:54:13+00:00","dateModified":"2025-08-21T14:02:21+00:00","description":"Les cylindres \u00e9lectriques s\u00e9rie CBL avec contr\u00f4leur int\u00e9gr\u00e9 allient dimensions compactes, commande programmable, haute pr\u00e9cision et longue dur\u00e9e de vie. Id\u00e9aux pour une automatisation peu encombrante et \u00e9conome en \u00e9nergie. Disponibles chez LDA Belgique.","breadcrumb":{"@id":"https:\/\/lda.be\/fr\/produit\/cylindres-electriques-serie-cbl-24-v-48-v\/#breadcrumb"},"inLanguage":"fr-FR","potentialAction":[{"@type":"ReadAction","target":["https:\/\/lda.be\/fr\/produit\/cylindres-electriques-serie-cbl-24-v-48-v\/"]}]},{"@type":"ImageObject","inLanguage":"fr-FR","@id":"https:\/\/lda.be\/fr\/produit\/cylindres-electriques-serie-cbl-24-v-48-v\/#primaryimage","url":"https:\/\/lda.be\/wp-content\/uploads\/2025\/08\/CBL-serie.webp","contentUrl":"https:\/\/lda.be\/wp-content\/uploads\/2025\/08\/CBL-serie.webp","width":800,"height":800,"caption":"CBL Serie elektrische cilinders"},{"@type":"BreadcrumbList","@id":"https:\/\/lda.be\/fr\/produit\/cylindres-electriques-serie-cbl-24-v-48-v\/#breadcrumb","itemListElement":[{"@type":"ListItem","position":1,"name":"Accueil","item":"https:\/\/lda.be\/fr\/"},{"@type":"ListItem","position":2,"name":"Produits","item":"https:\/\/lda.be\/fr\/produits\/"},{"@type":"ListItem","position":3,"name":"Cylindres \u00e9lectriques s\u00e9rie CBL 24 V &#8211; 48 V"}]},{"@type":"WebSite","@id":"https:\/\/lda.be\/fr\/#website","url":"https:\/\/lda.be\/fr\/","name":"LDA Belgium","description":"Solutions For Life","publisher":{"@id":"https:\/\/lda.be\/fr\/#organization"},"potentialAction":[{"@type":"SearchAction","target":{"@type":"EntryPoint","urlTemplate":"https:\/\/lda.be\/fr\/?s={search_term_string}"},"query-input":{"@type":"PropertyValueSpecification","valueRequired":true,"valueName":"search_term_string"}}],"inLanguage":"fr-FR"},{"@type":"Organization","@id":"https:\/\/lda.be\/fr\/#organization","name":"LDA Belgium","url":"https:\/\/lda.be\/fr\/","logo":{"@type":"ImageObject","inLanguage":"fr-FR","@id":"https:\/\/lda.be\/fr\/#\/schema\/logo\/image\/","url":"https:\/\/lda.be\/wp-content\/uploads\/2022\/07\/Logo-LDA.webp","contentUrl":"https:\/\/lda.be\/wp-content\/uploads\/2022\/07\/Logo-LDA.webp","width":311,"height":101,"caption":"LDA Belgium"},"image":{"@id":"https:\/\/lda.be\/fr\/#\/schema\/logo\/image\/"},"sameAs":["https:\/\/www.linkedin.com\/company\/lda-belgium-nv"]}]}},"_links":{"self":[{"href":"https:\/\/lda.be\/fr\/wp-json\/wp\/v2\/product\/11007","targetHints":{"allow":["GET"]}}],"collection":[{"href":"https:\/\/lda.be\/fr\/wp-json\/wp\/v2\/product"}],"about":[{"href":"https:\/\/lda.be\/fr\/wp-json\/wp\/v2\/types\/product"}],"replies":[{"embeddable":true,"href":"https:\/\/lda.be\/fr\/wp-json\/wp\/v2\/comments?post=11007"}],"wp:featuredmedia":[{"embeddable":true,"href":"https:\/\/lda.be\/fr\/wp-json\/wp\/v2\/media\/10998"}],"wp:attachment":[{"href":"https:\/\/lda.be\/fr\/wp-json\/wp\/v2\/media?parent=11007"}],"wp:term":[{"taxonomy":"product_brand","embeddable":true,"href":"https:\/\/lda.be\/fr\/wp-json\/wp\/v2\/product_brand?post=11007"},{"taxonomy":"product_cat","embeddable":true,"href":"https:\/\/lda.be\/fr\/wp-json\/wp\/v2\/product_cat?post=11007"},{"taxonomy":"product_tag","embeddable":true,"href":"https:\/\/lda.be\/fr\/wp-json\/wp\/v2\/product_tag?post=11007"}],"curies":[{"name":"wp","href":"https:\/\/api.w.org\/{rel}","templated":true}]}}