{"id":11036,"date":"2025-08-22T10:19:33","date_gmt":"2025-08-22T09:19:33","guid":{"rendered":"https:\/\/lda.be\/?post_type=product&#038;p=11036"},"modified":"2025-08-22T10:46:07","modified_gmt":"2025-08-22T09:46:07","slug":"actionneurs-lineaires-electriques-serie-lpl","status":"publish","type":"product","link":"https:\/\/lda.be\/fr\/produit\/actionneurs-lineaires-electriques-serie-lpl\/","title":{"rendered":"Actionneurs lin\u00e9aires \u00e9lectriques s\u00e9rie LPL"},"content":{"rendered":"<p>La s\u00e9rie LPL d&#8217;actionneurs lin\u00e9aires \u00e9lectriques a \u00e9t\u00e9 sp\u00e9cialement d\u00e9velopp\u00e9e comme alternative compacte et puissante aux v\u00e9rins pneumatiques. Gr\u00e2ce \u00e0 leur conception \u00e9lanc\u00e9e et \u00e0 leur rapport puissance\/poids \u00e9lev\u00e9, ces actionneurs sont id\u00e9aux pour les applications o\u00f9 l&#8217;espace est limit\u00e9 et o\u00f9 les performances doivent \u00eatre \u00e9lev\u00e9es.<\/p>\n<p>La s\u00e9rie LPL offre un contr\u00f4le enti\u00e8rement programmable de la position, de la vitesse et de la force, y compris la possibilit\u00e9 d&#8217;une fonctionnalit\u00e9 Soft-Land : atterrissage en douceur sur une surface, ex\u00e9cution du travail et retour d&#8217;information en temps r\u00e9el. Cela rend l&#8217;actionneur particuli\u00e8rement adapt\u00e9 aux processus d&#8217;automatisation qui exigent une grande pr\u00e9cision et une grande fiabilit\u00e9.<\/p>\n<p>Avec une dur\u00e9e de vie de plus de 100 millions de cycles et un positionnement comp\u00e9titif en termes de prix, la s\u00e9rie LPL constitue une alternative durable et efficace aux actionneurs pneumatiques et \u00e0 vis \u00e0 billes.<\/p>\n","protected":false},"excerpt":{"rendered":"<p>La s\u00e9rie LPL d&#8217;actionneurs lin\u00e9aires \u00e9lectriques a \u00e9t\u00e9 sp\u00e9cialement d\u00e9velopp\u00e9e comme alternative compacte et puissante aux v\u00e9rins pneumatiques. Gr\u00e2ce \u00e0 leur conception \u00e9lanc\u00e9e et \u00e0 leur rapport puissance\/poids \u00e9lev\u00e9, ces actionneurs sont id\u00e9aux pour les applications o\u00f9 l&#8217;espace est limit\u00e9 et o\u00f9 les performances doivent \u00eatre \u00e9lev\u00e9es. La s\u00e9rie LPL offre un contr\u00f4le enti\u00e8rement programmable [&hellip;]<\/p>\n","protected":false},"featured_media":11029,"comment_status":"closed","ping_status":"closed","template":"","meta":[],"product_brand":[1760,1759],"product_cat":[838,854,864],"product_tag":[],"class_list":{"0":"post-11036","1":"product","2":"type-product","3":"status-publish","4":"has-post-thumbnail","6":"product_brand-linear-actuators","7":"product_brand-smac","8":"product_cat-electricite","9":"product_cat-technologie-de-bobine-mobile","10":"product_cat-actionneurs-lineaires-fr","12":"first","13":"instock","14":"shipping-taxable","15":"product-type-simple"},"yoast_head":"<!-- This site is optimized with the Yoast SEO plugin v27.3 - https:\/\/yoast.com\/product\/yoast-seo-wordpress\/ -->\n<title>Actionneurs lin\u00e9aires \u00e9lectriques s\u00e9rie LPL - LDA Belgique<\/title>\n<meta name=\"description\" content=\"La s\u00e9rie LPL d&#039;actionneurs lin\u00e9aires \u00e9lectriques \u00e0 profil bas allie un design compact \u00e0 une puissance \u00e9lev\u00e9e. Enti\u00e8rement programmable en termes de position, de vitesse et de puissance, avec fonction Soft-Land et retour d&#039;information en temps r\u00e9el. Disponible chez LDA Belgique\" \/>\n<meta name=\"robots\" content=\"index, follow, max-snippet:-1, max-image-preview:large, max-video-preview:-1\" \/>\n<link rel=\"canonical\" href=\"https:\/\/lda.be\/fr\/produit\/actionneurs-lineaires-electriques-serie-lpl\/\" \/>\n<meta property=\"og:locale\" content=\"fr_FR\" \/>\n<meta property=\"og:type\" content=\"article\" \/>\n<meta property=\"og:title\" content=\"Actionneurs lin\u00e9aires \u00e9lectriques s\u00e9rie LPL - LDA Belgique\" \/>\n<meta property=\"og:description\" content=\"La s\u00e9rie LPL d&#039;actionneurs lin\u00e9aires \u00e9lectriques \u00e0 profil bas allie un design compact \u00e0 une puissance \u00e9lev\u00e9e. Enti\u00e8rement programmable en termes de position, de vitesse et de puissance, avec fonction Soft-Land et retour d&#039;information en temps r\u00e9el. Disponible chez LDA Belgique\" \/>\n<meta property=\"og:url\" content=\"https:\/\/lda.be\/fr\/produit\/actionneurs-lineaires-electriques-serie-lpl\/\" \/>\n<meta property=\"og:site_name\" content=\"LDA Belgique\" \/>\n<meta property=\"article:modified_time\" content=\"2025-08-22T09:46:07+00:00\" \/>\n<meta property=\"og:image\" content=\"https:\/\/lda.be\/wp-content\/uploads\/2025\/05\/OpenGrap-image-LDA.webp\" \/>\n\t<meta property=\"og:image:width\" content=\"895\" \/>\n\t<meta property=\"og:image:height\" content=\"659\" \/>\n\t<meta property=\"og:image:type\" content=\"image\/webp\" \/>\n<meta name=\"twitter:card\" content=\"summary_large_image\" \/>\n<meta name=\"twitter:label1\" content=\"Dur\u00e9e de lecture estim\u00e9e\" \/>\n\t<meta name=\"twitter:data1\" content=\"1 minute\" \/>\n<script type=\"application\/ld+json\" class=\"yoast-schema-graph\">{\"@context\":\"https:\\\/\\\/schema.org\",\"@graph\":[{\"@type\":\"WebPage\",\"@id\":\"https:\\\/\\\/lda.be\\\/fr\\\/produit\\\/actionneurs-lineaires-electriques-serie-lpl\\\/\",\"url\":\"https:\\\/\\\/lda.be\\\/fr\\\/produit\\\/actionneurs-lineaires-electriques-serie-lpl\\\/\",\"name\":\"Actionneurs lin\u00e9aires \u00e9lectriques s\u00e9rie LPL - LDA Belgique\",\"isPartOf\":{\"@id\":\"https:\\\/\\\/lda.be\\\/fr\\\/#website\"},\"primaryImageOfPage\":{\"@id\":\"https:\\\/\\\/lda.be\\\/fr\\\/produit\\\/actionneurs-lineaires-electriques-serie-lpl\\\/#primaryimage\"},\"image\":{\"@id\":\"https:\\\/\\\/lda.be\\\/fr\\\/produit\\\/actionneurs-lineaires-electriques-serie-lpl\\\/#primaryimage\"},\"thumbnailUrl\":\"https:\\\/\\\/lda.be\\\/wp-content\\\/uploads\\\/2025\\\/08\\\/LPL-serie.webp\",\"datePublished\":\"2025-08-22T09:19:33+00:00\",\"dateModified\":\"2025-08-22T09:46:07+00:00\",\"description\":\"La s\u00e9rie LPL d'actionneurs lin\u00e9aires \u00e9lectriques \u00e0 profil bas allie un design compact \u00e0 une puissance \u00e9lev\u00e9e. Enti\u00e8rement programmable en termes de position, de vitesse et de puissance, avec fonction Soft-Land et retour d'information en temps r\u00e9el. Disponible chez LDA Belgique\",\"breadcrumb\":{\"@id\":\"https:\\\/\\\/lda.be\\\/fr\\\/produit\\\/actionneurs-lineaires-electriques-serie-lpl\\\/#breadcrumb\"},\"inLanguage\":\"fr-FR\",\"potentialAction\":[{\"@type\":\"ReadAction\",\"target\":[\"https:\\\/\\\/lda.be\\\/fr\\\/produit\\\/actionneurs-lineaires-electriques-serie-lpl\\\/\"]}]},{\"@type\":\"ImageObject\",\"inLanguage\":\"fr-FR\",\"@id\":\"https:\\\/\\\/lda.be\\\/fr\\\/produit\\\/actionneurs-lineaires-electriques-serie-lpl\\\/#primaryimage\",\"url\":\"https:\\\/\\\/lda.be\\\/wp-content\\\/uploads\\\/2025\\\/08\\\/LPL-serie.webp\",\"contentUrl\":\"https:\\\/\\\/lda.be\\\/wp-content\\\/uploads\\\/2025\\\/08\\\/LPL-serie.webp\",\"width\":800,\"height\":800,\"caption\":\"De LPL-serie\"},{\"@type\":\"BreadcrumbList\",\"@id\":\"https:\\\/\\\/lda.be\\\/fr\\\/produit\\\/actionneurs-lineaires-electriques-serie-lpl\\\/#breadcrumb\",\"itemListElement\":[{\"@type\":\"ListItem\",\"position\":1,\"name\":\"Accueil\",\"item\":\"https:\\\/\\\/lda.be\\\/fr\\\/\"},{\"@type\":\"ListItem\",\"position\":2,\"name\":\"Produits\",\"item\":\"https:\\\/\\\/lda.be\\\/fr\\\/produits\\\/\"},{\"@type\":\"ListItem\",\"position\":3,\"name\":\"Actionneurs lin\u00e9aires \u00e9lectriques s\u00e9rie LPL\"}]},{\"@type\":\"WebSite\",\"@id\":\"https:\\\/\\\/lda.be\\\/fr\\\/#website\",\"url\":\"https:\\\/\\\/lda.be\\\/fr\\\/\",\"name\":\"LDA Belgium\",\"description\":\"Solutions For Life\",\"publisher\":{\"@id\":\"https:\\\/\\\/lda.be\\\/fr\\\/#organization\"},\"potentialAction\":[{\"@type\":\"SearchAction\",\"target\":{\"@type\":\"EntryPoint\",\"urlTemplate\":\"https:\\\/\\\/lda.be\\\/fr\\\/?s={search_term_string}\"},\"query-input\":{\"@type\":\"PropertyValueSpecification\",\"valueRequired\":true,\"valueName\":\"search_term_string\"}}],\"inLanguage\":\"fr-FR\"},{\"@type\":\"Organization\",\"@id\":\"https:\\\/\\\/lda.be\\\/fr\\\/#organization\",\"name\":\"LDA Belgium\",\"url\":\"https:\\\/\\\/lda.be\\\/fr\\\/\",\"logo\":{\"@type\":\"ImageObject\",\"inLanguage\":\"fr-FR\",\"@id\":\"https:\\\/\\\/lda.be\\\/fr\\\/#\\\/schema\\\/logo\\\/image\\\/\",\"url\":\"https:\\\/\\\/lda.be\\\/wp-content\\\/uploads\\\/2022\\\/07\\\/Logo-LDA.webp\",\"contentUrl\":\"https:\\\/\\\/lda.be\\\/wp-content\\\/uploads\\\/2022\\\/07\\\/Logo-LDA.webp\",\"width\":311,\"height\":101,\"caption\":\"LDA Belgium\"},\"image\":{\"@id\":\"https:\\\/\\\/lda.be\\\/fr\\\/#\\\/schema\\\/logo\\\/image\\\/\"},\"sameAs\":[\"https:\\\/\\\/www.linkedin.com\\\/company\\\/lda-belgium-nv\"]}]}<\/script>\n<!-- \/ Yoast SEO plugin. -->","yoast_head_json":{"title":"Actionneurs lin\u00e9aires \u00e9lectriques s\u00e9rie LPL - LDA Belgique","description":"La s\u00e9rie LPL d'actionneurs lin\u00e9aires \u00e9lectriques \u00e0 profil bas allie un design compact \u00e0 une puissance \u00e9lev\u00e9e. Enti\u00e8rement programmable en termes de position, de vitesse et de puissance, avec fonction Soft-Land et retour d'information en temps r\u00e9el. Disponible chez LDA Belgique","robots":{"index":"index","follow":"follow","max-snippet":"max-snippet:-1","max-image-preview":"max-image-preview:large","max-video-preview":"max-video-preview:-1"},"canonical":"https:\/\/lda.be\/fr\/produit\/actionneurs-lineaires-electriques-serie-lpl\/","og_locale":"fr_FR","og_type":"article","og_title":"Actionneurs lin\u00e9aires \u00e9lectriques s\u00e9rie LPL - LDA Belgique","og_description":"La s\u00e9rie LPL d'actionneurs lin\u00e9aires \u00e9lectriques \u00e0 profil bas allie un design compact \u00e0 une puissance \u00e9lev\u00e9e. Enti\u00e8rement programmable en termes de position, de vitesse et de puissance, avec fonction Soft-Land et retour d'information en temps r\u00e9el. Disponible chez LDA Belgique","og_url":"https:\/\/lda.be\/fr\/produit\/actionneurs-lineaires-electriques-serie-lpl\/","og_site_name":"LDA Belgique","article_modified_time":"2025-08-22T09:46:07+00:00","og_image":[{"width":895,"height":659,"url":"https:\/\/lda.be\/wp-content\/uploads\/2025\/05\/OpenGrap-image-LDA.webp","type":"image\/webp"}],"twitter_card":"summary_large_image","twitter_misc":{"Dur\u00e9e de lecture estim\u00e9e":"1 minute"},"schema":{"@context":"https:\/\/schema.org","@graph":[{"@type":"WebPage","@id":"https:\/\/lda.be\/fr\/produit\/actionneurs-lineaires-electriques-serie-lpl\/","url":"https:\/\/lda.be\/fr\/produit\/actionneurs-lineaires-electriques-serie-lpl\/","name":"Actionneurs lin\u00e9aires \u00e9lectriques s\u00e9rie LPL - LDA Belgique","isPartOf":{"@id":"https:\/\/lda.be\/fr\/#website"},"primaryImageOfPage":{"@id":"https:\/\/lda.be\/fr\/produit\/actionneurs-lineaires-electriques-serie-lpl\/#primaryimage"},"image":{"@id":"https:\/\/lda.be\/fr\/produit\/actionneurs-lineaires-electriques-serie-lpl\/#primaryimage"},"thumbnailUrl":"https:\/\/lda.be\/wp-content\/uploads\/2025\/08\/LPL-serie.webp","datePublished":"2025-08-22T09:19:33+00:00","dateModified":"2025-08-22T09:46:07+00:00","description":"La s\u00e9rie LPL d'actionneurs lin\u00e9aires \u00e9lectriques \u00e0 profil bas allie un design compact \u00e0 une puissance \u00e9lev\u00e9e. Enti\u00e8rement programmable en termes de position, de vitesse et de puissance, avec fonction Soft-Land et retour d'information en temps r\u00e9el. Disponible chez LDA Belgique","breadcrumb":{"@id":"https:\/\/lda.be\/fr\/produit\/actionneurs-lineaires-electriques-serie-lpl\/#breadcrumb"},"inLanguage":"fr-FR","potentialAction":[{"@type":"ReadAction","target":["https:\/\/lda.be\/fr\/produit\/actionneurs-lineaires-electriques-serie-lpl\/"]}]},{"@type":"ImageObject","inLanguage":"fr-FR","@id":"https:\/\/lda.be\/fr\/produit\/actionneurs-lineaires-electriques-serie-lpl\/#primaryimage","url":"https:\/\/lda.be\/wp-content\/uploads\/2025\/08\/LPL-serie.webp","contentUrl":"https:\/\/lda.be\/wp-content\/uploads\/2025\/08\/LPL-serie.webp","width":800,"height":800,"caption":"De LPL-serie"},{"@type":"BreadcrumbList","@id":"https:\/\/lda.be\/fr\/produit\/actionneurs-lineaires-electriques-serie-lpl\/#breadcrumb","itemListElement":[{"@type":"ListItem","position":1,"name":"Accueil","item":"https:\/\/lda.be\/fr\/"},{"@type":"ListItem","position":2,"name":"Produits","item":"https:\/\/lda.be\/fr\/produits\/"},{"@type":"ListItem","position":3,"name":"Actionneurs lin\u00e9aires \u00e9lectriques s\u00e9rie LPL"}]},{"@type":"WebSite","@id":"https:\/\/lda.be\/fr\/#website","url":"https:\/\/lda.be\/fr\/","name":"LDA Belgium","description":"Solutions For Life","publisher":{"@id":"https:\/\/lda.be\/fr\/#organization"},"potentialAction":[{"@type":"SearchAction","target":{"@type":"EntryPoint","urlTemplate":"https:\/\/lda.be\/fr\/?s={search_term_string}"},"query-input":{"@type":"PropertyValueSpecification","valueRequired":true,"valueName":"search_term_string"}}],"inLanguage":"fr-FR"},{"@type":"Organization","@id":"https:\/\/lda.be\/fr\/#organization","name":"LDA Belgium","url":"https:\/\/lda.be\/fr\/","logo":{"@type":"ImageObject","inLanguage":"fr-FR","@id":"https:\/\/lda.be\/fr\/#\/schema\/logo\/image\/","url":"https:\/\/lda.be\/wp-content\/uploads\/2022\/07\/Logo-LDA.webp","contentUrl":"https:\/\/lda.be\/wp-content\/uploads\/2022\/07\/Logo-LDA.webp","width":311,"height":101,"caption":"LDA Belgium"},"image":{"@id":"https:\/\/lda.be\/fr\/#\/schema\/logo\/image\/"},"sameAs":["https:\/\/www.linkedin.com\/company\/lda-belgium-nv"]}]}},"_links":{"self":[{"href":"https:\/\/lda.be\/fr\/wp-json\/wp\/v2\/product\/11036","targetHints":{"allow":["GET"]}}],"collection":[{"href":"https:\/\/lda.be\/fr\/wp-json\/wp\/v2\/product"}],"about":[{"href":"https:\/\/lda.be\/fr\/wp-json\/wp\/v2\/types\/product"}],"replies":[{"embeddable":true,"href":"https:\/\/lda.be\/fr\/wp-json\/wp\/v2\/comments?post=11036"}],"wp:featuredmedia":[{"embeddable":true,"href":"https:\/\/lda.be\/fr\/wp-json\/wp\/v2\/media\/11029"}],"wp:attachment":[{"href":"https:\/\/lda.be\/fr\/wp-json\/wp\/v2\/media?parent=11036"}],"wp:term":[{"taxonomy":"product_brand","embeddable":true,"href":"https:\/\/lda.be\/fr\/wp-json\/wp\/v2\/product_brand?post=11036"},{"taxonomy":"product_cat","embeddable":true,"href":"https:\/\/lda.be\/fr\/wp-json\/wp\/v2\/product_cat?post=11036"},{"taxonomy":"product_tag","embeddable":true,"href":"https:\/\/lda.be\/fr\/wp-json\/wp\/v2\/product_tag?post=11036"}],"curies":[{"name":"wp","href":"https:\/\/api.w.org\/{rel}","templated":true}]}}