{"id":11045,"date":"2025-08-22T12:36:40","date_gmt":"2025-08-22T11:36:40","guid":{"rendered":"https:\/\/lda.be\/?post_type=product&#038;p=11045"},"modified":"2025-08-22T12:50:55","modified_gmt":"2025-08-22T11:50:55","slug":"actionneurs-electriques-serie-ldl","status":"publish","type":"product","link":"https:\/\/lda.be\/fr\/produit\/actionneurs-electriques-serie-ldl\/","title":{"rendered":"Actionneurs \u00e9lectriques s\u00e9rie LDL"},"content":{"rendered":"<p>La s\u00e9rie LDL se compose d&#8217;actionneurs lin\u00e9aires compacts et extr\u00eamement pr\u00e9cis fonctionnant selon le principe de la bobine mobile. Ils offrent une dynamique \u00e9lev\u00e9e, une force et une position programmables et sont id\u00e9aux pour les applications qui n\u00e9cessitent un mouvement lin\u00e9aire rapide et pr\u00e9cis.<\/p>\n","protected":false},"excerpt":{"rendered":"<p>La s\u00e9rie LDL se compose d&#8217;actionneurs lin\u00e9aires compacts et extr\u00eamement pr\u00e9cis fonctionnant selon le principe de la bobine mobile. Ils offrent une dynamique \u00e9lev\u00e9e, une force et une position programmables et sont id\u00e9aux pour les applications qui n\u00e9cessitent un mouvement lin\u00e9aire rapide et pr\u00e9cis.<\/p>\n","protected":false},"featured_media":11039,"comment_status":"closed","ping_status":"closed","template":"","meta":[],"product_brand":[1760,1759],"product_cat":[838,854,864],"product_tag":[],"class_list":{"0":"post-11045","1":"product","2":"type-product","3":"status-publish","4":"has-post-thumbnail","6":"product_brand-linear-actuators","7":"product_brand-smac","8":"product_cat-electricite","9":"product_cat-technologie-de-bobine-mobile","10":"product_cat-actionneurs-lineaires-fr","12":"first","13":"instock","14":"shipping-taxable","15":"product-type-simple"},"yoast_head":"<!-- This site is optimized with the Yoast SEO plugin v27.3 - https:\/\/yoast.com\/product\/yoast-seo-wordpress\/ -->\n<title>Actionneurs \u00e9lectriques s\u00e9rie LDL - LDA Belgique<\/title>\n<meta name=\"description\" content=\"Les actionneurs lin\u00e9aires \u00e0 bobine mobile de la s\u00e9rie LDL offrent une grande pr\u00e9cision, une vitesse \u00e9lev\u00e9e et une force pouvant atteindre 30 N dans un design compact. Disponibles avec une course de 10 \u00e0 100 mm, avec des options telles que le retour par ressort et le retour sous vide.\" \/>\n<meta name=\"robots\" content=\"index, follow, max-snippet:-1, max-image-preview:large, max-video-preview:-1\" \/>\n<link rel=\"canonical\" href=\"https:\/\/lda.be\/fr\/produit\/actionneurs-electriques-serie-ldl\/\" \/>\n<meta property=\"og:locale\" content=\"fr_FR\" \/>\n<meta property=\"og:type\" content=\"article\" \/>\n<meta property=\"og:title\" content=\"Actionneurs \u00e9lectriques s\u00e9rie LDL - LDA Belgique\" \/>\n<meta property=\"og:description\" content=\"Les actionneurs lin\u00e9aires \u00e0 bobine mobile de la s\u00e9rie LDL offrent une grande pr\u00e9cision, une vitesse \u00e9lev\u00e9e et une force pouvant atteindre 30 N dans un design compact. Disponibles avec une course de 10 \u00e0 100 mm, avec des options telles que le retour par ressort et le retour sous vide.\" \/>\n<meta property=\"og:url\" content=\"https:\/\/lda.be\/fr\/produit\/actionneurs-electriques-serie-ldl\/\" \/>\n<meta property=\"og:site_name\" content=\"LDA Belgique\" \/>\n<meta property=\"article:modified_time\" content=\"2025-08-22T11:50:55+00:00\" \/>\n<meta property=\"og:image\" content=\"https:\/\/lda.be\/wp-content\/uploads\/2025\/08\/LDL-serie.webp\" \/>\n\t<meta property=\"og:image:width\" content=\"800\" \/>\n\t<meta property=\"og:image:height\" content=\"800\" \/>\n\t<meta property=\"og:image:type\" content=\"image\/webp\" \/>\n<meta name=\"twitter:card\" content=\"summary_large_image\" \/>\n<meta name=\"twitter:label1\" content=\"Dur\u00e9e de lecture estim\u00e9e\" \/>\n\t<meta name=\"twitter:data1\" content=\"1 minute\" \/>\n<script type=\"application\/ld+json\" class=\"yoast-schema-graph\">{\"@context\":\"https:\\\/\\\/schema.org\",\"@graph\":[{\"@type\":\"WebPage\",\"@id\":\"https:\\\/\\\/lda.be\\\/fr\\\/produit\\\/actionneurs-electriques-serie-ldl\\\/\",\"url\":\"https:\\\/\\\/lda.be\\\/fr\\\/produit\\\/actionneurs-electriques-serie-ldl\\\/\",\"name\":\"Actionneurs \u00e9lectriques s\u00e9rie LDL - LDA Belgique\",\"isPartOf\":{\"@id\":\"https:\\\/\\\/lda.be\\\/fr\\\/#website\"},\"primaryImageOfPage\":{\"@id\":\"https:\\\/\\\/lda.be\\\/fr\\\/produit\\\/actionneurs-electriques-serie-ldl\\\/#primaryimage\"},\"image\":{\"@id\":\"https:\\\/\\\/lda.be\\\/fr\\\/produit\\\/actionneurs-electriques-serie-ldl\\\/#primaryimage\"},\"thumbnailUrl\":\"https:\\\/\\\/lda.be\\\/wp-content\\\/uploads\\\/2025\\\/08\\\/LDL-serie.webp\",\"datePublished\":\"2025-08-22T11:36:40+00:00\",\"dateModified\":\"2025-08-22T11:50:55+00:00\",\"description\":\"Les actionneurs lin\u00e9aires \u00e0 bobine mobile de la s\u00e9rie LDL offrent une grande pr\u00e9cision, une vitesse \u00e9lev\u00e9e et une force pouvant atteindre 30 N dans un design compact. Disponibles avec une course de 10 \u00e0 100 mm, avec des options telles que le retour par ressort et le retour sous vide.\",\"breadcrumb\":{\"@id\":\"https:\\\/\\\/lda.be\\\/fr\\\/produit\\\/actionneurs-electriques-serie-ldl\\\/#breadcrumb\"},\"inLanguage\":\"fr-FR\",\"potentialAction\":[{\"@type\":\"ReadAction\",\"target\":[\"https:\\\/\\\/lda.be\\\/fr\\\/produit\\\/actionneurs-electriques-serie-ldl\\\/\"]}]},{\"@type\":\"ImageObject\",\"inLanguage\":\"fr-FR\",\"@id\":\"https:\\\/\\\/lda.be\\\/fr\\\/produit\\\/actionneurs-electriques-serie-ldl\\\/#primaryimage\",\"url\":\"https:\\\/\\\/lda.be\\\/wp-content\\\/uploads\\\/2025\\\/08\\\/LDL-serie.webp\",\"contentUrl\":\"https:\\\/\\\/lda.be\\\/wp-content\\\/uploads\\\/2025\\\/08\\\/LDL-serie.webp\",\"width\":800,\"height\":800,\"caption\":\"ldl serie SMAC\"},{\"@type\":\"BreadcrumbList\",\"@id\":\"https:\\\/\\\/lda.be\\\/fr\\\/produit\\\/actionneurs-electriques-serie-ldl\\\/#breadcrumb\",\"itemListElement\":[{\"@type\":\"ListItem\",\"position\":1,\"name\":\"Accueil\",\"item\":\"https:\\\/\\\/lda.be\\\/fr\\\/\"},{\"@type\":\"ListItem\",\"position\":2,\"name\":\"Produits\",\"item\":\"https:\\\/\\\/lda.be\\\/fr\\\/produits\\\/\"},{\"@type\":\"ListItem\",\"position\":3,\"name\":\"Actionneurs \u00e9lectriques s\u00e9rie LDL\"}]},{\"@type\":\"WebSite\",\"@id\":\"https:\\\/\\\/lda.be\\\/fr\\\/#website\",\"url\":\"https:\\\/\\\/lda.be\\\/fr\\\/\",\"name\":\"LDA Belgium\",\"description\":\"Solutions For Life\",\"publisher\":{\"@id\":\"https:\\\/\\\/lda.be\\\/fr\\\/#organization\"},\"potentialAction\":[{\"@type\":\"SearchAction\",\"target\":{\"@type\":\"EntryPoint\",\"urlTemplate\":\"https:\\\/\\\/lda.be\\\/fr\\\/?s={search_term_string}\"},\"query-input\":{\"@type\":\"PropertyValueSpecification\",\"valueRequired\":true,\"valueName\":\"search_term_string\"}}],\"inLanguage\":\"fr-FR\"},{\"@type\":\"Organization\",\"@id\":\"https:\\\/\\\/lda.be\\\/fr\\\/#organization\",\"name\":\"LDA Belgium\",\"url\":\"https:\\\/\\\/lda.be\\\/fr\\\/\",\"logo\":{\"@type\":\"ImageObject\",\"inLanguage\":\"fr-FR\",\"@id\":\"https:\\\/\\\/lda.be\\\/fr\\\/#\\\/schema\\\/logo\\\/image\\\/\",\"url\":\"https:\\\/\\\/lda.be\\\/wp-content\\\/uploads\\\/2022\\\/07\\\/Logo-LDA.webp\",\"contentUrl\":\"https:\\\/\\\/lda.be\\\/wp-content\\\/uploads\\\/2022\\\/07\\\/Logo-LDA.webp\",\"width\":311,\"height\":101,\"caption\":\"LDA Belgium\"},\"image\":{\"@id\":\"https:\\\/\\\/lda.be\\\/fr\\\/#\\\/schema\\\/logo\\\/image\\\/\"},\"sameAs\":[\"https:\\\/\\\/www.linkedin.com\\\/company\\\/lda-belgium-nv\"]}]}<\/script>\n<!-- \/ Yoast SEO plugin. -->","yoast_head_json":{"title":"Actionneurs \u00e9lectriques s\u00e9rie LDL - LDA Belgique","description":"Les actionneurs lin\u00e9aires \u00e0 bobine mobile de la s\u00e9rie LDL offrent une grande pr\u00e9cision, une vitesse \u00e9lev\u00e9e et une force pouvant atteindre 30 N dans un design compact. Disponibles avec une course de 10 \u00e0 100 mm, avec des options telles que le retour par ressort et le retour sous vide.","robots":{"index":"index","follow":"follow","max-snippet":"max-snippet:-1","max-image-preview":"max-image-preview:large","max-video-preview":"max-video-preview:-1"},"canonical":"https:\/\/lda.be\/fr\/produit\/actionneurs-electriques-serie-ldl\/","og_locale":"fr_FR","og_type":"article","og_title":"Actionneurs \u00e9lectriques s\u00e9rie LDL - LDA Belgique","og_description":"Les actionneurs lin\u00e9aires \u00e0 bobine mobile de la s\u00e9rie LDL offrent une grande pr\u00e9cision, une vitesse \u00e9lev\u00e9e et une force pouvant atteindre 30 N dans un design compact. Disponibles avec une course de 10 \u00e0 100 mm, avec des options telles que le retour par ressort et le retour sous vide.","og_url":"https:\/\/lda.be\/fr\/produit\/actionneurs-electriques-serie-ldl\/","og_site_name":"LDA Belgique","article_modified_time":"2025-08-22T11:50:55+00:00","og_image":[{"width":800,"height":800,"url":"https:\/\/lda.be\/wp-content\/uploads\/2025\/08\/LDL-serie.webp","type":"image\/webp"}],"twitter_card":"summary_large_image","twitter_misc":{"Dur\u00e9e de lecture estim\u00e9e":"1 minute"},"schema":{"@context":"https:\/\/schema.org","@graph":[{"@type":"WebPage","@id":"https:\/\/lda.be\/fr\/produit\/actionneurs-electriques-serie-ldl\/","url":"https:\/\/lda.be\/fr\/produit\/actionneurs-electriques-serie-ldl\/","name":"Actionneurs \u00e9lectriques s\u00e9rie LDL - LDA Belgique","isPartOf":{"@id":"https:\/\/lda.be\/fr\/#website"},"primaryImageOfPage":{"@id":"https:\/\/lda.be\/fr\/produit\/actionneurs-electriques-serie-ldl\/#primaryimage"},"image":{"@id":"https:\/\/lda.be\/fr\/produit\/actionneurs-electriques-serie-ldl\/#primaryimage"},"thumbnailUrl":"https:\/\/lda.be\/wp-content\/uploads\/2025\/08\/LDL-serie.webp","datePublished":"2025-08-22T11:36:40+00:00","dateModified":"2025-08-22T11:50:55+00:00","description":"Les actionneurs lin\u00e9aires \u00e0 bobine mobile de la s\u00e9rie LDL offrent une grande pr\u00e9cision, une vitesse \u00e9lev\u00e9e et une force pouvant atteindre 30 N dans un design compact. Disponibles avec une course de 10 \u00e0 100 mm, avec des options telles que le retour par ressort et le retour sous vide.","breadcrumb":{"@id":"https:\/\/lda.be\/fr\/produit\/actionneurs-electriques-serie-ldl\/#breadcrumb"},"inLanguage":"fr-FR","potentialAction":[{"@type":"ReadAction","target":["https:\/\/lda.be\/fr\/produit\/actionneurs-electriques-serie-ldl\/"]}]},{"@type":"ImageObject","inLanguage":"fr-FR","@id":"https:\/\/lda.be\/fr\/produit\/actionneurs-electriques-serie-ldl\/#primaryimage","url":"https:\/\/lda.be\/wp-content\/uploads\/2025\/08\/LDL-serie.webp","contentUrl":"https:\/\/lda.be\/wp-content\/uploads\/2025\/08\/LDL-serie.webp","width":800,"height":800,"caption":"ldl serie SMAC"},{"@type":"BreadcrumbList","@id":"https:\/\/lda.be\/fr\/produit\/actionneurs-electriques-serie-ldl\/#breadcrumb","itemListElement":[{"@type":"ListItem","position":1,"name":"Accueil","item":"https:\/\/lda.be\/fr\/"},{"@type":"ListItem","position":2,"name":"Produits","item":"https:\/\/lda.be\/fr\/produits\/"},{"@type":"ListItem","position":3,"name":"Actionneurs \u00e9lectriques s\u00e9rie LDL"}]},{"@type":"WebSite","@id":"https:\/\/lda.be\/fr\/#website","url":"https:\/\/lda.be\/fr\/","name":"LDA Belgium","description":"Solutions For Life","publisher":{"@id":"https:\/\/lda.be\/fr\/#organization"},"potentialAction":[{"@type":"SearchAction","target":{"@type":"EntryPoint","urlTemplate":"https:\/\/lda.be\/fr\/?s={search_term_string}"},"query-input":{"@type":"PropertyValueSpecification","valueRequired":true,"valueName":"search_term_string"}}],"inLanguage":"fr-FR"},{"@type":"Organization","@id":"https:\/\/lda.be\/fr\/#organization","name":"LDA Belgium","url":"https:\/\/lda.be\/fr\/","logo":{"@type":"ImageObject","inLanguage":"fr-FR","@id":"https:\/\/lda.be\/fr\/#\/schema\/logo\/image\/","url":"https:\/\/lda.be\/wp-content\/uploads\/2022\/07\/Logo-LDA.webp","contentUrl":"https:\/\/lda.be\/wp-content\/uploads\/2022\/07\/Logo-LDA.webp","width":311,"height":101,"caption":"LDA Belgium"},"image":{"@id":"https:\/\/lda.be\/fr\/#\/schema\/logo\/image\/"},"sameAs":["https:\/\/www.linkedin.com\/company\/lda-belgium-nv"]}]}},"_links":{"self":[{"href":"https:\/\/lda.be\/fr\/wp-json\/wp\/v2\/product\/11045","targetHints":{"allow":["GET"]}}],"collection":[{"href":"https:\/\/lda.be\/fr\/wp-json\/wp\/v2\/product"}],"about":[{"href":"https:\/\/lda.be\/fr\/wp-json\/wp\/v2\/types\/product"}],"replies":[{"embeddable":true,"href":"https:\/\/lda.be\/fr\/wp-json\/wp\/v2\/comments?post=11045"}],"wp:featuredmedia":[{"embeddable":true,"href":"https:\/\/lda.be\/fr\/wp-json\/wp\/v2\/media\/11039"}],"wp:attachment":[{"href":"https:\/\/lda.be\/fr\/wp-json\/wp\/v2\/media?parent=11045"}],"wp:term":[{"taxonomy":"product_brand","embeddable":true,"href":"https:\/\/lda.be\/fr\/wp-json\/wp\/v2\/product_brand?post=11045"},{"taxonomy":"product_cat","embeddable":true,"href":"https:\/\/lda.be\/fr\/wp-json\/wp\/v2\/product_cat?post=11045"},{"taxonomy":"product_tag","embeddable":true,"href":"https:\/\/lda.be\/fr\/wp-json\/wp\/v2\/product_tag?post=11045"}],"curies":[{"name":"wp","href":"https:\/\/api.w.org\/{rel}","templated":true}]}}