{"id":11072,"date":"2025-08-25T10:59:02","date_gmt":"2025-08-25T09:59:02","guid":{"rendered":"https:\/\/lda.be\/?post_type=product&#038;p=11072"},"modified":"2025-08-25T11:15:25","modified_gmt":"2025-08-25T10:15:25","slug":"actionneur-electrique-mla8","status":"publish","type":"product","link":"https:\/\/lda.be\/fr\/produit\/actionneur-electrique-mla8\/","title":{"rendered":"Actionneur \u00e9lectrique MLA8"},"content":{"rendered":"<p>La s\u00e9rie MLA8 est un actionneur \u00e9lectrique con\u00e7u pour des mesures programmables et extr\u00eamement pr\u00e9cises. Alors que les LVDT conventionnels d\u00e9pendent souvent de l&#8217;air comprim\u00e9 ou de m\u00e9canismes \u00e0 ressort, le MLA8 offre une solution enti\u00e8rement \u00e9lectrique avec une force constante et un faible frottement sur toute la course. Cela garantit des performances lin\u00e9aires et reproductibles, ainsi qu&#8217;une r\u00e9duction drastique des variations Gage R&amp;R (r\u00e9p\u00e9tabilit\u00e9 et reproductibilit\u00e9).<\/p>\n<p>Le MLA8-010-51-2 est le premier mod\u00e8le de cette s\u00e9rie et combine une conception extr\u00eamement compacte (95 x 50 x 8 mm) avec une course de 10 mm et une force maximale de 4 N. Avec une r\u00e9solution standard de 1 \u03bcm (0,5 ou 0,1 \u03bcm en option), ce mod\u00e8le offre la pr\u00e9cision requise dans les applications haut de gamme.<\/p>\n","protected":false},"excerpt":{"rendered":"<p>La s\u00e9rie MLA8 est un actionneur \u00e9lectrique con\u00e7u pour des mesures programmables et extr\u00eamement pr\u00e9cises. Alors que les LVDT conventionnels d\u00e9pendent souvent de l&#8217;air comprim\u00e9 ou de m\u00e9canismes \u00e0 ressort, le MLA8 offre une solution enti\u00e8rement \u00e9lectrique avec une force constante et un faible frottement sur toute la course. Cela garantit des performances lin\u00e9aires et [&hellip;]<\/p>\n","protected":false},"featured_media":11069,"comment_status":"closed","ping_status":"closed","template":"","meta":[],"product_brand":[1760,1759],"product_cat":[838,854,864],"product_tag":[],"class_list":{"0":"post-11072","1":"product","2":"type-product","3":"status-publish","4":"has-post-thumbnail","6":"product_brand-linear-actuators","7":"product_brand-smac","8":"product_cat-electricite","9":"product_cat-technologie-de-bobine-mobile","10":"product_cat-actionneurs-lineaires-fr","12":"first","13":"instock","14":"shipping-taxable","15":"product-type-simple"},"yoast_head":"<!-- This site is optimized with the Yoast SEO plugin v27.3 - https:\/\/yoast.com\/product\/yoast-seo-wordpress\/ -->\n<title>Actionneur \u00e9lectrique MLA8 - LDA Belgique<\/title>\n<meta name=\"description\" content=\"L&#039;actionneur \u00e9lectrique MLA8 offre une pr\u00e9cision programmable, une d\u00e9tection Soft-Land et une capacit\u00e9 de charge lat\u00e9rale \u00e9lev\u00e9e. Compact (95 x 50 x 8 mm) et prot\u00e9g\u00e9 IP54. Disponible chez LDA Belgique\" \/>\n<meta name=\"robots\" content=\"index, follow, max-snippet:-1, max-image-preview:large, max-video-preview:-1\" \/>\n<link rel=\"canonical\" href=\"https:\/\/lda.be\/fr\/produit\/actionneur-electrique-mla8\/\" \/>\n<meta property=\"og:locale\" content=\"fr_FR\" \/>\n<meta property=\"og:type\" content=\"article\" \/>\n<meta property=\"og:title\" content=\"Actionneur \u00e9lectrique MLA8 - LDA Belgique\" \/>\n<meta property=\"og:description\" content=\"L&#039;actionneur \u00e9lectrique MLA8 offre une pr\u00e9cision programmable, une d\u00e9tection Soft-Land et une capacit\u00e9 de charge lat\u00e9rale \u00e9lev\u00e9e. Compact (95 x 50 x 8 mm) et prot\u00e9g\u00e9 IP54. Disponible chez LDA Belgique\" \/>\n<meta property=\"og:url\" content=\"https:\/\/lda.be\/fr\/produit\/actionneur-electrique-mla8\/\" \/>\n<meta property=\"og:site_name\" content=\"LDA Belgique\" \/>\n<meta property=\"article:modified_time\" content=\"2025-08-25T10:15:25+00:00\" \/>\n<meta property=\"og:image\" content=\"https:\/\/lda.be\/wp-content\/uploads\/2025\/08\/MLA-serie.webp\" \/>\n\t<meta property=\"og:image:width\" content=\"800\" \/>\n\t<meta property=\"og:image:height\" content=\"800\" \/>\n\t<meta property=\"og:image:type\" content=\"image\/webp\" \/>\n<meta name=\"twitter:card\" content=\"summary_large_image\" \/>\n<script type=\"application\/ld+json\" class=\"yoast-schema-graph\">{\"@context\":\"https:\\\/\\\/schema.org\",\"@graph\":[{\"@type\":\"WebPage\",\"@id\":\"https:\\\/\\\/lda.be\\\/fr\\\/produit\\\/actionneur-electrique-mla8\\\/\",\"url\":\"https:\\\/\\\/lda.be\\\/fr\\\/produit\\\/actionneur-electrique-mla8\\\/\",\"name\":\"Actionneur \u00e9lectrique MLA8 - LDA Belgique\",\"isPartOf\":{\"@id\":\"https:\\\/\\\/lda.be\\\/fr\\\/#website\"},\"primaryImageOfPage\":{\"@id\":\"https:\\\/\\\/lda.be\\\/fr\\\/produit\\\/actionneur-electrique-mla8\\\/#primaryimage\"},\"image\":{\"@id\":\"https:\\\/\\\/lda.be\\\/fr\\\/produit\\\/actionneur-electrique-mla8\\\/#primaryimage\"},\"thumbnailUrl\":\"https:\\\/\\\/lda.be\\\/wp-content\\\/uploads\\\/2025\\\/08\\\/MLA-serie.webp\",\"datePublished\":\"2025-08-25T09:59:02+00:00\",\"dateModified\":\"2025-08-25T10:15:25+00:00\",\"description\":\"L'actionneur \u00e9lectrique MLA8 offre une pr\u00e9cision programmable, une d\u00e9tection Soft-Land et une capacit\u00e9 de charge lat\u00e9rale \u00e9lev\u00e9e. Compact (95 x 50 x 8 mm) et prot\u00e9g\u00e9 IP54. Disponible chez LDA Belgique\",\"breadcrumb\":{\"@id\":\"https:\\\/\\\/lda.be\\\/fr\\\/produit\\\/actionneur-electrique-mla8\\\/#breadcrumb\"},\"inLanguage\":\"fr-FR\",\"potentialAction\":[{\"@type\":\"ReadAction\",\"target\":[\"https:\\\/\\\/lda.be\\\/fr\\\/produit\\\/actionneur-electrique-mla8\\\/\"]}]},{\"@type\":\"ImageObject\",\"inLanguage\":\"fr-FR\",\"@id\":\"https:\\\/\\\/lda.be\\\/fr\\\/produit\\\/actionneur-electrique-mla8\\\/#primaryimage\",\"url\":\"https:\\\/\\\/lda.be\\\/wp-content\\\/uploads\\\/2025\\\/08\\\/MLA-serie.webp\",\"contentUrl\":\"https:\\\/\\\/lda.be\\\/wp-content\\\/uploads\\\/2025\\\/08\\\/MLA-serie.webp\",\"width\":800,\"height\":800,\"caption\":\"De MLA8 elektrische gage actuator\"},{\"@type\":\"BreadcrumbList\",\"@id\":\"https:\\\/\\\/lda.be\\\/fr\\\/produit\\\/actionneur-electrique-mla8\\\/#breadcrumb\",\"itemListElement\":[{\"@type\":\"ListItem\",\"position\":1,\"name\":\"Accueil\",\"item\":\"https:\\\/\\\/lda.be\\\/fr\\\/\"},{\"@type\":\"ListItem\",\"position\":2,\"name\":\"Produits\",\"item\":\"https:\\\/\\\/lda.be\\\/fr\\\/produits\\\/\"},{\"@type\":\"ListItem\",\"position\":3,\"name\":\"Actionneur \u00e9lectrique MLA8\"}]},{\"@type\":\"WebSite\",\"@id\":\"https:\\\/\\\/lda.be\\\/fr\\\/#website\",\"url\":\"https:\\\/\\\/lda.be\\\/fr\\\/\",\"name\":\"LDA Belgium\",\"description\":\"Solutions For Life\",\"publisher\":{\"@id\":\"https:\\\/\\\/lda.be\\\/fr\\\/#organization\"},\"potentialAction\":[{\"@type\":\"SearchAction\",\"target\":{\"@type\":\"EntryPoint\",\"urlTemplate\":\"https:\\\/\\\/lda.be\\\/fr\\\/?s={search_term_string}\"},\"query-input\":{\"@type\":\"PropertyValueSpecification\",\"valueRequired\":true,\"valueName\":\"search_term_string\"}}],\"inLanguage\":\"fr-FR\"},{\"@type\":\"Organization\",\"@id\":\"https:\\\/\\\/lda.be\\\/fr\\\/#organization\",\"name\":\"LDA Belgium\",\"url\":\"https:\\\/\\\/lda.be\\\/fr\\\/\",\"logo\":{\"@type\":\"ImageObject\",\"inLanguage\":\"fr-FR\",\"@id\":\"https:\\\/\\\/lda.be\\\/fr\\\/#\\\/schema\\\/logo\\\/image\\\/\",\"url\":\"https:\\\/\\\/lda.be\\\/wp-content\\\/uploads\\\/2022\\\/07\\\/Logo-LDA.webp\",\"contentUrl\":\"https:\\\/\\\/lda.be\\\/wp-content\\\/uploads\\\/2022\\\/07\\\/Logo-LDA.webp\",\"width\":311,\"height\":101,\"caption\":\"LDA Belgium\"},\"image\":{\"@id\":\"https:\\\/\\\/lda.be\\\/fr\\\/#\\\/schema\\\/logo\\\/image\\\/\"},\"sameAs\":[\"https:\\\/\\\/www.linkedin.com\\\/company\\\/lda-belgium-nv\"]}]}<\/script>\n<!-- \/ Yoast SEO plugin. -->","yoast_head_json":{"title":"Actionneur \u00e9lectrique MLA8 - LDA Belgique","description":"L'actionneur \u00e9lectrique MLA8 offre une pr\u00e9cision programmable, une d\u00e9tection Soft-Land et une capacit\u00e9 de charge lat\u00e9rale \u00e9lev\u00e9e. Compact (95 x 50 x 8 mm) et prot\u00e9g\u00e9 IP54. Disponible chez LDA Belgique","robots":{"index":"index","follow":"follow","max-snippet":"max-snippet:-1","max-image-preview":"max-image-preview:large","max-video-preview":"max-video-preview:-1"},"canonical":"https:\/\/lda.be\/fr\/produit\/actionneur-electrique-mla8\/","og_locale":"fr_FR","og_type":"article","og_title":"Actionneur \u00e9lectrique MLA8 - LDA Belgique","og_description":"L'actionneur \u00e9lectrique MLA8 offre une pr\u00e9cision programmable, une d\u00e9tection Soft-Land et une capacit\u00e9 de charge lat\u00e9rale \u00e9lev\u00e9e. Compact (95 x 50 x 8 mm) et prot\u00e9g\u00e9 IP54. Disponible chez LDA Belgique","og_url":"https:\/\/lda.be\/fr\/produit\/actionneur-electrique-mla8\/","og_site_name":"LDA Belgique","article_modified_time":"2025-08-25T10:15:25+00:00","og_image":[{"width":800,"height":800,"url":"https:\/\/lda.be\/wp-content\/uploads\/2025\/08\/MLA-serie.webp","type":"image\/webp"}],"twitter_card":"summary_large_image","schema":{"@context":"https:\/\/schema.org","@graph":[{"@type":"WebPage","@id":"https:\/\/lda.be\/fr\/produit\/actionneur-electrique-mla8\/","url":"https:\/\/lda.be\/fr\/produit\/actionneur-electrique-mla8\/","name":"Actionneur \u00e9lectrique MLA8 - LDA Belgique","isPartOf":{"@id":"https:\/\/lda.be\/fr\/#website"},"primaryImageOfPage":{"@id":"https:\/\/lda.be\/fr\/produit\/actionneur-electrique-mla8\/#primaryimage"},"image":{"@id":"https:\/\/lda.be\/fr\/produit\/actionneur-electrique-mla8\/#primaryimage"},"thumbnailUrl":"https:\/\/lda.be\/wp-content\/uploads\/2025\/08\/MLA-serie.webp","datePublished":"2025-08-25T09:59:02+00:00","dateModified":"2025-08-25T10:15:25+00:00","description":"L'actionneur \u00e9lectrique MLA8 offre une pr\u00e9cision programmable, une d\u00e9tection Soft-Land et une capacit\u00e9 de charge lat\u00e9rale \u00e9lev\u00e9e. Compact (95 x 50 x 8 mm) et prot\u00e9g\u00e9 IP54. Disponible chez LDA Belgique","breadcrumb":{"@id":"https:\/\/lda.be\/fr\/produit\/actionneur-electrique-mla8\/#breadcrumb"},"inLanguage":"fr-FR","potentialAction":[{"@type":"ReadAction","target":["https:\/\/lda.be\/fr\/produit\/actionneur-electrique-mla8\/"]}]},{"@type":"ImageObject","inLanguage":"fr-FR","@id":"https:\/\/lda.be\/fr\/produit\/actionneur-electrique-mla8\/#primaryimage","url":"https:\/\/lda.be\/wp-content\/uploads\/2025\/08\/MLA-serie.webp","contentUrl":"https:\/\/lda.be\/wp-content\/uploads\/2025\/08\/MLA-serie.webp","width":800,"height":800,"caption":"De MLA8 elektrische gage actuator"},{"@type":"BreadcrumbList","@id":"https:\/\/lda.be\/fr\/produit\/actionneur-electrique-mla8\/#breadcrumb","itemListElement":[{"@type":"ListItem","position":1,"name":"Accueil","item":"https:\/\/lda.be\/fr\/"},{"@type":"ListItem","position":2,"name":"Produits","item":"https:\/\/lda.be\/fr\/produits\/"},{"@type":"ListItem","position":3,"name":"Actionneur \u00e9lectrique MLA8"}]},{"@type":"WebSite","@id":"https:\/\/lda.be\/fr\/#website","url":"https:\/\/lda.be\/fr\/","name":"LDA Belgium","description":"Solutions For Life","publisher":{"@id":"https:\/\/lda.be\/fr\/#organization"},"potentialAction":[{"@type":"SearchAction","target":{"@type":"EntryPoint","urlTemplate":"https:\/\/lda.be\/fr\/?s={search_term_string}"},"query-input":{"@type":"PropertyValueSpecification","valueRequired":true,"valueName":"search_term_string"}}],"inLanguage":"fr-FR"},{"@type":"Organization","@id":"https:\/\/lda.be\/fr\/#organization","name":"LDA Belgium","url":"https:\/\/lda.be\/fr\/","logo":{"@type":"ImageObject","inLanguage":"fr-FR","@id":"https:\/\/lda.be\/fr\/#\/schema\/logo\/image\/","url":"https:\/\/lda.be\/wp-content\/uploads\/2022\/07\/Logo-LDA.webp","contentUrl":"https:\/\/lda.be\/wp-content\/uploads\/2022\/07\/Logo-LDA.webp","width":311,"height":101,"caption":"LDA Belgium"},"image":{"@id":"https:\/\/lda.be\/fr\/#\/schema\/logo\/image\/"},"sameAs":["https:\/\/www.linkedin.com\/company\/lda-belgium-nv"]}]}},"_links":{"self":[{"href":"https:\/\/lda.be\/fr\/wp-json\/wp\/v2\/product\/11072","targetHints":{"allow":["GET"]}}],"collection":[{"href":"https:\/\/lda.be\/fr\/wp-json\/wp\/v2\/product"}],"about":[{"href":"https:\/\/lda.be\/fr\/wp-json\/wp\/v2\/types\/product"}],"replies":[{"embeddable":true,"href":"https:\/\/lda.be\/fr\/wp-json\/wp\/v2\/comments?post=11072"}],"wp:featuredmedia":[{"embeddable":true,"href":"https:\/\/lda.be\/fr\/wp-json\/wp\/v2\/media\/11069"}],"wp:attachment":[{"href":"https:\/\/lda.be\/fr\/wp-json\/wp\/v2\/media?parent=11072"}],"wp:term":[{"taxonomy":"product_brand","embeddable":true,"href":"https:\/\/lda.be\/fr\/wp-json\/wp\/v2\/product_brand?post=11072"},{"taxonomy":"product_cat","embeddable":true,"href":"https:\/\/lda.be\/fr\/wp-json\/wp\/v2\/product_cat?post=11072"},{"taxonomy":"product_tag","embeddable":true,"href":"https:\/\/lda.be\/fr\/wp-json\/wp\/v2\/product_tag?post=11072"}],"curies":[{"name":"wp","href":"https:\/\/api.w.org\/{rel}","templated":true}]}}